{"id":4090,"date":"2025-01-05T06:21:07","date_gmt":"2025-01-05T01:21:07","guid":{"rendered":"https:\/\/www.medexdtc.com\/hortencia-garcia\/"},"modified":"2025-03-03T04:41:47","modified_gmt":"2025-03-02T23:41:47","slug":"hortencia-garcia","status":"publish","type":"page","link":"https:\/\/www.medexdtc.com\/es\/medex-dtc-medicos-de-queens\/hortencia-garcia\/","title":{"rendered":"Hortencia Garc\u00eda"},"content":{"rendered":"<section id=\"about-content-area-1\" class=\"about-content-area-one\">\n<div class=\"sub-container\">\n<div class=\"about-doc-panel\">\n<div class=\"doc-img-left\">\n<div class=\"about-doctor-image\"><img decoding=\"async\" class=\"attachment-post-thumbnail size-post-thumbnail wp-post-image\" src=\"https:\/\/www.medexdtc.com\/wp-content\/uploads\/2025\/01\/Hortencia-Garcia-MD-300x300.jpg\" alt=\"Dra. Hortencia Garc\u00eda\" height=\"216\"><\/div>\n<\/div>\n<div class=\"doc-detail-right\">\n<div class=\"about-doctor-reviews\">\u2605\u2605\u2605\u2605\u2605<\/div>\n<div class=\"about-doctor-name\">Dra. Hortencia Garc\u00eda<\/div>\n<div class=\"about-doctor-desig\">Endocrin\u00f3logo<\/div>\n<div class=\"contect-sec\">\n<div>\n<div class=\"about-doct-number\"><a href=\"tel:+1718.275.8900\">718.275.8900<\/a><\/div>\n<div class=\"about-doct-address\">Forest Hills, Queens, NY<\/div>\n<\/div>\n<p><a class=\"appointment-btn\" href=\"https:\/\/app.nexhealth.com\/appt\/medex-diagnostic-and-treatment-center?pid=264959308\" target=\"_blank\" rel=\"noopener\">Programa una<strong>cita en<\/strong><br \/>\n<strong><\/strong><\/a><\/p>\n<\/div>\n<\/div>\n<\/div>\n<\/div>\n<\/section>\n<section id=\"about-content-area\" class=\"about-content-sec sub-container\">\n<div class=\"about-madex-page-sub-title\"><\/div>\n<div class=\"content-one about-editor-content\">\n<h1><span style=\"font-weight: 400;\">Dra. Hortencia Garcia, MD &#8211; Endocrin\u00f3loga en Queens, NY<\/span><\/h1>\n<p><span style=\"font-weight: 400;\">La Dra. Hortencia Garc\u00eda es <a href=\"https:\/\/www.medexdtc.com\/es\/endocrinology\/\">endocrin\u00f3loga<\/a> y actualmente ejerce en el Centro de Diagn\u00f3stico y Tratamiento Medex, Forest Hills, NY. Es conocida por ser una profesional compasiva, emp\u00e1tica y detallista, con una excelente capacidad de escucha y comunicaci\u00f3n. La Dra. Garc\u00eda explica las afecciones de los pacientes, prepara planes de tratamiento individualizados y realiza seguimientos para controlar los progresos. Tambi\u00e9n ofrece asesoramiento sobre el estilo de vida y la dieta para apoyar la recuperaci\u00f3n y prevenir futuros problemas de salud. La Dra. Garc\u00eda se licenci\u00f3 en la Universidad Aut\u00f3noma de Ciudad Ju\u00e1rez &#8211; Instituto de Ciencias Biom\u00e9dicas. Complet\u00f3 su residencia en medicina interna en el BronxCare Health System. Adem\u00e1s, realiz\u00f3 una beca en endocrinolog\u00eda en el Hospital Universitario Winthrop.      <\/span><\/p>\n<\/div>\n<p><!-- \n\n<div class=\"content-two sub-container\">\n\n\n<div class=\"about-title\">Conditions<\/div>\n\n\n\n\n<div class=\"condition-lists\">\n\n\n<ul><\/ul>\n\n\n<\/div>\n\n\n<\/div>\n\n\n\n\n<div class=\"content-two mt-4 sub-container\">\n\n\n<div class=\"about-title\">Treatments<\/div>\n\n\n\n\n<div class=\"condition-lists\">\n\n\n<ul><\/ul>\n\n\n<\/div>\n\n\n<\/div>\n\n\n--><\/p>\n<div class=\"content-three about-editor-content sub-container\">\n<h2 class=\"about-title\">Credenciales<\/h2>\n<h3>Especialidades<\/h3>\n<p>Endocrin\u00f3logo<\/p>\n<h3>Nombres de pr\u00e1cticas<\/h3>\n<p>Centro de Diagn\u00f3stico y Tratamiento Medex<\/p>\n<h3>Educaci\u00f3n y formaci\u00f3n<\/h3>\n<ul>\n<li style=\"font-weight: 400;\" aria-level=\"1\"><span style=\"font-weight: 400;\">Winthrop-University Hospital, Beca en Endocrinolog\u00eda<\/span><\/li>\n<li style=\"font-weight: 400;\" aria-level=\"1\"><span style=\"font-weight: 400;\">BronxCare Health System, Residencia en Medicina Interna<\/span><\/li>\n<\/ul>\n<h3><strong>Enfermedades tratadas por endocrin\u00f3logos<\/strong><\/h3>\n<ul>\n<li>Diabetes (tipo 1, tipo 2 y diabetes gestacional)<\/li>\n<li>Trastornos Tiroideos (Hipotiroidismo, Hipertiroidismo, N\u00f3dulos Tiroideos, Bocio)<\/li>\n<li>Osteoporosis y problemas de salud \u00f3sea<\/li>\n<li>Trastornos metab\u00f3licos (por ejemplo, s\u00edndrome metab\u00f3lico)<\/li>\n<li>S\u00edndrome de ovarios poliqu\u00edsticos (SOP)<\/li>\n<li>Trastornos de la gl\u00e1ndula suprarrenal (por ejemplo, enfermedad de Addison, s\u00edndrome de Cushing)<\/li>\n<li>Trastornos de la gl\u00e1ndula pituitaria (por ejemplo, tumores pituitarios)<\/li>\n<li>Desequilibrios hormonales (por ejemplo, menopausia, testosterona baja)<\/li>\n<li>Trastornos del crecimiento (por ejemplo, gigantismo, enanismo)<\/li>\n<li>Trastornos paratiroideos (por ejemplo, hiperparatiroidismo)<\/li>\n<li>Cuestiones relacionadas con la obesidad y el control del peso<\/li>\n<li>Infertilidad relacionada con desequilibrios hormonales<\/li>\n<li>Diabetes ins\u00edpida<\/li>\n<li>Colesterol y trastornos lip\u00eddicos<\/li>\n<li>Tumores endocrinos raros (por ejemplo, feocromocitoma, tumores neuroendocrinos)<\/li>\n<\/ul>\n<h3><strong>Tratamientos y procedimientos proporcionados por los endocrinos<\/strong><\/h3>\n<ul>\n<li>Control de la glucosa en sangre y gesti\u00f3n de la diabetes<\/li>\n<li>Terapia de insulina y gesti\u00f3n de la medicaci\u00f3n para la diabetes<\/li>\n<li>Pruebas de la funci\u00f3n tiroidea y terapia hormonal sustitutiva<\/li>\n<li>Tratamientos de la osteoporosis, incluidos los bifosfonatos y el asesoramiento sobre el calcio y la vitamina D<\/li>\n<li>Terapia hormonal sustitutiva para la menopausia y la andropausia<\/li>\n<li>Tratamiento de los trastornos suprarrenales e hipofisarios (por ejemplo, sustituci\u00f3n hormonal o coordinaci\u00f3n de la cirug\u00eda)<\/li>\n<li>Tratamiento del SOP con estrategias de estilo de vida y medicaci\u00f3n<\/li>\n<li>Terapia con hormona del crecimiento<\/li>\n<li>Control del colesterol mediante el estilo de vida y la medicaci\u00f3n<\/li>\n<li>Asesoramiento para la p\u00e9rdida de peso y medicaci\u00f3n para la obesidad<\/li>\n<li>Tratamiento de la infertilidad mediante terapia hormonal<\/li>\n<li>Pruebas endocrinas avanzadas (por ejemplo, prueba de estimulaci\u00f3n con ACTH, prueba de supresi\u00f3n con dexametasona)<\/li>\n<li>Tratamiento de los trastornos lip\u00eddicos y metab\u00f3licos<\/li>\n<li>Dispositivos de Control Continuo de Glucosa y Terapia con Bomba de Insulina<\/li>\n<li>Colaboraci\u00f3n con cirujanos para tumores tiroideos, suprarrenales e hipofisarios<\/li>\n<\/ul>\n<\/div>\n<\/section>\n","protected":false},"excerpt":{"rendered":"<p>\u2605\u2605\u2605\u2605\u2605 Dra. Hortencia Garc\u00eda Endocrin\u00f3logo 718.275.8900 Forest Hills, Queens, NY Programa unacita en Dra. Hortencia Garcia, MD &#8211; Endocrin\u00f3loga en Queens, NY La Dra. Hortencia Garc\u00eda es endocrin\u00f3loga y actualmente ejerce en el Centro de Diagn\u00f3stico y Tratamiento Medex, Forest Hills, NY. Es conocida por ser una profesional compasiva, emp\u00e1tica y detallista, con una excelente &hellip; <\/p>\n<p class=\"link-more\"><a href=\"https:\/\/www.medexdtc.com\/es\/medex-dtc-medicos-de-queens\/hortencia-garcia\/\" class=\"more-link\">Continue reading<span class=\"screen-reader-text\"> \u00abHortencia Garc\u00eda\u00bb<\/span><\/a><\/p>\n","protected":false},"author":3,"featured_media":0,"parent":4364,"menu_order":0,"comment_status":"closed","ping_status":"closed","template":"doctor-full-width.php","meta":{"_acf_changed":false,"footnotes":""},"class_list":["post-4090","page","type-page","status-publish","hentry"],"acf":[],"yoast_head":"<!-- This site is optimized with the Yoast SEO plugin v27.3 - https:\/\/yoast.com\/product\/yoast-seo-wordpress\/ -->\n<title>Hortencia Garc\u00eda - Endocrin\u00f3logo Queens - Medex Diagnostic and Treatment Center - Queens Medical Center - Medical Clinic in Forest Hills, NY DTC, Forest Hills, NY<\/title>\n<meta name=\"description\" content=\"Endocrin\u00f3loga Queens: La Dra. Hortencia Garc\u00eda es endocrin\u00f3loga y actualmente ejerce en el Centro de Diagn\u00f3stico y Tratamiento Medex.\" \/>\n<meta name=\"robots\" content=\"index, follow, max-snippet:-1, max-image-preview:large, max-video-preview:-1\" \/>\n<link rel=\"canonical\" href=\"https:\/\/www.medexdtc.com\/es\/medex-dtc-medicos-de-queens\/hortencia-garcia\/\" \/>\n<meta property=\"og:locale\" content=\"es_ES\" \/>\n<meta property=\"og:type\" content=\"article\" \/>\n<meta property=\"og:title\" content=\"Hortencia Garc\u00eda - Endocrin\u00f3logo Queens - Medex Diagnostic and Treatment Center - Queens Medical Center - Medical Clinic in Forest Hills, NY DTC, Forest Hills, NY\" \/>\n<meta property=\"og:description\" content=\"Endocrin\u00f3loga Queens: La Dra. Hortencia Garc\u00eda es endocrin\u00f3loga y actualmente ejerce en el Centro de Diagn\u00f3stico y Tratamiento Medex.\" \/>\n<meta property=\"og:url\" content=\"https:\/\/www.medexdtc.com\/es\/medex-dtc-medicos-de-queens\/hortencia-garcia\/\" \/>\n<meta property=\"og:site_name\" content=\"Medex Diagnostic and Treatment Center - Queens Medical Center - Medical Clinic in Forest Hills, NY\" \/>\n<meta property=\"article:publisher\" content=\"https:\/\/www.facebook.com\/medexny\" \/>\n<meta property=\"article:modified_time\" content=\"2025-03-02T23:41:47+00:00\" \/>\n<meta property=\"og:image\" content=\"https:\/\/www.medexdtc.com\/wp-content\/uploads\/2025\/01\/Hortencia-Garcia-MD-300x300.jpg\" \/>\n<meta name=\"twitter:card\" content=\"summary_large_image\" \/>\n<meta name=\"twitter:site\" content=\"@DtcMedex\" \/>\n<meta name=\"twitter:label1\" content=\"Tiempo de lectura\" \/>\n\t<meta name=\"twitter:data1\" content=\"2 minutos\" \/>\n<!-- \/ Yoast SEO plugin. -->","yoast_head_json":{"title":"Hortencia Garc\u00eda - Endocrin\u00f3logo Queens - Medex Diagnostic and Treatment Center - Queens Medical Center - Medical Clinic in Forest Hills, NY DTC, Forest Hills, NY","description":"Endocrin\u00f3loga Queens: La Dra. Hortencia Garc\u00eda es endocrin\u00f3loga y actualmente ejerce en el Centro de Diagn\u00f3stico y Tratamiento Medex.","robots":{"index":"index","follow":"follow","max-snippet":"max-snippet:-1","max-image-preview":"max-image-preview:large","max-video-preview":"max-video-preview:-1"},"canonical":"https:\/\/www.medexdtc.com\/es\/medex-dtc-medicos-de-queens\/hortencia-garcia\/","og_locale":"es_ES","og_type":"article","og_title":"Hortencia Garc\u00eda - Endocrin\u00f3logo Queens - Medex Diagnostic and Treatment Center - Queens Medical Center - Medical Clinic in Forest Hills, NY DTC, Forest Hills, NY","og_description":"Endocrin\u00f3loga Queens: La Dra. Hortencia Garc\u00eda es endocrin\u00f3loga y actualmente ejerce en el Centro de Diagn\u00f3stico y Tratamiento Medex.","og_url":"https:\/\/www.medexdtc.com\/es\/medex-dtc-medicos-de-queens\/hortencia-garcia\/","og_site_name":"Medex Diagnostic and Treatment Center - Queens Medical Center - Medical Clinic in Forest Hills, NY","article_publisher":"https:\/\/www.facebook.com\/medexny","article_modified_time":"2025-03-02T23:41:47+00:00","og_image":[{"url":"https:\/\/www.medexdtc.com\/wp-content\/uploads\/2025\/01\/Hortencia-Garcia-MD-300x300.jpg","type":"","width":"","height":""}],"twitter_card":"summary_large_image","twitter_site":"@DtcMedex","twitter_misc":{"Tiempo de lectura":"2 minutos"},"schema":{"@context":"https:\/\/schema.org","@graph":[{"@type":"WebPage","@id":"https:\/\/www.medexdtc.com\/es\/medex-dtc-medicos-de-queens\/hortencia-garcia\/","url":"https:\/\/www.medexdtc.com\/es\/medex-dtc-medicos-de-queens\/hortencia-garcia\/","name":"Hortencia Garc\u00eda - Endocrin\u00f3logo Queens - Medex Diagnostic and Treatment Center - Queens Medical Center - Medical Clinic in Forest Hills, NY DTC, Forest Hills, NY","isPartOf":{"@id":"https:\/\/www.medexdtc.com\/es\/#website"},"primaryImageOfPage":{"@id":"https:\/\/www.medexdtc.com\/es\/medex-dtc-medicos-de-queens\/hortencia-garcia\/#primaryimage"},"image":{"@id":"https:\/\/www.medexdtc.com\/es\/medex-dtc-medicos-de-queens\/hortencia-garcia\/#primaryimage"},"thumbnailUrl":"https:\/\/www.medexdtc.com\/wp-content\/uploads\/2025\/01\/Hortencia-Garcia-MD-300x300.jpg","datePublished":"2025-01-05T01:21:07+00:00","dateModified":"2025-03-02T23:41:47+00:00","description":"Endocrin\u00f3loga Queens: La Dra. Hortencia Garc\u00eda es endocrin\u00f3loga y actualmente ejerce en el Centro de Diagn\u00f3stico y Tratamiento Medex.","breadcrumb":{"@id":"https:\/\/www.medexdtc.com\/es\/medex-dtc-medicos-de-queens\/hortencia-garcia\/#breadcrumb"},"inLanguage":"es","potentialAction":[{"@type":"ReadAction","target":["https:\/\/www.medexdtc.com\/es\/medex-dtc-medicos-de-queens\/hortencia-garcia\/"]}]},{"@type":"ImageObject","inLanguage":"es","@id":"https:\/\/www.medexdtc.com\/es\/medex-dtc-medicos-de-queens\/hortencia-garcia\/#primaryimage","url":"https:\/\/www.medexdtc.com\/wp-content\/uploads\/2025\/01\/Hortencia-Garcia-MD-300x300.jpg","contentUrl":"https:\/\/www.medexdtc.com\/wp-content\/uploads\/2025\/01\/Hortencia-Garcia-MD-300x300.jpg"},{"@type":"BreadcrumbList","@id":"https:\/\/www.medexdtc.com\/es\/medex-dtc-medicos-de-queens\/hortencia-garcia\/#breadcrumb","itemListElement":[{"@type":"ListItem","position":1,"name":"Home","item":"https:\/\/www.medexdtc.com\/es\/"},{"@type":"ListItem","position":2,"name":"Medex DTC M\u00e9dicos de Queens","item":"https:\/\/www.medexdtc.com\/es\/medex-dtc-medicos-de-queens\/"},{"@type":"ListItem","position":3,"name":"Hortencia Garc\u00eda"}]},{"@type":"WebSite","@id":"https:\/\/www.medexdtc.com\/es\/#website","url":"https:\/\/www.medexdtc.com\/es\/","name":"Medex DTC","description":"Medex Diagnostic and Treatment Center is a Medical Center in Queens, NY is a dynamic multi-specialty clinic. Physicians delivering high quality individualized care in Forest Hills, Queens, NY.","publisher":{"@id":"https:\/\/www.medexdtc.com\/es\/#organization"},"potentialAction":[{"@type":"SearchAction","target":{"@type":"EntryPoint","urlTemplate":"https:\/\/www.medexdtc.com\/es\/?s={search_term_string}"},"query-input":{"@type":"PropertyValueSpecification","valueRequired":true,"valueName":"search_term_string"}}],"inLanguage":"es"},{"@type":"Organization","@id":"https:\/\/www.medexdtc.com\/es\/#organization","name":"Medex DCT","url":"https:\/\/www.medexdtc.com\/es\/","logo":{"@type":"ImageObject","inLanguage":"es","@id":"https:\/\/www.medexdtc.com\/es\/#\/schema\/logo\/image\/","url":"https:\/\/www.medexdtc.com\/wp-content\/uploads\/2024\/11\/medex-diagnostic-and-treatment-center-in-queens-NY.png","contentUrl":"https:\/\/www.medexdtc.com\/wp-content\/uploads\/2024\/11\/medex-diagnostic-and-treatment-center-in-queens-NY.png","width":226,"height":47,"caption":"Medex DCT"},"image":{"@id":"https:\/\/www.medexdtc.com\/es\/#\/schema\/logo\/image\/"},"sameAs":["https:\/\/www.facebook.com\/medexny","https:\/\/x.com\/DtcMedex","https:\/\/www.instagram.com\/medexdtc\/","https:\/\/www.linkedin.com\/company\/medex-diagnostic-and-treatment-center\/about\/"]}]}},"jetpack_sharing_enabled":true,"_links":{"self":[{"href":"https:\/\/www.medexdtc.com\/es\/wp-json\/wp\/v2\/pages\/4090","targetHints":{"allow":["GET"]}}],"collection":[{"href":"https:\/\/www.medexdtc.com\/es\/wp-json\/wp\/v2\/pages"}],"about":[{"href":"https:\/\/www.medexdtc.com\/es\/wp-json\/wp\/v2\/types\/page"}],"author":[{"embeddable":true,"href":"https:\/\/www.medexdtc.com\/es\/wp-json\/wp\/v2\/users\/3"}],"replies":[{"embeddable":true,"href":"https:\/\/www.medexdtc.com\/es\/wp-json\/wp\/v2\/comments?post=4090"}],"version-history":[{"count":1,"href":"https:\/\/www.medexdtc.com\/es\/wp-json\/wp\/v2\/pages\/4090\/revisions"}],"predecessor-version":[{"id":4394,"href":"https:\/\/www.medexdtc.com\/es\/wp-json\/wp\/v2\/pages\/4090\/revisions\/4394"}],"up":[{"embeddable":true,"href":"https:\/\/www.medexdtc.com\/es\/wp-json\/wp\/v2\/pages\/4364"}],"wp:attachment":[{"href":"https:\/\/www.medexdtc.com\/es\/wp-json\/wp\/v2\/media?parent=4090"}],"curies":[{"name":"wp","href":"https:\/\/api.w.org\/{rel}","templated":true}]}}