{"id":4099,"date":"2025-02-24T05:31:31","date_gmt":"2025-02-24T00:31:31","guid":{"rendered":"https:\/\/www.medexdtc.com\/el-dolor-de-talon-es-un-signo-de-cancer\/"},"modified":"2025-03-02T06:00:10","modified_gmt":"2025-03-02T01:00:10","slug":"el-dolor-de-talon-es-un-signo-de-cancer","status":"publish","type":"page","link":"https:\/\/www.medexdtc.com\/es\/el-dolor-de-talon-es-un-signo-de-cancer\/","title":{"rendered":"\u00bfEl dolor de tal\u00f3n es un signo de c\u00e1ncer?"},"content":{"rendered":"<p>El dolor de tal\u00f3n es una de las dolencias m\u00e1s frecuentes entre los pacientes, y puede deberse a diversas causas. Pero si experimentas un dolor persistente en el tal\u00f3n, podr\u00edas preguntarte: \u00bfpodr\u00eda ser un signo de c\u00e1ncer? Aunque a veces el dolor de tal\u00f3n puede estar relacionado con enfermedades graves, el c\u00e1ncer es una causa poco frecuente. En esta entrada del blog, exploraremos la relaci\u00f3n entre el dolor de tal\u00f3n y el c\u00e1ncer, las causas comunes del dolor de tal\u00f3n y cu\u00e1ndo buscar ayuda profesional.   <\/p><h2 class=\"wp-block-heading\">\u00bfEl dolor de tal\u00f3n puede ser un signo de c\u00e1ncer?<\/h2><p>Si tienes dolor en el tal\u00f3n y sospechas que puede ser un signo de c\u00e1ncer, echa un vistazo a este resumen para obtener m\u00e1s informaci\u00f3n sobre el tema.<\/p><figure class=\"wp-block-image size-large\"><img fetchpriority=\"high\" decoding=\"async\" width=\"1024\" height=\"512\" src=\"https:\/\/www.medexdtc.com\/wp-content\/uploads\/2025\/02\/internal-medicine-doctor-1-1024x512.jpg\" alt=\"&#xBF;El dolor de tal&#xF3;n es un signo de c&#xE1;ncer?\" class=\"wp-image-3764\" srcset=\"https:\/\/www.medexdtc.com\/wp-content\/uploads\/2025\/02\/internal-medicine-doctor-1-1024x512.jpg 1024w, https:\/\/www.medexdtc.com\/wp-content\/uploads\/2025\/02\/internal-medicine-doctor-1-300x150.jpg 300w, https:\/\/www.medexdtc.com\/wp-content\/uploads\/2025\/02\/internal-medicine-doctor-1-768x384.jpg 768w, https:\/\/www.medexdtc.com\/wp-content\/uploads\/2025\/02\/internal-medicine-doctor-1-48x24.jpg 48w, https:\/\/www.medexdtc.com\/wp-content\/uploads\/2025\/02\/internal-medicine-doctor-1.jpg 1200w\" sizes=\"(max-width: 1024px) 100vw, 1024px\" \/><\/figure><h2 class=\"wp-block-heading\">Tipos de dolor de tal\u00f3n<\/h2><p>El dolor de tal\u00f3n puede deberse a varias afecciones diferentes, cada una con sus propias causas. Los tipos m\u00e1s frecuentes son la fascitis plantar y la tendinitis de Aquiles. <\/p><p>Cada tipo de dolor de tal\u00f3n tiene sus propias caracter\u00edsticas espec\u00edficas y opciones de tratamiento. Identificar con precisi\u00f3n el origen de tu dolor de tal\u00f3n es crucial para que t\u00fa y tu m\u00e9dico determin\u00e9is el mejor plan de tratamiento para abordar el problema. <\/p><h2 class=\"wp-block-heading\">Fuentes comunes de dolor en el tal\u00f3n<\/h2><p>Como ya se ha dicho, el dolor de tal\u00f3n puede deberse a diversas afecciones. Algunas de las fuentes m\u00e1s comunes de este dolor son: <\/p><ul class=\"wp-block-list\"><li><strong>Espol\u00f3n calc\u00e1neo<\/strong>: Crecimientos \u00f3seos que se forman en la parte inferior del hueso del tal\u00f3n.<\/li>\n\n<li><strong>Tendinitis<\/strong> de <strong>Aquiles<\/strong>: Inflamaci\u00f3n del tend\u00f3n de Aquiles.<\/li>\n\n<li><strong>Fascitis plantar<\/strong>: Inflamaci\u00f3n de la fascia plantar, la banda de tejido que conecta el hueso del tal\u00f3n con los dedos de los pies.<\/li>\n\n<li><strong>Fracturas por estr\u00e9s<\/strong>: Fracturas \u00f3seas causadas por un esfuerzo repetitivo o un uso excesivo.<\/li>\n\n<li><strong>Irritaci\u00f3n nerviosa<\/strong>: Compresi\u00f3n o irritaci\u00f3n de los nervios del pie.<\/li><\/ul><p>Consultar con tu m\u00e9dico te ayudar\u00e1 a determinar la causa exacta de tu dolor de tal\u00f3n y te orientar\u00e1 hacia el plan de tratamiento m\u00e1s eficaz.<\/p><h2 class=\"wp-block-heading\">C\u00e1ncer y dolor de tal\u00f3n<\/h2><p>El dolor de tal\u00f3n puede ser a veces un signo de desarrollo de c\u00e1ncer, pero rara vez es el \u00fanico s\u00edntoma. Si hay c\u00e1ncer, suele ir acompa\u00f1ado de otros s\u00edntomas comunes. Algunas se\u00f1ales de advertencia adicionales a las que hay que estar atento son  <\/p><ul class=\"wp-block-list\"><li>P\u00e9rdida de peso inexplicable<\/li>\n\n<li>Cambios en los movimientos intestinales<\/li>\n\n<li>Fatiga<\/li>\n\n<li>Cambios en los h\u00e1bitos de la vejiga<\/li><\/ul><p>El dolor de tal\u00f3n asociado al c\u00e1ncer suele producirse cuando el c\u00e1ncer se ha extendido a los huesos y ha empezado a afectar al sistema musculoesquel\u00e9tico. Adem\u00e1s, el c\u00e1ncer puede afectar a distintos sistemas f\u00edsicos de diversas maneras, lo que significa que un c\u00e1ncer que afecta a una zona del cuerpo puede influir en otra de formas inesperadas. <\/p><h2 class=\"wp-block-heading\">Diagn\u00f3stico del dolor de tal\u00f3n relacionado con el c\u00e1ncer<\/h2><p>A veces puede resultar dif\u00edcil distinguir el dolor de tal\u00f3n causado por el c\u00e1ncer del dolor que tiene otras causas. En general, el dolor de tal\u00f3n que no mejora con el reposo o los tratamientos convencionales debe ser evaluado cuidadosamente por un profesional m\u00e9dico. <\/p><p>Esto es especialmente importante si el dolor de tal\u00f3n va acompa\u00f1ado de otros s\u00edntomas como p\u00e9rdida de peso o fatiga. Si experimentas estos s\u00edntomas juntos, es crucial que consultes a un m\u00e9dico para que eval\u00fae si el c\u00e1ncer puede ser una causa potencial. <\/p><p>Entre los m\u00e9todos de diagn\u00f3stico habituales para determinar si el dolor en el tal\u00f3n est\u00e1 relacionado con el c\u00e1ncer se incluyen:<\/p><ul class=\"wp-block-list\"><li>Resonancia Magn\u00e9tica Nuclear (RMN)<\/li>\n\n<li>Rayos X<\/li>\n\n<li>Exploraciones \u00f3seas<\/li>\n\n<li>Biopsia<\/li><\/ul><p>Durante una biopsia, se toma una muestra de tejido y se examina al microscopio para comprobar si hay c\u00e9lulas cancerosas. La detecci\u00f3n y el tratamiento precoces son cruciales cuando se trata de c\u00e1ncer, ya que desempe\u00f1an un papel clave para abordar eficazmente la enfermedad y salvaguardar la salud del paciente. <\/p><p>Adem\u00e1s de la quimioterapia tradicional, diversos tratamientos integradores pueden ayudar a los pacientes a controlar el c\u00e1ncer. Algunas de las opciones m\u00e1s utilizadas son <\/p><ul class=\"wp-block-list\"><li>Cambios nutricionales y diet\u00e9ticos<\/li>\n\n<li>Terapias cuerpo-mente<\/li>\n\n<li>Apoyo inmunitario<\/li>\n\n<li>Programas de desintoxicaci\u00f3n<\/li><\/ul><p>Si el dolor de tal\u00f3n no est\u00e1 relacionado con el c\u00e1ncer, tu m\u00e9dico trabajar\u00e1 para identificar la causa subyacente del dolor y recomendar el tratamiento adecuado.<\/p><h3 class=\"wp-block-heading\"><strong>\u00bfEl dolor de tal\u00f3n puede ser un signo de c\u00e1ncer?<\/strong><\/h3><p>Aunque el c\u00e1ncer no es una causa frecuente de dolor en el tal\u00f3n, es posible en situaciones poco frecuentes. Cuando el c\u00e1ncer se extiende (metastatiza) a los huesos o tejidos blandos, puede causar dolor en la zona afectada, incluido el tal\u00f3n. El tipo de c\u00e1ncer con m\u00e1s probabilidades de causar dolor en el tal\u00f3n es el c\u00e1ncer \u00f3seo o metast\u00e1sico, que se produce cuando el c\u00e1ncer de otra parte del cuerpo se propaga a los huesos.  <\/p><p>Si el c\u00e1ncer afecta al tal\u00f3n, suele ser porque el c\u00e1ncer se ha extendido a los huesos, causando dolor o molestias \u00f3seas. En la mayor\u00eda de los casos, sin embargo, el dolor en el tal\u00f3n no est\u00e1 relacionado con el c\u00e1ncer. <\/p><h3 class=\"wp-block-heading\"><strong>\u00bfCu\u00e1ndo debe preocuparte el dolor de tal\u00f3n?<\/strong><\/h3><p>Debes consultar a un profesional m\u00e9dico si te duele el tal\u00f3n:<\/p><ol class=\"wp-block-list\"><li><strong>Es persistente y no mejora con el reposo o los tratamientos habituales.<\/strong><\/li>\n\n<li><strong>Ocurre con otros s\u00edntomas inusuales<\/strong>, como p\u00e9rdida de peso inexplicable, fatiga, cambios en los h\u00e1bitos intestinales o vesicales, o hinchaz\u00f3n en el tal\u00f3n.<\/li>\n\n<li><strong>Se acompa\u00f1a de antecedentes recientes de c\u00e1ncer<\/strong> o si tienes antecedentes familiares de c\u00e1ncer, en particular de c\u00e1ncer de huesos.<\/li><\/ol><p>Aunque estos signos no son necesariamente indicativos de c\u00e1ncer, justifican la atenci\u00f3n de un profesional sanitario que pueda realizar una evaluaci\u00f3n exhaustiva.<\/p><h3 class=\"wp-block-heading\"><strong>Tratamientos y cuidados integradores<\/strong><\/h3><p>Si te diagnostican dolor en el tal\u00f3n como consecuencia de un c\u00e1ncer, tu plan de tratamiento puede incluir opciones tradicionales como la quimioterapia o la radioterapia, junto con tratamientos integradores como:<\/p><ul class=\"wp-block-list\"><li><strong>Apoyo nutricional<\/strong> para reforzar la inmunidad y la salud en general.<\/li>\n\n<li><strong>Terapias cuerpo-mente<\/strong> para ayudar a controlar el estr\u00e9s y mejorar el bienestar mental.<\/li>\n\n<li><strong>Fisioterapia<\/strong> para favorecer la movilidad y la curaci\u00f3n.<\/li><\/ul><p>En el Centro de Diagn\u00f3stico y Tratamiento Medex de Queens, Nueva York, adoptamos un enfoque hol\u00edstico de tu atenci\u00f3n, ofreciendo diagn\u00f3sticos completos y opciones de tratamiento para todos los tipos de dolor de tal\u00f3n, ya sea causado por afecciones comunes o por problemas de salud m\u00e1s graves.<\/p><h3 class=\"wp-block-heading\"><strong>Dolor de tal\u00f3n y c\u00e1ncer: cu\u00e1ndo buscar ayuda<\/strong><\/h3><p>Aunque el dolor de tal\u00f3n relacionado con el c\u00e1ncer es poco frecuente, es crucial estar alerta ante un dolor de tal\u00f3n persistente o que empeora, sobre todo si va acompa\u00f1ado de otros s\u00edntomas preocupantes. En el Centro de Diagn\u00f3stico y Tratamiento Medex, ofrecemos atenci\u00f3n experta de los mejores m\u00e9dicos especialistas en los pies de Nueva York. Si experimentas un dolor en el tal\u00f3n que no mejora con los tratamientos tradicionales, o si te preocupa la posibilidad de c\u00e1ncer, no dudes en concertar una cita con nosotros. La detecci\u00f3n precoz es clave para un tratamiento eficaz, y estamos aqu\u00ed para ayudarte a recorrer el camino hacia la recuperaci\u00f3n.   <\/p><h2 class=\"wp-block-heading\">El Experto en Dolor de Tal\u00f3n en Queens, NYC<\/h2><p>Si tienes dolor en el tal\u00f3n o te preocupa la salud de tus pies, ponte en contacto con el Centro de Diagn\u00f3stico y Tratamiento Medex de Queens, Nueva York. Nuestro equipo de m\u00e9dicos del pie altamente cualificados te ayudar\u00e1 a identificar la causa de tu dolor y te recomendar\u00e1 el mejor plan de tratamiento. \u00a1Programa tu consulta hoy mismo!  <\/p>","protected":false},"excerpt":{"rendered":"<p>El dolor de tal\u00f3n es una de las dolencias m\u00e1s frecuentes entre los pacientes, y puede deberse a diversas causas. Pero si experimentas un dolor persistente en el tal\u00f3n, podr\u00edas preguntarte: \u00bfpodr\u00eda ser un signo de c\u00e1ncer? Aunque a veces el dolor de tal\u00f3n puede estar relacionado con enfermedades graves, el c\u00e1ncer es una causa &hellip; <\/p>\n<p class=\"link-more\"><a href=\"https:\/\/www.medexdtc.com\/es\/el-dolor-de-talon-es-un-signo-de-cancer\/\" class=\"more-link\">Continue reading<span class=\"screen-reader-text\"> \u00ab\u00bfEl dolor de tal\u00f3n es un signo de c\u00e1ncer?\u00bb<\/span><\/a><\/p>\n","protected":false},"author":3,"featured_media":4087,"parent":0,"menu_order":0,"comment_status":"closed","ping_status":"closed","template":"new_inner.php","meta":{"_acf_changed":false,"footnotes":""},"class_list":["post-4099","page","type-page","status-publish","has-post-thumbnail","hentry"],"acf":[],"yoast_head":"<!-- This site is optimized with the Yoast SEO plugin v27.5 - https:\/\/yoast.com\/product\/yoast-seo-wordpress\/ -->\n<title>\u00bfEs el dolor de tal\u00f3n un signo de c\u00e1ncer? Tratamiento del dolor de tal\u00f3n en Queens - Cirug\u00eda no invasiva del tal\u00f3n.<\/title>\n<meta name=\"description\" content=\"\u00bfEs el dolor de tal\u00f3n un signo de c\u00e1ncer? Causas, diagn\u00f3stico y tratamiento del dolor de tal\u00f3n en NYC. S\u00edntomas del dolor de tal\u00f3n. Los mejores m\u00e9dicos del pie de NYC.\" \/>\n<meta name=\"robots\" content=\"index, follow, max-snippet:-1, max-image-preview:large, max-video-preview:-1\" \/>\n<link rel=\"canonical\" href=\"https:\/\/www.medexdtc.com\/es\/el-dolor-de-talon-es-un-signo-de-cancer\/\" \/>\n<meta property=\"og:locale\" content=\"es_ES\" \/>\n<meta property=\"og:type\" content=\"article\" \/>\n<meta property=\"og:title\" content=\"\u00bfEs el dolor de tal\u00f3n un signo de c\u00e1ncer? Tratamiento del dolor de tal\u00f3n en Queens - Cirug\u00eda no invasiva del tal\u00f3n.\" \/>\n<meta property=\"og:description\" content=\"\u00bfEs el dolor de tal\u00f3n un signo de c\u00e1ncer? Causas, diagn\u00f3stico y tratamiento del dolor de tal\u00f3n en NYC. S\u00edntomas del dolor de tal\u00f3n. Los mejores m\u00e9dicos del pie de NYC.\" \/>\n<meta property=\"og:url\" content=\"https:\/\/www.medexdtc.com\/es\/el-dolor-de-talon-es-un-signo-de-cancer\/\" \/>\n<meta property=\"og:site_name\" content=\"Medex Diagnostic and Treatment Center - Queens Medical Center - Medical Clinic in Forest Hills, NY\" \/>\n<meta property=\"article:publisher\" content=\"https:\/\/www.facebook.com\/medexny\" \/>\n<meta property=\"article:modified_time\" content=\"2025-03-02T01:00:10+00:00\" \/>\n<meta property=\"og:image\" content=\"https:\/\/www.medexdtc.com\/wp-content\/uploads\/2025\/02\/internal-medicine-doctor-1.jpg\" \/>\n\t<meta property=\"og:image:width\" content=\"1200\" \/>\n\t<meta property=\"og:image:height\" content=\"600\" \/>\n\t<meta property=\"og:image:type\" content=\"image\/jpeg\" \/>\n<meta name=\"twitter:card\" content=\"summary_large_image\" \/>\n<meta name=\"twitter:site\" content=\"@DtcMedex\" \/>\n<meta name=\"twitter:label1\" content=\"Tiempo de lectura\" \/>\n\t<meta name=\"twitter:data1\" content=\"7 minutos\" \/>\n<!-- \/ Yoast SEO plugin. -->","yoast_head_json":{"title":"\u00bfEs el dolor de tal\u00f3n un signo de c\u00e1ncer? Tratamiento del dolor de tal\u00f3n en Queens - Cirug\u00eda no invasiva del tal\u00f3n.","description":"\u00bfEs el dolor de tal\u00f3n un signo de c\u00e1ncer? Causas, diagn\u00f3stico y tratamiento del dolor de tal\u00f3n en NYC. S\u00edntomas del dolor de tal\u00f3n. Los mejores m\u00e9dicos del pie de NYC.","robots":{"index":"index","follow":"follow","max-snippet":"max-snippet:-1","max-image-preview":"max-image-preview:large","max-video-preview":"max-video-preview:-1"},"canonical":"https:\/\/www.medexdtc.com\/es\/el-dolor-de-talon-es-un-signo-de-cancer\/","og_locale":"es_ES","og_type":"article","og_title":"\u00bfEs el dolor de tal\u00f3n un signo de c\u00e1ncer? Tratamiento del dolor de tal\u00f3n en Queens - Cirug\u00eda no invasiva del tal\u00f3n.","og_description":"\u00bfEs el dolor de tal\u00f3n un signo de c\u00e1ncer? Causas, diagn\u00f3stico y tratamiento del dolor de tal\u00f3n en NYC. S\u00edntomas del dolor de tal\u00f3n. Los mejores m\u00e9dicos del pie de NYC.","og_url":"https:\/\/www.medexdtc.com\/es\/el-dolor-de-talon-es-un-signo-de-cancer\/","og_site_name":"Medex Diagnostic and Treatment Center - Queens Medical Center - Medical Clinic in Forest Hills, NY","article_publisher":"https:\/\/www.facebook.com\/medexny","article_modified_time":"2025-03-02T01:00:10+00:00","og_image":[{"width":1200,"height":600,"url":"https:\/\/www.medexdtc.com\/wp-content\/uploads\/2025\/02\/internal-medicine-doctor-1.jpg","type":"image\/jpeg"}],"twitter_card":"summary_large_image","twitter_site":"@DtcMedex","twitter_misc":{"Tiempo de lectura":"7 minutos"},"schema":{"@context":"https:\/\/schema.org","@graph":[{"@type":"WebPage","@id":"https:\/\/www.medexdtc.com\/es\/el-dolor-de-talon-es-un-signo-de-cancer\/","url":"https:\/\/www.medexdtc.com\/es\/el-dolor-de-talon-es-un-signo-de-cancer\/","name":"\u00bfEs el dolor de tal\u00f3n un signo de c\u00e1ncer? Tratamiento del dolor de tal\u00f3n en Queens - Cirug\u00eda no invasiva del tal\u00f3n.","isPartOf":{"@id":"https:\/\/www.medexdtc.com\/es\/#website"},"primaryImageOfPage":{"@id":"https:\/\/www.medexdtc.com\/es\/el-dolor-de-talon-es-un-signo-de-cancer\/#primaryimage"},"image":{"@id":"https:\/\/www.medexdtc.com\/es\/el-dolor-de-talon-es-un-signo-de-cancer\/#primaryimage"},"thumbnailUrl":"https:\/\/www.medexdtc.com\/wp-content\/uploads\/2025\/02\/internal-medicine-doctor-1.jpg","datePublished":"2025-02-24T00:31:31+00:00","dateModified":"2025-03-02T01:00:10+00:00","description":"\u00bfEs el dolor de tal\u00f3n un signo de c\u00e1ncer? Causas, diagn\u00f3stico y tratamiento del dolor de tal\u00f3n en NYC. S\u00edntomas del dolor de tal\u00f3n. Los mejores m\u00e9dicos del pie de NYC.","breadcrumb":{"@id":"https:\/\/www.medexdtc.com\/es\/el-dolor-de-talon-es-un-signo-de-cancer\/#breadcrumb"},"inLanguage":"es","potentialAction":[{"@type":"ReadAction","target":["https:\/\/www.medexdtc.com\/es\/el-dolor-de-talon-es-un-signo-de-cancer\/"]}]},{"@type":"ImageObject","inLanguage":"es","@id":"https:\/\/www.medexdtc.com\/es\/el-dolor-de-talon-es-un-signo-de-cancer\/#primaryimage","url":"https:\/\/www.medexdtc.com\/wp-content\/uploads\/2025\/02\/internal-medicine-doctor-1.jpg","contentUrl":"https:\/\/www.medexdtc.com\/wp-content\/uploads\/2025\/02\/internal-medicine-doctor-1.jpg","width":1200,"height":600},{"@type":"BreadcrumbList","@id":"https:\/\/www.medexdtc.com\/es\/el-dolor-de-talon-es-un-signo-de-cancer\/#breadcrumb","itemListElement":[{"@type":"ListItem","position":1,"name":"Home","item":"https:\/\/www.medexdtc.com\/es\/"},{"@type":"ListItem","position":2,"name":"\u00bfEl dolor de tal\u00f3n es un signo de c\u00e1ncer?"}]},{"@type":"WebSite","@id":"https:\/\/www.medexdtc.com\/es\/#website","url":"https:\/\/www.medexdtc.com\/es\/","name":"Medex DTC","description":"Medex Diagnostic and Treatment Center is a Medical Center in Queens, NY is a dynamic multi-specialty clinic. Physicians delivering high quality individualized care in Forest Hills, Queens, NY.","publisher":{"@id":"https:\/\/www.medexdtc.com\/es\/#organization"},"potentialAction":[{"@type":"SearchAction","target":{"@type":"EntryPoint","urlTemplate":"https:\/\/www.medexdtc.com\/es\/?s={search_term_string}"},"query-input":{"@type":"PropertyValueSpecification","valueRequired":true,"valueName":"search_term_string"}}],"inLanguage":"es"},{"@type":"Organization","@id":"https:\/\/www.medexdtc.com\/es\/#organization","name":"Medex DCT","url":"https:\/\/www.medexdtc.com\/es\/","logo":{"@type":"ImageObject","inLanguage":"es","@id":"https:\/\/www.medexdtc.com\/es\/#\/schema\/logo\/image\/","url":"https:\/\/www.medexdtc.com\/wp-content\/uploads\/2024\/11\/medex-diagnostic-and-treatment-center-in-queens-NY.png","contentUrl":"https:\/\/www.medexdtc.com\/wp-content\/uploads\/2024\/11\/medex-diagnostic-and-treatment-center-in-queens-NY.png","width":226,"height":47,"caption":"Medex DCT"},"image":{"@id":"https:\/\/www.medexdtc.com\/es\/#\/schema\/logo\/image\/"},"sameAs":["https:\/\/www.facebook.com\/medexny","https:\/\/x.com\/DtcMedex","https:\/\/www.instagram.com\/medexdtc\/","https:\/\/www.linkedin.com\/company\/medex-diagnostic-and-treatment-center\/about\/"]}]}},"jetpack_sharing_enabled":true,"_links":{"self":[{"href":"https:\/\/www.medexdtc.com\/es\/wp-json\/wp\/v2\/pages\/4099","targetHints":{"allow":["GET"]}}],"collection":[{"href":"https:\/\/www.medexdtc.com\/es\/wp-json\/wp\/v2\/pages"}],"about":[{"href":"https:\/\/www.medexdtc.com\/es\/wp-json\/wp\/v2\/types\/page"}],"author":[{"embeddable":true,"href":"https:\/\/www.medexdtc.com\/es\/wp-json\/wp\/v2\/users\/3"}],"replies":[{"embeddable":true,"href":"https:\/\/www.medexdtc.com\/es\/wp-json\/wp\/v2\/comments?post=4099"}],"version-history":[{"count":1,"href":"https:\/\/www.medexdtc.com\/es\/wp-json\/wp\/v2\/pages\/4099\/revisions"}],"predecessor-version":[{"id":4101,"href":"https:\/\/www.medexdtc.com\/es\/wp-json\/wp\/v2\/pages\/4099\/revisions\/4101"}],"wp:featuredmedia":[{"embeddable":true,"href":"https:\/\/www.medexdtc.com\/es\/wp-json\/wp\/v2\/media\/4087"}],"wp:attachment":[{"href":"https:\/\/www.medexdtc.com\/es\/wp-json\/wp\/v2\/media?parent=4099"}],"curies":[{"name":"wp","href":"https:\/\/api.w.org\/{rel}","templated":true}]}}