{"id":4111,"date":"2025-02-14T08:11:40","date_gmt":"2025-02-14T03:11:40","guid":{"rendered":"https:\/\/www.medexdtc.com\/especialistas-en-cuidado-de-heridas-en-queens\/"},"modified":"2025-09-15T04:27:07","modified_gmt":"2025-09-14T23:27:07","slug":"especialistas-en-cuidado-de-heridas-en-queens","status":"publish","type":"page","link":"https:\/\/www.medexdtc.com\/es\/especialistas-en-cuidado-de-heridas-en-queens\/","title":{"rendered":"Especialistas en cuidado de heridas en Queens"},"content":{"rendered":"<p>Searching for a wound specialist in Queens? When a cut, surgical incision, or diabetic ulcer refuses to heal, you need more than antiseptic and a bandage\u2014you need the expertise of a wound specialist. At <strong>Medex Diagnostic &amp; Treatment Center<\/strong>, our state-of-the-art <strong>wound care center in Queens<\/strong> is staffed by board-certified podiatrists and multidisciplinary clinicians who rank among the most trusted <strong>wound care specialists in NYC<\/strong>. <a href=\"https:\/\/www.medexdtc.com\/podiatry\/\">Top Podiatrists<\/a> at the Medex Diagnostic and Treatment Center in Queens, NY, provide accurate diagnostic and treatment necessary. Visit our Queens Local medical center today!<\/p><p>Si te han operado recientemente o has sufrido una lesi\u00f3n grave, es posible que te remitan a un especialista en el cuidado de heridas. Pero, \u00bfc\u00f3mo saber cu\u00e1ndo ha llegado el momento de buscar atenci\u00f3n especializada? <\/p><p>Exploremos qu\u00e9 hace un especialista en el cuidado de heridas, en qu\u00e9 se diferencian de otros profesionales sanitarios y c\u00f3mo reconocer cu\u00e1ndo ha llegado el momento de consultar a uno.<\/p><p>At the <strong>Medex DTC wound care center in Queens<\/strong> located in Forest Hills, NY we deliver:<\/p><ul class=\"wp-block-list\"><li><strong>Advanced diagnostics<\/strong> (on-site imaging and vascular studies) to uncover hidden circulation issues.<\/li>\n\n<li><strong>Evidence-based treatments<\/strong> such as sharp debridement, bioengineered skin substitutes, negative-pressure therapy, and custom off-loading for diabetic foot wounds.<\/li>\n\n<li><strong>Coordinated care<\/strong> with endocrinology, infectious-disease, and vascular medicine to accelerate healing and prevent amputation or systemic infection.<\/li><\/ul><h3 class=\"wp-block-heading\">When to visit a wound care specialist<\/h3><p>Seek specialized attention if your wound shows any of the following:<\/p><ul class=\"wp-block-list\"><li>No measurable healing after 7\u201310 days.<\/li>\n\n<li>Increasing redness, swelling, foul odor, or drainage.<\/li>\n\n<li>Pain that worsens instead of improves.<\/li>\n\n<li>Exposure of bone, tendon, or hardware after surgery.<\/li>\n\n<li>Underlying conditions such as diabetes, venous insufficiency, or peripheral artery disease that can stall healing.<\/li><\/ul><h2 class=\"wp-block-heading\"><strong>\u00bfQu\u00e9 es un Especialista en Cuidados de Heridas?<\/strong><\/h2><p>Algunas heridas son leves y f\u00e1ciles de tratar en casa, mientras que otras pueden requerir la atenci\u00f3n de un m\u00e9dico. Aunque tu m\u00e9dico de atenci\u00f3n primaria puede tratar muchas heridas, las m\u00e1s complejas o las que no cicatrizan suelen requerir la experiencia de un especialista en heridas. <\/p><p>Estos especialistas reciben formaci\u00f3n avanzada en el tratamiento de heridas, lo que les hace estar especialmente preparados para tratar heridas agudas, cr\u00f3nicas y que no cicatrizan.<\/p><h2 class=\"wp-block-heading\"><strong>Qu\u00e9 ocurre durante la visita a un especialista en heridas<\/strong><\/h2><p>Tanto si tienes una herida reciente como una que se niega a curarse, tu primera visita con un especialista en el cuidado de heridas suele empezar con una evaluaci\u00f3n exhaustiva. El especialista puede hacerte preguntas sobre: <\/p><ul class=\"wp-block-list\"><li>C\u00f3mo se produjo la herida<\/li>\n\n<li>Factores que pueden retrasar la curaci\u00f3n<\/li>\n\n<li>Tu historial m\u00e9dico relacionado con las heridas<\/li><\/ul><p>Con esta informaci\u00f3n, diagnosticar\u00e1n el tipo de herida, elaborar\u00e1n un plan de tratamiento personalizado y determinar\u00e1n si son necesarias terapias adicionales. Tambi\u00e9n pueden recomendarse visitas de seguimiento para controlar tus progresos y hacer los ajustes necesarios en tu plan de cuidados. <\/p><h2 class=\"wp-block-heading\"><strong>Heridas infectadas<\/strong><\/h2><p>Lo que empieza como un peque\u00f1o corte o rasgu\u00f1o puede agravarse sin los cuidados adecuados. Si una herida se infecta, puede requerir el tratamiento de un especialista. Reconocer los signos de una infecci\u00f3n es crucial para prevenir complicaciones. He aqu\u00ed algunos s\u00edntomas comunes a los que hay que estar atento:   <\/p><ul class=\"wp-block-list\"><li><strong>Fiebre alta<\/strong> &#8211; Es normal tener fiebre baja despu\u00e9s de la operaci\u00f3n, pero si tu temperatura sube por encima de 38 \u00b0C (101 \u00b0F), es hora de buscar atenci\u00f3n m\u00e9dica.<\/li>\n\n<li>Enrojecimiento <strong>o inflamaci\u00f3n crecientes<\/strong>: al principio es de esperar que el enrojecimiento y la inflamaci\u00f3n sean leves, pero deben mejorar gradualmente. El empeoramiento del enrojecimiento o la propagaci\u00f3n de la inflamaci\u00f3n pueden indicar infecci\u00f3n. <\/li>\n\n<li><strong>Empeoramiento del dolor<\/strong>: tras una herida grave es normal que aparezcan algunas molestias, pero el dolor deber\u00eda disminuir con el tiempo. Si se agrava, puede ser una se\u00f1al de alarma. <\/li>\n\n<li><strong>Pus o secreci\u00f3n turbia<\/strong> &#8211; La presencia de l\u00edquido turbio o verdoso, sobre todo si va acompa\u00f1ado de mal olor, puede indicar infecci\u00f3n; esto es especialmente preocupante tras una intervenci\u00f3n quir\u00fargica.<\/li>\n\n<li><strong>Decoloraci\u00f3n de la piel cerca de la herida<\/strong> &#8211; Los cambios de color de la piel alrededor de la herida podr\u00edan indicar un flujo sangu\u00edneo deficiente, lo que podr\u00eda retrasar la cicatrizaci\u00f3n o provocar complicaciones.<\/li><\/ul><h3 class=\"wp-block-heading\"><strong>Heridas complejas<\/strong><\/h3><p>Las heridas complejas son dif\u00edciles de tratar porque no responden bien a los cuidados est\u00e1ndar. Estas heridas pueden ser agudas o cr\u00f3nicas y presentarse como: <\/p><ul class=\"wp-block-list\"><li>Una herida abierta que tarda m\u00e1s de tres meses en curarse<\/li>\n\n<li>Una infecci\u00f3n<\/li>\n\n<li>Una \u00falcera que deja al descubierto hueso o m\u00fasculo<\/li>\n\n<li>Llagas en la parte inferior de las piernas<\/li><\/ul><p>He aqu\u00ed algunos de los tipos m\u00e1s frecuentes de heridas complejas:<\/p><ul class=\"wp-block-list\"><li><strong>\u00dalceras por presi\u00f3n<\/strong><\/li>\n\n<li><strong>\u00dalceras vasculares o diab\u00e9ticas<\/strong><\/li>\n\n<li><strong>Heridas infectadas<\/strong><\/li>\n\n<li><strong>\u00dalceras por insuficiencia venosa<\/strong><\/li><\/ul><p>Las heridas que no cicatrizan suelen provocar infecciones y, sin cuidados avanzados, pueden dar lugar a complicaciones graves. Cuando una herida compleja est\u00e1 relacionada con una enfermedad subyacente -como la diabetes o un sistema inmunitario debilitado-, es esencial tratar tanto la herida como el problema subyacente para promover una curaci\u00f3n adecuada. <\/p><h3 class=\"wp-block-heading\"><strong>Condiciones de salud<\/strong><\/h3><p>Como ya se ha dicho, ciertos problemas de salud pueden ralentizar el proceso de cicatrizaci\u00f3n del cuerpo, por lo que es m\u00e1s apropiado buscar la ayuda de un especialista en el cuidado de heridas. Tu historial m\u00e9dico tambi\u00e9n es un factor importante para determinar lo proactivo que debes ser. Si tienes antecedentes de heridas que no cicatrizan o afecciones cr\u00f3nicas como:  <\/p><ul class=\"wp-block-list\"><li>Incontinencia<\/li>\n\n<li>Diabetes<\/li>\n\n<li>Insuficiencia card\u00edaca congestiva<\/li>\n\n<li>Enfermedad vascular<\/li>\n\n<li>Obesidad<\/li>\n\n<li>Insuficiencia renal<\/li>\n\n<li>Da\u00f1o nervioso<\/li>\n\n<li>Mala alimentaci\u00f3n<\/li>\n\n<li>Alcoholismo o ser fumador<\/li>\n\n<li>Estilo de vida extremadamente inactivo<\/li><\/ul><h2 class=\"wp-block-heading\"><strong>Beneficios del tratamiento de un especialista en heridas<\/strong><\/h2><p>Si has sufrido una herida grave, consultar a un especialista en cuidado de heridas puede ofrecerte numerosas ventajas. Veamos m\u00e1s de cerca lo que pueden hacer estos especialistas y qu\u00e9 puedes esperar durante tu tratamiento. <\/p><h3 class=\"wp-block-heading\"><strong>Menor riesgo de complicaciones<\/strong><\/h3><p>Las heridas no son algo que deba tomarse a la ligera. Sin un tratamiento adecuado, pueden provocar complicaciones graves. Las heridas que no cicatrizan son especialmente arriesgadas, ya que pueden infectarse f\u00e1cilmente y provocar afecciones potencialmente mortales. Por ejemplo, <strong>las \u00falceras del pie diab\u00e9tico<\/strong> no tratadas pueden llevar incluso a la amputaci\u00f3n.   <\/p><p>Aunque estos riesgos puedan parecer alarmantes, la buena noticia es que son tratables. Asociarse con un especialista en el cuidado de heridas es la mejor forma de minimizar las complicaciones y garantizar una curaci\u00f3n adecuada. Estos expertos crean planes de cuidados personalizados adaptados a tus necesidades \u00fanicas, proporcionando el entorno \u00f3ptimo para la recuperaci\u00f3n y la salud a largo plazo.  <\/p><h3 class=\"wp-block-heading\"><strong>Educaci\u00f3n sobre el cuidado de heridas<\/strong><\/h3><p>Una de las ventajas m\u00e1s valiosas de acudir a un especialista en cuidado de heridas es la formaci\u00f3n que proporcionan a los pacientes y a sus familias. Los especialistas trabajan estrechamente contigo para asegurarse de que comprendes c\u00f3mo cuidar y tratar adecuadamente tu herida, as\u00ed como qu\u00e9 cambios en el estilo de vida pueden ayudar a acelerar la curaci\u00f3n y facilitar tu reincorporaci\u00f3n a las actividades cotidianas. Su profundo conocimiento del proceso de curaci\u00f3n del cuerpo y su enfoque hol\u00edstico de la recuperaci\u00f3n distinguen a los especialistas en cuidado de heridas de otros profesionales sanitarios.  <\/p><h3 class=\"wp-block-heading\"><strong>Enfoque individualizado del tratamiento<\/strong><\/h3><p>Acudir a un m\u00e9dico general puede resultar \u00fatil, pero un especialista en cuidado de heridas tiene la experiencia necesaria para desarrollar planes de cuidado altamente personalizados que aborden tus circunstancias espec\u00edficas y te ayuden a acelerar tu recuperaci\u00f3n. Para muchos pacientes, puede resultar dif\u00edcil seguir un enfoque \u00fanico que podr\u00eda recibir de un m\u00e9dico general, pero disponer de un plan individualizado s\u00f3lo para ti puede facilitar el proceso. Y como los especialistas en cuidado de heridas basan tu plan de tratamiento en tu herida, tu historial m\u00e9dico y tus preferencias personales, saben de qu\u00e9 eres capaz y c\u00f3mo asegurarse de que te sientas c\u00f3modo durante todo el proceso.  <\/p><h3 class=\"wp-block-heading\"><strong>Tecnolog\u00eda avanzada y nuevos tratamientos<\/strong><\/h3><p>Los especialistas en heridas tambi\u00e9n tienen acceso a tecnolog\u00edas avanzadas que a menudo no est\u00e1n al alcance de los profesionales sanitarios normales. Suelen estar al d\u00eda de los \u00faltimos enfoques de tratamiento e investigaci\u00f3n, lo que puede acelerar la curaci\u00f3n y mejorar la experiencia del paciente. Algunos de los tratamientos y tecnolog\u00edas m\u00e1s avanzados de que disponen los especialistas en heridas son:  <\/p><ul class=\"wp-block-list\"><li><strong>Asistencia con Vac\u00edo para Heridas<\/strong>: Se utiliza una aspiradora para aplicar presi\u00f3n y sellar un vendaje sobre la herida. Esto ayuda a unir los bordes de la herida, reduce la inflamaci\u00f3n y estimula el crecimiento del tejido. <\/li>\n\n<li><strong>Biopsias<\/strong>: Se utilizan equipos especializados para diagnosticar la causa subyacente de las heridas que no cicatrizan mediante peque\u00f1as muestras de tejido.<\/li>\n\n<li><strong>Terapia de ultrasonidos<\/strong>: Aunque se sigue investigando, se cree que la terapia de ultrasonidos reduce la inflamaci\u00f3n, alivia el dolor y mejora la circulaci\u00f3n.<\/li>\n\n<li><strong>Crioterapia<\/strong>: Congelar la zona infectada puede acelerar la curaci\u00f3n al renovar la piel y las c\u00e9lulas sangu\u00edneas, al tiempo que reduce la inflamaci\u00f3n y la sensibilidad muscular o articular.<\/li>\n\n<li><strong>Terapia<\/strong> de <strong>Factores de Crecimiento<\/strong>: Esta terapia estimula al organismo para que produzca factores de crecimiento que, cuando se aplican a la herida, ayudan a fomentar el desarrollo de c\u00e9lulas cicatrizantes.<\/li><\/ul><p>Estos tratamientos avanzados proporcionan cuidados especializados para ayudar a que las heridas cicatricen de forma m\u00e1s eficaz y eficiente.<\/p><h3 class=\"wp-block-heading\"><strong>Conveniencia del tratamiento<\/strong><\/h3><p>Aunque visitar un centro de cuidado de heridas ofrece todas las ventajas anteriores, no siempre es una opci\u00f3n o puede resultar dif\u00edcil para algunos pacientes. Afortunadamente, muchos especialistas en el cuidado de heridas ofrecen visitas a domicilio, lo que te permite recibir los cuidados y la atenci\u00f3n que necesita tu herida en la comodidad y conveniencia de tu propia casa. <\/p><h2 class=\"wp-block-heading\"><strong>Obtener ayuda de un especialista<\/strong><\/h2><p><a href=\"https:\/\/www.medexdtc.com\/es\/podiatry\/\">Los especialistas en cuidado de heridas<\/a> se dedican tanto a curar las heridas como a mejorar la calidad de vida en general. No s\u00f3lo incorporan las \u00faltimas terapias m\u00e9dicas, sino que tambi\u00e9n se centran en minimizar el tiempo de recuperaci\u00f3n y mejorar el proceso de curaci\u00f3n. <\/p><p>En el Centro de Diagn\u00f3stico y Tratamiento Medex, combinamos tecnolog\u00eda avanzada con pr\u00e1cticas basadas en pruebas para ofrecer servicios integrales de cuidado de heridas, est\u00e9s donde est\u00e9s. Nos centramos en la salud de todo el paciente, no s\u00f3lo en la herida, y estamos aqu\u00ed para guiarte en tu camino hacia la recuperaci\u00f3n. <\/p><p>Si est\u00e1s luchando con una herida que no se cura o tienes una herida nueva que necesita atenci\u00f3n inmediata, ponte en contacto con nosotros. Nos comprometemos a devolverte la calidad de vida con cada herida que curamos. <\/p><h2 class=\"wp-block-heading\">FAQ<\/h2><h4 class=\"wp-block-heading\">What doctor should I visit for a wound care in Queens?<\/h4><p>If you&#8217;re seeking expert wound care in Queens, New York, <a href=\"https:\/\/www.medexdtc.com\/\">Medex Diagnostic and Treatment Center <\/a>offers comprehensive services to address various wound types. The right doctor for wound care depends on the wound\u2019s severity and location. Minor wounds can be treated by a <a href=\"https:\/\/www.medexdtc.com\/primary-care\/\">primary care physician<\/a>, while deep, bleeding, or infected wounds require urgent care or an emergency room visit. If the wound is on the foot, especially for those with diabetes or circulation issues, a <a href=\"https:\/\/www.medexdtc.com\/podiatry\/\">podiatrist<\/a> is the best option. Chronic wounds, diabetic ulcers, and surgical wounds may require a wound care specialist, such as a <a href=\"https:\/\/www.medexdtc.com\/our-team\/yana-ryzhakova-dnp-fnp-bc\/\">dermatologist<\/a> or <a href=\"https:\/\/www.medexdtc.com\/vascular-surgery\/\">vascular surgeon<\/a>. Severe wounds with skin loss might need a plastic surgeon, while a vascular surgeon can help if circulation problems are hindering healing. Medex Diagnostic and Treatment Center  is located at 111-29 Queens Blvd, Forest Hills, NY 11375, our multi-specialty clinic has been providing health care for over 15 years. <\/p><h4 class=\"wp-block-heading\">What is wound care?<\/h4><p>Wound care is the medical management of injuries to the skin and underlying tissues to promote healing and prevent infection. It includes cleaning, dressing, and monitoring wounds, as well as specialized treatments for chronic wounds, diabetic ulcers, surgical wounds, and injuries caused by poor circulation. Proper wound care can involve antibiotics, debridement (removing dead tissue), advanced dressings, and in severe cases, surgery or hyperbaric oxygen therapy. At <strong>Medex Diagnostic and Treatment Center in Queens, NY<\/strong>, expert wound care specialists provide personalized treatment to ensure optimal healing and recovery.<\/p><h4 class=\"wp-block-heading\">How to make acetic acid for wound care?<\/h4><p>To make a <strong>0.25% acetic acid solution<\/strong> for wound care, mix <strong>1 teaspoon (5 mL) of white vinegar (5% acetic acid) with 1 cup (195 mL) of sterile water or saline<\/strong>, then store it in a sterile container and use within 24 hours. Soak sterile gauze in the solution, apply it to the wound for <strong>5\u201310 minutes<\/strong>, and repeat up to <strong>3 times daily<\/strong>, but always consult a doctor before use to prevent tissue damage.<\/p><h4 class=\"wp-block-heading\">What does a wound care nurse do?<\/h4><p>A <strong>wound care nurse<\/strong> specializes in assessing, treating, and managing acute and chronic wounds, including pressure ulcers, diabetic wounds, surgical wounds, and infections. They clean wounds, apply dressings, monitor healing, educate patients on wound care, and collaborate with doctors to develop treatment plans, often using advanced therapies like negative pressure wound therapy or debridement.<\/p><h4 class=\"wp-block-heading\">Can CNAs do would care?<\/h4><p>Certified Nursing Assistants (<strong>CNAs<\/strong>) can assist with <strong>basic wound care<\/strong>, such as cleaning minor wounds, changing dressings under supervision, and monitoring for signs of infection. However, they <strong>cannot<\/strong> perform advanced wound treatments, debridement, or prescribe wound care plans, as these tasks are reserved for licensed nurses (<strong>LPNs, RNs, or wound care specialists<\/strong>). CNAs typically support nurses by reporting wound changes, ensuring hygiene, and assisting with patient comfort.<\/p>","protected":false},"excerpt":{"rendered":"<p>Searching for a wound specialist in Queens? When a cut, surgical incision, or diabetic ulcer refuses to heal, you need more than antiseptic and a bandage\u2014you need the expertise of a wound specialist. At Medex Diagnostic &amp; Treatment Center, our state-of-the-art wound care center in Queens is staffed by board-certified podiatrists and multidisciplinary clinicians who &hellip; <\/p>\n<p class=\"link-more\"><a href=\"https:\/\/www.medexdtc.com\/es\/especialistas-en-cuidado-de-heridas-en-queens\/\" class=\"more-link\">Continue reading<span class=\"screen-reader-text\"> \u00abEspecialistas en cuidado de heridas en Queens\u00bb<\/span><\/a><\/p>\n","protected":false},"author":3,"featured_media":0,"parent":0,"menu_order":0,"comment_status":"closed","ping_status":"closed","template":"new_inner.php","meta":{"_acf_changed":false,"footnotes":""},"class_list":["post-4111","page","type-page","status-publish","hentry"],"acf":[],"yoast_head":"<!-- This site is optimized with the Yoast SEO plugin v27.5 - https:\/\/yoast.com\/product\/yoast-seo-wordpress\/ -->\n<title>Especialistas en Cuidado de Heridas en Queens | Top Pod\u00f3logos en Forest Hills, Queens, NY<\/title>\n<meta name=\"description\" content=\"\u00bfUna herida que no se cura? Un especialista en cuidado de heridas del Centro M\u00e9dico Medex diagnosticar\u00e1 la causa de la herida, los problemas que pueden estar impidiendo que cicatrice y te ayudar\u00e1 a tratarla.\" \/>\n<meta name=\"robots\" content=\"index, follow, max-snippet:-1, max-image-preview:large, max-video-preview:-1\" \/>\n<link rel=\"canonical\" href=\"https:\/\/www.medexdtc.com\/es\/especialistas-en-cuidado-de-heridas-en-queens\/\" \/>\n<meta property=\"og:locale\" content=\"es_ES\" \/>\n<meta property=\"og:type\" content=\"article\" \/>\n<meta property=\"og:title\" content=\"Especialistas en Cuidado de Heridas en Queens | Top Pod\u00f3logos en Forest Hills, Queens, NY\" \/>\n<meta property=\"og:description\" content=\"\u00bfUna herida que no se cura? Un especialista en cuidado de heridas del Centro M\u00e9dico Medex diagnosticar\u00e1 la causa de la herida, los problemas que pueden estar impidiendo que cicatrice y te ayudar\u00e1 a tratarla.\" \/>\n<meta property=\"og:url\" content=\"https:\/\/www.medexdtc.com\/es\/especialistas-en-cuidado-de-heridas-en-queens\/\" \/>\n<meta property=\"og:site_name\" content=\"Medex Diagnostic and Treatment Center - Queens Medical Center - Medical Clinic in Forest Hills, NY\" \/>\n<meta property=\"article:publisher\" content=\"https:\/\/www.facebook.com\/medexny\" \/>\n<meta property=\"article:modified_time\" content=\"2025-09-14T23:27:07+00:00\" \/>\n<meta name=\"twitter:card\" content=\"summary_large_image\" \/>\n<meta name=\"twitter:site\" content=\"@DtcMedex\" \/>\n<meta name=\"twitter:label1\" content=\"Tiempo de lectura\" \/>\n\t<meta name=\"twitter:data1\" content=\"11 minutos\" \/>\n<!-- \/ Yoast SEO plugin. -->","yoast_head_json":{"title":"Especialistas en Cuidado de Heridas en Queens | Top Pod\u00f3logos en Forest Hills, Queens, NY","description":"\u00bfUna herida que no se cura? Un especialista en cuidado de heridas del Centro M\u00e9dico Medex diagnosticar\u00e1 la causa de la herida, los problemas que pueden estar impidiendo que cicatrice y te ayudar\u00e1 a tratarla.","robots":{"index":"index","follow":"follow","max-snippet":"max-snippet:-1","max-image-preview":"max-image-preview:large","max-video-preview":"max-video-preview:-1"},"canonical":"https:\/\/www.medexdtc.com\/es\/especialistas-en-cuidado-de-heridas-en-queens\/","og_locale":"es_ES","og_type":"article","og_title":"Especialistas en Cuidado de Heridas en Queens | Top Pod\u00f3logos en Forest Hills, Queens, NY","og_description":"\u00bfUna herida que no se cura? Un especialista en cuidado de heridas del Centro M\u00e9dico Medex diagnosticar\u00e1 la causa de la herida, los problemas que pueden estar impidiendo que cicatrice y te ayudar\u00e1 a tratarla.","og_url":"https:\/\/www.medexdtc.com\/es\/especialistas-en-cuidado-de-heridas-en-queens\/","og_site_name":"Medex Diagnostic and Treatment Center - Queens Medical Center - Medical Clinic in Forest Hills, NY","article_publisher":"https:\/\/www.facebook.com\/medexny","article_modified_time":"2025-09-14T23:27:07+00:00","twitter_card":"summary_large_image","twitter_site":"@DtcMedex","twitter_misc":{"Tiempo de lectura":"11 minutos"},"schema":{"@context":"https:\/\/schema.org","@graph":[{"@type":"WebPage","@id":"https:\/\/www.medexdtc.com\/es\/especialistas-en-cuidado-de-heridas-en-queens\/","url":"https:\/\/www.medexdtc.com\/es\/especialistas-en-cuidado-de-heridas-en-queens\/","name":"Especialistas en Cuidado de Heridas en Queens | Top Pod\u00f3logos en Forest Hills, Queens, NY","isPartOf":{"@id":"https:\/\/www.medexdtc.com\/es\/#website"},"datePublished":"2025-02-14T03:11:40+00:00","dateModified":"2025-09-14T23:27:07+00:00","description":"\u00bfUna herida que no se cura? Un especialista en cuidado de heridas del Centro M\u00e9dico Medex diagnosticar\u00e1 la causa de la herida, los problemas que pueden estar impidiendo que cicatrice y te ayudar\u00e1 a tratarla.","breadcrumb":{"@id":"https:\/\/www.medexdtc.com\/es\/especialistas-en-cuidado-de-heridas-en-queens\/#breadcrumb"},"inLanguage":"es","potentialAction":[{"@type":"ReadAction","target":["https:\/\/www.medexdtc.com\/es\/especialistas-en-cuidado-de-heridas-en-queens\/"]}]},{"@type":"BreadcrumbList","@id":"https:\/\/www.medexdtc.com\/es\/especialistas-en-cuidado-de-heridas-en-queens\/#breadcrumb","itemListElement":[{"@type":"ListItem","position":1,"name":"Home","item":"https:\/\/www.medexdtc.com\/es\/"},{"@type":"ListItem","position":2,"name":"Especialistas en cuidado de heridas en Queens"}]},{"@type":"WebSite","@id":"https:\/\/www.medexdtc.com\/es\/#website","url":"https:\/\/www.medexdtc.com\/es\/","name":"Medex DTC","description":"Medex Diagnostic and Treatment Center is a Medical Center in Queens, NY is a dynamic multi-specialty clinic. Physicians delivering high quality individualized care in Forest Hills, Queens, NY.","publisher":{"@id":"https:\/\/www.medexdtc.com\/es\/#organization"},"potentialAction":[{"@type":"SearchAction","target":{"@type":"EntryPoint","urlTemplate":"https:\/\/www.medexdtc.com\/es\/?s={search_term_string}"},"query-input":{"@type":"PropertyValueSpecification","valueRequired":true,"valueName":"search_term_string"}}],"inLanguage":"es"},{"@type":"Organization","@id":"https:\/\/www.medexdtc.com\/es\/#organization","name":"Medex DCT","url":"https:\/\/www.medexdtc.com\/es\/","logo":{"@type":"ImageObject","inLanguage":"es","@id":"https:\/\/www.medexdtc.com\/es\/#\/schema\/logo\/image\/","url":"https:\/\/www.medexdtc.com\/wp-content\/uploads\/2024\/11\/medex-diagnostic-and-treatment-center-in-queens-NY.png","contentUrl":"https:\/\/www.medexdtc.com\/wp-content\/uploads\/2024\/11\/medex-diagnostic-and-treatment-center-in-queens-NY.png","width":226,"height":47,"caption":"Medex DCT"},"image":{"@id":"https:\/\/www.medexdtc.com\/es\/#\/schema\/logo\/image\/"},"sameAs":["https:\/\/www.facebook.com\/medexny","https:\/\/x.com\/DtcMedex","https:\/\/www.instagram.com\/medexdtc\/","https:\/\/www.linkedin.com\/company\/medex-diagnostic-and-treatment-center\/about\/"]}]}},"jetpack_sharing_enabled":true,"_links":{"self":[{"href":"https:\/\/www.medexdtc.com\/es\/wp-json\/wp\/v2\/pages\/4111","targetHints":{"allow":["GET"]}}],"collection":[{"href":"https:\/\/www.medexdtc.com\/es\/wp-json\/wp\/v2\/pages"}],"about":[{"href":"https:\/\/www.medexdtc.com\/es\/wp-json\/wp\/v2\/types\/page"}],"author":[{"embeddable":true,"href":"https:\/\/www.medexdtc.com\/es\/wp-json\/wp\/v2\/users\/3"}],"replies":[{"embeddable":true,"href":"https:\/\/www.medexdtc.com\/es\/wp-json\/wp\/v2\/comments?post=4111"}],"version-history":[{"count":2,"href":"https:\/\/www.medexdtc.com\/es\/wp-json\/wp\/v2\/pages\/4111\/revisions"}],"predecessor-version":[{"id":5912,"href":"https:\/\/www.medexdtc.com\/es\/wp-json\/wp\/v2\/pages\/4111\/revisions\/5912"}],"wp:attachment":[{"href":"https:\/\/www.medexdtc.com\/es\/wp-json\/wp\/v2\/media?parent=4111"}],"curies":[{"name":"wp","href":"https:\/\/api.w.org\/{rel}","templated":true}]}}