{"id":4128,"date":"2025-01-18T23:03:32","date_gmt":"2025-01-18T18:03:32","guid":{"rendered":"https:\/\/www.medexdtc.com\/acerca-de-medex\/"},"modified":"2025-09-15T04:28:03","modified_gmt":"2025-09-14T23:28:03","slug":"acerca-de-medex","status":"publish","type":"page","link":"https:\/\/www.medexdtc.com\/es\/acerca-de-medex\/","title":{"rendered":"Acerca de Medex"},"content":{"rendered":"<p><a href=\"https:\/\/www.medexdtc.com\/es\/\">El Centro de Diagn\u00f3stico y Tratamiento Medex<\/a>, en el barrio de Forest Hills de Queens, es una cl\u00ednica multiespecialidad con un gran equipo de m\u00e9dicos experimentados dispuestos a ayudar a pacientes de toda la ciudad de Nueva York. Llevamos m\u00e1s de 15 a\u00f1os proporcionando atenci\u00f3n de vanguardia a pacientes de todas las edades. <\/p><p>Los <a href=\"https:\/\/www.medexdtc.com\/es\/medex-dtc-medicos-de-queens\/\">m\u00e9dicos<\/a> del Centro de Diagn\u00f3stico y Tratamiento Medex hacen todo lo posible por ofrecer a los pacientes los mejores cuidados para restablecer su bienestar lo antes posible. Tambi\u00e9n ofrecen varias opciones de atenci\u00f3n preventiva para mantener sanos a los pacientes y diagnosticar cualquier problema de salud lo antes posible para garantizar los mejores resultados al paciente. <\/p><div class=\"wp-block-cover\"><span aria-hidden=\"true\" class=\"wp-block-cover__background has-background-dim\"><\/span><img fetchpriority=\"high\" decoding=\"async\" width=\"900\" height=\"506\" class=\"wp-block-cover__image-background wp-image-3295\" alt=\"\" src=\"https:\/\/www.medexdtc.com\/wp-content\/uploads\/2025\/01\/medex-side-medical-center-in-queens.jpg\" data-object-fit=\"cover\" srcset=\"https:\/\/www.medexdtc.com\/wp-content\/uploads\/2025\/01\/medex-side-medical-center-in-queens.jpg 900w, https:\/\/www.medexdtc.com\/wp-content\/uploads\/2025\/01\/medex-side-medical-center-in-queens-300x169.jpg 300w, https:\/\/www.medexdtc.com\/wp-content\/uploads\/2025\/01\/medex-side-medical-center-in-queens-768x432.jpg 768w, https:\/\/www.medexdtc.com\/wp-content\/uploads\/2025\/01\/medex-side-medical-center-in-queens-48x27.jpg 48w\" sizes=\"(max-width: 900px) 100vw, 900px\" \/><div class=\"wp-block-cover__inner-container is-layout-flow wp-block-cover-is-layout-flow\"><p class=\"has-text-align-center has-large-font-size\"><\/p><\/div><\/div><p>El equipo m\u00e9dico incluye doctores de muchas <a href=\"https:\/\/www.medexdtc.com\/cardiology\/\">especialidades<\/a>, como <a href=\"https:\/\/www.medexdtc.com\/cardiology\/\">cardiolog\u00eda<\/a>, <a href=\"https:\/\/www.medexdtc.com\/es\/dermatology\/\">dermatolog\u00eda<\/a>, <a href=\"https:\/\/www.medexdtc.com\/es\/otorrinolaringologos-en-queens\/\">otorrinolaringolog\u00eda<\/a>, <a href=\"https:\/\/www.medexdtc.com\/es\/gastroenterology\/\">gastroenterolog\u00eda<\/a>, <a href=\"https:\/\/www.medexdtc.com\/es\/medicos-medicina-interna-queens-mejores-internistas\/\">medicina interna<\/a>, <a href=\"https:\/\/www.medexdtc.com\/es\/podiatry\/\">podolog\u00eda<\/a>, <a href=\"https:\/\/www.medexdtc.com\/es\/psychiatry\/\">psiquiatr\u00eda<\/a>, <a href=\"https:\/\/www.medexdtc.com\/es\/urology\/\">urolog\u00eda<\/a>, <a href=\"https:\/\/www.medexdtc.com\/es\/medicos-especialistas-en-alergia-asma-e-inmunologia-en-queens-ny\/\">alergias<\/a> y <a href=\"https:\/\/www.medexdtc.com\/es\/ginecologia-queens-los-mejores-ginecologos-en-forest-hills-queens-ny\/\">ginecolog\u00eda<\/a>. Tambi\u00e9n somos un centro autorizado para el examen m\u00e9dico de la funci\u00f3n p\u00fablica del USCIS. El examen es necesario para establecer que un solicitante no es inadmisible en Estados Unidos por motivos de salud p\u00fablica. Adem\u00e1s, si necesitas anular tu cita por cualquier motivo, te rogamos que nos avises con al menos 24 horas de antelaci\u00f3n.   <\/p><div data-src=\"https:\/\/cdn.trustindex.io\/loader.js?37f5ac044b6e1146c6768056d5a\"><\/div><p>En Forest Hills, Queens, NY, el Centro de Diagn\u00f3stico y Tratamiento Medex es el mejor destino para todas tus necesidades sanitarias. Tanto si necesitas un alerg\u00f3logo como un especialista en urolog\u00eda, el personal proporciona atenci\u00f3n m\u00e9dica asequible y de alta calidad a personas y familias de toda la regi\u00f3n. Conocido como el centro de atenci\u00f3n m\u00e9dica m\u00e1s fiable de Forest Hills, el Centro de Diagn\u00f3stico y Tratamiento Medex es tu ventanilla \u00fanica para una amplia gama de procedimientos y tratamientos.  <\/p><figure class=\"wp-block-image size-full\"><img decoding=\"async\" width=\"900\" height=\"506\" src=\"https:\/\/www.medexdtc.com\/wp-content\/uploads\/2025\/01\/medex-surgical-center-front-desk.jpg\" alt=\"\" class=\"wp-image-3296\" srcset=\"https:\/\/www.medexdtc.com\/wp-content\/uploads\/2025\/01\/medex-surgical-center-front-desk.jpg 900w, https:\/\/www.medexdtc.com\/wp-content\/uploads\/2025\/01\/medex-surgical-center-front-desk-300x169.jpg 300w, https:\/\/www.medexdtc.com\/wp-content\/uploads\/2025\/01\/medex-surgical-center-front-desk-768x432.jpg 768w, https:\/\/www.medexdtc.com\/wp-content\/uploads\/2025\/01\/medex-surgical-center-front-desk-48x27.jpg 48w\" sizes=\"(max-width: 900px) 100vw, 900px\" \/><\/figure><p><br\/><br\/>En el Centro de Diagn\u00f3stico y Tratamiento Medex, tu salud y bienestar son su prioridad n\u00famero uno. Adem\u00e1s de su medicina de familia -que ofrece una atenci\u00f3n continuada a reci\u00e9n nacidos, ni\u00f1os y adultos, haciendo hincapi\u00e9 en la atenci\u00f3n sanitaria preventiva-, el centro m\u00e9dico tambi\u00e9n cuenta con m\u00e9dicos especializados en alergia e inmunolog\u00eda, cardiolog\u00eda, dermatolog\u00eda, endocrinolog\u00eda, gastroenterolog\u00eda, cirug\u00eda general, ginecolog\u00eda, medicina interna, neurolog\u00eda, <a href=\"https:\/\/www.medexdtc.com\/es\/orthopedics\/\">ortopedia<\/a>, podolog\u00eda y urolog\u00eda. <br\/><br\/>Los pacientes tambi\u00e9n tienen acceso a dietistas y nutricionistas que pueden orientarles sobre c\u00f3mo perder o mantener su peso y reducir las complicaciones de la diabetes. Adem\u00e1s, sus oftalm\u00f3logos y optometristas pueden tratar diversas afecciones oculares y problemas de visi\u00f3n, y sus psiquiatras y psicoterapeutas pueden ayudar con diversos problemas de salud mental. Tambi\u00e9n disponen de trabajadores sociales para ayudar a conseguir servicios especiales de vivienda, transporte, ayuda econ\u00f3mica, asistencia sanitaria a domicilio y mucho m\u00e1s.  <\/p><p>Adem\u00e1s de contar con m\u00e9dicos y especialistas que cubren casi todas las especialidades m\u00e9dicas, el Centro de Diagn\u00f3stico y Tratamiento Medex tambi\u00e9n se especializa en atenci\u00f3n geri\u00e1trica, prestando servicios para personas mayores que incluyen terapias f\u00edsicas y de rehabilitaci\u00f3n y transporte para los pacientes que cumplan los requisitos.<\/p><p>En el Centro de Diagn\u00f3stico y Tratamiento Medex, los m\u00e9dicos proporcionan a los pacientes la atenci\u00f3n sanitaria de calidad que se merecen. El centro de salud tambi\u00e9n es un lugar autorizado para el examen m\u00e9dico del servicio civil del USCIS, necesario para establecer que un solicitante no es inadmisible en Estados Unidos por motivos de salud p\u00fablica. <\/p><p>Para obtener m\u00e1s informaci\u00f3n sobre la mejor atenci\u00f3n pedi\u00e1trica, medicina de adultos y familiar, y atenci\u00f3n m\u00e9dica especializada en Forest Hills, visita el Centro de Diagn\u00f3stico y Tratamiento Medex en l\u00ednea o llama al centro hoy mismo.<\/p><p>Podemos ayudarte a encontrar m\u00e9dico. Llama al <a href=\"tel:+17182758900\">(718) 275-8900<\/a>  <\/p><p>Con licencia del estado de Nueva York, Medex es un centro de diagn\u00f3stico y tratamiento del art\u00edculo 28. Nuestros m\u00e9dicos proporcionan atenci\u00f3n integral a pacientes de todas las edades en la zona de Forest Hills, Queens, desde hace m\u00e1s de 15 a\u00f1os. Empieza a recibir atenci\u00f3n experta ahora llamando o concertando una cita en l\u00ednea con uno de los especialistas cualificados.  <\/p>","protected":false},"excerpt":{"rendered":"<p>El Centro de Diagn\u00f3stico y Tratamiento Medex, en el barrio de Forest Hills de Queens, es una cl\u00ednica multiespecialidad con un gran equipo de m\u00e9dicos experimentados dispuestos a ayudar a pacientes de toda la ciudad de Nueva York. Llevamos m\u00e1s de 15 a\u00f1os proporcionando atenci\u00f3n de vanguardia a pacientes de todas las edades. Los m\u00e9dicos &hellip; <\/p>\n<p class=\"link-more\"><a href=\"https:\/\/www.medexdtc.com\/es\/acerca-de-medex\/\" class=\"more-link\">Continue reading<span class=\"screen-reader-text\"> \u00abAcerca de Medex\u00bb<\/span><\/a><\/p>\n","protected":false},"author":3,"featured_media":0,"parent":0,"menu_order":0,"comment_status":"closed","ping_status":"closed","template":"new_inner.php","meta":{"_acf_changed":false,"footnotes":""},"class_list":["post-4128","page","type-page","status-publish","hentry"],"acf":[],"yoast_head":"<!-- This site is optimized with the Yoast SEO plugin v27.5 - https:\/\/yoast.com\/product\/yoast-seo-wordpress\/ -->\n<title>Sobre nosotros - Medex Diagnostic &amp; Treatment Center en Queens, NY<\/title>\n<meta name=\"description\" content=\"Medex Diagnostic &amp; Treatment Center es una cl\u00ednica multiespecialidad con un gran equipo de m\u00e9dicos experimentados dispuestos a ayudar a los pacientes de toda la ciudad de Nueva York.\" \/>\n<meta name=\"robots\" content=\"index, follow, max-snippet:-1, max-image-preview:large, max-video-preview:-1\" \/>\n<link rel=\"canonical\" href=\"https:\/\/www.medexdtc.com\/es\/acerca-de-medex\/\" \/>\n<meta property=\"og:locale\" content=\"es_ES\" \/>\n<meta property=\"og:type\" content=\"article\" \/>\n<meta property=\"og:title\" content=\"Sobre nosotros - Medex Diagnostic &amp; Treatment Center en Queens, NY\" \/>\n<meta property=\"og:description\" content=\"Medex Diagnostic &amp; Treatment Center es una cl\u00ednica multiespecialidad con un gran equipo de m\u00e9dicos experimentados dispuestos a ayudar a los pacientes de toda la ciudad de Nueva York.\" \/>\n<meta property=\"og:url\" content=\"https:\/\/www.medexdtc.com\/es\/acerca-de-medex\/\" \/>\n<meta property=\"og:site_name\" content=\"Medex Diagnostic and Treatment Center - Queens Medical Center - Medical Clinic in Forest Hills, NY\" \/>\n<meta property=\"article:publisher\" content=\"https:\/\/www.facebook.com\/medexny\" \/>\n<meta property=\"article:modified_time\" content=\"2025-09-14T23:28:03+00:00\" \/>\n<meta property=\"og:image\" content=\"https:\/\/www.medexdtc.com\/wp-content\/uploads\/2025\/01\/medex-side-medical-center-in-queens.jpg\" \/>\n\t<meta property=\"og:image:width\" content=\"900\" \/>\n\t<meta property=\"og:image:height\" content=\"506\" \/>\n\t<meta property=\"og:image:type\" content=\"image\/jpeg\" \/>\n<meta name=\"twitter:card\" content=\"summary_large_image\" \/>\n<meta name=\"twitter:site\" content=\"@DtcMedex\" \/>\n<meta name=\"twitter:label1\" content=\"Tiempo de lectura\" \/>\n\t<meta name=\"twitter:data1\" content=\"4 minutos\" \/>\n<!-- \/ Yoast SEO plugin. -->","yoast_head_json":{"title":"Sobre nosotros - Medex Diagnostic & Treatment Center en Queens, NY","description":"Medex Diagnostic & Treatment Center es una cl\u00ednica multiespecialidad con un gran equipo de m\u00e9dicos experimentados dispuestos a ayudar a los pacientes de toda la ciudad de Nueva York.","robots":{"index":"index","follow":"follow","max-snippet":"max-snippet:-1","max-image-preview":"max-image-preview:large","max-video-preview":"max-video-preview:-1"},"canonical":"https:\/\/www.medexdtc.com\/es\/acerca-de-medex\/","og_locale":"es_ES","og_type":"article","og_title":"Sobre nosotros - Medex Diagnostic & Treatment Center en Queens, NY","og_description":"Medex Diagnostic & Treatment Center es una cl\u00ednica multiespecialidad con un gran equipo de m\u00e9dicos experimentados dispuestos a ayudar a los pacientes de toda la ciudad de Nueva York.","og_url":"https:\/\/www.medexdtc.com\/es\/acerca-de-medex\/","og_site_name":"Medex Diagnostic and Treatment Center - Queens Medical Center - Medical Clinic in Forest Hills, NY","article_publisher":"https:\/\/www.facebook.com\/medexny","article_modified_time":"2025-09-14T23:28:03+00:00","og_image":[{"width":900,"height":506,"url":"https:\/\/www.medexdtc.com\/wp-content\/uploads\/2025\/01\/medex-side-medical-center-in-queens.jpg","type":"image\/jpeg"}],"twitter_card":"summary_large_image","twitter_site":"@DtcMedex","twitter_misc":{"Tiempo de lectura":"4 minutos"},"schema":{"@context":"https:\/\/schema.org","@graph":[{"@type":"WebPage","@id":"https:\/\/www.medexdtc.com\/es\/acerca-de-medex\/","url":"https:\/\/www.medexdtc.com\/es\/acerca-de-medex\/","name":"Sobre nosotros - Medex Diagnostic & Treatment Center en Queens, NY","isPartOf":{"@id":"https:\/\/www.medexdtc.com\/es\/#website"},"primaryImageOfPage":{"@id":"https:\/\/www.medexdtc.com\/es\/acerca-de-medex\/#primaryimage"},"image":{"@id":"https:\/\/www.medexdtc.com\/es\/acerca-de-medex\/#primaryimage"},"thumbnailUrl":"https:\/\/www.medexdtc.com\/wp-content\/uploads\/2025\/01\/medex-side-medical-center-in-queens.jpg","datePublished":"2025-01-18T18:03:32+00:00","dateModified":"2025-09-14T23:28:03+00:00","description":"Medex Diagnostic & Treatment Center es una cl\u00ednica multiespecialidad con un gran equipo de m\u00e9dicos experimentados dispuestos a ayudar a los pacientes de toda la ciudad de Nueva York.","breadcrumb":{"@id":"https:\/\/www.medexdtc.com\/es\/acerca-de-medex\/#breadcrumb"},"inLanguage":"es","potentialAction":[{"@type":"ReadAction","target":["https:\/\/www.medexdtc.com\/es\/acerca-de-medex\/"]}]},{"@type":"ImageObject","inLanguage":"es","@id":"https:\/\/www.medexdtc.com\/es\/acerca-de-medex\/#primaryimage","url":"https:\/\/www.medexdtc.com\/wp-content\/uploads\/2025\/01\/medex-side-medical-center-in-queens.jpg","contentUrl":"https:\/\/www.medexdtc.com\/wp-content\/uploads\/2025\/01\/medex-side-medical-center-in-queens.jpg"},{"@type":"BreadcrumbList","@id":"https:\/\/www.medexdtc.com\/es\/acerca-de-medex\/#breadcrumb","itemListElement":[{"@type":"ListItem","position":1,"name":"Home","item":"https:\/\/www.medexdtc.com\/es\/"},{"@type":"ListItem","position":2,"name":"Acerca de Medex"}]},{"@type":"WebSite","@id":"https:\/\/www.medexdtc.com\/es\/#website","url":"https:\/\/www.medexdtc.com\/es\/","name":"Medex DTC","description":"Medex Diagnostic and Treatment Center is a Medical Center in Queens, NY is a dynamic multi-specialty clinic. Physicians delivering high quality individualized care in Forest Hills, Queens, NY.","publisher":{"@id":"https:\/\/www.medexdtc.com\/es\/#organization"},"potentialAction":[{"@type":"SearchAction","target":{"@type":"EntryPoint","urlTemplate":"https:\/\/www.medexdtc.com\/es\/?s={search_term_string}"},"query-input":{"@type":"PropertyValueSpecification","valueRequired":true,"valueName":"search_term_string"}}],"inLanguage":"es"},{"@type":"Organization","@id":"https:\/\/www.medexdtc.com\/es\/#organization","name":"Medex DCT","url":"https:\/\/www.medexdtc.com\/es\/","logo":{"@type":"ImageObject","inLanguage":"es","@id":"https:\/\/www.medexdtc.com\/es\/#\/schema\/logo\/image\/","url":"https:\/\/www.medexdtc.com\/wp-content\/uploads\/2024\/11\/medex-diagnostic-and-treatment-center-in-queens-NY.png","contentUrl":"https:\/\/www.medexdtc.com\/wp-content\/uploads\/2024\/11\/medex-diagnostic-and-treatment-center-in-queens-NY.png","width":226,"height":47,"caption":"Medex DCT"},"image":{"@id":"https:\/\/www.medexdtc.com\/es\/#\/schema\/logo\/image\/"},"sameAs":["https:\/\/www.facebook.com\/medexny","https:\/\/x.com\/DtcMedex","https:\/\/www.instagram.com\/medexdtc\/","https:\/\/www.linkedin.com\/company\/medex-diagnostic-and-treatment-center\/about\/"]}]}},"jetpack_sharing_enabled":true,"_links":{"self":[{"href":"https:\/\/www.medexdtc.com\/es\/wp-json\/wp\/v2\/pages\/4128","targetHints":{"allow":["GET"]}}],"collection":[{"href":"https:\/\/www.medexdtc.com\/es\/wp-json\/wp\/v2\/pages"}],"about":[{"href":"https:\/\/www.medexdtc.com\/es\/wp-json\/wp\/v2\/types\/page"}],"author":[{"embeddable":true,"href":"https:\/\/www.medexdtc.com\/es\/wp-json\/wp\/v2\/users\/3"}],"replies":[{"embeddable":true,"href":"https:\/\/www.medexdtc.com\/es\/wp-json\/wp\/v2\/comments?post=4128"}],"version-history":[{"count":6,"href":"https:\/\/www.medexdtc.com\/es\/wp-json\/wp\/v2\/pages\/4128\/revisions"}],"predecessor-version":[{"id":6346,"href":"https:\/\/www.medexdtc.com\/es\/wp-json\/wp\/v2\/pages\/4128\/revisions\/6346"}],"wp:attachment":[{"href":"https:\/\/www.medexdtc.com\/es\/wp-json\/wp\/v2\/media?parent=4128"}],"curies":[{"name":"wp","href":"https:\/\/api.w.org\/{rel}","templated":true}]}}