{"id":4140,"date":"2025-01-28T04:16:40","date_gmt":"2025-01-27T23:16:40","guid":{"rendered":"https:\/\/www.medexdtc.com\/pruebas-de-conduccion-nerviosa\/"},"modified":"2025-03-02T06:01:10","modified_gmt":"2025-03-02T01:01:10","slug":"pruebas-de-conduccion-nerviosa","status":"publish","type":"page","link":"https:\/\/www.medexdtc.com\/es\/pruebas-de-conduccion-nerviosa\/","title":{"rendered":"Pruebas de conducci\u00f3n nerviosa"},"content":{"rendered":"<p>Las pruebas de conducci\u00f3n nerviosa son un procedimiento de vanguardia que utilizan los neur\u00f3logos para diagnosticar toda una serie de enfermedades nerviosas debilitantes y otras afecciones m\u00e9dicas. Sin el tratamiento adecuado, los problemas nerviosos tienden a empeorar. Si tus nervios te causan dolor e inhiben tu vida, los especialistas del Centro de Diagn\u00f3stico y Tratamiento Medex de Queens (Nueva York) utilizan esta t\u00e9cnica diagn\u00f3stica para descubrir el origen de tu dolor y comenzar el tratamiento de inmediato para evitar un mayor deterioro. Llama hoy mismo para obtener m\u00e1s informaci\u00f3n.   <\/p><p>Un estudio de conducci\u00f3n nerviosa -tambi\u00e9n llamado prueba de velocidad de conducci\u00f3n nerviosa (VCNV)- mide la rapidez con que los impulsos el\u00e9ctricos viajan por tus nervios. Tu m\u00e9dico lo utiliza para saber si tus nervios est\u00e1n lesionados. Los nervios da\u00f1ados ralentizan o incluso interfieren con el impulso el\u00e9ctrico durante una TVNC.  <\/p><p>La TVNC suele utilizarse en combinaci\u00f3n con pruebas de electromiograf\u00eda (EMG), que miden c\u00f3mo responden tus m\u00fasculos a los impulsos el\u00e9ctricos. Si tus m\u00fasculos no responden correctamente, tu m\u00e9dico debe evaluar los resultados de las dos pruebas para decidir si hay un problema en tus m\u00fasculos o en los nervios que les env\u00edan se\u00f1ales. Una vez identificado, tu m\u00e9dico inicia el tratamiento adecuado.  <\/p><h2 class=\"wp-block-heading\">\u00bfCu\u00e1ndo necesitas una prueba de conducci\u00f3n nerviosa?<\/h2><p>Mientras explicas a tu <a href=\"https:\/\/www.medexdtc.com\/primary-care\/\">m\u00e9dico de atenci\u00f3n primaria<\/a> qu\u00e9 tipo de problemas tienes, tu m\u00e9dico puede decidir traer a un <a href=\"https:\/\/www.medexdtc.com\/endocrinology\/\">especialista en endocrinolog\u00eda<\/a>. \u00c9se es el valor de visitar el Centro de Diagn\u00f3stico y Tratamiento Medex de Queens, NY, una consulta multiespecialidad. No importa lo que necesites, encontrar\u00e1s un especialista para ello.  <\/p><p>Los endocrin\u00f3logos que administran la TVNC utilizan los equipos m\u00e1s modernos, y te proporcionan cualquier tratamiento de seguimiento que puedas necesitar. Si tus m\u00e9dicos deciden que necesitas una NCVT, suele ser porque tus s\u00edntomas incluyen: <\/p><ul class=\"wp-block-list\"><li>Molestias que var\u00edan de leves a m\u00e1s graves<\/li>\n\n<li>Calambres o dolores musculares inusuales<\/li>\n\n<li>Debilidad muscular notable<\/li>\n\n<li>Hormigueo o entumecimiento en una zona concreta<\/li><\/ul><h2 class=\"wp-block-heading\">\u00bfQu\u00e9 condiciones indican la necesidad de una TVNC?<\/h2><p>Al diagnosticar tu problema, el m\u00e9dico de Medex debe determinar si son los m\u00fasculos o los nervios los que est\u00e1n detr\u00e1s de tus s\u00edntomas. Tu tratamiento var\u00eda en funci\u00f3n del diagn\u00f3stico. Las enfermedades que afectan a los nervios son  <\/p><ul class=\"wp-block-list\"><li><strong>Una <a href=\"https:\/\/www.medexdtc.com\/herniated-discs\/\">hernia discal<\/a>.<\/strong> Los discos que separan tus v\u00e9rtebras pueden romperse, permitiendo que la parte blanda interior salga a trav\u00e9s de la carcasa dura. El disco da\u00f1ado puede ejercer presi\u00f3n sobre los nervios raqu\u00eddeos, provocando dolor, hormigueo y lesiones nerviosas. <\/li>\n\n<li><strong>S\u00edndrome del t\u00fanel carpiano.<\/strong>  El nervio mediano que va del antebrazo a la mano puede estar comprimido por ligamentos y tendones da\u00f1ados o sobrecargados. Si es as\u00ed, puedes notar entumecimiento y dolor en los dedos, y tener problemas para agarrar objetos. <\/li>\n\n<li><strong>Trastorno de Charcot-Marie-Tooth.<\/strong>  Es posible que notes una disfunci\u00f3n nerviosa sensorial y motora en los m\u00fasculos de la parte inferior de la pierna y del pie. Se trata de una enfermedad hereditaria. <\/li>\n\n<li><strong>S\u00edndrome de Guillain-Barr\u00e9.<\/strong>  Con esta enfermedad, el sistema inmunitario de tu cuerpo funciona mal y empieza a atacar a tu sistema nervioso perif\u00e9rico. A menudo notas hormigueo o debilidad en la parte inferior de las piernas y los pies como primera se\u00f1al. <\/li>\n\n<li><strong>Ci\u00e1tica.<\/strong>  El nervio ci\u00e1tico va desde la columna vertebral hasta las piernas. La presi\u00f3n de una hernia discal puede pinzar el nervio, enviando el dolor a lo largo del mismo. Los s\u00edntomas habituales son hormigueo, entumecimiento, dolor y debilidad. La ci\u00e1tica suele limitarse a una pierna.   <\/li>\n\n<li><strong>Afecciones inflamatorias cr\u00f3nicas.<\/strong> Si padeces alcoholismo o <a href=\"https:\/\/www.medexdtc.com\/diabetes\/\">diabetes<\/a>, puedes notar hormigueo o entumecimiento en una o varias partes del cuerpo, sobre todo en las manos o los pies.<\/li><\/ul><h2 class=\"wp-block-heading\">\u00bfQu\u00e9 ocurre durante una prueba de conducci\u00f3n nerviosa?<\/h2><p>La prueba utiliza peque\u00f1os electrodos que emiten impulsos el\u00e9ctricos muy leves a trav\u00e9s de dos parches adheridos a tu piel. Uno de los electrodos transmite una se\u00f1al por un nervio, mientras que el otro la recibe. La duraci\u00f3n de la prueba depende del n\u00famero de nervios que tu m\u00e9dico desee examinar.  <\/p><p>Unos d\u00edas antes del examen, deja de usar lociones o aceites. Aseg\u00farate de que tienes una temperatura corporal normal, ya que las temperaturas corporales m\u00e1s bajas ralentizan los impulsos el\u00e9ctricos, sesgando los resultados. Informa a tu endocrino Medex de cualquier medicamento que est\u00e9s tomando, con o sin receta. La prueba sigue varios pasos que incluyen:   <\/p><ol class=\"wp-block-list\"><li>El especialista te pide que te quites cualquier objeto met\u00e1lico -como joyas, aud\u00edfonos o gafas- para que no interfieran con los impulsos el\u00e9ctricos. Tienes que ponerte una bata de hospital para que el m\u00e9dico pueda acceder a la zona sometida a prueba. <\/li>\n\n<li>Despu\u00e9s de que el m\u00e9dico fije los electrodos a tu piel y confirme que est\u00e1s c\u00f3modo, se env\u00eda un impulso el\u00e9ctrico de uno a otro. La prueba consiste en medir el tiempo necesario para que el impulso recorra la longitud de tu nervio. <\/li>\n\n<li>Puedes notar una leve y breve descarga del electrodo durante los impulsos. Aunque la mayor\u00eda de la gente tolera bien la prueba, puede causar una peque\u00f1a molestia. <\/li>\n\n<li>Tu m\u00e9dico registra la respuesta nerviosa, incluida la intensidad y la velocidad de la se\u00f1al, para utilizarla en la determinaci\u00f3n del diagn\u00f3stico.<\/li><\/ol><p>Tras el procedimiento, puedes volver a tus actividades normales sin limitaciones, aunque puedes notar ligeros hematomas u hormigueos durante las horas siguientes. Una vez que un neur\u00f3logo examina los resultados, tu m\u00e9dico dise\u00f1a un r\u00e9gimen de tratamiento adecuado. El diagn\u00f3stico precoz y el tratamiento preventivo son los objetivos del Centro de Diagn\u00f3stico y Tratamiento Medex. <a href=\"https:\/\/www.medexdtc.com\/es\/pruebas-de-conduccion-nerviosa\/#contact-form\">Ponte en contacto hoy mismo con tu m\u00e9dico de Queens<\/a> para tratar tu dolencia antes de que empeore.  <\/p><p><\/p><p>Podemos ayudarte a encontrar m\u00e9dico. Llama al <a href=\"tel:+17182758900\">(718) 275-8900<\/a> <\/p><p><\/p><p>Con licencia del estado de Nueva York, Medex es un centro de diagn\u00f3stico y tratamiento del art\u00edculo 28. Nuestros m\u00e9dicos proporcionan atenci\u00f3n integral a pacientes de todas las edades en la zona de Forest Hills, Queens, desde hace m\u00e1s de 15 a\u00f1os. Empieza a recibir atenci\u00f3n experta ahora llamando o concertando una cita en l\u00ednea con uno de los especialistas cualificados.  <\/p>","protected":false},"excerpt":{"rendered":"<p>Las pruebas de conducci\u00f3n nerviosa son un procedimiento de vanguardia que utilizan los neur\u00f3logos para diagnosticar toda una serie de enfermedades nerviosas debilitantes y otras afecciones m\u00e9dicas. Sin el tratamiento adecuado, los problemas nerviosos tienden a empeorar. Si tus nervios te causan dolor e inhiben tu vida, los especialistas del Centro de Diagn\u00f3stico y Tratamiento &hellip; <\/p>\n<p class=\"link-more\"><a href=\"https:\/\/www.medexdtc.com\/es\/pruebas-de-conduccion-nerviosa\/\" class=\"more-link\">Continue reading<span class=\"screen-reader-text\"> \u00abPruebas de conducci\u00f3n nerviosa\u00bb<\/span><\/a><\/p>\n","protected":false},"author":3,"featured_media":0,"parent":0,"menu_order":0,"comment_status":"closed","ping_status":"closed","template":"new_inner.php","meta":{"_acf_changed":false,"footnotes":""},"class_list":["post-4140","page","type-page","status-publish","hentry"],"acf":[],"yoast_head":"<!-- This site is optimized with the Yoast SEO plugin v27.5 - https:\/\/yoast.com\/product\/yoast-seo-wordpress\/ -->\n<title>Pruebas de conducci\u00f3n nerviosa | Los mejores especialistas en endocrinolog\u00eda en Forest Hills, Queens, NY<\/title>\n<meta name=\"description\" content=\"La prueba de conducci\u00f3n nerviosa es un procedimiento utilizado por los neur\u00f3logos del Medex - Centro M\u00e9dico de Especialidades M\u00faltiples de Forest Hills, Queens, NY, para diagnosticar toda una serie de enfermedades nerviosas debilitantes y otras afecciones m\u00e9dicas.\" \/>\n<meta name=\"robots\" content=\"index, follow, max-snippet:-1, max-image-preview:large, max-video-preview:-1\" \/>\n<link rel=\"canonical\" href=\"https:\/\/www.medexdtc.com\/es\/pruebas-de-conduccion-nerviosa\/\" \/>\n<meta property=\"og:locale\" content=\"es_ES\" \/>\n<meta property=\"og:type\" content=\"article\" \/>\n<meta property=\"og:title\" content=\"Pruebas de conducci\u00f3n nerviosa | Los mejores especialistas en endocrinolog\u00eda en Forest Hills, Queens, NY\" \/>\n<meta property=\"og:description\" content=\"La prueba de conducci\u00f3n nerviosa es un procedimiento utilizado por los neur\u00f3logos del Medex - Centro M\u00e9dico de Especialidades M\u00faltiples de Forest Hills, Queens, NY, para diagnosticar toda una serie de enfermedades nerviosas debilitantes y otras afecciones m\u00e9dicas.\" \/>\n<meta property=\"og:url\" content=\"https:\/\/www.medexdtc.com\/es\/pruebas-de-conduccion-nerviosa\/\" \/>\n<meta property=\"og:site_name\" content=\"Medex Diagnostic and Treatment Center - Queens Medical Center - Medical Clinic in Forest Hills, NY\" \/>\n<meta property=\"article:publisher\" content=\"https:\/\/www.facebook.com\/medexny\" \/>\n<meta property=\"article:modified_time\" content=\"2025-03-02T01:01:10+00:00\" \/>\n<meta name=\"twitter:card\" content=\"summary_large_image\" \/>\n<meta name=\"twitter:site\" content=\"@DtcMedex\" \/>\n<meta name=\"twitter:label1\" content=\"Tiempo de lectura\" \/>\n\t<meta name=\"twitter:data1\" content=\"5 minutos\" \/>\n<!-- \/ Yoast SEO plugin. -->","yoast_head_json":{"title":"Pruebas de conducci\u00f3n nerviosa | Los mejores especialistas en endocrinolog\u00eda en Forest Hills, Queens, NY","description":"La prueba de conducci\u00f3n nerviosa es un procedimiento utilizado por los neur\u00f3logos del Medex - Centro M\u00e9dico de Especialidades M\u00faltiples de Forest Hills, Queens, NY, para diagnosticar toda una serie de enfermedades nerviosas debilitantes y otras afecciones m\u00e9dicas.","robots":{"index":"index","follow":"follow","max-snippet":"max-snippet:-1","max-image-preview":"max-image-preview:large","max-video-preview":"max-video-preview:-1"},"canonical":"https:\/\/www.medexdtc.com\/es\/pruebas-de-conduccion-nerviosa\/","og_locale":"es_ES","og_type":"article","og_title":"Pruebas de conducci\u00f3n nerviosa | Los mejores especialistas en endocrinolog\u00eda en Forest Hills, Queens, NY","og_description":"La prueba de conducci\u00f3n nerviosa es un procedimiento utilizado por los neur\u00f3logos del Medex - Centro M\u00e9dico de Especialidades M\u00faltiples de Forest Hills, Queens, NY, para diagnosticar toda una serie de enfermedades nerviosas debilitantes y otras afecciones m\u00e9dicas.","og_url":"https:\/\/www.medexdtc.com\/es\/pruebas-de-conduccion-nerviosa\/","og_site_name":"Medex Diagnostic and Treatment Center - Queens Medical Center - Medical Clinic in Forest Hills, NY","article_publisher":"https:\/\/www.facebook.com\/medexny","article_modified_time":"2025-03-02T01:01:10+00:00","twitter_card":"summary_large_image","twitter_site":"@DtcMedex","twitter_misc":{"Tiempo de lectura":"5 minutos"},"schema":{"@context":"https:\/\/schema.org","@graph":[{"@type":"WebPage","@id":"https:\/\/www.medexdtc.com\/es\/pruebas-de-conduccion-nerviosa\/","url":"https:\/\/www.medexdtc.com\/es\/pruebas-de-conduccion-nerviosa\/","name":"Pruebas de conducci\u00f3n nerviosa | Los mejores especialistas en endocrinolog\u00eda en Forest Hills, Queens, NY","isPartOf":{"@id":"https:\/\/www.medexdtc.com\/es\/#website"},"datePublished":"2025-01-27T23:16:40+00:00","dateModified":"2025-03-02T01:01:10+00:00","description":"La prueba de conducci\u00f3n nerviosa es un procedimiento utilizado por los neur\u00f3logos del Medex - Centro M\u00e9dico de Especialidades M\u00faltiples de Forest Hills, Queens, NY, para diagnosticar toda una serie de enfermedades nerviosas debilitantes y otras afecciones m\u00e9dicas.","breadcrumb":{"@id":"https:\/\/www.medexdtc.com\/es\/pruebas-de-conduccion-nerviosa\/#breadcrumb"},"inLanguage":"es","potentialAction":[{"@type":"ReadAction","target":["https:\/\/www.medexdtc.com\/es\/pruebas-de-conduccion-nerviosa\/"]}]},{"@type":"BreadcrumbList","@id":"https:\/\/www.medexdtc.com\/es\/pruebas-de-conduccion-nerviosa\/#breadcrumb","itemListElement":[{"@type":"ListItem","position":1,"name":"Home","item":"https:\/\/www.medexdtc.com\/es\/"},{"@type":"ListItem","position":2,"name":"Pruebas de conducci\u00f3n nerviosa"}]},{"@type":"WebSite","@id":"https:\/\/www.medexdtc.com\/es\/#website","url":"https:\/\/www.medexdtc.com\/es\/","name":"Medex DTC","description":"Medex Diagnostic and Treatment Center is a Medical Center in Queens, NY is a dynamic multi-specialty clinic. Physicians delivering high quality individualized care in Forest Hills, Queens, NY.","publisher":{"@id":"https:\/\/www.medexdtc.com\/es\/#organization"},"potentialAction":[{"@type":"SearchAction","target":{"@type":"EntryPoint","urlTemplate":"https:\/\/www.medexdtc.com\/es\/?s={search_term_string}"},"query-input":{"@type":"PropertyValueSpecification","valueRequired":true,"valueName":"search_term_string"}}],"inLanguage":"es"},{"@type":"Organization","@id":"https:\/\/www.medexdtc.com\/es\/#organization","name":"Medex DCT","url":"https:\/\/www.medexdtc.com\/es\/","logo":{"@type":"ImageObject","inLanguage":"es","@id":"https:\/\/www.medexdtc.com\/es\/#\/schema\/logo\/image\/","url":"https:\/\/www.medexdtc.com\/wp-content\/uploads\/2024\/11\/medex-diagnostic-and-treatment-center-in-queens-NY.png","contentUrl":"https:\/\/www.medexdtc.com\/wp-content\/uploads\/2024\/11\/medex-diagnostic-and-treatment-center-in-queens-NY.png","width":226,"height":47,"caption":"Medex DCT"},"image":{"@id":"https:\/\/www.medexdtc.com\/es\/#\/schema\/logo\/image\/"},"sameAs":["https:\/\/www.facebook.com\/medexny","https:\/\/x.com\/DtcMedex","https:\/\/www.instagram.com\/medexdtc\/","https:\/\/www.linkedin.com\/company\/medex-diagnostic-and-treatment-center\/about\/"]}]}},"jetpack_sharing_enabled":true,"_links":{"self":[{"href":"https:\/\/www.medexdtc.com\/es\/wp-json\/wp\/v2\/pages\/4140","targetHints":{"allow":["GET"]}}],"collection":[{"href":"https:\/\/www.medexdtc.com\/es\/wp-json\/wp\/v2\/pages"}],"about":[{"href":"https:\/\/www.medexdtc.com\/es\/wp-json\/wp\/v2\/types\/page"}],"author":[{"embeddable":true,"href":"https:\/\/www.medexdtc.com\/es\/wp-json\/wp\/v2\/users\/3"}],"replies":[{"embeddable":true,"href":"https:\/\/www.medexdtc.com\/es\/wp-json\/wp\/v2\/comments?post=4140"}],"version-history":[{"count":1,"href":"https:\/\/www.medexdtc.com\/es\/wp-json\/wp\/v2\/pages\/4140\/revisions"}],"predecessor-version":[{"id":4142,"href":"https:\/\/www.medexdtc.com\/es\/wp-json\/wp\/v2\/pages\/4140\/revisions\/4142"}],"wp:attachment":[{"href":"https:\/\/www.medexdtc.com\/es\/wp-json\/wp\/v2\/media?parent=4140"}],"curies":[{"name":"wp","href":"https:\/\/api.w.org\/{rel}","templated":true}]}}