{"id":4176,"date":"2023-08-22T09:27:20","date_gmt":"2023-08-22T04:27:20","guid":{"rendered":"https:\/\/www.medexdtc.com\/medicina-funcional-e-integrativa-en-forest-hills-queens-ny\/"},"modified":"2023-08-22T09:27:20","modified_gmt":"2023-08-22T04:27:20","slug":"medicina-funcional-e-integrativa-en-forest-hills-queens-ny","status":"publish","type":"page","link":"https:\/\/www.medexdtc.com\/es\/medicina-funcional-e-integrativa-en-forest-hills-queens-ny\/","title":{"rendered":"Medicina Funcional e Integrativa en Forest Hills, Queens, NY"},"content":{"rendered":"<p><strong>En <a href=\"https:\/\/www.medexdtc.com\/es\/\">el Centro de Diagn\u00f3stico y Tratamiento Medex<\/a>, nos comprometemos a ofrecer las mejores y m\u00e1s completas pruebas y diagn\u00f3sticos junto con un tratamiento de vanguardia, adoptando un enfoque de la atenci\u00f3n primaria y especializada centrado en el paciente. Al estar a la vanguardia de la medicina funcional e integradora, nuestra consulta de Queens, Nueva York, se dedica a ofrecer intervenciones basadas en pruebas y probadas con el tiempo que abordan no s\u00f3lo los aspectos f\u00edsicos de la salud, sino que tambi\u00e9n tienen en cuenta el bienestar emocional, mental y espiritual de cada persona. Con un equipo de internistas cualificados, ofrecemos una combinaci\u00f3n \u00fanica de medicina convencional y terapias hol\u00edsticas y complementarias, fomentando la colaboraci\u00f3n con nuestros pacientes para lograr una salud \u00f3ptima y un bienestar integral.  <\/strong><\/p>\n<h2>\u00bfQu\u00e9 es la medicina integrativa?<\/h2>\n<p>La medicina integrativa es un enfoque hol\u00edstico y progresista de la asistencia sanitaria que combina conceptos de la medicina convencional con terapias complementarias y alternativas basadas en pruebas. En esencia, la medicina integrativa trata de abordar los diversos factores que influyen en la salud y el bienestar de una persona. <\/p>\n<p>\u00bfBuscas medicina integrativa cerca de ti? Visita el Centro de Diagn\u00f3stico y Tratamiento Medex en Queens, NY, donde ofrecemos servicios hol\u00edsticos y completos de medicina integrativa para apoyar tu salud y bienestar generales. <\/p>\n<p><strong><a href=\"https:\/\/www.medexdtc.com\/es\/medex-dtc-medicos-de-queens\/dr-david-khasidy\/\">David Khasidy, MD, Internista, M\u00e9dico de Atenci\u00f3n Primaria Queens,NY  <\/a><\/strong><\/p>\n<div class=\"wp-block-buttons\">\n<div class=\"wp-block-button\"><a class=\"wp-block-button__link has-vivid-red-background-color has-background wp-element-button\" href=\"https:\/\/app.nexhealth.com\/appt\/medex-diagnostic-and-treatment-center\">Schedule Appointment<\/a><\/div>\n<\/div>\n<p>A diferencia del modelo tradicional de \u00abtalla \u00fanica\u00bb, la medicina integrativa entiende que cada persona es \u00fanica, con su propia composici\u00f3n gen\u00e9tica, estilo de vida, exposiciones ambientales y estado emocional. Este enfoque integral permite comprender mejor las causas subyacentes de los problemas de salud. Tu participaci\u00f3n activa es esencial. Nuestros profesionales sanitarios colaboran contigo para desarrollar un plan de tratamiento a medida que refleje tus creencias, intereses y objetivos de salud. Esta colaboraci\u00f3n te permite tomar decisiones informadas sobre tu asistencia.    <\/p>\n<p>La medicina integrativa se basa en la premisa de que la salud es algo m\u00e1s que la simple ausencia de enfermedad. Al tener en cuenta todos los aspectos de la vida de una persona, nuestros profesionales sanitarios se proponen identificar y abordar las causas profundas de los problemas de salud mediante intervenciones basadas en pruebas y probadas con el tiempo que ayudan a apoyar la capacidad inherente de tu cuerpo para autocurarse. <\/p>\n<h2>\u00bfEn qu\u00e9 consiste la medicina integrativa en Queens?<\/h2>\n<p>La medicina integrativa es un enfoque de la asistencia sanitaria din\u00e1mico y centrado en el paciente que abarca un amplio espectro de pr\u00e1cticas, tratamientos y filosof\u00edas. Arraigada en la creencia de que la mente, el cuerpo y el esp\u00edritu est\u00e1n interconectados, la medicina integrativa pretende proporcionar una atenci\u00f3n integral que aborde toda la gama de factores que influyen en la salud de una persona. <\/p>\n<p><strong>En el Centro de Diagn\u00f3stico y Tratamiento Medex, nuestro enfoque de tu atenci\u00f3n incluir\u00eda:<\/strong><\/p>\n<ul>\n<li>Exploraci\u00f3n f\u00edsica completa<\/li>\n<li>Examinar tu historial m\u00e9dico, familiar y social, el uso de medicamentos y suplementos, el sue\u00f1o y la dieta, etc.<\/li>\n<li>Pruebas de laboratorio adicionales, si son necesarias, incluidos an\u00e1lisis de sangre generales, evaluaci\u00f3n hormonal, pruebas de deficiencias nutricionales, pruebas funcionales GI, prueba de perfil de ADN, evaluaciones cardiovasculares e inflamatorias completas, pruebas de neurotransmisores y pruebas de carga de toxinas.<\/li>\n<li>Debate en profundidad y orientaci\u00f3n sobre la gesti\u00f3n del estilo de vida, t\u00e9cnicas de control del estr\u00e9s, reg\u00edmenes de ejercicio, estrategias de higiene del sue\u00f1o y, si es necesario, sugerencias de terapias adicionales, como acupuntura, quiropr\u00e1ctica, fitoterapia, masoterapia, yoga y meditaci\u00f3n.<\/li>\n<\/ul>\n<p>Luego concertamos una reuni\u00f3n de seguimiento para repasar los resultados, ajustar potencialmente las recomendaciones y afinar tu plan de tratamiento personalizado. Nos dedicamos a ayudarte en todo lo posible para que puedas vivir la vida que te mereces. <\/p>\n<h2>\u00bfQu\u00e9 tipos de medicina integrativa existen?<\/h2>\n<p>Nuestros reputados m\u00e9dicos adoptan un enfoque diverso e integrador de la medicina integrativa, explorando las opciones m\u00e1s adecuadas desde las ciencias hol\u00edsticas hasta la medicina alternativa y ofreciendo una serie de terapias basadas en pruebas que complementan las pr\u00e1cticas m\u00e9dicas convencionales, entre ellas:<\/p>\n<h3>Acupuntura<\/h3>\n<p>La acupuntura es una terapia tradicional basada en la medicina china. Consiste en colocar estrat\u00e9gicamente unas finas agujas a lo largo de las v\u00edas energ\u00e9ticas, o meridianos, para estimular puntos espec\u00edficos del cuerpo. Se ha demostrado que esta pr\u00e1ctica <a href=\"https:\/\/www.medexdtc.com\/es\/vertigo-dizziness-balance\/\">mejora el equilibrio<\/a>, alivia el dolor y potencia las capacidades curativas naturales del cuerpo.  <\/p>\n<h3>Atenci\u00f3n Quiropr\u00e1ctica<\/h3>\n<p>La atenci\u00f3n quiropr\u00e1ctica se centra en la columna vertebral y el sistema musculoesquel\u00e9tico, con el objetivo de mejorar la alineaci\u00f3n de la columna y el funcionamiento del sistema nervioso. Mediante ajustes manuales, los quiropr\u00e1cticos tratan de aliviar el dolor, aumentar la movilidad e impulsar el bienestar f\u00edsico general. <\/p>\n<h3>Medicina herbal<\/h3>\n<p>La fitoterapia aprovecha las propiedades curativas de las plantas y los productos bot\u00e1nicos para apoyar diversos objetivos de salud. Los remedios a base de plantas pueden incluir infusiones, suplementos y aplicaciones t\u00f3picas, para tratar una amplia gama de afecciones, desde trastornos del sue\u00f1o hasta problemas digestivos. <\/p>\n<h3>Terapia de masaje<\/h3>\n<p>La terapia de masaje implica la manipulaci\u00f3n manual de los tejidos blandos para aliviar la tensi\u00f3n, reducir el estr\u00e9s y mejorar la circulaci\u00f3n. Se emplean distintas t\u00e9cnicas para tratar zonas espec\u00edficas del cuerpo, favoreciendo la relajaci\u00f3n y ayudando a la recuperaci\u00f3n. <\/p>\n<h3>Asesoramiento nutricional<\/h3>\n<p>El asesoramiento nutricional ofrece orientaci\u00f3n personalizada sobre opciones diet\u00e9ticas que apoyen tus objetivos de salud. Nuestros expertos analizan tus necesidades nutricionales y proporcionan recomendaciones para optimizar tu dieta, abordando preocupaciones como <a href=\"https:\/\/www.medexdtc.com\/es\/obesity\/\">el control del peso<\/a>, los niveles de energ\u00eda y las enfermedades cr\u00f3nicas. <\/p>\n<h3>T\u00e9cnicas Mente-Cuerpo<\/h3>\n<p>Las t\u00e9cnicas mente-cuerpo, como la meditaci\u00f3n, la atenci\u00f3n plena y los ejercicios de relajaci\u00f3n, fomentan el equilibrio emocional y la reducci\u00f3n del estr\u00e9s. Estas pr\u00e1cticas te capacitan para cultivar la claridad mental, la resiliencia y una sensaci\u00f3n de paz interior. <\/p>\n<h3>Yoga y Tai Chi<\/h3>\n<p>El yoga y el Tai Chi combinan movimientos suaves, control de la respiraci\u00f3n y atenci\u00f3n plena para mejorar la flexibilidad f\u00edsica, el equilibrio y el bienestar mental. Estas pr\u00e1cticas fomentan la conexi\u00f3n armoniosa entre cuerpo y mente. <\/p>\n<h3>Homeopat\u00eda<\/h3>\n<p>La homeopat\u00eda consiste en utilizar sustancias naturales muy diluidas para estimular los mecanismos de autocuraci\u00f3n del organismo. Esta pr\u00e1ctica se basa en el concepto de que \u00ablo semejante cura lo semejante\u00bb y tiene por objeto tratar los desequilibrios y promover la salud. <\/p>\n<h3>Sanaci\u00f3n energ\u00e9tica<\/h3>\n<p>Las modalidades de curaci\u00f3n energ\u00e9tica, como el Reiki y el Qigong, se centran en equilibrar y canalizar la energ\u00eda del cuerpo para promover la curaci\u00f3n y el bienestar. Estas pr\u00e1cticas se basan en la creencia de que una fuerza vital fluye dentro de nosotros, afectando a nuestra salud en varios niveles. <\/p>\n<h3>Nutrici\u00f3n Integrativa<\/h3>\n<p>La nutrici\u00f3n integrativa explora la conexi\u00f3n entre los alimentos y la salud, haciendo hincapi\u00e9 en los alimentos integrales, las opciones densas en nutrientes y los h\u00e1bitos alimentarios conscientes. Este enfoque favorece el bienestar f\u00edsico y emocional. <\/p>\n<p><strong>5.0\u2605\u2605\u2605\u2605\u2605<\/strong><\/p>\n<p>Medex en Forest Hills, N.Y. tiene un servicio excelente. Los doctores y el personal son muy acogedores y se adaptan a tus necesidades y horarios. Se ocupan de los negocios y tambi\u00e9n son un grupo divertido y cari\u00f1oso. Recomiendo encarecidamente a cualquiera que venga aqu\u00ed.<\/p>\n<h2>\u00bfCu\u00e1les son los beneficios de la medicina integrativa en Queens?<\/h2>\n<p>La medicina integrativa ofrece un enfoque hol\u00edstico que te capacita para tomar las riendas de tu camino hacia la salud. Adopta un camino integral hacia una vitalidad \u00f3ptima y un bienestar duradero, y explora los innumerables beneficios que te esperan, entre ellos: <\/p>\n<ul>\n<li>Planes de tratamiento hol\u00edsticos personalizados que se ajustan a tus objetivos, preferencias y valores espec\u00edficos<\/li>\n<li>Tratamiento de enfermedades existentes y prevenci\u00f3n de problemas de salud futuros<\/li>\n<li>Reducci\u00f3n de la dependencia de los medicamentos<\/li>\n<li>Reducci\u00f3n del estr\u00e9s y bienestar emocional<\/li>\n<li>Cicatrizaci\u00f3n y recuperaci\u00f3n optimizadas de cirug\u00edas o tratamientos m\u00e9dicos<\/li>\n<li>Los conocimientos y herramientas necesarios para tomar decisiones informadas sobre tu salud<\/li>\n<li>Mejora de la calidad de vida con niveles generales de energ\u00eda m\u00e1s elevados, mejor sue\u00f1o, mayor vitalidad y una sensaci\u00f3n general de mayor plenitud<\/li>\n<\/ul>\n<p><strong>El <a href=\"https:\/\/www.medexdtc.com\/es\/medex-dtc-medicos-de-queens\/\">equipo del Centro de Diagn\u00f3stico y Tratamiento Medex<\/a> se enorgullece de guiarte por un camino que integra lo mejor de ambos mundos m\u00e9dicos: el tradicional y el complementario. Para m\u00e1s informaci\u00f3n sobre la medicina integrativa en nuestro centro m\u00e9dico multiespecialidad de NY o para concertar una cita con uno de nuestros especialistas internos, ll\u00e1manos al (718) 275-8900. Tambi\u00e9n puedes visitar nuestra cl\u00ednica y comprobar por ti mismo por qu\u00e9 tantos pacientes de Queens, NY nos consideran los mejores internistas especializados en medicina complementaria y alternativa, as\u00ed como en m\u00e9todos ortodoxos de diagn\u00f3stico y tratamiento.  <\/strong><\/p>\n<p>Podemos ayudarte a encontrar m\u00e9dico. Ll\u00e1manos hoy: <a href=\"tel:+17182758900\">(718) 275-8900<\/a> <\/p>\n<p>Con licencia del estado de Nueva York, Medex es un centro de diagn\u00f3stico y tratamiento del art\u00edculo 28. Nuestros m\u00e9dicos proporcionan atenci\u00f3n integral a pacientes de todas las edades en la zona de Forest Hills, Queens, desde hace m\u00e1s de 15 a\u00f1os. Empieza a recibir atenci\u00f3n experta ahora llamando o concertando una cita en l\u00ednea con uno de los especialistas cualificados.<\/p>\n","protected":false},"excerpt":{"rendered":"<p>En el Centro de Diagn\u00f3stico y Tratamiento Medex, nos comprometemos a ofrecer las mejores y m\u00e1s completas pruebas y diagn\u00f3sticos junto con un tratamiento de vanguardia, adoptando un enfoque de la atenci\u00f3n primaria y especializada centrado en el paciente. Al estar a la vanguardia de la medicina funcional e integradora, nuestra consulta de Queens, Nueva &hellip; <\/p>\n<p class=\"link-more\"><a href=\"https:\/\/www.medexdtc.com\/es\/medicina-funcional-e-integrativa-en-forest-hills-queens-ny\/\" class=\"more-link\">Continue reading<span class=\"screen-reader-text\"> \u00abMedicina Funcional e Integrativa en Forest Hills, Queens, NY\u00bb<\/span><\/a><\/p>\n","protected":false},"author":3,"featured_media":0,"parent":0,"menu_order":0,"comment_status":"closed","ping_status":"closed","template":"new_inner.php","meta":{"_acf_changed":false,"footnotes":""},"class_list":["post-4176","page","type-page","status-publish","hentry"],"acf":[],"yoast_head":"<!-- This site is optimized with the Yoast SEO plugin v27.5 - https:\/\/yoast.com\/product\/yoast-seo-wordpress\/ -->\n<title>Medicina Funcional e Integrativa Queens | M\u00e9dico Hol\u00edstico en Forest Hills, NY<\/title>\n<meta name=\"description\" content=\"Si buscas un m\u00e9dico de medicina funcional e integrativa de confianza en Queens, NY, visita Medex Diagnostic and Treatment Center. Nuestros especialistas ofrecen medicina hol\u00edstica avanzada en Forest Hils. \u00a1Ll\u00e1manos ahora!\" \/>\n<meta name=\"robots\" content=\"index, follow, max-snippet:-1, max-image-preview:large, max-video-preview:-1\" \/>\n<link rel=\"canonical\" href=\"https:\/\/www.medexdtc.com\/es\/medicina-funcional-e-integrativa-en-forest-hills-queens-ny\/\" \/>\n<meta property=\"og:locale\" content=\"es_ES\" \/>\n<meta property=\"og:type\" content=\"article\" \/>\n<meta property=\"og:title\" content=\"Medicina Funcional e Integrativa Queens | M\u00e9dico Hol\u00edstico en Forest Hills, NY\" \/>\n<meta property=\"og:description\" content=\"Si buscas un m\u00e9dico de medicina funcional e integrativa de confianza en Queens, NY, visita Medex Diagnostic and Treatment Center. Nuestros especialistas ofrecen medicina hol\u00edstica avanzada en Forest Hils. \u00a1Ll\u00e1manos ahora!\" \/>\n<meta property=\"og:url\" content=\"https:\/\/www.medexdtc.com\/es\/medicina-funcional-e-integrativa-en-forest-hills-queens-ny\/\" \/>\n<meta property=\"og:site_name\" content=\"Medex Diagnostic and Treatment Center - Queens Medical Center - Medical Clinic in Forest Hills, NY\" \/>\n<meta property=\"article:publisher\" content=\"https:\/\/www.facebook.com\/medexny\" \/>\n<meta name=\"twitter:card\" content=\"summary_large_image\" \/>\n<meta name=\"twitter:site\" content=\"@DtcMedex\" \/>\n<meta name=\"twitter:label1\" content=\"Tiempo de lectura\" \/>\n\t<meta name=\"twitter:data1\" content=\"8 minutos\" \/>\n<!-- \/ Yoast SEO plugin. -->","yoast_head_json":{"title":"Medicina Funcional e Integrativa Queens | M\u00e9dico Hol\u00edstico en Forest Hills, NY","description":"Si buscas un m\u00e9dico de medicina funcional e integrativa de confianza en Queens, NY, visita Medex Diagnostic and Treatment Center. Nuestros especialistas ofrecen medicina hol\u00edstica avanzada en Forest Hils. \u00a1Ll\u00e1manos ahora!","robots":{"index":"index","follow":"follow","max-snippet":"max-snippet:-1","max-image-preview":"max-image-preview:large","max-video-preview":"max-video-preview:-1"},"canonical":"https:\/\/www.medexdtc.com\/es\/medicina-funcional-e-integrativa-en-forest-hills-queens-ny\/","og_locale":"es_ES","og_type":"article","og_title":"Medicina Funcional e Integrativa Queens | M\u00e9dico Hol\u00edstico en Forest Hills, NY","og_description":"Si buscas un m\u00e9dico de medicina funcional e integrativa de confianza en Queens, NY, visita Medex Diagnostic and Treatment Center. Nuestros especialistas ofrecen medicina hol\u00edstica avanzada en Forest Hils. \u00a1Ll\u00e1manos ahora!","og_url":"https:\/\/www.medexdtc.com\/es\/medicina-funcional-e-integrativa-en-forest-hills-queens-ny\/","og_site_name":"Medex Diagnostic and Treatment Center - Queens Medical Center - Medical Clinic in Forest Hills, NY","article_publisher":"https:\/\/www.facebook.com\/medexny","twitter_card":"summary_large_image","twitter_site":"@DtcMedex","twitter_misc":{"Tiempo de lectura":"8 minutos"},"schema":{"@context":"https:\/\/schema.org","@graph":[{"@type":"WebPage","@id":"https:\/\/www.medexdtc.com\/es\/medicina-funcional-e-integrativa-en-forest-hills-queens-ny\/","url":"https:\/\/www.medexdtc.com\/es\/medicina-funcional-e-integrativa-en-forest-hills-queens-ny\/","name":"Medicina Funcional e Integrativa Queens | M\u00e9dico Hol\u00edstico en Forest Hills, NY","isPartOf":{"@id":"https:\/\/www.medexdtc.com\/es\/#website"},"datePublished":"2023-08-22T04:27:20+00:00","description":"Si buscas un m\u00e9dico de medicina funcional e integrativa de confianza en Queens, NY, visita Medex Diagnostic and Treatment Center. Nuestros especialistas ofrecen medicina hol\u00edstica avanzada en Forest Hils. \u00a1Ll\u00e1manos ahora!","breadcrumb":{"@id":"https:\/\/www.medexdtc.com\/es\/medicina-funcional-e-integrativa-en-forest-hills-queens-ny\/#breadcrumb"},"inLanguage":"es","potentialAction":[{"@type":"ReadAction","target":["https:\/\/www.medexdtc.com\/es\/medicina-funcional-e-integrativa-en-forest-hills-queens-ny\/"]}]},{"@type":"BreadcrumbList","@id":"https:\/\/www.medexdtc.com\/es\/medicina-funcional-e-integrativa-en-forest-hills-queens-ny\/#breadcrumb","itemListElement":[{"@type":"ListItem","position":1,"name":"Home","item":"https:\/\/www.medexdtc.com\/es\/"},{"@type":"ListItem","position":2,"name":"Medicina Funcional e Integrativa en Forest Hills, Queens, NY"}]},{"@type":"WebSite","@id":"https:\/\/www.medexdtc.com\/es\/#website","url":"https:\/\/www.medexdtc.com\/es\/","name":"Medex DTC","description":"Medex Diagnostic and Treatment Center is a Medical Center in Queens, NY is a dynamic multi-specialty clinic. Physicians delivering high quality individualized care in Forest Hills, Queens, NY.","publisher":{"@id":"https:\/\/www.medexdtc.com\/es\/#organization"},"potentialAction":[{"@type":"SearchAction","target":{"@type":"EntryPoint","urlTemplate":"https:\/\/www.medexdtc.com\/es\/?s={search_term_string}"},"query-input":{"@type":"PropertyValueSpecification","valueRequired":true,"valueName":"search_term_string"}}],"inLanguage":"es"},{"@type":"Organization","@id":"https:\/\/www.medexdtc.com\/es\/#organization","name":"Medex DCT","url":"https:\/\/www.medexdtc.com\/es\/","logo":{"@type":"ImageObject","inLanguage":"es","@id":"https:\/\/www.medexdtc.com\/es\/#\/schema\/logo\/image\/","url":"https:\/\/www.medexdtc.com\/wp-content\/uploads\/2024\/11\/medex-diagnostic-and-treatment-center-in-queens-NY.png","contentUrl":"https:\/\/www.medexdtc.com\/wp-content\/uploads\/2024\/11\/medex-diagnostic-and-treatment-center-in-queens-NY.png","width":226,"height":47,"caption":"Medex DCT"},"image":{"@id":"https:\/\/www.medexdtc.com\/es\/#\/schema\/logo\/image\/"},"sameAs":["https:\/\/www.facebook.com\/medexny","https:\/\/x.com\/DtcMedex","https:\/\/www.instagram.com\/medexdtc\/","https:\/\/www.linkedin.com\/company\/medex-diagnostic-and-treatment-center\/about\/"]}]}},"jetpack_sharing_enabled":true,"_links":{"self":[{"href":"https:\/\/www.medexdtc.com\/es\/wp-json\/wp\/v2\/pages\/4176","targetHints":{"allow":["GET"]}}],"collection":[{"href":"https:\/\/www.medexdtc.com\/es\/wp-json\/wp\/v2\/pages"}],"about":[{"href":"https:\/\/www.medexdtc.com\/es\/wp-json\/wp\/v2\/types\/page"}],"author":[{"embeddable":true,"href":"https:\/\/www.medexdtc.com\/es\/wp-json\/wp\/v2\/users\/3"}],"replies":[{"embeddable":true,"href":"https:\/\/www.medexdtc.com\/es\/wp-json\/wp\/v2\/comments?post=4176"}],"version-history":[{"count":0,"href":"https:\/\/www.medexdtc.com\/es\/wp-json\/wp\/v2\/pages\/4176\/revisions"}],"wp:attachment":[{"href":"https:\/\/www.medexdtc.com\/es\/wp-json\/wp\/v2\/media?parent=4176"}],"curies":[{"name":"wp","href":"https:\/\/api.w.org\/{rel}","templated":true}]}}