{"id":4178,"date":"2024-12-02T23:34:38","date_gmt":"2024-12-02T18:34:38","guid":{"rendered":"https:\/\/www.medexdtc.com\/atencion-urgente-en-queens-ny\/"},"modified":"2024-12-02T23:34:38","modified_gmt":"2024-12-02T18:34:38","slug":"atencion-urgente-en-queens-ny","status":"publish","type":"page","link":"https:\/\/www.medexdtc.com\/es\/atencion-urgente-en-queens-ny\/","title":{"rendered":"Atenci\u00f3n urgente en Queens, NY"},"content":{"rendered":"<p>La atenci\u00f3n urgente del Centro de Diagn\u00f3stico y Tratamiento Medex ofrece un tratamiento r\u00e1pido y fiable para una amplia gama de necesidades m\u00e9dicas. Cuando necesites atenci\u00f3n inmediata, acude al Centro de Diagn\u00f3stico y Tratamiento Medex. Nuestro centro de atenci\u00f3n urgente 24 horas en Forest Hills, Queens, NY, est\u00e1 preparado para proporcionarte atenci\u00f3n urgente cuando la necesites. Tanto si tienes una lesi\u00f3n leve como una enfermedad aguda, nuestro experimentado equipo m\u00e9dico est\u00e1 aqu\u00ed para ti.   <\/p>\n<blockquote><p><strong>Nota<\/strong>:  <em>Los m\u00e9dicos de medicina interna de Medex, en Forest Hills, Queens, Nueva York, aceptan <strong>los principales seguros, como Medicare, Medicaid, HIP, Emblemhealth, GHI, MetroPlus y Fidelis<\/strong>. Nuestros m\u00e9dicos generales mejor valorados ofrecen una gama completa de atenci\u00f3n urgente en la regi\u00f3n. <\/em><\/p><\/blockquote>\n<h2>Servicios de Atenci\u00f3n Urgente<\/h2>\n<p>Si est\u00e1s en Queens, NY, y necesitas <strong>atenci\u00f3n m\u00e9dica urgente<\/strong>, no busques m\u00e1s all\u00e1 <a href=\"https:\/\/www.medexdtc.com\/es\/\">del Centro de Diagn\u00f3stico y Tratamiento Medex<\/a>. Nuestros <a href=\"https:\/\/www.medexdtc.com\/specialties\/internal-medicine-doctors\/\">mejores m\u00e9dicos de medicina interna<\/a> est\u00e1n aqu\u00ed para proporcionar atenci\u00f3n de vanguardia a pacientes de todas las edades. <\/p>\n<p><strong>Servicios que ofrecemos:<\/strong><\/p>\n<ul>\n<li>Atenci\u00f3n urgente 24 horas al d\u00eda, 7 d\u00edas a la semana: Ya sea de d\u00eda o de noche, estamos disponibles para atender tus necesidades m\u00e9dicas urgentes con prontitud.<\/li>\n<li>Servicios de Urgencias de Medicina Interna: Nuestros m\u00e9dicos expertos est\u00e1n equipados para tratar una amplia gama de urgencias m\u00e9dicas que no ponen en peligro la vida.<\/li>\n<li><a href=\"https:\/\/www.medexdtc.com\/es\/especialidades-medicas\/\">Servicios m\u00e9dicos integrales<\/a>: Desde suturas a an\u00e1lisis de sangre, infecciones de o\u00eddo a dolores de garganta, <a href=\"https:\/\/www.medexdtc.com\/std-testing\/\">pruebas de ETS<\/a> a pruebas de COVID-19: te tenemos cubierto.<\/li>\n<\/ul>\n<p>Recuerda que cuando se trata de la <strong>mejor atenci\u00f3n urgente de Queens<\/strong>, Medex DTC es tu socio de confianza en Nueva York. Proporcionamos atenci\u00f3n urgente para afecciones que no ponen en peligro la <strong>vida Llama al 911 si tu afecci\u00f3n pone en peligro la vida<\/strong>. <\/p>\n<h2>Preguntas y respuestas sobre atenci\u00f3n urgente<\/h2>\n<h3>\u00bfQu\u00e9 es la atenci\u00f3n urgente?<\/h3>\n<p>La atenci\u00f3n urgente es la atenci\u00f3n inmediata de una afecci\u00f3n, enfermedad o lesi\u00f3n que <strong>no pone en peligro la vida<\/strong>. La atenci\u00f3n urgente se ocupa de problemas de salud que requieren atenci\u00f3n inmediata. A diferencia de una visita rutinaria a un m\u00e9dico de atenci\u00f3n primaria, los centros de atenci\u00f3n urgente ofrecen servicios m\u00e9dicos r\u00e1pidos, normalmente en horario ampliado y los fines de semana. Esta comodidad permite a la gente buscar r\u00e1pidamente tratamiento para afecciones que no ponen en peligro la vida, incluidas lesiones leves, infecciones y enfermedades, salvando la distancia entre la atenci\u00f3n primaria y los servicios de urgencias.   <\/p>\n<h3>\u00bfCu\u00e1ndo podr\u00eda necesitar atenci\u00f3n urgente?<\/h3>\n<p>Puedes necesitar atenci\u00f3n urgente cuando tengas problemas m\u00e9dicos que no pongan en peligro tu vida y requieran atenci\u00f3n inmediata.<\/p>\n<p><strong>He aqu\u00ed algunas situaciones en las que la atenci\u00f3n urgente es adecuada:<\/strong><\/p>\n<ul>\n<li>Fiebres<\/li>\n<li>Resfriados y gripe<\/li>\n<li>V\u00f3mitos y diarrea<\/li>\n<li>Gripe estomacal e intoxicaci\u00f3n alimentaria<\/li>\n<li>Alergias y reacciones al\u00e9rgicas<\/li>\n<li>Laringitis y amigdalitis<\/li>\n<li>Asma y sibilancias<\/li>\n<li>Migra\u00f1as y dolores de cabeza<\/li>\n<li>Fractura de dedos de los pies o de las manos<\/li>\n<li>Infecciones de o\u00eddo<\/li>\n<li>Infecciones oculares y extracci\u00f3n de objetos extra\u00f1os<\/li>\n<li>Infecciones del tracto urinario (ITU)<\/li>\n<li>Heridas leves<\/li>\n<li>Erupciones cut\u00e1neas<\/li>\n<li>Deshidrataci\u00f3n<\/li>\n<\/ul>\n<h3>\u00bfDebo acudir a urgencias o a emergencias?<\/h3>\n<p>Ante una situaci\u00f3n m\u00e9dica, es importante evaluar la gravedad de tus s\u00edntomas. A continuaci\u00f3n encontrar\u00e1s algunas pautas que te ayudar\u00e1n a decidir si debes buscar atenci\u00f3n urgente o acudir a urgencias: <\/p>\n<p><strong>Atenci\u00f3n urgente:<\/strong><\/p>\n<ul>\n<li>Ejemplos: Lesiones leves (esguinces, cortes), enfermedades comunes (dolor de garganta, infecci\u00f3n de o\u00eddo) y reacciones al\u00e9rgicas leves.<\/li>\n<li>Conveniente para la atenci\u00f3n fuera de horario cuando la consulta de tu m\u00e9dico de cabecera est\u00e1 cerrada.<\/li>\n<li>No para s\u00edntomas graves como dolor tor\u00e1cico o dificultad respiratoria.<\/li>\n<\/ul>\n<p><strong>Urgencias:<\/strong><\/p>\n<ul>\n<li>Ejemplos: Dolor tor\u00e1cico, hemorragia grave, dificultad respiratoria o traumatismo grave.<\/li>\n<li>Atendidos 24 horas al d\u00eda, 7 d\u00edas a la semana, por equipos m\u00e9dicos especializados.<\/li>\n<li>Acude directamente a urgencias si experimentas s\u00edntomas graves.<\/li>\n<\/ul>\n<p>En caso de duda, es mejor acudir a urgencias.<\/p>\n<h3>\u00bfQu\u00e9 puedo esperar cuando acuda a un centro de urgencias en Queens, NY?<\/h3>\n<p>Cuando acudas a Medex para recibir atenci\u00f3n urgente, te registrar\u00e1s, te examinar\u00e1 una enfermera y luego un param\u00e9dico, que puede ordenar pruebas. El tratamiento puede incluir medicaci\u00f3n o cirug\u00eda menor. Pagas antes de ir. Es una opci\u00f3n c\u00f3moda para el tratamiento de afecciones que no ponen en peligro la vida.   <\/p>\n<p><strong>Los servicios de Atenci\u00f3n Urgente que ofrece el Centro de Diagn\u00f3stico y Tratamiento Medex est\u00e1n dise\u00f1ados para proporcionar una atenci\u00f3n m\u00e9dica eficiente y eficaz para afecciones que no ponen en peligro la vida. Si alguien de tu familia necesita atenci\u00f3n urgente, <a href=\"https:\/\/www.medexdtc.com\/specialties\/urology\/#contact-form\">ponte en contacto con nosotros<\/a> de inmediato. <\/strong><\/p>\n<p>Podemos ayudarte a encontrar m\u00e9dico. Llama al <a href=\"tel:+17182758900\">(718) 275-8900<\/a> <\/p>\n<p>Con licencia del estado de Nueva York, Medex es un centro de diagn\u00f3stico y tratamiento del art\u00edculo 28. Nuestros m\u00e9dicos proporcionan atenci\u00f3n integral a pacientes de todas las edades en la zona de Forest Hills, Queens, desde hace m\u00e1s de 15 a\u00f1os. Empieza a recibir atenci\u00f3n experta ahora llamando o concertando una cita en l\u00ednea con uno de los especialistas cualificados.  <\/p>\n<p><strong>DESCARGO DE RESPONSABILIDAD SOBRE EL CONTENIDO <\/strong>Este sitio web est\u00e1 dise\u00f1ado para proporcionar informaci\u00f3n general y no pretende sustituir la consulta m\u00e9dica a un profesional legalmente autorizado para ejercer la medicina en tu estado. Ponte en contacto inmediatamente con tu m\u00e9dico u otro experto sanitario autorizado si tienes alguna duda sobre tu salud.<\/p>\n","protected":false},"excerpt":{"rendered":"<p>La atenci\u00f3n urgente del Centro de Diagn\u00f3stico y Tratamiento Medex ofrece un tratamiento r\u00e1pido y fiable para una amplia gama de necesidades m\u00e9dicas. Cuando necesites atenci\u00f3n inmediata, acude al Centro de Diagn\u00f3stico y Tratamiento Medex. Nuestro centro de atenci\u00f3n urgente 24 horas en Forest Hills, Queens, NY, est\u00e1 preparado para proporcionarte atenci\u00f3n urgente cuando la &hellip; <\/p>\n<p class=\"link-more\"><a href=\"https:\/\/www.medexdtc.com\/es\/atencion-urgente-en-queens-ny\/\" class=\"more-link\">Continue reading<span class=\"screen-reader-text\"> \u00abAtenci\u00f3n urgente en Queens, NY\u00bb<\/span><\/a><\/p>\n","protected":false},"author":3,"featured_media":0,"parent":0,"menu_order":0,"comment_status":"closed","ping_status":"closed","template":"new_inner.php","meta":{"_acf_changed":false,"footnotes":""},"class_list":["post-4178","page","type-page","status-publish","hentry"],"acf":[],"yoast_head":"<!-- This site is optimized with the Yoast SEO plugin v27.5 - https:\/\/yoast.com\/product\/yoast-seo-wordpress\/ -->\n<title>Urgent Care Queens, NY | Servicios de urgencias 24 horas en Forest Hills, Queens, NY<\/title>\n<meta name=\"description\" content=\"Los servicios de atenci\u00f3n urgente de Medex DTC en Queens, NY, est\u00e1n disponibles 24 horas al d\u00eda, 7 d\u00edas a la semana. Nuestro equipo especializado ofrece una atenci\u00f3n r\u00e1pida y eficaz para afecciones que no ponen en peligro la vida. En caso de urgencia vital, llama al 911.\" \/>\n<meta name=\"robots\" content=\"index, follow, max-snippet:-1, max-image-preview:large, max-video-preview:-1\" \/>\n<link rel=\"canonical\" href=\"https:\/\/www.medexdtc.com\/es\/atencion-urgente-en-queens-ny\/\" \/>\n<meta property=\"og:locale\" content=\"es_ES\" \/>\n<meta property=\"og:type\" content=\"article\" \/>\n<meta property=\"og:title\" content=\"Urgent Care Queens, NY | Servicios de urgencias 24 horas en Forest Hills, Queens, NY\" \/>\n<meta property=\"og:description\" content=\"Los servicios de atenci\u00f3n urgente de Medex DTC en Queens, NY, est\u00e1n disponibles 24 horas al d\u00eda, 7 d\u00edas a la semana. Nuestro equipo especializado ofrece una atenci\u00f3n r\u00e1pida y eficaz para afecciones que no ponen en peligro la vida. En caso de urgencia vital, llama al 911.\" \/>\n<meta property=\"og:url\" content=\"https:\/\/www.medexdtc.com\/es\/atencion-urgente-en-queens-ny\/\" \/>\n<meta property=\"og:site_name\" content=\"Medex Diagnostic and Treatment Center - Queens Medical Center - Medical Clinic in Forest Hills, NY\" \/>\n<meta property=\"article:publisher\" content=\"https:\/\/www.facebook.com\/medexny\" \/>\n<meta name=\"twitter:card\" content=\"summary_large_image\" \/>\n<meta name=\"twitter:site\" content=\"@DtcMedex\" \/>\n<meta name=\"twitter:label1\" content=\"Tiempo de lectura\" \/>\n\t<meta name=\"twitter:data1\" content=\"5 minutos\" \/>\n<!-- \/ Yoast SEO plugin. -->","yoast_head_json":{"title":"Urgent Care Queens, NY | Servicios de urgencias 24 horas en Forest Hills, Queens, NY","description":"Los servicios de atenci\u00f3n urgente de Medex DTC en Queens, NY, est\u00e1n disponibles 24 horas al d\u00eda, 7 d\u00edas a la semana. Nuestro equipo especializado ofrece una atenci\u00f3n r\u00e1pida y eficaz para afecciones que no ponen en peligro la vida. En caso de urgencia vital, llama al 911.","robots":{"index":"index","follow":"follow","max-snippet":"max-snippet:-1","max-image-preview":"max-image-preview:large","max-video-preview":"max-video-preview:-1"},"canonical":"https:\/\/www.medexdtc.com\/es\/atencion-urgente-en-queens-ny\/","og_locale":"es_ES","og_type":"article","og_title":"Urgent Care Queens, NY | Servicios de urgencias 24 horas en Forest Hills, Queens, NY","og_description":"Los servicios de atenci\u00f3n urgente de Medex DTC en Queens, NY, est\u00e1n disponibles 24 horas al d\u00eda, 7 d\u00edas a la semana. Nuestro equipo especializado ofrece una atenci\u00f3n r\u00e1pida y eficaz para afecciones que no ponen en peligro la vida. En caso de urgencia vital, llama al 911.","og_url":"https:\/\/www.medexdtc.com\/es\/atencion-urgente-en-queens-ny\/","og_site_name":"Medex Diagnostic and Treatment Center - Queens Medical Center - Medical Clinic in Forest Hills, NY","article_publisher":"https:\/\/www.facebook.com\/medexny","twitter_card":"summary_large_image","twitter_site":"@DtcMedex","twitter_misc":{"Tiempo de lectura":"5 minutos"},"schema":{"@context":"https:\/\/schema.org","@graph":[{"@type":"WebPage","@id":"https:\/\/www.medexdtc.com\/es\/atencion-urgente-en-queens-ny\/","url":"https:\/\/www.medexdtc.com\/es\/atencion-urgente-en-queens-ny\/","name":"Urgent Care Queens, NY | Servicios de urgencias 24 horas en Forest Hills, Queens, NY","isPartOf":{"@id":"https:\/\/www.medexdtc.com\/es\/#website"},"datePublished":"2024-12-02T18:34:38+00:00","description":"Los servicios de atenci\u00f3n urgente de Medex DTC en Queens, NY, est\u00e1n disponibles 24 horas al d\u00eda, 7 d\u00edas a la semana. Nuestro equipo especializado ofrece una atenci\u00f3n r\u00e1pida y eficaz para afecciones que no ponen en peligro la vida. En caso de urgencia vital, llama al 911.","breadcrumb":{"@id":"https:\/\/www.medexdtc.com\/es\/atencion-urgente-en-queens-ny\/#breadcrumb"},"inLanguage":"es","potentialAction":[{"@type":"ReadAction","target":["https:\/\/www.medexdtc.com\/es\/atencion-urgente-en-queens-ny\/"]}]},{"@type":"BreadcrumbList","@id":"https:\/\/www.medexdtc.com\/es\/atencion-urgente-en-queens-ny\/#breadcrumb","itemListElement":[{"@type":"ListItem","position":1,"name":"Home","item":"https:\/\/www.medexdtc.com\/es\/"},{"@type":"ListItem","position":2,"name":"Atenci\u00f3n urgente en Queens, NY"}]},{"@type":"WebSite","@id":"https:\/\/www.medexdtc.com\/es\/#website","url":"https:\/\/www.medexdtc.com\/es\/","name":"Medex DTC","description":"Medex Diagnostic and Treatment Center is a Medical Center in Queens, NY is a dynamic multi-specialty clinic. Physicians delivering high quality individualized care in Forest Hills, Queens, NY.","publisher":{"@id":"https:\/\/www.medexdtc.com\/es\/#organization"},"potentialAction":[{"@type":"SearchAction","target":{"@type":"EntryPoint","urlTemplate":"https:\/\/www.medexdtc.com\/es\/?s={search_term_string}"},"query-input":{"@type":"PropertyValueSpecification","valueRequired":true,"valueName":"search_term_string"}}],"inLanguage":"es"},{"@type":"Organization","@id":"https:\/\/www.medexdtc.com\/es\/#organization","name":"Medex DCT","url":"https:\/\/www.medexdtc.com\/es\/","logo":{"@type":"ImageObject","inLanguage":"es","@id":"https:\/\/www.medexdtc.com\/es\/#\/schema\/logo\/image\/","url":"https:\/\/www.medexdtc.com\/wp-content\/uploads\/2024\/11\/medex-diagnostic-and-treatment-center-in-queens-NY.png","contentUrl":"https:\/\/www.medexdtc.com\/wp-content\/uploads\/2024\/11\/medex-diagnostic-and-treatment-center-in-queens-NY.png","width":226,"height":47,"caption":"Medex DCT"},"image":{"@id":"https:\/\/www.medexdtc.com\/es\/#\/schema\/logo\/image\/"},"sameAs":["https:\/\/www.facebook.com\/medexny","https:\/\/x.com\/DtcMedex","https:\/\/www.instagram.com\/medexdtc\/","https:\/\/www.linkedin.com\/company\/medex-diagnostic-and-treatment-center\/about\/"]}]}},"jetpack_sharing_enabled":true,"_links":{"self":[{"href":"https:\/\/www.medexdtc.com\/es\/wp-json\/wp\/v2\/pages\/4178","targetHints":{"allow":["GET"]}}],"collection":[{"href":"https:\/\/www.medexdtc.com\/es\/wp-json\/wp\/v2\/pages"}],"about":[{"href":"https:\/\/www.medexdtc.com\/es\/wp-json\/wp\/v2\/types\/page"}],"author":[{"embeddable":true,"href":"https:\/\/www.medexdtc.com\/es\/wp-json\/wp\/v2\/users\/3"}],"replies":[{"embeddable":true,"href":"https:\/\/www.medexdtc.com\/es\/wp-json\/wp\/v2\/comments?post=4178"}],"version-history":[{"count":0,"href":"https:\/\/www.medexdtc.com\/es\/wp-json\/wp\/v2\/pages\/4178\/revisions"}],"wp:attachment":[{"href":"https:\/\/www.medexdtc.com\/es\/wp-json\/wp\/v2\/media?parent=4178"}],"curies":[{"name":"wp","href":"https:\/\/api.w.org\/{rel}","templated":true}]}}