{"id":4197,"date":"2022-08-25T07:07:42","date_gmt":"2022-08-25T02:07:42","guid":{"rendered":"https:\/\/www.medexdtc.com\/dr-andrew-h-maran-md\/"},"modified":"2025-03-03T04:41:47","modified_gmt":"2025-03-02T23:41:47","slug":"dr-andrew-h-maran-md","status":"publish","type":"page","link":"https:\/\/www.medexdtc.com\/es\/medex-dtc-medicos-de-queens\/dr-andrew-h-maran-md\/","title":{"rendered":"Dr. Andrew H. Maran, MD"},"content":{"rendered":"<section id=\"about-content-area-1\" class=\"about-content-area-one\">\n<div class=\"sub-container\">\n<div class=\"about-doc-panel\">\n<div class=\"doc-img-left\">\n<div class=\"about-doctor-image\"><img decoding=\"async\" class=\"attachment-post-thumbnail size-post-thumbnail wp-post-image\" src=\"https:\/\/www.medexdtc.com\/wp-content\/uploads\/2022\/08\/Dr.-Andrew-H.-Maran-MD.png\" alt=\"Dr. Andrew H. Maran, MD\" width=\"216\" height=\"216\"><\/div>\n<\/div>\n<div class=\"doc-detail-right\">\n<div class=\"about-doctor-reviews\">\u2605\u2605\u2605\u2605\u2605<\/div>\n<div class=\"about-doctor-name\">Dr. Andrew H. Maran, MD<\/div>\n<div class=\"about-doctor-desig\">Endocrin\u00f3logo<\/div>\n<div class=\"contect-sec\">\n<div>\n<div class=\"about-doct-number\"><a href=\"tel:+1718.275.8900\">718.275.8900<\/a><\/div>\n<div class=\"about-doct-address\">Forest Hills, Queens, NY<\/div>\n<\/div>\n<\/div>\n<p><a class=\"appointment-btn\" href=\"https:\/\/app.nexhealth.com\/appt\/medex-diagnostic-and-treatment-center\/p,19166827,h:y\" target=\"_blank\" rel=\"noopener\">Programa una<strong>cita en<\/strong><br \/>\n<strong><\/strong><\/a><\/p>\n<\/div>\n<\/div>\n<\/div>\n<\/section>\n<section id=\"about-content-area\" class=\"about-content-sec sub-container\">\n<div class=\"about-madex-page-sub-title\"><\/div>\n<div class=\"content-one about-editor-content\">\n<h1>Dr. Andrew H. Maran, MD Endocrin\u00f3logo en Forest Hills, Queens, NY<\/h1>\n<p>Al servicio de los habitantes de Forest Hills, NY, el Dr. Andrew H. Maran es internista y endocrin\u00f3logo. Trabaja con MEDEX DIAGNOSTIC AND TREATMENT CENTER y est\u00e1 afiliado a Bronx-Lebanon Hospital Center &#8211; Fulton Division, Saint Vincent&#8217;s Manhattan y Trinitas Hospital. <\/p>\n<p>El Dr. Maran obtuvo su licenciatura en la Universidad de Chicago y su t\u00edtulo de m\u00e9dico en la Universidad Drexel de Filadelfia. A continuaci\u00f3n realiz\u00f3 un internado en medicina interna y una residencia en medicina interna en el Hahnemann Memorial Hospital. Despu\u00e9s, complet\u00f3 otra residencia en medicina interna en el Centro M\u00e9dico Beth Israel y una beca en endocrinolog\u00eda en el Hospital Mount Sinai.  <\/p>\n<p>El Dr. Maran est\u00e1 certificado por la Junta Americana de Medicina Interna, especializado en endocrinolog\u00eda, diabetes y metabolismo. Durante su estancia en la Universidad Hahnemann, obtuvo una distinci\u00f3n acad\u00e9mica en medicina interna y una carta de recomendaci\u00f3n en psiquiatr\u00eda. <\/p>\n<p>Como <a href=\"https:\/\/www.medexdtc.com\/endocrinology\/\">endocrin\u00f3logo mejor valorado de Queens<\/a>, el Dr. Andrew H. Maran colabora con m\u00e9dicos de m\u00faltiples especialidades, incluidos los <a href=\"https:\/\/www.medexdtc.com\/es\/medicos-medicina-interna-queens-mejores-internistas\/\">mejores internistas<\/a> y <a href=\"https:\/\/www.medexdtc.com\/specialties\/family-practice\/\">m\u00e9dicos de familia<\/a>. Haz clic para reservar hoy mismo una cita online con \u00e9l. <\/p>\n<\/div>\n<div class=\"content-three about-editor-content sub-container\">\n<h2 class=\"about-title\">Credenciales<\/h2>\n<h3>Especialidades<\/h3>\n<ul>\n<li>Internista<\/li>\n<li>Endocrin\u00f3logo<\/li>\n<\/ul>\n<h3>Nombres de pr\u00e1cticas<\/h3>\n<p>Centro de Diagn\u00f3stico y Tratamiento Medex<\/p>\n<h3>Afiliaciones hospitalarias<\/h3>\n<ul>\n<li>Centro Hospitalario Bronx-Lebanon &#8211; Divisi\u00f3n Fulton<\/li>\n<li>San Vicente Manhattan<\/li>\n<li>Hospital Universitario y Centro M\u00e9dico Brookdale<\/li>\n<li>Hospital Trinitas<\/li>\n<\/ul>\n<h3>Certificaciones de la Junta<\/h3>\n<ul>\n<li>Junta Americana de Medicina Interna<\/li>\n<li>Endocrinolog\u00eda, Diabetes y Metabolismo (Consejo Americano de Medicina Interna)<\/li>\n<\/ul>\n<h3>Educaci\u00f3n y formaci\u00f3n<\/h3>\n<ul>\n<li>Facultad de Medicina &#8211; Universidad Drexel, Filadelfia, Doctor en Medicina<\/li>\n<li>Hospital Universitario Hahnemann, Residencia en Medicina Interna<\/li>\n<li>Centro M\u00e9dico Beth Israel, Residencia en Medicina Interna<\/li>\n<li>The Mount Sinai Hospital, Beca en Endocrinolog\u00eda<\/li>\n<li>Universidad de Chicago (Licenciatura)<\/li>\n<li>Hospital Universitario Hahnemann, Pr\u00e1cticas en Medicina Interna<\/li>\n<\/ul>\n<h3>Premios y publicaciones<\/h3>\n<ul>\n<li>Distinci\u00f3n Acad\u00e9mica en Medicina Interna Universidad Hahnemann.<\/li>\n<li>Carta de recomendaci\u00f3n en Psiquiatr\u00eda Universidad Hahnemann.<\/li>\n<li>Colegio Americano de M\u00e9dicos<\/li>\n<\/ul>\n<h3>Nombramientos acad\u00e9micos<\/h3>\n<ul>\n<li>Profesor Adjunto de Medicina, Universidad de Texas en Galveston<\/li>\n<li>Profesor Cl\u00ednico Adjunto de Medicina<br \/>\nNew York Medical College, St. Vincent&#8217;s<br \/>\nHospital SI NY<\/li>\n<li>Profesor Asociado de Medicina, Universidad Seton Hall, Hospital Trinitas<\/li>\n<\/ul>\n<\/div>\n<\/section>\n","protected":false},"excerpt":{"rendered":"<p>\u2605\u2605\u2605\u2605\u2605 Dr. Andrew H. Maran, MD Endocrin\u00f3logo 718.275.8900 Forest Hills, Queens, NY Programa unacita en Dr. Andrew H. Maran, MD Endocrin\u00f3logo en Forest Hills, Queens, NY Al servicio de los habitantes de Forest Hills, NY, el Dr. Andrew H. Maran es internista y endocrin\u00f3logo. Trabaja con MEDEX DIAGNOSTIC AND TREATMENT CENTER y est\u00e1 afiliado a &hellip; <\/p>\n<p class=\"link-more\"><a href=\"https:\/\/www.medexdtc.com\/es\/medex-dtc-medicos-de-queens\/dr-andrew-h-maran-md\/\" class=\"more-link\">Continue reading<span class=\"screen-reader-text\"> \u00abDr. Andrew H. Maran, MD\u00bb<\/span><\/a><\/p>\n","protected":false},"author":3,"featured_media":0,"parent":4364,"menu_order":0,"comment_status":"closed","ping_status":"closed","template":"doctor-full-width.php","meta":{"_acf_changed":false,"footnotes":""},"class_list":["post-4197","page","type-page","status-publish","hentry"],"acf":[],"yoast_head":"<!-- This site is optimized with the Yoast SEO plugin v27.4 - https:\/\/yoast.com\/product\/yoast-seo-wordpress\/ -->\n<title>Dr. Andrew H. Maran, MD - Endocrin\u00f3logo en Forest Hills, Queens, NY<\/title>\n<meta name=\"description\" content=\"La Dra. Maran est\u00e1 certificada por la Junta Americana de Medicina Interna, especializada en endocrinolog\u00eda, diabetes y metabolismo.\" \/>\n<meta name=\"robots\" content=\"index, follow, max-snippet:-1, max-image-preview:large, max-video-preview:-1\" \/>\n<link rel=\"canonical\" href=\"https:\/\/www.medexdtc.com\/es\/medex-dtc-medicos-de-queens\/dr-andrew-h-maran-md\/\" \/>\n<meta property=\"og:locale\" content=\"es_ES\" \/>\n<meta property=\"og:type\" content=\"article\" \/>\n<meta property=\"og:title\" content=\"Dr. Andrew H. Maran, MD - Endocrin\u00f3logo en Forest Hills, Queens, NY\" \/>\n<meta property=\"og:description\" content=\"La Dra. Maran est\u00e1 certificada por la Junta Americana de Medicina Interna, especializada en endocrinolog\u00eda, diabetes y metabolismo.\" \/>\n<meta property=\"og:url\" content=\"https:\/\/www.medexdtc.com\/es\/medex-dtc-medicos-de-queens\/dr-andrew-h-maran-md\/\" \/>\n<meta property=\"og:site_name\" content=\"Medex Diagnostic and Treatment Center - Queens Medical Center - Medical Clinic in Forest Hills, NY\" \/>\n<meta property=\"article:publisher\" content=\"https:\/\/www.facebook.com\/medexny\" \/>\n<meta property=\"article:modified_time\" content=\"2025-03-02T23:41:47+00:00\" \/>\n<meta property=\"og:image\" content=\"https:\/\/www.medexdtc.com\/wp-content\/uploads\/2022\/08\/Dr.-Andrew-H.-Maran-MD.png\" \/>\n<meta name=\"twitter:card\" content=\"summary_large_image\" \/>\n<meta name=\"twitter:site\" content=\"@DtcMedex\" \/>\n<meta name=\"twitter:label1\" content=\"Tiempo de lectura\" \/>\n\t<meta name=\"twitter:data1\" content=\"2 minutos\" \/>\n<!-- \/ Yoast SEO plugin. -->","yoast_head_json":{"title":"Dr. Andrew H. Maran, MD - Endocrin\u00f3logo en Forest Hills, Queens, NY","description":"La Dra. Maran est\u00e1 certificada por la Junta Americana de Medicina Interna, especializada en endocrinolog\u00eda, diabetes y metabolismo.","robots":{"index":"index","follow":"follow","max-snippet":"max-snippet:-1","max-image-preview":"max-image-preview:large","max-video-preview":"max-video-preview:-1"},"canonical":"https:\/\/www.medexdtc.com\/es\/medex-dtc-medicos-de-queens\/dr-andrew-h-maran-md\/","og_locale":"es_ES","og_type":"article","og_title":"Dr. Andrew H. Maran, MD - Endocrin\u00f3logo en Forest Hills, Queens, NY","og_description":"La Dra. Maran est\u00e1 certificada por la Junta Americana de Medicina Interna, especializada en endocrinolog\u00eda, diabetes y metabolismo.","og_url":"https:\/\/www.medexdtc.com\/es\/medex-dtc-medicos-de-queens\/dr-andrew-h-maran-md\/","og_site_name":"Medex Diagnostic and Treatment Center - Queens Medical Center - Medical Clinic in Forest Hills, NY","article_publisher":"https:\/\/www.facebook.com\/medexny","article_modified_time":"2025-03-02T23:41:47+00:00","og_image":[{"url":"https:\/\/www.medexdtc.com\/wp-content\/uploads\/2022\/08\/Dr.-Andrew-H.-Maran-MD.png","type":"","width":"","height":""}],"twitter_card":"summary_large_image","twitter_site":"@DtcMedex","twitter_misc":{"Tiempo de lectura":"2 minutos"},"schema":{"@context":"https:\/\/schema.org","@graph":[{"@type":"WebPage","@id":"https:\/\/www.medexdtc.com\/es\/medex-dtc-medicos-de-queens\/dr-andrew-h-maran-md\/","url":"https:\/\/www.medexdtc.com\/es\/medex-dtc-medicos-de-queens\/dr-andrew-h-maran-md\/","name":"Dr. Andrew H. Maran, MD - Endocrin\u00f3logo en Forest Hills, Queens, NY","isPartOf":{"@id":"https:\/\/www.medexdtc.com\/es\/#website"},"primaryImageOfPage":{"@id":"https:\/\/www.medexdtc.com\/es\/medex-dtc-medicos-de-queens\/dr-andrew-h-maran-md\/#primaryimage"},"image":{"@id":"https:\/\/www.medexdtc.com\/es\/medex-dtc-medicos-de-queens\/dr-andrew-h-maran-md\/#primaryimage"},"thumbnailUrl":"https:\/\/www.medexdtc.com\/wp-content\/uploads\/2022\/08\/Dr.-Andrew-H.-Maran-MD.png","datePublished":"2022-08-25T02:07:42+00:00","dateModified":"2025-03-02T23:41:47+00:00","description":"La Dra. Maran est\u00e1 certificada por la Junta Americana de Medicina Interna, especializada en endocrinolog\u00eda, diabetes y metabolismo.","breadcrumb":{"@id":"https:\/\/www.medexdtc.com\/es\/medex-dtc-medicos-de-queens\/dr-andrew-h-maran-md\/#breadcrumb"},"inLanguage":"es","potentialAction":[{"@type":"ReadAction","target":["https:\/\/www.medexdtc.com\/es\/medex-dtc-medicos-de-queens\/dr-andrew-h-maran-md\/"]}]},{"@type":"ImageObject","inLanguage":"es","@id":"https:\/\/www.medexdtc.com\/es\/medex-dtc-medicos-de-queens\/dr-andrew-h-maran-md\/#primaryimage","url":"https:\/\/www.medexdtc.com\/wp-content\/uploads\/2022\/08\/Dr.-Andrew-H.-Maran-MD.png","contentUrl":"https:\/\/www.medexdtc.com\/wp-content\/uploads\/2022\/08\/Dr.-Andrew-H.-Maran-MD.png"},{"@type":"BreadcrumbList","@id":"https:\/\/www.medexdtc.com\/es\/medex-dtc-medicos-de-queens\/dr-andrew-h-maran-md\/#breadcrumb","itemListElement":[{"@type":"ListItem","position":1,"name":"Home","item":"https:\/\/www.medexdtc.com\/es\/"},{"@type":"ListItem","position":2,"name":"Medex DTC M\u00e9dicos de Queens","item":"https:\/\/www.medexdtc.com\/es\/medex-dtc-medicos-de-queens\/"},{"@type":"ListItem","position":3,"name":"Dr. Andrew H. Maran, MD"}]},{"@type":"WebSite","@id":"https:\/\/www.medexdtc.com\/es\/#website","url":"https:\/\/www.medexdtc.com\/es\/","name":"Medex DTC","description":"Medex Diagnostic and Treatment Center is a Medical Center in Queens, NY is a dynamic multi-specialty clinic. Physicians delivering high quality individualized care in Forest Hills, Queens, NY.","publisher":{"@id":"https:\/\/www.medexdtc.com\/es\/#organization"},"potentialAction":[{"@type":"SearchAction","target":{"@type":"EntryPoint","urlTemplate":"https:\/\/www.medexdtc.com\/es\/?s={search_term_string}"},"query-input":{"@type":"PropertyValueSpecification","valueRequired":true,"valueName":"search_term_string"}}],"inLanguage":"es"},{"@type":"Organization","@id":"https:\/\/www.medexdtc.com\/es\/#organization","name":"Medex DCT","url":"https:\/\/www.medexdtc.com\/es\/","logo":{"@type":"ImageObject","inLanguage":"es","@id":"https:\/\/www.medexdtc.com\/es\/#\/schema\/logo\/image\/","url":"https:\/\/www.medexdtc.com\/wp-content\/uploads\/2024\/11\/medex-diagnostic-and-treatment-center-in-queens-NY.png","contentUrl":"https:\/\/www.medexdtc.com\/wp-content\/uploads\/2024\/11\/medex-diagnostic-and-treatment-center-in-queens-NY.png","width":226,"height":47,"caption":"Medex DCT"},"image":{"@id":"https:\/\/www.medexdtc.com\/es\/#\/schema\/logo\/image\/"},"sameAs":["https:\/\/www.facebook.com\/medexny","https:\/\/x.com\/DtcMedex","https:\/\/www.instagram.com\/medexdtc\/","https:\/\/www.linkedin.com\/company\/medex-diagnostic-and-treatment-center\/about\/"]}]}},"jetpack_sharing_enabled":true,"_links":{"self":[{"href":"https:\/\/www.medexdtc.com\/es\/wp-json\/wp\/v2\/pages\/4197","targetHints":{"allow":["GET"]}}],"collection":[{"href":"https:\/\/www.medexdtc.com\/es\/wp-json\/wp\/v2\/pages"}],"about":[{"href":"https:\/\/www.medexdtc.com\/es\/wp-json\/wp\/v2\/types\/page"}],"author":[{"embeddable":true,"href":"https:\/\/www.medexdtc.com\/es\/wp-json\/wp\/v2\/users\/3"}],"replies":[{"embeddable":true,"href":"https:\/\/www.medexdtc.com\/es\/wp-json\/wp\/v2\/comments?post=4197"}],"version-history":[{"count":1,"href":"https:\/\/www.medexdtc.com\/es\/wp-json\/wp\/v2\/pages\/4197\/revisions"}],"predecessor-version":[{"id":4386,"href":"https:\/\/www.medexdtc.com\/es\/wp-json\/wp\/v2\/pages\/4197\/revisions\/4386"}],"up":[{"embeddable":true,"href":"https:\/\/www.medexdtc.com\/es\/wp-json\/wp\/v2\/pages\/4364"}],"wp:attachment":[{"href":"https:\/\/www.medexdtc.com\/es\/wp-json\/wp\/v2\/media?parent=4197"}],"curies":[{"name":"wp","href":"https:\/\/api.w.org\/{rel}","templated":true}]}}