{"id":4198,"date":"2022-08-25T07:32:48","date_gmt":"2022-08-25T02:32:48","guid":{"rendered":"https:\/\/www.medexdtc.com\/sarah-genson-np\/"},"modified":"2025-03-03T04:41:47","modified_gmt":"2025-03-02T23:41:47","slug":"sarah-genson-np","status":"publish","type":"page","link":"https:\/\/www.medexdtc.com\/es\/medex-dtc-medicos-de-queens\/sarah-genson-np\/","title":{"rendered":"Sarah Genson, NP"},"content":{"rendered":"<section id=\"about-content-area-1\" class=\"about-content-area-one\">\n<div class=\"sub-container\">\n<div class=\"about-doc-panel\">\n<div class=\"doc-img-left\">\n<div class=\"about-doctor-image\"><img decoding=\"async\" class=\"attachment-post-thumbnail size-post-thumbnail wp-post-image\" src=\"https:\/\/www.medexdtc.com\/wp-content\/uploads\/2022\/08\/Sara_Genson.png\" alt=\"Sarah Genson, NP\" width=\"216\" height=\"216\"><\/div>\n<\/div>\n<div class=\"doc-detail-right\">\n<div class=\"about-doctor-reviews\">\u2605\u2605\u2605\u2605\u2605<\/div>\n<div class=\"about-doctor-name\">Sarah Genson, NP<\/div>\n<div class=\"about-doctor-desig\">Enfermera, Ginecolog\u00eda y Obstetricia<\/div>\n<div class=\"contect-sec\">\n<div>\n<div class=\"about-doct-number\"><a href=\"tel:+1718.275.8900\">718.275.8900<\/a><\/div>\n<div class=\"about-doct-address\">Forest Hills, Queens, NY<\/div>\n<\/div>\n<\/div>\n<p><a class=\"appointment-btn\" href=\"https:\/\/app.nexhealth.com\/appt\/medex-diagnostic-and-treatment-center?pid=55125883\" target=\"_blank\" rel=\"noopener\">Programa una<strong>cita en<\/strong><br \/>\n<strong><\/strong><\/a><\/p>\n<\/div>\n<\/div>\n<\/div>\n<\/section>\n<section id=\"about-content-area\" class=\"about-content-sec sub-container\">\n<div class=\"about-madex-page-sub-title\"><\/div>\n<div class=\"content-one about-editor-content\">\n<h1>Sarah Genson, NP \/ Ginec\u00f3loga en Forest Hills, Queens, NY<\/h1>\n<\/div>\n<p><!-- \n\n<div class=\"content-two sub-container\">\n\n\n<div class=\"about-title\">Conditions<\/div>\n\n\n\n\n<div class=\"condition-lists\">\n\n\n<ul><\/ul>\n\n\n<\/div>\n\n\n<\/div>\n\n\n\n\n<div class=\"content-two mt-4 sub-container\">\n\n\n<div class=\"about-title\">Treatments<\/div>\n\n\n\n\n<div class=\"condition-lists\">\n\n\n<ul><\/ul>\n\n\n<\/div>\n\n\n<\/div>\n\n\n--><\/p>\n<div class=\"content-three about-editor-content sub-container\">\n<h2 class=\"about-title\">Credenciales<\/h2>\n<h3>Especialidades<\/h3>\n<p>Enfermera Practicante<\/p>\n<h3>Nombres de pr\u00e1cticas<\/h3>\n<p>CENTRO DE DIAGN\u00d3STICO Y TRATAMIENTO MEDEX<\/p>\n<h3>Educaci\u00f3n y formaci\u00f3n<\/h3>\n<ul>\n<li>Universidad Estatal de Nueva York, Centro M\u00e9dico Downstate, M\u00e1ster en Enfermer\u00eda Familiar<\/li>\n<li>Universidad Estatal de Nueva York, Universidad de Binghamton (Licenciatura)<\/li>\n<\/ul>\n<h3>Experiencia profesional<\/h3>\n<p><i>Enfermera Practicante<\/i><\/p>\n<ul>\n<li>LHI\/The Nurse Practitioner Group Providence, RI y Queens, NY<\/li>\n<li>MyHouseVisit: Enfermera Practicante, Queens, NY<\/li>\n<li>Union Medical Urgent Care: Enfermera de Atenci\u00f3n Primaria, Queens, NY<\/li>\n<li>NY Metro Sue\u00f1o: Enfermera Practicante, Bronx, NY<\/li>\n<\/ul>\n<p><i>Enfermera titulada<\/i><\/p>\n<ul>\n<li>El Grupo Proveedor: Enfermera de Cuidados a Domicilio\/Enfermera de Infusi\u00f3n, Bronx, NY<\/li>\n<li>Servicios de Salud RCM: Enfermera escolar, Queens, NY<\/li>\n<li>Crown Medical P.C.: Enfermera titulada, Brooklyn, NY<\/li>\n<\/ul>\n<h2>Afecciones y tratamientos<\/h2>\n<ul>\n<li>Enfermedad<\/li>\n<li>Examen f\u00edsico anual<\/li>\n<li>Receta \/ Recarga<\/li>\n<li>Chequeo previo al viaje<\/li>\n<li>Consulta General<\/li>\n<li>Acn\u00e9<\/li>\n<li>Infecci\u00f3n ocular<\/li>\n<li>Infecci\u00f3n de o\u00eddo<\/li>\n<li>Problemas de sinusitis \/ Sinusitis<\/li>\n<li>Vacuna antigripal<\/li>\n<li>Ni\u00f1o con fiebre<\/li>\n<li>Consulta Pedi\u00e1trica<\/li>\n<li>Consulta de alergia<\/li>\n<li>Tos al\u00e9rgica<\/li>\n<li>Problemas oculares al\u00e9rgicos<\/li>\n<li>Eczema<\/li>\n<li>Alergia alimentaria<\/li>\n<li>Ecocardiograma<\/li>\n<li>ECG \/ ELECTROCARDIOGRAMA<\/li>\n<li>Revisi\u00f3n de colesterol \/ l\u00edpidos<\/li>\n<li>Problemas de nariz<\/li>\n<li>Tensi\u00f3n arterial alta \/ Hipertensi\u00f3n<\/li>\n<li>Asma<\/li>\n<li>Neumon\u00eda<\/li>\n<li>Densitometr\u00eda \u00d3sea \/ Esc\u00e1ner DXA<\/li>\n<li>Consulta previa al viaje<\/li>\n<li>Anemia<\/li>\n<li>Bronquitis<\/li>\n<li>Inflamaci\u00f3n ocular<\/li>\n<li>Dolor de o\u00eddo<\/li>\n<li>Dolor de garganta<\/li>\n<li>Visita a un ni\u00f1o enfermo<\/li>\n<li>Dolor de cabeza<\/li>\n<li>Asma al\u00e9rgica<\/li>\n<li>Fiebre del heno \/ Alergias estacionales<\/li>\n<li>Erupci\u00f3n<\/li>\n<li>Urticaria<\/li>\n<li>Revisi\u00f3n Prequir\u00fargica \/ Autorizaci\u00f3n Prequir\u00fargica<\/li>\n<li>Infecci\u00f3n del tracto urinario (ITU)<\/li>\n<li>Fiebre<\/li>\n<li>Dolor muscular<\/li>\n<li>Gota<\/li>\n<li>Insomnio<\/li>\n<li>Dolor abdominal<\/li>\n<li>S\u00edndrome del t\u00fanel carpiano<\/li>\n<li>Diarrea<\/li>\n<li>Seguimiento general<\/li>\n<li>Seguimiento pedi\u00e1trico<\/li>\n<li>Seguimiento de la alergia<\/li>\n<li>Seguimiento previo al viaje<\/li>\n<li>Seguimiento de la diabetes<\/li>\n<li>Consulta de alergia pedi\u00e1trica<\/li>\n<li>Vacunas antial\u00e9rgicas<\/li>\n<li>Deporte F\u00edsico<\/li>\n<li>Orzuelo \/ Hordeolum<\/li>\n<li>Dolor tor\u00e1cico<\/li>\n<li>Diabetes tipo 1<\/li>\n<li>Vacuna(s)<\/li>\n<li>Estre\u00f1imiento<\/li>\n<li>Pruebas de alergia<\/li>\n<li>Anafilaxia \/ Alergia<\/li>\n<li>Problema de o\u00eddo, nariz o garganta<\/li>\n<li>Gripe<\/li>\n<li>Colesterol alto \/ Problema de l\u00edpidos<\/li>\n<li>Picor<\/li>\n<li>Osteoporosis<\/li>\n<li>Tos al\u00e9rgica pedi\u00e1trica<\/li>\n<li>Alergia Medicamentosa Pedi\u00e1trica<\/li>\n<li>Problema ocular pedi\u00e1trico<\/li>\n<li>Gripe pedi\u00e1trica<\/li>\n<li>Intolerancia \/ Alergia Alimentaria Pedi\u00e1trica<\/li>\n<li>Fiebre del Heno Pedi\u00e1trica \/ Alergias Estacionales<\/li>\n<li>Neumon\u00eda pedi\u00e1trica<\/li>\n<li>Erupci\u00f3n pedi\u00e1trica<\/li>\n<li>Problemas sinusales pedi\u00e1tricos<\/li>\n<li>Evaluaci\u00f3n Predeportiva<\/li>\n<li>Examen f\u00edsico predeportivo<\/li>\n<li>An\u00e1lisis de sangre<\/li>\n<li>Enfermedad cr\u00f3nica<\/li>\n<li>Visita de paciente nuevo<\/li>\n<li>Visita anual de bienestar (para pacientes de Medicare)<\/li>\n<li>Sibilancias<\/li>\n<li>Revisi\u00f3n anual<\/li>\n<li>Diabetes tipo 2<\/li>\n<li>Tos cr\u00f3nica pedi\u00e1trica<\/li>\n<li>Infecci\u00f3n ocular pedi\u00e1trica<\/li>\n<li>Deficiencia de vitamina B12<\/li>\n<li>Fr\u00edo<\/li>\n<li>Tos<\/li>\n<li>Varicela<\/li>\n<li>Herpes labial \/ Herpes Labial<\/li>\n<li>Crup<\/li>\n<li>Sarampi\u00f3n \/ Rub\u00e9ola<\/li>\n<li>Alergia cut\u00e1nea<\/li>\n<li>Hiperlipidemia<\/li>\n<li>Piel seca \/ con picor<\/li>\n<li>Tos cr\u00f3nica<\/li>\n<li>Dolor al Orinar \/ Disuria<\/li>\n<li>Glucemia elevada \/ Hiperglucemia<\/li>\n<li>An\u00e1lisis de sangre pedi\u00e1trico<\/li>\n<li>L\u00edquido en el o\u00eddo medio \/ Otitis media<\/li>\n<li>Piojos<\/li>\n<li>Alergias nasales<\/li>\n<li>Deficiencia de vitamina D<\/li>\n<li>Cansancio \/ Fatiga<\/li>\n<li>Drenaje \/ secreci\u00f3n del o\u00eddo<\/li>\n<li>Congesti\u00f3n nasal<\/li>\n<li>Cefalea sinusal<\/li>\n<li>Osteopenia<\/li>\n<li>Celulitis<\/li>\n<li>Tos pedi\u00e1trica<\/li>\n<li>Vacuna antitet\u00e1nica<\/li>\n<li>Niveles elevados de triglic\u00e9ridos<\/li>\n<li>Goteo postnasal<\/li>\n<li>Rinorrea<\/li>\n<li>Ecograf\u00eda Doppler<\/li>\n<li>Pruebas de tensi\u00f3n arterial<\/li>\n<li>Vacuna contra la varicela<\/li>\n<li>Vacuna de la rub\u00e9ola<\/li>\n<li>S\u00edndrome de Fatiga Cr\u00f3nica<\/li>\n<li>Deficiencia de hierro<\/li>\n<li>Indigesti\u00f3n \/ Dispepsia<\/li>\n<li>Infecci\u00f3n v\u00edrica<\/li>\n<li>Intolerancia alimentaria<\/li>\n<li>Autorizaci\u00f3n m\u00e9dica<\/li>\n<li>Prueba COVID-19<\/li>\n<li>Prueba de anticuerpos COVID-19<\/li>\n<\/ul>\n<\/div>\n<\/section>\n","protected":false},"excerpt":{"rendered":"<p>\u2605\u2605\u2605\u2605\u2605 Sarah Genson, NP Enfermera, Ginecolog\u00eda y Obstetricia 718.275.8900 Forest Hills, Queens, NY Programa unacita en Sarah Genson, NP \/ Ginec\u00f3loga en Forest Hills, Queens, NY Credenciales Especialidades Enfermera Practicante Nombres de pr\u00e1cticas CENTRO DE DIAGN\u00d3STICO Y TRATAMIENTO MEDEX Educaci\u00f3n y formaci\u00f3n Universidad Estatal de Nueva York, Centro M\u00e9dico Downstate, M\u00e1ster en Enfermer\u00eda Familiar Universidad &hellip; <\/p>\n<p class=\"link-more\"><a href=\"https:\/\/www.medexdtc.com\/es\/medex-dtc-medicos-de-queens\/sarah-genson-np\/\" class=\"more-link\">Continue reading<span class=\"screen-reader-text\"> \u00abSarah Genson, NP\u00bb<\/span><\/a><\/p>\n","protected":false},"author":3,"featured_media":5166,"parent":4364,"menu_order":0,"comment_status":"closed","ping_status":"closed","template":"doctor-full-width.php","meta":{"_acf_changed":false,"footnotes":""},"class_list":["post-4198","page","type-page","status-publish","has-post-thumbnail","hentry"],"acf":[],"yoast_head":"<!-- This site is optimized with the Yoast SEO plugin v27.5 - https:\/\/yoast.com\/product\/yoast-seo-wordpress\/ -->\n<title>Sarah Genson, NP - Medex Diagnostic and Treatment Center - Queens Medical Center - Medical Clinic in Forest Hills, NY Centro de Diagn\u00f3stico y Tratamiento<\/title>\n<meta name=\"description\" content=\"Programa una cita con Sarah Genson, NP. Enfermera Practicante en Queens, NY. Cl\u00ednica M\u00e9dica Multiespecialidad en Forest Hills, NY.\" \/>\n<meta name=\"robots\" content=\"index, follow, max-snippet:-1, max-image-preview:large, max-video-preview:-1\" \/>\n<link rel=\"canonical\" href=\"https:\/\/www.medexdtc.com\/es\/medex-dtc-medicos-de-queens\/sarah-genson-np\/\" \/>\n<meta property=\"og:locale\" content=\"es_ES\" \/>\n<meta property=\"og:type\" content=\"article\" \/>\n<meta property=\"og:title\" content=\"Sarah Genson, NP - Medex Diagnostic and Treatment Center - Queens Medical Center - Medical Clinic in Forest Hills, NY Centro de Diagn\u00f3stico y Tratamiento\" \/>\n<meta property=\"og:description\" content=\"Programa una cita con Sarah Genson, NP. Enfermera Practicante en Queens, NY. Cl\u00ednica M\u00e9dica Multiespecialidad en Forest Hills, NY.\" \/>\n<meta property=\"og:url\" content=\"https:\/\/www.medexdtc.com\/es\/medex-dtc-medicos-de-queens\/sarah-genson-np\/\" \/>\n<meta property=\"og:site_name\" content=\"Medex Diagnostic and Treatment Center - Queens Medical Center - Medical Clinic in Forest Hills, NY\" \/>\n<meta property=\"article:publisher\" content=\"https:\/\/www.facebook.com\/medexny\" \/>\n<meta property=\"article:modified_time\" content=\"2025-03-02T23:41:47+00:00\" \/>\n<meta property=\"og:image\" content=\"https:\/\/www.medexdtc.com\/wp-content\/uploads\/2022\/08\/Sara_Genson.png\" \/>\n<meta name=\"twitter:card\" content=\"summary_large_image\" \/>\n<meta name=\"twitter:site\" content=\"@DtcMedex\" \/>\n<meta name=\"twitter:label1\" content=\"Tiempo de lectura\" \/>\n\t<meta name=\"twitter:data1\" content=\"3 minutos\" \/>\n<!-- \/ Yoast SEO plugin. -->","yoast_head_json":{"title":"Sarah Genson, NP - Medex Diagnostic and Treatment Center - Queens Medical Center - Medical Clinic in Forest Hills, NY Centro de Diagn\u00f3stico y Tratamiento","description":"Programa una cita con Sarah Genson, NP. Enfermera Practicante en Queens, NY. Cl\u00ednica M\u00e9dica Multiespecialidad en Forest Hills, NY.","robots":{"index":"index","follow":"follow","max-snippet":"max-snippet:-1","max-image-preview":"max-image-preview:large","max-video-preview":"max-video-preview:-1"},"canonical":"https:\/\/www.medexdtc.com\/es\/medex-dtc-medicos-de-queens\/sarah-genson-np\/","og_locale":"es_ES","og_type":"article","og_title":"Sarah Genson, NP - Medex Diagnostic and Treatment Center - Queens Medical Center - Medical Clinic in Forest Hills, NY Centro de Diagn\u00f3stico y Tratamiento","og_description":"Programa una cita con Sarah Genson, NP. Enfermera Practicante en Queens, NY. Cl\u00ednica M\u00e9dica Multiespecialidad en Forest Hills, NY.","og_url":"https:\/\/www.medexdtc.com\/es\/medex-dtc-medicos-de-queens\/sarah-genson-np\/","og_site_name":"Medex Diagnostic and Treatment Center - Queens Medical Center - Medical Clinic in Forest Hills, NY","article_publisher":"https:\/\/www.facebook.com\/medexny","article_modified_time":"2025-03-02T23:41:47+00:00","og_image":[{"url":"https:\/\/www.medexdtc.com\/wp-content\/uploads\/2022\/08\/Sara_Genson.png","type":"","width":"","height":""}],"twitter_card":"summary_large_image","twitter_site":"@DtcMedex","twitter_misc":{"Tiempo de lectura":"3 minutos"},"schema":{"@context":"https:\/\/schema.org","@graph":[{"@type":"WebPage","@id":"https:\/\/www.medexdtc.com\/es\/medex-dtc-medicos-de-queens\/sarah-genson-np\/","url":"https:\/\/www.medexdtc.com\/es\/medex-dtc-medicos-de-queens\/sarah-genson-np\/","name":"Sarah Genson, NP - Medex Diagnostic and Treatment Center - Queens Medical Center - Medical Clinic in Forest Hills, NY Centro de Diagn\u00f3stico y Tratamiento","isPartOf":{"@id":"https:\/\/www.medexdtc.com\/es\/#website"},"primaryImageOfPage":{"@id":"https:\/\/www.medexdtc.com\/es\/medex-dtc-medicos-de-queens\/sarah-genson-np\/#primaryimage"},"image":{"@id":"https:\/\/www.medexdtc.com\/es\/medex-dtc-medicos-de-queens\/sarah-genson-np\/#primaryimage"},"thumbnailUrl":"https:\/\/www.medexdtc.com\/wp-content\/uploads\/2025\/06\/Sarah-Genson-NP.jpg","datePublished":"2022-08-25T02:32:48+00:00","dateModified":"2025-03-02T23:41:47+00:00","description":"Programa una cita con Sarah Genson, NP. Enfermera Practicante en Queens, NY. Cl\u00ednica M\u00e9dica Multiespecialidad en Forest Hills, NY.","breadcrumb":{"@id":"https:\/\/www.medexdtc.com\/es\/medex-dtc-medicos-de-queens\/sarah-genson-np\/#breadcrumb"},"inLanguage":"es","potentialAction":[{"@type":"ReadAction","target":["https:\/\/www.medexdtc.com\/es\/medex-dtc-medicos-de-queens\/sarah-genson-np\/"]}]},{"@type":"ImageObject","inLanguage":"es","@id":"https:\/\/www.medexdtc.com\/es\/medex-dtc-medicos-de-queens\/sarah-genson-np\/#primaryimage","url":"https:\/\/www.medexdtc.com\/wp-content\/uploads\/2025\/06\/Sarah-Genson-NP.jpg","contentUrl":"https:\/\/www.medexdtc.com\/wp-content\/uploads\/2025\/06\/Sarah-Genson-NP.jpg","width":216,"height":216,"caption":"Sarah Genson, NP"},{"@type":"BreadcrumbList","@id":"https:\/\/www.medexdtc.com\/es\/medex-dtc-medicos-de-queens\/sarah-genson-np\/#breadcrumb","itemListElement":[{"@type":"ListItem","position":1,"name":"Home","item":"https:\/\/www.medexdtc.com\/es\/"},{"@type":"ListItem","position":2,"name":"Medex DTC M\u00e9dicos de Queens","item":"https:\/\/www.medexdtc.com\/es\/medex-dtc-medicos-de-queens\/"},{"@type":"ListItem","position":3,"name":"Sarah Genson, NP"}]},{"@type":"WebSite","@id":"https:\/\/www.medexdtc.com\/es\/#website","url":"https:\/\/www.medexdtc.com\/es\/","name":"Medex DTC","description":"Medex Diagnostic and Treatment Center is a Medical Center in Queens, NY is a dynamic multi-specialty clinic. Physicians delivering high quality individualized care in Forest Hills, Queens, NY.","publisher":{"@id":"https:\/\/www.medexdtc.com\/es\/#organization"},"potentialAction":[{"@type":"SearchAction","target":{"@type":"EntryPoint","urlTemplate":"https:\/\/www.medexdtc.com\/es\/?s={search_term_string}"},"query-input":{"@type":"PropertyValueSpecification","valueRequired":true,"valueName":"search_term_string"}}],"inLanguage":"es"},{"@type":"Organization","@id":"https:\/\/www.medexdtc.com\/es\/#organization","name":"Medex DCT","url":"https:\/\/www.medexdtc.com\/es\/","logo":{"@type":"ImageObject","inLanguage":"es","@id":"https:\/\/www.medexdtc.com\/es\/#\/schema\/logo\/image\/","url":"https:\/\/www.medexdtc.com\/wp-content\/uploads\/2024\/11\/medex-diagnostic-and-treatment-center-in-queens-NY.png","contentUrl":"https:\/\/www.medexdtc.com\/wp-content\/uploads\/2024\/11\/medex-diagnostic-and-treatment-center-in-queens-NY.png","width":226,"height":47,"caption":"Medex DCT"},"image":{"@id":"https:\/\/www.medexdtc.com\/es\/#\/schema\/logo\/image\/"},"sameAs":["https:\/\/www.facebook.com\/medexny","https:\/\/x.com\/DtcMedex","https:\/\/www.instagram.com\/medexdtc\/","https:\/\/www.linkedin.com\/company\/medex-diagnostic-and-treatment-center\/about\/"]}]}},"jetpack_sharing_enabled":true,"_links":{"self":[{"href":"https:\/\/www.medexdtc.com\/es\/wp-json\/wp\/v2\/pages\/4198","targetHints":{"allow":["GET"]}}],"collection":[{"href":"https:\/\/www.medexdtc.com\/es\/wp-json\/wp\/v2\/pages"}],"about":[{"href":"https:\/\/www.medexdtc.com\/es\/wp-json\/wp\/v2\/types\/page"}],"author":[{"embeddable":true,"href":"https:\/\/www.medexdtc.com\/es\/wp-json\/wp\/v2\/users\/3"}],"replies":[{"embeddable":true,"href":"https:\/\/www.medexdtc.com\/es\/wp-json\/wp\/v2\/comments?post=4198"}],"version-history":[{"count":1,"href":"https:\/\/www.medexdtc.com\/es\/wp-json\/wp\/v2\/pages\/4198\/revisions"}],"predecessor-version":[{"id":4389,"href":"https:\/\/www.medexdtc.com\/es\/wp-json\/wp\/v2\/pages\/4198\/revisions\/4389"}],"up":[{"embeddable":true,"href":"https:\/\/www.medexdtc.com\/es\/wp-json\/wp\/v2\/pages\/4364"}],"wp:featuredmedia":[{"embeddable":true,"href":"https:\/\/www.medexdtc.com\/es\/wp-json\/wp\/v2\/media\/5166"}],"wp:attachment":[{"href":"https:\/\/www.medexdtc.com\/es\/wp-json\/wp\/v2\/media?parent=4198"}],"curies":[{"name":"wp","href":"https:\/\/api.w.org\/{rel}","templated":true}]}}