{"id":4203,"date":"2022-08-25T07:23:30","date_gmt":"2022-08-25T02:23:30","guid":{"rendered":"https:\/\/www.medexdtc.com\/dr-dilip-doctor\/"},"modified":"2025-03-03T04:41:47","modified_gmt":"2025-03-02T23:41:47","slug":"dr-dilip-doctor","status":"publish","type":"page","link":"https:\/\/www.medexdtc.com\/es\/medex-dtc-medicos-de-queens\/dr-dilip-doctor\/","title":{"rendered":"Dr. Dilip Doctor"},"content":{"rendered":"<section id=\"about-content-area-1\" class=\"about-content-area-one\">\n<div class=\"sub-container\">\n<div class=\"about-doc-panel\">\n<div class=\"doc-img-left\">\n<div class=\"about-doctor-image\"><img decoding=\"async\" class=\"attachment-post-thumbnail size-post-thumbnail wp-post-image\" src=\"https:\/\/www.medexdtc.com\/wp-content\/uploads\/2022\/08\/Dilip_Doctor.png\" alt=\"Dr. Dilip Doctor\" width=\"216\" height=\"216\"><\/div>\n<\/div>\n<div class=\"doc-detail-right\">\n<div class=\"about-doctor-reviews\">\u2605\u2605\u2605\u2605\u2605<\/div>\n<div class=\"about-doctor-name\">Dr. Dilip Doctor<\/div>\n<div class=\"about-doctor-desig\">Ur\u00f3logo<\/div>\n<div class=\"contect-sec\">\n<div>\n<div class=\"about-doct-number\"><a href=\"tel:+1718.275.8900\">718.275.8900<\/a><\/div>\n<div class=\"about-doct-address\">Forest Hills, Queens, NY<\/div>\n<\/div>\n<\/div>\n<p><a class=\"appointment-btn\" href=\"https:\/\/app.nexhealth.com\/appt\/medex-diagnostic-and-treatment-center?pid=120741592\" target=\"_blank\" rel=\"noopener\">Programa una<strong>cita en<\/strong><br \/>\n<strong><\/strong><\/a><\/p>\n<\/div>\n<\/div>\n<\/div>\n<\/section>\n<section id=\"about-content-area\" class=\"about-content-sec sub-container\">\n<div class=\"about-madex-page-sub-title\"><\/div>\n<div class=\"content-one about-editor-content\">\n<h1>Acerca del Dr. Dilip Doctor, MD &#8211; Ur\u00f3logo en Forest Hills, Queens, NY<\/h1>\n<p>El Dr. Dilip Doctor es un consumado m\u00e9dico especializado como ur\u00f3logo. Estudi\u00f3 en el Colegio M\u00e9dico de Baroda, donde obtuvo la licenciatura en Medicina y Cirug\u00eda. Est\u00e1 certificado por la Junta Americana de Urolog\u00eda.  <\/p>\n<p>El Dr. Dilip Doctor aporta sus conocimientos y experiencia a su consulta. Habla con fluidez no s\u00f3lo ingl\u00e9s, sino tambi\u00e9n espa\u00f1ol e hindi. Lo que m\u00e1s le elogian es su trato amable y educado con sus pacientes. El Dr. Doctor es un proveedor dedicado que se centra en garantizar que sus pacientes reciban la atenci\u00f3n adecuada y est\u00e9n bien informados e implicados en su proceso de tratamiento. Orienta a los pacientes sobre los servicios de atenci\u00f3n preventiva, as\u00ed como sobre el diagn\u00f3stico y tratamiento de enfermedades cr\u00f3nicas.    <\/p>\n<\/div>\n<div class=\"content-three about-editor-content sub-container\">\n<h2 class=\"about-title\">Credenciales<\/h2>\n<h3>Especialidades<\/h3>\n<p>Ur\u00f3logo<\/p>\n<h3>Nombres de pr\u00e1cticas<\/h3>\n<p>Centro de Diagn\u00f3stico y Tratamiento Medex<\/p>\n<h3>Certificaciones de la Junta<\/h3>\n<p>Junta Americana de Urolog\u00eda<\/p>\n<h3>Educaci\u00f3n y formaci\u00f3n<\/h3>\n<ul>\n<li>Junta Americana de Urolog\u00eda<\/li>\n<li>Facultad de Medicina &#8211; Colegio M\u00e9dico de Baroda, Licenciatura en Medicina, Licenciatura en Cirug\u00eda<\/li>\n<\/ul>\n<h3>Residencia y formaci\u00f3n de posgrado<\/h3>\n<ul>\n<li>Facultad de Medicina de Baroda, Estado de Gujarat, India<\/li>\n<li>City Hospital Center, Elmhurst, Hospital Mt. Sinai de Nueva York<\/li>\n<li>Centro M\u00e9dico Jud\u00edo de Long Island Hillside<\/li>\n<li>Afiliaci\u00f3n a los hospitales Misericordia- Fordham y Lincoln<\/li>\n<li>Misericordia- Lincoln Afiliaci\u00f3n hospitalaria<\/li>\n<li>Pr\u00e1ctica privada<\/li>\n<\/ul>\n<h2>Afecciones y tratamientos<\/h2>\n<ul>\n<li>Enfermedades de Transmisi\u00f3n Sexual (ETS)<\/li>\n<li>Consulta de urolog\u00eda<\/li>\n<li>C\u00e1lculos renales<\/li>\n<li>Infecci\u00f3n del tracto urinario (ITU)<\/li>\n<li>Incontinencia<\/li>\n<li>Micci\u00f3n frecuente<\/li>\n<li>C\u00e1ncer de pr\u00f3stata<\/li>\n<li>Vejiga Neurog\u00e9nica<\/li>\n<li>Disfunci\u00f3n Er\u00e9ctil \/ Impotencia \/ Disfunci\u00f3n Sexual Masculina<\/li>\n<li>Eyaculaci\u00f3n precoz<\/li>\n<li>Infertilidad masculina<\/li>\n<li>Vasectom\u00eda \/ Esterilizaci\u00f3n masculina<\/li>\n<li>Seguimiento Urol\u00f3gico<\/li>\n<li>Detecci\u00f3n del c\u00e1ncer de pr\u00f3stata<\/li>\n<li>Anomal\u00eda testicular (cong\u00e9nita o masiva)<\/li>\n<li>Urgencias de urolog\u00eda<\/li>\n<li>Agrandamiento de la pr\u00f3stata \/ Hiperplasia Benigna de Pr\u00f3stata (HBP)<\/li>\n<li>Consulta de infertilidad<\/li>\n<li>Dolor de Vejiga \/ Cistitis Intersticial<\/li>\n<\/ul>\n<\/div>\n<\/section>\n","protected":false},"excerpt":{"rendered":"<p>\u2605\u2605\u2605\u2605\u2605 Dr. Dilip Doctor Ur\u00f3logo 718.275.8900 Forest Hills, Queens, NY Programa unacita en Acerca del Dr. Dilip Doctor, MD &#8211; Ur\u00f3logo en Forest Hills, Queens, NY El Dr. Dilip Doctor es un consumado m\u00e9dico especializado como ur\u00f3logo. Estudi\u00f3 en el Colegio M\u00e9dico de Baroda, donde obtuvo la licenciatura en Medicina y Cirug\u00eda. Est\u00e1 certificado por &hellip; <\/p>\n<p class=\"link-more\"><a href=\"https:\/\/www.medexdtc.com\/es\/medex-dtc-medicos-de-queens\/dr-dilip-doctor\/\" class=\"more-link\">Continue reading<span class=\"screen-reader-text\"> \u00abDr. Dilip Doctor\u00bb<\/span><\/a><\/p>\n","protected":false},"author":3,"featured_media":5148,"parent":4364,"menu_order":0,"comment_status":"closed","ping_status":"closed","template":"doctor-full-width.php","meta":{"_acf_changed":false,"footnotes":""},"class_list":["post-4203","page","type-page","status-publish","has-post-thumbnail","hentry"],"acf":[],"yoast_head":"<!-- This site is optimized with the Yoast SEO plugin v27.5 - https:\/\/yoast.com\/product\/yoast-seo-wordpress\/ -->\n<title>Dr. Dilip Doctor, MD - Ur\u00f3logo en Forest Hills, Queens, NY<\/title>\n<meta name=\"description\" content=\"El Dr. Dilip Doctor es un consumado m\u00e9dico especializado como ur\u00f3logo. Estudi\u00f3 en el Colegio M\u00e9dico de Baroda, donde obtuvo la licenciatura en Medicina y Cirug\u00eda. Est\u00e1 certificado por la Junta Americana de Urolog\u00eda.\" \/>\n<meta name=\"robots\" content=\"index, follow, max-snippet:-1, max-image-preview:large, max-video-preview:-1\" \/>\n<link rel=\"canonical\" href=\"https:\/\/www.medexdtc.com\/es\/medex-dtc-medicos-de-queens\/dr-dilip-doctor\/\" \/>\n<meta property=\"og:locale\" content=\"es_ES\" \/>\n<meta property=\"og:type\" content=\"article\" \/>\n<meta property=\"og:title\" content=\"Dr. Dilip Doctor, MD - Ur\u00f3logo en Forest Hills, Queens, NY\" \/>\n<meta property=\"og:description\" content=\"El Dr. Dilip Doctor es un consumado m\u00e9dico especializado como ur\u00f3logo. Estudi\u00f3 en el Colegio M\u00e9dico de Baroda, donde obtuvo la licenciatura en Medicina y Cirug\u00eda. Est\u00e1 certificado por la Junta Americana de Urolog\u00eda.\" \/>\n<meta property=\"og:url\" content=\"https:\/\/www.medexdtc.com\/es\/medex-dtc-medicos-de-queens\/dr-dilip-doctor\/\" \/>\n<meta property=\"og:site_name\" content=\"Medex Diagnostic and Treatment Center - Queens Medical Center - Medical Clinic in Forest Hills, NY\" \/>\n<meta property=\"article:publisher\" content=\"https:\/\/www.facebook.com\/medexny\" \/>\n<meta property=\"article:modified_time\" content=\"2025-03-02T23:41:47+00:00\" \/>\n<meta property=\"og:image\" content=\"https:\/\/www.medexdtc.com\/wp-content\/uploads\/2022\/08\/Dilip_Doctor.png\" \/>\n<meta name=\"twitter:card\" content=\"summary_large_image\" \/>\n<meta name=\"twitter:site\" content=\"@DtcMedex\" \/>\n<meta name=\"twitter:label1\" content=\"Tiempo de lectura\" \/>\n\t<meta name=\"twitter:data1\" content=\"2 minutos\" \/>\n<!-- \/ Yoast SEO plugin. -->","yoast_head_json":{"title":"Dr. Dilip Doctor, MD - Ur\u00f3logo en Forest Hills, Queens, NY","description":"El Dr. Dilip Doctor es un consumado m\u00e9dico especializado como ur\u00f3logo. Estudi\u00f3 en el Colegio M\u00e9dico de Baroda, donde obtuvo la licenciatura en Medicina y Cirug\u00eda. Est\u00e1 certificado por la Junta Americana de Urolog\u00eda.","robots":{"index":"index","follow":"follow","max-snippet":"max-snippet:-1","max-image-preview":"max-image-preview:large","max-video-preview":"max-video-preview:-1"},"canonical":"https:\/\/www.medexdtc.com\/es\/medex-dtc-medicos-de-queens\/dr-dilip-doctor\/","og_locale":"es_ES","og_type":"article","og_title":"Dr. Dilip Doctor, MD - Ur\u00f3logo en Forest Hills, Queens, NY","og_description":"El Dr. Dilip Doctor es un consumado m\u00e9dico especializado como ur\u00f3logo. Estudi\u00f3 en el Colegio M\u00e9dico de Baroda, donde obtuvo la licenciatura en Medicina y Cirug\u00eda. Est\u00e1 certificado por la Junta Americana de Urolog\u00eda.","og_url":"https:\/\/www.medexdtc.com\/es\/medex-dtc-medicos-de-queens\/dr-dilip-doctor\/","og_site_name":"Medex Diagnostic and Treatment Center - Queens Medical Center - Medical Clinic in Forest Hills, NY","article_publisher":"https:\/\/www.facebook.com\/medexny","article_modified_time":"2025-03-02T23:41:47+00:00","og_image":[{"url":"https:\/\/www.medexdtc.com\/wp-content\/uploads\/2022\/08\/Dilip_Doctor.png","type":"","width":"","height":""}],"twitter_card":"summary_large_image","twitter_site":"@DtcMedex","twitter_misc":{"Tiempo de lectura":"2 minutos"},"schema":{"@context":"https:\/\/schema.org","@graph":[{"@type":"WebPage","@id":"https:\/\/www.medexdtc.com\/es\/medex-dtc-medicos-de-queens\/dr-dilip-doctor\/","url":"https:\/\/www.medexdtc.com\/es\/medex-dtc-medicos-de-queens\/dr-dilip-doctor\/","name":"Dr. Dilip Doctor, MD - Ur\u00f3logo en Forest Hills, Queens, NY","isPartOf":{"@id":"https:\/\/www.medexdtc.com\/es\/#website"},"primaryImageOfPage":{"@id":"https:\/\/www.medexdtc.com\/es\/medex-dtc-medicos-de-queens\/dr-dilip-doctor\/#primaryimage"},"image":{"@id":"https:\/\/www.medexdtc.com\/es\/medex-dtc-medicos-de-queens\/dr-dilip-doctor\/#primaryimage"},"thumbnailUrl":"https:\/\/www.medexdtc.com\/wp-content\/uploads\/2025\/06\/Dr.-Dilip-Doctor-MD.jpg","datePublished":"2022-08-25T02:23:30+00:00","dateModified":"2025-03-02T23:41:47+00:00","description":"El Dr. Dilip Doctor es un consumado m\u00e9dico especializado como ur\u00f3logo. Estudi\u00f3 en el Colegio M\u00e9dico de Baroda, donde obtuvo la licenciatura en Medicina y Cirug\u00eda. Est\u00e1 certificado por la Junta Americana de Urolog\u00eda.","breadcrumb":{"@id":"https:\/\/www.medexdtc.com\/es\/medex-dtc-medicos-de-queens\/dr-dilip-doctor\/#breadcrumb"},"inLanguage":"es","potentialAction":[{"@type":"ReadAction","target":["https:\/\/www.medexdtc.com\/es\/medex-dtc-medicos-de-queens\/dr-dilip-doctor\/"]}]},{"@type":"ImageObject","inLanguage":"es","@id":"https:\/\/www.medexdtc.com\/es\/medex-dtc-medicos-de-queens\/dr-dilip-doctor\/#primaryimage","url":"https:\/\/www.medexdtc.com\/wp-content\/uploads\/2025\/06\/Dr.-Dilip-Doctor-MD.jpg","contentUrl":"https:\/\/www.medexdtc.com\/wp-content\/uploads\/2025\/06\/Dr.-Dilip-Doctor-MD.jpg","width":216,"height":216,"caption":"Dr. Dilip Doctor, MD"},{"@type":"BreadcrumbList","@id":"https:\/\/www.medexdtc.com\/es\/medex-dtc-medicos-de-queens\/dr-dilip-doctor\/#breadcrumb","itemListElement":[{"@type":"ListItem","position":1,"name":"Home","item":"https:\/\/www.medexdtc.com\/es\/"},{"@type":"ListItem","position":2,"name":"Medex DTC M\u00e9dicos de Queens","item":"https:\/\/www.medexdtc.com\/es\/medex-dtc-medicos-de-queens\/"},{"@type":"ListItem","position":3,"name":"Dr. Dilip Doctor"}]},{"@type":"WebSite","@id":"https:\/\/www.medexdtc.com\/es\/#website","url":"https:\/\/www.medexdtc.com\/es\/","name":"Medex DTC","description":"Medex Diagnostic and Treatment Center is a Medical Center in Queens, NY is a dynamic multi-specialty clinic. Physicians delivering high quality individualized care in Forest Hills, Queens, NY.","publisher":{"@id":"https:\/\/www.medexdtc.com\/es\/#organization"},"potentialAction":[{"@type":"SearchAction","target":{"@type":"EntryPoint","urlTemplate":"https:\/\/www.medexdtc.com\/es\/?s={search_term_string}"},"query-input":{"@type":"PropertyValueSpecification","valueRequired":true,"valueName":"search_term_string"}}],"inLanguage":"es"},{"@type":"Organization","@id":"https:\/\/www.medexdtc.com\/es\/#organization","name":"Medex DCT","url":"https:\/\/www.medexdtc.com\/es\/","logo":{"@type":"ImageObject","inLanguage":"es","@id":"https:\/\/www.medexdtc.com\/es\/#\/schema\/logo\/image\/","url":"https:\/\/www.medexdtc.com\/wp-content\/uploads\/2024\/11\/medex-diagnostic-and-treatment-center-in-queens-NY.png","contentUrl":"https:\/\/www.medexdtc.com\/wp-content\/uploads\/2024\/11\/medex-diagnostic-and-treatment-center-in-queens-NY.png","width":226,"height":47,"caption":"Medex DCT"},"image":{"@id":"https:\/\/www.medexdtc.com\/es\/#\/schema\/logo\/image\/"},"sameAs":["https:\/\/www.facebook.com\/medexny","https:\/\/x.com\/DtcMedex","https:\/\/www.instagram.com\/medexdtc\/","https:\/\/www.linkedin.com\/company\/medex-diagnostic-and-treatment-center\/about\/"]}]}},"jetpack_sharing_enabled":true,"_links":{"self":[{"href":"https:\/\/www.medexdtc.com\/es\/wp-json\/wp\/v2\/pages\/4203","targetHints":{"allow":["GET"]}}],"collection":[{"href":"https:\/\/www.medexdtc.com\/es\/wp-json\/wp\/v2\/pages"}],"about":[{"href":"https:\/\/www.medexdtc.com\/es\/wp-json\/wp\/v2\/types\/page"}],"author":[{"embeddable":true,"href":"https:\/\/www.medexdtc.com\/es\/wp-json\/wp\/v2\/users\/3"}],"replies":[{"embeddable":true,"href":"https:\/\/www.medexdtc.com\/es\/wp-json\/wp\/v2\/comments?post=4203"}],"version-history":[{"count":1,"href":"https:\/\/www.medexdtc.com\/es\/wp-json\/wp\/v2\/pages\/4203\/revisions"}],"predecessor-version":[{"id":4388,"href":"https:\/\/www.medexdtc.com\/es\/wp-json\/wp\/v2\/pages\/4203\/revisions\/4388"}],"up":[{"embeddable":true,"href":"https:\/\/www.medexdtc.com\/es\/wp-json\/wp\/v2\/pages\/4364"}],"wp:featuredmedia":[{"embeddable":true,"href":"https:\/\/www.medexdtc.com\/es\/wp-json\/wp\/v2\/media\/5148"}],"wp:attachment":[{"href":"https:\/\/www.medexdtc.com\/es\/wp-json\/wp\/v2\/media?parent=4203"}],"curies":[{"name":"wp","href":"https:\/\/api.w.org\/{rel}","templated":true}]}}