{"id":4204,"date":"2022-08-25T07:51:27","date_gmt":"2022-08-25T02:51:27","guid":{"rendered":"https:\/\/www.medexdtc.com\/dr-nunzio-saulle-md\/"},"modified":"2025-03-03T04:41:47","modified_gmt":"2025-03-02T23:41:47","slug":"dr-nunzio-saulle-md","status":"publish","type":"page","link":"https:\/\/www.medexdtc.com\/es\/medex-dtc-medicos-de-queens\/dr-nunzio-saulle-md\/","title":{"rendered":"Dr. Nunzio Saulle, MD"},"content":{"rendered":"<section id=\"about-content-area-1\" class=\"about-content-area-one\">\n<div class=\"sub-container\">\n<div class=\"about-doc-panel\">\n<div class=\"doc-img-left\">\n<div class=\"about-doctor-image\"><img decoding=\"async\" class=\"attachment-post-thumbnail size-post-thumbnail wp-post-image\" src=\"https:\/\/www.medexdtc.com\/wp-content\/uploads\/2022\/08\/Nunzio_Saulle.png\" alt=\"Dr. Nunzio Saulle, MD\" width=\"216\" height=\"216\"><\/div>\n<\/div>\n<div class=\"doc-detail-right\">\n<div class=\"about-doctor-reviews\">\u2605\u2605\u2605\u2605\u2605<\/div>\n<div class=\"about-doctor-name\">Dr. Nunzio Saulle, MD<\/div>\n<div class=\"about-doctor-desig\">Fisiatra<\/div>\n<div class=\"contect-sec\">\n<div>\n<div class=\"about-doct-number\"><a href=\"tel:+1718.275.8900\">718.275.8900<\/a><\/div>\n<div class=\"about-doct-address\">Forest Hills, Queens, NY<\/div>\n<\/div>\n<\/div>\n<p><a class=\"appointment-btn\" href=\"https:\/\/app.nexhealth.com\/appt\/medex-diagnostic-and-treatment-center?pid=64082728\" target=\"_blank\" rel=\"noopener\">Programa una<strong>cita en<\/strong><br \/>\n<strong><\/strong><\/a><\/p>\n<\/div>\n<\/div>\n<\/div>\n<\/section>\n<section id=\"about-content-area\" class=\"about-content-sec sub-container\">\n<div class=\"about-madex-page-sub-title\"><\/div>\n<div class=\"content-one about-editor-content\">\n<h1>Acerca del Dr. Nunzio Saulle, MD &#8211; Fisiatra en Forest Hills, Queens, NY<\/h1>\n<p>El Dr. Nunzio Saulle es un conocido y reputado especialista en medicina del dolor. Trabaja en el CENTRO DE DIAGN\u00d3STICO Y TRATAMIENTO MEDEX en Forest Hills, NY. Tambi\u00e9n est\u00e1 afiliado al Centro M\u00e9dico Jud\u00edo de Long Island.  <\/p>\n<p>El Dr. Saulle obtuvo su licenciatura en la Universidad de St. John y su t\u00edtulo de m\u00e9dico en el Centro M\u00e9dico Downstate de la Universidad Estatal de Nueva York. Ha realizado residencias en medicina interna y medicina f\u00edsica y rehabilitaci\u00f3n en el Hospital Universitario de Winthrop y en el Centro M\u00e9dico Jud\u00edo de Long Island, respectivamente. <\/p>\n<p>El Dr. Saulle est\u00e1 acreditado por la Junta Americana de Medicina F\u00edsica y Rehabilitaci\u00f3n. Tambi\u00e9n es miembro de la Academia Americana de Medicina F\u00edsica y Rehabilitaci\u00f3n y de la Asociaci\u00f3n M\u00e9dica Americana. <\/p>\n<\/div>\n<div class=\"content-three about-editor-content sub-container\">\n<h2 class=\"about-title\">Credenciales<\/h2>\n<h3>Especialidades<\/h3>\n<p>Fisiatra<\/p>\n<h3>Nombres de pr\u00e1cticas<\/h3>\n<p>Centro de Diagn\u00f3stico y Tratamiento Medex<\/p>\n<h3>Afiliaciones hospitalarias<\/h3>\n<p>Centro M\u00e9dico Jud\u00edo de Long Island<\/p>\n<h3>Certificaciones de la Junta<\/h3>\n<p>Junta Americana de Medicina F\u00edsica y Rehabilitaci\u00f3n<\/p>\n<h3>Educaci\u00f3n y formaci\u00f3n<\/h3>\n<ul>\n<li>Facultad de Medicina &#8211; Universidad Estatal de Nueva York, Centro M\u00e9dico Downstate, Doctor en Medicina<\/li>\n<li>Universidad de San Juan (Licenciatura)<\/li>\n<li>Hospital Universitario Winthrop, Residencia en Medicina Interna<\/li>\n<li>Centro M\u00e9dico Jud\u00edo de Long Island, Residencia en Medicina F\u00edsica y Rehabilitaci\u00f3n<\/li>\n<\/ul>\n<h3>Nombramientos acad\u00e9micos<\/h3>\n<ul>\n<li>Profesor Cl\u00ednico Adjunto de Medicina F\u00edsica y Rehabilitaci\u00f3n, Centro M\u00e9dico Jud\u00edo de Long Island<\/li>\n<\/ul>\n<h3>Honores especiales<\/h3>\n<ul>\n<li>M\u00e9dico Adjunto del A\u00f1o, Departamento de Medicina F\u00edsica y Rehabilitaci\u00f3n, Centro M\u00e9dico Jud\u00edo de Long Island<\/li>\n<\/ul>\n<h3>Afiliaciones profesionales<\/h3>\n<ul>\n<li>Academia Americana de Medicina F\u00edsica y Rehabilitaci\u00f3n<\/li>\n<li>Asociaci\u00f3n M\u00e9dica Americana<\/li>\n<\/ul>\n<h2>Afecciones y tratamientos<\/h2>\n<ul>\n<li>Problemas en los pies<\/li>\n<li>Problemas en las manos<\/li>\n<li>Problemas de codo<\/li>\n<li>Problemas de espalda<\/li>\n<li>Lesi\u00f3n deportiva<\/li>\n<li>Problemas de rodilla<\/li>\n<li>Problemas de cadera<\/li>\n<li>Evaluaci\u00f3n de la osteoporosis<\/li>\n<li>Ecograf\u00eda<\/li>\n<li>Problema de hombro<\/li>\n<li>Dolor de pies<\/li>\n<li>Artritis<\/li>\n<li>Debilidad muscular \/ Par\u00e1lisis<\/li>\n<li>Estudios de conducci\u00f3n nerviosa (ECN)<\/li>\n<li>Problemas de mu\u00f1eca<\/li>\n<li>Problemas de tobillo<\/li>\n<li>Consulta sobre el tratamiento del dolor<\/li>\n<li>Dolor articular<\/li>\n<li>Inyecci\u00f3n de analg\u00e9sicos<\/li>\n<li>Prescripci\u00f3n de analg\u00e9sicos<\/li>\n<li>Hernia discal<\/li>\n<li>Deformaci\u00f3n del cuello \/ Tort\u00edcolis<\/li>\n<li>Espondilolisis<\/li>\n<li>Deformaci\u00f3n de la columna \/ Escoliosis<\/li>\n<li>Consulta de Medicina F\u00edsica \/ Rehabilitaci\u00f3n<\/li>\n<li>Ejercicio Terap\u00e9utico<\/li>\n<li>Silla de ruedas \/ Muletas<\/li>\n<li>Pr\u00f3tesis<\/li>\n<li>Terapia de movilidad<\/li>\n<li>Ejercicio para reducir el dolor<\/li>\n<li>Terapia Post-ictus \/ Neurolog\u00eda<\/li>\n<li>Ejercicios para trastornos del movimiento<\/li>\n<li>Movilidad postoperatoria (articulaciones y cuerpo)<\/li>\n<li>Movilidad postoperatoria (mano y dedos)<\/li>\n<li>Seguimiento de la Medicina del Dolor<\/li>\n<li>Seguimiento Medicina F\u00edsica \/ Rehabilitaci\u00f3n<\/li>\n<li>Espasticidad<\/li>\n<li>Indemnizaci\u00f3n por accidente laboral \/ Evaluaci\u00f3n de incapacidades<\/li>\n<li>Atenci\u00f3n a amputados<\/li>\n<li>Fibromialgia<\/li>\n<li>Dolor de espalda<\/li>\n<li>Problemas de cuello<\/li>\n<li>Neuropat\u00eda perif\u00e9rica<\/li>\n<li>Faja ortop\u00e9dica<\/li>\n<li>Rehabilitaci\u00f3n psiqui\u00e1trica<\/li>\n<li>Ci\u00e1tica<\/li>\n<li>Traumatismo \/ lesi\u00f3n medular<\/li>\n<li>Electromiograma (EMG)<\/li>\n<li>Evaluaci\u00f3n ecogr\u00e1fica musculoesquel\u00e9tica<\/li>\n<li>Inyecciones articulares guiadas por ecograf\u00eda<\/li>\n<li>Dolor de columna<\/li>\n<\/ul>\n<\/div>\n<\/section>\n","protected":false},"excerpt":{"rendered":"<p>\u2605\u2605\u2605\u2605\u2605 Dr. Nunzio Saulle, MD Fisiatra 718.275.8900 Forest Hills, Queens, NY Programa unacita en Acerca del Dr. Nunzio Saulle, MD &#8211; Fisiatra en Forest Hills, Queens, NY El Dr. Nunzio Saulle es un conocido y reputado especialista en medicina del dolor. Trabaja en el CENTRO DE DIAGN\u00d3STICO Y TRATAMIENTO MEDEX en Forest Hills, NY. Tambi\u00e9n &hellip; <\/p>\n<p class=\"link-more\"><a href=\"https:\/\/www.medexdtc.com\/es\/medex-dtc-medicos-de-queens\/dr-nunzio-saulle-md\/\" class=\"more-link\">Continue reading<span class=\"screen-reader-text\"> \u00abDr. Nunzio Saulle, MD\u00bb<\/span><\/a><\/p>\n","protected":false},"author":3,"featured_media":0,"parent":4364,"menu_order":0,"comment_status":"closed","ping_status":"closed","template":"doctor-full-width.php","meta":{"_acf_changed":false,"footnotes":""},"class_list":["post-4204","page","type-page","status-publish","hentry"],"acf":[],"yoast_head":"<!-- This site is optimized with the Yoast SEO plugin v27.3 - https:\/\/yoast.com\/product\/yoast-seo-wordpress\/ -->\n<title>Dr. Nunzio Saulle, MD - Centro M\u00e9dico de Especialidades M\u00faltiples en Queens, NY | Medex<\/title>\n<meta name=\"description\" content=\"El Dr. Saulle est\u00e1 acreditado por la Junta Americana de Medicina F\u00edsica y Rehabilitaci\u00f3n. Tambi\u00e9n es miembro de la Academia Americana de Medicina F\u00edsica y Rehabilitaci\u00f3n y de la Asociaci\u00f3n M\u00e9dica Americana.\" \/>\n<meta name=\"robots\" content=\"index, follow, max-snippet:-1, max-image-preview:large, max-video-preview:-1\" \/>\n<link rel=\"canonical\" href=\"https:\/\/www.medexdtc.com\/es\/medex-dtc-medicos-de-queens\/dr-nunzio-saulle-md\/\" \/>\n<meta property=\"og:locale\" content=\"es_ES\" \/>\n<meta property=\"og:type\" content=\"article\" \/>\n<meta property=\"og:title\" content=\"Dr. Nunzio Saulle, MD - Centro M\u00e9dico de Especialidades M\u00faltiples en Queens, NY | Medex\" \/>\n<meta property=\"og:description\" content=\"El Dr. Saulle est\u00e1 acreditado por la Junta Americana de Medicina F\u00edsica y Rehabilitaci\u00f3n. Tambi\u00e9n es miembro de la Academia Americana de Medicina F\u00edsica y Rehabilitaci\u00f3n y de la Asociaci\u00f3n M\u00e9dica Americana.\" \/>\n<meta property=\"og:url\" content=\"https:\/\/www.medexdtc.com\/es\/medex-dtc-medicos-de-queens\/dr-nunzio-saulle-md\/\" \/>\n<meta property=\"og:site_name\" content=\"Medex Diagnostic and Treatment Center - Queens Medical Center - Medical Clinic in Forest Hills, NY\" \/>\n<meta property=\"article:publisher\" content=\"https:\/\/www.facebook.com\/medexny\" \/>\n<meta property=\"article:modified_time\" content=\"2025-03-02T23:41:47+00:00\" \/>\n<meta property=\"og:image\" content=\"https:\/\/www.medexdtc.com\/wp-content\/uploads\/2022\/08\/Nunzio_Saulle.png\" \/>\n<meta name=\"twitter:card\" content=\"summary_large_image\" \/>\n<meta name=\"twitter:site\" content=\"@DtcMedex\" \/>\n<meta name=\"twitter:label1\" content=\"Tiempo de lectura\" \/>\n\t<meta name=\"twitter:data1\" content=\"3 minutos\" \/>\n<!-- \/ Yoast SEO plugin. -->","yoast_head_json":{"title":"Dr. Nunzio Saulle, MD - Centro M\u00e9dico de Especialidades M\u00faltiples en Queens, NY | Medex","description":"El Dr. Saulle est\u00e1 acreditado por la Junta Americana de Medicina F\u00edsica y Rehabilitaci\u00f3n. Tambi\u00e9n es miembro de la Academia Americana de Medicina F\u00edsica y Rehabilitaci\u00f3n y de la Asociaci\u00f3n M\u00e9dica Americana.","robots":{"index":"index","follow":"follow","max-snippet":"max-snippet:-1","max-image-preview":"max-image-preview:large","max-video-preview":"max-video-preview:-1"},"canonical":"https:\/\/www.medexdtc.com\/es\/medex-dtc-medicos-de-queens\/dr-nunzio-saulle-md\/","og_locale":"es_ES","og_type":"article","og_title":"Dr. Nunzio Saulle, MD - Centro M\u00e9dico de Especialidades M\u00faltiples en Queens, NY | Medex","og_description":"El Dr. Saulle est\u00e1 acreditado por la Junta Americana de Medicina F\u00edsica y Rehabilitaci\u00f3n. Tambi\u00e9n es miembro de la Academia Americana de Medicina F\u00edsica y Rehabilitaci\u00f3n y de la Asociaci\u00f3n M\u00e9dica Americana.","og_url":"https:\/\/www.medexdtc.com\/es\/medex-dtc-medicos-de-queens\/dr-nunzio-saulle-md\/","og_site_name":"Medex Diagnostic and Treatment Center - Queens Medical Center - Medical Clinic in Forest Hills, NY","article_publisher":"https:\/\/www.facebook.com\/medexny","article_modified_time":"2025-03-02T23:41:47+00:00","og_image":[{"url":"https:\/\/www.medexdtc.com\/wp-content\/uploads\/2022\/08\/Nunzio_Saulle.png","type":"","width":"","height":""}],"twitter_card":"summary_large_image","twitter_site":"@DtcMedex","twitter_misc":{"Tiempo de lectura":"3 minutos"},"schema":{"@context":"https:\/\/schema.org","@graph":[{"@type":"WebPage","@id":"https:\/\/www.medexdtc.com\/es\/medex-dtc-medicos-de-queens\/dr-nunzio-saulle-md\/","url":"https:\/\/www.medexdtc.com\/es\/medex-dtc-medicos-de-queens\/dr-nunzio-saulle-md\/","name":"Dr. Nunzio Saulle, MD - Centro M\u00e9dico de Especialidades M\u00faltiples en Queens, NY | Medex","isPartOf":{"@id":"https:\/\/www.medexdtc.com\/es\/#website"},"primaryImageOfPage":{"@id":"https:\/\/www.medexdtc.com\/es\/medex-dtc-medicos-de-queens\/dr-nunzio-saulle-md\/#primaryimage"},"image":{"@id":"https:\/\/www.medexdtc.com\/es\/medex-dtc-medicos-de-queens\/dr-nunzio-saulle-md\/#primaryimage"},"thumbnailUrl":"https:\/\/www.medexdtc.com\/wp-content\/uploads\/2022\/08\/Nunzio_Saulle.png","datePublished":"2022-08-25T02:51:27+00:00","dateModified":"2025-03-02T23:41:47+00:00","description":"El Dr. Saulle est\u00e1 acreditado por la Junta Americana de Medicina F\u00edsica y Rehabilitaci\u00f3n. Tambi\u00e9n es miembro de la Academia Americana de Medicina F\u00edsica y Rehabilitaci\u00f3n y de la Asociaci\u00f3n M\u00e9dica Americana.","breadcrumb":{"@id":"https:\/\/www.medexdtc.com\/es\/medex-dtc-medicos-de-queens\/dr-nunzio-saulle-md\/#breadcrumb"},"inLanguage":"es","potentialAction":[{"@type":"ReadAction","target":["https:\/\/www.medexdtc.com\/es\/medex-dtc-medicos-de-queens\/dr-nunzio-saulle-md\/"]}]},{"@type":"ImageObject","inLanguage":"es","@id":"https:\/\/www.medexdtc.com\/es\/medex-dtc-medicos-de-queens\/dr-nunzio-saulle-md\/#primaryimage","url":"https:\/\/www.medexdtc.com\/wp-content\/uploads\/2022\/08\/Nunzio_Saulle.png","contentUrl":"https:\/\/www.medexdtc.com\/wp-content\/uploads\/2022\/08\/Nunzio_Saulle.png"},{"@type":"BreadcrumbList","@id":"https:\/\/www.medexdtc.com\/es\/medex-dtc-medicos-de-queens\/dr-nunzio-saulle-md\/#breadcrumb","itemListElement":[{"@type":"ListItem","position":1,"name":"Home","item":"https:\/\/www.medexdtc.com\/es\/"},{"@type":"ListItem","position":2,"name":"Medex DTC M\u00e9dicos de Queens","item":"https:\/\/www.medexdtc.com\/es\/medex-dtc-medicos-de-queens\/"},{"@type":"ListItem","position":3,"name":"Dr. Nunzio Saulle, MD"}]},{"@type":"WebSite","@id":"https:\/\/www.medexdtc.com\/es\/#website","url":"https:\/\/www.medexdtc.com\/es\/","name":"Medex DTC","description":"Medex Diagnostic and Treatment Center is a Medical Center in Queens, NY is a dynamic multi-specialty clinic. Physicians delivering high quality individualized care in Forest Hills, Queens, NY.","publisher":{"@id":"https:\/\/www.medexdtc.com\/es\/#organization"},"potentialAction":[{"@type":"SearchAction","target":{"@type":"EntryPoint","urlTemplate":"https:\/\/www.medexdtc.com\/es\/?s={search_term_string}"},"query-input":{"@type":"PropertyValueSpecification","valueRequired":true,"valueName":"search_term_string"}}],"inLanguage":"es"},{"@type":"Organization","@id":"https:\/\/www.medexdtc.com\/es\/#organization","name":"Medex DCT","url":"https:\/\/www.medexdtc.com\/es\/","logo":{"@type":"ImageObject","inLanguage":"es","@id":"https:\/\/www.medexdtc.com\/es\/#\/schema\/logo\/image\/","url":"https:\/\/www.medexdtc.com\/wp-content\/uploads\/2024\/11\/medex-diagnostic-and-treatment-center-in-queens-NY.png","contentUrl":"https:\/\/www.medexdtc.com\/wp-content\/uploads\/2024\/11\/medex-diagnostic-and-treatment-center-in-queens-NY.png","width":226,"height":47,"caption":"Medex DCT"},"image":{"@id":"https:\/\/www.medexdtc.com\/es\/#\/schema\/logo\/image\/"},"sameAs":["https:\/\/www.facebook.com\/medexny","https:\/\/x.com\/DtcMedex","https:\/\/www.instagram.com\/medexdtc\/","https:\/\/www.linkedin.com\/company\/medex-diagnostic-and-treatment-center\/about\/"]}]}},"jetpack_sharing_enabled":true,"_links":{"self":[{"href":"https:\/\/www.medexdtc.com\/es\/wp-json\/wp\/v2\/pages\/4204","targetHints":{"allow":["GET"]}}],"collection":[{"href":"https:\/\/www.medexdtc.com\/es\/wp-json\/wp\/v2\/pages"}],"about":[{"href":"https:\/\/www.medexdtc.com\/es\/wp-json\/wp\/v2\/types\/page"}],"author":[{"embeddable":true,"href":"https:\/\/www.medexdtc.com\/es\/wp-json\/wp\/v2\/users\/3"}],"replies":[{"embeddable":true,"href":"https:\/\/www.medexdtc.com\/es\/wp-json\/wp\/v2\/comments?post=4204"}],"version-history":[{"count":1,"href":"https:\/\/www.medexdtc.com\/es\/wp-json\/wp\/v2\/pages\/4204\/revisions"}],"predecessor-version":[{"id":4390,"href":"https:\/\/www.medexdtc.com\/es\/wp-json\/wp\/v2\/pages\/4204\/revisions\/4390"}],"up":[{"embeddable":true,"href":"https:\/\/www.medexdtc.com\/es\/wp-json\/wp\/v2\/pages\/4364"}],"wp:attachment":[{"href":"https:\/\/www.medexdtc.com\/es\/wp-json\/wp\/v2\/media?parent=4204"}],"curies":[{"name":"wp","href":"https:\/\/api.w.org\/{rel}","templated":true}]}}