{"id":4209,"date":"2023-04-12T08:13:29","date_gmt":"2023-04-12T03:13:29","guid":{"rendered":"https:\/\/www.medexdtc.com\/dra-stacy-serebnitsky\/"},"modified":"2025-03-03T04:41:47","modified_gmt":"2025-03-02T23:41:47","slug":"dra-stacy-serebnitsky","status":"publish","type":"page","link":"https:\/\/www.medexdtc.com\/es\/medex-dtc-medicos-de-queens\/dra-stacy-serebnitsky\/","title":{"rendered":"Dra. Stacy Serebnitsky"},"content":{"rendered":"<section id=\"about-content-area-1\" class=\"about-content-area-one\">\n<div class=\"sub-container\">\n<div class=\"about-doc-panel\">\n<div class=\"doc-img-left\">\n<div class=\"about-doctor-image\"><img decoding=\"async\" class=\"attachment-post-thumbnail size-post-thumbnail wp-post-image\" src=\"https:\/\/www.medexdtc.com\/wp-content\/uploads\/2023\/04\/Stacy-Serebnitsky-MD.png\" alt=\"Dra. Stacy Serebnitsky\" width=\"216\" height=\"216\"><\/div>\n<\/div>\n<div class=\"doc-detail-right\">\n<div class=\"about-doctor-reviews\">\u2605\u2605\u2605\u2605\u2605<\/div>\n<div class=\"about-doctor-name\">Dra. Stacy Serebnitsky<\/div>\n<div class=\"about-doctor-desig\">Tratamiento del dolor<\/div>\n<div class=\"contect-sec\">\n<div>\n<div class=\"about-doct-number\"><a href=\"tel:+1718.275.8900\">718.275.8900<\/a><\/div>\n<div class=\"about-doct-address\">Forest Hills, Queens, NY<\/div>\n<\/div>\n<\/div>\n<p><a class=\"appointment-btn\" href=\"https:\/\/app.nexhealth.com\/appt\/medex-diagnostic-and-treatment-center?pid=64082728\" target=\"_blank\" rel=\"noopener\">Programa una<strong>cita en<\/strong><br \/>\n<strong><\/strong><\/a><\/p>\n<\/div>\n<\/div>\n<\/div>\n<\/section>\n<section id=\"about-content-area\" class=\"about-content-sec sub-container\">\n<div class=\"about-madex-page-sub-title\"><\/div>\n<div class=\"content-one about-editor-content\">\n<h1>Stacy Serebnitsky, MD &#8211; Especialista en Control del Dolor en Queens, NY<\/h1>\n<\/div>\n<div class=\"content-three about-editor-content sub-container\">\n<h2 class=\"about-title\">Credenciales<\/h2>\n<h3>Experiencia profesional<\/h3>\n<ul>\n<li>Astoria <a href=\"https:\/\/www.medexdtc.com\/es\/tratamiento-del-dolor-en-queens\/\">Pain Management<\/a>, consulta privada, Queens, Nueva York\n<ul>\n<li>M\u00e9dico especialista en tratamiento intervencionista del dolor &#8211; Desde septiembre de 2016 hasta la actualidad<\/li>\n<\/ul>\n<\/li>\n<li>Centro de Cirug\u00eda Ambulatoria de Endoscopia de Queens, Queens, Nueva York\n<ul>\n<li>Anestesista para procedimientos de Gastroenterolog\u00eda en consulta &#8211; Marzo 2013 &#8211; Agosto 2016<\/li>\n<\/ul>\n<\/li>\n<li>Pain Physicians NY, consulta privada, Brooklyn, NY\n<ul>\n<li>M\u00e9dico especialista en tratamiento intervencionista del dolor &#8211; Octubre 2011 &#8211; Marzo 2013<\/li>\n<\/ul>\n<\/li>\n<li>Elena Ocher Medical, consulta privada, Brooklyn, NY\n<ul>\n<li>M\u00e9dico especialista en tratamiento intervencionista del dolor y anestesista para procedimientos en consulta &#8211; Julio 2010 &#8211; Enero 2012<\/li>\n<\/ul>\n<\/li>\n<\/ul>\n<h3>Formaci\u00f3n de postgrado<\/h3>\n<ul>\n<li>Colegio de M\u00e9dicos y Cirujanos de la Universidad de Columbia en el Centro Hospitalario St. Luke&#8217;s-Roosevelt\n<ul>\n<li>Beca en Tratamiento Intervencionista del Dolor &#8211; Julio 2009 &#8211; Junio 2010<\/li>\n<\/ul>\n<\/li>\n<li>Colegio de M\u00e9dicos y Cirujanos de la Universidad de Columbia en el Centro Hospitalario St. Luke&#8217;s-Roosevelt\n<ul>\n<li>M\u00e9dico Residente en Anestesiolog\u00eda, con \u00e9nfasis en anestesia regional y neuroanestesia &#8211; Julio 2006 &#8211; Junio 2009<\/li>\n<\/ul>\n<\/li>\n<li>Hospital Lenox Hill, Ciudad de Nueva York, Nueva York\n<ul>\n<li>M\u00e9dico Residente en Medicina Interna, a\u00f1o preliminar &#8211; julio 2005 &#8211; junio 2006<\/li>\n<\/ul>\n<\/li>\n<\/ul>\n<h3>Educaci\u00f3n<\/h3>\n<ul>\n<li>Doctor en Medicina, Facultad de Medicina de la Universidad Estatal de Nueva York en Downstate, Nueva York &#8211; Agosto 2001 &#8211; Junio 2005<\/li>\n<li>Licenciada en Bellas Artes, summa cum laude, City University of New York at Brooklyn College, Nueva York\n<ul>\n<li>Licenciatura en Psicolog\u00eda, especialidad en Historia del Arte &#8211; Septiembre 1997 &#8211; Junio 2001<\/li>\n<\/ul>\n<\/li>\n<\/ul>\n<h3>Idioma<\/h3>\n<ul>\n<li>Ruso fluido<\/li>\n<li>Conversaci\u00f3n en espa\u00f1ol<\/li>\n<\/ul>\n<h3>Organizaciones<\/h3>\n<ul>\n<li>Sociedad Americana de Anestesi\u00f3logos<\/li>\n<li>Asociaci\u00f3n M\u00e9dica Americana<\/li>\n<li>La Sociedad de Anestesi\u00f3logos del Estado de Nueva York<\/li>\n<\/ul>\n<h2>Afecciones y tratamientos<\/h2>\n<ul>\n<li>Problemas en los pies<\/li>\n<li>Problemas en las manos<\/li>\n<li>Problemas de codo<\/li>\n<li>Problemas de espalda<\/li>\n<li>Lesi\u00f3n deportiva<\/li>\n<li>Problemas de rodilla<\/li>\n<li>Problemas de cadera<\/li>\n<li>Evaluaci\u00f3n de la osteoporosis<\/li>\n<li>Ecograf\u00eda<\/li>\n<li>Problema de hombro<\/li>\n<li>Dolor de pies<\/li>\n<li>Artritis<\/li>\n<li>Debilidad muscular \/ Par\u00e1lisis<\/li>\n<li>Estudios de conducci\u00f3n nerviosa (ECN)<\/li>\n<li>Problemas de mu\u00f1eca<\/li>\n<li>Problemas de tobillo<\/li>\n<li>Consulta sobre el tratamiento del dolor<\/li>\n<li>Dolor articular<\/li>\n<li>Inyecci\u00f3n de analg\u00e9sicos<\/li>\n<li>Prescripci\u00f3n de analg\u00e9sicos<\/li>\n<li>Hernia discal<\/li>\n<li>Deformaci\u00f3n del cuello \/ Tort\u00edcolis<\/li>\n<li>Espondilolisis<\/li>\n<li>Deformaci\u00f3n de la columna \/ Escoliosis<\/li>\n<li>Consulta de Medicina F\u00edsica \/ Rehabilitaci\u00f3n<\/li>\n<li>Ejercicio Terap\u00e9utico<\/li>\n<li>Silla de ruedas \/ Muletas<\/li>\n<li>Pr\u00f3tesis<\/li>\n<li>Terapia de movilidad<\/li>\n<li>Ejercicio para reducir el dolor<\/li>\n<li>Terapia Post-ictus \/ Neurolog\u00eda<\/li>\n<li>Ejercicios para trastornos del movimiento<\/li>\n<li>Movilidad postoperatoria (articulaciones y cuerpo)<\/li>\n<li>Movilidad postoperatoria (mano y dedos)<\/li>\n<li>Seguimiento de la Medicina del Dolor<\/li>\n<li>Seguimiento Medicina F\u00edsica \/ Rehabilitaci\u00f3n<\/li>\n<li>Espasticidad<\/li>\n<li>Indemnizaci\u00f3n por accidente laboral \/ Evaluaci\u00f3n de incapacidades<\/li>\n<li>Atenci\u00f3n a amputados<\/li>\n<li>Fibromialgia<\/li>\n<li>Dolor de espalda<\/li>\n<li>Problemas de cuello<\/li>\n<li>Neuropat\u00eda perif\u00e9rica<\/li>\n<li>Faja ortop\u00e9dica<\/li>\n<li>Rehabilitaci\u00f3n psiqui\u00e1trica<\/li>\n<li>Ci\u00e1tica<\/li>\n<li>Traumatismo \/ lesi\u00f3n medular<\/li>\n<li>Electromiograma (EMG)<\/li>\n<li>Evaluaci\u00f3n ecogr\u00e1fica musculoesquel\u00e9tica<\/li>\n<li>Inyecciones articulares guiadas por ecograf\u00eda<\/li>\n<li>Dolor de columna<\/li>\n<\/ul>\n<\/div>\n<\/section>\n","protected":false},"excerpt":{"rendered":"<p>\u2605\u2605\u2605\u2605\u2605 Dra. Stacy Serebnitsky Tratamiento del dolor 718.275.8900 Forest Hills, Queens, NY Programa unacita en Stacy Serebnitsky, MD &#8211; Especialista en Control del Dolor en Queens, NY Credenciales Experiencia profesional Astoria Pain Management, consulta privada, Queens, Nueva York M\u00e9dico especialista en tratamiento intervencionista del dolor &#8211; Desde septiembre de 2016 hasta la actualidad Centro de &hellip; <\/p>\n<p class=\"link-more\"><a href=\"https:\/\/www.medexdtc.com\/es\/medex-dtc-medicos-de-queens\/dra-stacy-serebnitsky\/\" class=\"more-link\">Continue reading<span class=\"screen-reader-text\"> \u00abDra. Stacy Serebnitsky\u00bb<\/span><\/a><\/p>\n","protected":false},"author":3,"featured_media":5219,"parent":4364,"menu_order":0,"comment_status":"closed","ping_status":"closed","template":"doctor-full-width.php","meta":{"_acf_changed":false,"footnotes":""},"class_list":["post-4209","page","type-page","status-publish","has-post-thumbnail","hentry"],"acf":[],"yoast_head":"<!-- This site is optimized with the Yoast SEO plugin v27.3 - https:\/\/yoast.com\/product\/yoast-seo-wordpress\/ -->\n<title>Stacy Serebnitsky, MD - Doctor en Manejo del Dolor en Queens, NY<\/title>\n<meta name=\"description\" content=\"La Dra. Stacy Serebnitsky, MD, es fisiatra, especialista en tratamiento del dolor en el Multi-Specialty Medical Center de Queens, NY.\" \/>\n<meta name=\"robots\" content=\"index, follow, max-snippet:-1, max-image-preview:large, max-video-preview:-1\" \/>\n<link rel=\"canonical\" href=\"https:\/\/www.medexdtc.com\/es\/medex-dtc-medicos-de-queens\/dra-stacy-serebnitsky\/\" \/>\n<meta property=\"og:locale\" content=\"es_ES\" \/>\n<meta property=\"og:type\" content=\"article\" \/>\n<meta property=\"og:title\" content=\"Stacy Serebnitsky, MD - Doctor en Manejo del Dolor en Queens, NY\" \/>\n<meta property=\"og:description\" content=\"La Dra. Stacy Serebnitsky, MD, es fisiatra, especialista en tratamiento del dolor en el Multi-Specialty Medical Center de Queens, NY.\" \/>\n<meta property=\"og:url\" content=\"https:\/\/www.medexdtc.com\/es\/medex-dtc-medicos-de-queens\/dra-stacy-serebnitsky\/\" \/>\n<meta property=\"og:site_name\" content=\"Medex Diagnostic and Treatment Center - Queens Medical Center - Medical Clinic in Forest Hills, NY\" \/>\n<meta property=\"article:publisher\" content=\"https:\/\/www.facebook.com\/medexny\" \/>\n<meta property=\"article:modified_time\" content=\"2025-03-02T23:41:47+00:00\" \/>\n<meta property=\"og:image\" content=\"https:\/\/www.medexdtc.com\/wp-content\/uploads\/2023\/04\/Stacy-Serebnitsky-MD.png\" \/>\n<meta name=\"twitter:card\" content=\"summary_large_image\" \/>\n<meta name=\"twitter:site\" content=\"@DtcMedex\" \/>\n<meta name=\"twitter:label1\" content=\"Tiempo de lectura\" \/>\n\t<meta name=\"twitter:data1\" content=\"2 minutos\" \/>\n<!-- \/ Yoast SEO plugin. -->","yoast_head_json":{"title":"Stacy Serebnitsky, MD - Doctor en Manejo del Dolor en Queens, NY","description":"La Dra. Stacy Serebnitsky, MD, es fisiatra, especialista en tratamiento del dolor en el Multi-Specialty Medical Center de Queens, NY.","robots":{"index":"index","follow":"follow","max-snippet":"max-snippet:-1","max-image-preview":"max-image-preview:large","max-video-preview":"max-video-preview:-1"},"canonical":"https:\/\/www.medexdtc.com\/es\/medex-dtc-medicos-de-queens\/dra-stacy-serebnitsky\/","og_locale":"es_ES","og_type":"article","og_title":"Stacy Serebnitsky, MD - Doctor en Manejo del Dolor en Queens, NY","og_description":"La Dra. Stacy Serebnitsky, MD, es fisiatra, especialista en tratamiento del dolor en el Multi-Specialty Medical Center de Queens, NY.","og_url":"https:\/\/www.medexdtc.com\/es\/medex-dtc-medicos-de-queens\/dra-stacy-serebnitsky\/","og_site_name":"Medex Diagnostic and Treatment Center - Queens Medical Center - Medical Clinic in Forest Hills, NY","article_publisher":"https:\/\/www.facebook.com\/medexny","article_modified_time":"2025-03-02T23:41:47+00:00","og_image":[{"url":"https:\/\/www.medexdtc.com\/wp-content\/uploads\/2023\/04\/Stacy-Serebnitsky-MD.png","type":"","width":"","height":""}],"twitter_card":"summary_large_image","twitter_site":"@DtcMedex","twitter_misc":{"Tiempo de lectura":"2 minutos"},"schema":{"@context":"https:\/\/schema.org","@graph":[{"@type":"WebPage","@id":"https:\/\/www.medexdtc.com\/es\/medex-dtc-medicos-de-queens\/dra-stacy-serebnitsky\/","url":"https:\/\/www.medexdtc.com\/es\/medex-dtc-medicos-de-queens\/dra-stacy-serebnitsky\/","name":"Stacy Serebnitsky, MD - Doctor en Manejo del Dolor en Queens, NY","isPartOf":{"@id":"https:\/\/www.medexdtc.com\/es\/#website"},"primaryImageOfPage":{"@id":"https:\/\/www.medexdtc.com\/es\/medex-dtc-medicos-de-queens\/dra-stacy-serebnitsky\/#primaryimage"},"image":{"@id":"https:\/\/www.medexdtc.com\/es\/medex-dtc-medicos-de-queens\/dra-stacy-serebnitsky\/#primaryimage"},"thumbnailUrl":"https:\/\/www.medexdtc.com\/wp-content\/uploads\/2025\/06\/Stacy-Serebnitsky-MD.jpg","datePublished":"2023-04-12T03:13:29+00:00","dateModified":"2025-03-02T23:41:47+00:00","description":"La Dra. Stacy Serebnitsky, MD, es fisiatra, especialista en tratamiento del dolor en el Multi-Specialty Medical Center de Queens, NY.","breadcrumb":{"@id":"https:\/\/www.medexdtc.com\/es\/medex-dtc-medicos-de-queens\/dra-stacy-serebnitsky\/#breadcrumb"},"inLanguage":"es","potentialAction":[{"@type":"ReadAction","target":["https:\/\/www.medexdtc.com\/es\/medex-dtc-medicos-de-queens\/dra-stacy-serebnitsky\/"]}]},{"@type":"ImageObject","inLanguage":"es","@id":"https:\/\/www.medexdtc.com\/es\/medex-dtc-medicos-de-queens\/dra-stacy-serebnitsky\/#primaryimage","url":"https:\/\/www.medexdtc.com\/wp-content\/uploads\/2025\/06\/Stacy-Serebnitsky-MD.jpg","contentUrl":"https:\/\/www.medexdtc.com\/wp-content\/uploads\/2025\/06\/Stacy-Serebnitsky-MD.jpg","width":216,"height":216,"caption":"Stacy Serebnitsky, MD"},{"@type":"BreadcrumbList","@id":"https:\/\/www.medexdtc.com\/es\/medex-dtc-medicos-de-queens\/dra-stacy-serebnitsky\/#breadcrumb","itemListElement":[{"@type":"ListItem","position":1,"name":"Home","item":"https:\/\/www.medexdtc.com\/es\/"},{"@type":"ListItem","position":2,"name":"Medex DTC M\u00e9dicos de Queens","item":"https:\/\/www.medexdtc.com\/es\/medex-dtc-medicos-de-queens\/"},{"@type":"ListItem","position":3,"name":"Dra. Stacy Serebnitsky"}]},{"@type":"WebSite","@id":"https:\/\/www.medexdtc.com\/es\/#website","url":"https:\/\/www.medexdtc.com\/es\/","name":"Medex DTC","description":"Medex Diagnostic and Treatment Center is a Medical Center in Queens, NY is a dynamic multi-specialty clinic. Physicians delivering high quality individualized care in Forest Hills, Queens, NY.","publisher":{"@id":"https:\/\/www.medexdtc.com\/es\/#organization"},"potentialAction":[{"@type":"SearchAction","target":{"@type":"EntryPoint","urlTemplate":"https:\/\/www.medexdtc.com\/es\/?s={search_term_string}"},"query-input":{"@type":"PropertyValueSpecification","valueRequired":true,"valueName":"search_term_string"}}],"inLanguage":"es"},{"@type":"Organization","@id":"https:\/\/www.medexdtc.com\/es\/#organization","name":"Medex DCT","url":"https:\/\/www.medexdtc.com\/es\/","logo":{"@type":"ImageObject","inLanguage":"es","@id":"https:\/\/www.medexdtc.com\/es\/#\/schema\/logo\/image\/","url":"https:\/\/www.medexdtc.com\/wp-content\/uploads\/2024\/11\/medex-diagnostic-and-treatment-center-in-queens-NY.png","contentUrl":"https:\/\/www.medexdtc.com\/wp-content\/uploads\/2024\/11\/medex-diagnostic-and-treatment-center-in-queens-NY.png","width":226,"height":47,"caption":"Medex DCT"},"image":{"@id":"https:\/\/www.medexdtc.com\/es\/#\/schema\/logo\/image\/"},"sameAs":["https:\/\/www.facebook.com\/medexny","https:\/\/x.com\/DtcMedex","https:\/\/www.instagram.com\/medexdtc\/","https:\/\/www.linkedin.com\/company\/medex-diagnostic-and-treatment-center\/about\/"]}]}},"jetpack_sharing_enabled":true,"_links":{"self":[{"href":"https:\/\/www.medexdtc.com\/es\/wp-json\/wp\/v2\/pages\/4209","targetHints":{"allow":["GET"]}}],"collection":[{"href":"https:\/\/www.medexdtc.com\/es\/wp-json\/wp\/v2\/pages"}],"about":[{"href":"https:\/\/www.medexdtc.com\/es\/wp-json\/wp\/v2\/types\/page"}],"author":[{"embeddable":true,"href":"https:\/\/www.medexdtc.com\/es\/wp-json\/wp\/v2\/users\/3"}],"replies":[{"embeddable":true,"href":"https:\/\/www.medexdtc.com\/es\/wp-json\/wp\/v2\/comments?post=4209"}],"version-history":[{"count":1,"href":"https:\/\/www.medexdtc.com\/es\/wp-json\/wp\/v2\/pages\/4209\/revisions"}],"predecessor-version":[{"id":4391,"href":"https:\/\/www.medexdtc.com\/es\/wp-json\/wp\/v2\/pages\/4209\/revisions\/4391"}],"up":[{"embeddable":true,"href":"https:\/\/www.medexdtc.com\/es\/wp-json\/wp\/v2\/pages\/4364"}],"wp:featuredmedia":[{"embeddable":true,"href":"https:\/\/www.medexdtc.com\/es\/wp-json\/wp\/v2\/media\/5219"}],"wp:attachment":[{"href":"https:\/\/www.medexdtc.com\/es\/wp-json\/wp\/v2\/media?parent=4209"}],"curies":[{"name":"wp","href":"https:\/\/api.w.org\/{rel}","templated":true}]}}