{"id":4212,"date":"2023-04-12T09:06:31","date_gmt":"2023-04-12T04:06:31","guid":{"rendered":"https:\/\/www.medexdtc.com\/ellie-capria-ap-c\/"},"modified":"2025-03-03T04:41:47","modified_gmt":"2025-03-02T23:41:47","slug":"ellie-capria-ap-c","status":"publish","type":"page","link":"https:\/\/www.medexdtc.com\/es\/medex-dtc-medicos-de-queens\/ellie-capria-ap-c\/","title":{"rendered":"Ellie Capria, AP-C"},"content":{"rendered":"<section id=\"about-content-area-1\" class=\"about-content-area-one\">\n<div class=\"sub-container\">\n<div class=\"about-doc-panel\">\n<div class=\"doc-img-left\">\n<div class=\"about-doctor-image\"><img decoding=\"async\" class=\"attachment-post-thumbnail size-post-thumbnail wp-post-image\" src=\"https:\/\/www.medexdtc.com\/wp-content\/uploads\/2023\/04\/Dr-Ellie-Capria-PA.png\" alt=\"Ellie Capria, PA\" width=\"216\" height=\"216\"><\/div>\n<\/div>\n<div class=\"doc-detail-right\">\n<div class=\"about-doctor-reviews\">\u2605\u2605\u2605\u2605\u2605<\/div>\n<div class=\"about-doctor-name\">Ellie Capria, PA<\/div>\n<div class=\"about-doctor-desig\">Asistente m\u00e9dico<\/div>\n<div class=\"contect-sec\">\n<div>\n<div class=\"about-doct-number\"><a href=\"tel:+1718.275.8900\">718.275.8900<\/a><\/div>\n<div class=\"about-doct-address\">Forest Hills, Queens, NY<\/div>\n<\/div>\n<\/div>\n<p><a class=\"appointment-btn\" href=\"https:\/\/app.nexhealth.com\/appt\/medex-diagnostic-and-treatment-center?pid=60376061\" target=\"_blank\" rel=\"noopener\">Programa una<strong>cita en<\/strong><br \/>\n<strong><\/strong><\/a><\/p>\n<\/div>\n<\/div>\n<\/div>\n<\/section>\n<section id=\"about-content-area\" class=\"about-content-sec sub-container\">\n<div class=\"about-madex-page-sub-title\"><\/div>\n<div class=\"content-one about-editor-content\">\n<h1>Arnella Mikhaylova, PA-C Asistente M\u00e9dico en Forest Hills, Queens, NY<\/h1>\n<p>Asistente m\u00e9dico orientado a la calidad con 15 a\u00f1os de experiencia en la prestaci\u00f3n de una atenci\u00f3n al paciente compasiva y eficaz, atiende a pacientes con problemas y preocupaciones de salud mental para que vuelvan a tener una vida mejor y m\u00e1s sana diagnosticando, tratando y previniendo trastornos conductuales, emocionales y psiqui\u00e1tricos.<\/p>\n<\/div>\n<div class=\"content-three about-editor-content sub-container\">\n<h2 class=\"about-title\">Credenciales<\/h2>\n<h3>Experiencia<\/h3>\n<ul>\n<li>Oficina del Dr. Russell Surasky, FAAN, ABPM, Great Neck, NY\n<ul>\n<li>Asistente M\u00e9dico en Psiquiatr\u00eda y Salud Mental, (Oct 2021 &#8211; presente)<\/li>\n<\/ul>\n<\/li>\n<li>Planned Career Break, Lindenhurst, NY, (Mayo 2018 &#8211; Sept 2021)<\/li>\n<li>Path to Achieving Total Health (PATH) Medical, Nueva York, NY\n<ul>\n<li>Asistente M\u00e9dico en Medicina de Conserjer\u00eda especializada en BHRT y salud mental, (Mar 2004 &#8211; Abr 2018)<\/li>\n<\/ul>\n<\/li>\n<\/ul>\n<h3>Educaci\u00f3n<\/h3>\n<ul>\n<li>Escuela de Ciencias de la Salud del Touro College, Bay Shore, NY\n<ul>\n<li>Licenciatura en Ciencias (B.S.) Estudios de Asistente M\u00e9dico (enero de 2004)<\/li>\n<\/ul>\n<\/li>\n<li>Academia Americana de Medicina Antienvejecimiento, Boca Rat\u00f3n, FL\n<ul>\n<li>Beca &#8211; Medicina Metab\u00f3lica y Funcional (diciembre de 2005)<\/li>\n<\/ul>\n<\/li>\n<li>Universidad de Hofstra, Hempstead, NY\n<ul>\n<li>Licenciatura en Ciencias del Habla y la Audici\u00f3n (enero de 1999)<\/li>\n<\/ul>\n<\/li>\n<\/ul>\n<h3>Certificaciones y habilidades adicionales<\/h3>\n<ul>\n<li>Certificaci\u00f3n de la Comisi\u00f3n Nacional de Certificaci\u00f3n de Asistentes M\u00e9dicos (NCCPA)<\/li>\n<li>Certificado de sustancia controlada de la DEA (Lista II-V)<\/li>\n<li>Renuncia a la buprenorfina (DATA 2000)<\/li>\n<li>Certificados de Soporte Vital B\u00e1sico (SVB) y Soporte Vital Cardiovascular Americano (SVAA)<\/li>\n<li>Certificaci\u00f3n del Indicador de Tipo Meyers Briggs (MBTI), Asociaci\u00f3n Americana de Gesti\u00f3n<\/li>\n<li>Biling\u00fce &#8211; fluidez en ingl\u00e9s y griego<\/li>\n<\/ul>\n<h2>Enfermedades y tratamientos<\/h2>\n<ul>\n<li>Examen f\u00edsico anual<\/li>\n<li>Receta \/ Recarga<\/li>\n<li>Consulta General<\/li>\n<li>Consulta gineco-obst\u00e9trica<\/li>\n<li>Anticoncepci\u00f3n<\/li>\n<li>Prueba anual de Papanicolaou \/ Examen ginecol\u00f3gico<\/li>\n<li>Disfunci\u00f3n Sexual \/ Sexo Doloroso \/ Dispareunia<\/li>\n<li>Evaluaci\u00f3n de la osteoporosis<\/li>\n<li>Ecograf\u00eda<\/li>\n<li>Enfermedades de Transmisi\u00f3n Sexual (ETS)<\/li>\n<li>Verruga(s)<\/li>\n<li>Secreci\u00f3n vaginal \/ Infecci\u00f3n<\/li>\n<li>Consulta sobre la menopausia<\/li>\n<li>Infecci\u00f3n del tracto urinario (ITU)<\/li>\n<li>Incontinencia<\/li>\n<li>Prolapso uterino \/ vaginal<\/li>\n<li>Dolor abdominal<\/li>\n<li>Micci\u00f3n frecuente<\/li>\n<li>Seguimiento gineco-obst\u00e9trico<\/li>\n<li>Seguimiento de la menopausia<\/li>\n<li>Endometriosis<\/li>\n<li>Consulta de Ginecolog\u00eda<\/li>\n<li>P\u00f3lipo cervical<\/li>\n<li>Estudios urodin\u00e1micos<\/li>\n<li>Sangrado vaginal<\/li>\n<li>Biopsia vulvar<\/li>\n<li>Colposcopia<\/li>\n<li>Congelaci\u00f3n de verrugas ginecol\u00f3gicas<\/li>\n<li>Sangrado vaginal abundante o irregular<\/li>\n<li>Consulta de infertilidad<\/li>\n<li>Menstruaci\u00f3n irregular<\/li>\n<li>Inserci\u00f3n del DIU<\/li>\n<li>Eliminaci\u00f3n de Lunelle<\/li>\n<li>Menopausia<\/li>\n<li>Dolor de Vejiga \/ Cistitis Intersticial<\/li>\n<li>Quiste(s) ov\u00e1rico(s)<\/li>\n<li>Menstruaci\u00f3n dolorosa \/ Dismenorrea<\/li>\n<li>Detecci\u00f3n del c\u00e1ncer de mama<\/li>\n<li>Enfermedad Inflamatoria P\u00e9lvica \/ Endometritis<\/li>\n<li>Dolor p\u00e9lvico<\/li>\n<li>Ecograf\u00eda p\u00e9lvica<\/li>\n<li>Hemorragia posmenop\u00e1usica<\/li>\n<li>Visita postparto<\/li>\n<li>S\u00edndrome premenstrual (SPM) \/ Trastorno disf\u00f3rico premenstrual (TDPM)<\/li>\n<li>Detecci\u00f3n del c\u00e1ncer de ovario<\/li>\n<li>Extracci\u00f3n del DIU<\/li>\n<li>An\u00e1lisis de sangre<\/li>\n<li>Depresi\u00f3n postparto<\/li>\n<li>Reemplazo hormonal<\/li>\n<\/ul>\n<\/div>\n<\/section>\n","protected":false},"excerpt":{"rendered":"<p>\u2605\u2605\u2605\u2605\u2605 Ellie Capria, PA Asistente m\u00e9dico 718.275.8900 Forest Hills, Queens, NY Programa unacita en Arnella Mikhaylova, PA-C Asistente M\u00e9dico en Forest Hills, Queens, NY Asistente m\u00e9dico orientado a la calidad con 15 a\u00f1os de experiencia en la prestaci\u00f3n de una atenci\u00f3n al paciente compasiva y eficaz, atiende a pacientes con problemas y preocupaciones de salud &hellip; <\/p>\n<p class=\"link-more\"><a href=\"https:\/\/www.medexdtc.com\/es\/medex-dtc-medicos-de-queens\/ellie-capria-ap-c\/\" class=\"more-link\">Continue reading<span class=\"screen-reader-text\"> \u00abEllie Capria, AP-C\u00bb<\/span><\/a><\/p>\n","protected":false},"author":3,"featured_media":0,"parent":4364,"menu_order":0,"comment_status":"closed","ping_status":"closed","template":"doctor-full-width.php","meta":{"_acf_changed":false,"footnotes":""},"class_list":["post-4212","page","type-page","status-publish","hentry"],"acf":[],"yoast_head":"<!-- This site is optimized with the Yoast SEO plugin v27.3 - https:\/\/yoast.com\/product\/yoast-seo-wordpress\/ -->\n<title>Ellie Capria, PA-C - Centro M\u00e9dico Multiespecialidad en Queens, NY | Medex<\/title>\n<meta name=\"description\" content=\"Ellie Capria, PA-C, es m\u00e9dico asistente en el Multi-Specialty Medical Center de Queens, NY.\" \/>\n<meta name=\"robots\" content=\"index, follow, max-snippet:-1, max-image-preview:large, max-video-preview:-1\" \/>\n<link rel=\"canonical\" href=\"https:\/\/www.medexdtc.com\/es\/medex-dtc-medicos-de-queens\/ellie-capria-ap-c\/\" \/>\n<meta property=\"og:locale\" content=\"es_ES\" \/>\n<meta property=\"og:type\" content=\"article\" \/>\n<meta property=\"og:title\" content=\"Ellie Capria, PA-C - Centro M\u00e9dico Multiespecialidad en Queens, NY | Medex\" \/>\n<meta property=\"og:description\" content=\"Ellie Capria, PA-C, es m\u00e9dico asistente en el Multi-Specialty Medical Center de Queens, NY.\" \/>\n<meta property=\"og:url\" content=\"https:\/\/www.medexdtc.com\/es\/medex-dtc-medicos-de-queens\/ellie-capria-ap-c\/\" \/>\n<meta property=\"og:site_name\" content=\"Medex Diagnostic and Treatment Center - Queens Medical Center - Medical Clinic in Forest Hills, NY\" \/>\n<meta property=\"article:publisher\" content=\"https:\/\/www.facebook.com\/medexny\" \/>\n<meta property=\"article:modified_time\" content=\"2025-03-02T23:41:47+00:00\" \/>\n<meta property=\"og:image\" content=\"https:\/\/www.medexdtc.com\/wp-content\/uploads\/2023\/04\/Dr-Ellie-Capria-PA.png\" \/>\n<meta name=\"twitter:card\" content=\"summary_large_image\" \/>\n<meta name=\"twitter:site\" content=\"@DtcMedex\" \/>\n<meta name=\"twitter:label1\" content=\"Tiempo de lectura\" \/>\n\t<meta name=\"twitter:data1\" content=\"2 minutos\" \/>\n<!-- \/ Yoast SEO plugin. -->","yoast_head_json":{"title":"Ellie Capria, PA-C - Centro M\u00e9dico Multiespecialidad en Queens, NY | Medex","description":"Ellie Capria, PA-C, es m\u00e9dico asistente en el Multi-Specialty Medical Center de Queens, NY.","robots":{"index":"index","follow":"follow","max-snippet":"max-snippet:-1","max-image-preview":"max-image-preview:large","max-video-preview":"max-video-preview:-1"},"canonical":"https:\/\/www.medexdtc.com\/es\/medex-dtc-medicos-de-queens\/ellie-capria-ap-c\/","og_locale":"es_ES","og_type":"article","og_title":"Ellie Capria, PA-C - Centro M\u00e9dico Multiespecialidad en Queens, NY | Medex","og_description":"Ellie Capria, PA-C, es m\u00e9dico asistente en el Multi-Specialty Medical Center de Queens, NY.","og_url":"https:\/\/www.medexdtc.com\/es\/medex-dtc-medicos-de-queens\/ellie-capria-ap-c\/","og_site_name":"Medex Diagnostic and Treatment Center - Queens Medical Center - Medical Clinic in Forest Hills, NY","article_publisher":"https:\/\/www.facebook.com\/medexny","article_modified_time":"2025-03-02T23:41:47+00:00","og_image":[{"url":"https:\/\/www.medexdtc.com\/wp-content\/uploads\/2023\/04\/Dr-Ellie-Capria-PA.png","type":"","width":"","height":""}],"twitter_card":"summary_large_image","twitter_site":"@DtcMedex","twitter_misc":{"Tiempo de lectura":"2 minutos"},"schema":{"@context":"https:\/\/schema.org","@graph":[{"@type":"WebPage","@id":"https:\/\/www.medexdtc.com\/es\/medex-dtc-medicos-de-queens\/ellie-capria-ap-c\/","url":"https:\/\/www.medexdtc.com\/es\/medex-dtc-medicos-de-queens\/ellie-capria-ap-c\/","name":"Ellie Capria, PA-C - Centro M\u00e9dico Multiespecialidad en Queens, NY | Medex","isPartOf":{"@id":"https:\/\/www.medexdtc.com\/es\/#website"},"primaryImageOfPage":{"@id":"https:\/\/www.medexdtc.com\/es\/medex-dtc-medicos-de-queens\/ellie-capria-ap-c\/#primaryimage"},"image":{"@id":"https:\/\/www.medexdtc.com\/es\/medex-dtc-medicos-de-queens\/ellie-capria-ap-c\/#primaryimage"},"thumbnailUrl":"https:\/\/www.medexdtc.com\/wp-content\/uploads\/2023\/04\/Dr-Ellie-Capria-PA.png","datePublished":"2023-04-12T04:06:31+00:00","dateModified":"2025-03-02T23:41:47+00:00","description":"Ellie Capria, PA-C, es m\u00e9dico asistente en el Multi-Specialty Medical Center de Queens, NY.","breadcrumb":{"@id":"https:\/\/www.medexdtc.com\/es\/medex-dtc-medicos-de-queens\/ellie-capria-ap-c\/#breadcrumb"},"inLanguage":"es","potentialAction":[{"@type":"ReadAction","target":["https:\/\/www.medexdtc.com\/es\/medex-dtc-medicos-de-queens\/ellie-capria-ap-c\/"]}]},{"@type":"ImageObject","inLanguage":"es","@id":"https:\/\/www.medexdtc.com\/es\/medex-dtc-medicos-de-queens\/ellie-capria-ap-c\/#primaryimage","url":"https:\/\/www.medexdtc.com\/wp-content\/uploads\/2023\/04\/Dr-Ellie-Capria-PA.png","contentUrl":"https:\/\/www.medexdtc.com\/wp-content\/uploads\/2023\/04\/Dr-Ellie-Capria-PA.png"},{"@type":"BreadcrumbList","@id":"https:\/\/www.medexdtc.com\/es\/medex-dtc-medicos-de-queens\/ellie-capria-ap-c\/#breadcrumb","itemListElement":[{"@type":"ListItem","position":1,"name":"Home","item":"https:\/\/www.medexdtc.com\/es\/"},{"@type":"ListItem","position":2,"name":"Medex DTC M\u00e9dicos de Queens","item":"https:\/\/www.medexdtc.com\/es\/medex-dtc-medicos-de-queens\/"},{"@type":"ListItem","position":3,"name":"Ellie Capria, AP-C"}]},{"@type":"WebSite","@id":"https:\/\/www.medexdtc.com\/es\/#website","url":"https:\/\/www.medexdtc.com\/es\/","name":"Medex DTC","description":"Medex Diagnostic and Treatment Center is a Medical Center in Queens, NY is a dynamic multi-specialty clinic. Physicians delivering high quality individualized care in Forest Hills, Queens, NY.","publisher":{"@id":"https:\/\/www.medexdtc.com\/es\/#organization"},"potentialAction":[{"@type":"SearchAction","target":{"@type":"EntryPoint","urlTemplate":"https:\/\/www.medexdtc.com\/es\/?s={search_term_string}"},"query-input":{"@type":"PropertyValueSpecification","valueRequired":true,"valueName":"search_term_string"}}],"inLanguage":"es"},{"@type":"Organization","@id":"https:\/\/www.medexdtc.com\/es\/#organization","name":"Medex DCT","url":"https:\/\/www.medexdtc.com\/es\/","logo":{"@type":"ImageObject","inLanguage":"es","@id":"https:\/\/www.medexdtc.com\/es\/#\/schema\/logo\/image\/","url":"https:\/\/www.medexdtc.com\/wp-content\/uploads\/2024\/11\/medex-diagnostic-and-treatment-center-in-queens-NY.png","contentUrl":"https:\/\/www.medexdtc.com\/wp-content\/uploads\/2024\/11\/medex-diagnostic-and-treatment-center-in-queens-NY.png","width":226,"height":47,"caption":"Medex DCT"},"image":{"@id":"https:\/\/www.medexdtc.com\/es\/#\/schema\/logo\/image\/"},"sameAs":["https:\/\/www.facebook.com\/medexny","https:\/\/x.com\/DtcMedex","https:\/\/www.instagram.com\/medexdtc\/","https:\/\/www.linkedin.com\/company\/medex-diagnostic-and-treatment-center\/about\/"]}]}},"jetpack_sharing_enabled":true,"_links":{"self":[{"href":"https:\/\/www.medexdtc.com\/es\/wp-json\/wp\/v2\/pages\/4212","targetHints":{"allow":["GET"]}}],"collection":[{"href":"https:\/\/www.medexdtc.com\/es\/wp-json\/wp\/v2\/pages"}],"about":[{"href":"https:\/\/www.medexdtc.com\/es\/wp-json\/wp\/v2\/types\/page"}],"author":[{"embeddable":true,"href":"https:\/\/www.medexdtc.com\/es\/wp-json\/wp\/v2\/users\/3"}],"replies":[{"embeddable":true,"href":"https:\/\/www.medexdtc.com\/es\/wp-json\/wp\/v2\/comments?post=4212"}],"version-history":[{"count":1,"href":"https:\/\/www.medexdtc.com\/es\/wp-json\/wp\/v2\/pages\/4212\/revisions"}],"predecessor-version":[{"id":4393,"href":"https:\/\/www.medexdtc.com\/es\/wp-json\/wp\/v2\/pages\/4212\/revisions\/4393"}],"up":[{"embeddable":true,"href":"https:\/\/www.medexdtc.com\/es\/wp-json\/wp\/v2\/pages\/4364"}],"wp:attachment":[{"href":"https:\/\/www.medexdtc.com\/es\/wp-json\/wp\/v2\/media?parent=4212"}],"curies":[{"name":"wp","href":"https:\/\/api.w.org\/{rel}","templated":true}]}}