{"id":4215,"date":"2023-04-12T09:00:41","date_gmt":"2023-04-12T04:00:41","guid":{"rendered":"https:\/\/www.medexdtc.com\/ziyad-a-mansur-md\/"},"modified":"2025-03-03T04:41:47","modified_gmt":"2025-03-02T23:41:47","slug":"ziyad-a-mansur-md","status":"publish","type":"page","link":"https:\/\/www.medexdtc.com\/es\/medex-dtc-medicos-de-queens\/ziyad-a-mansur-md\/","title":{"rendered":"Ziyad A. Mansur, MD"},"content":{"rendered":"<section id=\"about-content-area-1\" class=\"about-content-area-one\">\n<div class=\"sub-container\">\n<div class=\"about-doc-panel\">\n<div class=\"doc-img-left\">\n<div class=\"about-doctor-image\">\n                        <img loading=\"lazy\" decoding=\"async\" width=\"216\" height=\"216\" src=\"https:\/\/www.medexdtc.com\/wp-content\/uploads\/2023\/04\/Ziyad-Mansur-MD.png\" class=\"attachment-post-thumbnail size-post-thumbnail wp-post-image\" alt=\"Ginec\u00f3logo Ziyad A. Mansur, MD\" loading=\"lazy\">                    <\/div>\n<\/p><\/div>\n<div class=\"doc-detail-right\">\n<div class=\"about-doctor-reviews\">\u2605\u2605\u2605\u2605\u2605<\/div>\n<h1>\n<div class=\"about-doctor-name\">Ziyad A. Mansur, MD<\/div>\n<\/h1>\n<div class=\"about-doctor-desig\">GINEC\u00d3LOGO-OBSTETRA<\/div>\n<div class=\"contect-sec\">\n<div>\n<div class=\"about-doct-number\">\n                     <a href=\"tel:+1718.275.8900\">718.275.8900<\/a>\n                 <\/div>\n<div class=\"about-doct-address\">Forest Hills, Queens, NY<\/div>\n<\/p><\/div>\n<\/p><\/div>\n<p>           <a target=\"_blank\" href=\"https:\/\/app.nexhealth.com\/appt\/medex-diagnostic-and-treatment-center\/p,19166853,h:y\" class=\"appointment-btn\" rel=\"noopener\">Programa una<strong>cita en<\/strong><br \/><strong><\/strong><\/a>        <\/div>\n<\/p><\/div>\n<\/p><\/div>\n<\/section>\n<section id=\"about-content-area\" class=\"about-content-sec sub-container\">\n<div class=\"about-madex-page-sub-title\"><\/div>\n<div class=\"content-one about-editor-content\">\n<h2>Acerca de Ziyad A. Mansur, MD<\/h2>\n<\/p><\/div>\n<div class=\"content-three about-editor-content sub-container\">\n<h2 class=\"about-title\">Credenciales<\/h2>\n<h3>Especialidades<\/h3>\n<ul>\n<li>GINEC\u00d3LOGO-OBSTETRA<\/li>\n<\/ul>\n<h3>Experiencia pr\u00e1ctica<\/h3>\n<ul>\n<li>Hospital Bellevue &#8211; Universidad de Nueva York, 1982-1985<\/li>\n<li>Universidad de Nueva York, Nueva York, 1982-1985<\/li>\n<li>New York Infirmary-Beekman Profesor Asociado Downtown Hospital, NY, NY Departamento de Obstetricia y Ginecolog\u00eda, 1982-1985<\/li>\n<li>M\u00e9dico adjunto del Manhattan Medical Group Health Insurance Plan of NY Department of OB-GYN, 1983-1985<\/li>\n<li>Hospital Comunitario de Stamford, Nueva York, 1985-1993<\/li>\n<li>Stamford Community Hospital (Presidente del Departamento de Obstetricia y Ginecolog\u00eda), 1989-1993<\/li>\n<li>Hospital Fox, Nueva York, 1985-1993<\/li>\n<li>Centro M\u00e9dico Renaissance, Albany NY Director del Departamento de Obstetricia y Ginecolog\u00eda, 1994-1998<\/li>\n<li>Pr\u00e1ctica privada Beirut L\u00edbano, 1998-2021<\/li>\n<li>Hospital Saad Soecialist AL-Khabar, Arabia Saud\u00ed, 2005-2018<\/li>\n<li>Doral Health and Wellness Medical Center, Pitkin avenue, Brooklyn, Nueva York, EE.UU., 2021-Presente<\/li>\n<\/ul>\n<h3>Educaci\u00f3n<\/h3>\n<ul>\n<li>Licenciado en Ciencias: Universidad Americana de Beirut, 1971-1974<\/li>\n<li>Licenciado en Medicina: Facultad de Medicina de la Universidad Americana de Beirut, 1973-1977<\/li>\n<li>Departamento de Obstetricia y Ginecolog\u00eda del Centro M\u00e9dico de la Universidad Americana de Beirut, 1977-1978<\/li>\n<li>Residencia: Departamento de Obstetricia y Ginecolog\u00eda del Centro M\u00e9dico de la Universidad Americana de Beirut, 1978-1981<\/li>\n<li>Beca: Departamento de Obstetricia y Ginecolog\u00eda del New York Hospital-Cornell University Medical Center, 1981-1982<\/li>\n<\/ul>\n<h3>Afiliaciones profesionales<\/h3>\n<ul>\n<li>Miembro del Colegio Americano de Obstetras y Ginec\u00f3logos, 1989<\/li>\n<li>Miembro de la Sociedad Americana de Medicina Reproductiva, anteriormente Sociedad Americana de Fertilidad, 1982<\/li>\n<li>Academia de Ciencias de Nueva York, 1986<\/li>\n<li>Asociaci\u00f3n Americana de Laparoscopistas Ginecol\u00f3gicos, 1987<\/li>\n<li>Asociaci\u00f3n Americana de Colposcopia y Patolog\u00eda Cervical<\/li>\n<li>Asociaci\u00f3n Americana de Endoscopia Oficinal, 1997<\/li>\n<li>Antiguo alumno de la Universidad de Cornell, Nueva York, Nueva York, 1982<\/li>\n<li>Alumnus Universidad Americana de Beirut, Nueva York, Nueva York, 1978<\/li>\n<li>Alumno de la Organizaci\u00f3n Ben\u00e9fica Makassed, 1971<\/li>\n<\/ul>\n<h3>Idiomas<\/h3>\n<ul>\n<li>Ingl\u00e9s<\/li>\n<li>Franc\u00e9s<\/li>\n<li>\u00c1rabe<\/li>\n<\/ul>\n<h2>Afecciones y tratamientos<\/h2>\n<ul>\n<li>Acn\u00e9<\/li>\n<li>Consulta gineco-obst\u00e9trica<\/li>\n<li>Control de natalidad \/ Anticoncepci\u00f3n<\/li>\n<li>Prueba anual de Papanicolaou \/ Examen ginecol\u00f3gico<\/li>\n<li>Disfunci\u00f3n Sexual \/ Sexo Doloroso \/ Dispareunia<\/li>\n<li>Evaluaci\u00f3n de la osteoporosis<\/li>\n<li>Ecograf\u00eda<\/li>\n<li>Enfermedades de Transmisi\u00f3n Sexual (ETS)<\/li>\n<li>Secreci\u00f3n vaginal \/ Infecci\u00f3n<\/li>\n<li>Consulta sobre la menopausia<\/li>\n<li>Infecci\u00f3n del tracto urinario (ITU)<\/li>\n<li>Incontinencia<\/li>\n<li>Prolapso uterino \/ vaginal<\/li>\n<li>Consulta de p\u00e9rdida de peso<\/li>\n<li>Dolor abdominal<\/li>\n<li>Problemas menstruales<\/li>\n<li>Micci\u00f3n frecuente<\/li>\n<li>Seguimiento de la menopausia<\/li>\n<li>Endometriosis<\/li>\n<li>Consulta de Ginecolog\u00eda<\/li>\n<li>Seguimiento Ginecol\u00f3gico<\/li>\n<li>P\u00f3lipo cervical<\/li>\n<li>Incontinencia urinaria<\/li>\n<li>Estudios urodin\u00e1micos<\/li>\n<li>Sangrado vaginal<\/li>\n<li>Biopsia vulvar<\/li>\n<li>Colposcopia<\/li>\n<li>Biopsia endometrial<\/li>\n<li>Incontinencia fecal<\/li>\n<li>Fibromas<\/li>\n<li>Biopsia ginecol\u00f3gica<\/li>\n<li>C\u00e1ncer ginecol\u00f3gico<\/li>\n<li>Inseminaci\u00f3n Artificial \/ Intrauterina<\/li>\n<li>Sangrado vaginal abundante o irregular<\/li>\n<li>Histerosalpingograf\u00eda<\/li>\n<li>Consulta de infertilidad<\/li>\n<li>Menstruaci\u00f3n irregular<\/li>\n<li>Mastitis \/ pezones dolorosos con la lactancia materna<\/li>\n<li>Menopausia<\/li>\n<li>Ginecolog\u00eda y Obstetricia<\/li>\n<li>Obesidad \/ Consulta de p\u00e9rdida de peso<\/li>\n<li>Dolor de Vejiga \/ Cistitis Intersticial<\/li>\n<li>Quiste(s) ov\u00e1rico(s)<\/li>\n<li>Menstruaci\u00f3n dolorosa \/ Dismenorrea<\/li>\n<li>Enfermedad Inflamatoria P\u00e9lvica \/ Endometritis<\/li>\n<li>Dolor p\u00e9lvico<\/li>\n<li>Ecograf\u00eda p\u00e9lvica<\/li>\n<li>Hemorragia posmenop\u00e1usica<\/li>\n<li>Visita posparto<\/li>\n<li>Consulta Nutricional Obesidad<\/li>\n<li>Anorgasmia<\/li>\n<li>Detecci\u00f3n del c\u00e1ncer de ovario<\/li>\n<li>Gametr\u00eda<\/li>\n<li>Essure \/ Esterilizaci\u00f3n sin incisi\u00f3n<\/li>\n<li>Extracci\u00f3n del DIU<\/li>\n<li>Procedimiento LEEP (por citolog\u00eda vaginal anormal)<\/li>\n<li>Ablaci\u00f3n endometrial<\/li>\n<li>Histeroscopia<\/li>\n<li>Calambre(s) menstrual(es)<\/li>\n<li>Colocaci\u00f3n del Pesario<\/li>\n<li>Seguimiento del pesario<\/li>\n<li>Per\u00edodos<\/li>\n<\/ul>\n<p>&nbsp;        <\/p><\/div>\n<\/section>\n","protected":false},"excerpt":{"rendered":"<p>\u2605\u2605\u2605\u2605\u2605 Ziyad A. Mansur, MD GINEC\u00d3LOGO-OBSTETRA 718.275.8900 Forest Hills, Queens, NY Programa unacita en Acerca de Ziyad A. Mansur, MD Credenciales Especialidades GINEC\u00d3LOGO-OBSTETRA Experiencia pr\u00e1ctica Hospital Bellevue &#8211; Universidad de Nueva York, 1982-1985 Universidad de Nueva York, Nueva York, 1982-1985 New York Infirmary-Beekman Profesor Asociado Downtown Hospital, NY, NY Departamento de Obstetricia y Ginecolog\u00eda, 1982-1985 &hellip; <\/p>\n<p class=\"link-more\"><a href=\"https:\/\/www.medexdtc.com\/es\/medex-dtc-medicos-de-queens\/ziyad-a-mansur-md\/\" class=\"more-link\">Continue reading<span class=\"screen-reader-text\"> \u00abZiyad A. Mansur, MD\u00bb<\/span><\/a><\/p>\n","protected":false},"author":3,"featured_media":0,"parent":4364,"menu_order":0,"comment_status":"closed","ping_status":"closed","template":"doctor-full-width.php","meta":{"_acf_changed":false,"footnotes":""},"class_list":["post-4215","page","type-page","status-publish","hentry"],"acf":[],"yoast_head":"<!-- This site is optimized with the Yoast SEO plugin v27.5 - https:\/\/yoast.com\/product\/yoast-seo-wordpress\/ -->\n<title>Ziyad A. Mansur, MD - Centro M\u00e9dico de Especialidades M\u00faltiples en Queens, NY | Medex<\/title>\n<meta name=\"description\" content=\"Ginec\u00f3logo en Forest Hills, Queens, NY Ziyad A. Mansur, MD trata trastornos de enfermedades de transmisi\u00f3n sexual, problemas de fertilidad, desequilibrios hormonales\" \/>\n<meta name=\"robots\" content=\"index, follow, max-snippet:-1, max-image-preview:large, max-video-preview:-1\" \/>\n<link rel=\"canonical\" href=\"https:\/\/www.medexdtc.com\/es\/medex-dtc-medicos-de-queens\/ziyad-a-mansur-md\/\" \/>\n<meta property=\"og:locale\" content=\"es_ES\" \/>\n<meta property=\"og:type\" content=\"article\" \/>\n<meta property=\"og:title\" content=\"Ziyad A. Mansur, MD - Centro M\u00e9dico de Especialidades M\u00faltiples en Queens, NY | Medex\" \/>\n<meta property=\"og:description\" content=\"Ginec\u00f3logo en Forest Hills, Queens, NY Ziyad A. Mansur, MD trata trastornos de enfermedades de transmisi\u00f3n sexual, problemas de fertilidad, desequilibrios hormonales\" \/>\n<meta property=\"og:url\" content=\"https:\/\/www.medexdtc.com\/es\/medex-dtc-medicos-de-queens\/ziyad-a-mansur-md\/\" \/>\n<meta property=\"og:site_name\" content=\"Medex Diagnostic and Treatment Center - Queens Medical Center - Medical Clinic in Forest Hills, NY\" \/>\n<meta property=\"article:publisher\" content=\"https:\/\/www.facebook.com\/medexny\" \/>\n<meta property=\"article:modified_time\" content=\"2025-03-02T23:41:47+00:00\" \/>\n<meta property=\"og:image\" content=\"https:\/\/www.medexdtc.com\/wp-content\/uploads\/2023\/04\/Ziyad-Mansur-MD.png\" \/>\n<meta name=\"twitter:card\" content=\"summary_large_image\" \/>\n<meta name=\"twitter:site\" content=\"@DtcMedex\" \/>\n<meta name=\"twitter:label1\" content=\"Tiempo de lectura\" \/>\n\t<meta name=\"twitter:data1\" content=\"3 minutos\" \/>\n<!-- \/ Yoast SEO plugin. -->","yoast_head_json":{"title":"Ziyad A. Mansur, MD - Centro M\u00e9dico de Especialidades M\u00faltiples en Queens, NY | Medex","description":"Ginec\u00f3logo en Forest Hills, Queens, NY Ziyad A. Mansur, MD trata trastornos de enfermedades de transmisi\u00f3n sexual, problemas de fertilidad, desequilibrios hormonales","robots":{"index":"index","follow":"follow","max-snippet":"max-snippet:-1","max-image-preview":"max-image-preview:large","max-video-preview":"max-video-preview:-1"},"canonical":"https:\/\/www.medexdtc.com\/es\/medex-dtc-medicos-de-queens\/ziyad-a-mansur-md\/","og_locale":"es_ES","og_type":"article","og_title":"Ziyad A. Mansur, MD - Centro M\u00e9dico de Especialidades M\u00faltiples en Queens, NY | Medex","og_description":"Ginec\u00f3logo en Forest Hills, Queens, NY Ziyad A. Mansur, MD trata trastornos de enfermedades de transmisi\u00f3n sexual, problemas de fertilidad, desequilibrios hormonales","og_url":"https:\/\/www.medexdtc.com\/es\/medex-dtc-medicos-de-queens\/ziyad-a-mansur-md\/","og_site_name":"Medex Diagnostic and Treatment Center - Queens Medical Center - Medical Clinic in Forest Hills, NY","article_publisher":"https:\/\/www.facebook.com\/medexny","article_modified_time":"2025-03-02T23:41:47+00:00","og_image":[{"url":"https:\/\/www.medexdtc.com\/wp-content\/uploads\/2023\/04\/Ziyad-Mansur-MD.png","type":"","width":"","height":""}],"twitter_card":"summary_large_image","twitter_site":"@DtcMedex","twitter_misc":{"Tiempo de lectura":"3 minutos"},"schema":{"@context":"https:\/\/schema.org","@graph":[{"@type":"WebPage","@id":"https:\/\/www.medexdtc.com\/es\/medex-dtc-medicos-de-queens\/ziyad-a-mansur-md\/","url":"https:\/\/www.medexdtc.com\/es\/medex-dtc-medicos-de-queens\/ziyad-a-mansur-md\/","name":"Ziyad A. Mansur, MD - Centro M\u00e9dico de Especialidades M\u00faltiples en Queens, NY | Medex","isPartOf":{"@id":"https:\/\/www.medexdtc.com\/es\/#website"},"primaryImageOfPage":{"@id":"https:\/\/www.medexdtc.com\/es\/medex-dtc-medicos-de-queens\/ziyad-a-mansur-md\/#primaryimage"},"image":{"@id":"https:\/\/www.medexdtc.com\/es\/medex-dtc-medicos-de-queens\/ziyad-a-mansur-md\/#primaryimage"},"thumbnailUrl":"https:\/\/www.medexdtc.com\/wp-content\/uploads\/2023\/04\/Ziyad-Mansur-MD.png","datePublished":"2023-04-12T04:00:41+00:00","dateModified":"2025-03-02T23:41:47+00:00","description":"Ginec\u00f3logo en Forest Hills, Queens, NY Ziyad A. Mansur, MD trata trastornos de enfermedades de transmisi\u00f3n sexual, problemas de fertilidad, desequilibrios hormonales","breadcrumb":{"@id":"https:\/\/www.medexdtc.com\/es\/medex-dtc-medicos-de-queens\/ziyad-a-mansur-md\/#breadcrumb"},"inLanguage":"es","potentialAction":[{"@type":"ReadAction","target":["https:\/\/www.medexdtc.com\/es\/medex-dtc-medicos-de-queens\/ziyad-a-mansur-md\/"]}]},{"@type":"ImageObject","inLanguage":"es","@id":"https:\/\/www.medexdtc.com\/es\/medex-dtc-medicos-de-queens\/ziyad-a-mansur-md\/#primaryimage","url":"https:\/\/www.medexdtc.com\/wp-content\/uploads\/2023\/04\/Ziyad-Mansur-MD.png","contentUrl":"https:\/\/www.medexdtc.com\/wp-content\/uploads\/2023\/04\/Ziyad-Mansur-MD.png"},{"@type":"BreadcrumbList","@id":"https:\/\/www.medexdtc.com\/es\/medex-dtc-medicos-de-queens\/ziyad-a-mansur-md\/#breadcrumb","itemListElement":[{"@type":"ListItem","position":1,"name":"Home","item":"https:\/\/www.medexdtc.com\/es\/"},{"@type":"ListItem","position":2,"name":"Medex DTC M\u00e9dicos de Queens","item":"https:\/\/www.medexdtc.com\/es\/medex-dtc-medicos-de-queens\/"},{"@type":"ListItem","position":3,"name":"Ziyad A. Mansur, MD"}]},{"@type":"WebSite","@id":"https:\/\/www.medexdtc.com\/es\/#website","url":"https:\/\/www.medexdtc.com\/es\/","name":"Medex DTC","description":"Medex Diagnostic and Treatment Center is a Medical Center in Queens, NY is a dynamic multi-specialty clinic. Physicians delivering high quality individualized care in Forest Hills, Queens, NY.","publisher":{"@id":"https:\/\/www.medexdtc.com\/es\/#organization"},"potentialAction":[{"@type":"SearchAction","target":{"@type":"EntryPoint","urlTemplate":"https:\/\/www.medexdtc.com\/es\/?s={search_term_string}"},"query-input":{"@type":"PropertyValueSpecification","valueRequired":true,"valueName":"search_term_string"}}],"inLanguage":"es"},{"@type":"Organization","@id":"https:\/\/www.medexdtc.com\/es\/#organization","name":"Medex DCT","url":"https:\/\/www.medexdtc.com\/es\/","logo":{"@type":"ImageObject","inLanguage":"es","@id":"https:\/\/www.medexdtc.com\/es\/#\/schema\/logo\/image\/","url":"https:\/\/www.medexdtc.com\/wp-content\/uploads\/2024\/11\/medex-diagnostic-and-treatment-center-in-queens-NY.png","contentUrl":"https:\/\/www.medexdtc.com\/wp-content\/uploads\/2024\/11\/medex-diagnostic-and-treatment-center-in-queens-NY.png","width":226,"height":47,"caption":"Medex DCT"},"image":{"@id":"https:\/\/www.medexdtc.com\/es\/#\/schema\/logo\/image\/"},"sameAs":["https:\/\/www.facebook.com\/medexny","https:\/\/x.com\/DtcMedex","https:\/\/www.instagram.com\/medexdtc\/","https:\/\/www.linkedin.com\/company\/medex-diagnostic-and-treatment-center\/about\/"]}]}},"jetpack_sharing_enabled":true,"_links":{"self":[{"href":"https:\/\/www.medexdtc.com\/es\/wp-json\/wp\/v2\/pages\/4215","targetHints":{"allow":["GET"]}}],"collection":[{"href":"https:\/\/www.medexdtc.com\/es\/wp-json\/wp\/v2\/pages"}],"about":[{"href":"https:\/\/www.medexdtc.com\/es\/wp-json\/wp\/v2\/types\/page"}],"author":[{"embeddable":true,"href":"https:\/\/www.medexdtc.com\/es\/wp-json\/wp\/v2\/users\/3"}],"replies":[{"embeddable":true,"href":"https:\/\/www.medexdtc.com\/es\/wp-json\/wp\/v2\/comments?post=4215"}],"version-history":[{"count":1,"href":"https:\/\/www.medexdtc.com\/es\/wp-json\/wp\/v2\/pages\/4215\/revisions"}],"predecessor-version":[{"id":4392,"href":"https:\/\/www.medexdtc.com\/es\/wp-json\/wp\/v2\/pages\/4215\/revisions\/4392"}],"up":[{"embeddable":true,"href":"https:\/\/www.medexdtc.com\/es\/wp-json\/wp\/v2\/pages\/4364"}],"wp:attachment":[{"href":"https:\/\/www.medexdtc.com\/es\/wp-json\/wp\/v2\/media?parent=4215"}],"curies":[{"name":"wp","href":"https:\/\/api.w.org\/{rel}","templated":true}]}}