{"id":4217,"date":"2023-08-04T10:55:43","date_gmt":"2023-08-04T05:55:43","guid":{"rendered":"https:\/\/www.medexdtc.com\/examen-fisico-en-queens\/"},"modified":"2023-08-04T10:55:43","modified_gmt":"2023-08-04T05:55:43","slug":"examen-fisico-en-queens","status":"publish","type":"page","link":"https:\/\/www.medexdtc.com\/es\/examen-fisico-en-queens\/","title":{"rendered":"Examen f\u00edsico en Queens"},"content":{"rendered":"<p>Un <a href=\"https:\/\/www.medexdtc.com\/our-team\/dr-david-khasidy-md\/\">examen f\u00edsico<\/a> es una revisi\u00f3n m\u00e9dica destinada a garantizar que gozas de buena salud. Tambi\u00e9n es una herramienta preventiva que ayuda al m\u00e9dico a detectar los primeros indicios de muchas enfermedades peligrosas antes de que empeoren. El chequeo anual contribuye al desarrollo de una asistencia sanitaria m\u00e1s personalizada, al identificar el estado particular del paciente y sus necesidades individuales.  <\/p>\n<h2>\u00bfD\u00f3nde puedo hacerme un examen f\u00edsico?<\/h2>\n<p>Un <a href=\"https:\/\/www.medexdtc.com\/es\/examen-fisico-y-chequeo-anual-en-forest-hills-queens-ny-examen-fisico-anual-cerca-de-mi\/\">examen f\u00edsico anual<\/a> puede realizarlo cualquier m\u00e9dico de atenci\u00f3n primaria. Esto incluye a profesionales de medicina interna y medicina de familia, pediatras y m\u00e9dicos que trabajen en cl\u00ednicas de atenci\u00f3n urgente. Podemos ayudarte a encontrar un nuevo m\u00e9dico de atenci\u00f3n primaria o a concertar una cita para un chequeo.  <\/p>\n<p><strong><a href=\"https:\/\/www.medexdtc.com\/our-team\/dr-david-khasidy-md\/\">David Khasidy, MD, Internista, M\u00e9dico de Atenci\u00f3n Primaria Queens,NY  <\/a><\/strong><\/p>\n<div class=\"wp-block-buttons\">\n<div class=\"wp-block-button\"><a class=\"wp-block-button__link has-vivid-red-background-color has-background wp-element-button\" href=\"https:\/\/app.nexhealth.com\/appt\/medex-diagnostic-and-treatment-center\">Schedule Appointment<\/a><\/div>\n<\/div>\n<h2>\u00bfQu\u00e9 incluye un reconocimiento m\u00e9dico anual?<\/h2>\n<p>Un chequeo corporal completo dura 30 minutos y suele consistir en medirte la temperatura corporal, la tensi\u00f3n arterial y la frecuencia cardiaca. Tu reconocimiento m\u00e9dico anual o cita de bienestar general consistir\u00e1 tambi\u00e9n en otras pruebas, como: <\/p>\n<ul class=\"sm\">\n<li>Evaluar tus constantes vitales, como la temperatura, la tensi\u00f3n arterial, la frecuencia respiratoria, la frecuencia cardiaca y la oxigenaci\u00f3n de la sangre.<\/li>\n<li>Examina la salud general de tu piel, incluidos el pelo, las u\u00f1as, la forma de andar, la postura al estar de pie y si tienes alguna afecci\u00f3n cut\u00e1nea como acn\u00e9, eczema, psoriasis, etc.<\/li>\n<li>Examina la garganta, la nariz, los o\u00eddos, los ojos, la boca, las arterias, los ganglios linf\u00e1ticos y la tiroides del cuello y la cabeza<\/li>\n<li>Comprueba si hay alguna anomal\u00eda f\u00edsica en tus brazos y piernas<\/li>\n<li>Examina la funci\u00f3n de tu sistema nervioso, incluidos tus reflejos, equilibrio, agudeza mental, fuerza muscular y nervios<\/li>\n<li>Examinar tu vientre para detectar cualquier s\u00edntoma de enfermedad (tu m\u00e9dico podr\u00eda tocarte y presionarte el abdomen para conseguirlo).<\/li>\n<li>Examina tu coraz\u00f3n para detectar trastornos como latidos irregulares, soplo cardiaco y otros.<\/li>\n<li>Comprueba si tienes sibilancias, crepitaciones u otros ruidos respiratorios extra\u00f1os, ya que pueden ser un signo de que tienes asma, enfisema o neumon\u00eda<\/li>\n<\/ul>\n<p>Otros aspectos del examen difieren seg\u00fan el sexo. A las mujeres se les suelen revisar las mamas y la pelvis, mientras que a los hombres un especialista les suele examinar los test\u00edculos y la pr\u00f3stata. <\/p>\n<h2>Importancia de los ex\u00e1menes f\u00edsicos peri\u00f3dicos<\/h2>\n<p>Los ex\u00e1menes f\u00edsicos anuales son esenciales para mantener la salud y reconocer los signos de enfermedad. Las enfermedades graves pueden mostrar signos hacia el sur antes de que aparezcan los s\u00edntomas. Los ex\u00e1menes f\u00edsicos regulares con el mismo m\u00e9dico de atenci\u00f3n primaria ayudan a detectar precozmente los cambios, contribuyendo a evitar afecciones potencialmente mortales.  <\/p>\n<h2>Consejos para preparar tu examen f\u00edsico anual<\/h2>\n<p>Se recomienda reunir informaci\u00f3n antes de tu cita para que el examen sea productivo y eficaz. Algunas de las cosas que puede ser \u00fatil llevar son: <\/p>\n<ul class=\"sm\">\n<li>Una lista actualizada de todos los medicamentos con receta y suplementos de hierbas que tomas<\/li>\n<li>Un resumen de cualquier s\u00edntoma f\u00edsico o malestar continuo que hayas tenido recientemente.<\/li>\n<li>Cualquier prueba de laboratorio reciente, evaluaciones diagn\u00f3sticas o pruebas relevantes<\/li>\n<li>Historial m\u00e9dico y quir\u00fargico completo<\/li>\n<li>Informaci\u00f3n sobre c\u00f3mo ponerte en contacto con los m\u00e9dicos que hayas visitado recientemente.<\/li>\n<\/ul>\n<p>Informa a tu m\u00e9dico de cualquier dispositivo implantado que puedas tener, como un marcapasos o un desfibrilador. Tambi\u00e9n puedes hacer una lista de las preguntas que tengas, asegur\u00e1ndote de dejar algo de espacio para anotar las respuestas durante el examen.<\/p>\n","protected":false},"excerpt":{"rendered":"<p>Un examen f\u00edsico es una revisi\u00f3n m\u00e9dica destinada a garantizar que gozas de buena salud. Tambi\u00e9n es una herramienta preventiva que ayuda al m\u00e9dico a detectar los primeros indicios de muchas enfermedades peligrosas antes de que empeoren. El chequeo anual contribuye al desarrollo de una asistencia sanitaria m\u00e1s personalizada, al identificar el estado particular del &hellip; <\/p>\n<p class=\"link-more\"><a href=\"https:\/\/www.medexdtc.com\/es\/examen-fisico-en-queens\/\" class=\"more-link\">Continue reading<span class=\"screen-reader-text\"> \u00abExamen f\u00edsico en Queens\u00bb<\/span><\/a><\/p>\n","protected":false},"author":3,"featured_media":0,"parent":0,"menu_order":0,"comment_status":"closed","ping_status":"closed","template":"new_inner.php","meta":{"_acf_changed":false,"footnotes":""},"class_list":["post-4217","page","type-page","status-publish","hentry"],"acf":[],"yoast_head":"<!-- This site is optimized with the Yoast SEO plugin v27.5 - https:\/\/yoast.com\/product\/yoast-seo-wordpress\/ -->\n<title>Examen f\u00edsico en Queens - Medex Diagnostic and Treatment Center - Queens Medical Center - Medical Clinic in Forest Hills, NY<\/title>\n<meta name=\"description\" content=\"Medex Diagnostic &amp; Treatment Center ofrece el examen f\u00edsico anual m\u00e1s exhaustivo en Forest Hills, NY. Walk in Ex\u00e1menes F\u00edsicos Queens.\" \/>\n<meta name=\"robots\" content=\"index, follow, max-snippet:-1, max-image-preview:large, max-video-preview:-1\" \/>\n<link rel=\"canonical\" href=\"https:\/\/www.medexdtc.com\/es\/examen-fisico-en-queens\/\" \/>\n<meta property=\"og:locale\" content=\"es_ES\" \/>\n<meta property=\"og:type\" content=\"article\" \/>\n<meta property=\"og:title\" content=\"Examen f\u00edsico en Queens - Medex Diagnostic and Treatment Center - Queens Medical Center - Medical Clinic in Forest Hills, NY\" \/>\n<meta property=\"og:description\" content=\"Medex Diagnostic &amp; Treatment Center ofrece el examen f\u00edsico anual m\u00e1s exhaustivo en Forest Hills, NY. Walk in Ex\u00e1menes F\u00edsicos Queens.\" \/>\n<meta property=\"og:url\" content=\"https:\/\/www.medexdtc.com\/es\/examen-fisico-en-queens\/\" \/>\n<meta property=\"og:site_name\" content=\"Medex Diagnostic and Treatment Center - Queens Medical Center - Medical Clinic in Forest Hills, NY\" \/>\n<meta property=\"article:publisher\" content=\"https:\/\/www.facebook.com\/medexny\" \/>\n<meta name=\"twitter:card\" content=\"summary_large_image\" \/>\n<meta name=\"twitter:site\" content=\"@DtcMedex\" \/>\n<meta name=\"twitter:label1\" content=\"Tiempo de lectura\" \/>\n\t<meta name=\"twitter:data1\" content=\"3 minutos\" \/>\n<!-- \/ Yoast SEO plugin. -->","yoast_head_json":{"title":"Examen f\u00edsico en Queens - Medex Diagnostic and Treatment Center - Queens Medical Center - Medical Clinic in Forest Hills, NY","description":"Medex Diagnostic & Treatment Center ofrece el examen f\u00edsico anual m\u00e1s exhaustivo en Forest Hills, NY. Walk in Ex\u00e1menes F\u00edsicos Queens.","robots":{"index":"index","follow":"follow","max-snippet":"max-snippet:-1","max-image-preview":"max-image-preview:large","max-video-preview":"max-video-preview:-1"},"canonical":"https:\/\/www.medexdtc.com\/es\/examen-fisico-en-queens\/","og_locale":"es_ES","og_type":"article","og_title":"Examen f\u00edsico en Queens - Medex Diagnostic and Treatment Center - Queens Medical Center - Medical Clinic in Forest Hills, NY","og_description":"Medex Diagnostic & Treatment Center ofrece el examen f\u00edsico anual m\u00e1s exhaustivo en Forest Hills, NY. Walk in Ex\u00e1menes F\u00edsicos Queens.","og_url":"https:\/\/www.medexdtc.com\/es\/examen-fisico-en-queens\/","og_site_name":"Medex Diagnostic and Treatment Center - Queens Medical Center - Medical Clinic in Forest Hills, NY","article_publisher":"https:\/\/www.facebook.com\/medexny","twitter_card":"summary_large_image","twitter_site":"@DtcMedex","twitter_misc":{"Tiempo de lectura":"3 minutos"},"schema":{"@context":"https:\/\/schema.org","@graph":[{"@type":"WebPage","@id":"https:\/\/www.medexdtc.com\/es\/examen-fisico-en-queens\/","url":"https:\/\/www.medexdtc.com\/es\/examen-fisico-en-queens\/","name":"Examen f\u00edsico en Queens - Medex Diagnostic and Treatment Center - Queens Medical Center - Medical Clinic in Forest Hills, NY","isPartOf":{"@id":"https:\/\/www.medexdtc.com\/es\/#website"},"datePublished":"2023-08-04T05:55:43+00:00","description":"Medex Diagnostic & Treatment Center ofrece el examen f\u00edsico anual m\u00e1s exhaustivo en Forest Hills, NY. Walk in Ex\u00e1menes F\u00edsicos Queens.","breadcrumb":{"@id":"https:\/\/www.medexdtc.com\/es\/examen-fisico-en-queens\/#breadcrumb"},"inLanguage":"es","potentialAction":[{"@type":"ReadAction","target":["https:\/\/www.medexdtc.com\/es\/examen-fisico-en-queens\/"]}]},{"@type":"BreadcrumbList","@id":"https:\/\/www.medexdtc.com\/es\/examen-fisico-en-queens\/#breadcrumb","itemListElement":[{"@type":"ListItem","position":1,"name":"Home","item":"https:\/\/www.medexdtc.com\/es\/"},{"@type":"ListItem","position":2,"name":"Examen f\u00edsico en Queens"}]},{"@type":"WebSite","@id":"https:\/\/www.medexdtc.com\/es\/#website","url":"https:\/\/www.medexdtc.com\/es\/","name":"Medex DTC","description":"Medex Diagnostic and Treatment Center is a Medical Center in Queens, NY is a dynamic multi-specialty clinic. Physicians delivering high quality individualized care in Forest Hills, Queens, NY.","publisher":{"@id":"https:\/\/www.medexdtc.com\/es\/#organization"},"potentialAction":[{"@type":"SearchAction","target":{"@type":"EntryPoint","urlTemplate":"https:\/\/www.medexdtc.com\/es\/?s={search_term_string}"},"query-input":{"@type":"PropertyValueSpecification","valueRequired":true,"valueName":"search_term_string"}}],"inLanguage":"es"},{"@type":"Organization","@id":"https:\/\/www.medexdtc.com\/es\/#organization","name":"Medex DCT","url":"https:\/\/www.medexdtc.com\/es\/","logo":{"@type":"ImageObject","inLanguage":"es","@id":"https:\/\/www.medexdtc.com\/es\/#\/schema\/logo\/image\/","url":"https:\/\/www.medexdtc.com\/wp-content\/uploads\/2024\/11\/medex-diagnostic-and-treatment-center-in-queens-NY.png","contentUrl":"https:\/\/www.medexdtc.com\/wp-content\/uploads\/2024\/11\/medex-diagnostic-and-treatment-center-in-queens-NY.png","width":226,"height":47,"caption":"Medex DCT"},"image":{"@id":"https:\/\/www.medexdtc.com\/es\/#\/schema\/logo\/image\/"},"sameAs":["https:\/\/www.facebook.com\/medexny","https:\/\/x.com\/DtcMedex","https:\/\/www.instagram.com\/medexdtc\/","https:\/\/www.linkedin.com\/company\/medex-diagnostic-and-treatment-center\/about\/"]}]}},"jetpack_sharing_enabled":true,"_links":{"self":[{"href":"https:\/\/www.medexdtc.com\/es\/wp-json\/wp\/v2\/pages\/4217","targetHints":{"allow":["GET"]}}],"collection":[{"href":"https:\/\/www.medexdtc.com\/es\/wp-json\/wp\/v2\/pages"}],"about":[{"href":"https:\/\/www.medexdtc.com\/es\/wp-json\/wp\/v2\/types\/page"}],"author":[{"embeddable":true,"href":"https:\/\/www.medexdtc.com\/es\/wp-json\/wp\/v2\/users\/3"}],"replies":[{"embeddable":true,"href":"https:\/\/www.medexdtc.com\/es\/wp-json\/wp\/v2\/comments?post=4217"}],"version-history":[{"count":0,"href":"https:\/\/www.medexdtc.com\/es\/wp-json\/wp\/v2\/pages\/4217\/revisions"}],"wp:attachment":[{"href":"https:\/\/www.medexdtc.com\/es\/wp-json\/wp\/v2\/media?parent=4217"}],"curies":[{"name":"wp","href":"https:\/\/api.w.org\/{rel}","templated":true}]}}