{"id":4231,"date":"2021-07-27T09:32:38","date_gmt":"2021-07-27T04:32:38","guid":{"rendered":"https:\/\/www.medexdtc.com\/gagandeep-singh-md-facp-facc\/"},"modified":"2025-03-03T04:41:47","modified_gmt":"2025-03-02T23:41:47","slug":"gagandeep-singh-md-facp-facc","status":"publish","type":"page","link":"https:\/\/www.medexdtc.com\/es\/medex-dtc-medicos-de-queens\/gagandeep-singh-md-facp-facc\/","title":{"rendered":"Gagandeep Singh, MD, FACP, FACC"},"content":{"rendered":"<section id=\"about-content-area-1\" class=\"about-content-area-one\">\n<div class=\"sub-container\">\n<div class=\"about-doc-panel\">\n<div class=\"doc-img-left\">\n<div class=\"about-doctor-image\"><img decoding=\"async\" class=\"attachment-post-thumbnail size-post-thumbnail wp-post-image\" src=\"https:\/\/www.medexdtc.com\/wp-content\/uploads\/2021\/07\/Dr-Singh-Picture.png\" alt=\"Gagandeep Singh, MD, FACP, FACC\" width=\"216\" height=\"216\"><\/div>\n<\/div>\n<div class=\"doc-detail-right\">\n<div class=\"about-doctor-reviews\">\u2605\u2605\u2605\u2605\u2605<\/div>\n<div class=\"about-doctor-name\">Gagandeep Singh, MD, FACP, FACC<\/div>\n<div class=\"about-doctor-desig\">Cardi\u00f3logo<\/div>\n<div class=\"contect-sec\">\n<div>\n<div class=\"about-doct-number\"><a href=\"tel:+1718.275.8900\">718.275.8900<\/a><\/div>\n<div class=\"about-doct-address\">Forest Hills, NY<\/div>\n<\/div>\n<\/div>\n<p><a class=\"appointment-btn\" href=\"https:\/\/app.nexhealth.com\/appt\/medex-diagnostic-and-treatment-center?pid=55125890\" target=\"_blank\" rel=\"noopener\">Programa una<strong>cita en<\/strong><br \/>\n<strong><\/strong><\/a><\/p>\n<\/div>\n<\/div>\n<\/div>\n<\/section>\n<section id=\"about-content-area\" class=\"about-content-sec sub-container\">\n<div class=\"about-madex-page-sub-title\"><\/div>\n<div class=\"content-one about-editor-content\">\n<h1>Gagandeep Singh &#8211; Cardi\u00f3logo en Forest Hills, Queens, NY<\/h1>\n<p>El Dr. Gagandeep Singh es un conocido <a href=\"https:\/\/www.medexdtc.com\/cardiology\/\">cardi\u00f3logo de Queens<\/a>. Trabaja en el Centro de Diagn\u00f3stico y Tratamiento Medex de Forest Hills, Nueva York. Se licenci\u00f3 en Medicina en el Centro M\u00e9dico Downstate de la Universidad Estatal de Nueva York.  <\/p>\n<p>El Dr. Singh atiende a pacientes para diversas consultas y tratamientos cardiol\u00f3gicos, como dolor tor\u00e1cico, problemas respiratorios, consultas de cirug\u00eda de bypass (CABG) e hipertensi\u00f3n. Adem\u00e1s, atiende crisis cardiol\u00f3gicas. <\/p>\n<p>El Dr. Singh es un m\u00e9dico certificado por la Junta Americana de Medicina Interna especializado en enfermedades cardiovasculares y cardiolog\u00eda intervencionista. A lo largo de sus a\u00f1os de ejercicio, ha hecho hincapi\u00e9 en la necesidad de ofrecer una atenci\u00f3n de alta calidad a sus pacientes. Anima a sus pacientes a tomar las riendas de su salud anim\u00e1ndoles a llevar estilos de vida saludables.  <\/p>\n<\/div>\n<p><!-- \n\n<div class=\"content-two sub-container\">\n\n\n<div class=\"about-title\">Conditions<\/div>\n\n\n\n\n<div class=\"condition-lists\">\n\n\n<ul><\/ul>\n\n\n<\/div>\n\n\n<\/div>\n\n\n\n\n<div class=\"content-two mt-4 sub-container\">\n\n\n<div class=\"about-title\">Treatments<\/div>\n\n\n\n\n<div class=\"condition-lists\">\n\n\n<ul><\/ul>\n\n\n<\/div>\n\n\n<\/div>\n\n\n--><\/p>\n<div class=\"content-three about-editor-content sub-container\">\n<h2 class=\"about-title\">Credenciales<\/h2>\n<h3>Especialidades<\/h3>\n<ul>\n<li>Cardi\u00f3logo<\/li>\n<\/ul>\n<h3>Certificaciones de la Junta<\/h3>\n<ul>\n<li>Junta Americana de Medicina Interna<\/li>\n<li>Enfermedades Cardiovasculares (Medicina Interna)<\/li>\n<li>Cardiolog\u00eda Intervencionista (Medicina Interna)<\/li>\n<\/ul>\n<h3>Educaci\u00f3n y formaci\u00f3n<\/h3>\n<ul>\n<li>8\/2006 &#8211; 5\/2010 Facultad de Medicina SUNY Downstate MD (5\/2010)<\/li>\n<li>8\/2002 &#8211; 5\/2006 Universidad Stony Brook Licenciatura en Psicolog\u00eda<\/li>\n<\/ul>\n<h2>Afecciones y tratamientos<\/h2>\n<ul>\n<li>Consulta de Cardiolog\u00eda<\/li>\n<li>Visita de detecci\u00f3n cardiovascular<\/li>\n<li>Doppler carot\u00eddeo<\/li>\n<li>Ecocardiograma<\/li>\n<li>ECG \/ ELECTROCARDIOGRAMA<\/li>\n<li>Monitor Holter<\/li>\n<li>Prueba de esfuerzo nuclear<\/li>\n<li>Prueba de esfuerzo en cinta rodante<\/li>\n<li>Revisi\u00f3n de colesterol \/ l\u00edpidos<\/li>\n<li>Antecedentes familiares de problemas cardiacos<\/li>\n<li>Consulta sobre la endopr\u00f3tesis<\/li>\n<li>Tensi\u00f3n arterial alta \/ Hipertensi\u00f3n<\/li>\n<li>Pruebas de funci\u00f3n pulmonar<\/li>\n<li>Chequeo \/ Prevenci\u00f3n de la apoplej\u00eda<\/li>\n<li>TC &#8211; Coraz\u00f3n (ATC coronaria)<\/li>\n<li>Mareos<\/li>\n<li>Angiograf\u00eda coronaria<\/li>\n<li>Soplo card\u00edaco \/ trastorno valvular<\/li>\n<li>Cardiopat\u00edas cong\u00e9nitas<\/li>\n<li>Problema de ritmo cardiaco \/ Palpitaciones \/ Arritmia<\/li>\n<li>Prueba de esfuerzo<\/li>\n<li>Desmayo \/ S\u00edncope<\/li>\n<li>Consulta de cirug\u00eda de bypass &#8211; CABG<\/li>\n<li>Venas varicosas<\/li>\n<li>Disolver Co\u00e1gulos \/ Trombolisis<\/li>\n<li>Diagn\u00f3stico de arritmias<\/li>\n<li>Fortalecimiento card\u00edaco \/ Recuperaci\u00f3n<\/li>\n<li>Cateterismo card\u00edaco<\/li>\n<li>Seguimiento Cardiol\u00f3gico<\/li>\n<li>Seguimiento del stent<\/li>\n<li>Seguimiento de la cirug\u00eda de bypass &#8211; CABG<\/li>\n<li>Seguimiento del Bypass M\u00ednimamente Invasivo &#8211; OPCAB<\/li>\n<li>TAC de calcio<\/li>\n<li>Mini-ictus \/ Ataque isqu\u00e9mico transitorio<\/li>\n<li>Dolor tor\u00e1cico<\/li>\n<li>Cateterismo card\u00edaco derecho<\/li>\n<li>Insuficiencia card\u00edaca congestiva<\/li>\n<li>Enfermedad arterial coronaria<\/li>\n<li>Endocarditis<\/li>\n<li>Gesti\u00f3n de la anticoagulaci\u00f3n<\/li>\n<li>Enfermedad a\u00f3rtica<\/li>\n<li>Doppler arterial<\/li>\n<li>Cardiopat\u00edas en el embarazo<\/li>\n<li>Problema card\u00edaco<\/li>\n<li>Colesterol alto \/ Problema de l\u00edpidos<\/li>\n<li>Fibrilaci\u00f3n auricular<\/li>\n<li>Angioplastia con bal\u00f3n \/ Stent<\/li>\n<li>Revisi\u00f3n del marcapasos<\/li>\n<li>Derrame peric\u00e1rdico<\/li>\n<li>Pericarditis<\/li>\n<li>Enfermedad vascular perif\u00e9rica<\/li>\n<li>Biopsia card\u00edaca<\/li>\n<li>Tumor card\u00edaco<\/li>\n<li>Urgencias de Cardiolog\u00eda<\/li>\n<li>Cardiomiopat\u00eda<\/li>\n<li>Accidente cerebrovascular<\/li>\n<li>Consulta sobre salud cardiaca<\/li>\n<li>Problemas respiratorios<\/li>\n<li>Aleteo auricular<\/li>\n<li>Taquicardia supraventricular<\/li>\n<li>Aterosclerosis<\/li>\n<li>Valvulopat\u00eda card\u00edaca derecha<\/li>\n<li>Prueba de esfuerzo<\/li>\n<li>Comunicaci\u00f3n interauricular<\/li>\n<li>Preprocedimiento de cateterismo card\u00edaco<\/li>\n<li>Cardiopat\u00eda estructural<\/li>\n<li>Evaluaci\u00f3n de la regurgitaci\u00f3n mitral<\/li>\n<li>Trombosis venosa profunda<\/li>\n<li>Insuficiencia venosa<\/li>\n<li>Insuficiencia cardiaca<\/li>\n<li>Tensi\u00f3n arterial baja \/ Hipotensi\u00f3n<\/li>\n<li>Ataque al coraz\u00f3n \/ Parada cardiaca<\/li>\n<li>Falta de aliento \/ Dificultad para respirar<\/li>\n<li>Taquicardia ventricular<\/li>\n<li>Reparaci\u00f3n de v\u00e1lvulas card\u00edacas \/ Valvuloplastia<\/li>\n<li>Autorizaci\u00f3n preoperatoria cardiaca<\/li>\n<li>Estenosis de la arteria car\u00f3tida<\/li>\n<li>Enfermedad arterial perif\u00e9rica<\/li>\n<li>Hipertensi\u00f3n maligna<\/li>\n<li>Cansancio \/ Fatiga<\/li>\n<li>Seguimiento de la ACTP<\/li>\n<li>Cardiolog\u00eda Segunda opini\u00f3n<\/li>\n<li>Cardiopat\u00eda valvular<\/li>\n<li>ECG \/ Electrocardiograma anormal<\/li>\n<li>Prueba de esfuerzo cardiopulmonar (CPET)<\/li>\n<\/ul>\n<\/div>\n<\/section>\n","protected":false},"excerpt":{"rendered":"<p>\u2605\u2605\u2605\u2605\u2605 Gagandeep Singh, MD, FACP, FACC Cardi\u00f3logo 718.275.8900 Forest Hills, NY Programa unacita en Gagandeep Singh &#8211; Cardi\u00f3logo en Forest Hills, Queens, NY El Dr. Gagandeep Singh es un conocido cardi\u00f3logo de Queens. Trabaja en el Centro de Diagn\u00f3stico y Tratamiento Medex de Forest Hills, Nueva York. Se licenci\u00f3 en Medicina en el Centro M\u00e9dico &hellip; <\/p>\n<p class=\"link-more\"><a href=\"https:\/\/www.medexdtc.com\/es\/medex-dtc-medicos-de-queens\/gagandeep-singh-md-facp-facc\/\" class=\"more-link\">Continue reading<span class=\"screen-reader-text\"> \u00abGagandeep Singh, MD, FACP, FACC\u00bb<\/span><\/a><\/p>\n","protected":false},"author":3,"featured_media":5225,"parent":4364,"menu_order":0,"comment_status":"closed","ping_status":"closed","template":"doctor-full-width.php","meta":{"_acf_changed":false,"footnotes":""},"class_list":["post-4231","page","type-page","status-publish","has-post-thumbnail","hentry"],"acf":[],"yoast_head":"<!-- This site is optimized with the Yoast SEO plugin v27.3 - https:\/\/yoast.com\/product\/yoast-seo-wordpress\/ -->\n<title>Gagandeep Singh, MD, FACP, FACC - Centro M\u00e9dico de Especialidades M\u00faltiples en Queens, NY | Medex<\/title>\n<meta name=\"description\" content=\"El Dr. Gagandeep Singh es un conocido cardi\u00f3logo local. Trabaja en el Medex de Forest Hills, Nueva York. Se licenci\u00f3 en Medicina en el Centro M\u00e9dico Downstate de la Universidad Estatal de Nueva York.\" \/>\n<meta name=\"robots\" content=\"index, follow, max-snippet:-1, max-image-preview:large, max-video-preview:-1\" \/>\n<link rel=\"canonical\" href=\"https:\/\/www.medexdtc.com\/es\/medex-dtc-medicos-de-queens\/gagandeep-singh-md-facp-facc\/\" \/>\n<meta property=\"og:locale\" content=\"es_ES\" \/>\n<meta property=\"og:type\" content=\"article\" \/>\n<meta property=\"og:title\" content=\"Gagandeep Singh, MD, FACP, FACC - Centro M\u00e9dico de Especialidades M\u00faltiples en Queens, NY | Medex\" \/>\n<meta property=\"og:description\" content=\"El Dr. Gagandeep Singh es un conocido cardi\u00f3logo local. Trabaja en el Medex de Forest Hills, Nueva York. Se licenci\u00f3 en Medicina en el Centro M\u00e9dico Downstate de la Universidad Estatal de Nueva York.\" \/>\n<meta property=\"og:url\" content=\"https:\/\/www.medexdtc.com\/es\/medex-dtc-medicos-de-queens\/gagandeep-singh-md-facp-facc\/\" \/>\n<meta property=\"og:site_name\" content=\"Medex Diagnostic and Treatment Center - Queens Medical Center - Medical Clinic in Forest Hills, NY\" \/>\n<meta property=\"article:publisher\" content=\"https:\/\/www.facebook.com\/medexny\" \/>\n<meta property=\"article:modified_time\" content=\"2025-03-02T23:41:47+00:00\" \/>\n<meta property=\"og:image\" content=\"https:\/\/www.medexdtc.com\/wp-content\/uploads\/2021\/07\/Dr-Singh-Picture.png\" \/>\n<meta name=\"twitter:card\" content=\"summary_large_image\" \/>\n<meta name=\"twitter:site\" content=\"@DtcMedex\" \/>\n<meta name=\"twitter:label1\" content=\"Tiempo de lectura\" \/>\n\t<meta name=\"twitter:data1\" content=\"3 minutos\" \/>\n<!-- \/ Yoast SEO plugin. -->","yoast_head_json":{"title":"Gagandeep Singh, MD, FACP, FACC - Centro M\u00e9dico de Especialidades M\u00faltiples en Queens, NY | Medex","description":"El Dr. Gagandeep Singh es un conocido cardi\u00f3logo local. Trabaja en el Medex de Forest Hills, Nueva York. Se licenci\u00f3 en Medicina en el Centro M\u00e9dico Downstate de la Universidad Estatal de Nueva York.","robots":{"index":"index","follow":"follow","max-snippet":"max-snippet:-1","max-image-preview":"max-image-preview:large","max-video-preview":"max-video-preview:-1"},"canonical":"https:\/\/www.medexdtc.com\/es\/medex-dtc-medicos-de-queens\/gagandeep-singh-md-facp-facc\/","og_locale":"es_ES","og_type":"article","og_title":"Gagandeep Singh, MD, FACP, FACC - Centro M\u00e9dico de Especialidades M\u00faltiples en Queens, NY | Medex","og_description":"El Dr. Gagandeep Singh es un conocido cardi\u00f3logo local. Trabaja en el Medex de Forest Hills, Nueva York. Se licenci\u00f3 en Medicina en el Centro M\u00e9dico Downstate de la Universidad Estatal de Nueva York.","og_url":"https:\/\/www.medexdtc.com\/es\/medex-dtc-medicos-de-queens\/gagandeep-singh-md-facp-facc\/","og_site_name":"Medex Diagnostic and Treatment Center - Queens Medical Center - Medical Clinic in Forest Hills, NY","article_publisher":"https:\/\/www.facebook.com\/medexny","article_modified_time":"2025-03-02T23:41:47+00:00","og_image":[{"url":"https:\/\/www.medexdtc.com\/wp-content\/uploads\/2021\/07\/Dr-Singh-Picture.png","type":"","width":"","height":""}],"twitter_card":"summary_large_image","twitter_site":"@DtcMedex","twitter_misc":{"Tiempo de lectura":"3 minutos"},"schema":{"@context":"https:\/\/schema.org","@graph":[{"@type":"WebPage","@id":"https:\/\/www.medexdtc.com\/es\/medex-dtc-medicos-de-queens\/gagandeep-singh-md-facp-facc\/","url":"https:\/\/www.medexdtc.com\/es\/medex-dtc-medicos-de-queens\/gagandeep-singh-md-facp-facc\/","name":"Gagandeep Singh, MD, FACP, FACC - Centro M\u00e9dico de Especialidades M\u00faltiples en Queens, NY | Medex","isPartOf":{"@id":"https:\/\/www.medexdtc.com\/es\/#website"},"primaryImageOfPage":{"@id":"https:\/\/www.medexdtc.com\/es\/medex-dtc-medicos-de-queens\/gagandeep-singh-md-facp-facc\/#primaryimage"},"image":{"@id":"https:\/\/www.medexdtc.com\/es\/medex-dtc-medicos-de-queens\/gagandeep-singh-md-facp-facc\/#primaryimage"},"thumbnailUrl":"https:\/\/www.medexdtc.com\/wp-content\/uploads\/2025\/06\/Gagandeep-Singh-MD-FACP-FACC.jpg","datePublished":"2021-07-27T04:32:38+00:00","dateModified":"2025-03-02T23:41:47+00:00","description":"El Dr. Gagandeep Singh es un conocido cardi\u00f3logo local. Trabaja en el Medex de Forest Hills, Nueva York. Se licenci\u00f3 en Medicina en el Centro M\u00e9dico Downstate de la Universidad Estatal de Nueva York.","breadcrumb":{"@id":"https:\/\/www.medexdtc.com\/es\/medex-dtc-medicos-de-queens\/gagandeep-singh-md-facp-facc\/#breadcrumb"},"inLanguage":"es","potentialAction":[{"@type":"ReadAction","target":["https:\/\/www.medexdtc.com\/es\/medex-dtc-medicos-de-queens\/gagandeep-singh-md-facp-facc\/"]}]},{"@type":"ImageObject","inLanguage":"es","@id":"https:\/\/www.medexdtc.com\/es\/medex-dtc-medicos-de-queens\/gagandeep-singh-md-facp-facc\/#primaryimage","url":"https:\/\/www.medexdtc.com\/wp-content\/uploads\/2025\/06\/Gagandeep-Singh-MD-FACP-FACC.jpg","contentUrl":"https:\/\/www.medexdtc.com\/wp-content\/uploads\/2025\/06\/Gagandeep-Singh-MD-FACP-FACC.jpg","width":216,"height":216,"caption":"Gagandeep Singh, MD, FACP, FACC"},{"@type":"BreadcrumbList","@id":"https:\/\/www.medexdtc.com\/es\/medex-dtc-medicos-de-queens\/gagandeep-singh-md-facp-facc\/#breadcrumb","itemListElement":[{"@type":"ListItem","position":1,"name":"Home","item":"https:\/\/www.medexdtc.com\/es\/"},{"@type":"ListItem","position":2,"name":"Medex DTC M\u00e9dicos de Queens","item":"https:\/\/www.medexdtc.com\/es\/medex-dtc-medicos-de-queens\/"},{"@type":"ListItem","position":3,"name":"Gagandeep Singh, MD, FACP, FACC"}]},{"@type":"WebSite","@id":"https:\/\/www.medexdtc.com\/es\/#website","url":"https:\/\/www.medexdtc.com\/es\/","name":"Medex DTC","description":"Medex Diagnostic and Treatment Center is a Medical Center in Queens, NY is a dynamic multi-specialty clinic. Physicians delivering high quality individualized care in Forest Hills, Queens, NY.","publisher":{"@id":"https:\/\/www.medexdtc.com\/es\/#organization"},"potentialAction":[{"@type":"SearchAction","target":{"@type":"EntryPoint","urlTemplate":"https:\/\/www.medexdtc.com\/es\/?s={search_term_string}"},"query-input":{"@type":"PropertyValueSpecification","valueRequired":true,"valueName":"search_term_string"}}],"inLanguage":"es"},{"@type":"Organization","@id":"https:\/\/www.medexdtc.com\/es\/#organization","name":"Medex DCT","url":"https:\/\/www.medexdtc.com\/es\/","logo":{"@type":"ImageObject","inLanguage":"es","@id":"https:\/\/www.medexdtc.com\/es\/#\/schema\/logo\/image\/","url":"https:\/\/www.medexdtc.com\/wp-content\/uploads\/2024\/11\/medex-diagnostic-and-treatment-center-in-queens-NY.png","contentUrl":"https:\/\/www.medexdtc.com\/wp-content\/uploads\/2024\/11\/medex-diagnostic-and-treatment-center-in-queens-NY.png","width":226,"height":47,"caption":"Medex DCT"},"image":{"@id":"https:\/\/www.medexdtc.com\/es\/#\/schema\/logo\/image\/"},"sameAs":["https:\/\/www.facebook.com\/medexny","https:\/\/x.com\/DtcMedex","https:\/\/www.instagram.com\/medexdtc\/","https:\/\/www.linkedin.com\/company\/medex-diagnostic-and-treatment-center\/about\/"]}]}},"jetpack_sharing_enabled":true,"_links":{"self":[{"href":"https:\/\/www.medexdtc.com\/es\/wp-json\/wp\/v2\/pages\/4231","targetHints":{"allow":["GET"]}}],"collection":[{"href":"https:\/\/www.medexdtc.com\/es\/wp-json\/wp\/v2\/pages"}],"about":[{"href":"https:\/\/www.medexdtc.com\/es\/wp-json\/wp\/v2\/types\/page"}],"author":[{"embeddable":true,"href":"https:\/\/www.medexdtc.com\/es\/wp-json\/wp\/v2\/users\/3"}],"replies":[{"embeddable":true,"href":"https:\/\/www.medexdtc.com\/es\/wp-json\/wp\/v2\/comments?post=4231"}],"version-history":[{"count":1,"href":"https:\/\/www.medexdtc.com\/es\/wp-json\/wp\/v2\/pages\/4231\/revisions"}],"predecessor-version":[{"id":4379,"href":"https:\/\/www.medexdtc.com\/es\/wp-json\/wp\/v2\/pages\/4231\/revisions\/4379"}],"up":[{"embeddable":true,"href":"https:\/\/www.medexdtc.com\/es\/wp-json\/wp\/v2\/pages\/4364"}],"wp:featuredmedia":[{"embeddable":true,"href":"https:\/\/www.medexdtc.com\/es\/wp-json\/wp\/v2\/media\/5225"}],"wp:attachment":[{"href":"https:\/\/www.medexdtc.com\/es\/wp-json\/wp\/v2\/media?parent=4231"}],"curies":[{"name":"wp","href":"https:\/\/api.w.org\/{rel}","templated":true}]}}