{"id":4241,"date":"2021-07-27T12:51:19","date_gmt":"2021-07-27T07:51:19","guid":{"rendered":"https:\/\/www.medexdtc.com\/edmond-ainehsazan-dpm-dabpm\/"},"modified":"2025-03-03T04:41:47","modified_gmt":"2025-03-02T23:41:47","slug":"edmond-ainehsazan-dpm-dabpm","status":"publish","type":"page","link":"https:\/\/www.medexdtc.com\/es\/medex-dtc-medicos-de-queens\/edmond-ainehsazan-dpm-dabpm\/","title":{"rendered":"Edmond Ainehsazan, DPM, DABPM"},"content":{"rendered":"<section id=\"about-content-area-1\" class=\"about-content-area-one\">\n<div class=\"sub-container\">\n<div class=\"about-doc-panel\">\n<div class=\"doc-img-left\">\n<div class=\"about-doctor-image\">\n                        <img loading=\"lazy\" decoding=\"async\" width=\"216\" height=\"216\" src=\"https:\/\/www.medexdtc.com\/wp-content\/uploads\/2021\/08\/Dr-Edmond-Picture.png\" class=\"attachment-post-thumbnail size-post-thumbnail wp-post-image\" alt=\"Edmond Ainehsazan, DPM, DABPM\" loading=\"lazy\">                    <\/div>\n<\/p><\/div>\n<div class=\"doc-detail-right\">\n<div class=\"about-doctor-reviews\">\u2605\u2605\u2605\u2605\u2605<\/div>\n<h1>\n<div class=\"about-doctor-name\">Edmond Ainehsazan, DPM, DABPM<\/div>\n<\/h1>\n<div class=\"about-doctor-desig\">Pod\u00f3logo<\/div>\n<div class=\"contect-sec\">\n<div>\n<div class=\"about-doct-number\">\n                     <a href=\"tel:+1718.275.8900\">718.275.8900<\/a>\n                 <\/div>\n<div class=\"about-doct-address\">Forest Hills, NY<\/div>\n<\/p><\/div>\n<\/p><\/div>\n<p>           <a target=\"_blank\" href=\"https:\/\/app.nexhealth.com\/appt\/medex-diagnostic-and-treatment-center?pid=68787306\" class=\"appointment-btn\" rel=\"noopener\">Programa una<strong>cita en<\/strong><br \/><strong><\/strong><\/a>        <\/div>\n<\/p><\/div>\n<\/p><\/div>\n<\/section>\n<section id=\"about-content-area\" class=\"about-content-sec sub-container\">\n<div class=\"about-madex-page-sub-title\"><\/div>\n<div class=\"content-one about-editor-content\">\n<h2>Sobre Edmond Ainehsazan, DPM, DABPM<\/h2>\n<\/p><\/div>\n<p>       <!--\n\n<div class=\"content-two sub-container\">\n            \n\n<div class=\"about-title\">Conditions<\/div>\n\n\n            \n\n<div class=\"condition-lists\">\n                \n\n<ul>\n                                    <\/ul>\n\n\n            <\/div>\n\n\n        <\/div>\n\n\n        \n\n<div class=\"content-two mt-4 sub-container\">\n            \n\n<div class=\"about-title\">Treatments<\/div>\n\n\n            \n\n<div class=\"condition-lists\">\n                \n\n<ul>\n                                    <\/ul>\n\n\n            <\/div>\n\n\n        <\/div>\n\n--><\/p>\n<div class=\"content-three about-editor-content sub-container\">\n<h2 class=\"about-title\">Credenciales<\/h2>\n<h3>Especialidades<\/h3>\n<p>Pod\u00f3logo<\/p>\n<h3>Nombres de pr\u00e1cticas<\/h3>\n<p>Centro de Diagn\u00f3stico y Tratamiento Medex<\/p>\n<h3>Educaci\u00f3n y formaci\u00f3n<\/h3>\n<ul>\n<li><strong>Residencia en Medicina y Cirug\u00eda Podol\u00f3gica,<\/strong>NYC Health + Hospitals\/Coney Island, Brooklyn, NY (2017-2020)<\/li>\n<li><strong>Doctor en Medicina Podol\u00f3gica,<\/strong>New York College of Podiatric Medicine, Nueva York, NY (mayo de 2017)<\/li>\n<li><strong>Licenciada en Biolog\u00eda,<\/strong>Yeshiva College, Universidad Yeshiva, Nueva York, NY (mayo de 2009)<\/li>\n<li><strong>Diplomada en Estudios Jud\u00edos,<\/strong>Escuela James Striar de Estudios Jud\u00edos Generales, Universidad Yeshiva (mayo de 2009)<\/li>\n<\/ul>\n<h3>AFILIACIONES PROFESIONALES<\/h3>\n<ul>\n<li>Academia de M\u00e9dicos en Curaci\u00f3n de Heridas<\/li>\n<li>Asociaci\u00f3n M\u00e9dica Americana de Podolog\u00eda<\/li>\n<li>Sociedad Americana de Cirujanos Pod\u00f3logos<\/li>\n<li>Asociaci\u00f3n M\u00e9dica Podol\u00f3gica del Estado de Nueva York<\/li>\n<\/ul>\n<h3>Idiomas<\/h3>\n<ul>\n<li>Farsi (persa) fluido<\/li>\n<li>Hebreo intermedio<\/li>\n<li>\u00c1rabe intermedio<\/li>\n<\/ul>\n<h2>Enfermedades y tratamientos<\/h2>\n<ul>\n<li>Problemas en los pies<\/li>\n<li>Consulta sobre los pies<\/li>\n<li>Infecci\u00f3n del pie<\/li>\n<li>Pie diab\u00e9tico<\/li>\n<li>Dolor de pies<\/li>\n<li>Juanete<\/li>\n<li>Lesiones de tobillo \/ Esguince<\/li>\n<li>Verruga(s)<\/li>\n<li>Problemas de u\u00f1as<\/li>\n<li>Rayos X<\/li>\n<li>Problemas de tobillo<\/li>\n<li>Pie de atleta<\/li>\n<li>Problemas al andar<\/li>\n<li>Lesiones en el pie<\/li>\n<li>Gota<\/li>\n<li>Absceso<\/li>\n<li>\u00dalceras del pie<\/li>\n<li>Seguimiento del pie<\/li>\n<li>Problema en las u\u00f1as de los pies<\/li>\n<li>Eliminaci\u00f3n de u\u00f1as de los pies<\/li>\n<li>Callos \/ Callosidades<\/li>\n<li>Infecci\u00f3n de tobillo<\/li>\n<li>Fractura de pie<\/li>\n<li>Dolor de tobillo<\/li>\n<li>Tumor \/ Neuroma de pie o tobillo<\/li>\n<li>Dedos en martillo<\/li>\n<li>Dolor de tal\u00f3n<\/li>\n<li>Deformidades pedi\u00e1tricas del pie<\/li>\n<li>Tratamiento de varices<\/li>\n<li>Fascitis plantar<\/li>\n<li>Fractura de tobillo<\/li>\n<\/ul><\/div>\n<\/section>\n","protected":false},"excerpt":{"rendered":"<p>\u2605\u2605\u2605\u2605\u2605 Edmond Ainehsazan, DPM, DABPM Pod\u00f3logo 718.275.8900 Forest Hills, NY Programa unacita en Sobre Edmond Ainehsazan, DPM, DABPM Credenciales Especialidades Pod\u00f3logo Nombres de pr\u00e1cticas Centro de Diagn\u00f3stico y Tratamiento Medex Educaci\u00f3n y formaci\u00f3n Residencia en Medicina y Cirug\u00eda Podol\u00f3gica,NYC Health + Hospitals\/Coney Island, Brooklyn, NY (2017-2020) Doctor en Medicina Podol\u00f3gica,New York College of Podiatric Medicine, &hellip; <\/p>\n<p class=\"link-more\"><a href=\"https:\/\/www.medexdtc.com\/es\/medex-dtc-medicos-de-queens\/edmond-ainehsazan-dpm-dabpm\/\" class=\"more-link\">Continue reading<span class=\"screen-reader-text\"> \u00abEdmond Ainehsazan, DPM, DABPM\u00bb<\/span><\/a><\/p>\n","protected":false},"author":3,"featured_media":0,"parent":4364,"menu_order":0,"comment_status":"closed","ping_status":"closed","template":"doctor-full-width.php","meta":{"_acf_changed":false,"footnotes":""},"class_list":["post-4241","page","type-page","status-publish","hentry"],"acf":[],"yoast_head":"<!-- This site is optimized with the Yoast SEO plugin v27.4 - https:\/\/yoast.com\/product\/yoast-seo-wordpress\/ -->\n<title>Edmond Ainehsazan, DPM, DABPM - Centro M\u00e9dico de Especialidades M\u00faltiples en Queens, NY | Medex<\/title>\n<meta name=\"description\" content=\"El Dr. Edmond Ainehsazan, DPM, DABPM, es pod\u00f3logo en el Multi-Specialty Medical Center de Queens, NY.\" \/>\n<meta name=\"robots\" content=\"index, follow, max-snippet:-1, max-image-preview:large, max-video-preview:-1\" \/>\n<link rel=\"canonical\" href=\"https:\/\/www.medexdtc.com\/es\/medex-dtc-medicos-de-queens\/edmond-ainehsazan-dpm-dabpm\/\" \/>\n<meta property=\"og:locale\" content=\"es_ES\" \/>\n<meta property=\"og:type\" content=\"article\" \/>\n<meta property=\"og:title\" content=\"Edmond Ainehsazan, DPM, DABPM - Centro M\u00e9dico de Especialidades M\u00faltiples en Queens, NY | Medex\" \/>\n<meta property=\"og:description\" content=\"El Dr. Edmond Ainehsazan, DPM, DABPM, es pod\u00f3logo en el Multi-Specialty Medical Center de Queens, NY.\" \/>\n<meta property=\"og:url\" content=\"https:\/\/www.medexdtc.com\/es\/medex-dtc-medicos-de-queens\/edmond-ainehsazan-dpm-dabpm\/\" \/>\n<meta property=\"og:site_name\" content=\"Medex Diagnostic and Treatment Center - Queens Medical Center - Medical Clinic in Forest Hills, NY\" \/>\n<meta property=\"article:publisher\" content=\"https:\/\/www.facebook.com\/medexny\" \/>\n<meta property=\"article:modified_time\" content=\"2025-03-02T23:41:47+00:00\" \/>\n<meta property=\"og:image\" content=\"https:\/\/www.medexdtc.com\/wp-content\/uploads\/2021\/08\/Dr-Edmond-Picture.png\" \/>\n<meta name=\"twitter:card\" content=\"summary_large_image\" \/>\n<meta name=\"twitter:site\" content=\"@DtcMedex\" \/>\n<meta name=\"twitter:label1\" content=\"Tiempo de lectura\" \/>\n\t<meta name=\"twitter:data1\" content=\"1 minuto\" \/>\n<!-- \/ Yoast SEO plugin. -->","yoast_head_json":{"title":"Edmond Ainehsazan, DPM, DABPM - Centro M\u00e9dico de Especialidades M\u00faltiples en Queens, NY | Medex","description":"El Dr. Edmond Ainehsazan, DPM, DABPM, es pod\u00f3logo en el Multi-Specialty Medical Center de Queens, NY.","robots":{"index":"index","follow":"follow","max-snippet":"max-snippet:-1","max-image-preview":"max-image-preview:large","max-video-preview":"max-video-preview:-1"},"canonical":"https:\/\/www.medexdtc.com\/es\/medex-dtc-medicos-de-queens\/edmond-ainehsazan-dpm-dabpm\/","og_locale":"es_ES","og_type":"article","og_title":"Edmond Ainehsazan, DPM, DABPM - Centro M\u00e9dico de Especialidades M\u00faltiples en Queens, NY | Medex","og_description":"El Dr. Edmond Ainehsazan, DPM, DABPM, es pod\u00f3logo en el Multi-Specialty Medical Center de Queens, NY.","og_url":"https:\/\/www.medexdtc.com\/es\/medex-dtc-medicos-de-queens\/edmond-ainehsazan-dpm-dabpm\/","og_site_name":"Medex Diagnostic and Treatment Center - Queens Medical Center - Medical Clinic in Forest Hills, NY","article_publisher":"https:\/\/www.facebook.com\/medexny","article_modified_time":"2025-03-02T23:41:47+00:00","og_image":[{"url":"https:\/\/www.medexdtc.com\/wp-content\/uploads\/2021\/08\/Dr-Edmond-Picture.png","type":"","width":"","height":""}],"twitter_card":"summary_large_image","twitter_site":"@DtcMedex","twitter_misc":{"Tiempo de lectura":"1 minuto"},"schema":{"@context":"https:\/\/schema.org","@graph":[{"@type":"WebPage","@id":"https:\/\/www.medexdtc.com\/es\/medex-dtc-medicos-de-queens\/edmond-ainehsazan-dpm-dabpm\/","url":"https:\/\/www.medexdtc.com\/es\/medex-dtc-medicos-de-queens\/edmond-ainehsazan-dpm-dabpm\/","name":"Edmond Ainehsazan, DPM, DABPM - Centro M\u00e9dico de Especialidades M\u00faltiples en Queens, NY | Medex","isPartOf":{"@id":"https:\/\/www.medexdtc.com\/es\/#website"},"primaryImageOfPage":{"@id":"https:\/\/www.medexdtc.com\/es\/medex-dtc-medicos-de-queens\/edmond-ainehsazan-dpm-dabpm\/#primaryimage"},"image":{"@id":"https:\/\/www.medexdtc.com\/es\/medex-dtc-medicos-de-queens\/edmond-ainehsazan-dpm-dabpm\/#primaryimage"},"thumbnailUrl":"https:\/\/www.medexdtc.com\/wp-content\/uploads\/2021\/08\/Dr-Edmond-Picture.png","datePublished":"2021-07-27T07:51:19+00:00","dateModified":"2025-03-02T23:41:47+00:00","description":"El Dr. Edmond Ainehsazan, DPM, DABPM, es pod\u00f3logo en el Multi-Specialty Medical Center de Queens, NY.","breadcrumb":{"@id":"https:\/\/www.medexdtc.com\/es\/medex-dtc-medicos-de-queens\/edmond-ainehsazan-dpm-dabpm\/#breadcrumb"},"inLanguage":"es","potentialAction":[{"@type":"ReadAction","target":["https:\/\/www.medexdtc.com\/es\/medex-dtc-medicos-de-queens\/edmond-ainehsazan-dpm-dabpm\/"]}]},{"@type":"ImageObject","inLanguage":"es","@id":"https:\/\/www.medexdtc.com\/es\/medex-dtc-medicos-de-queens\/edmond-ainehsazan-dpm-dabpm\/#primaryimage","url":"https:\/\/www.medexdtc.com\/wp-content\/uploads\/2021\/08\/Dr-Edmond-Picture.png","contentUrl":"https:\/\/www.medexdtc.com\/wp-content\/uploads\/2021\/08\/Dr-Edmond-Picture.png"},{"@type":"BreadcrumbList","@id":"https:\/\/www.medexdtc.com\/es\/medex-dtc-medicos-de-queens\/edmond-ainehsazan-dpm-dabpm\/#breadcrumb","itemListElement":[{"@type":"ListItem","position":1,"name":"Home","item":"https:\/\/www.medexdtc.com\/es\/"},{"@type":"ListItem","position":2,"name":"Medex DTC M\u00e9dicos de Queens","item":"https:\/\/www.medexdtc.com\/es\/medex-dtc-medicos-de-queens\/"},{"@type":"ListItem","position":3,"name":"Edmond Ainehsazan, DPM, DABPM"}]},{"@type":"WebSite","@id":"https:\/\/www.medexdtc.com\/es\/#website","url":"https:\/\/www.medexdtc.com\/es\/","name":"Medex DTC","description":"Medex Diagnostic and Treatment Center is a Medical Center in Queens, NY is a dynamic multi-specialty clinic. Physicians delivering high quality individualized care in Forest Hills, Queens, NY.","publisher":{"@id":"https:\/\/www.medexdtc.com\/es\/#organization"},"potentialAction":[{"@type":"SearchAction","target":{"@type":"EntryPoint","urlTemplate":"https:\/\/www.medexdtc.com\/es\/?s={search_term_string}"},"query-input":{"@type":"PropertyValueSpecification","valueRequired":true,"valueName":"search_term_string"}}],"inLanguage":"es"},{"@type":"Organization","@id":"https:\/\/www.medexdtc.com\/es\/#organization","name":"Medex DCT","url":"https:\/\/www.medexdtc.com\/es\/","logo":{"@type":"ImageObject","inLanguage":"es","@id":"https:\/\/www.medexdtc.com\/es\/#\/schema\/logo\/image\/","url":"https:\/\/www.medexdtc.com\/wp-content\/uploads\/2024\/11\/medex-diagnostic-and-treatment-center-in-queens-NY.png","contentUrl":"https:\/\/www.medexdtc.com\/wp-content\/uploads\/2024\/11\/medex-diagnostic-and-treatment-center-in-queens-NY.png","width":226,"height":47,"caption":"Medex DCT"},"image":{"@id":"https:\/\/www.medexdtc.com\/es\/#\/schema\/logo\/image\/"},"sameAs":["https:\/\/www.facebook.com\/medexny","https:\/\/x.com\/DtcMedex","https:\/\/www.instagram.com\/medexdtc\/","https:\/\/www.linkedin.com\/company\/medex-diagnostic-and-treatment-center\/about\/"]}]}},"jetpack_sharing_enabled":true,"_links":{"self":[{"href":"https:\/\/www.medexdtc.com\/es\/wp-json\/wp\/v2\/pages\/4241","targetHints":{"allow":["GET"]}}],"collection":[{"href":"https:\/\/www.medexdtc.com\/es\/wp-json\/wp\/v2\/pages"}],"about":[{"href":"https:\/\/www.medexdtc.com\/es\/wp-json\/wp\/v2\/types\/page"}],"author":[{"embeddable":true,"href":"https:\/\/www.medexdtc.com\/es\/wp-json\/wp\/v2\/users\/3"}],"replies":[{"embeddable":true,"href":"https:\/\/www.medexdtc.com\/es\/wp-json\/wp\/v2\/comments?post=4241"}],"version-history":[{"count":1,"href":"https:\/\/www.medexdtc.com\/es\/wp-json\/wp\/v2\/pages\/4241\/revisions"}],"predecessor-version":[{"id":4383,"href":"https:\/\/www.medexdtc.com\/es\/wp-json\/wp\/v2\/pages\/4241\/revisions\/4383"}],"up":[{"embeddable":true,"href":"https:\/\/www.medexdtc.com\/es\/wp-json\/wp\/v2\/pages\/4364"}],"wp:attachment":[{"href":"https:\/\/www.medexdtc.com\/es\/wp-json\/wp\/v2\/media?parent=4241"}],"curies":[{"name":"wp","href":"https:\/\/api.w.org\/{rel}","templated":true}]}}