{"id":4249,"date":"2021-12-03T12:15:30","date_gmt":"2021-12-03T07:15:30","guid":{"rendered":"https:\/\/www.medexdtc.com\/nadejda-tihomirovs-np\/"},"modified":"2025-03-03T04:41:47","modified_gmt":"2025-03-02T23:41:47","slug":"nadejda-tihomirovs-np","status":"publish","type":"page","link":"https:\/\/www.medexdtc.com\/es\/medex-dtc-medicos-de-queens\/nadejda-tihomirovs-np\/","title":{"rendered":"Nadejda Tihomirovs, NP"},"content":{"rendered":"<section id=\"about-content-area-1\" class=\"about-content-area-one\">\n<div class=\"sub-container\">\n<div class=\"about-doc-panel\">\n<div class=\"doc-img-left\">\n<div class=\"about-doctor-image\"><img decoding=\"async\" class=\"attachment-post-thumbnail size-post-thumbnail wp-post-image\" src=\"https:\/\/www.medexdtc.com\/wp-content\/uploads\/2021\/12\/Nadejda-Tihomirovs-NP.png\" alt=\"Enfermera Practicante Nadejda Tihomirovs, NP\" width=\"216\" height=\"216\"><\/div>\n<\/div>\n<div class=\"doc-detail-right\">\n<div class=\"about-doctor-reviews\">\u2605\u2605\u2605\u2605\u2605<\/div>\n<div class=\"about-doctor-name\">Nadejda Tihomirovs, NP<\/div>\n<div class=\"about-doctor-desig\">Enfermera Practicante<\/div>\n<div class=\"contect-sec\">\n<div>\n<div class=\"about-doct-number\"><a href=\"tel:+1718.275.8900\">718.275.8900<\/a><\/div>\n<div class=\"about-doct-address\">Forest Hills, NY<\/div>\n<\/div>\n<\/div>\n<p><a class=\"appointment-btn\" href=\"https:\/\/app.nexhealth.com\/appt\/medex-diagnostic-and-treatment-center\/p,44933301,h:y\" target=\"_blank\" rel=\"noopener\">Programa una<strong>cita en<\/strong><br \/>\n<strong><\/strong><\/a><\/p>\n<\/div>\n<\/div>\n<\/div>\n<\/section>\n<section id=\"about-content-area\" class=\"about-content-sec sub-container\">\n<div class=\"about-madex-page-sub-title\"><\/div>\n<div class=\"content-one about-editor-content\">\n<h1>Nadejda Tihomirovs Enfermera Practicante en Queens, NY<\/h1>\n<\/div>\n<div class=\"content-three about-editor-content sub-container\">\n<p class=\"about-title\"><strong>Credenciales<\/strong><\/p>\n<h3>Especialidades<\/h3>\n<ul>\n<li>Enfermera Practicante<\/li>\n<li>Enfermera especializada en adultos<\/li>\n<li>Enfermero Practicante de Cuidados Intensivos (Adultos \/ Gerontolog\u00eda)<\/li>\n<li>Especialista en cuidado de heridas<\/li>\n<\/ul>\n<h3>Educaci\u00f3n y formaci\u00f3n<\/h3>\n<ul>\n<li>City University of New York, College of Staten Island, M\u00e1ster en Enfermer\u00eda Gerontol\u00f3gica de Adultos<\/li>\n<li>Colegio del Monte San Vicente (Licenciatura)<\/li>\n<li>Universidad de la Ciudad de Nueva York, Brooklyn College (Licenciatura)<\/li>\n<li>Universidad de la Ciudad de Nueva York, Brooklyn College, M\u00e1ster en Asesoramiento en Salud Mental<\/li>\n<li>Universidad de la Ciudad de Nueva York, Kingsborough Community College (Asociado)<\/li>\n<\/ul>\n<h3>Lenguas habladas<\/h3>\n<ul>\n<li>Ingl\u00e9s<\/li>\n<li>Ruso<\/li>\n<\/ul>\n<\/div>\n<\/section>\n","protected":false},"excerpt":{"rendered":"<p>\u2605\u2605\u2605\u2605\u2605 Nadejda Tihomirovs, NP Enfermera Practicante 718.275.8900 Forest Hills, NY Programa unacita en Nadejda Tihomirovs Enfermera Practicante en Queens, NY Credenciales Especialidades Enfermera Practicante Enfermera especializada en adultos Enfermero Practicante de Cuidados Intensivos (Adultos \/ Gerontolog\u00eda) Especialista en cuidado de heridas Educaci\u00f3n y formaci\u00f3n City University of New York, College of Staten Island, M\u00e1ster en &hellip; <\/p>\n<p class=\"link-more\"><a href=\"https:\/\/www.medexdtc.com\/es\/medex-dtc-medicos-de-queens\/nadejda-tihomirovs-np\/\" class=\"more-link\">Continue reading<span class=\"screen-reader-text\"> \u00abNadejda Tihomirovs, NP\u00bb<\/span><\/a><\/p>\n","protected":false},"author":3,"featured_media":0,"parent":4364,"menu_order":0,"comment_status":"closed","ping_status":"closed","template":"doctor-full-width.php","meta":{"_acf_changed":false,"footnotes":""},"class_list":["post-4249","page","type-page","status-publish","hentry"],"acf":[],"yoast_head":"<!-- This site is optimized with the Yoast SEO plugin v27.3 - https:\/\/yoast.com\/product\/yoast-seo-wordpress\/ -->\n<title>Nadejda Tihomirovs, NP | Centro M\u00e9dico de Especialidades M\u00faltiples en Queens, NY<\/title>\n<meta name=\"description\" content=\"Programa una cita con Nadejda Tihomirovs, NP. Enfermera Practicante en Queens en el Centro de Diagn\u00f3stico y Tratamiento Medex.\" \/>\n<meta name=\"robots\" content=\"index, follow, max-snippet:-1, max-image-preview:large, max-video-preview:-1\" \/>\n<link rel=\"canonical\" href=\"https:\/\/www.medexdtc.com\/es\/medex-dtc-medicos-de-queens\/nadejda-tihomirovs-np\/\" \/>\n<meta property=\"og:locale\" content=\"es_ES\" \/>\n<meta property=\"og:type\" content=\"article\" \/>\n<meta property=\"og:title\" content=\"Nadejda Tihomirovs, NP | Centro M\u00e9dico de Especialidades M\u00faltiples en Queens, NY\" \/>\n<meta property=\"og:description\" content=\"Programa una cita con Nadejda Tihomirovs, NP. Enfermera Practicante en Queens en el Centro de Diagn\u00f3stico y Tratamiento Medex.\" \/>\n<meta property=\"og:url\" content=\"https:\/\/www.medexdtc.com\/es\/medex-dtc-medicos-de-queens\/nadejda-tihomirovs-np\/\" \/>\n<meta property=\"og:site_name\" content=\"Medex Diagnostic and Treatment Center - Queens Medical Center - Medical Clinic in Forest Hills, NY\" \/>\n<meta property=\"article:publisher\" content=\"https:\/\/www.facebook.com\/medexny\" \/>\n<meta property=\"article:modified_time\" content=\"2025-03-02T23:41:47+00:00\" \/>\n<meta property=\"og:image\" content=\"https:\/\/www.medexdtc.com\/wp-content\/uploads\/2021\/12\/Nadejda-Tihomirovs-NP.png\" \/>\n<meta name=\"twitter:card\" content=\"summary_large_image\" \/>\n<meta name=\"twitter:site\" content=\"@DtcMedex\" \/>\n<meta name=\"twitter:label1\" content=\"Tiempo de lectura\" \/>\n\t<meta name=\"twitter:data1\" content=\"1 minuto\" \/>\n<!-- \/ Yoast SEO plugin. -->","yoast_head_json":{"title":"Nadejda Tihomirovs, NP | Centro M\u00e9dico de Especialidades M\u00faltiples en Queens, NY","description":"Programa una cita con Nadejda Tihomirovs, NP. Enfermera Practicante en Queens en el Centro de Diagn\u00f3stico y Tratamiento Medex.","robots":{"index":"index","follow":"follow","max-snippet":"max-snippet:-1","max-image-preview":"max-image-preview:large","max-video-preview":"max-video-preview:-1"},"canonical":"https:\/\/www.medexdtc.com\/es\/medex-dtc-medicos-de-queens\/nadejda-tihomirovs-np\/","og_locale":"es_ES","og_type":"article","og_title":"Nadejda Tihomirovs, NP | Centro M\u00e9dico de Especialidades M\u00faltiples en Queens, NY","og_description":"Programa una cita con Nadejda Tihomirovs, NP. Enfermera Practicante en Queens en el Centro de Diagn\u00f3stico y Tratamiento Medex.","og_url":"https:\/\/www.medexdtc.com\/es\/medex-dtc-medicos-de-queens\/nadejda-tihomirovs-np\/","og_site_name":"Medex Diagnostic and Treatment Center - Queens Medical Center - Medical Clinic in Forest Hills, NY","article_publisher":"https:\/\/www.facebook.com\/medexny","article_modified_time":"2025-03-02T23:41:47+00:00","og_image":[{"url":"https:\/\/www.medexdtc.com\/wp-content\/uploads\/2021\/12\/Nadejda-Tihomirovs-NP.png","type":"","width":"","height":""}],"twitter_card":"summary_large_image","twitter_site":"@DtcMedex","twitter_misc":{"Tiempo de lectura":"1 minuto"},"schema":{"@context":"https:\/\/schema.org","@graph":[{"@type":"WebPage","@id":"https:\/\/www.medexdtc.com\/es\/medex-dtc-medicos-de-queens\/nadejda-tihomirovs-np\/","url":"https:\/\/www.medexdtc.com\/es\/medex-dtc-medicos-de-queens\/nadejda-tihomirovs-np\/","name":"Nadejda Tihomirovs, NP | Centro M\u00e9dico de Especialidades M\u00faltiples en Queens, NY","isPartOf":{"@id":"https:\/\/www.medexdtc.com\/es\/#website"},"primaryImageOfPage":{"@id":"https:\/\/www.medexdtc.com\/es\/medex-dtc-medicos-de-queens\/nadejda-tihomirovs-np\/#primaryimage"},"image":{"@id":"https:\/\/www.medexdtc.com\/es\/medex-dtc-medicos-de-queens\/nadejda-tihomirovs-np\/#primaryimage"},"thumbnailUrl":"https:\/\/www.medexdtc.com\/wp-content\/uploads\/2021\/12\/Nadejda-Tihomirovs-NP.png","datePublished":"2021-12-03T07:15:30+00:00","dateModified":"2025-03-02T23:41:47+00:00","description":"Programa una cita con Nadejda Tihomirovs, NP. Enfermera Practicante en Queens en el Centro de Diagn\u00f3stico y Tratamiento Medex.","breadcrumb":{"@id":"https:\/\/www.medexdtc.com\/es\/medex-dtc-medicos-de-queens\/nadejda-tihomirovs-np\/#breadcrumb"},"inLanguage":"es","potentialAction":[{"@type":"ReadAction","target":["https:\/\/www.medexdtc.com\/es\/medex-dtc-medicos-de-queens\/nadejda-tihomirovs-np\/"]}]},{"@type":"ImageObject","inLanguage":"es","@id":"https:\/\/www.medexdtc.com\/es\/medex-dtc-medicos-de-queens\/nadejda-tihomirovs-np\/#primaryimage","url":"https:\/\/www.medexdtc.com\/wp-content\/uploads\/2021\/12\/Nadejda-Tihomirovs-NP.png","contentUrl":"https:\/\/www.medexdtc.com\/wp-content\/uploads\/2021\/12\/Nadejda-Tihomirovs-NP.png"},{"@type":"BreadcrumbList","@id":"https:\/\/www.medexdtc.com\/es\/medex-dtc-medicos-de-queens\/nadejda-tihomirovs-np\/#breadcrumb","itemListElement":[{"@type":"ListItem","position":1,"name":"Home","item":"https:\/\/www.medexdtc.com\/es\/"},{"@type":"ListItem","position":2,"name":"Medex DTC M\u00e9dicos de Queens","item":"https:\/\/www.medexdtc.com\/es\/medex-dtc-medicos-de-queens\/"},{"@type":"ListItem","position":3,"name":"Nadejda Tihomirovs, NP"}]},{"@type":"WebSite","@id":"https:\/\/www.medexdtc.com\/es\/#website","url":"https:\/\/www.medexdtc.com\/es\/","name":"Medex DTC","description":"Medex Diagnostic and Treatment Center is a Medical Center in Queens, NY is a dynamic multi-specialty clinic. Physicians delivering high quality individualized care in Forest Hills, Queens, NY.","publisher":{"@id":"https:\/\/www.medexdtc.com\/es\/#organization"},"potentialAction":[{"@type":"SearchAction","target":{"@type":"EntryPoint","urlTemplate":"https:\/\/www.medexdtc.com\/es\/?s={search_term_string}"},"query-input":{"@type":"PropertyValueSpecification","valueRequired":true,"valueName":"search_term_string"}}],"inLanguage":"es"},{"@type":"Organization","@id":"https:\/\/www.medexdtc.com\/es\/#organization","name":"Medex DCT","url":"https:\/\/www.medexdtc.com\/es\/","logo":{"@type":"ImageObject","inLanguage":"es","@id":"https:\/\/www.medexdtc.com\/es\/#\/schema\/logo\/image\/","url":"https:\/\/www.medexdtc.com\/wp-content\/uploads\/2024\/11\/medex-diagnostic-and-treatment-center-in-queens-NY.png","contentUrl":"https:\/\/www.medexdtc.com\/wp-content\/uploads\/2024\/11\/medex-diagnostic-and-treatment-center-in-queens-NY.png","width":226,"height":47,"caption":"Medex DCT"},"image":{"@id":"https:\/\/www.medexdtc.com\/es\/#\/schema\/logo\/image\/"},"sameAs":["https:\/\/www.facebook.com\/medexny","https:\/\/x.com\/DtcMedex","https:\/\/www.instagram.com\/medexdtc\/","https:\/\/www.linkedin.com\/company\/medex-diagnostic-and-treatment-center\/about\/"]}]}},"jetpack_sharing_enabled":true,"_links":{"self":[{"href":"https:\/\/www.medexdtc.com\/es\/wp-json\/wp\/v2\/pages\/4249","targetHints":{"allow":["GET"]}}],"collection":[{"href":"https:\/\/www.medexdtc.com\/es\/wp-json\/wp\/v2\/pages"}],"about":[{"href":"https:\/\/www.medexdtc.com\/es\/wp-json\/wp\/v2\/types\/page"}],"author":[{"embeddable":true,"href":"https:\/\/www.medexdtc.com\/es\/wp-json\/wp\/v2\/users\/3"}],"replies":[{"embeddable":true,"href":"https:\/\/www.medexdtc.com\/es\/wp-json\/wp\/v2\/comments?post=4249"}],"version-history":[{"count":1,"href":"https:\/\/www.medexdtc.com\/es\/wp-json\/wp\/v2\/pages\/4249\/revisions"}],"predecessor-version":[{"id":4375,"href":"https:\/\/www.medexdtc.com\/es\/wp-json\/wp\/v2\/pages\/4249\/revisions\/4375"}],"up":[{"embeddable":true,"href":"https:\/\/www.medexdtc.com\/es\/wp-json\/wp\/v2\/pages\/4364"}],"wp:attachment":[{"href":"https:\/\/www.medexdtc.com\/es\/wp-json\/wp\/v2\/media?parent=4249"}],"curies":[{"name":"wp","href":"https:\/\/api.w.org\/{rel}","templated":true}]}}