{"id":4254,"date":"2021-12-03T12:36:47","date_gmt":"2021-12-03T07:36:47","guid":{"rendered":"https:\/\/www.medexdtc.com\/dr-musa-njeru-md\/"},"modified":"2025-03-03T04:41:47","modified_gmt":"2025-03-02T23:41:47","slug":"dr-musa-njeru-md","status":"publish","type":"page","link":"https:\/\/www.medexdtc.com\/es\/medex-dtc-medicos-de-queens\/dr-musa-njeru-md\/","title":{"rendered":"Dr. Musa Njeru, MD"},"content":{"rendered":"<section itemscope=\"\" itemtype=\"https:\/\/schema.org\/Person\">\n<section id=\"about-content-area-1\" class=\"about-content-area-one\">\n<div class=\"sub-container\">\n<div class=\"about-doc-panel\">\n<div class=\"doc-img-left\">\n<div class=\"about-doctor-image\">\n                        <img loading=\"lazy\" decoding=\"async\" itemprop=\"image\" width=\"216\" height=\"216\" src=\"https:\/\/www.medexdtc.com\/wp-content\/uploads\/2021\/12\/Dr-Musa-Njeru-MD.png\" class=\"attachment-post-thumbnail size-post-thumbnail wp-post-image\" alt=\"Nefr\u00f3logo en Queens, Musa Njeru, MD\" loading=\"lazy\">                    <\/div>\n<\/p><\/div>\n<div class=\"doc-detail-right\">\n<div class=\"about-doctor-reviews\">\u2605\u2605\u2605\u2605\u2605<\/div>\n<h1>\n<div itemprop=\"givenName\" class=\"about-doctor-name\">Musa Njeru, MD<\/div>\n<\/h1>\n<div class=\"about-doctor-desig\">Nefr\u00f3logo<\/div>\n<div class=\"contect-sec\">\n<div>\n<div class=\"about-doct-number\">\n                     <a href=\"tel:+1718.275.8900\">718.275.8900<\/a>\n                 <\/div>\n<div class=\"about-doct-address\">Forest Hills, NY<\/div>\n<\/p><\/div>\n<\/p><\/div>\n<p>           <a itemprop=\"url\" target=\"_blank\" href=\"https:\/\/app.nexhealth.com\/appt\/medex-diagnostic-and-treatment-center\/p,19166871,h:y\" class=\"appointment-btn\" rel=\"noopener\">Programa una<strong>cita en<\/strong><br \/><strong><\/strong><\/a>        <\/div>\n<\/p><\/div>\n<\/p><\/div>\n<\/section>\n<section id=\"about-content-area\" class=\"about-content-sec sub-container\">\n<div class=\"about-madex-page-sub-title\"><\/div>\n<div class=\"content-one about-editor-content\">\n<h2>Acerca de Musa Njeru, MD<\/h2>\n<p itemprop=\"description\">El Dr. Njeru estudi\u00f3 en la Facultad de Medicina de la Universidad de Nairobi, donde se licenci\u00f3 en Medicina. Complet\u00f3 su residencia en medicina interna en el AtlantiCare Regional Medical Center y su especializaci\u00f3n en nefrolog\u00eda en la Universidad Estatal de Nueva York, Upstate Medical University. <\/p>\n<p>El Dr. Njeru est\u00e1 certificado por la Junta Americana de Medicina Interna, en la especialidad de nefrolog\u00eda. Los pacientes acuden a \u00e9l por motivos como hemodi\u00e1lisis, enfermedad glomerular, insuficiencia renal y biopsias renales. <\/p>\n<\/p><\/div>\n<div class=\"content-three about-editor-content sub-container\">\n<h2 class=\"about-title\">Credenciales<\/h2>\n<h3>Especialidades<\/h3>\n<ul>\n<li>Nefr\u00f3logo<\/li>\n<\/ul>\n<h3>Nombres de pr\u00e1cticas<\/h3>\n<p>CENTRO DE DIAGN\u00d3STICO Y TRATAMIENTO MEDEX<\/p>\n<h3>Afiliaciones hospitalarias<\/h3>\n<ul>\n<li>Hospital Forest Hills<\/li>\n<li>Centro M\u00e9dico Jud\u00edo de Long Island<\/li>\n<li>Hospital Universitario North Shore<\/li>\n<\/ul>\n<h3>Certificaciones de la Junta<\/h3>\n<ul>\n<li>Junta Americana de Medicina Interna<\/li>\n<li>Nefrolog\u00eda (Junta Americana de Medicina Interna)<\/li>\n<\/ul>\n<h3>Educaci\u00f3n y formaci\u00f3n<\/h3>\n<ul>\n<li itemprop=\"alumniOf\">Facultad de Medicina &#8211; Facultad de Medicina de la Universidad de Nairobi, Licenciatura en Medicina, Licenciatura en Cirug\u00eda<\/li>\n<li itemprop=\"alumniOf\">Centro M\u00e9dico Regional AtlantiCare, Residencia en Medicina Interna<\/li>\n<li itemprop=\"alumniOf\">Universidad Estatal de Nueva York, Upstate Medical University, Beca en Nefrolog\u00eda<\/li>\n<\/ul>\n<h3>Afiliaciones profesionales<\/h3>\n<ul>\n<li>Asociaci\u00f3n M\u00e9dica Americana<\/li>\n<li>Sociedad Americana de Nefrolog\u00eda<\/li>\n<\/ul>\n<h3>Premios y publicaciones<\/h3>\n<ul>\n<li>Njeru M, Seifi A. &#8211; Lesi\u00f3n de Dieulafoy, un caso poco frecuente de hemorragia gastrointestinal &#8211; Southern Medical Journal, SMJ, 2009 Mar; 102(3):336-7. PMID: 19204633 <\/li>\n<\/ul>\n<h2>Enfermedades y tratamientos<\/h2>\n<ul>\n<li>Enfermedad<\/li>\n<li>Examen f\u00edsico anual<\/li>\n<li>Receta \/ Recarga<\/li>\n<li>Chequeo previo al viaje<\/li>\n<li>Consulta General<\/li>\n<li>Acn\u00e9<\/li>\n<li>Psoriasis<\/li>\n<li>Infecci\u00f3n de o\u00eddo<\/li>\n<li>Ronquera \/ Trastorno de la voz<\/li>\n<li>Problemas de audici\u00f3n \/ zumbido de o\u00eddos<\/li>\n<li>Problemas de sinusitis \/ Sinusitis<\/li>\n<li>Vacuna antigripal<\/li>\n<li>Enfermedades de Transmisi\u00f3n Sexual (ETS)<\/li>\n<li>Consulta de alergia<\/li>\n<li>Tos al\u00e9rgica<\/li>\n<li>Eczema<\/li>\n<li>Alergia alimentaria<\/li>\n<li>Adicci\u00f3n \/ Abuso de sustancias<\/li>\n<li>Dolor de pies<\/li>\n<li>Juanete<\/li>\n<li>Artritis<\/li>\n<li>Revisi\u00f3n de colesterol \/ l\u00edpidos<\/li>\n<li>Tensi\u00f3n arterial alta \/ Hipertensi\u00f3n<\/li>\n<li>Asma<\/li>\n<li>Enfisema<\/li>\n<li>Neumon\u00eda<\/li>\n<li>Migra\u00f1a<\/li>\n<li>Consulta previa al viaje<\/li>\n<li>Segunda opini\u00f3n<\/li>\n<li>Consulta sobre diabetes<\/li>\n<li>Dolor de garganta<\/li>\n<li>Revisi\u00f3n Prequir\u00fargica \/ Autorizaci\u00f3n Prequir\u00fargica<\/li>\n<li>Infecci\u00f3n del tracto urinario (ITU)<\/li>\n<li>Taburete negro \/ Melena<\/li>\n<li>Detecci\u00f3n del c\u00e1ncer de colon<\/li>\n<li>Incontinencia<\/li>\n<li>Absceso<\/li>\n<li>Alcoholismo<\/li>\n<li>Micci\u00f3n frecuente<\/li>\n<li>S\u00edndrome del intestino irritable<\/li>\n<li>Seguimiento general<\/li>\n<li>Seguimiento previo al viaje<\/li>\n<li>Seguimiento de la diabetes<\/li>\n<li>Visita anual de bienestar de Medicare<\/li>\n<li>Visita anual de bienestar (para pacientes de Medicare)<\/li>\n<li>Intolerancia alimentaria<\/li>\n<li>Prueba COVID-19<\/li>\n<li>Prueba de anticuerpos COVID-19<\/li>\n<\/ul>\n<p>&nbsp;        <\/p><\/div>\n<\/section>\n<\/section>\n","protected":false},"excerpt":{"rendered":"<p>\u2605\u2605\u2605\u2605\u2605 Musa Njeru, MD Nefr\u00f3logo 718.275.8900 Forest Hills, NY Programa unacita en Acerca de Musa Njeru, MD El Dr. Njeru estudi\u00f3 en la Facultad de Medicina de la Universidad de Nairobi, donde se licenci\u00f3 en Medicina. Complet\u00f3 su residencia en medicina interna en el AtlantiCare Regional Medical Center y su especializaci\u00f3n en nefrolog\u00eda en la &hellip; <\/p>\n<p class=\"link-more\"><a href=\"https:\/\/www.medexdtc.com\/es\/medex-dtc-medicos-de-queens\/dr-musa-njeru-md\/\" class=\"more-link\">Continue reading<span class=\"screen-reader-text\"> \u00abDr. Musa Njeru, MD\u00bb<\/span><\/a><\/p>\n","protected":false},"author":3,"featured_media":0,"parent":4364,"menu_order":0,"comment_status":"closed","ping_status":"closed","template":"doctor-full-width.php","meta":{"_acf_changed":false,"footnotes":""},"class_list":["post-4254","page","type-page","status-publish","hentry"],"acf":[],"yoast_head":"<!-- This site is optimized with the Yoast SEO plugin v27.3 - https:\/\/yoast.com\/product\/yoast-seo-wordpress\/ -->\n<title>Dr. Musa Njeru, MD - Centro M\u00e9dico de Especialidades M\u00faltiples en Queens, NY | Medex<\/title>\n<meta name=\"description\" content=\"Musa Njue, MD es un Centro de Diagn\u00f3stico y Tratamiento Medex en Forest Hills, NY, m\u00e9dico que se especializa en Medicina Interna, Nefrolog\u00eda.\" \/>\n<meta name=\"robots\" content=\"index, follow, max-snippet:-1, max-image-preview:large, max-video-preview:-1\" \/>\n<link rel=\"canonical\" href=\"https:\/\/www.medexdtc.com\/es\/medex-dtc-medicos-de-queens\/dr-musa-njeru-md\/\" \/>\n<meta property=\"og:locale\" content=\"es_ES\" \/>\n<meta property=\"og:type\" content=\"article\" \/>\n<meta property=\"og:title\" content=\"Dr. Musa Njeru, MD - Centro M\u00e9dico de Especialidades M\u00faltiples en Queens, NY | Medex\" \/>\n<meta property=\"og:description\" content=\"Musa Njue, MD es un Centro de Diagn\u00f3stico y Tratamiento Medex en Forest Hills, NY, m\u00e9dico que se especializa en Medicina Interna, Nefrolog\u00eda.\" \/>\n<meta property=\"og:url\" content=\"https:\/\/www.medexdtc.com\/es\/medex-dtc-medicos-de-queens\/dr-musa-njeru-md\/\" \/>\n<meta property=\"og:site_name\" content=\"Medex Diagnostic and Treatment Center - Queens Medical Center - Medical Clinic in Forest Hills, NY\" \/>\n<meta property=\"article:publisher\" content=\"https:\/\/www.facebook.com\/medexny\" \/>\n<meta property=\"article:modified_time\" content=\"2025-03-02T23:41:47+00:00\" \/>\n<meta property=\"og:image\" content=\"https:\/\/www.medexdtc.com\/wp-content\/uploads\/2021\/12\/Dr-Musa-Njeru-MD.png\" \/>\n<meta name=\"twitter:card\" content=\"summary_large_image\" \/>\n<meta name=\"twitter:site\" content=\"@DtcMedex\" \/>\n<meta name=\"twitter:label1\" content=\"Tiempo de lectura\" \/>\n\t<meta name=\"twitter:data1\" content=\"2 minutos\" \/>\n<!-- \/ Yoast SEO plugin. -->","yoast_head_json":{"title":"Dr. Musa Njeru, MD - Centro M\u00e9dico de Especialidades M\u00faltiples en Queens, NY | Medex","description":"Musa Njue, MD es un Centro de Diagn\u00f3stico y Tratamiento Medex en Forest Hills, NY, m\u00e9dico que se especializa en Medicina Interna, Nefrolog\u00eda.","robots":{"index":"index","follow":"follow","max-snippet":"max-snippet:-1","max-image-preview":"max-image-preview:large","max-video-preview":"max-video-preview:-1"},"canonical":"https:\/\/www.medexdtc.com\/es\/medex-dtc-medicos-de-queens\/dr-musa-njeru-md\/","og_locale":"es_ES","og_type":"article","og_title":"Dr. Musa Njeru, MD - Centro M\u00e9dico de Especialidades M\u00faltiples en Queens, NY | Medex","og_description":"Musa Njue, MD es un Centro de Diagn\u00f3stico y Tratamiento Medex en Forest Hills, NY, m\u00e9dico que se especializa en Medicina Interna, Nefrolog\u00eda.","og_url":"https:\/\/www.medexdtc.com\/es\/medex-dtc-medicos-de-queens\/dr-musa-njeru-md\/","og_site_name":"Medex Diagnostic and Treatment Center - Queens Medical Center - Medical Clinic in Forest Hills, NY","article_publisher":"https:\/\/www.facebook.com\/medexny","article_modified_time":"2025-03-02T23:41:47+00:00","og_image":[{"url":"https:\/\/www.medexdtc.com\/wp-content\/uploads\/2021\/12\/Dr-Musa-Njeru-MD.png","type":"","width":"","height":""}],"twitter_card":"summary_large_image","twitter_site":"@DtcMedex","twitter_misc":{"Tiempo de lectura":"2 minutos"},"schema":{"@context":"https:\/\/schema.org","@graph":[{"@type":"WebPage","@id":"https:\/\/www.medexdtc.com\/es\/medex-dtc-medicos-de-queens\/dr-musa-njeru-md\/","url":"https:\/\/www.medexdtc.com\/es\/medex-dtc-medicos-de-queens\/dr-musa-njeru-md\/","name":"Dr. Musa Njeru, MD - Centro M\u00e9dico de Especialidades M\u00faltiples en Queens, NY | Medex","isPartOf":{"@id":"https:\/\/www.medexdtc.com\/es\/#website"},"primaryImageOfPage":{"@id":"https:\/\/www.medexdtc.com\/es\/medex-dtc-medicos-de-queens\/dr-musa-njeru-md\/#primaryimage"},"image":{"@id":"https:\/\/www.medexdtc.com\/es\/medex-dtc-medicos-de-queens\/dr-musa-njeru-md\/#primaryimage"},"thumbnailUrl":"https:\/\/www.medexdtc.com\/wp-content\/uploads\/2021\/12\/Dr-Musa-Njeru-MD.png","datePublished":"2021-12-03T07:36:47+00:00","dateModified":"2025-03-02T23:41:47+00:00","description":"Musa Njue, MD es un Centro de Diagn\u00f3stico y Tratamiento Medex en Forest Hills, NY, m\u00e9dico que se especializa en Medicina Interna, Nefrolog\u00eda.","breadcrumb":{"@id":"https:\/\/www.medexdtc.com\/es\/medex-dtc-medicos-de-queens\/dr-musa-njeru-md\/#breadcrumb"},"inLanguage":"es","potentialAction":[{"@type":"ReadAction","target":["https:\/\/www.medexdtc.com\/es\/medex-dtc-medicos-de-queens\/dr-musa-njeru-md\/"]}]},{"@type":"ImageObject","inLanguage":"es","@id":"https:\/\/www.medexdtc.com\/es\/medex-dtc-medicos-de-queens\/dr-musa-njeru-md\/#primaryimage","url":"https:\/\/www.medexdtc.com\/wp-content\/uploads\/2021\/12\/Dr-Musa-Njeru-MD.png","contentUrl":"https:\/\/www.medexdtc.com\/wp-content\/uploads\/2021\/12\/Dr-Musa-Njeru-MD.png"},{"@type":"BreadcrumbList","@id":"https:\/\/www.medexdtc.com\/es\/medex-dtc-medicos-de-queens\/dr-musa-njeru-md\/#breadcrumb","itemListElement":[{"@type":"ListItem","position":1,"name":"Home","item":"https:\/\/www.medexdtc.com\/es\/"},{"@type":"ListItem","position":2,"name":"Medex DTC M\u00e9dicos de Queens","item":"https:\/\/www.medexdtc.com\/es\/medex-dtc-medicos-de-queens\/"},{"@type":"ListItem","position":3,"name":"Dr. Musa Njeru, MD"}]},{"@type":"WebSite","@id":"https:\/\/www.medexdtc.com\/es\/#website","url":"https:\/\/www.medexdtc.com\/es\/","name":"Medex DTC","description":"Medex Diagnostic and Treatment Center is a Medical Center in Queens, NY is a dynamic multi-specialty clinic. Physicians delivering high quality individualized care in Forest Hills, Queens, NY.","publisher":{"@id":"https:\/\/www.medexdtc.com\/es\/#organization"},"potentialAction":[{"@type":"SearchAction","target":{"@type":"EntryPoint","urlTemplate":"https:\/\/www.medexdtc.com\/es\/?s={search_term_string}"},"query-input":{"@type":"PropertyValueSpecification","valueRequired":true,"valueName":"search_term_string"}}],"inLanguage":"es"},{"@type":"Organization","@id":"https:\/\/www.medexdtc.com\/es\/#organization","name":"Medex DCT","url":"https:\/\/www.medexdtc.com\/es\/","logo":{"@type":"ImageObject","inLanguage":"es","@id":"https:\/\/www.medexdtc.com\/es\/#\/schema\/logo\/image\/","url":"https:\/\/www.medexdtc.com\/wp-content\/uploads\/2024\/11\/medex-diagnostic-and-treatment-center-in-queens-NY.png","contentUrl":"https:\/\/www.medexdtc.com\/wp-content\/uploads\/2024\/11\/medex-diagnostic-and-treatment-center-in-queens-NY.png","width":226,"height":47,"caption":"Medex DCT"},"image":{"@id":"https:\/\/www.medexdtc.com\/es\/#\/schema\/logo\/image\/"},"sameAs":["https:\/\/www.facebook.com\/medexny","https:\/\/x.com\/DtcMedex","https:\/\/www.instagram.com\/medexdtc\/","https:\/\/www.linkedin.com\/company\/medex-diagnostic-and-treatment-center\/about\/"]}]}},"jetpack_sharing_enabled":true,"_links":{"self":[{"href":"https:\/\/www.medexdtc.com\/es\/wp-json\/wp\/v2\/pages\/4254","targetHints":{"allow":["GET"]}}],"collection":[{"href":"https:\/\/www.medexdtc.com\/es\/wp-json\/wp\/v2\/pages"}],"about":[{"href":"https:\/\/www.medexdtc.com\/es\/wp-json\/wp\/v2\/types\/page"}],"author":[{"embeddable":true,"href":"https:\/\/www.medexdtc.com\/es\/wp-json\/wp\/v2\/users\/3"}],"replies":[{"embeddable":true,"href":"https:\/\/www.medexdtc.com\/es\/wp-json\/wp\/v2\/comments?post=4254"}],"version-history":[{"count":1,"href":"https:\/\/www.medexdtc.com\/es\/wp-json\/wp\/v2\/pages\/4254\/revisions"}],"predecessor-version":[{"id":4366,"href":"https:\/\/www.medexdtc.com\/es\/wp-json\/wp\/v2\/pages\/4254\/revisions\/4366"}],"up":[{"embeddable":true,"href":"https:\/\/www.medexdtc.com\/es\/wp-json\/wp\/v2\/pages\/4364"}],"wp:attachment":[{"href":"https:\/\/www.medexdtc.com\/es\/wp-json\/wp\/v2\/media?parent=4254"}],"curies":[{"name":"wp","href":"https:\/\/api.w.org\/{rel}","templated":true}]}}