{"id":4256,"date":"2020-08-05T23:39:29","date_gmt":"2020-08-05T18:39:29","guid":{"rendered":"https:\/\/www.medexdtc.com\/colposcopia\/"},"modified":"2020-08-05T23:39:29","modified_gmt":"2020-08-05T18:39:29","slug":"colposcopia","status":"publish","type":"page","link":"https:\/\/www.medexdtc.com\/es\/colposcopia\/","title":{"rendered":"Colposcopia"},"content":{"rendered":"<section id=\"treatment-page-content-area-1\" class=\"treatment-page-content-area-one\">Una citolog\u00eda vaginal anormal pone en marcha una serie de pruebas para descubrir las razones de la anomal\u00eda. La colposcopia es una de las pruebas m\u00e1s frecuentes. Permite a tu m\u00e9dico observar m\u00e1s de cerca la vagina y el cuello uterino. Realizada en la comodidad de la consulta de tu ginec\u00f3logo en el Centro de Diagn\u00f3stico y Tratamiento Medex de Queens, NY, es un procedimiento relativamente r\u00e1pido e indoloro. Si se descubren anomal\u00edas, a veces tu m\u00e9dico las trata inmediatamente. Si no, se env\u00eda una muestra de tejido a un laboratorio para comprobar si hay c\u00e1ncer. Una colposcopia es un procedimiento preventivo que suelen cubrir las p\u00f3lizas de seguros. Llama hoy para hablar con un ginec\u00f3logo.       <\/p>\n<p>Cada vez que tu <a href=\"https:\/\/www.medexdtc.com\/gynecology\/\">ginec\u00f3logo<\/a> te informa de que es necesario realizar m\u00e1s pruebas, puede asustarte. Pero para hacer el diagn\u00f3stico m\u00e1s preciso, todos los especialistas del Centro de Diagn\u00f3stico y Tratamiento Medex de Queens, Nueva York, saben que la certeza pasa por aprender todo lo posible. Ning\u00fan tratamiento puede empezar sin un diagn\u00f3stico preciso.  <\/p>\n<p>A veces, tu especialista Medex quiere confirmar un diagn\u00f3stico inicial. Otras veces, el m\u00e9dico puede necesitar descartar otras afecciones. En cualquier caso, cuando un ginec\u00f3logo necesita obtener una imagen m\u00e1s clara de tu cuello uterino o vagina, la t\u00e9cnica aceptada es utilizar una lente de aumento especializada con una luz en un procedimiento denominado colposcopia.  <\/p>\n<p>La mayor\u00eda de las <a href=\"https:\/\/www.medexdtc.com\/abnormal-pap-smear\/\">citolog\u00edas anormales<\/a> se deben a cambios naturales debidos a la menopausia o a infecciones v\u00edricas leves. Si has tenido una lectura anormal en una citolog\u00eda vaginal o si tu m\u00e9dico observa anomal\u00edas en los tejidos durante un examen p\u00e9lvico rutinario, una colposcopia puede ser el siguiente paso para asegurarse de que estos cambios en tus tejidos vaginales y cervicales no son m\u00e1s graves. <\/p>\n<h2>\u00bfPor qu\u00e9 me recomendar\u00eda mi m\u00e9dico una colposcopia?<\/h2>\n<p>Varios s\u00edntomas y afecciones posibles pueden justificar la realizaci\u00f3n de pruebas adicionales con una colposcopia. Para que la prueba sea eficaz, aseg\u00farate de hac\u00e9rtela cuando no est\u00e9s menstruando. Ev\u00edtala tambi\u00e9n si crees que puedes estar embarazada. Los s\u00edntomas que pueden conducir a una colposcopia incluyen:   <\/p>\n<ul>\n<li>Verrugas genitales, ya que suelen indicar una infecci\u00f3n por el virus del papiloma humano (VPH), que te expone a un mayor riesgo de c\u00e1ncer de cuello uterino.<\/li>\n<li>Hemorragia inusual o aumentada<\/li>\n<li>Crecimientos no cancerosos o precancerosos llamados p\u00f3lipos<\/li>\n<li>Tejido cervical inflamado<\/li>\n<\/ul>\n<p>El objetivo de las pruebas de observaci\u00f3n, como la colposcopia, es diagnosticar y tratar r\u00e1pidamente cualquier cambio inusual en los tejidos. La detecci\u00f3n y la atenci\u00f3n tempranas siempre aumentan las posibilidades de \u00e9xito del tratamiento. Si sufres una inflamaci\u00f3n aguda, una colposcopia puede no ser apropiada. Si tu ginec\u00f3logo sospecha una enfermedad inflamatoria p\u00e9lvica, se recomiendan otras pruebas.   <\/p>\n<h2>\u00bfQu\u00e9 puedo esperar durante una colposcopia?<\/h2>\n<p>Evita las cremas, lociones, duchas vaginales, tampones y la actividad sexual durante las 24 horas anteriores a la prueba. Aseg\u00farate de que tu m\u00e9dico est\u00e1 al corriente de cualquier medicamento que est\u00e9s tomando. Informa al ginec\u00f3logo de cualquier problema hemorr\u00e1gico previo que hayas tenido o de cualquier infecci\u00f3n vaginal, p\u00e9lvica o cervical que hayas padecido en el pasado.  <\/p>\n<p>Los procedimientos de colposcopia duran entre 10 y 20 minutos. Si tu m\u00e9dico decide tomar muestras de tejido o extirpar p\u00f3lipos, el proceso puede durar m\u00e1s tiempo. Puedes esperar una serie de pasos durante el procedimiento, que incluyen:  <\/p>\n<ol>\n<li>Recibir analg\u00e9sicos o un sedante si est\u00e1s ansiosa por el procedimiento. Si tu ginec\u00f3logo sospecha la necesidad de una biopsia, puedes recibir anestesia local o general <\/li>\n<li>Te piden que te desnudes de cintura para abajo. Te dan una s\u00e1bana para que te cubras la parte inferior del cuerpo. <\/li>\n<li>Tumbado de espaldas en una camilla, con los pies colocados en los reposapi\u00e9s.<\/li>\n<li>Tu m\u00e9dico introduce un esp\u00e9culo en tu vagina para ensanchar cuidadosamente la abertura.<\/li>\n<li>El m\u00e9dico limpiar\u00e1 la zona con yodo o una soluci\u00f3n de vinagre para observar mejor cualquier tejido anormal. Puedes sentir un ligero ardor por esta soluci\u00f3n. <\/li>\n<li>Tu ginec\u00f3logo coloca cuidadosamente el colposcopio en la abertura de tu vagina para tomar fotograf\u00edas y posiblemente un v\u00eddeo. El colposcopio no entra en tu cuerpo. <\/li>\n<li>Es posible que tu m\u00e9dico tome una peque\u00f1a muestra de tejido, si se detecta tejido anormal. La biopsia se env\u00eda al laboratorio para su an\u00e1lisis. Es normal sentir un ligero pinchazo o calambre al extraer el tejido. El m\u00e9dico puede colocar una pasta medicamentosa sobre el lugar para reducir estos efectos secundarios.   <\/li>\n<\/ol>\n<p>Tras la intervenci\u00f3n, el personal de ginecolog\u00eda controla tu respiraci\u00f3n y tu tensi\u00f3n arterial. Es posible que tengas que llevar una compresa higi\u00e9nica durante unos d\u00edas, ya que es frecuente tener calambres leves, manchados y hemorragias. Evita las duchas vaginales, la actividad sexual y los tampones durante una semana despu\u00e9s de la intervenci\u00f3n. Tu m\u00e9dico puede sugerirte analg\u00e9sicos de venta libre si es necesario.   <\/p>\n<h2>\u00bfQu\u00e9 busca mi m\u00e9dico?<\/h2>\n<p>El tejido cervical anormal suele aparecer como zonas blancas o inflamadas. Tu ginec\u00f3logo tambi\u00e9n puede comprobar si hay verrugas, llagas o cualquier cambio en los vasos sangu\u00edneos. Si el laboratorio detecta tejido anormal, puede ser necesario realizar m\u00e1s pruebas o tratamientos, como:  <\/p>\n<ul>\n<li>Medicamentos para tratar infecciones<\/li>\n<li>Hormonas para compensar los cambios menop\u00e1usicos<\/li>\n<li>Tratamientos m\u00e1s extensos si se encuentran c\u00e9lulas cancerosas<\/li>\n<\/ul>\n<p>Habla con tu ginec\u00f3logo si notas una hemorragia o secreci\u00f3n mayor o importante despu\u00e9s de la intervenci\u00f3n. <a href=\"https:\/\/www.medexdtc.com\/es\/colposcopia\/#contact-form\">Ponte en contacto con el departamento de ginecolog\u00eda<\/a> del Centro de Diagn\u00f3stico y Tratamiento Medex de Queens si tienes fiebre, un dolor que no se alivia con medicamentos de venta libre o una hemorragia que dura m\u00e1s de siete d\u00edas. Siempre te atender\u00e1n cuando vengas a Medex. <\/p>\n<p>Podemos ayudarte a encontrar m\u00e9dico. Llama al <a href=\"tel:+17182758900\">(718) 275-8900<\/a> <\/p>\n<p>Con licencia del estado de Nueva York, Medex es un centro de diagn\u00f3stico y tratamiento del art\u00edculo 28. Nuestros m\u00e9dicos proporcionan atenci\u00f3n integral a pacientes de todas las edades en la zona de Forest Hills, Queens, desde hace m\u00e1s de 15 a\u00f1os. Empieza a recibir atenci\u00f3n experta ahora llamando o concertando una cita en l\u00ednea con uno de los especialistas cualificados.  <\/p>\n<p><strong>Centro de Diagn\u00f3stico y Tratamiento Medex<\/strong><\/p>\n<p>111-29 Queens Blvd<br \/>\nForest Hills, NY 11375<br \/>\nTel\u00e9fono: <a href=\"tel:+17182758900\">(718) 275-8900<\/a><br \/>\nFax: (718) 785-0430<\/p>\n<\/section>\n","protected":false},"excerpt":{"rendered":"<p>Una citolog\u00eda vaginal anormal pone en marcha una serie de pruebas para descubrir las razones de la anomal\u00eda. La colposcopia es una de las pruebas m\u00e1s frecuentes. Permite a tu m\u00e9dico observar m\u00e1s de cerca la vagina y el cuello uterino. Realizada en la comodidad de la consulta de tu ginec\u00f3logo en el Centro de &hellip; <\/p>\n<p class=\"link-more\"><a href=\"https:\/\/www.medexdtc.com\/es\/colposcopia\/\" class=\"more-link\">Continue reading<span class=\"screen-reader-text\"> \u00abColposcopia\u00bb<\/span><\/a><\/p>\n","protected":false},"author":3,"featured_media":0,"parent":0,"menu_order":0,"comment_status":"closed","ping_status":"closed","template":"new_inner.php","meta":{"_acf_changed":false,"footnotes":""},"class_list":["post-4256","page","type-page","status-publish","hentry"],"acf":[],"yoast_head":"<!-- This site is optimized with the Yoast SEO plugin v27.3 - https:\/\/yoast.com\/product\/yoast-seo-wordpress\/ -->\n<title>Colposcopia | Ginec\u00f3logo en Forest Hills, Queens, NY | Medex - Multi-Specialty Medical Center<\/title>\n<meta name=\"description\" content=\"Realizada en la comodidad de la consulta de tu ginec\u00f3logo en el Centro de Diagn\u00f3stico y Tratamiento Medex de Forest Hills, Queens, NY, la colposcopia es un procedimiento relativamente r\u00e1pido e indoloro.\" \/>\n<meta name=\"robots\" content=\"index, follow, max-snippet:-1, max-image-preview:large, max-video-preview:-1\" \/>\n<link rel=\"canonical\" href=\"https:\/\/www.medexdtc.com\/es\/colposcopia\/\" \/>\n<meta property=\"og:locale\" content=\"es_ES\" \/>\n<meta property=\"og:type\" content=\"article\" \/>\n<meta property=\"og:title\" content=\"Colposcopia | Ginec\u00f3logo en Forest Hills, Queens, NY | Medex - Multi-Specialty Medical Center\" \/>\n<meta property=\"og:description\" content=\"Realizada en la comodidad de la consulta de tu ginec\u00f3logo en el Centro de Diagn\u00f3stico y Tratamiento Medex de Forest Hills, Queens, NY, la colposcopia es un procedimiento relativamente r\u00e1pido e indoloro.\" \/>\n<meta property=\"og:url\" content=\"https:\/\/www.medexdtc.com\/es\/colposcopia\/\" \/>\n<meta property=\"og:site_name\" content=\"Medex Diagnostic and Treatment Center - Queens Medical Center - Medical Clinic in Forest Hills, NY\" \/>\n<meta property=\"article:publisher\" content=\"https:\/\/www.facebook.com\/medexny\" \/>\n<meta name=\"twitter:card\" content=\"summary_large_image\" \/>\n<meta name=\"twitter:site\" content=\"@DtcMedex\" \/>\n<meta name=\"twitter:label1\" content=\"Tiempo de lectura\" \/>\n\t<meta name=\"twitter:data1\" content=\"6 minutos\" \/>\n<!-- \/ Yoast SEO plugin. -->","yoast_head_json":{"title":"Colposcopia | Ginec\u00f3logo en Forest Hills, Queens, NY | Medex - Multi-Specialty Medical Center","description":"Realizada en la comodidad de la consulta de tu ginec\u00f3logo en el Centro de Diagn\u00f3stico y Tratamiento Medex de Forest Hills, Queens, NY, la colposcopia es un procedimiento relativamente r\u00e1pido e indoloro.","robots":{"index":"index","follow":"follow","max-snippet":"max-snippet:-1","max-image-preview":"max-image-preview:large","max-video-preview":"max-video-preview:-1"},"canonical":"https:\/\/www.medexdtc.com\/es\/colposcopia\/","og_locale":"es_ES","og_type":"article","og_title":"Colposcopia | Ginec\u00f3logo en Forest Hills, Queens, NY | Medex - Multi-Specialty Medical Center","og_description":"Realizada en la comodidad de la consulta de tu ginec\u00f3logo en el Centro de Diagn\u00f3stico y Tratamiento Medex de Forest Hills, Queens, NY, la colposcopia es un procedimiento relativamente r\u00e1pido e indoloro.","og_url":"https:\/\/www.medexdtc.com\/es\/colposcopia\/","og_site_name":"Medex Diagnostic and Treatment Center - Queens Medical Center - Medical Clinic in Forest Hills, NY","article_publisher":"https:\/\/www.facebook.com\/medexny","twitter_card":"summary_large_image","twitter_site":"@DtcMedex","twitter_misc":{"Tiempo de lectura":"6 minutos"},"schema":{"@context":"https:\/\/schema.org","@graph":[{"@type":"WebPage","@id":"https:\/\/www.medexdtc.com\/es\/colposcopia\/","url":"https:\/\/www.medexdtc.com\/es\/colposcopia\/","name":"Colposcopia | Ginec\u00f3logo en Forest Hills, Queens, NY | Medex - Multi-Specialty Medical Center","isPartOf":{"@id":"https:\/\/www.medexdtc.com\/es\/#website"},"datePublished":"2020-08-05T18:39:29+00:00","description":"Realizada en la comodidad de la consulta de tu ginec\u00f3logo en el Centro de Diagn\u00f3stico y Tratamiento Medex de Forest Hills, Queens, NY, la colposcopia es un procedimiento relativamente r\u00e1pido e indoloro.","breadcrumb":{"@id":"https:\/\/www.medexdtc.com\/es\/colposcopia\/#breadcrumb"},"inLanguage":"es","potentialAction":[{"@type":"ReadAction","target":["https:\/\/www.medexdtc.com\/es\/colposcopia\/"]}]},{"@type":"BreadcrumbList","@id":"https:\/\/www.medexdtc.com\/es\/colposcopia\/#breadcrumb","itemListElement":[{"@type":"ListItem","position":1,"name":"Home","item":"https:\/\/www.medexdtc.com\/es\/"},{"@type":"ListItem","position":2,"name":"Colposcopia"}]},{"@type":"WebSite","@id":"https:\/\/www.medexdtc.com\/es\/#website","url":"https:\/\/www.medexdtc.com\/es\/","name":"Medex DTC","description":"Medex Diagnostic and Treatment Center is a Medical Center in Queens, NY is a dynamic multi-specialty clinic. Physicians delivering high quality individualized care in Forest Hills, Queens, NY.","publisher":{"@id":"https:\/\/www.medexdtc.com\/es\/#organization"},"potentialAction":[{"@type":"SearchAction","target":{"@type":"EntryPoint","urlTemplate":"https:\/\/www.medexdtc.com\/es\/?s={search_term_string}"},"query-input":{"@type":"PropertyValueSpecification","valueRequired":true,"valueName":"search_term_string"}}],"inLanguage":"es"},{"@type":"Organization","@id":"https:\/\/www.medexdtc.com\/es\/#organization","name":"Medex DCT","url":"https:\/\/www.medexdtc.com\/es\/","logo":{"@type":"ImageObject","inLanguage":"es","@id":"https:\/\/www.medexdtc.com\/es\/#\/schema\/logo\/image\/","url":"https:\/\/www.medexdtc.com\/wp-content\/uploads\/2024\/11\/medex-diagnostic-and-treatment-center-in-queens-NY.png","contentUrl":"https:\/\/www.medexdtc.com\/wp-content\/uploads\/2024\/11\/medex-diagnostic-and-treatment-center-in-queens-NY.png","width":226,"height":47,"caption":"Medex DCT"},"image":{"@id":"https:\/\/www.medexdtc.com\/es\/#\/schema\/logo\/image\/"},"sameAs":["https:\/\/www.facebook.com\/medexny","https:\/\/x.com\/DtcMedex","https:\/\/www.instagram.com\/medexdtc\/","https:\/\/www.linkedin.com\/company\/medex-diagnostic-and-treatment-center\/about\/"]}]}},"jetpack_sharing_enabled":true,"_links":{"self":[{"href":"https:\/\/www.medexdtc.com\/es\/wp-json\/wp\/v2\/pages\/4256","targetHints":{"allow":["GET"]}}],"collection":[{"href":"https:\/\/www.medexdtc.com\/es\/wp-json\/wp\/v2\/pages"}],"about":[{"href":"https:\/\/www.medexdtc.com\/es\/wp-json\/wp\/v2\/types\/page"}],"author":[{"embeddable":true,"href":"https:\/\/www.medexdtc.com\/es\/wp-json\/wp\/v2\/users\/3"}],"replies":[{"embeddable":true,"href":"https:\/\/www.medexdtc.com\/es\/wp-json\/wp\/v2\/comments?post=4256"}],"version-history":[{"count":0,"href":"https:\/\/www.medexdtc.com\/es\/wp-json\/wp\/v2\/pages\/4256\/revisions"}],"wp:attachment":[{"href":"https:\/\/www.medexdtc.com\/es\/wp-json\/wp\/v2\/media?parent=4256"}],"curies":[{"name":"wp","href":"https:\/\/api.w.org\/{rel}","templated":true}]}}