{"id":4264,"date":"2020-08-05T23:40:08","date_gmt":"2020-08-05T18:40:08","guid":{"rendered":"https:\/\/www.medexdtc.com\/carcinoma-de-celulas-basales\/"},"modified":"2020-08-05T23:40:08","modified_gmt":"2020-08-05T18:40:08","slug":"carcinoma-de-celulas-basales","status":"publish","type":"page","link":"https:\/\/www.medexdtc.com\/es\/carcinoma-de-celulas-basales\/","title":{"rendered":"Carcinoma de c\u00e9lulas basales"},"content":{"rendered":"<section id=\"treatment-page-content-area-1\" class=\"treatment-page-content-area-one\"><strong>No todos los c\u00e1nceres son iguales. Algunos son r\u00e1pidos y mortales. En el extremo opuesto del espectro est\u00e1 el carcinoma basocelular. Este c\u00e1ncer de piel se desarrolla lentamente y no es mortal. Sin embargo, puede desfigurarte si no lo tratas. Cuanto antes recibas tratamiento de un dermat\u00f3logo experto en una consulta como el Centro de Diagn\u00f3stico y Tratamiento Medex de Queens, NY, m\u00e1s probabilidades tendr\u00e1s de librarte completamente del c\u00e1ncer. Adem\u00e1s, obt\u00e9n instrucciones para prevenir la enfermedad; llama para una evaluaci\u00f3n.      <\/strong><\/p>\n<p>El carcinoma basocelular es la forma m\u00e1s frecuente de c\u00e1ncer de piel. Cada a\u00f1o se registran m\u00e1s de cuatro millones de casos en Estados Unidos. Este tipo de c\u00e1ncer es tambi\u00e9n uno de los m\u00e1s curables y causa menos da\u00f1os, sobre todo cuando se detecta pronto.  <\/p>\n<p>Un problema para diagnosticar el carcinoma basocelular es que sus s\u00edntomas var\u00edan de una persona a otra. Otro problema es que sus s\u00edntomas se parecen a los de otras enfermedades cut\u00e1neas, como la psoriasis o el eczema. En general, busca s\u00edntomas en tu piel que incluyan:  <\/p>\n<ul>\n<li>Llagas abiertas<\/li>\n<li>Manchas rojas<\/li>\n<li>Crecimientos rosados<\/li>\n<li>Protuberancias o n\u00f3dulos brillantes<\/li>\n<li>Cicatrices o bultos elevados<\/li>\n<li><a href=\"https:\/\/www.medexdtc.com\/es\/scars\/\">Cicatrices<\/a> planas de color blanco, amarillo o ceroso<\/li>\n<li>Picor o hemorragia<\/li>\n<li>Supuraci\u00f3n de una zona sospechosa que forma una costra cuando se seca<\/li>\n<\/ul>\n<p>Si notas cambios inusuales en la piel, consulta inmediatamente a tu <a href=\"https:\/\/www.medexdtc.com\/es\/dermatology\/\">dermat\u00f3logo<\/a> del Centro de Diagn\u00f3stico y Tratamiento Medex de Queens, NY. La detecci\u00f3n precoz del carcinoma basocelular facilita mucho el tratamiento y puede incluso evitar la cirug\u00eda. <\/p>\n<h2>C\u00f3mo prevenir el carcinoma basocelular<\/h2>\n<p>Con esta forma de c\u00e1ncer, la mayor\u00eda de las c\u00e9lulas cancerosas aparecen en la cara. A veces se ven afectadas zonas de las orejas, el cuello, la espalda, el pecho, los brazos y las piernas. Si tu piel desprotegida se expone a menudo a los da\u00f1inos rayos UV del sol, tienes m\u00e1s probabilidades de padecer carcinoma basocelular.  <\/p>\n<p>Adem\u00e1s de contar con m\u00e9dicos y especialistas que cubren casi todas las especialidades m\u00e9dicas, el Centro de Diagn\u00f3stico y Tratamiento Medex tambi\u00e9n se especializa en atenci\u00f3n geri\u00e1trica, prestando servicios para personas mayores que incluyen rehabilitaci\u00f3n f\u00edsica y rehabilitaci\u00f3n.<\/p>\n<p>La mejor forma de protegerte es evitar la luz solar directa sobre la piel. Utiliza siempre un protector solar de factor de protecci\u00f3n elevado y lleva ropa que filtre el sol. Opta por un sombrero de ala ancha siempre que sea posible para ocultar tu cara de los potentes rayos del sol. Las gafas de sol con filtro UV tambi\u00e9n ayudan.   <\/p>\n<p>Si tienes la piel clara, debes tener especial cuidado cuando est\u00e9s al sol. Ten especial cuidado si eres un hombre de m\u00e1s de 50 a\u00f1os con antecedentes de c\u00e1ncer de piel. Tambi\u00e9n se recomienda que evites las camas bronceadoras.  <\/p>\n<h2>Busca tratamiento para los cambios cut\u00e1neos inusuales<\/h2>\n<p>Que este c\u00e1ncer de piel no sea potencialmente mortal no es excusa para ignorarlo. Si no recibes atenci\u00f3n m\u00e9dica a tiempo, el carcinoma basocelular puede volverse agresivo, lesionando los nervios, los vasos sangu\u00edneos, el tejido cut\u00e1neo e incluso la estructura \u00f3sea subyacente. Al final, el c\u00e1ncer se extiende tanto que puedes acabar desfigurado.  <\/p>\n<p>La buena noticia es que, desde el momento en que aparece en tu piel, el c\u00e1ncer crece y se extiende muy lentamente. Eso te da tiempo de sobra para que te examine un dermat\u00f3logo de Queens. En Medex, tu dermat\u00f3logo tiene acceso a los \u00faltimos tratamientos, as\u00ed que est\u00e1s en manos expertas cuando acudas para el diagn\u00f3stico y el tratamiento.  <\/p>\n<h2>Tratamiento de las c\u00e9lulas cancerosas<\/h2>\n<p>Cuando tu m\u00e9dico encuentra una mancha sospechosa en la piel durante una exploraci\u00f3n, lo m\u00e1s probable es que el primer paso sea recoger una biopsia o muestra de tejido. En el Centro de Diagn\u00f3stico y Tratamiento Medex, tu dermat\u00f3logo adormece la zona antes de extraer todas o algunas de las c\u00e9lulas sospechosas para enviarlas a un laboratorio. \u00c9sta es la forma m\u00e1s sencilla de diagnosticar si tus c\u00e9lulas son cancerosas.  <\/p>\n<p>Si el informe patol\u00f3gico de la biopsia cut\u00e1nea es negativo, la mancha puede haber sido s\u00f3lo un lunar u otro crecimiento benigno. Si la prueba es positiva, tu dermat\u00f3logo analiza la opci\u00f3n de tratamiento que mejor se adapte a tu caso. Tu m\u00e9dico puede recomendarte un tratamiento basado en la localizaci\u00f3n del c\u00e1ncer. Las t\u00e9cnicas m\u00ednimamente invasivas incluyen:   <\/p>\n<ul>\n<li>Una escisi\u00f3n quir\u00fargica para extirpar las c\u00e9lulas cancerosas<\/li>\n<li>Criocirug\u00eda que utiliza nitr\u00f3geno l\u00edquido<\/li>\n<li>Radioterapia<\/li>\n<li>Electrocirug\u00eda<\/li>\n<li>Curetaje o raspado de las c\u00e9lulas<\/li>\n<\/ul>\n<p>Si tienes un tumor canceroso grande o si la zona tiene bordes que no est\u00e1n bien definidos, puede que necesites una cirug\u00eda de Mohs. Este procedimiento lleva tiempo, pero suele hacerse en casos que tienen una alta probabilidad de recidiva. Tu m\u00e9dico puede elegir la cirug\u00eda de Mohs para localizaciones delicadas, como en la nariz o cerca de ella, las orejas, los ojos, los p\u00e1rpados, la frente, el cuero cabelludo, los dedos o la zona genital.  <\/p>\n<h2>C\u00f3mo minimizar una recidiva<\/h2>\n<p>La probabilidad de que este tipo de c\u00e1ncer de piel reaparezca es alta, a menudo en un lugar pr\u00f3ximo al anterior. Zonas como la nariz, las orejas y los labios tienen una mayor probabilidad de recidiva en los dos primeros a\u00f1os de tratamiento. Estar atento a tu piel es la mejor medida para detectarlo a tiempo.  <\/p>\n<p><strong>Rev\u00edsate de pies a cabeza para asegurarte de que no tienes crecimientos en la piel. Es aconsejable acudir al dermat\u00f3logo del Centro de Diagn\u00f3stico y Tratamiento Medex para que te haga un examen profesional de la piel cada a\u00f1o, sobre todo si tienes antecedentes de c\u00e1ncer de piel, ya sea carcinoma basocelular, carcinoma de c\u00e9lulas escamosas o melanoma. <a href=\"https:\/\/www.medexdtc.com\/es\/carcinoma-de-celulas-basales\/#contact-form\">Ponte en contacto con la mejor cl\u00ednica de Queens<\/a> para un examen exhaustivo, un diagn\u00f3stico preciso y el tratamiento m\u00e1s eficaz. <\/strong><\/p>\n<p>Podemos ayudarte a encontrar m\u00e9dico. Llama al <a href=\"tel:+17182758900\">(718) 275-8900<\/a> <\/p>\n<p>Con licencia del estado de Nueva York, Medex es un centro de diagn\u00f3stico y tratamiento del art\u00edculo 28. Nuestros m\u00e9dicos proporcionan atenci\u00f3n integral a pacientes de todas las edades en la zona de Forest Hills, Queens, desde hace m\u00e1s de 15 a\u00f1os. Empieza a recibir atenci\u00f3n experta ahora llamando o concertando una cita en l\u00ednea con uno de los especialistas cualificados.  <\/p>\n<\/section>\n","protected":false},"excerpt":{"rendered":"<p>No todos los c\u00e1nceres son iguales. Algunos son r\u00e1pidos y mortales. En el extremo opuesto del espectro est\u00e1 el carcinoma basocelular. Este c\u00e1ncer de piel se desarrolla lentamente y no es mortal. Sin embargo, puede desfigurarte si no lo tratas. Cuanto antes recibas tratamiento de un dermat\u00f3logo experto en una consulta como el Centro de &hellip; <\/p>\n<p class=\"link-more\"><a href=\"https:\/\/www.medexdtc.com\/es\/carcinoma-de-celulas-basales\/\" class=\"more-link\">Continue reading<span class=\"screen-reader-text\"> \u00abCarcinoma de c\u00e9lulas basales\u00bb<\/span><\/a><\/p>\n","protected":false},"author":3,"featured_media":0,"parent":0,"menu_order":0,"comment_status":"closed","ping_status":"closed","template":"new_inner.php","meta":{"_acf_changed":false,"footnotes":""},"class_list":["post-4264","page","type-page","status-publish","hentry"],"acf":[],"yoast_head":"<!-- This site is optimized with the Yoast SEO plugin v27.5 - https:\/\/yoast.com\/product\/yoast-seo-wordpress\/ -->\n<title>Tratamiento del Carcinoma de C\u00e9lulas Basales en Forest Hills, Queens, NY | Medex - Centro M\u00e9dico de Especialidades M\u00faltiples<\/title>\n<meta name=\"description\" content=\"Deshazte del carcinoma basocelular, recibe tratamiento de un dermat\u00f3logo experto en el Centro de Diagn\u00f3stico y Tratamiento Medex de Forest Hills, Queens, NY.\" \/>\n<meta name=\"robots\" content=\"index, follow, max-snippet:-1, max-image-preview:large, max-video-preview:-1\" \/>\n<link rel=\"canonical\" href=\"https:\/\/www.medexdtc.com\/es\/carcinoma-de-celulas-basales\/\" \/>\n<meta property=\"og:locale\" content=\"es_ES\" \/>\n<meta property=\"og:type\" content=\"article\" \/>\n<meta property=\"og:title\" content=\"Tratamiento del Carcinoma de C\u00e9lulas Basales en Forest Hills, Queens, NY | Medex - Centro M\u00e9dico de Especialidades M\u00faltiples\" \/>\n<meta property=\"og:description\" content=\"Deshazte del carcinoma basocelular, recibe tratamiento de un dermat\u00f3logo experto en el Centro de Diagn\u00f3stico y Tratamiento Medex de Forest Hills, Queens, NY.\" \/>\n<meta property=\"og:url\" content=\"https:\/\/www.medexdtc.com\/es\/carcinoma-de-celulas-basales\/\" \/>\n<meta property=\"og:site_name\" content=\"Medex Diagnostic and Treatment Center - Queens Medical Center - Medical Clinic in Forest Hills, NY\" \/>\n<meta property=\"article:publisher\" content=\"https:\/\/www.facebook.com\/medexny\" \/>\n<meta name=\"twitter:card\" content=\"summary_large_image\" \/>\n<meta name=\"twitter:site\" content=\"@DtcMedex\" \/>\n<meta name=\"twitter:label1\" content=\"Tiempo de lectura\" \/>\n\t<meta name=\"twitter:data1\" content=\"6 minutos\" \/>\n<!-- \/ Yoast SEO plugin. -->","yoast_head_json":{"title":"Tratamiento del Carcinoma de C\u00e9lulas Basales en Forest Hills, Queens, NY | Medex - Centro M\u00e9dico de Especialidades M\u00faltiples","description":"Deshazte del carcinoma basocelular, recibe tratamiento de un dermat\u00f3logo experto en el Centro de Diagn\u00f3stico y Tratamiento Medex de Forest Hills, Queens, NY.","robots":{"index":"index","follow":"follow","max-snippet":"max-snippet:-1","max-image-preview":"max-image-preview:large","max-video-preview":"max-video-preview:-1"},"canonical":"https:\/\/www.medexdtc.com\/es\/carcinoma-de-celulas-basales\/","og_locale":"es_ES","og_type":"article","og_title":"Tratamiento del Carcinoma de C\u00e9lulas Basales en Forest Hills, Queens, NY | Medex - Centro M\u00e9dico de Especialidades M\u00faltiples","og_description":"Deshazte del carcinoma basocelular, recibe tratamiento de un dermat\u00f3logo experto en el Centro de Diagn\u00f3stico y Tratamiento Medex de Forest Hills, Queens, NY.","og_url":"https:\/\/www.medexdtc.com\/es\/carcinoma-de-celulas-basales\/","og_site_name":"Medex Diagnostic and Treatment Center - Queens Medical Center - Medical Clinic in Forest Hills, NY","article_publisher":"https:\/\/www.facebook.com\/medexny","twitter_card":"summary_large_image","twitter_site":"@DtcMedex","twitter_misc":{"Tiempo de lectura":"6 minutos"},"schema":{"@context":"https:\/\/schema.org","@graph":[{"@type":"WebPage","@id":"https:\/\/www.medexdtc.com\/es\/carcinoma-de-celulas-basales\/","url":"https:\/\/www.medexdtc.com\/es\/carcinoma-de-celulas-basales\/","name":"Tratamiento del Carcinoma de C\u00e9lulas Basales en Forest Hills, Queens, NY | Medex - Centro M\u00e9dico de Especialidades M\u00faltiples","isPartOf":{"@id":"https:\/\/www.medexdtc.com\/es\/#website"},"datePublished":"2020-08-05T18:40:08+00:00","description":"Deshazte del carcinoma basocelular, recibe tratamiento de un dermat\u00f3logo experto en el Centro de Diagn\u00f3stico y Tratamiento Medex de Forest Hills, Queens, NY.","breadcrumb":{"@id":"https:\/\/www.medexdtc.com\/es\/carcinoma-de-celulas-basales\/#breadcrumb"},"inLanguage":"es","potentialAction":[{"@type":"ReadAction","target":["https:\/\/www.medexdtc.com\/es\/carcinoma-de-celulas-basales\/"]}]},{"@type":"BreadcrumbList","@id":"https:\/\/www.medexdtc.com\/es\/carcinoma-de-celulas-basales\/#breadcrumb","itemListElement":[{"@type":"ListItem","position":1,"name":"Home","item":"https:\/\/www.medexdtc.com\/es\/"},{"@type":"ListItem","position":2,"name":"Carcinoma de c\u00e9lulas basales"}]},{"@type":"WebSite","@id":"https:\/\/www.medexdtc.com\/es\/#website","url":"https:\/\/www.medexdtc.com\/es\/","name":"Medex DTC","description":"Medex Diagnostic and Treatment Center is a Medical Center in Queens, NY is a dynamic multi-specialty clinic. Physicians delivering high quality individualized care in Forest Hills, Queens, NY.","publisher":{"@id":"https:\/\/www.medexdtc.com\/es\/#organization"},"potentialAction":[{"@type":"SearchAction","target":{"@type":"EntryPoint","urlTemplate":"https:\/\/www.medexdtc.com\/es\/?s={search_term_string}"},"query-input":{"@type":"PropertyValueSpecification","valueRequired":true,"valueName":"search_term_string"}}],"inLanguage":"es"},{"@type":"Organization","@id":"https:\/\/www.medexdtc.com\/es\/#organization","name":"Medex DCT","url":"https:\/\/www.medexdtc.com\/es\/","logo":{"@type":"ImageObject","inLanguage":"es","@id":"https:\/\/www.medexdtc.com\/es\/#\/schema\/logo\/image\/","url":"https:\/\/www.medexdtc.com\/wp-content\/uploads\/2024\/11\/medex-diagnostic-and-treatment-center-in-queens-NY.png","contentUrl":"https:\/\/www.medexdtc.com\/wp-content\/uploads\/2024\/11\/medex-diagnostic-and-treatment-center-in-queens-NY.png","width":226,"height":47,"caption":"Medex DCT"},"image":{"@id":"https:\/\/www.medexdtc.com\/es\/#\/schema\/logo\/image\/"},"sameAs":["https:\/\/www.facebook.com\/medexny","https:\/\/x.com\/DtcMedex","https:\/\/www.instagram.com\/medexdtc\/","https:\/\/www.linkedin.com\/company\/medex-diagnostic-and-treatment-center\/about\/"]}]}},"jetpack_sharing_enabled":true,"_links":{"self":[{"href":"https:\/\/www.medexdtc.com\/es\/wp-json\/wp\/v2\/pages\/4264","targetHints":{"allow":["GET"]}}],"collection":[{"href":"https:\/\/www.medexdtc.com\/es\/wp-json\/wp\/v2\/pages"}],"about":[{"href":"https:\/\/www.medexdtc.com\/es\/wp-json\/wp\/v2\/types\/page"}],"author":[{"embeddable":true,"href":"https:\/\/www.medexdtc.com\/es\/wp-json\/wp\/v2\/users\/3"}],"replies":[{"embeddable":true,"href":"https:\/\/www.medexdtc.com\/es\/wp-json\/wp\/v2\/comments?post=4264"}],"version-history":[{"count":0,"href":"https:\/\/www.medexdtc.com\/es\/wp-json\/wp\/v2\/pages\/4264\/revisions"}],"wp:attachment":[{"href":"https:\/\/www.medexdtc.com\/es\/wp-json\/wp\/v2\/media?parent=4264"}],"curies":[{"name":"wp","href":"https:\/\/api.w.org\/{rel}","templated":true}]}}