{"id":4265,"date":"2020-08-05T23:39:49","date_gmt":"2020-08-05T18:39:49","guid":{"rendered":"https:\/\/www.medexdtc.com\/tratamiento-del-dolor-en-queens\/"},"modified":"2020-08-05T23:39:49","modified_gmt":"2020-08-05T18:39:49","slug":"tratamiento-del-dolor-en-queens","status":"publish","type":"page","link":"https:\/\/www.medexdtc.com\/es\/tratamiento-del-dolor-en-queens\/","title":{"rendered":"Tratamiento del dolor en Queens"},"content":{"rendered":"<section id=\"about-madex-content-area\" class=\"about-madex-content-sec\">\n<div class=\"treatment-boxes about-madex-boxes\"><img fetchpriority=\"high\" decoding=\"async\" class=\"about-madex-images alignnone\" src=\"https:\/\/www.medexdtc.com\/wp-content\/uploads\/2020\/08\/Pain-Management.jpg\" alt=\"Tratamiento del dolor doctos en Queens\" width=\"585\" height=\"615\"><\/p>\n<div>\n<p class=\"treatment-box-para\">Hay dos tipos de dolor: agudo y cr\u00f3nico. El dolor agudo suele proceder de un traumatismo, como una lesi\u00f3n cervical o un hueso roto. El dolor puede ser intenso, pero no contin\u00faa despu\u00e9s de que te hayas curado. El dolor cr\u00f3nico, sin embargo, sigue y sigue, aparentemente sin fin. Independientemente del tipo de dolor que sientas, de su duraci\u00f3n o de su causa, necesitas alivio. Te ofrecemos los tratamientos m\u00e1s eficaces para que te cures adecuadamente. Llama hoy para pedir cita.      <\/p>\n<\/div>\n<\/div>\n<\/section>\n<blockquote><p><strong>Nota<\/strong>:  <em>Los m\u00e9dicos de control del dolor de Medex, en Forest Hills, Queens, Nueva York, aceptan <strong>los principales seguros, como Medicare, Medicaid, HIP, Emblemhealth, GHI, MetroPlus y Fidelis<\/strong>. Nuestros m\u00e9dicos del dolor de primera categor\u00eda ofrecen una gama completa de procedimientos m\u00e9dicos y se encuentran entre los mejores m\u00e9dicos de control del dolor de la regi\u00f3n. <\/em><\/p><\/blockquote>\n<p>La mayor\u00eda de las veces, el dolor que sientes procede de una fuente discernible. Si te tropiezas con un dedo del pie, sientes ese dolor. A veces, sin embargo, tu dolor no tiene una causa discernible. Es entonces cuando necesitas visitar a un especialista en tratamiento del dolor. Tanto si experimentas un dolor agudo que apareci\u00f3 de repente como un dolor cr\u00f3nico que dura desde hace meses, el m\u00e9dico especialista en tratamiento del dolor garantiza un diagn\u00f3stico preciso y un tratamiento adecuado.    <\/p>\n<p>El Centro de Diagn\u00f3stico y Tratamiento Medex de Queens, NY, es una consulta multidisciplinar con especialidades que van desde la <a href=\"https:\/\/www.medexdtc.com\/gynecology\/\">ginecolog\u00eda<\/a> y la <a href=\"https:\/\/www.medexdtc.com\/cardiology\/\">cardiolog\u00eda<\/a> hasta la <a href=\"https:\/\/www.medexdtc.com\/orthopedics\/\">ortopedia<\/a> y la <a href=\"https:\/\/www.medexdtc.com\/urology\/\">urolog\u00eda<\/a>. Las derivaciones son fluidas, por lo que siempre tienes acceso al especialista que necesitas. Tanto si informas del dolor a tu <a href=\"https:\/\/www.medexdtc.com\/primary-care\/\">m\u00e9dico de atenci\u00f3n primaria<\/a> como si visitas directamente al equipo de tratamiento del dolor, en Medex encontrar\u00e1s soluciones.  <\/p>\n<h2>El papel de la prevenci\u00f3n del dolor<\/h2>\n<p>Tras una intervenci\u00f3n quir\u00fargica o mientras te recuperas de una lesi\u00f3n, el dolor intenso inhibe la capacidad de tu cuerpo para curarse eficazmente. El dolor puede provocar complicaciones, como <a href=\"https:\/\/www.medexdtc.com\/depression\/\">depresi\u00f3n<\/a> y <a href=\"https:\/\/www.medexdtc.com\/anxiety\/\">ansiedad<\/a>. El tratamiento del dolor previene las complicaciones mientras tu cuerpo se cura. Sin el dolor, puedes descansar, dejando que tu cuerpo haga su trabajo.   <\/p>\n<p>Para el dolor agudo, tu especialista en tratamiento del dolor prescribe la mejor soluci\u00f3n a corto plazo, porque el peor dolor acabar\u00e1 en una semana o as\u00ed. Los casos de dolor cr\u00f3nico requieren m\u00e1s delicadeza. Un m\u00e9dico experimentado en el tratamiento del dolor comprende las complejidades del dolor y los peligros de los analg\u00e9sicos. Cuando existe riesgo de adicci\u00f3n a los analg\u00e9sicos orales, el m\u00e9dico encuentra otros tratamientos eficaces.   <\/p>\n<h2>Los mejores m\u00e9dicos para el dolor en Forest Hills, Queens, NY<\/h2>\n<p>Alexander Gimpelevich, DO M\u00e9dico del tratamiento del dolor 718.275.8900 Forest Hills, NY<br \/>\nAlexander Rozenberg, MD, FAAPMR M\u00e9dico del tratamiento del dolor 718.275.8900 Forest Hills, NY<br \/>\nNunzio Saulle, MD Doctor en Tratamiento del Dolor 718.275.8900 Forest Hills, NY<\/p>\n<p>Stacy Serebnitsky, MD M\u00e9dico del tratamiento del dolor 718.275.8900 Forest Hills, NY<\/p>\n<p>Experiencia del paciente<\/p>\n<p>\u00abMedex en Forest Hills, N.Y. tiene un servicio excelente. Los doctores y el personal son muy acogedores y se adaptan a tus necesidades y horarios. Recomendar\u00eda encarecidamente a cualquiera que viniera aqu\u00ed\u00bb. &#8211; Jane<\/p>\n<p>111-29 Queens Blvd<br \/>\nForest Hills, NY 11375<br \/>\nTel\u00e9fono: (718) 275-8900<\/p>\n<p>4.0<\/p>\n<p>M\u00e1s de 100 opiniones<\/p>\n<p><a href=\"https:\/\/goo.gl\/maps\/P9drFAKbbXpwVDxG9\">Ver m\u00e1s de 100 opiniones \u00ab<\/a><\/p>\n<h2>Afecciones que pueden requerir tratamiento del dolor<\/h2>\n<p>En el Centro de Diagn\u00f3stico y Tratamiento Medex no se rechaza a nadie que sufra dolor. Siempre hay una soluci\u00f3n para tu dolor con un m\u00e9dico especializado en el tratamiento del dolor que ha tratado una amplia gama de problemas que causan dolor. Algunas de las afecciones dolorosas m\u00e1s frecuentes que requieren la experiencia de un equipo de tratamiento del dolor son:  <\/p>\n<ul>\n<li><a href=\"https:\/\/www.medexdtc.com\/back-pain\/\">Dolor de espalda<\/a><\/li>\n<li>Dolor lumbar<\/li>\n<li><a href=\"https:\/\/www.medexdtc.com\/herniated-discs\/\">Hernias discales<\/a><\/li>\n<li>Estenosis espinal<\/li>\n<li>Ci\u00e1tica<\/li>\n<li>Nervios pinzados<\/li>\n<li>Enfermedad discal degenerativa<\/li>\n<li>Espondilolistesis<\/li>\n<li>Dolor de cuello<\/li>\n<li>Nervio pinzado en el cuello<\/li>\n<li>Dolor de hombro<\/li>\n<li>Roturas del manguito rotador<\/li>\n<li>Pinzamiento de hombro<\/li>\n<li><a href=\"https:\/\/www.medexdtc.com\/knee-pain\/\">Dolor de rodilla<\/a><\/li>\n<li>Rotura de menisco<\/li>\n<li>Artritis en la rodilla<\/li>\n<li><a href=\"https:\/\/www.medexdtc.com\/arthritis-in-the-hands\/\">Artritis en las manos<\/a><\/li>\n<li>Codo de tenista<\/li>\n<li>Dolor de cadera<\/li>\n<li>S\u00edndrome del t\u00fanel carpiano<\/li>\n<li>Dolor de tobillo y pie<\/li>\n<li>Tendinitis de Aquiles<\/li>\n<\/ul>\n<h2>Opciones para aliviar el dolor<\/h2>\n<p>En el Centro de Diagn\u00f3stico y Tratamiento Medex encontrar\u00e1s una amplia gama de opciones para aliviar el dolor. El tipo de tratamiento que necesitas depende de la causa de tu dolor, el nivel de tus molestias, tu estilo de vida y tu historial previo con analg\u00e9sicos. <\/p>\n<p>Es posible que puedas prevenir el dolor mediante cambios en tu estilo de vida y precauciones de seguridad. Lo m\u00e1s frecuente es que el alivio del dolor venga en forma de autocuidados o <a href=\"https:\/\/www.medexdtc.com\/physical-therapy\/\">fisioterapia<\/a>. Si tu dolor no es insoportable, el m\u00e9dico puede recomendarte que pruebes primero los m\u00e9todos menos invasivos que puedan funcionar. Entre ellos se incluyen:   <\/p>\n<ul>\n<li>Descansa<\/li>\n<li>Evitar las actividades que te hacen da\u00f1o<\/li>\n<li>Alternar la aplicaci\u00f3n de hielo y calor<\/li>\n<li>Compresi\u00f3n con medias o vendas<\/li>\n<li>Elevaci\u00f3n para reducir el flujo sangu\u00edneo a la zona palpitante<\/li>\n<li>Analg\u00e9sicos sin receta<\/li>\n<\/ul>\n<p>Tu fisioterapeuta de Medex puede ofrecerte un tratamiento adicional del dolor a trav\u00e9s de:<\/p>\n<ul>\n<li>Estiramientos y ejercicios espec\u00edficos<\/li>\n<li>Estimulaci\u00f3n nerviosa el\u00e9ctrica transcut\u00e1nea o TENS<\/li>\n<li>Masaje<\/li>\n<li>Ba\u00f1os de hidromasaje<\/li>\n<li>Ecograf\u00eda<\/li>\n<\/ul>\n<h2>Cuando necesitas m\u00e1s alivio del dolor<\/h2>\n<p>Si el tratamiento en casa y la fisioterapia no te proporcionan suficiente alivio, tu m\u00e9dico especialista en tratamiento del dolor dispone de una gran cantidad de t\u00e9cnicas y equipos de \u00faltima generaci\u00f3n para reducir tus niveles de dolor. Todos los procedimientos son completamente seguros y de eficacia probada cuando conf\u00edas en los elevados est\u00e1ndares y protocolos de seguridad empleados en Medex. <\/p>\n<p>Los opi\u00e1ceos, durante un tiempo limitado, pueden ser necesarios para superar el peor dolor tras un procedimiento. La lista de posibles tratamientos m\u00e1s adecuados para tratar el dolor cr\u00f3nico incluye: <\/p>\n<ul>\n<li>Inyecciones epidurales cervicales de esteroides<\/li>\n<li>Inyecciones epidurales lumbares de esteroides<\/li>\n<li>Inyecciones epidurales tor\u00e1cicas de esteroides<\/li>\n<li><a href=\"https:\/\/www.medexdtc.com\/radiofrequency-ablation\/\">Ablaci\u00f3n por radiofrecuencia<\/a><\/li>\n<li>Inyecciones en puntos gatillo<\/li>\n<li>Inyecciones en la cadera<\/li>\n<li>Inyecciones en la rodilla<\/li>\n<li>Inyecciones en el tobillo<\/li>\n<li>Inyecciones en el hombro<\/li>\n<li>Inyecciones en el codo<\/li>\n<li>Inyecciones en la mu\u00f1eca<\/li>\n<li>Inyecciones en el pie<\/li>\n<li>Bloqueos del nervio occipital<\/li>\n<li>Estimulador medular<\/li>\n<li>Bloqueos simp\u00e1ticos<\/li>\n<li>Inyecciones de bloqueo nervioso<\/li>\n<li>Terapia de infusi\u00f3n<\/li>\n<\/ul>\n<p>No hay ninguna necesidad de que sufras cuando el alivio del dolor de un m\u00e9dico experimentado y compasivo est\u00e1 tan cerca de ti en la zona de Nueva York. Mejora tu calidad de vida y aumenta tu longevidad con t\u00e9cnicas probadas para aliviar el dolor. <a href=\"https:\/\/www.medexdtc.com\/es\/tratamiento-del-dolor-en-queens\/#contact-form\">Ponte en contacto hoy mismo con el Centro de Diagn\u00f3stico y Tratamiento Medex<\/a> de Queens para concertar una cita. <\/p>\n<p>Podemos ayudarte a encontrar m\u00e9dico. Llama al <a href=\"tel:+17182758900\">(718) 275-8900<\/a> <\/p>\n<p>Con licencia del estado de Nueva York, Medex es un centro de diagn\u00f3stico y tratamiento del art\u00edculo 28. Nuestros m\u00e9dicos proporcionan atenci\u00f3n integral a pacientes de todas las edades en la zona de Forest Hills, Queens, desde hace m\u00e1s de 15 a\u00f1os. Empieza a recibir atenci\u00f3n experta ahora llamando o concertando una cita en l\u00ednea con uno de los especialistas cualificados.<\/p>\n","protected":false},"excerpt":{"rendered":"<p>Hay dos tipos de dolor: agudo y cr\u00f3nico. El dolor agudo suele proceder de un traumatismo, como una lesi\u00f3n cervical o un hueso roto. El dolor puede ser intenso, pero no contin\u00faa despu\u00e9s de que te hayas curado. El dolor cr\u00f3nico, sin embargo, sigue y sigue, aparentemente sin fin. Independientemente del tipo de dolor que &hellip; <\/p>\n<p class=\"link-more\"><a href=\"https:\/\/www.medexdtc.com\/es\/tratamiento-del-dolor-en-queens\/\" class=\"more-link\">Continue reading<span class=\"screen-reader-text\"> \u00abTratamiento del dolor en Queens\u00bb<\/span><\/a><\/p>\n","protected":false},"author":3,"featured_media":0,"parent":0,"menu_order":0,"comment_status":"closed","ping_status":"closed","template":"new_inner.php","meta":{"_acf_changed":false,"footnotes":""},"class_list":["post-4265","page","type-page","status-publish","hentry"],"acf":[],"yoast_head":"<!-- This site is optimized with the Yoast SEO plugin v27.5 - https:\/\/yoast.com\/product\/yoast-seo-wordpress\/ -->\n<title>Queens Pain Management | Los mejores m\u00e9dicos del dolor en Forest Hills, Queens, NY<\/title>\n<meta name=\"description\" content=\"Los mejores m\u00e9dicos para el tratamiento del dolor en Forest Hills, Queens, NY. Los especialistas en tratamiento de la espalda y los m\u00e9dicos especialistas en alivio del dolor aceptan los principales seguros.\" \/>\n<meta name=\"robots\" content=\"index, follow, max-snippet:-1, max-image-preview:large, max-video-preview:-1\" \/>\n<link rel=\"canonical\" href=\"https:\/\/www.medexdtc.com\/es\/tratamiento-del-dolor-en-queens\/\" \/>\n<meta property=\"og:locale\" content=\"es_ES\" \/>\n<meta property=\"og:type\" content=\"article\" \/>\n<meta property=\"og:title\" content=\"Queens Pain Management | Los mejores m\u00e9dicos del dolor en Forest Hills, Queens, NY\" \/>\n<meta property=\"og:description\" content=\"Los mejores m\u00e9dicos para el tratamiento del dolor en Forest Hills, Queens, NY. Los especialistas en tratamiento de la espalda y los m\u00e9dicos especialistas en alivio del dolor aceptan los principales seguros.\" \/>\n<meta property=\"og:url\" content=\"https:\/\/www.medexdtc.com\/es\/tratamiento-del-dolor-en-queens\/\" \/>\n<meta property=\"og:site_name\" content=\"Medex Diagnostic and Treatment Center - Queens Medical Center - Medical Clinic in Forest Hills, NY\" \/>\n<meta property=\"article:publisher\" content=\"https:\/\/www.facebook.com\/medexny\" \/>\n<meta property=\"og:image\" content=\"https:\/\/www.medexdtc.com\/wp-content\/uploads\/2020\/08\/Pain-Management.jpg\" \/>\n<meta name=\"twitter:card\" content=\"summary_large_image\" \/>\n<meta name=\"twitter:site\" content=\"@DtcMedex\" \/>\n<meta name=\"twitter:label1\" content=\"Tiempo de lectura\" \/>\n\t<meta name=\"twitter:data1\" content=\"6 minutos\" \/>\n<!-- \/ Yoast SEO plugin. -->","yoast_head_json":{"title":"Queens Pain Management | Los mejores m\u00e9dicos del dolor en Forest Hills, Queens, NY","description":"Los mejores m\u00e9dicos para el tratamiento del dolor en Forest Hills, Queens, NY. Los especialistas en tratamiento de la espalda y los m\u00e9dicos especialistas en alivio del dolor aceptan los principales seguros.","robots":{"index":"index","follow":"follow","max-snippet":"max-snippet:-1","max-image-preview":"max-image-preview:large","max-video-preview":"max-video-preview:-1"},"canonical":"https:\/\/www.medexdtc.com\/es\/tratamiento-del-dolor-en-queens\/","og_locale":"es_ES","og_type":"article","og_title":"Queens Pain Management | Los mejores m\u00e9dicos del dolor en Forest Hills, Queens, NY","og_description":"Los mejores m\u00e9dicos para el tratamiento del dolor en Forest Hills, Queens, NY. Los especialistas en tratamiento de la espalda y los m\u00e9dicos especialistas en alivio del dolor aceptan los principales seguros.","og_url":"https:\/\/www.medexdtc.com\/es\/tratamiento-del-dolor-en-queens\/","og_site_name":"Medex Diagnostic and Treatment Center - Queens Medical Center - Medical Clinic in Forest Hills, NY","article_publisher":"https:\/\/www.facebook.com\/medexny","og_image":[{"url":"https:\/\/www.medexdtc.com\/wp-content\/uploads\/2020\/08\/Pain-Management.jpg","type":"","width":"","height":""}],"twitter_card":"summary_large_image","twitter_site":"@DtcMedex","twitter_misc":{"Tiempo de lectura":"6 minutos"},"schema":{"@context":"https:\/\/schema.org","@graph":[{"@type":"WebPage","@id":"https:\/\/www.medexdtc.com\/es\/tratamiento-del-dolor-en-queens\/","url":"https:\/\/www.medexdtc.com\/es\/tratamiento-del-dolor-en-queens\/","name":"Queens Pain Management | Los mejores m\u00e9dicos del dolor en Forest Hills, Queens, NY","isPartOf":{"@id":"https:\/\/www.medexdtc.com\/es\/#website"},"primaryImageOfPage":{"@id":"https:\/\/www.medexdtc.com\/es\/tratamiento-del-dolor-en-queens\/#primaryimage"},"image":{"@id":"https:\/\/www.medexdtc.com\/es\/tratamiento-del-dolor-en-queens\/#primaryimage"},"thumbnailUrl":"https:\/\/www.medexdtc.com\/wp-content\/uploads\/2020\/08\/Pain-Management.jpg","datePublished":"2020-08-05T18:39:49+00:00","description":"Los mejores m\u00e9dicos para el tratamiento del dolor en Forest Hills, Queens, NY. Los especialistas en tratamiento de la espalda y los m\u00e9dicos especialistas en alivio del dolor aceptan los principales seguros.","breadcrumb":{"@id":"https:\/\/www.medexdtc.com\/es\/tratamiento-del-dolor-en-queens\/#breadcrumb"},"inLanguage":"es","potentialAction":[{"@type":"ReadAction","target":["https:\/\/www.medexdtc.com\/es\/tratamiento-del-dolor-en-queens\/"]}]},{"@type":"ImageObject","inLanguage":"es","@id":"https:\/\/www.medexdtc.com\/es\/tratamiento-del-dolor-en-queens\/#primaryimage","url":"https:\/\/www.medexdtc.com\/wp-content\/uploads\/2020\/08\/Pain-Management.jpg","contentUrl":"https:\/\/www.medexdtc.com\/wp-content\/uploads\/2020\/08\/Pain-Management.jpg"},{"@type":"BreadcrumbList","@id":"https:\/\/www.medexdtc.com\/es\/tratamiento-del-dolor-en-queens\/#breadcrumb","itemListElement":[{"@type":"ListItem","position":1,"name":"Home","item":"https:\/\/www.medexdtc.com\/es\/"},{"@type":"ListItem","position":2,"name":"Tratamiento del dolor en Queens"}]},{"@type":"WebSite","@id":"https:\/\/www.medexdtc.com\/es\/#website","url":"https:\/\/www.medexdtc.com\/es\/","name":"Medex DTC","description":"Medex Diagnostic and Treatment Center is a Medical Center in Queens, NY is a dynamic multi-specialty clinic. Physicians delivering high quality individualized care in Forest Hills, Queens, NY.","publisher":{"@id":"https:\/\/www.medexdtc.com\/es\/#organization"},"potentialAction":[{"@type":"SearchAction","target":{"@type":"EntryPoint","urlTemplate":"https:\/\/www.medexdtc.com\/es\/?s={search_term_string}"},"query-input":{"@type":"PropertyValueSpecification","valueRequired":true,"valueName":"search_term_string"}}],"inLanguage":"es"},{"@type":"Organization","@id":"https:\/\/www.medexdtc.com\/es\/#organization","name":"Medex DCT","url":"https:\/\/www.medexdtc.com\/es\/","logo":{"@type":"ImageObject","inLanguage":"es","@id":"https:\/\/www.medexdtc.com\/es\/#\/schema\/logo\/image\/","url":"https:\/\/www.medexdtc.com\/wp-content\/uploads\/2024\/11\/medex-diagnostic-and-treatment-center-in-queens-NY.png","contentUrl":"https:\/\/www.medexdtc.com\/wp-content\/uploads\/2024\/11\/medex-diagnostic-and-treatment-center-in-queens-NY.png","width":226,"height":47,"caption":"Medex DCT"},"image":{"@id":"https:\/\/www.medexdtc.com\/es\/#\/schema\/logo\/image\/"},"sameAs":["https:\/\/www.facebook.com\/medexny","https:\/\/x.com\/DtcMedex","https:\/\/www.instagram.com\/medexdtc\/","https:\/\/www.linkedin.com\/company\/medex-diagnostic-and-treatment-center\/about\/"]}]}},"jetpack_sharing_enabled":true,"_links":{"self":[{"href":"https:\/\/www.medexdtc.com\/es\/wp-json\/wp\/v2\/pages\/4265","targetHints":{"allow":["GET"]}}],"collection":[{"href":"https:\/\/www.medexdtc.com\/es\/wp-json\/wp\/v2\/pages"}],"about":[{"href":"https:\/\/www.medexdtc.com\/es\/wp-json\/wp\/v2\/types\/page"}],"author":[{"embeddable":true,"href":"https:\/\/www.medexdtc.com\/es\/wp-json\/wp\/v2\/users\/3"}],"replies":[{"embeddable":true,"href":"https:\/\/www.medexdtc.com\/es\/wp-json\/wp\/v2\/comments?post=4265"}],"version-history":[{"count":0,"href":"https:\/\/www.medexdtc.com\/es\/wp-json\/wp\/v2\/pages\/4265\/revisions"}],"wp:attachment":[{"href":"https:\/\/www.medexdtc.com\/es\/wp-json\/wp\/v2\/media?parent=4265"}],"curies":[{"name":"wp","href":"https:\/\/api.w.org\/{rel}","templated":true}]}}