{"id":4272,"date":"2020-08-05T23:40:17","date_gmt":"2020-08-05T18:40:17","guid":{"rendered":"https:\/\/www.medexdtc.com\/rehabilitacion-cardiaca-en-queens\/"},"modified":"2020-08-05T23:40:17","modified_gmt":"2020-08-05T18:40:17","slug":"rehabilitacion-cardiaca-en-queens","status":"publish","type":"page","link":"https:\/\/www.medexdtc.com\/es\/rehabilitacion-cardiaca-en-queens\/","title":{"rendered":"Rehabilitaci\u00f3n cardiaca en Queens"},"content":{"rendered":"<section id=\"treatment-page-content-area-1\" class=\"treatment-page-content-area-one\">La prevenci\u00f3n es siempre la primera y mejor l\u00ednea de defensa contra las enfermedades cardiacas. Pero una vez que has desarrollado problemas con tu sistema cardiovascular, un buen programa de rehabilitaci\u00f3n cardiaca te proporciona las herramientas y t\u00e9cnicas que necesitas para prevenir complicaciones m\u00e1s graves. La rehabilitaci\u00f3n cardiaca puede incluso devolver a tu coraz\u00f3n a su estado saludable anterior cuando se ejecuta y sigue adecuadamente. En el Centro de Diagn\u00f3stico y Tratamiento Medex de Queens (Nueva York), un equipo de experimentados especialistas en cardiolog\u00eda se asegura de que recibas un programa de rehabilitaci\u00f3n adecuado a tus necesidades. Ll\u00e1males hoy mismo para una evaluaci\u00f3n.    <\/p>\n<p>Si te han diagnosticado <a href=\"https:\/\/www.medexdtc.com\/es\/heart-disease\/\">una enfermedad cardiaca<\/a>, es probable que tu especialista en cardiolog\u00eda de Queens, NY, te recomiende la rehabilitaci\u00f3n cardiaca como parte de tu programa de recuperaci\u00f3n. La rehabilitaci\u00f3n cardiaca es un programa individualizado que fortalece tu coraz\u00f3n. Al mismo tiempo, el programa te ense\u00f1a cambios en tu estilo de vida que mejoran significativamente tus posibilidades de evitar futuros problemas cardiacos.  <\/p>\n<p>Todo lo que necesitas para restablecer la salud de tu coraz\u00f3n y mantenerte sano est\u00e1 disponible en el Centro de Diagn\u00f3stico y Tratamiento Medex. Bajo un mismo techo, encontrar\u00e1s una amplia gama de especialistas con la experiencia que necesitas para tu diagn\u00f3stico, tratamiento y rehabilitaci\u00f3n. Tu equipo puede estar formado por especialistas m\u00e9dicos que cooperan para fortalecer tu coraz\u00f3n. Tu equipo espec\u00edfico puede incluir   <\/p>\n<ul>\n<li>Tu <a href=\"https:\/\/www.medexdtc.com\/es\/primary-care\/\">m\u00e9dico de cabecera<\/a><\/li>\n<li>Un <a href=\"https:\/\/www.medexdtc.com\/specialties\/physical-therapy\/\">fisioterapeuta<\/a><\/li>\n<li>Un <a href=\"https:\/\/www.medexdtc.com\/cardiology\/\">cardi\u00f3logo<\/a><\/li>\n<li>Un nutricionista<\/li>\n<li>Enfermeros y educadores<\/li>\n<li>Incluso un <a href=\"https:\/\/www.medexdtc.com\/es\/veins\/\">especialista en venas<\/a><\/li>\n<\/ul>\n<h2>Qu\u00e9 esperar de la rehabilitaci\u00f3n cardiaca<\/h2>\n<p>La rehabilitaci\u00f3n cardiaca es un programa supervisado m\u00e9dicamente que incluye educaci\u00f3n, actividad f\u00edsica y apoyo. Trabajas con un grupo de especialistas para desarrollar un programa de recuperaci\u00f3n adecuado para ti. Los programas de rehabilitaci\u00f3n cardiaca incluyen:  <\/p>\n<p><strong>&#8211; Ejerc\u00edtate.<\/strong>  Tu equipo de tratamiento trabaja contigo para mejorar tu forma f\u00edsica mediante la actividad f\u00edsica. Te guiar\u00e1n hacia actividades de bajo impacto, como montar en bicicleta, caminar o remar. Tambi\u00e9n puedes trabajar el entrenamiento de fuerza utilizando bandas de resistencia o pesas de mano. Los miembros de tu equipo m\u00e9dico se aseguran de que tus actividades sean seguras para ti. Controlan tus progresos y a\u00f1aden un entrenamiento m\u00e1s intenso cuando te sientes preparado.    <\/p>\n<p><strong>&#8211; Educaci\u00f3n sobre una vida cardiosaludable.<\/strong>  Recibes instrucciones sobre c\u00f3mo hacer cambios en tu estilo de vida, como crear una dieta cardiosaludable, aumentar tu actividad f\u00edsica, reducir el estr\u00e9s y dejar de fumar. Si tienes otras afecciones, como <a href=\"https:\/\/www.medexdtc.com\/es\/diabetes\/\">diabetes<\/a> o colesterol alto, tu equipo m\u00e9dico te ofrece orientaci\u00f3n. Las derivaciones a otros especialistas de Medex te mantienen dentro de la misma consulta y en el mismo lugar de Queens.  <\/p>\n<p><strong>&#8211; Ayuda.<\/strong>  El objetivo de tu equipo de tratamiento es proporcionarte la ayuda que necesites. Tu apoyo puede incluir asesoramiento y medicaci\u00f3n de un <a href=\"https:\/\/www.medexdtc.com\/es\/psychiatry\/\">psiquiatra<\/a> para la <a href=\"https:\/\/www.medexdtc.com\/es\/depression\/\">depresi\u00f3n<\/a> si tienes dificultades para afrontar tu enfermedad. Pueden dirigirte a un grupo de apoyo que comparta tus preocupaciones. Te ense\u00f1an formas de afrontar el estr\u00e9s, como meditaci\u00f3n y t\u00e9cnicas de relajaci\u00f3n. Las visitas peri\u00f3dicas de seguimiento te hacen responsable de mantener tu nuevo estilo de vida incluso despu\u00e9s de finalizar el programa de rehabilitaci\u00f3n.    <\/p>\n<p>Durante la rehabilitaci\u00f3n cardiaca, tu m\u00e9dico controla de cerca tu frecuencia cardiaca y tu tensi\u00f3n arterial. Otros miembros del equipo observan tus t\u00e9cnicas de ejercicio para reducir el riesgo de da\u00f1os y evitar lesiones cuando haces ejercicio. Tu estado y tus progresos dictan la duraci\u00f3n de la rehabilitaci\u00f3n cardiaca. La mayor\u00eda de los programas requieren de tres a cinco d\u00edas a la semana a lo largo de aproximadamente tres meses.   <\/p>\n<h2>C\u00f3mo puede beneficiarte la rehabilitaci\u00f3n cardiaca<\/h2>\n<p>La rehabilitaci\u00f3n cardiaca mejora mucho tu calidad de vida y tu longevidad. No s\u00f3lo pretende reducir los s\u00edntomas de problemas card\u00edacos como el dolor tor\u00e1cico, sino tambi\u00e9n disminuir tu necesidad de medicaci\u00f3n. Si sigues el programa de rehabilitaci\u00f3n, puedes esperar sentirte razonablemente m\u00e1s fuerte y con m\u00e1s energ\u00eda. Puede que incluso pierdas peso.   <\/p>\n<p>Despu\u00e9s de tu programa de rehabilitaci\u00f3n cardiaca, notar\u00e1s que las actividades y tareas cotidianas -como subir escaleras y limpiar la casa- te resultan m\u00e1s f\u00e1ciles. Tambi\u00e9n conocer\u00e1s mejor las opciones alimentarias saludables y la cantidad de ejercicio que necesita tu cuerpo para mantenerse sano. Evita futuros problemas cardiacos; rehabilitaci\u00f3n cardiaca:  <\/p>\n<ul>\n<li>Te proporciona las herramientas para afrontar tu enfermedad<\/li>\n<li>Aumenta tu forma f\u00edsica<\/li>\n<li>Te ense\u00f1a a tomar decisiones cardiosaludables<\/li>\n<\/ul>\n<h2>\u00bfLa rehabilitaci\u00f3n cardiaca es adecuada para ti?<\/h2>\n<p>Antes de recomendar la rehabilitaci\u00f3n cardiaca, tu m\u00e9dico revisa tu historial m\u00e9dico y eval\u00faa tu estado de salud actual para asegurarse de que est\u00e1s preparado para un programa de rehabilitaci\u00f3n cardiaca. Si tu riesgo de complicaciones es demasiado alto, puede que te convengan m\u00e1s otras formas de tratamiento y terapia para tu cardiopat\u00eda. <\/p>\n<p>S\u00f3lo tu m\u00e9dico puede decidir si eres un candidato adecuado para la rehabilitaci\u00f3n cardiaca. Los expertos en cardiolog\u00eda de Diagn\u00f3stico y Tratamiento Medex trabajan siempre para garantizar tu salud cardiaca \u00f3ptima. Si actualmente tienes problemas de coraz\u00f3n y buscas un especialista, Medex te ofrece los cuidados modernos y la tecnolog\u00eda m\u00e1s avanzada para mantenerte sano.  <\/p>\n<p>Medex es una consulta multiespecialidad especializada en ofrecer una atenci\u00f3n compasiva y coordinada. Ponte en <a href=\"https:\/\/www.medexdtc.com\/es\/rehabilitacion-cardiaca-en-queens\/#contact-form\">contacto con el equipo de Medex<\/a> para una consulta inicial. Comprueba c\u00f3mo los mejores cardi\u00f3logos de Queens diagnostican tu dolencia con precisi\u00f3n, te tratan con \u00e9xito y te mantienen sano m\u00e1s all\u00e1 de tu recuperaci\u00f3n. <\/p>\n<p>Podemos ayudarte a encontrar m\u00e9dico. Llama al <a href=\"tel:+17182758900\">(718) 275-8900<\/a> <\/p>\n<p>Con licencia del estado de Nueva York, Medex es un centro de diagn\u00f3stico y tratamiento del art\u00edculo 28. Nuestros m\u00e9dicos proporcionan atenci\u00f3n integral a pacientes de todas las edades en la zona de Forest Hills, Queens, desde hace m\u00e1s de 15 a\u00f1os. Empieza a recibir atenci\u00f3n experta ahora llamando o concertando una cita en l\u00ednea con uno de los especialistas cualificados.  <\/p>\n<\/section>\n","protected":false},"excerpt":{"rendered":"<p>La prevenci\u00f3n es siempre la primera y mejor l\u00ednea de defensa contra las enfermedades cardiacas. Pero una vez que has desarrollado problemas con tu sistema cardiovascular, un buen programa de rehabilitaci\u00f3n cardiaca te proporciona las herramientas y t\u00e9cnicas que necesitas para prevenir complicaciones m\u00e1s graves. La rehabilitaci\u00f3n cardiaca puede incluso devolver a tu coraz\u00f3n a &hellip; <\/p>\n<p class=\"link-more\"><a href=\"https:\/\/www.medexdtc.com\/es\/rehabilitacion-cardiaca-en-queens\/\" class=\"more-link\">Continue reading<span class=\"screen-reader-text\"> \u00abRehabilitaci\u00f3n cardiaca en Queens\u00bb<\/span><\/a><\/p>\n","protected":false},"author":3,"featured_media":0,"parent":0,"menu_order":0,"comment_status":"closed","ping_status":"closed","template":"new_inner.php","meta":{"_acf_changed":false,"footnotes":""},"class_list":["post-4272","page","type-page","status-publish","hentry"],"acf":[],"yoast_head":"<!-- This site is optimized with the Yoast SEO plugin v27.4 - https:\/\/yoast.com\/product\/yoast-seo-wordpress\/ -->\n<title>Rehabilitaci\u00f3n Cardiaca en Forest Hills, Queens, NY | Medex - Centro M\u00e9dico de Especialidades M\u00faltiples<\/title>\n<meta name=\"description\" content=\"En el Centro de Diagn\u00f3stico y Tratamiento Medex de Forest Hills, Queens, NY, un equipo de experimentados especialistas en cardiolog\u00eda se asegura de que recibas un programa de rehabilitaci\u00f3n cardiaca idealmente adaptado a tus necesidades.\" \/>\n<meta name=\"robots\" content=\"index, follow, max-snippet:-1, max-image-preview:large, max-video-preview:-1\" \/>\n<link rel=\"canonical\" href=\"https:\/\/www.medexdtc.com\/es\/rehabilitacion-cardiaca-en-queens\/\" \/>\n<meta property=\"og:locale\" content=\"es_ES\" \/>\n<meta property=\"og:type\" content=\"article\" \/>\n<meta property=\"og:title\" content=\"Rehabilitaci\u00f3n Cardiaca en Forest Hills, Queens, NY | Medex - Centro M\u00e9dico de Especialidades M\u00faltiples\" \/>\n<meta property=\"og:description\" content=\"En el Centro de Diagn\u00f3stico y Tratamiento Medex de Forest Hills, Queens, NY, un equipo de experimentados especialistas en cardiolog\u00eda se asegura de que recibas un programa de rehabilitaci\u00f3n cardiaca idealmente adaptado a tus necesidades.\" \/>\n<meta property=\"og:url\" content=\"https:\/\/www.medexdtc.com\/es\/rehabilitacion-cardiaca-en-queens\/\" \/>\n<meta property=\"og:site_name\" content=\"Medex Diagnostic and Treatment Center - Queens Medical Center - Medical Clinic in Forest Hills, NY\" \/>\n<meta property=\"article:publisher\" content=\"https:\/\/www.facebook.com\/medexny\" \/>\n<meta name=\"twitter:card\" content=\"summary_large_image\" \/>\n<meta name=\"twitter:site\" content=\"@DtcMedex\" \/>\n<meta name=\"twitter:label1\" content=\"Tiempo de lectura\" \/>\n\t<meta name=\"twitter:data1\" content=\"5 minutos\" \/>\n<!-- \/ Yoast SEO plugin. -->","yoast_head_json":{"title":"Rehabilitaci\u00f3n Cardiaca en Forest Hills, Queens, NY | Medex - Centro M\u00e9dico de Especialidades M\u00faltiples","description":"En el Centro de Diagn\u00f3stico y Tratamiento Medex de Forest Hills, Queens, NY, un equipo de experimentados especialistas en cardiolog\u00eda se asegura de que recibas un programa de rehabilitaci\u00f3n cardiaca idealmente adaptado a tus necesidades.","robots":{"index":"index","follow":"follow","max-snippet":"max-snippet:-1","max-image-preview":"max-image-preview:large","max-video-preview":"max-video-preview:-1"},"canonical":"https:\/\/www.medexdtc.com\/es\/rehabilitacion-cardiaca-en-queens\/","og_locale":"es_ES","og_type":"article","og_title":"Rehabilitaci\u00f3n Cardiaca en Forest Hills, Queens, NY | Medex - Centro M\u00e9dico de Especialidades M\u00faltiples","og_description":"En el Centro de Diagn\u00f3stico y Tratamiento Medex de Forest Hills, Queens, NY, un equipo de experimentados especialistas en cardiolog\u00eda se asegura de que recibas un programa de rehabilitaci\u00f3n cardiaca idealmente adaptado a tus necesidades.","og_url":"https:\/\/www.medexdtc.com\/es\/rehabilitacion-cardiaca-en-queens\/","og_site_name":"Medex Diagnostic and Treatment Center - Queens Medical Center - Medical Clinic in Forest Hills, NY","article_publisher":"https:\/\/www.facebook.com\/medexny","twitter_card":"summary_large_image","twitter_site":"@DtcMedex","twitter_misc":{"Tiempo de lectura":"5 minutos"},"schema":{"@context":"https:\/\/schema.org","@graph":[{"@type":"WebPage","@id":"https:\/\/www.medexdtc.com\/es\/rehabilitacion-cardiaca-en-queens\/","url":"https:\/\/www.medexdtc.com\/es\/rehabilitacion-cardiaca-en-queens\/","name":"Rehabilitaci\u00f3n Cardiaca en Forest Hills, Queens, NY | Medex - Centro M\u00e9dico de Especialidades M\u00faltiples","isPartOf":{"@id":"https:\/\/www.medexdtc.com\/es\/#website"},"datePublished":"2020-08-05T18:40:17+00:00","description":"En el Centro de Diagn\u00f3stico y Tratamiento Medex de Forest Hills, Queens, NY, un equipo de experimentados especialistas en cardiolog\u00eda se asegura de que recibas un programa de rehabilitaci\u00f3n cardiaca idealmente adaptado a tus necesidades.","breadcrumb":{"@id":"https:\/\/www.medexdtc.com\/es\/rehabilitacion-cardiaca-en-queens\/#breadcrumb"},"inLanguage":"es","potentialAction":[{"@type":"ReadAction","target":["https:\/\/www.medexdtc.com\/es\/rehabilitacion-cardiaca-en-queens\/"]}]},{"@type":"BreadcrumbList","@id":"https:\/\/www.medexdtc.com\/es\/rehabilitacion-cardiaca-en-queens\/#breadcrumb","itemListElement":[{"@type":"ListItem","position":1,"name":"Home","item":"https:\/\/www.medexdtc.com\/es\/"},{"@type":"ListItem","position":2,"name":"Rehabilitaci\u00f3n cardiaca en Queens"}]},{"@type":"WebSite","@id":"https:\/\/www.medexdtc.com\/es\/#website","url":"https:\/\/www.medexdtc.com\/es\/","name":"Medex DTC","description":"Medex Diagnostic and Treatment Center is a Medical Center in Queens, NY is a dynamic multi-specialty clinic. Physicians delivering high quality individualized care in Forest Hills, Queens, NY.","publisher":{"@id":"https:\/\/www.medexdtc.com\/es\/#organization"},"potentialAction":[{"@type":"SearchAction","target":{"@type":"EntryPoint","urlTemplate":"https:\/\/www.medexdtc.com\/es\/?s={search_term_string}"},"query-input":{"@type":"PropertyValueSpecification","valueRequired":true,"valueName":"search_term_string"}}],"inLanguage":"es"},{"@type":"Organization","@id":"https:\/\/www.medexdtc.com\/es\/#organization","name":"Medex DCT","url":"https:\/\/www.medexdtc.com\/es\/","logo":{"@type":"ImageObject","inLanguage":"es","@id":"https:\/\/www.medexdtc.com\/es\/#\/schema\/logo\/image\/","url":"https:\/\/www.medexdtc.com\/wp-content\/uploads\/2024\/11\/medex-diagnostic-and-treatment-center-in-queens-NY.png","contentUrl":"https:\/\/www.medexdtc.com\/wp-content\/uploads\/2024\/11\/medex-diagnostic-and-treatment-center-in-queens-NY.png","width":226,"height":47,"caption":"Medex DCT"},"image":{"@id":"https:\/\/www.medexdtc.com\/es\/#\/schema\/logo\/image\/"},"sameAs":["https:\/\/www.facebook.com\/medexny","https:\/\/x.com\/DtcMedex","https:\/\/www.instagram.com\/medexdtc\/","https:\/\/www.linkedin.com\/company\/medex-diagnostic-and-treatment-center\/about\/"]}]}},"jetpack_sharing_enabled":true,"_links":{"self":[{"href":"https:\/\/www.medexdtc.com\/es\/wp-json\/wp\/v2\/pages\/4272","targetHints":{"allow":["GET"]}}],"collection":[{"href":"https:\/\/www.medexdtc.com\/es\/wp-json\/wp\/v2\/pages"}],"about":[{"href":"https:\/\/www.medexdtc.com\/es\/wp-json\/wp\/v2\/types\/page"}],"author":[{"embeddable":true,"href":"https:\/\/www.medexdtc.com\/es\/wp-json\/wp\/v2\/users\/3"}],"replies":[{"embeddable":true,"href":"https:\/\/www.medexdtc.com\/es\/wp-json\/wp\/v2\/comments?post=4272"}],"version-history":[{"count":0,"href":"https:\/\/www.medexdtc.com\/es\/wp-json\/wp\/v2\/pages\/4272\/revisions"}],"wp:attachment":[{"href":"https:\/\/www.medexdtc.com\/es\/wp-json\/wp\/v2\/media?parent=4272"}],"curies":[{"name":"wp","href":"https:\/\/api.w.org\/{rel}","templated":true}]}}