{"id":4273,"date":"2020-10-12T12:52:11","date_gmt":"2020-10-12T07:52:11","guid":{"rendered":"https:\/\/www.medexdtc.com\/seguros\/"},"modified":"2025-03-03T04:41:07","modified_gmt":"2025-03-02T23:41:07","slug":"seguros","status":"publish","type":"page","link":"https:\/\/www.medexdtc.com\/es\/seguros\/","title":{"rendered":"Seguros"},"content":{"rendered":"<p><strong>ACEPTAMOS MEDICAID, MEDICARE, HMO&#8217;S Y LA MAYOR\u00cdA DE OTROS SEGUROS<\/strong><\/p><h3 class=\"wp-block-heading\">\u00bfCU\u00c1LES SON LOS BENEFICIOS?<\/h3><hr class=\"wp-block-separator has-alpha-channel-opacity\"\/><p><strong>Asistencia m\u00e9dica<\/strong>: Pagada por tu empresa, para ayudarte a recuperarte de una lesi\u00f3n o enfermedad causada por el trabajo.<\/p><p><strong>Prestaciones por incapacidad temporal<\/strong>: Pagos si pierdes salario porque tu lesi\u00f3n te impide hacer tu trabajo habitual mientras te recuperas.<\/p><p><strong>Prestaciones por incapacidad<\/strong> permanente: Pagos si no te recuperas completamente.<\/p><p><strong>Ventajas cuando necesitas cambiar de trabajo<\/strong>:<\/p><ul class=\"wp-block-list\"><li>Prestaci\u00f3n Complementaria por Desplazamiento Laboral. Prestaci\u00f3n que te ayuda a pagar el reciclaje o la mejora de tus capacidades si no te recuperas completamente y no vuelves a trabajar para tu empresa. <\/li>\n\n<li>Rehabilitaci\u00f3n Profesional. Asesoramiento sobre colocaci\u00f3n laboral y, posiblemente, reciclaje, si no puedes volver a tu antiguo trabajo y tu empresa no te ofrece otro. <\/li><\/ul><hr class=\"wp-block-separator has-alpha-channel-opacity\"\/><p><strong>Aceptamos los siguientes planes m\u00e9dicos:<\/strong><\/p>","protected":false},"excerpt":{"rendered":"<p>ACEPTAMOS MEDICAID, MEDICARE, HMO&#8217;S Y LA MAYOR\u00cdA DE OTROS SEGUROS \u00bfCU\u00c1LES SON LOS BENEFICIOS? Asistencia m\u00e9dica: Pagada por tu empresa, para ayudarte a recuperarte de una lesi\u00f3n o enfermedad causada por el trabajo. Prestaciones por incapacidad temporal: Pagos si pierdes salario porque tu lesi\u00f3n te impide hacer tu trabajo habitual mientras te recuperas. Prestaciones por &hellip; <\/p>\n<p class=\"link-more\"><a href=\"https:\/\/www.medexdtc.com\/es\/seguros\/\" class=\"more-link\">Continue reading<span class=\"screen-reader-text\"> \u00abSeguros\u00bb<\/span><\/a><\/p>\n","protected":false},"author":3,"featured_media":0,"parent":0,"menu_order":0,"comment_status":"closed","ping_status":"closed","template":"insurance.php","meta":{"_acf_changed":false,"footnotes":""},"class_list":["post-4273","page","type-page","status-publish","hentry"],"acf":[],"yoast_head":"<!-- This site is optimized with the Yoast SEO plugin v27.5 - https:\/\/yoast.com\/product\/yoast-seo-wordpress\/ -->\n<title>Planes de seguro - Medex - Centro m\u00e9dico multiespecialidad en Forest Hills, Queens, NY<\/title>\n<meta name=\"description\" content=\"El Centro de Diagn\u00f3stico y Tratamiento Medex en Forest Hills, Queens, NY acepta Medicaid, Medicare, HMO y la mayor\u00eda de los dem\u00e1s seguros.\" \/>\n<meta name=\"robots\" content=\"index, follow, max-snippet:-1, max-image-preview:large, max-video-preview:-1\" \/>\n<link rel=\"canonical\" href=\"https:\/\/www.medexdtc.com\/es\/seguros\/\" \/>\n<meta property=\"og:locale\" content=\"es_ES\" \/>\n<meta property=\"og:type\" content=\"article\" \/>\n<meta property=\"og:title\" content=\"Planes de seguro - Medex - Centro m\u00e9dico multiespecialidad en Forest Hills, Queens, NY\" \/>\n<meta property=\"og:description\" content=\"El Centro de Diagn\u00f3stico y Tratamiento Medex en Forest Hills, Queens, NY acepta Medicaid, Medicare, HMO y la mayor\u00eda de los dem\u00e1s seguros.\" \/>\n<meta property=\"og:url\" content=\"https:\/\/www.medexdtc.com\/es\/seguros\/\" \/>\n<meta property=\"og:site_name\" content=\"Medex Diagnostic and Treatment Center - Queens Medical Center - Medical Clinic in Forest Hills, NY\" \/>\n<meta property=\"article:publisher\" content=\"https:\/\/www.facebook.com\/medexny\" \/>\n<meta property=\"article:modified_time\" content=\"2025-03-02T23:41:07+00:00\" \/>\n<meta name=\"twitter:card\" content=\"summary_large_image\" \/>\n<meta name=\"twitter:site\" content=\"@DtcMedex\" \/>\n<meta name=\"twitter:label1\" content=\"Tiempo de lectura\" \/>\n\t<meta name=\"twitter:data1\" content=\"1 minuto\" \/>\n<!-- \/ Yoast SEO plugin. -->","yoast_head_json":{"title":"Planes de seguro - Medex - Centro m\u00e9dico multiespecialidad en Forest Hills, Queens, NY","description":"El Centro de Diagn\u00f3stico y Tratamiento Medex en Forest Hills, Queens, NY acepta Medicaid, Medicare, HMO y la mayor\u00eda de los dem\u00e1s seguros.","robots":{"index":"index","follow":"follow","max-snippet":"max-snippet:-1","max-image-preview":"max-image-preview:large","max-video-preview":"max-video-preview:-1"},"canonical":"https:\/\/www.medexdtc.com\/es\/seguros\/","og_locale":"es_ES","og_type":"article","og_title":"Planes de seguro - Medex - Centro m\u00e9dico multiespecialidad en Forest Hills, Queens, NY","og_description":"El Centro de Diagn\u00f3stico y Tratamiento Medex en Forest Hills, Queens, NY acepta Medicaid, Medicare, HMO y la mayor\u00eda de los dem\u00e1s seguros.","og_url":"https:\/\/www.medexdtc.com\/es\/seguros\/","og_site_name":"Medex Diagnostic and Treatment Center - Queens Medical Center - Medical Clinic in Forest Hills, NY","article_publisher":"https:\/\/www.facebook.com\/medexny","article_modified_time":"2025-03-02T23:41:07+00:00","twitter_card":"summary_large_image","twitter_site":"@DtcMedex","twitter_misc":{"Tiempo de lectura":"1 minuto"},"schema":{"@context":"https:\/\/schema.org","@graph":[{"@type":"WebPage","@id":"https:\/\/www.medexdtc.com\/es\/seguros\/","url":"https:\/\/www.medexdtc.com\/es\/seguros\/","name":"Planes de seguro - Medex - Centro m\u00e9dico multiespecialidad en Forest Hills, Queens, NY","isPartOf":{"@id":"https:\/\/www.medexdtc.com\/es\/#website"},"datePublished":"2020-10-12T07:52:11+00:00","dateModified":"2025-03-02T23:41:07+00:00","description":"El Centro de Diagn\u00f3stico y Tratamiento Medex en Forest Hills, Queens, NY acepta Medicaid, Medicare, HMO y la mayor\u00eda de los dem\u00e1s seguros.","breadcrumb":{"@id":"https:\/\/www.medexdtc.com\/es\/seguros\/#breadcrumb"},"inLanguage":"es","potentialAction":[{"@type":"ReadAction","target":["https:\/\/www.medexdtc.com\/es\/seguros\/"]}]},{"@type":"BreadcrumbList","@id":"https:\/\/www.medexdtc.com\/es\/seguros\/#breadcrumb","itemListElement":[{"@type":"ListItem","position":1,"name":"Home","item":"https:\/\/www.medexdtc.com\/es\/"},{"@type":"ListItem","position":2,"name":"Seguros"}]},{"@type":"WebSite","@id":"https:\/\/www.medexdtc.com\/es\/#website","url":"https:\/\/www.medexdtc.com\/es\/","name":"Medex DTC","description":"Medex Diagnostic and Treatment Center is a Medical Center in Queens, NY is a dynamic multi-specialty clinic. Physicians delivering high quality individualized care in Forest Hills, Queens, NY.","publisher":{"@id":"https:\/\/www.medexdtc.com\/es\/#organization"},"potentialAction":[{"@type":"SearchAction","target":{"@type":"EntryPoint","urlTemplate":"https:\/\/www.medexdtc.com\/es\/?s={search_term_string}"},"query-input":{"@type":"PropertyValueSpecification","valueRequired":true,"valueName":"search_term_string"}}],"inLanguage":"es"},{"@type":"Organization","@id":"https:\/\/www.medexdtc.com\/es\/#organization","name":"Medex DCT","url":"https:\/\/www.medexdtc.com\/es\/","logo":{"@type":"ImageObject","inLanguage":"es","@id":"https:\/\/www.medexdtc.com\/es\/#\/schema\/logo\/image\/","url":"https:\/\/www.medexdtc.com\/wp-content\/uploads\/2024\/11\/medex-diagnostic-and-treatment-center-in-queens-NY.png","contentUrl":"https:\/\/www.medexdtc.com\/wp-content\/uploads\/2024\/11\/medex-diagnostic-and-treatment-center-in-queens-NY.png","width":226,"height":47,"caption":"Medex DCT"},"image":{"@id":"https:\/\/www.medexdtc.com\/es\/#\/schema\/logo\/image\/"},"sameAs":["https:\/\/www.facebook.com\/medexny","https:\/\/x.com\/DtcMedex","https:\/\/www.instagram.com\/medexdtc\/","https:\/\/www.linkedin.com\/company\/medex-diagnostic-and-treatment-center\/about\/"]}]}},"jetpack_sharing_enabled":true,"_links":{"self":[{"href":"https:\/\/www.medexdtc.com\/es\/wp-json\/wp\/v2\/pages\/4273","targetHints":{"allow":["GET"]}}],"collection":[{"href":"https:\/\/www.medexdtc.com\/es\/wp-json\/wp\/v2\/pages"}],"about":[{"href":"https:\/\/www.medexdtc.com\/es\/wp-json\/wp\/v2\/types\/page"}],"author":[{"embeddable":true,"href":"https:\/\/www.medexdtc.com\/es\/wp-json\/wp\/v2\/users\/3"}],"replies":[{"embeddable":true,"href":"https:\/\/www.medexdtc.com\/es\/wp-json\/wp\/v2\/comments?post=4273"}],"version-history":[{"count":1,"href":"https:\/\/www.medexdtc.com\/es\/wp-json\/wp\/v2\/pages\/4273\/revisions"}],"predecessor-version":[{"id":4274,"href":"https:\/\/www.medexdtc.com\/es\/wp-json\/wp\/v2\/pages\/4273\/revisions\/4274"}],"wp:attachment":[{"href":"https:\/\/www.medexdtc.com\/es\/wp-json\/wp\/v2\/media?parent=4273"}],"curies":[{"name":"wp","href":"https:\/\/api.w.org\/{rel}","templated":true}]}}