{"id":4280,"date":"2020-08-21T19:39:09","date_gmt":"2020-08-21T14:39:09","guid":{"rendered":"https:\/\/www.medexdtc.com\/telesalud\/"},"modified":"2020-08-21T19:39:09","modified_gmt":"2020-08-21T14:39:09","slug":"telesalud","status":"publish","type":"page","link":"https:\/\/www.medexdtc.com\/es\/telesalud\/","title":{"rendered":"Telesalud"},"content":{"rendered":"<section id=\"about-madex-content-area\" class=\"about-madex-content-sec\">\n<div class=\"pracsec1\">\n<p>La telesalud utiliza herramientas digitales como videollamadas, llamadas telef\u00f3nicas, aplicaciones y portales online para prestar servicios sanitarios a distancia. Permite a pacientes y m\u00e9dicos conectarse y recibir atenci\u00f3n sin necesidad de estar en el mismo lugar. <\/p>\n<h2>C\u00f3mo registrarse como paciente<\/h2>\n<p><strong>La gu\u00eda completa de facturaci\u00f3n para pacientes<\/strong><\/p>\n<p>Para reunirte con tu proveedor en doxy.me, primero necesitas utilizar el navegador Chrome, Firefox o Safari. Tambi\u00e9n necesitas una webcam y un micr\u00f3fono.<br \/>\nTu proveedor deber\u00eda haberte dado su enlace personalizado a la sala. Deber\u00eda parecerse a doxy.me\/YourDrsName.  <\/p>\n<p><strong>Para registrarte:<\/strong><\/p>\n<p>1. Escribe la direcci\u00f3n de la sala de tu proveedor en la barra de direcciones de tu web (por ejemplo <a href=\"https:\/\/doxy.me\/room-name\" target=\"_blank\" rel=\"nofollow noopener noreferrer\">, https:\/\/doxy.me\/room-name)<\/a>.<\/p>\n<p><img decoding=\"async\" class=\"alignnone size-full wp-image-902\" src=\"https:\/\/www.medexdtc.com\/wp-content\/uploads\/2020\/10\/chrome.jpg\" alt=\"nueva pesta\u00f1a de chrome\" width=\"100%\" height=\"auto\" srcset=\"https:\/\/www.medexdtc.com\/wp-content\/uploads\/2020\/10\/chrome.jpg 800w, https:\/\/www.medexdtc.com\/wp-content\/uploads\/2020\/10\/chrome-300x42.jpg 300w, https:\/\/www.medexdtc.com\/wp-content\/uploads\/2020\/10\/chrome-768x108.jpg 768w\" sizes=\"(max-width: 800px) 100vw, 800px\" \/><\/p>\n<p>2.Introduce tu nombre y haz clic en <b>Registrarse.<\/b><\/p>\n<p><img decoding=\"async\" class=\"alignnone size-full wp-image-901\" src=\"https:\/\/www.medexdtc.com\/wp-content\/uploads\/2020\/10\/screen2.png\" alt=\"reg\u00edstrate\" width=\"100%\" height=\"auto\" srcset=\"https:\/\/www.medexdtc.com\/wp-content\/uploads\/2020\/10\/screen2.png 600w, https:\/\/www.medexdtc.com\/wp-content\/uploads\/2020\/10\/screen2-300x170.png 300w\" sizes=\"(max-width: 600px) 100vw, 600px\" \/><\/p>\n<p>3. Ahora est\u00e1s en la sala de espera de tu proveedor. Espera a que tu proveedor inicie la llamada. <\/p>\n<p><img decoding=\"async\" class=\"alignnone size-full wp-image-900\" src=\"https:\/\/www.medexdtc.com\/wp-content\/uploads\/2020\/10\/screen3.png\" alt=\"sala de espera del proveedor\" width=\"100%\" height=\"auto\" srcset=\"https:\/\/www.medexdtc.com\/wp-content\/uploads\/2020\/10\/screen3.png 1030w, https:\/\/www.medexdtc.com\/wp-content\/uploads\/2020\/10\/screen3-300x175.png 300w, https:\/\/www.medexdtc.com\/wp-content\/uploads\/2020\/10\/screen3-1024x597.png 1024w, https:\/\/www.medexdtc.com\/wp-content\/uploads\/2020\/10\/screen3-768x447.png 768w\" sizes=\"(max-width: 1030px) 100vw, 1030px\" \/><\/p>\n<h2>Observa todo el proceso:<\/h2>\n<p><iframe class=\"ytube\" src=\"https:\/\/www.youtube.com\/embed\/KQ8dVtbnWx8\" frameborder=\"0\" allowfullscreen=\"allowfullscreen\"><\/iframe><\/p>\n<h2>No conozco el enlace de la sala de mi proveedor<\/h2>\n<p><strong>C\u00f3mo llegar a la sala de espera de tu proveedor<\/strong><\/p>\n<p class=\"no-margin\">Si has quedado con tu proveedor en doxy.me, te habr\u00e1 dado un enlace \u00fanico a su sala de doxy.me. Es algo parecido a <\/p>\n<p class=\"no-margin\"><b><a href=\"https:\/\/doxy.me\/SomeDrsName\" target=\"_blank\" rel=\"nofollow noopener noreferrer\">https:\/\/doxy.me\/SomeDrsName<\/a> <\/b>o<b> <a class=\"word-break\" href=\"https:\/\/companyname.doxy.me\/SomeDrsName\" target=\"_blank\" rel=\"nofollow noopener noreferrer\">https:\/\/CompanyName.doxy.me\/SomeDrsName<\/a> <\/b> <\/p>\n<p class=\"no-margin\">Revisa el recordatorio de tu cita o la invitaci\u00f3n del calendario en busca de la URL doxy.me de tu proveedor. Una vez encontrada, haz clic en el enlace para <a href=\"https:\/\/help.doxy.me\/en\/articles\/3751218-how-to-check-in-as-a-patient\" target=\"_blank\" rel=\"noopener noreferrer\">registrarte<\/a> en su sala. <\/p>\n<p class=\"no-margin\">Si sigues sin encontrar el enlace de la sala doxy.me de tu proveedor, <b>ponte en contacto con \u00e9l<\/b> y p\u00eddeselo.<\/p>\n<\/div>\n<\/section>\n","protected":false},"excerpt":{"rendered":"<p>La telesalud utiliza herramientas digitales como videollamadas, llamadas telef\u00f3nicas, aplicaciones y portales online para prestar servicios sanitarios a distancia. Permite a pacientes y m\u00e9dicos conectarse y recibir atenci\u00f3n sin necesidad de estar en el mismo lugar. C\u00f3mo registrarse como paciente La gu\u00eda completa de facturaci\u00f3n para pacientes Para reunirte con tu proveedor en doxy.me, primero &hellip; <\/p>\n<p class=\"link-more\"><a href=\"https:\/\/www.medexdtc.com\/es\/telesalud\/\" class=\"more-link\">Continue reading<span class=\"screen-reader-text\"> \u00abTelesalud\u00bb<\/span><\/a><\/p>\n","protected":false},"author":3,"featured_media":4083,"parent":0,"menu_order":0,"comment_status":"closed","ping_status":"closed","template":"fullwidth.php","meta":{"_acf_changed":false,"footnotes":""},"class_list":["post-4280","page","type-page","status-publish","has-post-thumbnail","hentry"],"acf":[],"yoast_head":"<!-- This site is optimized with the Yoast SEO plugin v27.5 - https:\/\/yoast.com\/product\/yoast-seo-wordpress\/ -->\n<title>Telemedicina | Medex - Centro M\u00e9dico Multiespecialidad en Forest Hills, Queens, NY<\/title>\n<meta name=\"description\" content=\"Re\u00fanete con tu proveedor en doxy.me. El Centro de Diagn\u00f3stico y Tratamiento Medex es una din\u00e1mica cl\u00ednica multiespecialidad.\" \/>\n<meta name=\"robots\" content=\"index, follow, max-snippet:-1, max-image-preview:large, max-video-preview:-1\" \/>\n<link rel=\"canonical\" href=\"https:\/\/www.medexdtc.com\/es\/telesalud\/\" \/>\n<meta property=\"og:locale\" content=\"es_ES\" \/>\n<meta property=\"og:type\" content=\"article\" \/>\n<meta property=\"og:title\" content=\"Telemedicina | Medex - Centro M\u00e9dico Multiespecialidad en Forest Hills, Queens, NY\" \/>\n<meta property=\"og:description\" content=\"Re\u00fanete con tu proveedor en doxy.me. El Centro de Diagn\u00f3stico y Tratamiento Medex es una din\u00e1mica cl\u00ednica multiespecialidad.\" \/>\n<meta property=\"og:url\" content=\"https:\/\/www.medexdtc.com\/es\/telesalud\/\" \/>\n<meta property=\"og:site_name\" content=\"Medex Diagnostic and Treatment Center - Queens Medical Center - Medical Clinic in Forest Hills, NY\" \/>\n<meta property=\"article:publisher\" content=\"https:\/\/www.facebook.com\/medexny\" \/>\n<meta property=\"og:image\" content=\"https:\/\/www.medexdtc.com\/wp-content\/uploads\/2025\/01\/Untitled-design-36.jpg\" \/>\n\t<meta property=\"og:image:width\" content=\"600\" \/>\n\t<meta property=\"og:image:height\" content=\"600\" \/>\n\t<meta property=\"og:image:type\" content=\"image\/jpeg\" \/>\n<meta name=\"twitter:card\" content=\"summary_large_image\" \/>\n<meta name=\"twitter:site\" content=\"@DtcMedex\" \/>\n<meta name=\"twitter:label1\" content=\"Tiempo de lectura\" \/>\n\t<meta name=\"twitter:data1\" content=\"1 minuto\" \/>\n<!-- \/ Yoast SEO plugin. -->","yoast_head_json":{"title":"Telemedicina | Medex - Centro M\u00e9dico Multiespecialidad en Forest Hills, Queens, NY","description":"Re\u00fanete con tu proveedor en doxy.me. El Centro de Diagn\u00f3stico y Tratamiento Medex es una din\u00e1mica cl\u00ednica multiespecialidad.","robots":{"index":"index","follow":"follow","max-snippet":"max-snippet:-1","max-image-preview":"max-image-preview:large","max-video-preview":"max-video-preview:-1"},"canonical":"https:\/\/www.medexdtc.com\/es\/telesalud\/","og_locale":"es_ES","og_type":"article","og_title":"Telemedicina | Medex - Centro M\u00e9dico Multiespecialidad en Forest Hills, Queens, NY","og_description":"Re\u00fanete con tu proveedor en doxy.me. El Centro de Diagn\u00f3stico y Tratamiento Medex es una din\u00e1mica cl\u00ednica multiespecialidad.","og_url":"https:\/\/www.medexdtc.com\/es\/telesalud\/","og_site_name":"Medex Diagnostic and Treatment Center - Queens Medical Center - Medical Clinic in Forest Hills, NY","article_publisher":"https:\/\/www.facebook.com\/medexny","og_image":[{"width":600,"height":600,"url":"https:\/\/www.medexdtc.com\/wp-content\/uploads\/2025\/01\/Untitled-design-36.jpg","type":"image\/jpeg"}],"twitter_card":"summary_large_image","twitter_site":"@DtcMedex","twitter_misc":{"Tiempo de lectura":"1 minuto"},"schema":{"@context":"https:\/\/schema.org","@graph":[{"@type":"WebPage","@id":"https:\/\/www.medexdtc.com\/es\/telesalud\/","url":"https:\/\/www.medexdtc.com\/es\/telesalud\/","name":"Telemedicina | Medex - Centro M\u00e9dico Multiespecialidad en Forest Hills, Queens, NY","isPartOf":{"@id":"https:\/\/www.medexdtc.com\/es\/#website"},"primaryImageOfPage":{"@id":"https:\/\/www.medexdtc.com\/es\/telesalud\/#primaryimage"},"image":{"@id":"https:\/\/www.medexdtc.com\/es\/telesalud\/#primaryimage"},"thumbnailUrl":"https:\/\/www.medexdtc.com\/wp-content\/uploads\/2025\/01\/Untitled-design-36.jpg","datePublished":"2020-08-21T14:39:09+00:00","description":"Re\u00fanete con tu proveedor en doxy.me. El Centro de Diagn\u00f3stico y Tratamiento Medex es una din\u00e1mica cl\u00ednica multiespecialidad.","breadcrumb":{"@id":"https:\/\/www.medexdtc.com\/es\/telesalud\/#breadcrumb"},"inLanguage":"es","potentialAction":[{"@type":"ReadAction","target":["https:\/\/www.medexdtc.com\/es\/telesalud\/"]}]},{"@type":"ImageObject","inLanguage":"es","@id":"https:\/\/www.medexdtc.com\/es\/telesalud\/#primaryimage","url":"https:\/\/www.medexdtc.com\/wp-content\/uploads\/2025\/01\/Untitled-design-36.jpg","contentUrl":"https:\/\/www.medexdtc.com\/wp-content\/uploads\/2025\/01\/Untitled-design-36.jpg","width":600,"height":600},{"@type":"BreadcrumbList","@id":"https:\/\/www.medexdtc.com\/es\/telesalud\/#breadcrumb","itemListElement":[{"@type":"ListItem","position":1,"name":"Home","item":"https:\/\/www.medexdtc.com\/es\/"},{"@type":"ListItem","position":2,"name":"Telesalud"}]},{"@type":"WebSite","@id":"https:\/\/www.medexdtc.com\/es\/#website","url":"https:\/\/www.medexdtc.com\/es\/","name":"Medex DTC","description":"Medex Diagnostic and Treatment Center is a Medical Center in Queens, NY is a dynamic multi-specialty clinic. Physicians delivering high quality individualized care in Forest Hills, Queens, NY.","publisher":{"@id":"https:\/\/www.medexdtc.com\/es\/#organization"},"potentialAction":[{"@type":"SearchAction","target":{"@type":"EntryPoint","urlTemplate":"https:\/\/www.medexdtc.com\/es\/?s={search_term_string}"},"query-input":{"@type":"PropertyValueSpecification","valueRequired":true,"valueName":"search_term_string"}}],"inLanguage":"es"},{"@type":"Organization","@id":"https:\/\/www.medexdtc.com\/es\/#organization","name":"Medex DCT","url":"https:\/\/www.medexdtc.com\/es\/","logo":{"@type":"ImageObject","inLanguage":"es","@id":"https:\/\/www.medexdtc.com\/es\/#\/schema\/logo\/image\/","url":"https:\/\/www.medexdtc.com\/wp-content\/uploads\/2024\/11\/medex-diagnostic-and-treatment-center-in-queens-NY.png","contentUrl":"https:\/\/www.medexdtc.com\/wp-content\/uploads\/2024\/11\/medex-diagnostic-and-treatment-center-in-queens-NY.png","width":226,"height":47,"caption":"Medex DCT"},"image":{"@id":"https:\/\/www.medexdtc.com\/es\/#\/schema\/logo\/image\/"},"sameAs":["https:\/\/www.facebook.com\/medexny","https:\/\/x.com\/DtcMedex","https:\/\/www.instagram.com\/medexdtc\/","https:\/\/www.linkedin.com\/company\/medex-diagnostic-and-treatment-center\/about\/"]}]}},"jetpack_sharing_enabled":true,"_links":{"self":[{"href":"https:\/\/www.medexdtc.com\/es\/wp-json\/wp\/v2\/pages\/4280","targetHints":{"allow":["GET"]}}],"collection":[{"href":"https:\/\/www.medexdtc.com\/es\/wp-json\/wp\/v2\/pages"}],"about":[{"href":"https:\/\/www.medexdtc.com\/es\/wp-json\/wp\/v2\/types\/page"}],"author":[{"embeddable":true,"href":"https:\/\/www.medexdtc.com\/es\/wp-json\/wp\/v2\/users\/3"}],"replies":[{"embeddable":true,"href":"https:\/\/www.medexdtc.com\/es\/wp-json\/wp\/v2\/comments?post=4280"}],"version-history":[{"count":0,"href":"https:\/\/www.medexdtc.com\/es\/wp-json\/wp\/v2\/pages\/4280\/revisions"}],"wp:featuredmedia":[{"embeddable":true,"href":"https:\/\/www.medexdtc.com\/es\/wp-json\/wp\/v2\/media\/4083"}],"wp:attachment":[{"href":"https:\/\/www.medexdtc.com\/es\/wp-json\/wp\/v2\/media?parent=4280"}],"curies":[{"name":"wp","href":"https:\/\/api.w.org\/{rel}","templated":true}]}}