{"id":4283,"date":"2020-10-16T16:04:21","date_gmt":"2020-10-16T11:04:21","guid":{"rendered":"https:\/\/www.medexdtc.com\/contacta-con-nosotros\/"},"modified":"2025-03-03T04:41:09","modified_gmt":"2025-03-02T23:41:09","slug":"contacta-con-nosotros","status":"publish","type":"page","link":"https:\/\/www.medexdtc.com\/es\/contacta-con-nosotros\/","title":{"rendered":"Contacta con nosotros"},"content":{"rendered":"<section id=\"about-madex-content-area\" class=\"about-madex-content-sec\">\n<div class=\"pracsec1\">\n111-29 Queens Blvd, <br \/>Forest Hills, Queens, NY 11375<br \/><strong>Tel:<\/strong> <a href=\"tel:+17182758900\">(718) 275-8900<\/a>\n<\/p>\n<div id=\"contact-form\">\n<div class=\"wpcf7 no-js\" id=\"wpcf7-f888-o1\" lang=\"en-US\" dir=\"ltr\" data-wpcf7-id=\"888\">\n<div class=\"screen-reader-response\"><p role=\"status\" aria-live=\"polite\" aria-atomic=\"true\"><\/p> <ul><\/ul><\/div>\n<form action=\"\/es\/wp-json\/wp\/v2\/pages\/4283#wpcf7-f888-o1\" method=\"post\" class=\"wpcf7-form init\" aria-label=\"Contact form\" novalidate=\"novalidate\" data-status=\"init\">\n<fieldset class=\"hidden-fields-container\"><input type=\"hidden\" name=\"_wpcf7\" value=\"888\" \/><input type=\"hidden\" name=\"_wpcf7_version\" value=\"6.1.5\" \/><input type=\"hidden\" name=\"_wpcf7_locale\" value=\"en_US\" \/><input type=\"hidden\" name=\"_wpcf7_unit_tag\" value=\"wpcf7-f888-o1\" \/><input type=\"hidden\" name=\"_wpcf7_container_post\" value=\"0\" \/><input type=\"hidden\" name=\"_wpcf7_posted_data_hash\" value=\"\" \/>\n<\/fieldset>\n<p><span class=\"wpcf7-form-control-wrap\" data-name=\"FirstName\"><input size=\"40\" maxlength=\"400\" class=\"wpcf7-form-control wpcf7-text wpcf7-validates-as-required\" aria-required=\"true\" aria-invalid=\"false\" placeholder=\"First Name*\" value=\"\" type=\"text\" name=\"FirstName\" \/><\/span><br \/>\n<span class=\"wpcf7-form-control-wrap\" data-name=\"LastName\"><input size=\"40\" maxlength=\"400\" class=\"wpcf7-form-control wpcf7-text wpcf7-validates-as-required\" aria-required=\"true\" aria-invalid=\"false\" placeholder=\"Last Name*\" value=\"\" type=\"text\" name=\"LastName\" \/><\/span><br \/>\n<span class=\"wpcf7-form-control-wrap\" data-name=\"email\"><input size=\"40\" maxlength=\"400\" class=\"wpcf7-form-control wpcf7-text wpcf7-validates-as-required\" aria-required=\"true\" aria-invalid=\"false\" placeholder=\"Email*\" value=\"\" type=\"text\" name=\"email\" \/><\/span><br \/>\n<span class=\"wpcf7-form-control-wrap\" data-name=\"Phone\"><input size=\"40\" maxlength=\"400\" class=\"wpcf7-form-control wpcf7-text wpcf7-validates-as-required\" aria-required=\"true\" aria-invalid=\"false\" placeholder=\"Phone*\" value=\"\" type=\"text\" name=\"Phone\" \/><\/span><br \/>\n<span class=\"wpcf7-form-control-wrap\" data-name=\"Message\"><textarea cols=\"40\" rows=\"10\" maxlength=\"2000\" class=\"wpcf7-form-control wpcf7-textarea\" aria-invalid=\"false\" placeholder=\"Message\" name=\"Message\"><\/textarea><\/span><br \/>\n<input class=\"wpcf7-form-control wpcf7-submit has-spinner\" type=\"submit\" value=\"Submit\" \/>\n<\/p><div class=\"wpcf7-response-output\" aria-hidden=\"true\"><\/div>\n<\/form>\n<\/div>\n<\/div>\n<\/div>\n<\/section><h2 class=\"wp-block-heading\">Centro de Diagn\u00f3stico y Tratamiento Medex<\/h2><p>111-29 Queens Blvd,<br\/>Forest Hills, Queens, NY 11375<br\/><strong>Tel\u00e9fono:<\/strong> <a href=\"tel:+17182758900\">(718) 275-8900<\/a><\/p><hr class=\"wp-block-separator has-alpha-channel-opacity\"\/><p>En <a href=\"https:\/\/www.medexdtc.com\/es\/\">el Centro de Diagn\u00f3stico y Tratamiento Medex<\/a>, intentamos ofrecer un tipo de atenci\u00f3n m\u00e9dica \u00fanica, poco com\u00fan entre nuestros competidores. Nuestros <a href=\"https:\/\/www.medexdtc.com\/es\/best-doctors-medicos-en-queens-ny\/\">m\u00e9dicos<\/a> prestan una excelente atenci\u00f3n al paciente, que comienza con un examen exhaustivo y la comunicaci\u00f3n con nuestros pacientes para garantizar que no quede piedra diagn\u00f3stica sin remover. Aceptamos <a href=\"https:\/\/www.medexdtc.com\/our-team\/\">los principales seguros<\/a>, incluidos Medicare, Medicaid, HIP, Emblemhealth, GHI, MetroPlus y Fidelis.  <\/p><p>Todos nuestros m\u00e9dicos son excepcionales m\u00e9dicos generales y <a href=\"https:\/\/www.medexdtc.com\/es\/medicos-medicina-interna-queens-mejores-internistas\/\">m\u00e9dicos internos de<\/a> Queens, certificados por la Junta, que tambi\u00e9n son especialistas atentos y responsables. Nuestro objetivo principal es estar a tu lado y proporcionarte el apoyo y la profesionalidad que necesitas cuando te enfrentes a cualquier problema de salud. <\/p><p>Nuestros m\u00e9dicos colegiados de <a href=\"https:\/\/www.medexdtc.com\/es\/especialidades-medicas\/\">m\u00faltiples especialidades<\/a>, que han recibido su formaci\u00f3n en algunas de las mejores facultades de medicina del pa\u00eds, evaluar\u00e1n tu estado, te recetar\u00e1n los medicamentos adecuados y, si es necesario, realizar\u00e1n pruebas diagn\u00f3sticas especializadas para determinar el motivo de tu enfermedad.<\/p><p>Descargo de responsabilidad<\/p><p>Podemos ayudarte a encontrar m\u00e9dico. Llama al <a href=\"tel:+17182758900\">(718) 275-8900<\/a> <\/p><p>Mantente en contacto Escr\u00edbenos<\/p><p>Con licencia del estado de Nueva York, Medex es un centro de diagn\u00f3stico y tratamiento del art\u00edculo 28. Nuestros m\u00e9dicos proporcionan atenci\u00f3n integral a pacientes de todas las edades en la zona de Forest Hills, Queens, desde hace m\u00e1s de 15 a\u00f1os. Empieza a recibir atenci\u00f3n experta ahora llamando o concertando una cita en l\u00ednea con uno de los especialistas cualificados.  <\/p>","protected":false},"excerpt":{"rendered":"<p>111-29 Queens Blvd, Forest Hills, Queens, NY 11375Tel: (718) 275-8900 Centro de Diagn\u00f3stico y Tratamiento Medex 111-29 Queens Blvd,Forest Hills, Queens, NY 11375Tel\u00e9fono: (718) 275-8900 En el Centro de Diagn\u00f3stico y Tratamiento Medex, intentamos ofrecer un tipo de atenci\u00f3n m\u00e9dica \u00fanica, poco com\u00fan entre nuestros competidores. Nuestros m\u00e9dicos prestan una excelente atenci\u00f3n al paciente, que &hellip; <\/p>\n<p class=\"link-more\"><a href=\"https:\/\/www.medexdtc.com\/es\/contacta-con-nosotros\/\" class=\"more-link\">Continue reading<span class=\"screen-reader-text\"> \u00abContacta con nosotros\u00bb<\/span><\/a><\/p>\n","protected":false},"author":3,"featured_media":0,"parent":0,"menu_order":0,"comment_status":"closed","ping_status":"closed","template":"new_inner.php","meta":{"_acf_changed":false,"footnotes":""},"class_list":["post-4283","page","type-page","status-publish","hentry"],"acf":[],"yoast_head":"<!-- This site is optimized with the Yoast SEO plugin v27.5 - https:\/\/yoast.com\/product\/yoast-seo-wordpress\/ -->\n<title>Contacta con nosotros - Centro M\u00e9dico Multiespecialidad en Forest Hills, Queens, NY<\/title>\n<meta name=\"description\" content=\"El Centro de Diagn\u00f3stico y Tratamiento Medex es una din\u00e1mica cl\u00ednica multiespecialidad situada en Forest Hills, Queens, NY. Nuestros m\u00e9dicos ofrecen una atenci\u00f3n individualizada de alta calidad\" \/>\n<meta name=\"robots\" content=\"index, follow, max-snippet:-1, max-image-preview:large, max-video-preview:-1\" \/>\n<link rel=\"canonical\" href=\"https:\/\/www.medexdtc.com\/es\/contacta-con-nosotros\/\" \/>\n<meta property=\"og:locale\" content=\"es_ES\" \/>\n<meta property=\"og:type\" content=\"article\" \/>\n<meta property=\"og:title\" content=\"Contacta con nosotros - Centro M\u00e9dico Multiespecialidad en Forest Hills, Queens, NY\" \/>\n<meta property=\"og:description\" content=\"El Centro de Diagn\u00f3stico y Tratamiento Medex es una din\u00e1mica cl\u00ednica multiespecialidad situada en Forest Hills, Queens, NY. Nuestros m\u00e9dicos ofrecen una atenci\u00f3n individualizada de alta calidad\" \/>\n<meta property=\"og:url\" content=\"https:\/\/www.medexdtc.com\/es\/contacta-con-nosotros\/\" \/>\n<meta property=\"og:site_name\" content=\"Medex Diagnostic and Treatment Center - Queens Medical Center - Medical Clinic in Forest Hills, NY\" \/>\n<meta property=\"article:publisher\" content=\"https:\/\/www.facebook.com\/medexny\" \/>\n<meta property=\"article:modified_time\" content=\"2025-03-02T23:41:09+00:00\" \/>\n<meta name=\"twitter:card\" content=\"summary_large_image\" \/>\n<meta name=\"twitter:site\" content=\"@DtcMedex\" \/>\n<meta name=\"twitter:label1\" content=\"Tiempo de lectura\" \/>\n\t<meta name=\"twitter:data1\" content=\"1 minuto\" \/>\n<!-- \/ Yoast SEO plugin. -->","yoast_head_json":{"title":"Contacta con nosotros - Centro M\u00e9dico Multiespecialidad en Forest Hills, Queens, NY","description":"El Centro de Diagn\u00f3stico y Tratamiento Medex es una din\u00e1mica cl\u00ednica multiespecialidad situada en Forest Hills, Queens, NY. Nuestros m\u00e9dicos ofrecen una atenci\u00f3n individualizada de alta calidad","robots":{"index":"index","follow":"follow","max-snippet":"max-snippet:-1","max-image-preview":"max-image-preview:large","max-video-preview":"max-video-preview:-1"},"canonical":"https:\/\/www.medexdtc.com\/es\/contacta-con-nosotros\/","og_locale":"es_ES","og_type":"article","og_title":"Contacta con nosotros - Centro M\u00e9dico Multiespecialidad en Forest Hills, Queens, NY","og_description":"El Centro de Diagn\u00f3stico y Tratamiento Medex es una din\u00e1mica cl\u00ednica multiespecialidad situada en Forest Hills, Queens, NY. Nuestros m\u00e9dicos ofrecen una atenci\u00f3n individualizada de alta calidad","og_url":"https:\/\/www.medexdtc.com\/es\/contacta-con-nosotros\/","og_site_name":"Medex Diagnostic and Treatment Center - Queens Medical Center - Medical Clinic in Forest Hills, NY","article_publisher":"https:\/\/www.facebook.com\/medexny","article_modified_time":"2025-03-02T23:41:09+00:00","twitter_card":"summary_large_image","twitter_site":"@DtcMedex","twitter_misc":{"Tiempo de lectura":"1 minuto"},"schema":{"@context":"https:\/\/schema.org","@graph":[{"@type":"WebPage","@id":"https:\/\/www.medexdtc.com\/es\/contacta-con-nosotros\/","url":"https:\/\/www.medexdtc.com\/es\/contacta-con-nosotros\/","name":"Contacta con nosotros - Centro M\u00e9dico Multiespecialidad en Forest Hills, Queens, NY","isPartOf":{"@id":"https:\/\/www.medexdtc.com\/es\/#website"},"datePublished":"2020-10-16T11:04:21+00:00","dateModified":"2025-03-02T23:41:09+00:00","description":"El Centro de Diagn\u00f3stico y Tratamiento Medex es una din\u00e1mica cl\u00ednica multiespecialidad situada en Forest Hills, Queens, NY. Nuestros m\u00e9dicos ofrecen una atenci\u00f3n individualizada de alta calidad","breadcrumb":{"@id":"https:\/\/www.medexdtc.com\/es\/contacta-con-nosotros\/#breadcrumb"},"inLanguage":"es","potentialAction":[{"@type":"ReadAction","target":["https:\/\/www.medexdtc.com\/es\/contacta-con-nosotros\/"]}]},{"@type":"BreadcrumbList","@id":"https:\/\/www.medexdtc.com\/es\/contacta-con-nosotros\/#breadcrumb","itemListElement":[{"@type":"ListItem","position":1,"name":"Home","item":"https:\/\/www.medexdtc.com\/es\/"},{"@type":"ListItem","position":2,"name":"Contacta con nosotros"}]},{"@type":"WebSite","@id":"https:\/\/www.medexdtc.com\/es\/#website","url":"https:\/\/www.medexdtc.com\/es\/","name":"Medex DTC","description":"Medex Diagnostic and Treatment Center is a Medical Center in Queens, NY is a dynamic multi-specialty clinic. Physicians delivering high quality individualized care in Forest Hills, Queens, NY.","publisher":{"@id":"https:\/\/www.medexdtc.com\/es\/#organization"},"potentialAction":[{"@type":"SearchAction","target":{"@type":"EntryPoint","urlTemplate":"https:\/\/www.medexdtc.com\/es\/?s={search_term_string}"},"query-input":{"@type":"PropertyValueSpecification","valueRequired":true,"valueName":"search_term_string"}}],"inLanguage":"es"},{"@type":"Organization","@id":"https:\/\/www.medexdtc.com\/es\/#organization","name":"Medex DCT","url":"https:\/\/www.medexdtc.com\/es\/","logo":{"@type":"ImageObject","inLanguage":"es","@id":"https:\/\/www.medexdtc.com\/es\/#\/schema\/logo\/image\/","url":"https:\/\/www.medexdtc.com\/wp-content\/uploads\/2024\/11\/medex-diagnostic-and-treatment-center-in-queens-NY.png","contentUrl":"https:\/\/www.medexdtc.com\/wp-content\/uploads\/2024\/11\/medex-diagnostic-and-treatment-center-in-queens-NY.png","width":226,"height":47,"caption":"Medex DCT"},"image":{"@id":"https:\/\/www.medexdtc.com\/es\/#\/schema\/logo\/image\/"},"sameAs":["https:\/\/www.facebook.com\/medexny","https:\/\/x.com\/DtcMedex","https:\/\/www.instagram.com\/medexdtc\/","https:\/\/www.linkedin.com\/company\/medex-diagnostic-and-treatment-center\/about\/"]}]}},"jetpack_sharing_enabled":true,"_links":{"self":[{"href":"https:\/\/www.medexdtc.com\/es\/wp-json\/wp\/v2\/pages\/4283","targetHints":{"allow":["GET"]}}],"collection":[{"href":"https:\/\/www.medexdtc.com\/es\/wp-json\/wp\/v2\/pages"}],"about":[{"href":"https:\/\/www.medexdtc.com\/es\/wp-json\/wp\/v2\/types\/page"}],"author":[{"embeddable":true,"href":"https:\/\/www.medexdtc.com\/es\/wp-json\/wp\/v2\/users\/3"}],"replies":[{"embeddable":true,"href":"https:\/\/www.medexdtc.com\/es\/wp-json\/wp\/v2\/comments?post=4283"}],"version-history":[{"count":1,"href":"https:\/\/www.medexdtc.com\/es\/wp-json\/wp\/v2\/pages\/4283\/revisions"}],"predecessor-version":[{"id":4285,"href":"https:\/\/www.medexdtc.com\/es\/wp-json\/wp\/v2\/pages\/4283\/revisions\/4285"}],"wp:attachment":[{"href":"https:\/\/www.medexdtc.com\/es\/wp-json\/wp\/v2\/media?parent=4283"}],"curies":[{"name":"wp","href":"https:\/\/api.w.org\/{rel}","templated":true}]}}