{"id":4287,"date":"2020-11-11T21:37:44","date_gmt":"2020-11-11T16:37:44","guid":{"rendered":"https:\/\/www.medexdtc.com\/medicina-interna\/"},"modified":"2020-11-11T21:37:44","modified_gmt":"2020-11-11T16:37:44","slug":"medicina-interna","status":"publish","type":"page","link":"https:\/\/www.medexdtc.com\/es\/medicina-interna\/","title":{"rendered":"Medicina interna"},"content":{"rendered":"<section id=\"about-madex-content-area\" class=\"about-madex-content-sec\">\n<div class=\"treatment-boxes about-madex-boxes\">\n<div>\n<p class=\"treatment-box-para\">La pr\u00e1ctica de la medicina interna se basa en el conocimiento cient\u00edfico, la formaci\u00f3n y la experiencia para tratar a pacientes adultos. El m\u00e9dico de medicina interna trata al paciente en su totalidad y no partes concretas del cuerpo. <\/p>\n<p class=\"treatment-box-para\">Medex ofrece una amplia gama de servicios entre los que se incluyen revisiones diab\u00e9ticas, ex\u00e1menes de inmigraci\u00f3n, certificaci\u00f3n m\u00e9dica para el examen de conducir TLC y tratamiento de trastornos respiratorios agudos. Los internistas se centran en la prevenci\u00f3n y ofrecen todas las vacunas necesarias o recomendadas. Llama hoy a Medex.  <\/p>\n<\/div>\n<\/div>\n<\/section>\n<section id=\"treatment-page-content-area-1\" class=\"treatment-page-content-area-one\">\n<h2 class=\"about-madex-page-title\"><a href=\"https:\/\/www.medexdtc.com\/es\/medicos-medicina-interna-queens-mejores-internistas\/\">M\u00e9dicos de Medicina Interna Queens<\/a><\/h2>\n<p>Los m\u00e9dicos de medicina interna en Queens, tambi\u00e9n conocidos como internistas, son especialistas que se centran en diagnosticar, tratar y prevenir una amplia gama de enfermedades y afecciones de los adultos. En el Centro de Diagn\u00f3stico y Tratamiento Medex, nuestros internistas proporcionan atenci\u00f3n personalizada para enfermedades cr\u00f3nicas, enfermedades agudas y salud preventiva, garantizando una gesti\u00f3n integral de tu bienestar general. <\/p>\n<p><a href=\"https:\/\/www.medexdtc.com\/doctors\/dr-david-khasidy-md\/\">David Khasidy, MD<\/a> <a href=\"https:\/\/www.medexdtc.com\/es\/medicos-medicina-interna-queens-mejores-internistas\/\">M\u00e9dico de Medicina Interna<\/a> Forest Hills, NY<\/p>\n<p>Experiencia del paciente<\/p>\n<p>\u00abEl Dr. Khasidy fue muy amable y me sent\u00ed muy a gusto. El personal tambi\u00e9n fue muy servicial y amable. Gracias por hacer que mi primera visita fuera buena!\u00bb &#8211; Khemil Jomao-as<\/p>\n<p>111-29 Queens Blvd<br \/>\nForest Hills, NY 11375<br \/>\nTel\u00e9fono: (718) 275-8900<\/p>\n<h2>\u00bfQu\u00e9 es la medicina interna?<\/h2>\n<p>La medicina interna describe una especialidad m\u00e9dica que combina el descubrimiento cient\u00edfico y la experiencia cl\u00ednica para el cuidado compasivo de pacientes adultos. Abarca toda la gama de tratamientos, desde la prevenci\u00f3n y el diagn\u00f3stico hasta la curaci\u00f3n de enfermedades complejas. <\/p>\n<h2>\u00bfPor qu\u00e9 el internista es una buena elecci\u00f3n para los adultos?<\/h2>\n<p>Tu internista llega a conocerte personalmente, orient\u00e1ndote para prevenir futuros problemas, detectando los primeros signos de enfermedad y tratando las afecciones que te molestan. Nuestros m\u00e9dicos te atienden como un ser integral, en lugar de centrarse en un \u00f3rgano concreto, como ocurre en especialidades como la cardiolog\u00eda. La medicina interna se convirti\u00f3 en una disciplina m\u00e9dica distinta y reconocida en 1936, tras la fundaci\u00f3n de la Junta Americana de Medicina Interna.  <\/p>\n<p>A medida que tu m\u00e9dico empieza a conocer tu estilo de vida, tus antecedentes familiares y tus necesidades, te proporciona orientaci\u00f3n deliberada para que te mantengas lo m\u00e1s sano posible. Es f\u00e1cil obtener derivaciones internas a especialistas. Normalmente, si est\u00e1s sano, ves a tu m\u00e9dico anualmente para un examen.  <\/p>\n<p>Entre las afecciones que suelen controlarse en adultos se incluyen:<\/p>\n<ul>\n<li>Tensi\u00f3n arterial<\/li>\n<li>Cambios en la piel<\/li>\n<li>Patrones de sue\u00f1o<\/li>\n<li>Salud del colon<\/li>\n<li>Cambios hormonales femeninos<\/li>\n<li>Visi\u00f3n<\/li>\n<li>Control del peso<\/li>\n<li>Salud mental<\/li>\n<li>Salud sexual masculina<\/li>\n<\/ul>\n<h2><img fetchpriority=\"high\" decoding=\"async\" class=\"about-madex-images alignnone\" src=\"https:\/\/www.medexdtc.com\/wp-content\/uploads\/2020\/11\/internal-medicines.jpg\" alt=\"Internistas Queens\" width=\"585\" height=\"615\"><\/h2>\n<h2>\u00bfQui\u00e9n ejerce la Medicina Interna?<\/h2>\n<p>Un internista es un m\u00e9dico especializado en medicina interna. Para ser internista, tu m\u00e9dico tuvo que completar un programa aprobado en una facultad de medicina acreditada. Durante este tiempo, tu m\u00e9dico tuvo que centrar tres de los siete a\u00f1os de estudio, m\u00e1s el trabajo de posgrado, en la prevenci\u00f3n, diagn\u00f3stico y tratamiento de las enfermedades del adulto.  <\/p>\n<p>Los internistas est\u00e1n altamente cualificados para tratar una amplia gama de afecciones. Son igualmente expertos en tratar a deportistas y atender sus necesidades particulares para maximizar su rendimiento. <\/p>\n<p>Los tratamientos relacionados con el deporte incluyen:<\/p>\n<ul>\n<li>Ex\u00e1menes f\u00edsicos completos<\/li>\n<li>Ex\u00e1menes deportivos<\/li>\n<li>Pruebas r\u00e1pidas de esfuerzo<\/li>\n<li>Infusiones intravenosas (IV)<\/li>\n<li>Tratamientos de los esguinces musculares<\/li>\n<li>Soluciones para el dolor articular<\/li>\n<li>Pruebas de densidad \u00f3sea<\/li>\n<\/ul>\n<h2>\u00bfLos m\u00e9dicos internistas administran vacunas?<\/h2>\n<p>La ciencia ha demostrado que las vacunas son una prevenci\u00f3n eficaz para sus enfermedades espec\u00edficas. Como los <a href=\"https:\/\/www.medexdtc.com\/es\/medicos-medicina-interna-queens-mejores-internistas\/\">internistas<\/a> tienen especial inter\u00e9s en la prevenci\u00f3n, ofrecen una amplia gama de vacunas. <\/p>\n<p>De hecho, puedes ponerte todas las vacunas, incluidas:<\/p>\n<ul class=\"sm\">\n<li>Vacunas de viaje. El Centro de Control de Enfermedades (CDC) recomienda que te pongas todas las vacunas necesarias para el pa\u00eds que vas a visitar y que est\u00e9s al d\u00eda de las vacunas rutinarias para casa. Puesto que tu cuerpo necesita tiempo para crear inmunidad, debes vacunarte al menos un mes antes de viajar.  <\/li>\n<li>Hepatitis B. La vacuna de la hepatitis B es segura y eficaz. Se recomienda a todos los ni\u00f1os al nacer y hasta los 18 a\u00f1os. Tambi\u00e9n se recomienda a los adultos con diabetes o con estilos de vida de alto riesgo. Tambi\u00e9n se la conoce como la \u00abvacuna antic\u00e1ncer\u00bb porque la hepatitis B es la principal causa de c\u00e1ncer de h\u00edgado.   <\/li>\n<li>T\u00e9tanos y difteria. Los CDC recomiendan la vacuna TD para los ni\u00f1os una vez que cumplen siete a\u00f1os. A partir de entonces, deben vacunarse cada 10 a\u00f1os, pero puede ser antes si sufren un corte sucio.  <\/li>\n<li>Gripe e influenza. La gripe puede ser una enfermedad grave que requiere hospitalizaci\u00f3n. A veces provoca la muerte, ya que la gripe estacional causa entre 12.000 y 61.000 muertes al a\u00f1o en Estados Unidos. Los CDC afirman que vacunarse contra la gripe cada a\u00f1o es la mejor protecci\u00f3n contra la gripe estacional.   <\/li>\n<li>Aunque es m\u00e1s frecuente en ni\u00f1os, la neumoc\u00f3cica es m\u00e1s mortal para los adultos. Los CDC recomiendan dos vacunas antineumoc\u00f3cicas distintas. La PCV13 es para ni\u00f1os menores de dos a\u00f1os, y recomiendan la PPSV23 para adultos mayores de 65 a\u00f1os.  <\/li>\n<\/ul>\n<\/section>\n","protected":false},"excerpt":{"rendered":"<p>La pr\u00e1ctica de la medicina interna se basa en el conocimiento cient\u00edfico, la formaci\u00f3n y la experiencia para tratar a pacientes adultos. El m\u00e9dico de medicina interna trata al paciente en su totalidad y no partes concretas del cuerpo. Medex ofrece una amplia gama de servicios entre los que se incluyen revisiones diab\u00e9ticas, ex\u00e1menes de &hellip; <\/p>\n<p class=\"link-more\"><a href=\"https:\/\/www.medexdtc.com\/es\/medicina-interna\/\" class=\"more-link\">Continue reading<span class=\"screen-reader-text\"> \u00abMedicina interna\u00bb<\/span><\/a><\/p>\n","protected":false},"author":3,"featured_media":0,"parent":0,"menu_order":0,"comment_status":"closed","ping_status":"closed","template":"new_inner.php","meta":{"_acf_changed":false,"footnotes":""},"class_list":["post-4287","page","type-page","status-publish","hentry"],"acf":[],"yoast_head":"<!-- This site is optimized with the Yoast SEO plugin v27.5 - https:\/\/yoast.com\/product\/yoast-seo-wordpress\/ -->\n<title>M\u00e9dico de Medicina Interna Queens | Mejor Internista en Forest Hills, NY<\/title>\n<meta name=\"description\" content=\"Centro M\u00e9dico Forest Hills. M\u00e9dico de Medicina Interna NYC. Los mejores Internistas en Queens, NY. Centro de Diagn\u00f3stico y Tratamiento Medex.\" \/>\n<meta name=\"robots\" content=\"index, follow, max-snippet:-1, max-image-preview:large, max-video-preview:-1\" \/>\n<link rel=\"canonical\" href=\"https:\/\/www.medexdtc.com\/es\/medicina-interna\/\" \/>\n<meta property=\"og:locale\" content=\"es_ES\" \/>\n<meta property=\"og:type\" content=\"article\" \/>\n<meta property=\"og:title\" content=\"M\u00e9dico de Medicina Interna Queens | Mejor Internista en Forest Hills, NY\" \/>\n<meta property=\"og:description\" content=\"Centro M\u00e9dico Forest Hills. M\u00e9dico de Medicina Interna NYC. Los mejores Internistas en Queens, NY. Centro de Diagn\u00f3stico y Tratamiento Medex.\" \/>\n<meta property=\"og:url\" content=\"https:\/\/www.medexdtc.com\/es\/medicina-interna\/\" \/>\n<meta property=\"og:site_name\" content=\"Medex Diagnostic and Treatment Center - Queens Medical Center - Medical Clinic in Forest Hills, NY\" \/>\n<meta property=\"article:publisher\" content=\"https:\/\/www.facebook.com\/medexny\" \/>\n<meta property=\"og:image\" content=\"https:\/\/www.medexdtc.com\/wp-content\/uploads\/2020\/11\/internal-medicines.jpg\" \/>\n<meta name=\"twitter:card\" content=\"summary_large_image\" \/>\n<meta name=\"twitter:site\" content=\"@DtcMedex\" \/>\n<meta name=\"twitter:label1\" content=\"Tiempo de lectura\" \/>\n\t<meta name=\"twitter:data1\" content=\"5 minutos\" \/>\n<!-- \/ Yoast SEO plugin. -->","yoast_head_json":{"title":"M\u00e9dico de Medicina Interna Queens | Mejor Internista en Forest Hills, NY","description":"Centro M\u00e9dico Forest Hills. M\u00e9dico de Medicina Interna NYC. Los mejores Internistas en Queens, NY. Centro de Diagn\u00f3stico y Tratamiento Medex.","robots":{"index":"index","follow":"follow","max-snippet":"max-snippet:-1","max-image-preview":"max-image-preview:large","max-video-preview":"max-video-preview:-1"},"canonical":"https:\/\/www.medexdtc.com\/es\/medicina-interna\/","og_locale":"es_ES","og_type":"article","og_title":"M\u00e9dico de Medicina Interna Queens | Mejor Internista en Forest Hills, NY","og_description":"Centro M\u00e9dico Forest Hills. M\u00e9dico de Medicina Interna NYC. Los mejores Internistas en Queens, NY. Centro de Diagn\u00f3stico y Tratamiento Medex.","og_url":"https:\/\/www.medexdtc.com\/es\/medicina-interna\/","og_site_name":"Medex Diagnostic and Treatment Center - Queens Medical Center - Medical Clinic in Forest Hills, NY","article_publisher":"https:\/\/www.facebook.com\/medexny","og_image":[{"url":"https:\/\/www.medexdtc.com\/wp-content\/uploads\/2020\/11\/internal-medicines.jpg","type":"","width":"","height":""}],"twitter_card":"summary_large_image","twitter_site":"@DtcMedex","twitter_misc":{"Tiempo de lectura":"5 minutos"},"schema":{"@context":"https:\/\/schema.org","@graph":[{"@type":"WebPage","@id":"https:\/\/www.medexdtc.com\/es\/medicina-interna\/","url":"https:\/\/www.medexdtc.com\/es\/medicina-interna\/","name":"M\u00e9dico de Medicina Interna Queens | Mejor Internista en Forest Hills, NY","isPartOf":{"@id":"https:\/\/www.medexdtc.com\/es\/#website"},"primaryImageOfPage":{"@id":"https:\/\/www.medexdtc.com\/es\/medicina-interna\/#primaryimage"},"image":{"@id":"https:\/\/www.medexdtc.com\/es\/medicina-interna\/#primaryimage"},"thumbnailUrl":"https:\/\/www.medexdtc.com\/wp-content\/uploads\/2020\/11\/internal-medicines.jpg","datePublished":"2020-11-11T16:37:44+00:00","description":"Centro M\u00e9dico Forest Hills. M\u00e9dico de Medicina Interna NYC. Los mejores Internistas en Queens, NY. Centro de Diagn\u00f3stico y Tratamiento Medex.","breadcrumb":{"@id":"https:\/\/www.medexdtc.com\/es\/medicina-interna\/#breadcrumb"},"inLanguage":"es","potentialAction":[{"@type":"ReadAction","target":["https:\/\/www.medexdtc.com\/es\/medicina-interna\/"]}]},{"@type":"ImageObject","inLanguage":"es","@id":"https:\/\/www.medexdtc.com\/es\/medicina-interna\/#primaryimage","url":"https:\/\/www.medexdtc.com\/wp-content\/uploads\/2020\/11\/internal-medicines.jpg","contentUrl":"https:\/\/www.medexdtc.com\/wp-content\/uploads\/2020\/11\/internal-medicines.jpg"},{"@type":"BreadcrumbList","@id":"https:\/\/www.medexdtc.com\/es\/medicina-interna\/#breadcrumb","itemListElement":[{"@type":"ListItem","position":1,"name":"Home","item":"https:\/\/www.medexdtc.com\/es\/"},{"@type":"ListItem","position":2,"name":"Medicina interna"}]},{"@type":"WebSite","@id":"https:\/\/www.medexdtc.com\/es\/#website","url":"https:\/\/www.medexdtc.com\/es\/","name":"Medex DTC","description":"Medex Diagnostic and Treatment Center is a Medical Center in Queens, NY is a dynamic multi-specialty clinic. Physicians delivering high quality individualized care in Forest Hills, Queens, NY.","publisher":{"@id":"https:\/\/www.medexdtc.com\/es\/#organization"},"potentialAction":[{"@type":"SearchAction","target":{"@type":"EntryPoint","urlTemplate":"https:\/\/www.medexdtc.com\/es\/?s={search_term_string}"},"query-input":{"@type":"PropertyValueSpecification","valueRequired":true,"valueName":"search_term_string"}}],"inLanguage":"es"},{"@type":"Organization","@id":"https:\/\/www.medexdtc.com\/es\/#organization","name":"Medex DCT","url":"https:\/\/www.medexdtc.com\/es\/","logo":{"@type":"ImageObject","inLanguage":"es","@id":"https:\/\/www.medexdtc.com\/es\/#\/schema\/logo\/image\/","url":"https:\/\/www.medexdtc.com\/wp-content\/uploads\/2024\/11\/medex-diagnostic-and-treatment-center-in-queens-NY.png","contentUrl":"https:\/\/www.medexdtc.com\/wp-content\/uploads\/2024\/11\/medex-diagnostic-and-treatment-center-in-queens-NY.png","width":226,"height":47,"caption":"Medex DCT"},"image":{"@id":"https:\/\/www.medexdtc.com\/es\/#\/schema\/logo\/image\/"},"sameAs":["https:\/\/www.facebook.com\/medexny","https:\/\/x.com\/DtcMedex","https:\/\/www.instagram.com\/medexdtc\/","https:\/\/www.linkedin.com\/company\/medex-diagnostic-and-treatment-center\/about\/"]}]}},"jetpack_sharing_enabled":true,"_links":{"self":[{"href":"https:\/\/www.medexdtc.com\/es\/wp-json\/wp\/v2\/pages\/4287","targetHints":{"allow":["GET"]}}],"collection":[{"href":"https:\/\/www.medexdtc.com\/es\/wp-json\/wp\/v2\/pages"}],"about":[{"href":"https:\/\/www.medexdtc.com\/es\/wp-json\/wp\/v2\/types\/page"}],"author":[{"embeddable":true,"href":"https:\/\/www.medexdtc.com\/es\/wp-json\/wp\/v2\/users\/3"}],"replies":[{"embeddable":true,"href":"https:\/\/www.medexdtc.com\/es\/wp-json\/wp\/v2\/comments?post=4287"}],"version-history":[{"count":0,"href":"https:\/\/www.medexdtc.com\/es\/wp-json\/wp\/v2\/pages\/4287\/revisions"}],"wp:attachment":[{"href":"https:\/\/www.medexdtc.com\/es\/wp-json\/wp\/v2\/media?parent=4287"}],"curies":[{"name":"wp","href":"https:\/\/api.w.org\/{rel}","templated":true}]}}