{"id":4296,"date":"2021-07-27T09:15:47","date_gmt":"2021-07-27T04:15:47","guid":{"rendered":"https:\/\/www.medexdtc.com\/vitaliy-gavrylyuk-msn-agpcnp-bc-rn-bc\/"},"modified":"2025-03-03T04:41:47","modified_gmt":"2025-03-02T23:41:47","slug":"vitaliy-gavrylyuk-msn-agpcnp-bc-rn-bc","status":"publish","type":"page","link":"https:\/\/www.medexdtc.com\/es\/medex-dtc-medicos-de-queens\/vitaliy-gavrylyuk-msn-agpcnp-bc-rn-bc\/","title":{"rendered":"Vitaliy Gavrylyuk, MSN, AGPCNP-BC, RN-BC"},"content":{"rendered":"<section id=\"about-content-area-1\" class=\"about-content-area-one\">\n<div class=\"sub-container\">\n<div class=\"about-doc-panel\">\n<div class=\"doc-img-left\">\n<div class=\"about-doctor-image\"><img decoding=\"async\" class=\"attachment-post-thumbnail size-post-thumbnail wp-post-image\" src=\"https:\/\/www.medexdtc.com\/wp-content\/uploads\/2021\/07\/Dr-Gavrylyuk-Picture.png\" alt=\"Vitaliy Gavrylyuk, MSN, AGPCNP-BC, RN-BC\" width=\"216\" height=\"216\"><\/div>\n<\/div>\n<div class=\"doc-detail-right\">\n<div class=\"about-doctor-reviews\">\u2605\u2605\u2605\u2605\u2605<\/div>\n<div class=\"about-doctor-name\">Vitaliy Gavrylyuk, MSN, AGPCNP-BC, RN-BC<\/div>\n<div class=\"about-doctor-desig\">Enfermero, Cardi\u00f3logo, M\u00e9dico de Atenci\u00f3n Primaria<\/div>\n<div class=\"contect-sec\">\n<div>\n<div class=\"about-doct-number\"><a href=\"tel:+1718.275.8900\">718.275.8900<\/a><\/div>\n<div class=\"about-doct-address\">Forest Hills, NY<\/div>\n<\/div>\n<\/div>\n<p><a class=\"appointment-btn\" href=\"https:\/\/app.nexhealth.com\/appt\/medex-diagnostic-and-treatment-center?pid=55125874\" target=\"_blank\" rel=\"noopener\">Programa una<strong>cita en<\/strong><br \/>\n<strong><\/strong><\/a><\/p>\n<\/div>\n<\/div>\n<\/div>\n<\/section>\n<section id=\"about-content-area\" class=\"about-content-sec sub-container\">\n<div class=\"about-madex-page-sub-title\"><\/div>\n<div class=\"content-one about-editor-content\">\n<h1>Vitaliy Gavrylyuk Cardi\u00f3logo y M\u00e9dico de Atenci\u00f3n Primaria en Queens, NY<\/h1>\n<p>El Sr. Vitaliy Gavrylyuk es un dedicado profesional de la enfermer\u00eda con amplia experiencia en la prestaci\u00f3n de asistencia sanitaria con un enfoque atento y hol\u00edstico de la evaluaci\u00f3n del paciente. Se centra en mejorar la asistencia sanitaria y aumentar la satisfacci\u00f3n del paciente. <\/p>\n<p>El Sr. Gavrylyuk se licenci\u00f3 en la Universidad Estatal de Plattsburgh. Posteriormente, curs\u00f3 un m\u00e1ster en Enfermer\u00eda Gerontol\u00f3gica de Adultos en la City University of New York, Staten Island. Entre sus otras certificaciones destacan las de Soporte Vital B\u00e1sico (SVB), Soporte Vital Cardiovascular Avanzado (SVCA) y Soporte Vital Avanzado Pedi\u00e1trico (SVAP).  <\/p>\n<p>El Sr. Gavrylyuk habla con fluidez ingl\u00e9s, ruso y ucraniano, adem\u00e1s de polaco conversacional. Por ello, est\u00e1 f\u00e1cilmente disponible para pacientes de todas las clases sociales. Es proactivo, alentador y se asegura de que cada paciente reciba la atenci\u00f3n adecuada.  <\/p>\n<\/div>\n<p><!-- \n\n<div class=\"content-two sub-container\">\n\n\n<div class=\"about-title\">Conditions<\/div>\n\n\n\n\n<div class=\"condition-lists\">\n\n\n<ul><\/ul>\n\n\n<\/div>\n\n\n<\/div>\n\n\n\n\n<div class=\"content-two mt-4 sub-container\">\n\n\n<div class=\"about-title\">Treatments<\/div>\n\n\n\n\n<div class=\"condition-lists\">\n\n\n<ul><\/ul>\n\n\n<\/div>\n\n\n<\/div>\n\n\n--><\/p>\n<div class=\"content-three about-editor-content sub-container\">\n<h2 class=\"about-title\">Credenciales<\/h2>\n<h3>Especialidades<\/h3>\n<p>Enfermera Practicante<\/p>\n<h3>Formaci\u00f3n y certificaciones<\/h3>\n<ul>\n<li><strong>Colegio de Staten Island,<\/strong> Staten Island, Nueva York Enfermera Practicante Adulto-Gerontol\u00f3gica, 12\/2018 (GPA 3.85)<\/li>\n<li><strong>Universidad Estatal de Plat<\/strong> tsburgh<strong>,<\/strong> Plattsburgh, Nueva York Licenciatura en Enfermer\u00eda, 08\/2014 (GPA 3.96)<\/li>\n<li><strong>Facultad de Medicina de la Ciudad de<\/strong> Kiev<strong>,<\/strong> Kiev, Ucrania Enfermera, Diploma de Especialista Junior, 07\/1999 (nota media 3,45)<\/li>\n<li>Enfermera Practicante en Salud de Adultos #309058, Estado de Nueva York, 2019<\/li>\n<li>Certificaci\u00f3n de la Junta de Atenci\u00f3n Primaria Adulto-Gerontol\u00f3gica ANCC, 16\/04\/2019<\/li>\n<li>Certificaci\u00f3n de la Junta de Atenci\u00f3n Primaria Adulto-Gerontol\u00f3gica AANP, 14\/03\/2019<\/li>\n<li>Licencia de Enfermera Profesional Registrada n\u00ba 653230, Estado de Nueva York, 2012<\/li>\n<li>Certificaci\u00f3n de Enfermer\u00eda en Traumatolog\u00eda #2322, 17\/03\/2019<\/li>\n<li>Certificaci\u00f3n de la Junta M\u00e9dico-Quir\u00fargica #2017033018, 01\/2018<\/li>\n<li>BLS; PALS; Certificado ACLS; Certificado de Terapia IV, 2018<\/li>\n<\/ul>\n<h3>Idiomas<\/h3>\n<ul>\n<li>Dominio y alfabetizaci\u00f3n en ingl\u00e9s, ruso y ucraniano, conversaci\u00f3n en polaco<\/li>\n<\/ul>\n<h2>Afecciones y tratamientos<\/h2>\n<ul>\n<li>Enfermedad<\/li>\n<li>Examen f\u00edsico anual<\/li>\n<li>Receta \/ Recarga<\/li>\n<li>Chequeo previo al viaje<\/li>\n<li>Consulta General<\/li>\n<li>Acn\u00e9<\/li>\n<li>Infecci\u00f3n ocular<\/li>\n<li>Infecci\u00f3n de o\u00eddo<\/li>\n<li>Problemas de sinusitis \/ Sinusitis<\/li>\n<li>Vacuna antigripal<\/li>\n<li>Ni\u00f1o con fiebre<\/li>\n<li>Consulta Pedi\u00e1trica<\/li>\n<li>Consulta de alergia<\/li>\n<li>Tos al\u00e9rgica<\/li>\n<li>Problemas oculares al\u00e9rgicos<\/li>\n<li>Eczema<\/li>\n<li>Alergia alimentaria<\/li>\n<li>Ecocardiograma<\/li>\n<li>ECG \/ ELECTROCARDIOGRAMA<\/li>\n<li>Revisi\u00f3n de colesterol \/ l\u00edpidos<\/li>\n<li>Problemas de nariz<\/li>\n<li>Tensi\u00f3n arterial alta \/ Hipertensi\u00f3n<\/li>\n<li>Asma<\/li>\n<li>Neumon\u00eda<\/li>\n<li>Densitometr\u00eda \u00d3sea \/ Esc\u00e1ner DXA<\/li>\n<li>Consulta previa al viaje<\/li>\n<li>Anemia<\/li>\n<li>Bronquitis<\/li>\n<li>Inflamaci\u00f3n ocular<\/li>\n<li>Dolor de o\u00eddo<\/li>\n<li>Dolor de garganta<\/li>\n<li>Visita a un ni\u00f1o enfermo<\/li>\n<li>Dolor de cabeza<\/li>\n<li>Asma al\u00e9rgica<\/li>\n<li>Fiebre del heno \/ Alergias estacionales<\/li>\n<li>Erupci\u00f3n<\/li>\n<li>Urticaria<\/li>\n<li>Revisi\u00f3n Prequir\u00fargica \/ Autorizaci\u00f3n Prequir\u00fargica<\/li>\n<li>Infecci\u00f3n del tracto urinario (ITU)<\/li>\n<li>Fiebre<\/li>\n<li>Dolor muscular<\/li>\n<li>Gota<\/li>\n<li>Insomnio<\/li>\n<li>Dolor abdominal<\/li>\n<li>S\u00edndrome del t\u00fanel carpiano<\/li>\n<li>Diarrea<\/li>\n<li>Seguimiento general<\/li>\n<li>Seguimiento pedi\u00e1trico<\/li>\n<li>Seguimiento de la alergia<\/li>\n<li>Seguimiento antes del viaje<\/li>\n<li>Seguimiento de la diabetes<\/li>\n<li>Consulta de alergia pedi\u00e1trica<\/li>\n<li>Vacunas antial\u00e9rgicas<\/li>\n<li>Deporte F\u00edsico<\/li>\n<li>Orzuelo \/ Hordeolum<\/li>\n<li>Dolor tor\u00e1cico<\/li>\n<li>Diabetes tipo 1<\/li>\n<li>Vacuna(s)<\/li>\n<li>Estre\u00f1imiento<\/li>\n<li>Pruebas de alergia<\/li>\n<li>Anafilaxia \/ Alergia<\/li>\n<li>Problema de o\u00eddo, nariz o garganta<\/li>\n<li>Gripe<\/li>\n<li>Colesterol alto \/ Problema de l\u00edpidos<\/li>\n<li>Picor<\/li>\n<li>Osteoporosis<\/li>\n<li>Tos al\u00e9rgica pedi\u00e1trica<\/li>\n<li>Alergia a medicamentos pedi\u00e1tricos<\/li>\n<li>Problema ocular pedi\u00e1trico<\/li>\n<li>Gripe pedi\u00e1trica<\/li>\n<li>Intolerancia \/ Alergia Alimentaria Pedi\u00e1trica<\/li>\n<li>Fiebre del Heno Pedi\u00e1trica \/ Alergias Estacionales<\/li>\n<li>Neumon\u00eda pedi\u00e1trica<\/li>\n<li>Erupci\u00f3n pedi\u00e1trica<\/li>\n<li>Problemas sinusales pedi\u00e1tricos<\/li>\n<li>Evaluaci\u00f3n Predeportiva<\/li>\n<li>Examen f\u00edsico predeportivo<\/li>\n<li>An\u00e1lisis de sangre<\/li>\n<li>Enfermedad cr\u00f3nica<\/li>\n<li>Visita de paciente nuevo<\/li>\n<li>Visita anual de bienestar (para pacientes de Medicare)<\/li>\n<li>Sibilancias<\/li>\n<li>Revisi\u00f3n anual<\/li>\n<li>Diabetes tipo 2<\/li>\n<li>Tos cr\u00f3nica pedi\u00e1trica<\/li>\n<li>Infecci\u00f3n ocular pedi\u00e1trica<\/li>\n<li>Deficiencia de vitamina B12<\/li>\n<li>Fr\u00edo<\/li>\n<li>Tos<\/li>\n<li>Varicela<\/li>\n<li>Herpes labial \/ Herpes Labial<\/li>\n<li>Crup<\/li>\n<li>Sarampi\u00f3n \/ Rub\u00e9ola<\/li>\n<li>Alergia cut\u00e1nea<\/li>\n<li>Hiperlipidemia<\/li>\n<li>Piel seca \/ con picor<\/li>\n<li>Tos cr\u00f3nica<\/li>\n<li>Dolor al Orinar \/ Disuria<\/li>\n<li>Glucemia elevada \/ Hiperglucemia<\/li>\n<li>An\u00e1lisis de sangre pedi\u00e1trico<\/li>\n<li>L\u00edquido en el o\u00eddo medio \/ Otitis media<\/li>\n<li>Piojos<\/li>\n<li>Alergias nasales<\/li>\n<li>Deficiencia de vitamina D<\/li>\n<li>Cansancio \/ Fatiga<\/li>\n<li>Drenaje \/ secreci\u00f3n del o\u00eddo<\/li>\n<li>Congesti\u00f3n nasal<\/li>\n<li>Cefalea sinusal<\/li>\n<li>Osteopenia<\/li>\n<li>Celulitis<\/li>\n<li>Tos pedi\u00e1trica<\/li>\n<li>Vacuna antitet\u00e1nica<\/li>\n<li>Niveles elevados de triglic\u00e9ridos<\/li>\n<li>Goteo postnasal<\/li>\n<li>Rinorrea<\/li>\n<li>Ecograf\u00eda Doppler<\/li>\n<li>Pruebas de tensi\u00f3n arterial<\/li>\n<li>Vacuna contra la varicela<\/li>\n<li>Vacuna de la rub\u00e9ola<\/li>\n<li>S\u00edndrome de Fatiga Cr\u00f3nica<\/li>\n<li>Deficiencia de hierro<\/li>\n<li>Indigesti\u00f3n \/ Dispepsia<\/li>\n<li>Infecci\u00f3n v\u00edrica<\/li>\n<li>Intolerancia alimentaria<\/li>\n<li>Autorizaci\u00f3n m\u00e9dica<\/li>\n<li>Prueba COVID-19<\/li>\n<li>Prueba de anticuerpos COVID-19<\/li>\n<\/ul>\n<\/div>\n<\/section>\n","protected":false},"excerpt":{"rendered":"<p>\u2605\u2605\u2605\u2605\u2605 Vitaliy Gavrylyuk, MSN, AGPCNP-BC, RN-BC Enfermero, Cardi\u00f3logo, M\u00e9dico de Atenci\u00f3n Primaria 718.275.8900 Forest Hills, NY Programa unacita en Vitaliy Gavrylyuk Cardi\u00f3logo y M\u00e9dico de Atenci\u00f3n Primaria en Queens, NY El Sr. Vitaliy Gavrylyuk es un dedicado profesional de la enfermer\u00eda con amplia experiencia en la prestaci\u00f3n de asistencia sanitaria con un enfoque atento y &hellip; <\/p>\n<p class=\"link-more\"><a href=\"https:\/\/www.medexdtc.com\/es\/medex-dtc-medicos-de-queens\/vitaliy-gavrylyuk-msn-agpcnp-bc-rn-bc\/\" class=\"more-link\">Continue reading<span class=\"screen-reader-text\"> \u00abVitaliy Gavrylyuk, MSN, AGPCNP-BC, RN-BC\u00bb<\/span><\/a><\/p>\n","protected":false},"author":3,"featured_media":0,"parent":4364,"menu_order":0,"comment_status":"closed","ping_status":"closed","template":"doctor-full-width.php","meta":{"_acf_changed":false,"footnotes":""},"class_list":["post-4296","page","type-page","status-publish","hentry"],"acf":[],"yoast_head":"<!-- This site is optimized with the Yoast SEO plugin v27.4 - https:\/\/yoast.com\/product\/yoast-seo-wordpress\/ -->\n<title>Vitaliy Gavrylyuk, MSN, AGPCNP-BC, RN-BC - Centro m\u00e9dico multiespecialidad en Queens, NY | Medex<\/title>\n<meta name=\"description\" content=\"El Sr. Vitaliy Gavrylyuk es un enfermero especializado con amplia experiencia en la prestaci\u00f3n de asistencia sanitaria con un enfoque atento y hol\u00edstico de la evaluaci\u00f3n del paciente. Se preocupa por mejorar la asistencia sanitaria y aumentar la satisfacci\u00f3n del paciente.\" \/>\n<meta name=\"robots\" content=\"index, follow, max-snippet:-1, max-image-preview:large, max-video-preview:-1\" \/>\n<link rel=\"canonical\" href=\"https:\/\/www.medexdtc.com\/es\/medex-dtc-medicos-de-queens\/vitaliy-gavrylyuk-msn-agpcnp-bc-rn-bc\/\" \/>\n<meta property=\"og:locale\" content=\"es_ES\" \/>\n<meta property=\"og:type\" content=\"article\" \/>\n<meta property=\"og:title\" content=\"Vitaliy Gavrylyuk, MSN, AGPCNP-BC, RN-BC - Centro m\u00e9dico multiespecialidad en Queens, NY | Medex\" \/>\n<meta property=\"og:description\" content=\"El Sr. Vitaliy Gavrylyuk es un enfermero especializado con amplia experiencia en la prestaci\u00f3n de asistencia sanitaria con un enfoque atento y hol\u00edstico de la evaluaci\u00f3n del paciente. Se preocupa por mejorar la asistencia sanitaria y aumentar la satisfacci\u00f3n del paciente.\" \/>\n<meta property=\"og:url\" content=\"https:\/\/www.medexdtc.com\/es\/medex-dtc-medicos-de-queens\/vitaliy-gavrylyuk-msn-agpcnp-bc-rn-bc\/\" \/>\n<meta property=\"og:site_name\" content=\"Medex Diagnostic and Treatment Center - Queens Medical Center - Medical Clinic in Forest Hills, NY\" \/>\n<meta property=\"article:publisher\" content=\"https:\/\/www.facebook.com\/medexny\" \/>\n<meta property=\"article:modified_time\" content=\"2025-03-02T23:41:47+00:00\" \/>\n<meta property=\"og:image\" content=\"https:\/\/www.medexdtc.com\/wp-content\/uploads\/2021\/07\/Dr-Gavrylyuk-Picture.png\" \/>\n<meta name=\"twitter:card\" content=\"summary_large_image\" \/>\n<meta name=\"twitter:site\" content=\"@DtcMedex\" \/>\n<meta name=\"twitter:label1\" content=\"Tiempo de lectura\" \/>\n\t<meta name=\"twitter:data1\" content=\"4 minutos\" \/>\n<!-- \/ Yoast SEO plugin. -->","yoast_head_json":{"title":"Vitaliy Gavrylyuk, MSN, AGPCNP-BC, RN-BC - Centro m\u00e9dico multiespecialidad en Queens, NY | Medex","description":"El Sr. Vitaliy Gavrylyuk es un enfermero especializado con amplia experiencia en la prestaci\u00f3n de asistencia sanitaria con un enfoque atento y hol\u00edstico de la evaluaci\u00f3n del paciente. Se preocupa por mejorar la asistencia sanitaria y aumentar la satisfacci\u00f3n del paciente.","robots":{"index":"index","follow":"follow","max-snippet":"max-snippet:-1","max-image-preview":"max-image-preview:large","max-video-preview":"max-video-preview:-1"},"canonical":"https:\/\/www.medexdtc.com\/es\/medex-dtc-medicos-de-queens\/vitaliy-gavrylyuk-msn-agpcnp-bc-rn-bc\/","og_locale":"es_ES","og_type":"article","og_title":"Vitaliy Gavrylyuk, MSN, AGPCNP-BC, RN-BC - Centro m\u00e9dico multiespecialidad en Queens, NY | Medex","og_description":"El Sr. Vitaliy Gavrylyuk es un enfermero especializado con amplia experiencia en la prestaci\u00f3n de asistencia sanitaria con un enfoque atento y hol\u00edstico de la evaluaci\u00f3n del paciente. Se preocupa por mejorar la asistencia sanitaria y aumentar la satisfacci\u00f3n del paciente.","og_url":"https:\/\/www.medexdtc.com\/es\/medex-dtc-medicos-de-queens\/vitaliy-gavrylyuk-msn-agpcnp-bc-rn-bc\/","og_site_name":"Medex Diagnostic and Treatment Center - Queens Medical Center - Medical Clinic in Forest Hills, NY","article_publisher":"https:\/\/www.facebook.com\/medexny","article_modified_time":"2025-03-02T23:41:47+00:00","og_image":[{"url":"https:\/\/www.medexdtc.com\/wp-content\/uploads\/2021\/07\/Dr-Gavrylyuk-Picture.png","type":"","width":"","height":""}],"twitter_card":"summary_large_image","twitter_site":"@DtcMedex","twitter_misc":{"Tiempo de lectura":"4 minutos"},"schema":{"@context":"https:\/\/schema.org","@graph":[{"@type":"WebPage","@id":"https:\/\/www.medexdtc.com\/es\/medex-dtc-medicos-de-queens\/vitaliy-gavrylyuk-msn-agpcnp-bc-rn-bc\/","url":"https:\/\/www.medexdtc.com\/es\/medex-dtc-medicos-de-queens\/vitaliy-gavrylyuk-msn-agpcnp-bc-rn-bc\/","name":"Vitaliy Gavrylyuk, MSN, AGPCNP-BC, RN-BC - Centro m\u00e9dico multiespecialidad en Queens, NY | Medex","isPartOf":{"@id":"https:\/\/www.medexdtc.com\/es\/#website"},"primaryImageOfPage":{"@id":"https:\/\/www.medexdtc.com\/es\/medex-dtc-medicos-de-queens\/vitaliy-gavrylyuk-msn-agpcnp-bc-rn-bc\/#primaryimage"},"image":{"@id":"https:\/\/www.medexdtc.com\/es\/medex-dtc-medicos-de-queens\/vitaliy-gavrylyuk-msn-agpcnp-bc-rn-bc\/#primaryimage"},"thumbnailUrl":"https:\/\/www.medexdtc.com\/wp-content\/uploads\/2021\/07\/Dr-Gavrylyuk-Picture.png","datePublished":"2021-07-27T04:15:47+00:00","dateModified":"2025-03-02T23:41:47+00:00","description":"El Sr. Vitaliy Gavrylyuk es un enfermero especializado con amplia experiencia en la prestaci\u00f3n de asistencia sanitaria con un enfoque atento y hol\u00edstico de la evaluaci\u00f3n del paciente. Se preocupa por mejorar la asistencia sanitaria y aumentar la satisfacci\u00f3n del paciente.","breadcrumb":{"@id":"https:\/\/www.medexdtc.com\/es\/medex-dtc-medicos-de-queens\/vitaliy-gavrylyuk-msn-agpcnp-bc-rn-bc\/#breadcrumb"},"inLanguage":"es","potentialAction":[{"@type":"ReadAction","target":["https:\/\/www.medexdtc.com\/es\/medex-dtc-medicos-de-queens\/vitaliy-gavrylyuk-msn-agpcnp-bc-rn-bc\/"]}]},{"@type":"ImageObject","inLanguage":"es","@id":"https:\/\/www.medexdtc.com\/es\/medex-dtc-medicos-de-queens\/vitaliy-gavrylyuk-msn-agpcnp-bc-rn-bc\/#primaryimage","url":"https:\/\/www.medexdtc.com\/wp-content\/uploads\/2021\/07\/Dr-Gavrylyuk-Picture.png","contentUrl":"https:\/\/www.medexdtc.com\/wp-content\/uploads\/2021\/07\/Dr-Gavrylyuk-Picture.png"},{"@type":"BreadcrumbList","@id":"https:\/\/www.medexdtc.com\/es\/medex-dtc-medicos-de-queens\/vitaliy-gavrylyuk-msn-agpcnp-bc-rn-bc\/#breadcrumb","itemListElement":[{"@type":"ListItem","position":1,"name":"Home","item":"https:\/\/www.medexdtc.com\/es\/"},{"@type":"ListItem","position":2,"name":"Medex DTC M\u00e9dicos de Queens","item":"https:\/\/www.medexdtc.com\/es\/medex-dtc-medicos-de-queens\/"},{"@type":"ListItem","position":3,"name":"Vitaliy Gavrylyuk, MSN, AGPCNP-BC, RN-BC"}]},{"@type":"WebSite","@id":"https:\/\/www.medexdtc.com\/es\/#website","url":"https:\/\/www.medexdtc.com\/es\/","name":"Medex DTC","description":"Medex Diagnostic and Treatment Center is a Medical Center in Queens, NY is a dynamic multi-specialty clinic. Physicians delivering high quality individualized care in Forest Hills, Queens, NY.","publisher":{"@id":"https:\/\/www.medexdtc.com\/es\/#organization"},"potentialAction":[{"@type":"SearchAction","target":{"@type":"EntryPoint","urlTemplate":"https:\/\/www.medexdtc.com\/es\/?s={search_term_string}"},"query-input":{"@type":"PropertyValueSpecification","valueRequired":true,"valueName":"search_term_string"}}],"inLanguage":"es"},{"@type":"Organization","@id":"https:\/\/www.medexdtc.com\/es\/#organization","name":"Medex DCT","url":"https:\/\/www.medexdtc.com\/es\/","logo":{"@type":"ImageObject","inLanguage":"es","@id":"https:\/\/www.medexdtc.com\/es\/#\/schema\/logo\/image\/","url":"https:\/\/www.medexdtc.com\/wp-content\/uploads\/2024\/11\/medex-diagnostic-and-treatment-center-in-queens-NY.png","contentUrl":"https:\/\/www.medexdtc.com\/wp-content\/uploads\/2024\/11\/medex-diagnostic-and-treatment-center-in-queens-NY.png","width":226,"height":47,"caption":"Medex DCT"},"image":{"@id":"https:\/\/www.medexdtc.com\/es\/#\/schema\/logo\/image\/"},"sameAs":["https:\/\/www.facebook.com\/medexny","https:\/\/x.com\/DtcMedex","https:\/\/www.instagram.com\/medexdtc\/","https:\/\/www.linkedin.com\/company\/medex-diagnostic-and-treatment-center\/about\/"]}]}},"jetpack_sharing_enabled":true,"_links":{"self":[{"href":"https:\/\/www.medexdtc.com\/es\/wp-json\/wp\/v2\/pages\/4296","targetHints":{"allow":["GET"]}}],"collection":[{"href":"https:\/\/www.medexdtc.com\/es\/wp-json\/wp\/v2\/pages"}],"about":[{"href":"https:\/\/www.medexdtc.com\/es\/wp-json\/wp\/v2\/types\/page"}],"author":[{"embeddable":true,"href":"https:\/\/www.medexdtc.com\/es\/wp-json\/wp\/v2\/users\/3"}],"replies":[{"embeddable":true,"href":"https:\/\/www.medexdtc.com\/es\/wp-json\/wp\/v2\/comments?post=4296"}],"version-history":[{"count":1,"href":"https:\/\/www.medexdtc.com\/es\/wp-json\/wp\/v2\/pages\/4296\/revisions"}],"predecessor-version":[{"id":4378,"href":"https:\/\/www.medexdtc.com\/es\/wp-json\/wp\/v2\/pages\/4296\/revisions\/4378"}],"up":[{"embeddable":true,"href":"https:\/\/www.medexdtc.com\/es\/wp-json\/wp\/v2\/pages\/4364"}],"wp:attachment":[{"href":"https:\/\/www.medexdtc.com\/es\/wp-json\/wp\/v2\/media?parent=4296"}],"curies":[{"name":"wp","href":"https:\/\/api.w.org\/{rel}","templated":true}]}}