{"id":4300,"date":"2020-08-05T23:38:51","date_gmt":"2020-08-05T18:38:51","guid":{"rendered":"https:\/\/www.medexdtc.com\/prevencion-de-cardiopatias-y-accidentes-cerebrovasculares\/"},"modified":"2020-08-05T23:38:51","modified_gmt":"2020-08-05T18:38:51","slug":"prevencion-de-cardiopatias-y-accidentes-cerebrovasculares","status":"publish","type":"page","link":"https:\/\/www.medexdtc.com\/es\/prevencion-de-cardiopatias-y-accidentes-cerebrovasculares\/","title":{"rendered":"Prevenci\u00f3n de cardiopat\u00edas y accidentes cerebrovasculares"},"content":{"rendered":"<p>La prevenci\u00f3n es la forma m\u00e1s eficaz de garantizar tu longevidad y calidad de vida. Con herramientas y t\u00e9cnicas que te ayuden a conseguir h\u00e1bitos de vida saludables, tienes muchas m\u00e1s posibilidades de evitar las enfermedades cardiacas y prevenir consecuencias graves como el infarto de miocardio y el ictus. Tu equipo de expertos del Centro de Diagn\u00f3stico y Tratamiento Medex de Queens (Nueva York) se centra en la prevenci\u00f3n. Ofrecen el mejor tratamiento, orientaci\u00f3n y programas dise\u00f1ados para prevenir las enfermedades cardiacas y los infartos. Alarga tu vida; llama hoy para concertar una cita.    <\/p>\n<p>Ser proactivo respecto a tu salud es el paso m\u00e1s beneficioso que puedes dar para tener m\u00e1s posibilidades de longevidad y disfrutar de una mayor calidad de vida. Tomar decisiones positivas sobre tu estilo de vida y abandonar los h\u00e1bitos nocivos favorece la salud general y previene la <a href=\"https:\/\/www.medexdtc.com\/high-blood-pressure\/\">hipertensi\u00f3n<\/a>, el ictus, el infarto de miocardio y muchas otras formas <a href=\"https:\/\/www.medexdtc.com\/heart-disease\/\">de cardiopat\u00eda<\/a>. <\/p>\n<p>Los m\u00e9dicos del Centro de Diagn\u00f3stico y Tratamiento Medex de Queens, NY, se dedican a la prevenci\u00f3n como primera y mejor l\u00ednea de defensa contra las enfermedades cardiovasculares. Te proporcionan una orientaci\u00f3n clara sobre las opciones de estilo de vida que te ayudan a mantenerte lo m\u00e1s sano posible. Aunque la gen\u00e9tica es un factor que influye en tu salud cardiaca, las elecciones de tu estilo de vida repercuten directa y dr\u00e1sticamente en tu salud cardiovascular.  <\/p>\n<p>Cuando trabajes en colaboraci\u00f3n con tus m\u00e9dicos, sabr\u00e1s que est\u00e1s haciendo todo lo posible para prevenir los problemas cardiacos. Si desarrollas problemas cardiacos, recibir\u00e1s el mejor tratamiento, cuidados y atenci\u00f3n, seguidos de <a href=\"https:\/\/www.medexdtc.com\/es\/rehabilitacion-cardiaca-en-queens\/\">rehabilitaci\u00f3n cardiaca<\/a> para evitar futuros problemas. Puedes confiar en el equipo de Medex.  <\/p>\n<h2>Opciones alimentarias para la salud del coraz\u00f3n<\/h2>\n<p>Una dieta cardiosaludable incluye elegir una variedad de alimentos frescos en tu planificaci\u00f3n diaria de comidas. Reducir el consumo de sal, grasas saturadas, grasas trans, bebidas azucaradas y tentempi\u00e9s hipercal\u00f3ricos disminuye la tensi\u00f3n arterial y mejora los niveles de colesterol. La dieta m\u00e1s eficaz para prevenir las enfermedades cardiacas consiste en:  <\/p>\n<ul>\n<li>Frutas y verduras frescas<\/li>\n<li>Cereales integrales<\/li>\n<li>Productos l\u00e1cteos bajos en grasa<\/li>\n<li>Nueces<\/li>\n<li>Jud\u00edas<\/li>\n<li>Pescado<\/li>\n<li>Aves de corral<\/li>\n<\/ul>\n<p>Si tienes <a href=\"https:\/\/www.medexdtc.com\/diabetes\/\">diabetes<\/a> de tipo 2, colesterol alto o niveles elevados de triglic\u00e9ridos, suelen ser precursores de cardiopat\u00edas y accidentes cerebrovasculares. Si tienes un exceso de grasa corporal alrededor de la cintura, haz cambios diet\u00e9ticos ahora para prevenir los problemas cardiacos. Presta atenci\u00f3n al tama\u00f1o de las raciones y da prioridad a los alimentos ricos en nutrientes y fibra. Los alimentos saludables te aportan menos calor\u00edas que la comida basura o la comida r\u00e1pida, lo que te permite mantener un peso corporal saludable.   <\/p>\n<h2>Los beneficios de hacer ejercicio y moverse m\u00e1s<\/h2>\n<p>Un coraz\u00f3n sano requiere ejercicio regular. Si tienes h\u00e1bitos sedentarios, tu estilo de vida contribuye gradualmente a un coraz\u00f3n susceptible de enfermar. Las personas activas, en cambio, se sienten mejor, viven m\u00e1s y tienen menos probabilidades de desarrollar enfermedades cr\u00f3nicas, incluidas las cardiopat\u00edas. El ejercicio es beneficioso para la salud del coraz\u00f3n de varias maneras, entre ellas   <\/p>\n<ul>\n<li>Mejora tu circulaci\u00f3n<\/li>\n<li>Reducir el colesterol<\/li>\n<li>Disminuci\u00f3n de la tensi\u00f3n arterial<\/li>\n<li>Ayudarte a mantener un peso saludable<\/li>\n<li>Reducir la ansiedad<\/li>\n<li>Mejorar tu sue\u00f1o nocturno<\/li>\n<li>Fortalecer los m\u00fasculos que rodean las arterias, las venas y el coraz\u00f3n<\/li>\n<\/ul>\n<p>Antes de empezar un programa de ejercicio, consulta a tu m\u00e9dico Medex para asegurarte de que est\u00e1s lo bastante sano para empezar a hacer ejercicio. Si hace tiempo que no eres activo, empieza poco a poco caminando o recorriendo distancias cortas en bicicleta. Trabaja hasta llegar a hacer ejercicio 30 minutos al d\u00eda, cinco d\u00edas a la semana.  <\/p>\n<h2>Abandonar h\u00e1bitos perjudiciales<\/h2>\n<p>Las cosas que haces a diario repercuten en tu salud, aunque los efectos no sean evidentes de inmediato. Algunos h\u00e1bitos causan estragos en tu coraz\u00f3n y en tu salud en general. Abandona estos h\u00e1bitos poco saludables si esperas vivir una larga vida. Algunos ejemplos de malos h\u00e1bitos son   <\/p>\n<ul>\n<li><strong>Fumar.<\/strong>  Si eres fumador, pide ayuda a tu m\u00e9dico para abandonar este h\u00e1bito nocivo. Fumar es un importante factor de riesgo de problemas card\u00edacos. <\/li>\n<li><strong>Beber demasiado alcohol.<\/strong>  Demasiado alcohol aumenta tu tensi\u00f3n arterial y a\u00f1ade calor\u00edas vac\u00edas a tu dieta, lo que puede provocar un aumento de peso, otro factor de riesgo de enfermedad cardiaca.<\/li>\n<li><strong>Consumir demasiada cafe\u00edna.<\/strong>  Con moderaci\u00f3n, la cafe\u00edna no suele alterar el ritmo card\u00edaco, pero las bebidas energ\u00e9ticas con dosis concentradas de cafe\u00edna pueden provocar una peligrosa sacudida en tu sistema cardiovascular.<\/li>\n<\/ul>\n<p>Puede que no pienses mucho en las cosas que haces habitualmente, pero romper estos h\u00e1bitos puede salvarte la vida. Pregunta a tu m\u00e9dico por t\u00e9cnicas seguras y eficaces que pueden incluir terapia, ayudas para dejar de fumar y grupos de apoyo. <\/p>\n<h2>Obtener la mejor atenci\u00f3n m\u00e9dica<\/h2>\n<p>Parte de elegir estar lo m\u00e1s sano posible consiste en buscar a los mejores m\u00e9dicos que se dediquen a mantenerte sano. Cuando necesites una derivaci\u00f3n para asegurarte de que previenes las enfermedades cardiacas y los accidentes cerebrovasculares, el equipo de m\u00e9dicos disponible en el Centro de Diagn\u00f3stico y Tratamiento Medex puede abordar cualquier problema de salud que tengas. El equipo proactivo y centrado en la prevenci\u00f3n de Medex incluye especialistas en:  <\/p>\n<ul>\n<li><a href=\"https:\/\/www.medexdtc.com\/primary-care\/\">Atenci\u00f3n primaria<\/a><\/li>\n<li><a href=\"https:\/\/www.medexdtc.com\/cardiology\/\">Cardiolog\u00eda<\/a> y <a href=\"https:\/\/www.medexdtc.com\/veins\/\">venas<\/a><\/li>\n<li><a href=\"https:\/\/www.medexdtc.com\/endocrinology\/\">Endocrinolog\u00eda<\/a><\/li>\n<li><a href=\"https:\/\/www.medexdtc.com\/gastroenterology\/\">Gastroenterolog\u00eda<\/a><\/li>\n<li><a href=\"https:\/\/www.medexdtc.com\/psychiatry\/\">Psiquiatr\u00eda<\/a><\/li>\n<li><a href=\"https:\/\/www.medexdtc.com\/physical-therapy\/\">Fisioterapia<\/a><\/li>\n<\/ul>\n<p>Si ya tienes antecedentes de enfermedad cardiaca, encontrar\u00e1s m\u00e9dicos realmente interesados en responder a tus preguntas, repasar las opciones de tratamiento y guiarte hacia una salud \u00f3ptima. <a href=\"https:\/\/www.medexdtc.com\/es\/prevencion-de-cardiopatias-y-accidentes-cerebrovasculares\/#contact-form\">Ponte en contacto hoy mismo con esta consulta multiespecialidad de Queens<\/a>. Vive una vida larga y plena previniendo las enfermedades cardiacas y los accidentes cerebrovasculares. <\/p>\n<p>Podemos ayudarte a encontrar m\u00e9dico. Llama al <a href=\"tel:+17182758900\">(718) 275-8900<\/a> <\/p>\n<p>Con licencia del estado de Nueva York, Medex es un centro de diagn\u00f3stico y tratamiento del art\u00edculo 28. Nuestros m\u00e9dicos proporcionan atenci\u00f3n integral a pacientes de todas las edades en la zona de Forest Hills, Queens, desde hace m\u00e1s de 15 a\u00f1os. Empieza a recibir atenci\u00f3n experta ahora llamando o concertando una cita en l\u00ednea con uno de los especialistas cualificados.<\/p>\n","protected":false},"excerpt":{"rendered":"<p>La prevenci\u00f3n es la forma m\u00e1s eficaz de garantizar tu longevidad y calidad de vida. Con herramientas y t\u00e9cnicas que te ayuden a conseguir h\u00e1bitos de vida saludables, tienes muchas m\u00e1s posibilidades de evitar las enfermedades cardiacas y prevenir consecuencias graves como el infarto de miocardio y el ictus. Tu equipo de expertos del Centro &hellip; <\/p>\n<p class=\"link-more\"><a href=\"https:\/\/www.medexdtc.com\/es\/prevencion-de-cardiopatias-y-accidentes-cerebrovasculares\/\" class=\"more-link\">Continue reading<span class=\"screen-reader-text\"> \u00abPrevenci\u00f3n de cardiopat\u00edas y accidentes cerebrovasculares\u00bb<\/span><\/a><\/p>\n","protected":false},"author":3,"featured_media":0,"parent":0,"menu_order":0,"comment_status":"closed","ping_status":"closed","template":"new_inner.php","meta":{"_acf_changed":false,"footnotes":""},"class_list":["post-4300","page","type-page","status-publish","hentry"],"acf":[],"yoast_head":"<!-- This site is optimized with the Yoast SEO plugin v27.5 - https:\/\/yoast.com\/product\/yoast-seo-wordpress\/ -->\n<title>Prevenci\u00f3n de enfermedades card\u00edacas y accidentes cerebrovasculares | Los mejores cardi\u00f3logos en Forest Hills, Queens, NY<\/title>\n<meta name=\"description\" content=\"Nuestro equipo de expertos del Centro de Diagn\u00f3stico y Tratamiento Medex de Forest Hills, Queens, NY, se centra en la prevenci\u00f3n. Ofrecemos el mejor tratamiento, orientaci\u00f3n y programas dise\u00f1ados para prevenir las enfermedades cardiacas y los accidentes cerebrovasculares.\" \/>\n<meta name=\"robots\" content=\"index, follow, max-snippet:-1, max-image-preview:large, max-video-preview:-1\" \/>\n<link rel=\"canonical\" href=\"https:\/\/www.medexdtc.com\/es\/prevencion-de-cardiopatias-y-accidentes-cerebrovasculares\/\" \/>\n<meta property=\"og:locale\" content=\"es_ES\" \/>\n<meta property=\"og:type\" content=\"article\" \/>\n<meta property=\"og:title\" content=\"Prevenci\u00f3n de enfermedades card\u00edacas y accidentes cerebrovasculares | Los mejores cardi\u00f3logos en Forest Hills, Queens, NY\" \/>\n<meta property=\"og:description\" content=\"Nuestro equipo de expertos del Centro de Diagn\u00f3stico y Tratamiento Medex de Forest Hills, Queens, NY, se centra en la prevenci\u00f3n. Ofrecemos el mejor tratamiento, orientaci\u00f3n y programas dise\u00f1ados para prevenir las enfermedades cardiacas y los accidentes cerebrovasculares.\" \/>\n<meta property=\"og:url\" content=\"https:\/\/www.medexdtc.com\/es\/prevencion-de-cardiopatias-y-accidentes-cerebrovasculares\/\" \/>\n<meta property=\"og:site_name\" content=\"Medex Diagnostic and Treatment Center - Queens Medical Center - Medical Clinic in Forest Hills, NY\" \/>\n<meta property=\"article:publisher\" content=\"https:\/\/www.facebook.com\/medexny\" \/>\n<meta name=\"twitter:card\" content=\"summary_large_image\" \/>\n<meta name=\"twitter:site\" content=\"@DtcMedex\" \/>\n<meta name=\"twitter:label1\" content=\"Tiempo de lectura\" \/>\n\t<meta name=\"twitter:data1\" content=\"5 minutos\" \/>\n<!-- \/ Yoast SEO plugin. -->","yoast_head_json":{"title":"Prevenci\u00f3n de enfermedades card\u00edacas y accidentes cerebrovasculares | Los mejores cardi\u00f3logos en Forest Hills, Queens, NY","description":"Nuestro equipo de expertos del Centro de Diagn\u00f3stico y Tratamiento Medex de Forest Hills, Queens, NY, se centra en la prevenci\u00f3n. Ofrecemos el mejor tratamiento, orientaci\u00f3n y programas dise\u00f1ados para prevenir las enfermedades cardiacas y los accidentes cerebrovasculares.","robots":{"index":"index","follow":"follow","max-snippet":"max-snippet:-1","max-image-preview":"max-image-preview:large","max-video-preview":"max-video-preview:-1"},"canonical":"https:\/\/www.medexdtc.com\/es\/prevencion-de-cardiopatias-y-accidentes-cerebrovasculares\/","og_locale":"es_ES","og_type":"article","og_title":"Prevenci\u00f3n de enfermedades card\u00edacas y accidentes cerebrovasculares | Los mejores cardi\u00f3logos en Forest Hills, Queens, NY","og_description":"Nuestro equipo de expertos del Centro de Diagn\u00f3stico y Tratamiento Medex de Forest Hills, Queens, NY, se centra en la prevenci\u00f3n. Ofrecemos el mejor tratamiento, orientaci\u00f3n y programas dise\u00f1ados para prevenir las enfermedades cardiacas y los accidentes cerebrovasculares.","og_url":"https:\/\/www.medexdtc.com\/es\/prevencion-de-cardiopatias-y-accidentes-cerebrovasculares\/","og_site_name":"Medex Diagnostic and Treatment Center - Queens Medical Center - Medical Clinic in Forest Hills, NY","article_publisher":"https:\/\/www.facebook.com\/medexny","twitter_card":"summary_large_image","twitter_site":"@DtcMedex","twitter_misc":{"Tiempo de lectura":"5 minutos"},"schema":{"@context":"https:\/\/schema.org","@graph":[{"@type":"WebPage","@id":"https:\/\/www.medexdtc.com\/es\/prevencion-de-cardiopatias-y-accidentes-cerebrovasculares\/","url":"https:\/\/www.medexdtc.com\/es\/prevencion-de-cardiopatias-y-accidentes-cerebrovasculares\/","name":"Prevenci\u00f3n de enfermedades card\u00edacas y accidentes cerebrovasculares | Los mejores cardi\u00f3logos en Forest Hills, Queens, NY","isPartOf":{"@id":"https:\/\/www.medexdtc.com\/es\/#website"},"datePublished":"2020-08-05T18:38:51+00:00","description":"Nuestro equipo de expertos del Centro de Diagn\u00f3stico y Tratamiento Medex de Forest Hills, Queens, NY, se centra en la prevenci\u00f3n. Ofrecemos el mejor tratamiento, orientaci\u00f3n y programas dise\u00f1ados para prevenir las enfermedades cardiacas y los accidentes cerebrovasculares.","breadcrumb":{"@id":"https:\/\/www.medexdtc.com\/es\/prevencion-de-cardiopatias-y-accidentes-cerebrovasculares\/#breadcrumb"},"inLanguage":"es","potentialAction":[{"@type":"ReadAction","target":["https:\/\/www.medexdtc.com\/es\/prevencion-de-cardiopatias-y-accidentes-cerebrovasculares\/"]}]},{"@type":"BreadcrumbList","@id":"https:\/\/www.medexdtc.com\/es\/prevencion-de-cardiopatias-y-accidentes-cerebrovasculares\/#breadcrumb","itemListElement":[{"@type":"ListItem","position":1,"name":"Home","item":"https:\/\/www.medexdtc.com\/es\/"},{"@type":"ListItem","position":2,"name":"Prevenci\u00f3n de cardiopat\u00edas y accidentes cerebrovasculares"}]},{"@type":"WebSite","@id":"https:\/\/www.medexdtc.com\/es\/#website","url":"https:\/\/www.medexdtc.com\/es\/","name":"Medex DTC","description":"Medex Diagnostic and Treatment Center is a Medical Center in Queens, NY is a dynamic multi-specialty clinic. Physicians delivering high quality individualized care in Forest Hills, Queens, NY.","publisher":{"@id":"https:\/\/www.medexdtc.com\/es\/#organization"},"potentialAction":[{"@type":"SearchAction","target":{"@type":"EntryPoint","urlTemplate":"https:\/\/www.medexdtc.com\/es\/?s={search_term_string}"},"query-input":{"@type":"PropertyValueSpecification","valueRequired":true,"valueName":"search_term_string"}}],"inLanguage":"es"},{"@type":"Organization","@id":"https:\/\/www.medexdtc.com\/es\/#organization","name":"Medex DCT","url":"https:\/\/www.medexdtc.com\/es\/","logo":{"@type":"ImageObject","inLanguage":"es","@id":"https:\/\/www.medexdtc.com\/es\/#\/schema\/logo\/image\/","url":"https:\/\/www.medexdtc.com\/wp-content\/uploads\/2024\/11\/medex-diagnostic-and-treatment-center-in-queens-NY.png","contentUrl":"https:\/\/www.medexdtc.com\/wp-content\/uploads\/2024\/11\/medex-diagnostic-and-treatment-center-in-queens-NY.png","width":226,"height":47,"caption":"Medex DCT"},"image":{"@id":"https:\/\/www.medexdtc.com\/es\/#\/schema\/logo\/image\/"},"sameAs":["https:\/\/www.facebook.com\/medexny","https:\/\/x.com\/DtcMedex","https:\/\/www.instagram.com\/medexdtc\/","https:\/\/www.linkedin.com\/company\/medex-diagnostic-and-treatment-center\/about\/"]}]}},"jetpack_sharing_enabled":true,"_links":{"self":[{"href":"https:\/\/www.medexdtc.com\/es\/wp-json\/wp\/v2\/pages\/4300","targetHints":{"allow":["GET"]}}],"collection":[{"href":"https:\/\/www.medexdtc.com\/es\/wp-json\/wp\/v2\/pages"}],"about":[{"href":"https:\/\/www.medexdtc.com\/es\/wp-json\/wp\/v2\/types\/page"}],"author":[{"embeddable":true,"href":"https:\/\/www.medexdtc.com\/es\/wp-json\/wp\/v2\/users\/3"}],"replies":[{"embeddable":true,"href":"https:\/\/www.medexdtc.com\/es\/wp-json\/wp\/v2\/comments?post=4300"}],"version-history":[{"count":0,"href":"https:\/\/www.medexdtc.com\/es\/wp-json\/wp\/v2\/pages\/4300\/revisions"}],"wp:attachment":[{"href":"https:\/\/www.medexdtc.com\/es\/wp-json\/wp\/v2\/media?parent=4300"}],"curies":[{"name":"wp","href":"https:\/\/api.w.org\/{rel}","templated":true}]}}