{"id":4306,"date":"2020-08-05T23:39:11","date_gmt":"2020-08-05T18:39:11","guid":{"rendered":"https:\/\/www.medexdtc.com\/cirugia-de-cataratas\/"},"modified":"2020-08-05T23:39:11","modified_gmt":"2020-08-05T18:39:11","slug":"cirugia-de-cataratas","status":"publish","type":"page","link":"https:\/\/www.medexdtc.com\/es\/cirugia-de-cataratas\/","title":{"rendered":"Cirug\u00eda de cataratas"},"content":{"rendered":"<section id=\"treatment-page-content-area-1\" class=\"treatment-page-content-area-one\">Hay una serie de precauciones que puedes tomar para prevenir o posponer el desarrollo de cataratas. Habla con tu m\u00e9dico de cabecera y con el oftalm\u00f3logo del Centro de Diagn\u00f3stico y Tratamiento Medex. Pero una vez que empiezas a experimentar la visi\u00f3n nublada que conllevan las cataratas, la \u00fanica forma segura de recuperar la visi\u00f3n es la cirug\u00eda de cataratas. Es segura y eficaz en esta consulta multidisciplinar de Queens, NY, as\u00ed que llama hoy mismo y descubre c\u00f3mo la cirug\u00eda de cataratas puede mejorar tu vida.   <\/p>\n<p>La cirug\u00eda de cataratas es un procedimiento que se realiza para eliminar el cristalino nublado del ojo. Cuando el cristalino normalmente transparente de un ojo se nubla, se denomina catarata. Si tienes cataratas, puedes tener la sensaci\u00f3n de estar mirando siempre a trav\u00e9s de un parabrisas polvoriento. Incluso puedes tener dificultades con las actividades cotidianas normales, como conducir o leer.   <\/p>\n<p>Si una catarata est\u00e1 perturbando tu visi\u00f3n, la cirug\u00eda de cataratas te ofrece un nuevo comienzo para tu vista. Tu <a href=\"https:\/\/www.medexdtc.com\/es\/ophthalmology\/\">oftalm\u00f3logo<\/a> del Centro de Diagn\u00f3stico y Tratamiento Medex de Queens (Nueva York) tiene la experiencia necesaria para diagnosticar y tratar las cataratas. Independientemente de los trastornos visuales que tengas, te beneficiar\u00e1s de acudir a una consulta m\u00e9dica con muchas especialidades bajo un mismo techo.  <\/p>\n<h2>\u00bfPuedes prevenir las cataratas?<\/h2>\n<p>Adoptar un enfoque proactivo de tu salud general puede retrasar o incluso prevenir el desarrollo de cataratas y otros trastornos que afectan a tu visi\u00f3n. Algunas medidas que puedes tomar para proteger tu salud ocular son: <\/p>\n<p><strong>&#8211; Protege tus ojos de la luz solar.<\/strong>  Lleva gafas de sol que protejan de los rayos ultravioleta. Los sombreros de ala ancha tambi\u00e9n te proporcionan una capa adicional de protecci\u00f3n frente a los da\u00f1inos rayos UV. <\/p>\n<p><strong>&#8211; Dejar de fumar.<\/strong>  Fumar interrumpe la circulaci\u00f3n, vital para tu salud ocular y para tu bienestar general. Tu m\u00e9dico Medex te proporciona estrategias para dejar de fumar. <\/p>\n<p><strong>&#8211; Llevar una dieta sana.<\/strong>  Comer mucha fruta y verdura -y no s\u00f3lo zanahorias- y elegir otros alimentos ricos en nutrientes te mantiene lo m\u00e1s sano posible. Eso incluye tu salud ocular. <\/p>\n<p><strong>&#8211; Tomar suplementos vitam\u00ednicos.<\/strong>  Las vitaminas A, C y E, as\u00ed como el betacaroteno, proporcionan una salud ocular \u00f3ptima. Habla con tu m\u00e9dico sobre la posibilidad de tomar suplementos cuando no obtengas cantidades suficientes de estos nutrientes vitales en tu dieta. <\/p>\n<p><strong>&#8211; Limitar el consumo de alcohol.<\/strong>  Beber en exceso aumenta el riesgo de desarrollar cataratas. Incluso una bebida al d\u00eda aumenta el riesgo en un 10%. <\/p>\n<p>Controla cualquier enfermedad que padezcas, como <a href=\"https:\/\/www.medexdtc.com\/es\/diabetes\/\">la diabetes<\/a>. Las revisiones oculares peri\u00f3dicas por tu oftalm\u00f3logo identifican las cataratas a tiempo, lo que retrasa la necesidad de cirug\u00eda. Las revisiones tambi\u00e9n detectan cualquier otro problema que puedas tener con la salud ocular.  <\/p>\n<h2>Causas y s\u00edntomas de las cataratas<\/h2>\n<p>Las cataratas son frecuentes a medida que envejeces. Alrededor de los 40 a\u00f1os, las prote\u00ednas del cristalino empiezan a descomponerse, provocando una zona turbia en el cristalino. Pero las cataratas no siempre se deben al envejecimiento. Tambi\u00e9n pueden estar causadas por afecciones m\u00e9dicas, trastornos gen\u00e9ticos hereditarios, operaciones oculares anteriores u otros trastornos oculares.   <\/p>\n<p>Una catarata puede desarrollarse en un ojo o en ambos. La enfermedad suele desarrollarse gradualmente. Los s\u00edntomas que puedes notar son  <\/p>\n<ul>\n<li>Visi\u00f3n nublada<\/li>\n<li>Dificultad de visi\u00f3n nocturna<\/li>\n<li>Cambios frecuentes en tu graduaci\u00f3n de gafas<\/li>\n<li>Colores que parecen deste\u00f1idos<\/li>\n<\/ul>\n<p>Los s\u00edntomas de las cataratas a veces est\u00e1n causados por otras afecciones oculares, as\u00ed que visita a tu oftalm\u00f3logo en el Centro de Diagn\u00f3stico y Tratamiento Medex de Queens. Pide cita para una revisi\u00f3n si experimentas alguno de estos s\u00edntomas. <\/p>\n<h2>Preparaci\u00f3n para la cirug\u00eda de cataratas<\/h2>\n<p>Considera la cirug\u00eda de cataratas si tienes una catarata que te dificulta las actividades cotidianas. Tu oftalm\u00f3logo tambi\u00e9n puede recomendarte la cirug\u00eda de cataratas si tienes otras afecciones oculares, como retinopat\u00eda diab\u00e9tica o degeneraci\u00f3n macular asociada a la edad. <\/p>\n<p>Antes de la fecha de la intervenci\u00f3n, tu oftalm\u00f3logo determina el tipo adecuado de lente de sustituci\u00f3n que debe insertarse durante la cirug\u00eda. Es posible que tengas que utilizar gotas antibi\u00f3ticas durante unos d\u00edas antes de la intervenci\u00f3n. La cirug\u00eda de cataratas es un procedimiento ambulatorio que suele durar una hora o menos. No podr\u00e1s conducir despu\u00e9s de la operaci\u00f3n, as\u00ed que pide a alguien que te acompa\u00f1e.   <\/p>\n<h2>Qu\u00e9 esperar de la cirug\u00eda de cataratas<\/h2>\n<p>Si tienes cataratas en ambos ojos, s\u00f3lo te operar\u00e1n de uno a la vez. Las intervenciones suelen programarse con unas cuatro semanas de diferencia. El d\u00eda de la intervenci\u00f3n, te adormecen el ojo con colirios y anest\u00e9sicos locales. Te dan un sedante para ayudarte a relajarte, por lo que puedes permanecer despierto, pero sentirte aturdido.   <\/p>\n<p>El cirujano realiza peque\u00f1as incisiones cerca del borde de la c\u00f3rnea. El objetivo aqu\u00ed es romper el cristalino que tiene una catarata para poder extraerlo y sustituirlo por un cristalino nuevo. Estar\u00e1s listo para irte a casa tras una breve estancia en la sala de recuperaci\u00f3n. Puede que al principio necesites usar colirios y un protector sobre el ojo, pero tu visi\u00f3n mejora en unos d\u00edas.   <\/p>\n<h2>Cuidado Ocular Experto en Queens<\/h2>\n<p>Cuando est\u00e1s al cuidado de un cirujano oftalm\u00f3logo experto, la cirug\u00eda de cataratas casi siempre restaura con \u00e9xito tu visi\u00f3n. Puede que necesites una prescripci\u00f3n actualizada de gafas o lentes de contacto. Los mejores oftalm\u00f3logos trabajan en el Centro de Diagn\u00f3stico y Tratamiento Medex. <a href=\"https:\/\/www.medexdtc.com\/es\/cirugia-de-cataratas\/#contact-form\">Ponte en contacto con esta consulta multiespecialidad<\/a>. Obtendr\u00e1s m\u00e1s que un oftalm\u00f3logo: tendr\u00e1s acceso a profesionales m\u00e9dicos de otros campos que afectan a tu salud ocular, como <a href=\"https:\/\/www.medexdtc.com\/specialties\/primary-care\/\">atenci\u00f3n primaria<\/a>, <a href=\"https:\/\/www.medexdtc.com\/specialties\/cardiology\/\">cardiolog\u00eda<\/a> y <a href=\"https:\/\/www.medexdtc.com\/es\/endocrinology\/\">endocrinolog\u00eda<\/a>.   <\/p>\n<p>Podemos ayudarte a encontrar m\u00e9dico. Llama al <a href=\"tel:+17182758900\">(718) 275-8900<\/a> <\/p>\n<p>Con licencia del estado de Nueva York, Medex es un centro de diagn\u00f3stico y tratamiento del art\u00edculo 28. Nuestros m\u00e9dicos proporcionan atenci\u00f3n integral a pacientes de todas las edades en la zona de Forest Hills, Queens, desde hace m\u00e1s de 15 a\u00f1os. Empieza a recibir atenci\u00f3n experta ahora llamando o concertando una cita en l\u00ednea con uno de los especialistas cualificados.  <\/p>\n<\/section>\n","protected":false},"excerpt":{"rendered":"<p>Hay una serie de precauciones que puedes tomar para prevenir o posponer el desarrollo de cataratas. Habla con tu m\u00e9dico de cabecera y con el oftalm\u00f3logo del Centro de Diagn\u00f3stico y Tratamiento Medex. Pero una vez que empiezas a experimentar la visi\u00f3n nublada que conllevan las cataratas, la \u00fanica forma segura de recuperar la visi\u00f3n &hellip; <\/p>\n<p class=\"link-more\"><a href=\"https:\/\/www.medexdtc.com\/es\/cirugia-de-cataratas\/\" class=\"more-link\">Continue reading<span class=\"screen-reader-text\"> \u00abCirug\u00eda de cataratas\u00bb<\/span><\/a><\/p>\n","protected":false},"author":3,"featured_media":0,"parent":0,"menu_order":0,"comment_status":"closed","ping_status":"closed","template":"new_inner.php","meta":{"_acf_changed":false,"footnotes":""},"class_list":["post-4306","page","type-page","status-publish","hentry"],"acf":[],"yoast_head":"<!-- This site is optimized with the Yoast SEO plugin v27.5 - https:\/\/yoast.com\/product\/yoast-seo-wordpress\/ -->\n<title>Cirug\u00eda de Cataratas | Oftalm\u00f3logo en Forest Hills, Queens, NY | Medex - Multi-Specialty Medical Center<\/title>\n<meta name=\"description\" content=\"Tu oftalm\u00f3logo del Centro de Diagn\u00f3stico y Tratamiento Medex de Forest Hills, Queens, Nueva York, tiene la experiencia necesaria para diagnosticar y tratar las cataratas\" \/>\n<meta name=\"robots\" content=\"index, follow, max-snippet:-1, max-image-preview:large, max-video-preview:-1\" \/>\n<link rel=\"canonical\" href=\"https:\/\/www.medexdtc.com\/es\/cirugia-de-cataratas\/\" \/>\n<meta property=\"og:locale\" content=\"es_ES\" \/>\n<meta property=\"og:type\" content=\"article\" \/>\n<meta property=\"og:title\" content=\"Cirug\u00eda de Cataratas | Oftalm\u00f3logo en Forest Hills, Queens, NY | Medex - Multi-Specialty Medical Center\" \/>\n<meta property=\"og:description\" content=\"Tu oftalm\u00f3logo del Centro de Diagn\u00f3stico y Tratamiento Medex de Forest Hills, Queens, Nueva York, tiene la experiencia necesaria para diagnosticar y tratar las cataratas\" \/>\n<meta property=\"og:url\" content=\"https:\/\/www.medexdtc.com\/es\/cirugia-de-cataratas\/\" \/>\n<meta property=\"og:site_name\" content=\"Medex Diagnostic and Treatment Center - Queens Medical Center - Medical Clinic in Forest Hills, NY\" \/>\n<meta property=\"article:publisher\" content=\"https:\/\/www.facebook.com\/medexny\" \/>\n<meta name=\"twitter:card\" content=\"summary_large_image\" \/>\n<meta name=\"twitter:site\" content=\"@DtcMedex\" \/>\n<meta name=\"twitter:label1\" content=\"Tiempo de lectura\" \/>\n\t<meta name=\"twitter:data1\" content=\"5 minutos\" \/>\n<!-- \/ Yoast SEO plugin. -->","yoast_head_json":{"title":"Cirug\u00eda de Cataratas | Oftalm\u00f3logo en Forest Hills, Queens, NY | Medex - Multi-Specialty Medical Center","description":"Tu oftalm\u00f3logo del Centro de Diagn\u00f3stico y Tratamiento Medex de Forest Hills, Queens, Nueva York, tiene la experiencia necesaria para diagnosticar y tratar las cataratas","robots":{"index":"index","follow":"follow","max-snippet":"max-snippet:-1","max-image-preview":"max-image-preview:large","max-video-preview":"max-video-preview:-1"},"canonical":"https:\/\/www.medexdtc.com\/es\/cirugia-de-cataratas\/","og_locale":"es_ES","og_type":"article","og_title":"Cirug\u00eda de Cataratas | Oftalm\u00f3logo en Forest Hills, Queens, NY | Medex - Multi-Specialty Medical Center","og_description":"Tu oftalm\u00f3logo del Centro de Diagn\u00f3stico y Tratamiento Medex de Forest Hills, Queens, Nueva York, tiene la experiencia necesaria para diagnosticar y tratar las cataratas","og_url":"https:\/\/www.medexdtc.com\/es\/cirugia-de-cataratas\/","og_site_name":"Medex Diagnostic and Treatment Center - Queens Medical Center - Medical Clinic in Forest Hills, NY","article_publisher":"https:\/\/www.facebook.com\/medexny","twitter_card":"summary_large_image","twitter_site":"@DtcMedex","twitter_misc":{"Tiempo de lectura":"5 minutos"},"schema":{"@context":"https:\/\/schema.org","@graph":[{"@type":"WebPage","@id":"https:\/\/www.medexdtc.com\/es\/cirugia-de-cataratas\/","url":"https:\/\/www.medexdtc.com\/es\/cirugia-de-cataratas\/","name":"Cirug\u00eda de Cataratas | Oftalm\u00f3logo en Forest Hills, Queens, NY | Medex - Multi-Specialty Medical Center","isPartOf":{"@id":"https:\/\/www.medexdtc.com\/es\/#website"},"datePublished":"2020-08-05T18:39:11+00:00","description":"Tu oftalm\u00f3logo del Centro de Diagn\u00f3stico y Tratamiento Medex de Forest Hills, Queens, Nueva York, tiene la experiencia necesaria para diagnosticar y tratar las cataratas","breadcrumb":{"@id":"https:\/\/www.medexdtc.com\/es\/cirugia-de-cataratas\/#breadcrumb"},"inLanguage":"es","potentialAction":[{"@type":"ReadAction","target":["https:\/\/www.medexdtc.com\/es\/cirugia-de-cataratas\/"]}]},{"@type":"BreadcrumbList","@id":"https:\/\/www.medexdtc.com\/es\/cirugia-de-cataratas\/#breadcrumb","itemListElement":[{"@type":"ListItem","position":1,"name":"Home","item":"https:\/\/www.medexdtc.com\/es\/"},{"@type":"ListItem","position":2,"name":"Cirug\u00eda de cataratas"}]},{"@type":"WebSite","@id":"https:\/\/www.medexdtc.com\/es\/#website","url":"https:\/\/www.medexdtc.com\/es\/","name":"Medex DTC","description":"Medex Diagnostic and Treatment Center is a Medical Center in Queens, NY is a dynamic multi-specialty clinic. Physicians delivering high quality individualized care in Forest Hills, Queens, NY.","publisher":{"@id":"https:\/\/www.medexdtc.com\/es\/#organization"},"potentialAction":[{"@type":"SearchAction","target":{"@type":"EntryPoint","urlTemplate":"https:\/\/www.medexdtc.com\/es\/?s={search_term_string}"},"query-input":{"@type":"PropertyValueSpecification","valueRequired":true,"valueName":"search_term_string"}}],"inLanguage":"es"},{"@type":"Organization","@id":"https:\/\/www.medexdtc.com\/es\/#organization","name":"Medex DCT","url":"https:\/\/www.medexdtc.com\/es\/","logo":{"@type":"ImageObject","inLanguage":"es","@id":"https:\/\/www.medexdtc.com\/es\/#\/schema\/logo\/image\/","url":"https:\/\/www.medexdtc.com\/wp-content\/uploads\/2024\/11\/medex-diagnostic-and-treatment-center-in-queens-NY.png","contentUrl":"https:\/\/www.medexdtc.com\/wp-content\/uploads\/2024\/11\/medex-diagnostic-and-treatment-center-in-queens-NY.png","width":226,"height":47,"caption":"Medex DCT"},"image":{"@id":"https:\/\/www.medexdtc.com\/es\/#\/schema\/logo\/image\/"},"sameAs":["https:\/\/www.facebook.com\/medexny","https:\/\/x.com\/DtcMedex","https:\/\/www.instagram.com\/medexdtc\/","https:\/\/www.linkedin.com\/company\/medex-diagnostic-and-treatment-center\/about\/"]}]}},"jetpack_sharing_enabled":true,"_links":{"self":[{"href":"https:\/\/www.medexdtc.com\/es\/wp-json\/wp\/v2\/pages\/4306","targetHints":{"allow":["GET"]}}],"collection":[{"href":"https:\/\/www.medexdtc.com\/es\/wp-json\/wp\/v2\/pages"}],"about":[{"href":"https:\/\/www.medexdtc.com\/es\/wp-json\/wp\/v2\/types\/page"}],"author":[{"embeddable":true,"href":"https:\/\/www.medexdtc.com\/es\/wp-json\/wp\/v2\/users\/3"}],"replies":[{"embeddable":true,"href":"https:\/\/www.medexdtc.com\/es\/wp-json\/wp\/v2\/comments?post=4306"}],"version-history":[{"count":0,"href":"https:\/\/www.medexdtc.com\/es\/wp-json\/wp\/v2\/pages\/4306\/revisions"}],"wp:attachment":[{"href":"https:\/\/www.medexdtc.com\/es\/wp-json\/wp\/v2\/media?parent=4306"}],"curies":[{"name":"wp","href":"https:\/\/api.w.org\/{rel}","templated":true}]}}