{"id":4309,"date":"2020-08-05T23:39:39","date_gmt":"2020-08-05T18:39:39","guid":{"rendered":"https:\/\/www.medexdtc.com\/disfuncion-erectil\/"},"modified":"2020-08-05T23:39:39","modified_gmt":"2020-08-05T18:39:39","slug":"disfuncion-erectil","status":"publish","type":"page","link":"https:\/\/www.medexdtc.com\/es\/disfuncion-erectil\/","title":{"rendered":"Disfunci\u00f3n er\u00e9ctil"},"content":{"rendered":"<p><strong>La disfunci\u00f3n er\u00e9ctil causa verg\u00fcenza y frustraci\u00f3n en los hombres estadounidenses de todas las edades. Llega a todo el pa\u00eds y afecta hasta al 10% de la poblaci\u00f3n masculina. Aunque algunos medicamentos populares de venta con receta pueden resolver el problema temporalmente, un especialista m\u00e9dico del Centro de Diagn\u00f3stico y Tratamiento Medex de Queens, NY, trata la afecci\u00f3n de forma m\u00e1s permanente, a menudo sin f\u00e1rmacos ni cirug\u00eda. El primer paso es descubrir la causa subyacente de la disfunci\u00f3n, y ah\u00ed es donde destaca un especialista. Pide cita hoy mismo.    <\/strong><\/p>\n<p>La disfunci\u00f3n er\u00e9ctil (DE) describe un trastorno m\u00e9dico o <a href=\"https:\/\/www.medexdtc.com\/es\/psychiatry\/\">psicol\u00f3gico<\/a> en el que un hombre no puede lograr una erecci\u00f3n o mantenerla el tiempo suficiente para mantener relaciones sexuales. Aunque es sin\u00f3nimo de impotencia, disfunci\u00f3n er\u00e9ctil es el t\u00e9rmino moderno que describe con m\u00e1s precisi\u00f3n la afecci\u00f3n. No confundas la disfunci\u00f3n er\u00e9ctil con la eyaculaci\u00f3n precoz; son trastornos distintos.  <\/p>\n<p>Por desgracia, aproximadamente uno de cada diez hombres estadounidenses padecer\u00e1 disfunci\u00f3n er\u00e9ctil en alg\u00fan momento de su vida. Si sufres disfunci\u00f3n er\u00e9ctil, acude al Centro de Diagn\u00f3stico y Tratamiento Medex de Queens, NY. La consulta multidisciplinar cuenta con especialistas en plantilla que han tratado con \u00e9xito a muchos hombres con la misma afecci\u00f3n.  <\/p>\n<h2>\u00bfCu\u00e1l es la definici\u00f3n de disfunci\u00f3n er\u00e9ctil?<\/h2>\n<p>Los hombres no siempre consiguen una erecci\u00f3n cada vez que creen que deber\u00edan hacerlo. Muchas circunstancias normales echan un jarro de agua fr\u00eda sobre una velada por lo dem\u00e1s rom\u00e1ntica. El consumo excesivo de alcohol, la falta de sue\u00f1o, el agravamiento, el estr\u00e9s ajeno o los problemas de pareja pueden afectar, y de hecho afectan, a hombres por lo dem\u00e1s sanos. Estos y otros problemas les incapacitan para mantener relaciones sexuales.   <\/p>\n<p>Mientras la disfunci\u00f3n er\u00e9ctil ocurra menos del 20% de las veces, probablemente no necesites ning\u00fan tratamiento para ella. A veces, por muy viril que te consideres, ocurre. A los hombres mayores les molesta la disfunci\u00f3n er\u00e9ctil con m\u00e1s frecuencia que a los j\u00f3venes, pero puede ocurrirle a cualquier hombre de vez en cuando.  <\/p>\n<p>Pero si m\u00e1s de la mitad de tus intentos de mantener relaciones sexuales acaban en decepci\u00f3n, lo m\u00e1s probable es que tengas un problema que puede beneficiarse de un tratamiento m\u00e9dico pertinente y espec\u00edfico. La disfunci\u00f3n er\u00e9ctil no debe ser una parte normal del envejecimiento. Las relaciones sexuales son una actividad saludable que proporciona placer, estimulaci\u00f3n sana y establecimiento de relaciones a lo largo de toda la vida.  <\/p>\n<h2>Prevenir la disfunci\u00f3n er\u00e9ctil<\/h2>\n<p>Si sufres disfunci\u00f3n er\u00e9ctil debido a tu estilo de vida, puedes prevenirla haciendo algunos ajustes sencillos. Por ejemplo, int\u00e9ntalo: <\/p>\n<ul>\n<li><strong>M\u00e1s ejercicio.<\/strong>  El ejercicio regular favorece el bienestar f\u00edsico y mental, lo que puede prevenir la disfunci\u00f3n er\u00e9ctil.<\/li>\n<li><strong>P\u00e9rdida de peso.<\/strong> La <a href=\"https:\/\/www.medexdtc.com\/es\/obesity\/\">obesidad<\/a> y las consecuencias que conlleva se asocian a menudo con la disfunci\u00f3n er\u00e9ctil.<\/li>\n<li><strong>Vida limpia.<\/strong>  Deja de fumar, beber alcohol y consumir drogas recreativas. Cuando tu cuerpo est\u00e9 limpio, tus problemas de disfunci\u00f3n er\u00e9ctil pueden desaparecer. <\/li>\n<li><strong>Reduce el colesterol.<\/strong>  Los niveles elevados de colesterol en sangre pueden obstruir las arterias e inhibir el flujo sangu\u00edneo en todo el cuerpo, incluido el pene.<\/li>\n<li><strong>Dieta sana.<\/strong>  Te beneficias de muchas maneras cuando evitas los alimentos ricos en grasas saturadas. En su lugar, come m\u00e1s alimentos ricos en fibra, como verduras frescas. <\/li>\n<\/ul>\n<h2>\u00bfQu\u00e9 causa la disfunci\u00f3n er\u00e9ctil?<\/h2>\n<p>Puesto que no es una afecci\u00f3n normal o natural a ninguna edad, la disfunci\u00f3n er\u00e9ctil suele ser un s\u00edntoma de algo m\u00e1s o el resultado de otra afecci\u00f3n subyacente. Los investigadores han relacionado varias afecciones m\u00e9dicas con la disfunci\u00f3n er\u00e9ctil, entre ellas: <\/p>\n<ul>\n<li><strong>Enfermedad vascular.<\/strong>  Cualquier constricci\u00f3n de tu sistema circulatorio inhibe el flujo sangu\u00edneo adecuado a tu pene. La disfunci\u00f3n er\u00e9ctil puede deberse al endurecimiento de tus arterias, denominado aterosclerosis. <\/li>\n<li><strong>Problemas psicol\u00f3gicos.<\/strong> La <a href=\"https:\/\/www.medexdtc.com\/es\/depression\/\">depresi\u00f3n<\/a>, la <a href=\"https:\/\/www.medexdtc.com\/es\/anxiety\/\">ansiedad<\/a> y el estr\u00e9s cotidiano pueden provocar disfunci\u00f3n er\u00e9ctil.<\/li>\n<li><strong>Lesi\u00f3n.<\/strong>  La disfunci\u00f3n er\u00e9ctil puede ser consecuencia de un traumatismo o una intervenci\u00f3n quir\u00fargica en casi cualquier parte de tu cuerpo. Necesitas energ\u00eda para curarte, y tu cuerpo toma medidas para impedir que utilices esa energ\u00eda para el placer sexual. <\/li>\n<li><strong>Enfermedades del sistema nervioso.<\/strong> Afecciones como la esclerosis m\u00faltiple o las lesiones nerviosas provocadas por un ictus o <a href=\"https:\/\/www.medexdtc.com\/es\/diabetes\/\">la diabetes<\/a> pueden causar disfunci\u00f3n er\u00e9ctil.<\/li>\n<li><strong>Enfermedad de Peyronie.<\/strong>  Se trata de un crecimiento no canceroso de tejido cicatricial en el pene, que lo dobla y provoca erecciones bastante dolorosas.<\/li>\n<li><strong>Problemas hormonales.<\/strong>  La testosterona baja se asocia a menudo con la disfunci\u00f3n er\u00e9ctil.<\/li>\n<li><strong>Enfermedades cr\u00f3nicas.<\/strong> <a href=\"https:\/\/www.medexdtc.com\/es\/high-blood-pressure\/\">La hipertensi\u00f3n<\/a>, la diabetes, <a href=\"https:\/\/www.medexdtc.com\/es\/heart-disease\/\">las enfermedades cardiacas<\/a> y algunas formas de artritis pueden provocar disfunci\u00f3n er\u00e9ctil.<\/li>\n<li><strong>Medicamentos.<\/strong>  Los investigadores creen que muchos medicamentos de venta con y sin receta causan disfunci\u00f3n er\u00e9ctil como efecto secundario. Lleva una lista completa de tus medicamentos a tu m\u00e9dico Medex. <\/li>\n<li><strong>Drogas recreativas.<\/strong>  Drogas como el tabaco y el alcohol tienen un efecto perjudicial sobre tu sistema nervioso y circulatorio. Pueden provocar disfunci\u00f3n er\u00e9ctil. <\/li>\n<\/ul>\n<h2>Tratamientos para la disfunci\u00f3n er\u00e9ctil<\/h2>\n<p>Si los cambios en el estilo de vida no corrigen tu disfunci\u00f3n er\u00e9ctil, tu m\u00e9dico de Queens tiene otras herramientas para tratar tu problema. Una serie de f\u00e1rmacos para la disfunci\u00f3n er\u00e9ctil han inundado el mercado, como: <\/p>\n<ul>\n<li>Tadalafil (tambi\u00e9n conocido como Cialis)<\/li>\n<li>Vardenafilo (tambi\u00e9n conocido como Levitra)<\/li>\n<li>Sildenafilo (tambi\u00e9n conocido como Viagra)<\/li>\n<\/ul>\n<p><strong>Otras opciones son los dispositivos mec\u00e1nicos. La disfunci\u00f3n er\u00e9ctil es un problema frecuente que suele reaccionar bien al tratamiento. Tambi\u00e9n puedes probar un anillo para el pene o una bomba de vac\u00edo. Los especialistas del Centro de Diagn\u00f3stico y Tratamiento Medex solucionan este problema con frecuencia. <a href=\"https:\/\/www.medexdtc.com\/es\/disfuncion-erectil\/#contact-form\">Ponte en contacto con la consulta hoy mismo<\/a> para programar una consulta inicial. Recupera tu capacidad sexual y haz que tu vida sexual vuelva a ser la que deber\u00eda ser.    <\/strong><\/p>\n<p>Podemos ayudarte a encontrar m\u00e9dico. Llama al <a href=\"tel:+17182758900\">(718) 275-8900<\/a> <\/p>\n<p>Con licencia del estado de Nueva York, Medex es un centro de diagn\u00f3stico y tratamiento del art\u00edculo 28. Nuestros m\u00e9dicos proporcionan atenci\u00f3n integral a pacientes de todas las edades en la zona de Forest Hills, Queens, desde hace m\u00e1s de 15 a\u00f1os. Empieza a recibir atenci\u00f3n experta ahora llamando o concertando una cita en l\u00ednea con uno de los especialistas cualificados.  <\/p>\n<p>M\u00e1s informaci\u00f3n sobre: <span class=\"css-1uwmyp9-text css-aqdypc css-13sga99 css-6n7j50\"><a href=\"https:\/\/www.medexdtc.com\/specialties\/urgent-care\/\">atenci\u00f3n urgente 24 horas<\/a>, <\/span><a href=\"https:\/\/www.medexdtc.com\/es\/pruebas-de-ets-en-queens-pruebas-de-ets-cerca-de-mi\/\"><span class=\"css-1uwmyp9-text css-aqdypc css-13sga99 css-6n7j50\">centro de pruebas de ETS,<\/span><\/a> <a href=\"https:\/\/www.medexdtc.com\/specialties\/dermatology\/\"><span class=\"css-1uwmyp9-text css-aqdypc css-13sga99 css-6n7j50\">dermat\u00f3logo queens<\/span><\/a>, <a href=\"https:\/\/www.medexdtc.com\/specialties\/podiatry\/\"><span class=\"css-1uwmyp9-text css-aqdypc css-13sga99 css-6n7j50\">pod\u00f3logo queens<\/span><\/a>, <a href=\"https:\/\/www.medexdtc.com\/specialties\/endocrinology\/\"><span class=\"css-1uwmyp9-text css-aqdypc css-13sga99 css-6n7j50\">endocrin\u00f3logo queens<\/span><\/a>.<\/p>\n<p><span class=\"css-1uwmyp9-text css-aqdypc css-13sga99 css-6n7j50\">  <\/span><\/p>\n","protected":false},"excerpt":{"rendered":"<p>La disfunci\u00f3n er\u00e9ctil causa verg\u00fcenza y frustraci\u00f3n en los hombres estadounidenses de todas las edades. Llega a todo el pa\u00eds y afecta hasta al 10% de la poblaci\u00f3n masculina. Aunque algunos medicamentos populares de venta con receta pueden resolver el problema temporalmente, un especialista m\u00e9dico del Centro de Diagn\u00f3stico y Tratamiento Medex de Queens, NY, &hellip; <\/p>\n<p class=\"link-more\"><a href=\"https:\/\/www.medexdtc.com\/es\/disfuncion-erectil\/\" class=\"more-link\">Continue reading<span class=\"screen-reader-text\"> \u00abDisfunci\u00f3n er\u00e9ctil\u00bb<\/span><\/a><\/p>\n","protected":false},"author":3,"featured_media":0,"parent":0,"menu_order":0,"comment_status":"closed","ping_status":"closed","template":"new_inner.php","meta":{"_acf_changed":false,"footnotes":""},"class_list":["post-4309","page","type-page","status-publish","hentry"],"acf":[],"yoast_head":"<!-- This site is optimized with the Yoast SEO plugin v27.5 - https:\/\/yoast.com\/product\/yoast-seo-wordpress\/ -->\n<title>Tratamiento Disfunci\u00f3n Er\u00e9ctil | Mejores Ur\u00f3logos en Forest Hills, Queens, NY<\/title>\n<meta name=\"description\" content=\"ED Doctor Queens. Si sufres disfunci\u00f3n er\u00e9ctil, ven a visitar el Centro de Diagn\u00f3stico y Tratamiento Medex en Forest Hills, Queens, NY.\" \/>\n<meta name=\"robots\" content=\"index, follow, max-snippet:-1, max-image-preview:large, max-video-preview:-1\" \/>\n<link rel=\"canonical\" href=\"https:\/\/www.medexdtc.com\/es\/disfuncion-erectil\/\" \/>\n<meta property=\"og:locale\" content=\"es_ES\" \/>\n<meta property=\"og:type\" content=\"article\" \/>\n<meta property=\"og:title\" content=\"Tratamiento Disfunci\u00f3n Er\u00e9ctil | Mejores Ur\u00f3logos en Forest Hills, Queens, NY\" \/>\n<meta property=\"og:description\" content=\"ED Doctor Queens. Si sufres disfunci\u00f3n er\u00e9ctil, ven a visitar el Centro de Diagn\u00f3stico y Tratamiento Medex en Forest Hills, Queens, NY.\" \/>\n<meta property=\"og:url\" content=\"https:\/\/www.medexdtc.com\/es\/disfuncion-erectil\/\" \/>\n<meta property=\"og:site_name\" content=\"Medex Diagnostic and Treatment Center - Queens Medical Center - Medical Clinic in Forest Hills, NY\" \/>\n<meta property=\"article:publisher\" content=\"https:\/\/www.facebook.com\/medexny\" \/>\n<meta name=\"twitter:card\" content=\"summary_large_image\" \/>\n<meta name=\"twitter:site\" content=\"@DtcMedex\" \/>\n<meta name=\"twitter:label1\" content=\"Tiempo de lectura\" \/>\n\t<meta name=\"twitter:data1\" content=\"6 minutos\" \/>\n<!-- \/ Yoast SEO plugin. -->","yoast_head_json":{"title":"Tratamiento Disfunci\u00f3n Er\u00e9ctil | Mejores Ur\u00f3logos en Forest Hills, Queens, NY","description":"ED Doctor Queens. Si sufres disfunci\u00f3n er\u00e9ctil, ven a visitar el Centro de Diagn\u00f3stico y Tratamiento Medex en Forest Hills, Queens, NY.","robots":{"index":"index","follow":"follow","max-snippet":"max-snippet:-1","max-image-preview":"max-image-preview:large","max-video-preview":"max-video-preview:-1"},"canonical":"https:\/\/www.medexdtc.com\/es\/disfuncion-erectil\/","og_locale":"es_ES","og_type":"article","og_title":"Tratamiento Disfunci\u00f3n Er\u00e9ctil | Mejores Ur\u00f3logos en Forest Hills, Queens, NY","og_description":"ED Doctor Queens. Si sufres disfunci\u00f3n er\u00e9ctil, ven a visitar el Centro de Diagn\u00f3stico y Tratamiento Medex en Forest Hills, Queens, NY.","og_url":"https:\/\/www.medexdtc.com\/es\/disfuncion-erectil\/","og_site_name":"Medex Diagnostic and Treatment Center - Queens Medical Center - Medical Clinic in Forest Hills, NY","article_publisher":"https:\/\/www.facebook.com\/medexny","twitter_card":"summary_large_image","twitter_site":"@DtcMedex","twitter_misc":{"Tiempo de lectura":"6 minutos"},"schema":{"@context":"https:\/\/schema.org","@graph":[{"@type":"WebPage","@id":"https:\/\/www.medexdtc.com\/es\/disfuncion-erectil\/","url":"https:\/\/www.medexdtc.com\/es\/disfuncion-erectil\/","name":"Tratamiento Disfunci\u00f3n Er\u00e9ctil | Mejores Ur\u00f3logos en Forest Hills, Queens, NY","isPartOf":{"@id":"https:\/\/www.medexdtc.com\/es\/#website"},"datePublished":"2020-08-05T18:39:39+00:00","description":"ED Doctor Queens. Si sufres disfunci\u00f3n er\u00e9ctil, ven a visitar el Centro de Diagn\u00f3stico y Tratamiento Medex en Forest Hills, Queens, NY.","breadcrumb":{"@id":"https:\/\/www.medexdtc.com\/es\/disfuncion-erectil\/#breadcrumb"},"inLanguage":"es","potentialAction":[{"@type":"ReadAction","target":["https:\/\/www.medexdtc.com\/es\/disfuncion-erectil\/"]}]},{"@type":"BreadcrumbList","@id":"https:\/\/www.medexdtc.com\/es\/disfuncion-erectil\/#breadcrumb","itemListElement":[{"@type":"ListItem","position":1,"name":"Home","item":"https:\/\/www.medexdtc.com\/es\/"},{"@type":"ListItem","position":2,"name":"Disfunci\u00f3n er\u00e9ctil"}]},{"@type":"WebSite","@id":"https:\/\/www.medexdtc.com\/es\/#website","url":"https:\/\/www.medexdtc.com\/es\/","name":"Medex DTC","description":"Medex Diagnostic and Treatment Center is a Medical Center in Queens, NY is a dynamic multi-specialty clinic. Physicians delivering high quality individualized care in Forest Hills, Queens, NY.","publisher":{"@id":"https:\/\/www.medexdtc.com\/es\/#organization"},"potentialAction":[{"@type":"SearchAction","target":{"@type":"EntryPoint","urlTemplate":"https:\/\/www.medexdtc.com\/es\/?s={search_term_string}"},"query-input":{"@type":"PropertyValueSpecification","valueRequired":true,"valueName":"search_term_string"}}],"inLanguage":"es"},{"@type":"Organization","@id":"https:\/\/www.medexdtc.com\/es\/#organization","name":"Medex DCT","url":"https:\/\/www.medexdtc.com\/es\/","logo":{"@type":"ImageObject","inLanguage":"es","@id":"https:\/\/www.medexdtc.com\/es\/#\/schema\/logo\/image\/","url":"https:\/\/www.medexdtc.com\/wp-content\/uploads\/2024\/11\/medex-diagnostic-and-treatment-center-in-queens-NY.png","contentUrl":"https:\/\/www.medexdtc.com\/wp-content\/uploads\/2024\/11\/medex-diagnostic-and-treatment-center-in-queens-NY.png","width":226,"height":47,"caption":"Medex DCT"},"image":{"@id":"https:\/\/www.medexdtc.com\/es\/#\/schema\/logo\/image\/"},"sameAs":["https:\/\/www.facebook.com\/medexny","https:\/\/x.com\/DtcMedex","https:\/\/www.instagram.com\/medexdtc\/","https:\/\/www.linkedin.com\/company\/medex-diagnostic-and-treatment-center\/about\/"]}]}},"jetpack_sharing_enabled":true,"_links":{"self":[{"href":"https:\/\/www.medexdtc.com\/es\/wp-json\/wp\/v2\/pages\/4309","targetHints":{"allow":["GET"]}}],"collection":[{"href":"https:\/\/www.medexdtc.com\/es\/wp-json\/wp\/v2\/pages"}],"about":[{"href":"https:\/\/www.medexdtc.com\/es\/wp-json\/wp\/v2\/types\/page"}],"author":[{"embeddable":true,"href":"https:\/\/www.medexdtc.com\/es\/wp-json\/wp\/v2\/users\/3"}],"replies":[{"embeddable":true,"href":"https:\/\/www.medexdtc.com\/es\/wp-json\/wp\/v2\/comments?post=4309"}],"version-history":[{"count":0,"href":"https:\/\/www.medexdtc.com\/es\/wp-json\/wp\/v2\/pages\/4309\/revisions"}],"wp:attachment":[{"href":"https:\/\/www.medexdtc.com\/es\/wp-json\/wp\/v2\/media?parent=4309"}],"curies":[{"name":"wp","href":"https:\/\/api.w.org\/{rel}","templated":true}]}}