{"id":4312,"date":"2021-05-20T16:11:13","date_gmt":"2021-05-20T11:11:13","guid":{"rendered":"https:\/\/www.medexdtc.com\/david-tetrokalashvili-dpm\/"},"modified":"2025-03-03T04:41:47","modified_gmt":"2025-03-02T23:41:47","slug":"david-tetrokalashvili-dpm","status":"publish","type":"page","link":"https:\/\/www.medexdtc.com\/es\/medex-dtc-medicos-de-queens\/david-tetrokalashvili-dpm\/","title":{"rendered":"David Tetrokalashvili, DPM"},"content":{"rendered":"<section id=\"about-content-area-1\" class=\"about-content-area-one\">\n<div class=\"sub-container\">\n<div class=\"about-doc-panel\">\n<div class=\"doc-img-left\">\n<div class=\"about-doctor-image\"><img decoding=\"async\" class=\"attachment-post-thumbnail size-post-thumbnail wp-post-image\" src=\"https:\/\/www.medexdtc.com\/wp-content\/uploads\/2020\/08\/Dr-David-Tetrokalashvili-DPM-149273-circle_large.png\" alt=\"Pod\u00f3logo David Tetrokalashvili, DPM\" width=\"216\" height=\"216\"><\/div>\n<\/div>\n<div class=\"doc-detail-right\">\n<div class=\"about-doctor-reviews\">\u2605\u2605\u2605\u2605\u2605<\/div>\n<div class=\"about-doctor-name\">David Tetrokalashvili, DPM<\/div>\n<div class=\"about-doctor-desig\">Pod\u00f3logo<\/div>\n<div class=\"contect-sec\">\n<div>\n<div class=\"about-doct-number\"><a href=\"tel:+1718.275.8900\">718.275.8900<\/a><\/div>\n<div class=\"about-doct-address\">Forest Hills, Queens, NY<\/div>\n<\/div>\n<\/div>\n<p><a class=\"appointment-btn\" href=\"https:\/\/app.nexhealth.com\/appt\/medex-diagnostic-and-treatment-center\/p,19166895,h:y\" target=\"_blank\" rel=\"noopener\">Programa una<strong>cita en<\/strong><br \/>\n<strong><\/strong><\/a><\/p>\n<\/div>\n<\/div>\n<\/div>\n<\/section>\n<section id=\"about-content-area\" class=\"about-content-sec sub-container\">\n<div class=\"about-madex-page-sub-title\"><\/div>\n<div class=\"content-one about-editor-content\">\n<h1>Acerca de David Tetrokalashvili, DPM &#8211; Pod\u00f3logo en Queens, NY<\/h1>\n<p>El Dr. David Tetrokalashvili es un <a href=\"https:\/\/www.medexdtc.com\/podiatry\/\">pod\u00f3logo experimentado en Queens<\/a> con pasi\u00f3n por servir a sus pacientes. Tras licenciarse en el Centro M\u00e9dico de la Universidad de Mosc\u00fa, el Dr. Tetrokalashvili complet\u00f3 su residencia en el Centro M\u00e9dico Interreligioso de Brooklyn. Se complace en atender a sus visitas tanto en ingl\u00e9s como en ruso.  <\/p>\n<\/div>\n<p><!-- \n\n<div class=\"content-two sub-container\">\n\n\n<div class=\"about-title\">Conditions<\/div>\n\n\n\n\n<div class=\"condition-lists\">\n\n\n<ul><\/ul>\n\n\n<\/div>\n\n\n<\/div>\n\n\n\n\n<div class=\"content-two mt-4 sub-container\">\n\n\n<div class=\"about-title\">Treatments<\/div>\n\n\n\n\n<div class=\"condition-lists\">\n\n\n<ul><\/ul>\n\n\n<\/div>\n\n\n<\/div>\n\n\n--><\/p>\n<div class=\"content-three about-editor-content sub-container\">\n<h2 class=\"about-title\">Credenciales<\/h2>\n<h3>Especialidades<\/h3>\n<p>Pod\u00f3logo<\/p>\n<h3>Nombres de pr\u00e1cticas<\/h3>\n<p>Centro de Diagn\u00f3stico y Tratamiento Medex<\/p>\n<h3>Educaci\u00f3n y formaci\u00f3n<\/h3>\n<ul>\n<li>I.M. Sechenov Primera Universidad M\u00e9dica Estatal de Mosc\u00fa<\/li>\n<li>Centro M\u00e9dico Interreligioso (Residencia)<\/li>\n<\/ul>\n<h2>Afecciones y tratamientos<\/h2>\n<ul>\n<li>Problemas en los pies<\/li>\n<li>Consulta sobre los pies<\/li>\n<li>Infecci\u00f3n del pie<\/li>\n<li>Pie diab\u00e9tico<\/li>\n<li>Dolor de pies<\/li>\n<li>Juanete<\/li>\n<li>Lesiones de tobillo \/ Esguince<\/li>\n<li>Verruga(s)<\/li>\n<li>Problemas de u\u00f1as<\/li>\n<li>Rayos X<\/li>\n<li>Problemas de tobillo<\/li>\n<li>Pie de atleta<\/li>\n<li>Problemas al andar<\/li>\n<li>Lesiones en el pie<\/li>\n<li>Gota<\/li>\n<li>Absceso<\/li>\n<li>\u00dalceras del pie<\/li>\n<li>Seguimiento del pie<\/li>\n<li>Problema en las u\u00f1as de los pies<\/li>\n<li>Eliminaci\u00f3n de u\u00f1as de los pies<\/li>\n<li>Callos \/ Callosidades<\/li>\n<li>Infecci\u00f3n de tobillo<\/li>\n<li>Fractura de pie<\/li>\n<li>Dolor de tobillo<\/li>\n<li>Tumor \/ Neuroma de pie o tobillo<\/li>\n<li>Dedos en martillo<\/li>\n<li>Dolor de tal\u00f3n<\/li>\n<li>Deformidades pedi\u00e1tricas del pie<\/li>\n<li>Tratamiento de varices<\/li>\n<li>Fascitis plantar<\/li>\n<li>Fractura de tobillo<\/li>\n<\/ul>\n<\/div>\n<\/section>\n","protected":false},"excerpt":{"rendered":"<p>\u2605\u2605\u2605\u2605\u2605 David Tetrokalashvili, DPM Pod\u00f3logo 718.275.8900 Forest Hills, Queens, NY Programa unacita en Acerca de David Tetrokalashvili, DPM &#8211; Pod\u00f3logo en Queens, NY El Dr. David Tetrokalashvili es un pod\u00f3logo experimentado en Queens con pasi\u00f3n por servir a sus pacientes. Tras licenciarse en el Centro M\u00e9dico de la Universidad de Mosc\u00fa, el Dr. Tetrokalashvili complet\u00f3 &hellip; <\/p>\n<p class=\"link-more\"><a href=\"https:\/\/www.medexdtc.com\/es\/medex-dtc-medicos-de-queens\/david-tetrokalashvili-dpm\/\" class=\"more-link\">Continue reading<span class=\"screen-reader-text\"> \u00abDavid Tetrokalashvili, DPM\u00bb<\/span><\/a><\/p>\n","protected":false},"author":3,"featured_media":0,"parent":4364,"menu_order":0,"comment_status":"closed","ping_status":"closed","template":"doctor-full-width.php","meta":{"_acf_changed":false,"footnotes":""},"class_list":["post-4312","page","type-page","status-publish","hentry"],"acf":[],"yoast_head":"<!-- This site is optimized with the Yoast SEO plugin v27.5 - https:\/\/yoast.com\/product\/yoast-seo-wordpress\/ -->\n<title>David Tetrokalashvili, DPM - Pod\u00f3logo en Forest Hills, Queens, NY<\/title>\n<meta name=\"description\" content=\"Pod\u00f3logo en Forest Hills, Queens, NY David Tetrokalashvili, DPM trata trastornos de juanetes, u\u00f1as encarnadas, dedo en martillo, celulitis.\" \/>\n<meta name=\"robots\" content=\"index, follow, max-snippet:-1, max-image-preview:large, max-video-preview:-1\" \/>\n<link rel=\"canonical\" href=\"https:\/\/www.medexdtc.com\/es\/medex-dtc-medicos-de-queens\/david-tetrokalashvili-dpm\/\" \/>\n<meta property=\"og:locale\" content=\"es_ES\" \/>\n<meta property=\"og:type\" content=\"article\" \/>\n<meta property=\"og:title\" content=\"David Tetrokalashvili, DPM - Pod\u00f3logo en Forest Hills, Queens, NY\" \/>\n<meta property=\"og:description\" content=\"Pod\u00f3logo en Forest Hills, Queens, NY David Tetrokalashvili, DPM trata trastornos de juanetes, u\u00f1as encarnadas, dedo en martillo, celulitis.\" \/>\n<meta property=\"og:url\" content=\"https:\/\/www.medexdtc.com\/es\/medex-dtc-medicos-de-queens\/david-tetrokalashvili-dpm\/\" \/>\n<meta property=\"og:site_name\" content=\"Medex Diagnostic and Treatment Center - Queens Medical Center - Medical Clinic in Forest Hills, NY\" \/>\n<meta property=\"article:publisher\" content=\"https:\/\/www.facebook.com\/medexny\" \/>\n<meta property=\"article:modified_time\" content=\"2025-03-02T23:41:47+00:00\" \/>\n<meta property=\"og:image\" content=\"https:\/\/www.medexdtc.com\/wp-content\/uploads\/2020\/08\/Dr-David-Tetrokalashvili-DPM-149273-circle_large.png\" \/>\n<meta name=\"twitter:card\" content=\"summary_large_image\" \/>\n<meta name=\"twitter:site\" content=\"@DtcMedex\" \/>\n<meta name=\"twitter:label1\" content=\"Tiempo de lectura\" \/>\n\t<meta name=\"twitter:data1\" content=\"1 minuto\" \/>\n<!-- \/ Yoast SEO plugin. -->","yoast_head_json":{"title":"David Tetrokalashvili, DPM - Pod\u00f3logo en Forest Hills, Queens, NY","description":"Pod\u00f3logo en Forest Hills, Queens, NY David Tetrokalashvili, DPM trata trastornos de juanetes, u\u00f1as encarnadas, dedo en martillo, celulitis.","robots":{"index":"index","follow":"follow","max-snippet":"max-snippet:-1","max-image-preview":"max-image-preview:large","max-video-preview":"max-video-preview:-1"},"canonical":"https:\/\/www.medexdtc.com\/es\/medex-dtc-medicos-de-queens\/david-tetrokalashvili-dpm\/","og_locale":"es_ES","og_type":"article","og_title":"David Tetrokalashvili, DPM - Pod\u00f3logo en Forest Hills, Queens, NY","og_description":"Pod\u00f3logo en Forest Hills, Queens, NY David Tetrokalashvili, DPM trata trastornos de juanetes, u\u00f1as encarnadas, dedo en martillo, celulitis.","og_url":"https:\/\/www.medexdtc.com\/es\/medex-dtc-medicos-de-queens\/david-tetrokalashvili-dpm\/","og_site_name":"Medex Diagnostic and Treatment Center - Queens Medical Center - Medical Clinic in Forest Hills, NY","article_publisher":"https:\/\/www.facebook.com\/medexny","article_modified_time":"2025-03-02T23:41:47+00:00","og_image":[{"url":"https:\/\/www.medexdtc.com\/wp-content\/uploads\/2020\/08\/Dr-David-Tetrokalashvili-DPM-149273-circle_large.png","type":"","width":"","height":""}],"twitter_card":"summary_large_image","twitter_site":"@DtcMedex","twitter_misc":{"Tiempo de lectura":"1 minuto"},"schema":{"@context":"https:\/\/schema.org","@graph":[{"@type":"WebPage","@id":"https:\/\/www.medexdtc.com\/es\/medex-dtc-medicos-de-queens\/david-tetrokalashvili-dpm\/","url":"https:\/\/www.medexdtc.com\/es\/medex-dtc-medicos-de-queens\/david-tetrokalashvili-dpm\/","name":"David Tetrokalashvili, DPM - Pod\u00f3logo en Forest Hills, Queens, NY","isPartOf":{"@id":"https:\/\/www.medexdtc.com\/es\/#website"},"primaryImageOfPage":{"@id":"https:\/\/www.medexdtc.com\/es\/medex-dtc-medicos-de-queens\/david-tetrokalashvili-dpm\/#primaryimage"},"image":{"@id":"https:\/\/www.medexdtc.com\/es\/medex-dtc-medicos-de-queens\/david-tetrokalashvili-dpm\/#primaryimage"},"thumbnailUrl":"https:\/\/www.medexdtc.com\/wp-content\/uploads\/2020\/08\/Dr-David-Tetrokalashvili-DPM-149273-circle_large.png","datePublished":"2021-05-20T11:11:13+00:00","dateModified":"2025-03-02T23:41:47+00:00","description":"Pod\u00f3logo en Forest Hills, Queens, NY David Tetrokalashvili, DPM trata trastornos de juanetes, u\u00f1as encarnadas, dedo en martillo, celulitis.","breadcrumb":{"@id":"https:\/\/www.medexdtc.com\/es\/medex-dtc-medicos-de-queens\/david-tetrokalashvili-dpm\/#breadcrumb"},"inLanguage":"es","potentialAction":[{"@type":"ReadAction","target":["https:\/\/www.medexdtc.com\/es\/medex-dtc-medicos-de-queens\/david-tetrokalashvili-dpm\/"]}]},{"@type":"ImageObject","inLanguage":"es","@id":"https:\/\/www.medexdtc.com\/es\/medex-dtc-medicos-de-queens\/david-tetrokalashvili-dpm\/#primaryimage","url":"https:\/\/www.medexdtc.com\/wp-content\/uploads\/2020\/08\/Dr-David-Tetrokalashvili-DPM-149273-circle_large.png","contentUrl":"https:\/\/www.medexdtc.com\/wp-content\/uploads\/2020\/08\/Dr-David-Tetrokalashvili-DPM-149273-circle_large.png"},{"@type":"BreadcrumbList","@id":"https:\/\/www.medexdtc.com\/es\/medex-dtc-medicos-de-queens\/david-tetrokalashvili-dpm\/#breadcrumb","itemListElement":[{"@type":"ListItem","position":1,"name":"Home","item":"https:\/\/www.medexdtc.com\/es\/"},{"@type":"ListItem","position":2,"name":"Medex DTC M\u00e9dicos de Queens","item":"https:\/\/www.medexdtc.com\/es\/medex-dtc-medicos-de-queens\/"},{"@type":"ListItem","position":3,"name":"David Tetrokalashvili, DPM"}]},{"@type":"WebSite","@id":"https:\/\/www.medexdtc.com\/es\/#website","url":"https:\/\/www.medexdtc.com\/es\/","name":"Medex DTC","description":"Medex Diagnostic and Treatment Center is a Medical Center in Queens, NY is a dynamic multi-specialty clinic. Physicians delivering high quality individualized care in Forest Hills, Queens, NY.","publisher":{"@id":"https:\/\/www.medexdtc.com\/es\/#organization"},"potentialAction":[{"@type":"SearchAction","target":{"@type":"EntryPoint","urlTemplate":"https:\/\/www.medexdtc.com\/es\/?s={search_term_string}"},"query-input":{"@type":"PropertyValueSpecification","valueRequired":true,"valueName":"search_term_string"}}],"inLanguage":"es"},{"@type":"Organization","@id":"https:\/\/www.medexdtc.com\/es\/#organization","name":"Medex DCT","url":"https:\/\/www.medexdtc.com\/es\/","logo":{"@type":"ImageObject","inLanguage":"es","@id":"https:\/\/www.medexdtc.com\/es\/#\/schema\/logo\/image\/","url":"https:\/\/www.medexdtc.com\/wp-content\/uploads\/2024\/11\/medex-diagnostic-and-treatment-center-in-queens-NY.png","contentUrl":"https:\/\/www.medexdtc.com\/wp-content\/uploads\/2024\/11\/medex-diagnostic-and-treatment-center-in-queens-NY.png","width":226,"height":47,"caption":"Medex DCT"},"image":{"@id":"https:\/\/www.medexdtc.com\/es\/#\/schema\/logo\/image\/"},"sameAs":["https:\/\/www.facebook.com\/medexny","https:\/\/x.com\/DtcMedex","https:\/\/www.instagram.com\/medexdtc\/","https:\/\/www.linkedin.com\/company\/medex-diagnostic-and-treatment-center\/about\/"]}]}},"jetpack_sharing_enabled":true,"_links":{"self":[{"href":"https:\/\/www.medexdtc.com\/es\/wp-json\/wp\/v2\/pages\/4312","targetHints":{"allow":["GET"]}}],"collection":[{"href":"https:\/\/www.medexdtc.com\/es\/wp-json\/wp\/v2\/pages"}],"about":[{"href":"https:\/\/www.medexdtc.com\/es\/wp-json\/wp\/v2\/types\/page"}],"author":[{"embeddable":true,"href":"https:\/\/www.medexdtc.com\/es\/wp-json\/wp\/v2\/users\/3"}],"replies":[{"embeddable":true,"href":"https:\/\/www.medexdtc.com\/es\/wp-json\/wp\/v2\/comments?post=4312"}],"version-history":[{"count":1,"href":"https:\/\/www.medexdtc.com\/es\/wp-json\/wp\/v2\/pages\/4312\/revisions"}],"predecessor-version":[{"id":4369,"href":"https:\/\/www.medexdtc.com\/es\/wp-json\/wp\/v2\/pages\/4312\/revisions\/4369"}],"up":[{"embeddable":true,"href":"https:\/\/www.medexdtc.com\/es\/wp-json\/wp\/v2\/pages\/4364"}],"wp:attachment":[{"href":"https:\/\/www.medexdtc.com\/es\/wp-json\/wp\/v2\/media?parent=4312"}],"curies":[{"name":"wp","href":"https:\/\/api.w.org\/{rel}","templated":true}]}}