{"id":4320,"date":"2021-05-20T16:12:31","date_gmt":"2021-05-20T11:12:31","guid":{"rendered":"https:\/\/www.medexdtc.com\/olga-likhtman-od\/"},"modified":"2025-03-03T04:41:47","modified_gmt":"2025-03-02T23:41:47","slug":"olga-likhtman-od","status":"publish","type":"page","link":"https:\/\/www.medexdtc.com\/es\/medex-dtc-medicos-de-queens\/olga-likhtman-od\/","title":{"rendered":"Olga Likhtman, OD"},"content":{"rendered":"<section id=\"about-content-area-1\" class=\"about-content-area-one\">\n<div class=\"sub-container\">\n<div class=\"about-doc-panel\">\n<div class=\"doc-img-left\">\n<div class=\"about-doctor-image\"><img decoding=\"async\" class=\"attachment-post-thumbnail size-post-thumbnail wp-post-image\" src=\"https:\/\/www.medexdtc.com\/wp-content\/uploads\/2020\/08\/Dr-Olga-Likhtman-OD-147474-circle_large.png\" alt=\"Optometrista en Queens, Olga Likhtman, OD\" width=\"216\" height=\"216\"><\/div>\n<\/div>\n<div class=\"doc-detail-right\">\n<div class=\"about-doctor-reviews\">\u2605\u2605\u2605\u2605\u2605<\/div>\n<div class=\"about-doctor-name\">Olga Likhtman, OD<\/div>\n<div class=\"about-doctor-desig\">Optometrista<\/div>\n<div class=\"contect-sec\">\n<div>\n<div class=\"about-doct-number\"><a href=\"tel:+1718.275.8900\">718.275.8900<\/a><\/div>\n<div class=\"about-doct-address\">Forest Hills, Queens, NY<\/div>\n<\/div>\n<\/div>\n<p><a class=\"appointment-btn\" href=\"https:\/\/app.nexhealth.com\/appt\/medex-diagnostic-and-treatment-center\/p,19166880,h:y\" target=\"_blank\" rel=\"noopener\">Programa una<strong>cita en<\/strong><br \/>\n<strong><\/strong><\/a><\/p>\n<\/div>\n<\/div>\n<\/div>\n<\/section>\n<section id=\"about-content-area\" class=\"about-content-sec sub-container\">\n<div class=\"about-madex-page-sub-title\"><\/div>\n<div class=\"content-one about-editor-content\">\n<h1>Olga Likhtman, OD &#8211; Optometrista en Queens, NY<\/h1>\n<p>Nuestras <a href=\"https:\/\/www.medexdtc.com\/es\/\">consultas m\u00e9dicas<\/a> ofrecen atenci\u00f3n oftalmol\u00f3gica profesional de calidad, incluido un examen ocular completo, en un entorno privado. Si necesitas ver a un optometrista para un examen ocular, ojos secos, lentes de contacto o una adaptaci\u00f3n de gafas, podemos ayudarte. Si buscas una atenci\u00f3n de calidad con un toque personal, esperamos que nos llames. Estaremos encantados de tenerte como paciente y esperamos poder atender las necesidades optom\u00e9tricas de tu familia.   <\/p>\n<p>En nuestro centro de atenci\u00f3n sanitaria <a href=\"https:\/\/www.medexdtc.com\/es\/especialidades-medicas\/\">multiespecialidad<\/a> de Queens, Nueva York, encontrar\u00e1s <a href=\"https:\/\/www.medexdtc.com\/es\/medex-dtc-medicos-de-queens\/\">m\u00e9dicos<\/a> atentos que ofrecen una excelente atenci\u00f3n al paciente, el apoyo y la profesionalidad que necesitas cuando te enfrentas a cualquier problema de salud.<\/p>\n<\/div>\n<p><!-- \n\n<div class=\"content-two sub-container\">\n\n\n<div class=\"about-title\">Conditions<\/div>\n\n\n\n\n<div class=\"condition-lists\">\n\n\n<ul><\/ul>\n\n\n<\/div>\n\n\n<\/div>\n\n\n\n\n<div class=\"content-two mt-4 sub-container\">\n\n\n<div class=\"about-title\">Treatments<\/div>\n\n\n\n\n<div class=\"condition-lists\">\n\n\n<ul><\/ul>\n\n\n<\/div>\n\n\n<\/div>\n\n\n--><\/p>\n<div class=\"content-three about-editor-content sub-container\">\n<h2 class=\"about-title\">Credenciales<\/h2>\n<h3>Especialidades<\/h3>\n<p>Optometrista<\/p>\n<h3>Nombres de pr\u00e1cticas<\/h3>\n<p>Centro de Diagn\u00f3stico y Tratamiento Medex<\/p>\n<h3>Educaci\u00f3n y formaci\u00f3n<\/h3>\n<ul>\n<li>Universidad Estatal de Nueva York, Doctor en Optometr\u00eda<\/li>\n<li>Universidad Estatal de Nueva York, Residencia en Enfermedades Oculares<\/li>\n<li>Universidad Estatal de Nueva York, Beca en Enfermedades Oculares<\/li>\n<\/ul>\n<h2>Enfermedades y tratamientos<\/h2>\n<ul>\n<li>Consulta Oftalmol\u00f3gica General<\/li>\n<li>Gafas<\/li>\n<li>Infecci\u00f3n ocular<\/li>\n<li>Visita de urgencias oculares<\/li>\n<li>Consulta de glaucoma<\/li>\n<li>Problemas oculares al\u00e9rgicos<\/li>\n<li>Consulta de Retina<\/li>\n<li>P\u00e9rdida de visi\u00f3n<\/li>\n<li>Consulta sobre uve\u00edtis<\/li>\n<li>Cataratas<\/li>\n<li>Seguimiento Ocular General<\/li>\n<li>Seguimiento del glaucoma<\/li>\n<li>Orzuelo \/ Hordeolum<\/li>\n<li>Examen ocular completo con dilataci\u00f3n de pupila<\/li>\n<li>Retinopat\u00eda diab\u00e9tica<\/li>\n<li>Ojo seco<\/li>\n<li>Traumatismo ocular \/ Extracci\u00f3n de cuerpo extra\u00f1o \/ Abrasi\u00f3n corneal<\/li>\n<li>Problema de p\u00e1rpados<\/li>\n<li>Destelladores y flotadores<\/li>\n<li>Degeneraci\u00f3n macular<\/li>\n<li>Neuritis \u00f3ptica \/ Retinitis<\/li>\n<li>Consulta de Optometr\u00eda<\/li>\n<li>Optometr\u00eda Seguimiento<\/li>\n<li>Visita Pre \/ Post-Operatoria<\/li>\n<li>Desprendimiento de retina<\/li>\n<li>Examen ocular anual<\/li>\n<\/ul>\n<\/div>\n<\/section>\n","protected":false},"excerpt":{"rendered":"<p>\u2605\u2605\u2605\u2605\u2605 Olga Likhtman, OD Optometrista 718.275.8900 Forest Hills, Queens, NY Programa unacita en Olga Likhtman, OD &#8211; Optometrista en Queens, NY Nuestras consultas m\u00e9dicas ofrecen atenci\u00f3n oftalmol\u00f3gica profesional de calidad, incluido un examen ocular completo, en un entorno privado. Si necesitas ver a un optometrista para un examen ocular, ojos secos, lentes de contacto o &hellip; <\/p>\n<p class=\"link-more\"><a href=\"https:\/\/www.medexdtc.com\/es\/medex-dtc-medicos-de-queens\/olga-likhtman-od\/\" class=\"more-link\">Continue reading<span class=\"screen-reader-text\"> \u00abOlga Likhtman, OD\u00bb<\/span><\/a><\/p>\n","protected":false},"author":3,"featured_media":5201,"parent":4364,"menu_order":0,"comment_status":"closed","ping_status":"closed","template":"doctor-full-width.php","meta":{"_acf_changed":false,"footnotes":""},"class_list":["post-4320","page","type-page","status-publish","has-post-thumbnail","hentry"],"acf":[],"yoast_head":"<!-- This site is optimized with the Yoast SEO plugin v27.5 - https:\/\/yoast.com\/product\/yoast-seo-wordpress\/ -->\n<title>Olga Likhtman, OD - Optometrista en Forest Hills, Queens, NY<\/title>\n<meta name=\"description\" content=\"Si necesitas ver a un optometrista en Forest Hills, Queens, NY para un examen ocular, ojos secos, lentes de contacto o un ajuste de gafas, Olga Likhtman, OD puede ayudarte.\" \/>\n<meta name=\"robots\" content=\"index, follow, max-snippet:-1, max-image-preview:large, max-video-preview:-1\" \/>\n<link rel=\"canonical\" href=\"https:\/\/www.medexdtc.com\/es\/medex-dtc-medicos-de-queens\/olga-likhtman-od\/\" \/>\n<meta property=\"og:locale\" content=\"es_ES\" \/>\n<meta property=\"og:type\" content=\"article\" \/>\n<meta property=\"og:title\" content=\"Olga Likhtman, OD - Optometrista en Forest Hills, Queens, NY\" \/>\n<meta property=\"og:description\" content=\"Si necesitas ver a un optometrista en Forest Hills, Queens, NY para un examen ocular, ojos secos, lentes de contacto o un ajuste de gafas, Olga Likhtman, OD puede ayudarte.\" \/>\n<meta property=\"og:url\" content=\"https:\/\/www.medexdtc.com\/es\/medex-dtc-medicos-de-queens\/olga-likhtman-od\/\" \/>\n<meta property=\"og:site_name\" content=\"Medex Diagnostic and Treatment Center - Queens Medical Center - Medical Clinic in Forest Hills, NY\" \/>\n<meta property=\"article:publisher\" content=\"https:\/\/www.facebook.com\/medexny\" \/>\n<meta property=\"article:modified_time\" content=\"2025-03-02T23:41:47+00:00\" \/>\n<meta property=\"og:image\" content=\"https:\/\/www.medexdtc.com\/wp-content\/uploads\/2020\/08\/Dr-Olga-Likhtman-OD-147474-circle_large.png\" \/>\n<meta name=\"twitter:card\" content=\"summary_large_image\" \/>\n<meta name=\"twitter:site\" content=\"@DtcMedex\" \/>\n<meta name=\"twitter:label1\" content=\"Tiempo de lectura\" \/>\n\t<meta name=\"twitter:data1\" content=\"1 minuto\" \/>\n<!-- \/ Yoast SEO plugin. -->","yoast_head_json":{"title":"Olga Likhtman, OD - Optometrista en Forest Hills, Queens, NY","description":"Si necesitas ver a un optometrista en Forest Hills, Queens, NY para un examen ocular, ojos secos, lentes de contacto o un ajuste de gafas, Olga Likhtman, OD puede ayudarte.","robots":{"index":"index","follow":"follow","max-snippet":"max-snippet:-1","max-image-preview":"max-image-preview:large","max-video-preview":"max-video-preview:-1"},"canonical":"https:\/\/www.medexdtc.com\/es\/medex-dtc-medicos-de-queens\/olga-likhtman-od\/","og_locale":"es_ES","og_type":"article","og_title":"Olga Likhtman, OD - Optometrista en Forest Hills, Queens, NY","og_description":"Si necesitas ver a un optometrista en Forest Hills, Queens, NY para un examen ocular, ojos secos, lentes de contacto o un ajuste de gafas, Olga Likhtman, OD puede ayudarte.","og_url":"https:\/\/www.medexdtc.com\/es\/medex-dtc-medicos-de-queens\/olga-likhtman-od\/","og_site_name":"Medex Diagnostic and Treatment Center - Queens Medical Center - Medical Clinic in Forest Hills, NY","article_publisher":"https:\/\/www.facebook.com\/medexny","article_modified_time":"2025-03-02T23:41:47+00:00","og_image":[{"url":"https:\/\/www.medexdtc.com\/wp-content\/uploads\/2020\/08\/Dr-Olga-Likhtman-OD-147474-circle_large.png","type":"","width":"","height":""}],"twitter_card":"summary_large_image","twitter_site":"@DtcMedex","twitter_misc":{"Tiempo de lectura":"1 minuto"},"schema":{"@context":"https:\/\/schema.org","@graph":[{"@type":"WebPage","@id":"https:\/\/www.medexdtc.com\/es\/medex-dtc-medicos-de-queens\/olga-likhtman-od\/","url":"https:\/\/www.medexdtc.com\/es\/medex-dtc-medicos-de-queens\/olga-likhtman-od\/","name":"Olga Likhtman, OD - Optometrista en Forest Hills, Queens, NY","isPartOf":{"@id":"https:\/\/www.medexdtc.com\/es\/#website"},"primaryImageOfPage":{"@id":"https:\/\/www.medexdtc.com\/es\/medex-dtc-medicos-de-queens\/olga-likhtman-od\/#primaryimage"},"image":{"@id":"https:\/\/www.medexdtc.com\/es\/medex-dtc-medicos-de-queens\/olga-likhtman-od\/#primaryimage"},"thumbnailUrl":"https:\/\/www.medexdtc.com\/wp-content\/uploads\/2025\/06\/Olga-Likhtman-OD.jpg","datePublished":"2021-05-20T11:12:31+00:00","dateModified":"2025-03-02T23:41:47+00:00","description":"Si necesitas ver a un optometrista en Forest Hills, Queens, NY para un examen ocular, ojos secos, lentes de contacto o un ajuste de gafas, Olga Likhtman, OD puede ayudarte.","breadcrumb":{"@id":"https:\/\/www.medexdtc.com\/es\/medex-dtc-medicos-de-queens\/olga-likhtman-od\/#breadcrumb"},"inLanguage":"es","potentialAction":[{"@type":"ReadAction","target":["https:\/\/www.medexdtc.com\/es\/medex-dtc-medicos-de-queens\/olga-likhtman-od\/"]}]},{"@type":"ImageObject","inLanguage":"es","@id":"https:\/\/www.medexdtc.com\/es\/medex-dtc-medicos-de-queens\/olga-likhtman-od\/#primaryimage","url":"https:\/\/www.medexdtc.com\/wp-content\/uploads\/2025\/06\/Olga-Likhtman-OD.jpg","contentUrl":"https:\/\/www.medexdtc.com\/wp-content\/uploads\/2025\/06\/Olga-Likhtman-OD.jpg","width":216,"height":216,"caption":"Olga Likhtman, OD"},{"@type":"BreadcrumbList","@id":"https:\/\/www.medexdtc.com\/es\/medex-dtc-medicos-de-queens\/olga-likhtman-od\/#breadcrumb","itemListElement":[{"@type":"ListItem","position":1,"name":"Home","item":"https:\/\/www.medexdtc.com\/es\/"},{"@type":"ListItem","position":2,"name":"Medex DTC M\u00e9dicos de Queens","item":"https:\/\/www.medexdtc.com\/es\/medex-dtc-medicos-de-queens\/"},{"@type":"ListItem","position":3,"name":"Olga Likhtman, OD"}]},{"@type":"WebSite","@id":"https:\/\/www.medexdtc.com\/es\/#website","url":"https:\/\/www.medexdtc.com\/es\/","name":"Medex DTC","description":"Medex Diagnostic and Treatment Center is a Medical Center in Queens, NY is a dynamic multi-specialty clinic. Physicians delivering high quality individualized care in Forest Hills, Queens, NY.","publisher":{"@id":"https:\/\/www.medexdtc.com\/es\/#organization"},"potentialAction":[{"@type":"SearchAction","target":{"@type":"EntryPoint","urlTemplate":"https:\/\/www.medexdtc.com\/es\/?s={search_term_string}"},"query-input":{"@type":"PropertyValueSpecification","valueRequired":true,"valueName":"search_term_string"}}],"inLanguage":"es"},{"@type":"Organization","@id":"https:\/\/www.medexdtc.com\/es\/#organization","name":"Medex DCT","url":"https:\/\/www.medexdtc.com\/es\/","logo":{"@type":"ImageObject","inLanguage":"es","@id":"https:\/\/www.medexdtc.com\/es\/#\/schema\/logo\/image\/","url":"https:\/\/www.medexdtc.com\/wp-content\/uploads\/2024\/11\/medex-diagnostic-and-treatment-center-in-queens-NY.png","contentUrl":"https:\/\/www.medexdtc.com\/wp-content\/uploads\/2024\/11\/medex-diagnostic-and-treatment-center-in-queens-NY.png","width":226,"height":47,"caption":"Medex DCT"},"image":{"@id":"https:\/\/www.medexdtc.com\/es\/#\/schema\/logo\/image\/"},"sameAs":["https:\/\/www.facebook.com\/medexny","https:\/\/x.com\/DtcMedex","https:\/\/www.instagram.com\/medexdtc\/","https:\/\/www.linkedin.com\/company\/medex-diagnostic-and-treatment-center\/about\/"]}]}},"jetpack_sharing_enabled":true,"_links":{"self":[{"href":"https:\/\/www.medexdtc.com\/es\/wp-json\/wp\/v2\/pages\/4320","targetHints":{"allow":["GET"]}}],"collection":[{"href":"https:\/\/www.medexdtc.com\/es\/wp-json\/wp\/v2\/pages"}],"about":[{"href":"https:\/\/www.medexdtc.com\/es\/wp-json\/wp\/v2\/types\/page"}],"author":[{"embeddable":true,"href":"https:\/\/www.medexdtc.com\/es\/wp-json\/wp\/v2\/users\/3"}],"replies":[{"embeddable":true,"href":"https:\/\/www.medexdtc.com\/es\/wp-json\/wp\/v2\/comments?post=4320"}],"version-history":[{"count":1,"href":"https:\/\/www.medexdtc.com\/es\/wp-json\/wp\/v2\/pages\/4320\/revisions"}],"predecessor-version":[{"id":4370,"href":"https:\/\/www.medexdtc.com\/es\/wp-json\/wp\/v2\/pages\/4320\/revisions\/4370"}],"up":[{"embeddable":true,"href":"https:\/\/www.medexdtc.com\/es\/wp-json\/wp\/v2\/pages\/4364"}],"wp:featuredmedia":[{"embeddable":true,"href":"https:\/\/www.medexdtc.com\/es\/wp-json\/wp\/v2\/media\/5201"}],"wp:attachment":[{"href":"https:\/\/www.medexdtc.com\/es\/wp-json\/wp\/v2\/media?parent=4320"}],"curies":[{"name":"wp","href":"https:\/\/api.w.org\/{rel}","templated":true}]}}