{"id":4329,"date":"2021-05-20T16:16:04","date_gmt":"2021-05-20T11:16:04","guid":{"rendered":"https:\/\/www.medexdtc.com\/dr-boris-chusid\/"},"modified":"2025-03-03T04:41:47","modified_gmt":"2025-03-02T23:41:47","slug":"dr-boris-chusid","status":"publish","type":"page","link":"https:\/\/www.medexdtc.com\/es\/medex-dtc-medicos-de-queens\/dr-boris-chusid\/","title":{"rendered":"Dr. Boris Chusid"},"content":{"rendered":"<section id=\"about-content-area-1\" class=\"about-content-area-one\">\n<div class=\"sub-container\">\n<div class=\"about-doc-panel\">\n<div class=\"doc-img-left\">\n<div class=\"about-doctor-image\"><img decoding=\"async\" class=\"attachment-post-thumbnail size-post-thumbnail wp-post-image\" src=\"https:\/\/www.medexdtc.com\/wp-content\/uploads\/2020\/08\/Dr-Boris-Chusid-MD-27730-circle_large.png\" alt=\"Gastroenter\u00f3logo en Queens, Boris Chusid, MD\" width=\"216\" height=\"216\"><\/div>\n<\/div>\n<div class=\"doc-detail-right\">\n<div class=\"about-doctor-reviews\">\u2605\u2605\u2605\u2605\u2605<\/div>\n<div class=\"about-doctor-name\">Dr. Boris Chusid<\/div>\n<div class=\"about-doctor-desig\">Gastroenter\u00f3logo<\/div>\n<div class=\"contect-sec\">\n<div>\n<div class=\"about-doct-number\"><a href=\"tel:+1718.275.8900\">718.275.8900<\/a><\/div>\n<div class=\"about-doct-address\">Forest Hills, Queens, NY<\/div>\n<\/div>\n<\/div>\n<p><a class=\"appointment-btn\" href=\"https:\/\/app.nexhealth.com\/appt\/medex-diagnostic-and-treatment-center\/p,19166830,h:y\" target=\"_blank\" rel=\"noopener\">Programa una<strong>cita en<\/strong><br \/>\n<strong><\/strong><\/a><\/p>\n<\/div>\n<\/div>\n<\/div>\n<\/section>\n<section id=\"about-content-area\" class=\"about-content-sec sub-container\">\n<div class=\"about-madex-page-sub-title\"><\/div>\n<div class=\"content-one about-editor-content\">\n<h1>Boris Chusid, MD &#8211; Gastroenter\u00f3logo en Forest Hills, Queens, NY<\/h1>\n<p>El Dr. Chusid es m\u00e9dico especialista en <a href=\"https:\/\/www.medexdtc.com\/es\/gastroenterology\/\">gastroenterolog\u00eda<\/a>. El Dr. Chusid realiza personalmente m\u00e1s de 3500 procedimientos endosc\u00f3picos al a\u00f1o, con especial \u00e9nfasis en colonoscopia, ligadura de hemorroides, ercp, polipectom\u00edas dif\u00edciles, as\u00ed como y endoscopia superior. El Dr. Chusid ha realizado m\u00e1s de 35.000 procedimientos endosc\u00f3picos y consulta personalmente a m\u00e1s de 6.000 pacientes al a\u00f1o. El Dr. Chusid es proctor de Endoscopia en el Hospital Lenox Hill desde julio de 2001. El Dr. Chusid tambi\u00e9n trata la enfermedad inflamatoria intestinal. Realiza procedimientos en el Centro de Diagn\u00f3stico y Tratamiento MedEx, <a href=\"https:\/\/www.medexdtc.com\/es\/\">consultorio m\u00e9dico de Queens<\/a>.     <\/p>\n<p>Como Gastroenter\u00f3logo mejor valorado de su clase, el Dr. Boris Chusid colabora con m\u00e9dicos de m\u00faltiples especialidades, incluidos <a href=\"https:\/\/www.medexdtc.com\/es\/medicos-medicina-interna-queens-mejores-internistas\/\">m\u00e9dicos de medicina interna<\/a> y <a href=\"https:\/\/www.medexdtc.com\/es\/medicos-de-medicina-familiar-en-forest-hills-ny\/\">m\u00e9dicos de familia<\/a>. Haz clic para reservar hoy mismo una cita en l\u00ednea con \u00e9l. <\/p>\n<\/div>\n<p><!-- \n\n<div class=\"content-two sub-container\">\n\n\n<div class=\"about-title\">Conditions<\/div>\n\n\n\n\n<div class=\"condition-lists\">\n\n\n<ul><\/ul>\n\n\n<\/div>\n\n\n<\/div>\n\n\n\n\n<div class=\"content-two mt-4 sub-container\">\n\n\n<div class=\"about-title\">Treatments<\/div>\n\n\n\n\n<div class=\"condition-lists\">\n\n\n<ul><\/ul>\n\n\n<\/div>\n\n\n<\/div>\n\n\n--><\/p>\n<div class=\"content-three about-editor-content sub-container\">\n<h2 class=\"about-title\">Credenciales<\/h2>\n<h3>Especialidades<\/h3>\n<p>Gastroenter\u00f3logo<\/p>\n<h3>Nombres de pr\u00e1cticas<\/h3>\n<p>Centro de Diagn\u00f3stico y Tratamiento Medex<\/p>\n<h3>Educaci\u00f3n y formaci\u00f3n<\/h3>\n<ul>\n<li>Facultad de Medicina &#8211; Universidad de Brown, Doctor en Medicina<\/li>\n<li>Hospital Lenox Hill (Pr\u00e1cticas)<\/li>\n<li>Hospital Lenox Hill, Residencia en Gastroenterolog\u00eda<\/li>\n<li>Hospital Lenox Hill, Beca en Gastroenterolog\u00eda<\/li>\n<\/ul>\n<h2>Afecciones y tratamientos<\/h2>\n<ul>\n<li>Consulta de gastroenterolog\u00eda<\/li>\n<li>Dolor de est\u00f3mago<\/li>\n<li>Sangre en las heces<\/li>\n<li>Taburete negro \/ Melena<\/li>\n<li>Reflujo \u00e1cido \/ Acidez estomacal<\/li>\n<li>Detecci\u00f3n del c\u00e1ncer de colon<\/li>\n<li>Gastroscopia<\/li>\n<li>Colonoscopia<\/li>\n<li>Colitis ulcerosa<\/li>\n<li>Enfermedad de Crohn<\/li>\n<li>Hemorroides<\/li>\n<li>Diarrea<\/li>\n<li>S\u00edndrome del intestino irritable<\/li>\n<li>Seguimiento gastroenterol\u00f3gico<\/li>\n<li>Problema de p\u00e1ncreas<\/li>\n<li>Problema de ves\u00edcula biliar<\/li>\n<li>Problema del tracto biliar<\/li>\n<li>N\u00e1useas y v\u00f3mitos<\/li>\n<li>Ligadura\/vinculaci\u00f3n de hemorroides<\/li>\n<li>\u00dalcera de est\u00f3mago<\/li>\n<\/ul>\n<\/div>\n<\/section>\n","protected":false},"excerpt":{"rendered":"<p>\u2605\u2605\u2605\u2605\u2605 Dr. Boris Chusid Gastroenter\u00f3logo 718.275.8900 Forest Hills, Queens, NY Programa unacita en Boris Chusid, MD &#8211; Gastroenter\u00f3logo en Forest Hills, Queens, NY El Dr. Chusid es m\u00e9dico especialista en gastroenterolog\u00eda. El Dr. Chusid realiza personalmente m\u00e1s de 3500 procedimientos endosc\u00f3picos al a\u00f1o, con especial \u00e9nfasis en colonoscopia, ligadura de hemorroides, ercp, polipectom\u00edas dif\u00edciles, as\u00ed &hellip; <\/p>\n<p class=\"link-more\"><a href=\"https:\/\/www.medexdtc.com\/es\/medex-dtc-medicos-de-queens\/dr-boris-chusid\/\" class=\"more-link\">Continue reading<span class=\"screen-reader-text\"> \u00abDr. Boris Chusid\u00bb<\/span><\/a><\/p>\n","protected":false},"author":3,"featured_media":0,"parent":4364,"menu_order":0,"comment_status":"closed","ping_status":"closed","template":"doctor-full-width.php","meta":{"_acf_changed":false,"footnotes":""},"class_list":["post-4329","page","type-page","status-publish","hentry"],"acf":[],"yoast_head":"<!-- This site is optimized with the Yoast SEO plugin v27.5 - https:\/\/yoast.com\/product\/yoast-seo-wordpress\/ -->\n<title>Boris Chusid, MD - Gastroenter\u00f3logo en Forest Hills, Queens, NY<\/title>\n<meta name=\"description\" content=\"Gastroenter\u00f3logo en Forest Hills, el Queens, NY Boris Chusid, MD, trata los trastornos del s\u00edndrome del intestino irritable, endoscopia del intestino delgado, hemorroides, dolor abdominal, es\u00f3fago.\" \/>\n<meta name=\"robots\" content=\"index, follow, max-snippet:-1, max-image-preview:large, max-video-preview:-1\" \/>\n<link rel=\"canonical\" href=\"https:\/\/www.medexdtc.com\/es\/medex-dtc-medicos-de-queens\/dr-boris-chusid\/\" \/>\n<meta property=\"og:locale\" content=\"es_ES\" \/>\n<meta property=\"og:type\" content=\"article\" \/>\n<meta property=\"og:title\" content=\"Boris Chusid, MD - Gastroenter\u00f3logo en Forest Hills, Queens, NY\" \/>\n<meta property=\"og:description\" content=\"Gastroenter\u00f3logo en Forest Hills, el Queens, NY Boris Chusid, MD, trata los trastornos del s\u00edndrome del intestino irritable, endoscopia del intestino delgado, hemorroides, dolor abdominal, es\u00f3fago.\" \/>\n<meta property=\"og:url\" content=\"https:\/\/www.medexdtc.com\/es\/medex-dtc-medicos-de-queens\/dr-boris-chusid\/\" \/>\n<meta property=\"og:site_name\" content=\"Medex Diagnostic and Treatment Center - Queens Medical Center - Medical Clinic in Forest Hills, NY\" \/>\n<meta property=\"article:publisher\" content=\"https:\/\/www.facebook.com\/medexny\" \/>\n<meta property=\"article:modified_time\" content=\"2025-03-02T23:41:47+00:00\" \/>\n<meta property=\"og:image\" content=\"https:\/\/www.medexdtc.com\/wp-content\/uploads\/2020\/08\/Dr-Boris-Chusid-MD-27730-circle_large.png\" \/>\n<meta name=\"twitter:card\" content=\"summary_large_image\" \/>\n<meta name=\"twitter:site\" content=\"@DtcMedex\" \/>\n<meta name=\"twitter:label1\" content=\"Tiempo de lectura\" \/>\n\t<meta name=\"twitter:data1\" content=\"1 minuto\" \/>\n<!-- \/ Yoast SEO plugin. -->","yoast_head_json":{"title":"Boris Chusid, MD - Gastroenter\u00f3logo en Forest Hills, Queens, NY","description":"Gastroenter\u00f3logo en Forest Hills, el Queens, NY Boris Chusid, MD, trata los trastornos del s\u00edndrome del intestino irritable, endoscopia del intestino delgado, hemorroides, dolor abdominal, es\u00f3fago.","robots":{"index":"index","follow":"follow","max-snippet":"max-snippet:-1","max-image-preview":"max-image-preview:large","max-video-preview":"max-video-preview:-1"},"canonical":"https:\/\/www.medexdtc.com\/es\/medex-dtc-medicos-de-queens\/dr-boris-chusid\/","og_locale":"es_ES","og_type":"article","og_title":"Boris Chusid, MD - Gastroenter\u00f3logo en Forest Hills, Queens, NY","og_description":"Gastroenter\u00f3logo en Forest Hills, el Queens, NY Boris Chusid, MD, trata los trastornos del s\u00edndrome del intestino irritable, endoscopia del intestino delgado, hemorroides, dolor abdominal, es\u00f3fago.","og_url":"https:\/\/www.medexdtc.com\/es\/medex-dtc-medicos-de-queens\/dr-boris-chusid\/","og_site_name":"Medex Diagnostic and Treatment Center - Queens Medical Center - Medical Clinic in Forest Hills, NY","article_publisher":"https:\/\/www.facebook.com\/medexny","article_modified_time":"2025-03-02T23:41:47+00:00","og_image":[{"url":"https:\/\/www.medexdtc.com\/wp-content\/uploads\/2020\/08\/Dr-Boris-Chusid-MD-27730-circle_large.png","type":"","width":"","height":""}],"twitter_card":"summary_large_image","twitter_site":"@DtcMedex","twitter_misc":{"Tiempo de lectura":"1 minuto"},"schema":{"@context":"https:\/\/schema.org","@graph":[{"@type":"WebPage","@id":"https:\/\/www.medexdtc.com\/es\/medex-dtc-medicos-de-queens\/dr-boris-chusid\/","url":"https:\/\/www.medexdtc.com\/es\/medex-dtc-medicos-de-queens\/dr-boris-chusid\/","name":"Boris Chusid, MD - Gastroenter\u00f3logo en Forest Hills, Queens, NY","isPartOf":{"@id":"https:\/\/www.medexdtc.com\/es\/#website"},"primaryImageOfPage":{"@id":"https:\/\/www.medexdtc.com\/es\/medex-dtc-medicos-de-queens\/dr-boris-chusid\/#primaryimage"},"image":{"@id":"https:\/\/www.medexdtc.com\/es\/medex-dtc-medicos-de-queens\/dr-boris-chusid\/#primaryimage"},"thumbnailUrl":"https:\/\/www.medexdtc.com\/wp-content\/uploads\/2020\/08\/Dr-Boris-Chusid-MD-27730-circle_large.png","datePublished":"2021-05-20T11:16:04+00:00","dateModified":"2025-03-02T23:41:47+00:00","description":"Gastroenter\u00f3logo en Forest Hills, el Queens, NY Boris Chusid, MD, trata los trastornos del s\u00edndrome del intestino irritable, endoscopia del intestino delgado, hemorroides, dolor abdominal, es\u00f3fago.","breadcrumb":{"@id":"https:\/\/www.medexdtc.com\/es\/medex-dtc-medicos-de-queens\/dr-boris-chusid\/#breadcrumb"},"inLanguage":"es","potentialAction":[{"@type":"ReadAction","target":["https:\/\/www.medexdtc.com\/es\/medex-dtc-medicos-de-queens\/dr-boris-chusid\/"]}]},{"@type":"ImageObject","inLanguage":"es","@id":"https:\/\/www.medexdtc.com\/es\/medex-dtc-medicos-de-queens\/dr-boris-chusid\/#primaryimage","url":"https:\/\/www.medexdtc.com\/wp-content\/uploads\/2020\/08\/Dr-Boris-Chusid-MD-27730-circle_large.png","contentUrl":"https:\/\/www.medexdtc.com\/wp-content\/uploads\/2020\/08\/Dr-Boris-Chusid-MD-27730-circle_large.png"},{"@type":"BreadcrumbList","@id":"https:\/\/www.medexdtc.com\/es\/medex-dtc-medicos-de-queens\/dr-boris-chusid\/#breadcrumb","itemListElement":[{"@type":"ListItem","position":1,"name":"Home","item":"https:\/\/www.medexdtc.com\/es\/"},{"@type":"ListItem","position":2,"name":"Medex DTC M\u00e9dicos de Queens","item":"https:\/\/www.medexdtc.com\/es\/medex-dtc-medicos-de-queens\/"},{"@type":"ListItem","position":3,"name":"Dr. Boris Chusid"}]},{"@type":"WebSite","@id":"https:\/\/www.medexdtc.com\/es\/#website","url":"https:\/\/www.medexdtc.com\/es\/","name":"Medex DTC","description":"Medex Diagnostic and Treatment Center is a Medical Center in Queens, NY is a dynamic multi-specialty clinic. Physicians delivering high quality individualized care in Forest Hills, Queens, NY.","publisher":{"@id":"https:\/\/www.medexdtc.com\/es\/#organization"},"potentialAction":[{"@type":"SearchAction","target":{"@type":"EntryPoint","urlTemplate":"https:\/\/www.medexdtc.com\/es\/?s={search_term_string}"},"query-input":{"@type":"PropertyValueSpecification","valueRequired":true,"valueName":"search_term_string"}}],"inLanguage":"es"},{"@type":"Organization","@id":"https:\/\/www.medexdtc.com\/es\/#organization","name":"Medex DCT","url":"https:\/\/www.medexdtc.com\/es\/","logo":{"@type":"ImageObject","inLanguage":"es","@id":"https:\/\/www.medexdtc.com\/es\/#\/schema\/logo\/image\/","url":"https:\/\/www.medexdtc.com\/wp-content\/uploads\/2024\/11\/medex-diagnostic-and-treatment-center-in-queens-NY.png","contentUrl":"https:\/\/www.medexdtc.com\/wp-content\/uploads\/2024\/11\/medex-diagnostic-and-treatment-center-in-queens-NY.png","width":226,"height":47,"caption":"Medex DCT"},"image":{"@id":"https:\/\/www.medexdtc.com\/es\/#\/schema\/logo\/image\/"},"sameAs":["https:\/\/www.facebook.com\/medexny","https:\/\/x.com\/DtcMedex","https:\/\/www.instagram.com\/medexdtc\/","https:\/\/www.linkedin.com\/company\/medex-diagnostic-and-treatment-center\/about\/"]}]}},"jetpack_sharing_enabled":true,"_links":{"self":[{"href":"https:\/\/www.medexdtc.com\/es\/wp-json\/wp\/v2\/pages\/4329","targetHints":{"allow":["GET"]}}],"collection":[{"href":"https:\/\/www.medexdtc.com\/es\/wp-json\/wp\/v2\/pages"}],"about":[{"href":"https:\/\/www.medexdtc.com\/es\/wp-json\/wp\/v2\/types\/page"}],"author":[{"embeddable":true,"href":"https:\/\/www.medexdtc.com\/es\/wp-json\/wp\/v2\/users\/3"}],"replies":[{"embeddable":true,"href":"https:\/\/www.medexdtc.com\/es\/wp-json\/wp\/v2\/comments?post=4329"}],"version-history":[{"count":1,"href":"https:\/\/www.medexdtc.com\/es\/wp-json\/wp\/v2\/pages\/4329\/revisions"}],"predecessor-version":[{"id":4373,"href":"https:\/\/www.medexdtc.com\/es\/wp-json\/wp\/v2\/pages\/4329\/revisions\/4373"}],"up":[{"embeddable":true,"href":"https:\/\/www.medexdtc.com\/es\/wp-json\/wp\/v2\/pages\/4364"}],"wp:attachment":[{"href":"https:\/\/www.medexdtc.com\/es\/wp-json\/wp\/v2\/media?parent=4329"}],"curies":[{"name":"wp","href":"https:\/\/api.w.org\/{rel}","templated":true}]}}