{"id":4336,"date":"2021-07-27T07:29:56","date_gmt":"2021-07-27T02:29:56","guid":{"rendered":"https:\/\/www.medexdtc.com\/irina-kimyagarova-do\/"},"modified":"2025-03-03T04:41:47","modified_gmt":"2025-03-02T23:41:47","slug":"irina-kimyagarova-do","status":"publish","type":"page","link":"https:\/\/www.medexdtc.com\/es\/medex-dtc-medicos-de-queens\/irina-kimyagarova-do\/","title":{"rendered":"Irina Kimyagarova, DO"},"content":{"rendered":"<section id=\"about-content-area-1\" class=\"about-content-area-one\">\n<div class=\"sub-container\">\n<div class=\"about-doc-panel\">\n<div class=\"doc-img-left\">\n<div class=\"about-doctor-image\"><img decoding=\"async\" class=\"attachment-post-thumbnail size-post-thumbnail wp-post-image\" src=\"https:\/\/www.medexdtc.com\/wp-content\/uploads\/2021\/07\/Dr-Kimyagarova-Picture.png\" alt=\"Irina Kimyagarova, DO\" width=\"216\" height=\"216\"><\/div>\n<\/div>\n<div class=\"doc-detail-right\">\n<div class=\"about-doctor-reviews\">\u2605\u2605\u2605\u2605\u2605<\/div>\n<div class=\"about-doctor-name\">Irina Kimyagarova, DO<\/div>\n<div class=\"about-doctor-desig\">M\u00e9dico de familia<\/div>\n<div class=\"contect-sec\">\n<div>\n<div class=\"about-doct-number\"><a href=\"tel:+1718.275.8900\">718.275.8900<\/a><\/div>\n<div class=\"about-doct-address\">Forest Hills, NY<\/div>\n<\/div>\n<\/div>\n<p><a class=\"appointment-btn\" href=\"https:\/\/app.nexhealth.com\/appt\/medex-diagnostic-and-treatment-center?pid=55125847\" target=\"_blank\" rel=\"noopener\">Programa una<strong>cita en<\/strong><br \/>\n<strong><\/strong><\/a><\/p>\n<\/div>\n<\/div>\n<\/div>\n<\/section>\n<section id=\"about-content-area\" class=\"about-content-sec sub-container\">\n<div class=\"about-madex-page-sub-title\"><\/div>\n<div class=\"content-one about-editor-content\">\n<h1>Acerca de Irina Kimyagarova &#8211; M\u00e9dico de familia en Forest Hills, Queens<\/h1>\n<p>La Dra. Irina Kimyagarova es m\u00e9dico de familia y actualmente ejerce en el Centro de Diagn\u00f3stico y Tratamiento Medex de Forest Hills, Nueva York. Los pacientes acuden a ella por diversos motivos, como consultas sobre alergias, ex\u00e1menes f\u00edsicos anuales, tratamiento de la artritis y consejos para reducir peso. <\/p>\n<p>La Dra. Kimyagarova se licenci\u00f3 en la Facultad de Medicina Osteop\u00e1tica del Instituto de Tecnolog\u00eda de Nueva York. Peninsula Hospital Center fue donde termin\u00f3 su residencia en medicina de familia. <\/p>\n<p>La Dra. Kimyagarova ha dedicado su vida a ayudar a pacientes con problemas m\u00e9dicos dif\u00edciles, y se esfuerza por darles una orientaci\u00f3n s\u00f3lida sobre c\u00f3mo mejorar y mantener su salud a diario. Sus pacientes tambi\u00e9n pueden tener videoconferencias con ella a trav\u00e9s de Internet. <\/p>\n<\/div>\n<p><!-- \n\n<div class=\"content-two sub-container\">\n\n\n<div class=\"about-title\">Conditions<\/div>\n\n\n\n\n<div class=\"condition-lists\">\n\n\n<ul><\/ul>\n\n\n<\/div>\n\n\n<\/div>\n\n\n\n\n<div class=\"content-two mt-4 sub-container\">\n\n\n<div class=\"about-title\">Treatments<\/div>\n\n\n\n\n<div class=\"condition-lists\">\n\n\n<ul><\/ul>\n\n\n<\/div>\n\n\n<\/div>\n\n\n--><\/p>\n<div class=\"content-three about-editor-content sub-container\">\n<h2 class=\"about-title\">Credenciales<\/h2>\n<h3>Especialidades<\/h3>\n<ul>\n<li>M\u00e9dico de familia<\/li>\n<\/ul>\n<h3>Experiencia laboral<\/h3>\n<ul>\n<li>07\/2015 &#8211; Presente Medical Help, PC (Rego Park, NY) <strong>M\u00e9dico de familia<\/strong><\/li>\n<li>06\/2004 &#8211; Presente Irina Kimyagarova, DO (Rego Park, NY) <strong>Medicina familiar y medicina est\u00e9tica<\/strong><\/li>\n<li>09\/2003 &#8211; 06\/2004 Better Health Medical, PC (Forest Hills, NY) <strong>M\u00e9dico de familia<\/strong><\/li>\n<li>01\/2002 &#8211; 08\/2003 IK Medical, PC (Elmhurst, NY) <strong>M\u00e9dico<\/strong><\/li>\n<li>07\/1999 &#8211; 06\/2002 Peninsula Hospital Center (Far Rockaway, NY) <strong>Residencia en Medicina Familiar<\/strong><\/li>\n<\/ul>\n<h3>Educaci\u00f3n<\/h3>\n<ul>\n<li>09\/1995 &#8211; 07\/1999 NYCOM (Old Westbury, NY) <strong>Doctor en Osteopat\u00eda<\/strong><\/li>\n<li>09\/1987 &#8211; 07\/1993 Instituto M\u00e9dico de Samarcanda (Samarcanda, Uzbekist\u00e1n) <strong>M\u00e9dico<\/strong><\/li>\n<li>\n<\/li>\n<\/ul>\n<h3>Idiomas<\/h3>\n<ul>\n<li>Ingl\u00e9s<\/li>\n<li>Ruso<\/li>\n<li>Farsi<\/li>\n<\/ul>\n<h2>Enfermedades y tratamientos<\/h2>\n<ul>\n<li>Enfermedad<\/li>\n<li>Examen f\u00edsico anual<\/li>\n<li>Receta \/ Recarga<\/li>\n<li>Chequeo previo al viaje<\/li>\n<li>Consulta General<\/li>\n<li>Exploraci\u00f3n anual de la piel<\/li>\n<li>Psoriasis<\/li>\n<li>Infecci\u00f3n de o\u00eddo<\/li>\n<li>Ronquera \/ Trastorno de la voz<\/li>\n<li>Problemas de audici\u00f3n \/ zumbido de o\u00eddos<\/li>\n<li>V\u00e9rtigo<\/li>\n<li>Problemas de sinusitis \/ Sinusitis<\/li>\n<li>Hinchaz\u00f3n en el cuello<\/li>\n<li>Anticoncepci\u00f3n<\/li>\n<li>Disfunci\u00f3n Sexual \/ Sexo Doloroso \/ Dispareunia<\/li>\n<li>Vacuna antigripal<\/li>\n<li>Ecograf\u00eda<\/li>\n<li>Enfermedades de Transmisi\u00f3n Sexual (ETS)<\/li>\n<li>Consulta de alergia<\/li>\n<li>Tos al\u00e9rgica<\/li>\n<li>Eczema<\/li>\n<li>Adicci\u00f3n \/ Abuso de sustancias<\/li>\n<li>Pie diab\u00e9tico<\/li>\n<li>Dolor de pies<\/li>\n<li>Artritis<\/li>\n<li>Verruga(s)<\/li>\n<li>Visita de detecci\u00f3n cardiovascular<\/li>\n<li>ECG \/ ELECTROCARDIOGRAMA<\/li>\n<li>Tensi\u00f3n arterial alta \/ Hipertensi\u00f3n<\/li>\n<li>Asma<\/li>\n<li>Enfisema<\/li>\n<li>Neumon\u00eda<\/li>\n<li>Pruebas de funci\u00f3n pulmonar<\/li>\n<li>Migra\u00f1a<\/li>\n<li>Rayos X<\/li>\n<li>Densitometr\u00eda \u00d3sea \/ Esc\u00e1ner DXA<\/li>\n<li>Consulta de tiroides<\/li>\n<li>Dolor de garganta<\/li>\n<li>Secreci\u00f3n vaginal \/ Infecci\u00f3n<\/li>\n<li>Depresi\u00f3n<\/li>\n<li>Ansiedad<\/li>\n<li>Revisi\u00f3n Prequir\u00fargica \/ Autorizaci\u00f3n Prequir\u00fargica<\/li>\n<li>Infecci\u00f3n del tracto urinario (ITU)<\/li>\n<li>Consulta VIH\/SIDA<\/li>\n<li>Fiebre<\/li>\n<li>Taburete negro \/ Melena<\/li>\n<li>Incontinencia<\/li>\n<li>Cuidado de heridas<\/li>\n<li>Absceso<\/li>\n<li>Talasemia<\/li>\n<li>Espirometr\u00eda<\/li>\n<li>S\u00edndrome del intestino irritable<\/li>\n<li>Seguimiento general<\/li>\n<li>Seguimiento de la diabetes<\/li>\n<li>Detecci\u00f3n del c\u00e1ncer de pr\u00f3stata<\/li>\n<li>Deporte F\u00edsico<\/li>\n<li>Consulta de Medicina del Viajero<\/li>\n<li>Vacuna(s)<\/li>\n<li>Pielonefritis<\/li>\n<li>Gripe<\/li>\n<li>Inyecci\u00f3n articular<\/li>\n<li>Menopausia<\/li>\n<li>Obesidad \/ Consulta de p\u00e9rdida de peso<\/li>\n<li>Examen f\u00edsico predeportivo<\/li>\n<li>Detecci\u00f3n de enfermedades \/ Medicina preventiva<\/li>\n<li>Reconocimiento m\u00e9dico de inmigraci\u00f3n<\/li>\n<li>Retirada de la sutura<\/li>\n<li>Visita de paciente nuevo<\/li>\n<li>Alta hospitalaria\/Seguimiento<\/li>\n<li>Visita anual de bienestar de Medicare<\/li>\n<li>Bienvenido a Medicare Physical<\/li>\n<li>Visita anual de bienestar (para pacientes de Medicare)<\/li>\n<li>Revisi\u00f3n postoperatoria<\/li>\n<li>Revisi\u00f3n anual<\/li>\n<li>Fr\u00edo<\/li>\n<li>Tos<\/li>\n<li>Control del peso<\/li>\n<li>Dejar de fumar \/ Dejar de fumar<\/li>\n<li>Prueba COVID-19<\/li>\n<li>Prueba de anticuerpos COVID-19<\/li>\n<\/ul>\n<\/div>\n<\/section>\n","protected":false},"excerpt":{"rendered":"<p>\u2605\u2605\u2605\u2605\u2605 Irina Kimyagarova, DO M\u00e9dico de familia 718.275.8900 Forest Hills, NY Programa unacita en Acerca de Irina Kimyagarova &#8211; M\u00e9dico de familia en Forest Hills, Queens La Dra. Irina Kimyagarova es m\u00e9dico de familia y actualmente ejerce en el Centro de Diagn\u00f3stico y Tratamiento Medex de Forest Hills, Nueva York. Los pacientes acuden a ella &hellip; <\/p>\n<p class=\"link-more\"><a href=\"https:\/\/www.medexdtc.com\/es\/medex-dtc-medicos-de-queens\/irina-kimyagarova-do\/\" class=\"more-link\">Continue reading<span class=\"screen-reader-text\"> \u00abIrina Kimyagarova, DO\u00bb<\/span><\/a><\/p>\n","protected":false},"author":3,"featured_media":5195,"parent":4364,"menu_order":0,"comment_status":"closed","ping_status":"closed","template":"doctor-full-width.php","meta":{"_acf_changed":false,"footnotes":""},"class_list":["post-4336","page","type-page","status-publish","has-post-thumbnail","hentry"],"acf":[],"yoast_head":"<!-- This site is optimized with the Yoast SEO plugin v27.3 - https:\/\/yoast.com\/product\/yoast-seo-wordpress\/ -->\n<title>Irina Kimyagarova, DO - Centro M\u00e9dico Multiespecialidad en Queens, NY | Medex<\/title>\n<meta name=\"description\" content=\"La Dra. Irina Kimyagarova es m\u00e9dico de familia y trabaja en Medex, en Forest Hills, Nueva York. Los pacientes la visitan por diversos motivos, como consultas sobre alergias, ex\u00e1menes f\u00edsicos anuales, tratamiento de la artritis y consejos para perder peso.\" \/>\n<meta name=\"robots\" content=\"index, follow, max-snippet:-1, max-image-preview:large, max-video-preview:-1\" \/>\n<link rel=\"canonical\" href=\"https:\/\/www.medexdtc.com\/es\/medex-dtc-medicos-de-queens\/irina-kimyagarova-do\/\" \/>\n<meta property=\"og:locale\" content=\"es_ES\" \/>\n<meta property=\"og:type\" content=\"article\" \/>\n<meta property=\"og:title\" content=\"Irina Kimyagarova, DO - Centro M\u00e9dico Multiespecialidad en Queens, NY | Medex\" \/>\n<meta property=\"og:description\" content=\"La Dra. Irina Kimyagarova es m\u00e9dico de familia y trabaja en Medex, en Forest Hills, Nueva York. Los pacientes la visitan por diversos motivos, como consultas sobre alergias, ex\u00e1menes f\u00edsicos anuales, tratamiento de la artritis y consejos para perder peso.\" \/>\n<meta property=\"og:url\" content=\"https:\/\/www.medexdtc.com\/es\/medex-dtc-medicos-de-queens\/irina-kimyagarova-do\/\" \/>\n<meta property=\"og:site_name\" content=\"Medex Diagnostic and Treatment Center - Queens Medical Center - Medical Clinic in Forest Hills, NY\" \/>\n<meta property=\"article:publisher\" content=\"https:\/\/www.facebook.com\/medexny\" \/>\n<meta property=\"article:modified_time\" content=\"2025-03-02T23:41:47+00:00\" \/>\n<meta property=\"og:image\" content=\"https:\/\/www.medexdtc.com\/wp-content\/uploads\/2021\/07\/Dr-Kimyagarova-Picture.png\" \/>\n<meta name=\"twitter:card\" content=\"summary_large_image\" \/>\n<meta name=\"twitter:site\" content=\"@DtcMedex\" \/>\n<meta name=\"twitter:label1\" content=\"Tiempo de lectura\" \/>\n\t<meta name=\"twitter:data1\" content=\"3 minutos\" \/>\n<!-- \/ Yoast SEO plugin. -->","yoast_head_json":{"title":"Irina Kimyagarova, DO - Centro M\u00e9dico Multiespecialidad en Queens, NY | Medex","description":"La Dra. Irina Kimyagarova es m\u00e9dico de familia y trabaja en Medex, en Forest Hills, Nueva York. Los pacientes la visitan por diversos motivos, como consultas sobre alergias, ex\u00e1menes f\u00edsicos anuales, tratamiento de la artritis y consejos para perder peso.","robots":{"index":"index","follow":"follow","max-snippet":"max-snippet:-1","max-image-preview":"max-image-preview:large","max-video-preview":"max-video-preview:-1"},"canonical":"https:\/\/www.medexdtc.com\/es\/medex-dtc-medicos-de-queens\/irina-kimyagarova-do\/","og_locale":"es_ES","og_type":"article","og_title":"Irina Kimyagarova, DO - Centro M\u00e9dico Multiespecialidad en Queens, NY | Medex","og_description":"La Dra. Irina Kimyagarova es m\u00e9dico de familia y trabaja en Medex, en Forest Hills, Nueva York. Los pacientes la visitan por diversos motivos, como consultas sobre alergias, ex\u00e1menes f\u00edsicos anuales, tratamiento de la artritis y consejos para perder peso.","og_url":"https:\/\/www.medexdtc.com\/es\/medex-dtc-medicos-de-queens\/irina-kimyagarova-do\/","og_site_name":"Medex Diagnostic and Treatment Center - Queens Medical Center - Medical Clinic in Forest Hills, NY","article_publisher":"https:\/\/www.facebook.com\/medexny","article_modified_time":"2025-03-02T23:41:47+00:00","og_image":[{"url":"https:\/\/www.medexdtc.com\/wp-content\/uploads\/2021\/07\/Dr-Kimyagarova-Picture.png","type":"","width":"","height":""}],"twitter_card":"summary_large_image","twitter_site":"@DtcMedex","twitter_misc":{"Tiempo de lectura":"3 minutos"},"schema":{"@context":"https:\/\/schema.org","@graph":[{"@type":"WebPage","@id":"https:\/\/www.medexdtc.com\/es\/medex-dtc-medicos-de-queens\/irina-kimyagarova-do\/","url":"https:\/\/www.medexdtc.com\/es\/medex-dtc-medicos-de-queens\/irina-kimyagarova-do\/","name":"Irina Kimyagarova, DO - Centro M\u00e9dico Multiespecialidad en Queens, NY | Medex","isPartOf":{"@id":"https:\/\/www.medexdtc.com\/es\/#website"},"primaryImageOfPage":{"@id":"https:\/\/www.medexdtc.com\/es\/medex-dtc-medicos-de-queens\/irina-kimyagarova-do\/#primaryimage"},"image":{"@id":"https:\/\/www.medexdtc.com\/es\/medex-dtc-medicos-de-queens\/irina-kimyagarova-do\/#primaryimage"},"thumbnailUrl":"https:\/\/www.medexdtc.com\/wp-content\/uploads\/2025\/06\/Irina-Kimyagarova-DO.jpg","datePublished":"2021-07-27T02:29:56+00:00","dateModified":"2025-03-02T23:41:47+00:00","description":"La Dra. Irina Kimyagarova es m\u00e9dico de familia y trabaja en Medex, en Forest Hills, Nueva York. Los pacientes la visitan por diversos motivos, como consultas sobre alergias, ex\u00e1menes f\u00edsicos anuales, tratamiento de la artritis y consejos para perder peso.","breadcrumb":{"@id":"https:\/\/www.medexdtc.com\/es\/medex-dtc-medicos-de-queens\/irina-kimyagarova-do\/#breadcrumb"},"inLanguage":"es","potentialAction":[{"@type":"ReadAction","target":["https:\/\/www.medexdtc.com\/es\/medex-dtc-medicos-de-queens\/irina-kimyagarova-do\/"]}]},{"@type":"ImageObject","inLanguage":"es","@id":"https:\/\/www.medexdtc.com\/es\/medex-dtc-medicos-de-queens\/irina-kimyagarova-do\/#primaryimage","url":"https:\/\/www.medexdtc.com\/wp-content\/uploads\/2025\/06\/Irina-Kimyagarova-DO.jpg","contentUrl":"https:\/\/www.medexdtc.com\/wp-content\/uploads\/2025\/06\/Irina-Kimyagarova-DO.jpg","width":216,"height":216,"caption":"Irina Kimyagarova, DO"},{"@type":"BreadcrumbList","@id":"https:\/\/www.medexdtc.com\/es\/medex-dtc-medicos-de-queens\/irina-kimyagarova-do\/#breadcrumb","itemListElement":[{"@type":"ListItem","position":1,"name":"Home","item":"https:\/\/www.medexdtc.com\/es\/"},{"@type":"ListItem","position":2,"name":"Medex DTC M\u00e9dicos de Queens","item":"https:\/\/www.medexdtc.com\/es\/medex-dtc-medicos-de-queens\/"},{"@type":"ListItem","position":3,"name":"Irina Kimyagarova, DO"}]},{"@type":"WebSite","@id":"https:\/\/www.medexdtc.com\/es\/#website","url":"https:\/\/www.medexdtc.com\/es\/","name":"Medex DTC","description":"Medex Diagnostic and Treatment Center is a Medical Center in Queens, NY is a dynamic multi-specialty clinic. Physicians delivering high quality individualized care in Forest Hills, Queens, NY.","publisher":{"@id":"https:\/\/www.medexdtc.com\/es\/#organization"},"potentialAction":[{"@type":"SearchAction","target":{"@type":"EntryPoint","urlTemplate":"https:\/\/www.medexdtc.com\/es\/?s={search_term_string}"},"query-input":{"@type":"PropertyValueSpecification","valueRequired":true,"valueName":"search_term_string"}}],"inLanguage":"es"},{"@type":"Organization","@id":"https:\/\/www.medexdtc.com\/es\/#organization","name":"Medex DCT","url":"https:\/\/www.medexdtc.com\/es\/","logo":{"@type":"ImageObject","inLanguage":"es","@id":"https:\/\/www.medexdtc.com\/es\/#\/schema\/logo\/image\/","url":"https:\/\/www.medexdtc.com\/wp-content\/uploads\/2024\/11\/medex-diagnostic-and-treatment-center-in-queens-NY.png","contentUrl":"https:\/\/www.medexdtc.com\/wp-content\/uploads\/2024\/11\/medex-diagnostic-and-treatment-center-in-queens-NY.png","width":226,"height":47,"caption":"Medex DCT"},"image":{"@id":"https:\/\/www.medexdtc.com\/es\/#\/schema\/logo\/image\/"},"sameAs":["https:\/\/www.facebook.com\/medexny","https:\/\/x.com\/DtcMedex","https:\/\/www.instagram.com\/medexdtc\/","https:\/\/www.linkedin.com\/company\/medex-diagnostic-and-treatment-center\/about\/"]}]}},"jetpack_sharing_enabled":true,"_links":{"self":[{"href":"https:\/\/www.medexdtc.com\/es\/wp-json\/wp\/v2\/pages\/4336","targetHints":{"allow":["GET"]}}],"collection":[{"href":"https:\/\/www.medexdtc.com\/es\/wp-json\/wp\/v2\/pages"}],"about":[{"href":"https:\/\/www.medexdtc.com\/es\/wp-json\/wp\/v2\/types\/page"}],"author":[{"embeddable":true,"href":"https:\/\/www.medexdtc.com\/es\/wp-json\/wp\/v2\/users\/3"}],"replies":[{"embeddable":true,"href":"https:\/\/www.medexdtc.com\/es\/wp-json\/wp\/v2\/comments?post=4336"}],"version-history":[{"count":1,"href":"https:\/\/www.medexdtc.com\/es\/wp-json\/wp\/v2\/pages\/4336\/revisions"}],"predecessor-version":[{"id":4376,"href":"https:\/\/www.medexdtc.com\/es\/wp-json\/wp\/v2\/pages\/4336\/revisions\/4376"}],"up":[{"embeddable":true,"href":"https:\/\/www.medexdtc.com\/es\/wp-json\/wp\/v2\/pages\/4364"}],"wp:featuredmedia":[{"embeddable":true,"href":"https:\/\/www.medexdtc.com\/es\/wp-json\/wp\/v2\/media\/5195"}],"wp:attachment":[{"href":"https:\/\/www.medexdtc.com\/es\/wp-json\/wp\/v2\/media?parent=4336"}],"curies":[{"name":"wp","href":"https:\/\/api.w.org\/{rel}","templated":true}]}}