{"id":4340,"date":"2021-01-22T18:22:13","date_gmt":"2021-01-22T13:22:13","guid":{"rendered":"https:\/\/www.medexdtc.com\/ecografia-transvaginal-en-queens\/"},"modified":"2021-01-22T18:22:13","modified_gmt":"2021-01-22T13:22:13","slug":"ecografia-transvaginal-en-queens","status":"publish","type":"page","link":"https:\/\/www.medexdtc.com\/es\/ecografia-transvaginal-en-queens\/","title":{"rendered":"Ecograf\u00eda transvaginal en Queens"},"content":{"rendered":"<p>Los rayos X y las sustancias qu\u00edmicas pueden ser perjudiciales para tu aparato reproductor. Por eso es tan emocionante tener acceso a un procedimiento detallado que permite a tu m\u00e9dico ver claramente lo que ocurre dentro de tu cuerpo. Cuando te hacen una ecograf\u00eda transvaginal en el Centro de Diagn\u00f3stico y Tratamiento Medex de Queens (Nueva York), est\u00e1s en buenas manos. Los expertos de esta consulta multidisciplinar se centran en la prevenci\u00f3n, pero no dudan en ofrecer un tratamiento eficaz cuando es necesario. La ecograf\u00eda transvaginal es una prueba segura y productiva. Mantenerte a ti y a tus beb\u00e9s sanos y salvos es la m\u00e1xima prioridad de Medex. Tanto si est\u00e1s embarazada como si s\u00f3lo experimentas dolores y s\u00edntomas anormales, no dudes en pedir cita para evitar males mayores. Los m\u00e9dicos de Medex apoyan incondicionalmente la filosof\u00eda de \u00abm\u00e1s vale prevenir que curar\u00bb.       <\/p>\n<h2>\u00bfQu\u00e9 es una ecograf\u00eda transvaginal?<\/h2>\n<p>Una ecograf\u00eda transvaginal es un procedimiento diagn\u00f3stico que se realiza para examinar los \u00f3rganos internos de la zona p\u00e9lvica femenina. La ecograf\u00eda es un procedimiento seguro que no utiliza radiaci\u00f3n. En su lugar, utiliza ondas sonoras para producir im\u00e1genes en directo.  <\/p>\n<p>La ecograf\u00eda transvaginal se realiza introduciendo en la vagina una sonda llamada transductor cubierta de gel y una funda de l\u00e1tex o pl\u00e1stico. El transductor produce ondas sonoras que se reflejan en el tejido blando. Los reflejos se captan y se convierten en im\u00e1genes el\u00e9ctricas que pueden verse y grabarse en una pantalla de ordenador.  <\/p>\n<p>Este examen interno proporciona im\u00e1genes mucho m\u00e1s detalladas de los \u00f3rganos de la regi\u00f3n p\u00e9lvica que otras pruebas, como la <a href=\"https:\/\/www.medexdtc.com\/pelvic-ultrasound\/\">ecograf\u00eda p\u00e9lvica<\/a>, que se realiza en el abdomen. Tu <a href=\"https:\/\/www.medexdtc.com\/es\/ginecologia-queens-los-mejores-ginecologos-en-forest-hills-queens-ny\/\">ginec\u00f3logo<\/a> o <a href=\"https:\/\/www.medexdtc.com\/primary-care\/\">m\u00e9dico de atenci\u00f3n primaria<\/a> del <a href=\"https:\/\/www.medexdtc.com\/es\/\">Centro de Diagn\u00f3stico y Tratamiento Medex<\/a> de Queens puede recomendarte esta prueba si se necesitan im\u00e1genes de alta calidad para diagnosticar molestias u otras irregularidades que puedas sufrir en la zona p\u00e9lvica. <\/p>\n<h2>\u00bfPor qu\u00e9 necesito una ecograf\u00eda transvaginal?<\/h2>\n<p>Una ecograf\u00eda transvaginal puede detectar anomal\u00edas en tu \u00fatero, cuello uterino, ovarios, trompas de Falopio, endometrio y vejiga. Tu m\u00e9dico puede indicarte esta prueba diagn\u00f3stica si tienes s\u00edntomas como los siguientes <\/p>\n<ul>\n<li><a href=\"https:\/\/www.medexdtc.com\/abnormal-pap-smear\/\">Resultados anormales de un examen p\u00e9lvico<\/a><\/li>\n<li>Dolor p\u00e9lvico<\/li>\n<li>Hemorragia vaginal anormal<\/li>\n<li>Infertilidad<\/li>\n<\/ul>\n<p>Esta prueba se hace a veces a las mujeres embarazadas para controlar a las que tienen un riesgo elevado de aborto espont\u00e1neo o se sospecha que tienen un embarazo ect\u00f3pico. Tambi\u00e9n puede ayudar al m\u00e9dico a evaluar el estado de la placenta y a comprobar los latidos del coraz\u00f3n del feto. La prueba es completamente segura para el feto porque no depende de rayos X ni de tintes inyectados. Es indolora y r\u00e1pida.   <\/p>\n<h2>\u00bfQu\u00e9 puedo esperar cuando me hago una ecograf\u00eda transvaginal?<\/h2>\n<p>La ecograf\u00eda transvaginal es una sencilla prueba ambulatoria que se realiza en la consulta de tu m\u00e9dico. No requiere ninguna preparaci\u00f3n especial, e incluso puede hacerse durante el periodo menstrual. El d\u00eda de la prueba  <\/p>\n<ol>\n<li>Puedes vaciar la vejiga.<\/li>\n<li>Te desnudas de cintura para abajo y te pones una bata.<\/li>\n<li>Te tumbas en la camilla con los pies en los estribos.<\/li>\n<li>El transductor se introduce en tu vagina.<\/li>\n<li>El ecografista mueve el transductor a distintas posiciones para enfocar distintos \u00f3rganos.<\/li>\n<\/ol>\n<p>El examen puede resultar ligeramente inc\u00f3modo, pero no es doloroso. Informa al ecografista si algo te causa verdadero dolor. El procedimiento suele completarse en 30 a 60 minutos. Puedes o no recibir los resultados el mismo d\u00eda. El t\u00e9cnico que realiza la ecograf\u00eda no est\u00e1 cualificado para leer los resultados, por lo que es probable que tengas que hacer un seguimiento con tu m\u00e9dico. Puedes volver a tus actividades diarias normales inmediatamente despu\u00e9s de la prueba.     <\/p>\n<h2>\u00bfQu\u00e9 muestran los resultados de una ecograf\u00eda transvaginal?<\/h2>\n<p>Tras el examen, los resultados se env\u00edan a un radi\u00f3logo, que interpreta la prueba y env\u00eda un informe escrito a tu m\u00e9dico. Entonces tu m\u00e9dico se pone en contacto contigo para informarte de si hay alguna anomal\u00eda que la prueba haya revelado. Si es as\u00ed, puede que tengas que someterte a pruebas adicionales o iniciar un tratamiento con un especialista. Las anomal\u00edas que pueden revelarse incluyen:   <\/p>\n<ul>\n<li><a href=\"https:\/\/www.medexdtc.com\/endometriosis\/\">Endometriosis<\/a><\/li>\n<li>Tumores benignos en los ovarios o el \u00fatero, como fibromas o quistes<\/li>\n<li>Un embarazo ect\u00f3pico<\/li>\n<li>Una torsi\u00f3n de tus ovarios<\/li>\n<li>Enfermedad inflamatoria p\u00e9lvica u otra infecci\u00f3n<\/li>\n<li>C\u00e1nceres de las estructuras p\u00e9lvicas<\/li>\n<\/ul>\n<p>Tu m\u00e9dico Medex te dar\u00e1 una explicaci\u00f3n exhaustiva de los resultados de tu prueba diagn\u00f3stica. Si es necesario, puedes necesitar pruebas de seguimiento o estudios de imagen diferentes, como una <a href=\"https:\/\/www.medexdtc.com\/abdominal-ultrasound\/\">ecograf\u00eda abdominal<\/a> u otro tipo de <a href=\"https:\/\/www.medexdtc.com\/sonogram\/\">ecograf\u00eda<\/a>. Tu m\u00e9dico tambi\u00e9n puede sugerirte que esperes varios meses antes de hacer m\u00e1s pruebas para ver si las anomal\u00edas desaparecen por s\u00ed solas despu\u00e9s de que pase alg\u00fan tiempo. Entonces puedes volver para una ecograf\u00eda transvaginal de seguimiento.   <\/p>\n<h2>\u00bfD\u00f3nde se hace una ecograf\u00eda transvaginal en Nueva York?<\/h2>\n<p>Cuando necesites atenci\u00f3n m\u00e9dica o pruebas diagn\u00f3sticas en Queens o en cualquier otro lugar de la ciudad de Nueva York, tu mejor opci\u00f3n es el Centro de Diagn\u00f3stico y Tratamiento Medex, una consulta multiespecialidad. Los problemas del aparato reproductor no suelen poder prevenirse, pero unas buenas elecciones de estilo de vida, como mantener un peso saludable, pueden ayudar a mantenerte lo m\u00e1s sana posible. Realiza alg\u00fan tipo de actividad f\u00edsica todos los d\u00edas y come alimentos sanos en tu dieta, como cereales integrales, carne magra y verduras.  <\/p>\n<p>Confiar tu asistencia sanitaria a Medex significa que siempre tienes a tu disposici\u00f3n especialistas que pueden diagnosticar correctamente cualquier problema m\u00e9dico que se desarrolle. La consulta incluye <a href=\"https:\/\/www.medexdtc.com\/dermatology\/\">dermat\u00f3logos<\/a>, <a href=\"https:\/\/www.medexdtc.com\/neurology\/\">neur\u00f3logos<\/a>, <a href=\"https:\/\/www.medexdtc.com\/cardiology\/\">cardi\u00f3logos<\/a>, <a href=\"https:\/\/www.medexdtc.com\/physical-therapy\/\">fisioterapeutas<\/a> y mucho m\u00e1s en una \u00fanica ubicaci\u00f3n en Queens. <a href=\"https:\/\/www.medexdtc.com\/es\/contacta-con-nosotros\/\">Ponte en contacto con Medex hoy mismo<\/a> y empieza a recibir la mejor atenci\u00f3n m\u00e9dica posible. <\/p>\n<p>Podemos ayudarte a encontrar m\u00e9dico. Llama al <a href=\"tel:+17182758900\">(718) 275-8900<\/a> <\/p>\n<p>Con licencia del estado de Nueva York, Medex es un centro de diagn\u00f3stico y tratamiento del art\u00edculo 28. Nuestros m\u00e9dicos proporcionan atenci\u00f3n integral a pacientes de todas las edades en la zona de Forest Hills, Queens, desde hace m\u00e1s de 15 a\u00f1os. Empieza a recibir atenci\u00f3n experta ahora llamando o concertando una cita en l\u00ednea con uno de los especialistas cualificados.<\/p>\n","protected":false},"excerpt":{"rendered":"<p>Los rayos X y las sustancias qu\u00edmicas pueden ser perjudiciales para tu aparato reproductor. Por eso es tan emocionante tener acceso a un procedimiento detallado que permite a tu m\u00e9dico ver claramente lo que ocurre dentro de tu cuerpo. Cuando te hacen una ecograf\u00eda transvaginal en el Centro de Diagn\u00f3stico y Tratamiento Medex de Queens &hellip; <\/p>\n<p class=\"link-more\"><a href=\"https:\/\/www.medexdtc.com\/es\/ecografia-transvaginal-en-queens\/\" class=\"more-link\">Continue reading<span class=\"screen-reader-text\"> \u00abEcograf\u00eda transvaginal en Queens\u00bb<\/span><\/a><\/p>\n","protected":false},"author":3,"featured_media":0,"parent":0,"menu_order":0,"comment_status":"closed","ping_status":"closed","template":"new_inner.php","meta":{"_acf_changed":false,"footnotes":""},"class_list":["post-4340","page","type-page","status-publish","hentry"],"acf":[],"yoast_head":"<!-- This site is optimized with the Yoast SEO plugin v27.3 - https:\/\/yoast.com\/product\/yoast-seo-wordpress\/ -->\n<title>Ecograf\u00eda transvaginal | Los mejores ginec\u00f3logos en Forest Hills, Queens, NY<\/title>\n<meta name=\"description\" content=\"Realizado por nuestro ginec\u00f3logo en Medex - Multi-Specialty Medical Center en Forest Hills, Queens, NY, un ultrasonido transvaginal es un procedimiento de diagn\u00f3stico que se realiza para examinar los \u00f3rganos internos en el \u00e1rea p\u00e9lvica femenina\" \/>\n<meta name=\"robots\" content=\"index, follow, max-snippet:-1, max-image-preview:large, max-video-preview:-1\" \/>\n<link rel=\"canonical\" href=\"https:\/\/www.medexdtc.com\/es\/ecografia-transvaginal-en-queens\/\" \/>\n<meta property=\"og:locale\" content=\"es_ES\" \/>\n<meta property=\"og:type\" content=\"article\" \/>\n<meta property=\"og:title\" content=\"Ecograf\u00eda transvaginal | Los mejores ginec\u00f3logos en Forest Hills, Queens, NY\" \/>\n<meta property=\"og:description\" content=\"Realizado por nuestro ginec\u00f3logo en Medex - Multi-Specialty Medical Center en Forest Hills, Queens, NY, un ultrasonido transvaginal es un procedimiento de diagn\u00f3stico que se realiza para examinar los \u00f3rganos internos en el \u00e1rea p\u00e9lvica femenina\" \/>\n<meta property=\"og:url\" content=\"https:\/\/www.medexdtc.com\/es\/ecografia-transvaginal-en-queens\/\" \/>\n<meta property=\"og:site_name\" content=\"Medex Diagnostic and Treatment Center - Queens Medical Center - Medical Clinic in Forest Hills, NY\" \/>\n<meta property=\"article:publisher\" content=\"https:\/\/www.facebook.com\/medexny\" \/>\n<meta name=\"twitter:card\" content=\"summary_large_image\" \/>\n<meta name=\"twitter:site\" content=\"@DtcMedex\" \/>\n<meta name=\"twitter:label1\" content=\"Tiempo de lectura\" \/>\n\t<meta name=\"twitter:data1\" content=\"6 minutos\" \/>\n<!-- \/ Yoast SEO plugin. -->","yoast_head_json":{"title":"Ecograf\u00eda transvaginal | Los mejores ginec\u00f3logos en Forest Hills, Queens, NY","description":"Realizado por nuestro ginec\u00f3logo en Medex - Multi-Specialty Medical Center en Forest Hills, Queens, NY, un ultrasonido transvaginal es un procedimiento de diagn\u00f3stico que se realiza para examinar los \u00f3rganos internos en el \u00e1rea p\u00e9lvica femenina","robots":{"index":"index","follow":"follow","max-snippet":"max-snippet:-1","max-image-preview":"max-image-preview:large","max-video-preview":"max-video-preview:-1"},"canonical":"https:\/\/www.medexdtc.com\/es\/ecografia-transvaginal-en-queens\/","og_locale":"es_ES","og_type":"article","og_title":"Ecograf\u00eda transvaginal | Los mejores ginec\u00f3logos en Forest Hills, Queens, NY","og_description":"Realizado por nuestro ginec\u00f3logo en Medex - Multi-Specialty Medical Center en Forest Hills, Queens, NY, un ultrasonido transvaginal es un procedimiento de diagn\u00f3stico que se realiza para examinar los \u00f3rganos internos en el \u00e1rea p\u00e9lvica femenina","og_url":"https:\/\/www.medexdtc.com\/es\/ecografia-transvaginal-en-queens\/","og_site_name":"Medex Diagnostic and Treatment Center - Queens Medical Center - Medical Clinic in Forest Hills, NY","article_publisher":"https:\/\/www.facebook.com\/medexny","twitter_card":"summary_large_image","twitter_site":"@DtcMedex","twitter_misc":{"Tiempo de lectura":"6 minutos"},"schema":{"@context":"https:\/\/schema.org","@graph":[{"@type":"WebPage","@id":"https:\/\/www.medexdtc.com\/es\/ecografia-transvaginal-en-queens\/","url":"https:\/\/www.medexdtc.com\/es\/ecografia-transvaginal-en-queens\/","name":"Ecograf\u00eda transvaginal | Los mejores ginec\u00f3logos en Forest Hills, Queens, NY","isPartOf":{"@id":"https:\/\/www.medexdtc.com\/es\/#website"},"datePublished":"2021-01-22T13:22:13+00:00","description":"Realizado por nuestro ginec\u00f3logo en Medex - Multi-Specialty Medical Center en Forest Hills, Queens, NY, un ultrasonido transvaginal es un procedimiento de diagn\u00f3stico que se realiza para examinar los \u00f3rganos internos en el \u00e1rea p\u00e9lvica femenina","breadcrumb":{"@id":"https:\/\/www.medexdtc.com\/es\/ecografia-transvaginal-en-queens\/#breadcrumb"},"inLanguage":"es","potentialAction":[{"@type":"ReadAction","target":["https:\/\/www.medexdtc.com\/es\/ecografia-transvaginal-en-queens\/"]}]},{"@type":"BreadcrumbList","@id":"https:\/\/www.medexdtc.com\/es\/ecografia-transvaginal-en-queens\/#breadcrumb","itemListElement":[{"@type":"ListItem","position":1,"name":"Home","item":"https:\/\/www.medexdtc.com\/es\/"},{"@type":"ListItem","position":2,"name":"Ecograf\u00eda transvaginal en Queens"}]},{"@type":"WebSite","@id":"https:\/\/www.medexdtc.com\/es\/#website","url":"https:\/\/www.medexdtc.com\/es\/","name":"Medex DTC","description":"Medex Diagnostic and Treatment Center is a Medical Center in Queens, NY is a dynamic multi-specialty clinic. Physicians delivering high quality individualized care in Forest Hills, Queens, NY.","publisher":{"@id":"https:\/\/www.medexdtc.com\/es\/#organization"},"potentialAction":[{"@type":"SearchAction","target":{"@type":"EntryPoint","urlTemplate":"https:\/\/www.medexdtc.com\/es\/?s={search_term_string}"},"query-input":{"@type":"PropertyValueSpecification","valueRequired":true,"valueName":"search_term_string"}}],"inLanguage":"es"},{"@type":"Organization","@id":"https:\/\/www.medexdtc.com\/es\/#organization","name":"Medex DCT","url":"https:\/\/www.medexdtc.com\/es\/","logo":{"@type":"ImageObject","inLanguage":"es","@id":"https:\/\/www.medexdtc.com\/es\/#\/schema\/logo\/image\/","url":"https:\/\/www.medexdtc.com\/wp-content\/uploads\/2024\/11\/medex-diagnostic-and-treatment-center-in-queens-NY.png","contentUrl":"https:\/\/www.medexdtc.com\/wp-content\/uploads\/2024\/11\/medex-diagnostic-and-treatment-center-in-queens-NY.png","width":226,"height":47,"caption":"Medex DCT"},"image":{"@id":"https:\/\/www.medexdtc.com\/es\/#\/schema\/logo\/image\/"},"sameAs":["https:\/\/www.facebook.com\/medexny","https:\/\/x.com\/DtcMedex","https:\/\/www.instagram.com\/medexdtc\/","https:\/\/www.linkedin.com\/company\/medex-diagnostic-and-treatment-center\/about\/"]}]}},"jetpack_sharing_enabled":true,"_links":{"self":[{"href":"https:\/\/www.medexdtc.com\/es\/wp-json\/wp\/v2\/pages\/4340","targetHints":{"allow":["GET"]}}],"collection":[{"href":"https:\/\/www.medexdtc.com\/es\/wp-json\/wp\/v2\/pages"}],"about":[{"href":"https:\/\/www.medexdtc.com\/es\/wp-json\/wp\/v2\/types\/page"}],"author":[{"embeddable":true,"href":"https:\/\/www.medexdtc.com\/es\/wp-json\/wp\/v2\/users\/3"}],"replies":[{"embeddable":true,"href":"https:\/\/www.medexdtc.com\/es\/wp-json\/wp\/v2\/comments?post=4340"}],"version-history":[{"count":0,"href":"https:\/\/www.medexdtc.com\/es\/wp-json\/wp\/v2\/pages\/4340\/revisions"}],"wp:attachment":[{"href":"https:\/\/www.medexdtc.com\/es\/wp-json\/wp\/v2\/media?parent=4340"}],"curies":[{"name":"wp","href":"https:\/\/api.w.org\/{rel}","templated":true}]}}