{"id":4348,"date":"2021-01-22T18:22:48","date_gmt":"2021-01-22T13:22:48","guid":{"rendered":"https:\/\/www.medexdtc.com\/ecocardiograma-de-estres\/"},"modified":"2021-01-22T18:22:48","modified_gmt":"2021-01-22T13:22:48","slug":"ecocardiograma-de-estres","status":"publish","type":"page","link":"https:\/\/www.medexdtc.com\/es\/ecocardiograma-de-estres\/","title":{"rendered":"Ecocardiograma de estr\u00e9s"},"content":{"rendered":"<section id=\"treatment-page-content-area-1\" class=\"treatment-page-content-area-one\">Un ecocardiograma es una ecograf\u00eda que produce im\u00e1genes en directo de tu coraz\u00f3n en acci\u00f3n. Un ecocardiograma de esfuerzo mide la actividad de tu coraz\u00f3n tanto en reposo como en estado de estr\u00e9s. El estado de estr\u00e9s se alcanza mediante el ejercicio o mediante un goteo intravenoso de un f\u00e1rmaco que a\u00f1ade estr\u00e9s al coraz\u00f3n. En ambos casos, tu cardi\u00f3logo del Centro de Diagn\u00f3stico y Tratamiento Medex lee el ecocardiograma resultante para determinar si tienes un defecto gen\u00e9tico o un problema m\u00e1s reciente en el coraz\u00f3n. Llama hoy para una consulta.    <\/p>\n<h2>\u00bfQu\u00e9 es un ecocardiograma?<\/h2>\n<p>Un ecocardiograma es un instrumento de an\u00e1lisis m\u00e9dico que se utiliza para mostrar a tu m\u00e9dico im\u00e1genes de tu coraz\u00f3n latiendo y bombeando sangre. Estas im\u00e1genes pueden revelar cualquier problema estructural o da\u00f1o que, a la larga, puede provocar una <a href=\"https:\/\/www.medexdtc.com\/heart-disease\/\">enfermedad cardiaca<\/a> o un ictus. <\/p>\n<p>Dado que los ecocardiogramas permiten a tu m\u00e9dico detectar problemas cardiacos antes de que se agraven demasiado, son una parte importante de la <a href=\"https:\/\/www.medexdtc.com\/cardiology\/\">atenci\u00f3n cardiol\u00f3gica preventiva<\/a>.El equipo del <a href=\"https:\/\/www.medexdtc.com\/es\/\">Centro de Diagn\u00f3stico y Tratamiento Medex<\/a> de Queens, NY, cree firmemente que \u00abm\u00e1s vale prevenir que curar\u00bb. Medex es una consulta multidisciplinar que alberga desde <a href=\"https:\/\/www.medexdtc.com\/primary-care\/\">atenci\u00f3n primaria<\/a> hasta una amplia gama de especialidades, incluidos <a href=\"https:\/\/www.medexdtc.com\/cardiology\/\">cardi\u00f3logos<\/a> y <a href=\"https:\/\/www.medexdtc.com\/veins\/\">expertos en venas<\/a>. <\/p>\n<h2>\u00bfPor qu\u00e9 es necesario un ecocardiograma?<\/h2>\n<p>Tu m\u00e9dico puede decidir que es necesario un ecocardiograma por varias razones. Si presentas s\u00edntomas que sugieren alg\u00fan trastorno que afecta al flujo sangu\u00edneo y a la salud de tu coraz\u00f3n, tu m\u00e9dico puede recurrir a un ecocardiograma. Las afecciones espec\u00edficas que pueden requerir pruebas son  <\/p>\n<ul>\n<li>Un posible defecto card\u00edaco cong\u00e9nito del feto, que puede requerir un ecocardiograma fetal<\/li>\n<li>Determinar si tu dolor tor\u00e1cico o tus problemas respiratorios son o no consecuencia de problemas card\u00edacos<\/li>\n<li>Probables problemas valvulares o camerulares en el coraz\u00f3n<\/li>\n<\/ul>\n<p>Tu m\u00e9dico tambi\u00e9n puede utilizar la prueba para determinar otros factores, como la identificaci\u00f3n:<\/p>\n<ul>\n<li>El estado general de tu coraz\u00f3n<\/li>\n<li>Los resultados de tratamientos m\u00e9dicos o intervenciones quir\u00fargicas anteriores<\/li>\n<li>La progresi\u00f3n gradual de los problemas valvulares<\/li>\n<li>Enfermedad valvular<\/li>\n<li>Enfermedad mioc\u00e1rdica<\/li>\n<li>Masas card\u00edacas<\/li>\n<li>Endocarditis infecciosa<\/li>\n<li>Enfermedad peric\u00e1rdica<\/li>\n<\/ul>\n<h2>\u00bfHay distintos tipos de ecocardiogramas?<\/h2>\n<p>Hay cuatro ecocardiogramas b\u00e1sicos. Tu m\u00e9dico o especialista solicita el correcto, en funci\u00f3n de tus necesidades. Como Medex es un grupo multiespecialidad bajo un mismo techo, tu m\u00e9dico de atenci\u00f3n primaria tiene acceso a la experiencia de otros m\u00e9dicos, como un cardi\u00f3logo capacitado, para determinar qu\u00e9 pruebas y tratamientos son m\u00e1s eficaces para tus s\u00edntomas. Las distintas pruebas incluyen:   <\/p>\n<ol>\n<li><strong>Ecocardiograma transtor\u00e1cico.<\/strong>  Durante este ecocardiograma est\u00e1ndar, el ecografista esparce gel sobre el transductor y lo coloca sobre la piel por encima de tu coraz\u00f3n para dirigir un haz de ultrasonidos. A continuaci\u00f3n, el aparato registra las ondas sonoras reflejadas que vuelven del coraz\u00f3n, y un ordenador crea im\u00e1genes a partir de las ondas sonoras. A veces, un pulm\u00f3n o una costilla impiden la visi\u00f3n, en cuyo caso el t\u00e9cnico puede tener que a\u00f1adir un agente potenciador a trav\u00e9s de una aguja intravenosa para obtener una imagen m\u00e1s n\u00edtida en el monitor.  <\/li>\n<li><strong>Ecocardiograma transesof\u00e1gico.<\/strong>  Si las im\u00e1genes proporcionadas por un ecocardiograma transtor\u00e1cico son insuficientes, tu m\u00e9dico puede ordenar uno transesof\u00e1gico. Durante este procedimiento, el ecografista te suministra medicaci\u00f3n para relajarte y luego te adormece la garganta. A continuaci\u00f3n te gu\u00eda un transductor por el es\u00f3fago, que se utiliza para dirigir las ondas sonoras hacia el coraz\u00f3n. Una vez m\u00e1s, el ordenador convierte las ondas en im\u00e1genes.   <\/li>\n<li><strong>Ecocardiograma Doppler.<\/strong>  Cuando tu m\u00e9dico necesita medir la velocidad y direcci\u00f3n del flujo sangu\u00edneo de tu coraz\u00f3n, esta prueba lo consigue. Un ecocardiograma Doppler hace rebotar ondas sonoras en las c\u00e9lulas sangu\u00edneas que viajan por tu coraz\u00f3n, venas y arterias. Las ondas reflejadas son se\u00f1ales Doppler que miden los cambios. Las se\u00f1ales Doppler tambi\u00e9n pueden identificar la presi\u00f3n sangu\u00ednea en tus arterias coronarias, lo que no puede hacer una ecograf\u00eda rutinaria. Tambi\u00e9n pueden pedirte que te sometas a una <a href=\"https:\/\/www.medexdtc.com\/venous-doppler\/\">prueba Doppler venosa<\/a> para examinar a fondo tus vasos sangu\u00edneos.    <\/li>\n<li><strong><a href=\"https:\/\/www.medexdtc.com\/es\/ecocardiograma-de-estres\/\">Ecocardiograma de estr\u00e9s<\/a><\/strong>. Tu m\u00e9dico puede optar por un ecocardiograma de esfuerzo para analizar las arterias de tu coraz\u00f3n y c\u00f3mo funcionan en situaciones de esfuerzo durante la actividad f\u00edsica. Durante este procedimiento, el ecografista toma im\u00e1genes de tu coraz\u00f3n antes y despu\u00e9s del ejercicio. Si no puedes realizar ejercicio f\u00edsico, hay medicaci\u00f3n disponible para estimular la aceleraci\u00f3n de tu coraz\u00f3n con el fin de obtener un resultado similar.   <\/li>\n<\/ol>\n<h2>\u00bfQu\u00e9 ocurre durante un ecocardiograma?<\/h2>\n<p>Durante un ecocardiograma, el ecografista te acompa\u00f1a al laboratorio, donde te proporcionan una bata de hospital. A continuaci\u00f3n, el ecografista te coloca tres electrodos en el pecho, que miden los impulsos el\u00e9ctricos de tu coraz\u00f3n. La varilla del transductor que toca tu piel est\u00e1 recubierta de gel inocuo para producir mejores im\u00e1genes. Te tumbas sobre el costado izquierdo para comenzar la prueba, pero puede que tengas que cambiar de postura varias veces para que el ecografista pueda obtener diversos \u00e1ngulos de tu coraz\u00f3n. A veces, puede que tengas que contener la respiraci\u00f3n.    <\/p>\n<p>Aunque los ecocardiogramas no previenen las enfermedades cardiacas, pueden ayudar a tu m\u00e9dico a identificar las afecciones que pueden provocar enfermedades cardiacas e ictus. Cuando eliges el Centro de Diagn\u00f3stico y Tratamiento Medex de Queens, dispones de un servicio m\u00e9dico completo. No tienes que salir del edificio para hacerte pruebas de laboratorio o derivaciones. <a href=\"https:\/\/www.medexdtc.com\/es\/contacta-con-nosotros\/\">Ponte en contacto con Medex hoy mismo<\/a> para concertar tu consulta inicial.  <\/p>\n<p>Podemos ayudarte a encontrar m\u00e9dico. Llama al <a href=\"tel:+17182758900\">(718) 275-8900<\/a> <\/p>\n<p>Con licencia del estado de Nueva York, Medex es un centro de diagn\u00f3stico y tratamiento del art\u00edculo 28. Nuestros m\u00e9dicos proporcionan atenci\u00f3n integral a pacientes de todas las edades en la zona de Forest Hills, Queens, desde hace m\u00e1s de 15 a\u00f1os. Empieza a recibir atenci\u00f3n experta ahora llamando o concertando una cita en l\u00ednea con uno de los especialistas cualificados.  <\/p>\n<\/section>\n","protected":false},"excerpt":{"rendered":"<p>Un ecocardiograma es una ecograf\u00eda que produce im\u00e1genes en directo de tu coraz\u00f3n en acci\u00f3n. Un ecocardiograma de esfuerzo mide la actividad de tu coraz\u00f3n tanto en reposo como en estado de estr\u00e9s. El estado de estr\u00e9s se alcanza mediante el ejercicio o mediante un goteo intravenoso de un f\u00e1rmaco que a\u00f1ade estr\u00e9s al coraz\u00f3n. &hellip; <\/p>\n<p class=\"link-more\"><a href=\"https:\/\/www.medexdtc.com\/es\/ecocardiograma-de-estres\/\" class=\"more-link\">Continue reading<span class=\"screen-reader-text\"> \u00abEcocardiograma de estr\u00e9s\u00bb<\/span><\/a><\/p>\n","protected":false},"author":3,"featured_media":0,"parent":0,"menu_order":0,"comment_status":"closed","ping_status":"closed","template":"new_inner.php","meta":{"_acf_changed":false,"footnotes":""},"class_list":["post-4348","page","type-page","status-publish","hentry"],"acf":[],"yoast_head":"<!-- This site is optimized with the Yoast SEO plugin v27.5 - https:\/\/yoast.com\/product\/yoast-seo-wordpress\/ -->\n<title>Ecocardiograma de Esfuerzo | Top Cardi\u00f3logo en Forest Hills, Queens, NY<\/title>\n<meta name=\"description\" content=\"Realizado en el Centro de Diagn\u00f3stico y Tratamiento Medex de Forest Hills, Queens, NY, un ecocardiograma es una ecograf\u00eda que produce im\u00e1genes en directo de tu coraz\u00f3n en acci\u00f3n.\" \/>\n<meta name=\"robots\" content=\"index, follow, max-snippet:-1, max-image-preview:large, max-video-preview:-1\" \/>\n<link rel=\"canonical\" href=\"https:\/\/www.medexdtc.com\/es\/ecocardiograma-de-estres\/\" \/>\n<meta property=\"og:locale\" content=\"es_ES\" \/>\n<meta property=\"og:type\" content=\"article\" \/>\n<meta property=\"og:title\" content=\"Ecocardiograma de Esfuerzo | Top Cardi\u00f3logo en Forest Hills, Queens, NY\" \/>\n<meta property=\"og:description\" content=\"Realizado en el Centro de Diagn\u00f3stico y Tratamiento Medex de Forest Hills, Queens, NY, un ecocardiograma es una ecograf\u00eda que produce im\u00e1genes en directo de tu coraz\u00f3n en acci\u00f3n.\" \/>\n<meta property=\"og:url\" content=\"https:\/\/www.medexdtc.com\/es\/ecocardiograma-de-estres\/\" \/>\n<meta property=\"og:site_name\" content=\"Medex Diagnostic and Treatment Center - Queens Medical Center - Medical Clinic in Forest Hills, NY\" \/>\n<meta property=\"article:publisher\" content=\"https:\/\/www.facebook.com\/medexny\" \/>\n<meta name=\"twitter:card\" content=\"summary_large_image\" \/>\n<meta name=\"twitter:site\" content=\"@DtcMedex\" \/>\n<meta name=\"twitter:label1\" content=\"Tiempo de lectura\" \/>\n\t<meta name=\"twitter:data1\" content=\"5 minutos\" \/>\n<!-- \/ Yoast SEO plugin. -->","yoast_head_json":{"title":"Ecocardiograma de Esfuerzo | Top Cardi\u00f3logo en Forest Hills, Queens, NY","description":"Realizado en el Centro de Diagn\u00f3stico y Tratamiento Medex de Forest Hills, Queens, NY, un ecocardiograma es una ecograf\u00eda que produce im\u00e1genes en directo de tu coraz\u00f3n en acci\u00f3n.","robots":{"index":"index","follow":"follow","max-snippet":"max-snippet:-1","max-image-preview":"max-image-preview:large","max-video-preview":"max-video-preview:-1"},"canonical":"https:\/\/www.medexdtc.com\/es\/ecocardiograma-de-estres\/","og_locale":"es_ES","og_type":"article","og_title":"Ecocardiograma de Esfuerzo | Top Cardi\u00f3logo en Forest Hills, Queens, NY","og_description":"Realizado en el Centro de Diagn\u00f3stico y Tratamiento Medex de Forest Hills, Queens, NY, un ecocardiograma es una ecograf\u00eda que produce im\u00e1genes en directo de tu coraz\u00f3n en acci\u00f3n.","og_url":"https:\/\/www.medexdtc.com\/es\/ecocardiograma-de-estres\/","og_site_name":"Medex Diagnostic and Treatment Center - Queens Medical Center - Medical Clinic in Forest Hills, NY","article_publisher":"https:\/\/www.facebook.com\/medexny","twitter_card":"summary_large_image","twitter_site":"@DtcMedex","twitter_misc":{"Tiempo de lectura":"5 minutos"},"schema":{"@context":"https:\/\/schema.org","@graph":[{"@type":"WebPage","@id":"https:\/\/www.medexdtc.com\/es\/ecocardiograma-de-estres\/","url":"https:\/\/www.medexdtc.com\/es\/ecocardiograma-de-estres\/","name":"Ecocardiograma de Esfuerzo | Top Cardi\u00f3logo en Forest Hills, Queens, NY","isPartOf":{"@id":"https:\/\/www.medexdtc.com\/es\/#website"},"datePublished":"2021-01-22T13:22:48+00:00","description":"Realizado en el Centro de Diagn\u00f3stico y Tratamiento Medex de Forest Hills, Queens, NY, un ecocardiograma es una ecograf\u00eda que produce im\u00e1genes en directo de tu coraz\u00f3n en acci\u00f3n.","breadcrumb":{"@id":"https:\/\/www.medexdtc.com\/es\/ecocardiograma-de-estres\/#breadcrumb"},"inLanguage":"es","potentialAction":[{"@type":"ReadAction","target":["https:\/\/www.medexdtc.com\/es\/ecocardiograma-de-estres\/"]}]},{"@type":"BreadcrumbList","@id":"https:\/\/www.medexdtc.com\/es\/ecocardiograma-de-estres\/#breadcrumb","itemListElement":[{"@type":"ListItem","position":1,"name":"Home","item":"https:\/\/www.medexdtc.com\/es\/"},{"@type":"ListItem","position":2,"name":"Ecocardiograma de estr\u00e9s"}]},{"@type":"WebSite","@id":"https:\/\/www.medexdtc.com\/es\/#website","url":"https:\/\/www.medexdtc.com\/es\/","name":"Medex DTC","description":"Medex Diagnostic and Treatment Center is a Medical Center in Queens, NY is a dynamic multi-specialty clinic. Physicians delivering high quality individualized care in Forest Hills, Queens, NY.","publisher":{"@id":"https:\/\/www.medexdtc.com\/es\/#organization"},"potentialAction":[{"@type":"SearchAction","target":{"@type":"EntryPoint","urlTemplate":"https:\/\/www.medexdtc.com\/es\/?s={search_term_string}"},"query-input":{"@type":"PropertyValueSpecification","valueRequired":true,"valueName":"search_term_string"}}],"inLanguage":"es"},{"@type":"Organization","@id":"https:\/\/www.medexdtc.com\/es\/#organization","name":"Medex DCT","url":"https:\/\/www.medexdtc.com\/es\/","logo":{"@type":"ImageObject","inLanguage":"es","@id":"https:\/\/www.medexdtc.com\/es\/#\/schema\/logo\/image\/","url":"https:\/\/www.medexdtc.com\/wp-content\/uploads\/2024\/11\/medex-diagnostic-and-treatment-center-in-queens-NY.png","contentUrl":"https:\/\/www.medexdtc.com\/wp-content\/uploads\/2024\/11\/medex-diagnostic-and-treatment-center-in-queens-NY.png","width":226,"height":47,"caption":"Medex DCT"},"image":{"@id":"https:\/\/www.medexdtc.com\/es\/#\/schema\/logo\/image\/"},"sameAs":["https:\/\/www.facebook.com\/medexny","https:\/\/x.com\/DtcMedex","https:\/\/www.instagram.com\/medexdtc\/","https:\/\/www.linkedin.com\/company\/medex-diagnostic-and-treatment-center\/about\/"]}]}},"jetpack_sharing_enabled":true,"_links":{"self":[{"href":"https:\/\/www.medexdtc.com\/es\/wp-json\/wp\/v2\/pages\/4348","targetHints":{"allow":["GET"]}}],"collection":[{"href":"https:\/\/www.medexdtc.com\/es\/wp-json\/wp\/v2\/pages"}],"about":[{"href":"https:\/\/www.medexdtc.com\/es\/wp-json\/wp\/v2\/types\/page"}],"author":[{"embeddable":true,"href":"https:\/\/www.medexdtc.com\/es\/wp-json\/wp\/v2\/users\/3"}],"replies":[{"embeddable":true,"href":"https:\/\/www.medexdtc.com\/es\/wp-json\/wp\/v2\/comments?post=4348"}],"version-history":[{"count":0,"href":"https:\/\/www.medexdtc.com\/es\/wp-json\/wp\/v2\/pages\/4348\/revisions"}],"wp:attachment":[{"href":"https:\/\/www.medexdtc.com\/es\/wp-json\/wp\/v2\/media?parent=4348"}],"curies":[{"name":"wp","href":"https:\/\/api.w.org\/{rel}","templated":true}]}}