{"id":4355,"date":"2021-01-22T18:24:08","date_gmt":"2021-01-22T13:24:08","guid":{"rendered":"https:\/\/www.medexdtc.com\/doppler-carotideo\/"},"modified":"2021-01-22T18:24:08","modified_gmt":"2021-01-22T13:24:08","slug":"doppler-carotideo","status":"publish","type":"page","link":"https:\/\/www.medexdtc.com\/es\/doppler-carotideo\/","title":{"rendered":"Doppler carot\u00eddeo"},"content":{"rendered":"<section id=\"treatment-page-content-area-1\" class=\"treatment-page-content-area-one\">\n<h2>\u00bfQu\u00e9 es una prueba Doppler carot\u00eddea?<\/h2>\n<p>La prueba Doppler carot\u00eddea es un procedimiento ecogr\u00e1fico que permite a un t\u00e9cnico escuchar el flujo sangu\u00edneo en las arterias de tu cuello. Lo que escuchan es un sonido silbante que indica que tu sangre puede no estar fluyendo con normalidad. Este sonido se llama soplo, que se pronuncia \u00abBROO-ee\u00bb.  <\/p>\n<p>Puede que no notes ning\u00fan s\u00edntoma f\u00edsico cuando tienes las arterias obstruidas, pero tu m\u00e9dico de atenci\u00f3n primaria puede detectar diferencias en el flujo sangu\u00edneo con un simple estetoscopio durante la exploraci\u00f3n f\u00edsica. El Doppler carot\u00eddeo es una prueba m\u00e1s precisa que se utiliza para detectar una obstrucci\u00f3n en las arterias del cuello, una enfermedad denominada arteriopat\u00eda carot\u00eddea. Esta enfermedad provoca un ictus o un infarto de miocardio. Hay varias formas de que tus arterias se obstruyan, entre ellas   <\/p>\n<ul class=\"sm\">\n<li>Dep\u00f3sitos grasos<\/li>\n<li>Un co\u00e1gulo de sangre<\/li>\n<li>La placa, que es una acumulaci\u00f3n de colesterol y gl\u00f3bulos blancos en las paredes de una arteria<\/li>\n<\/ul>\n<p>En nuestra consulta, diversos especialistas m\u00e9dicos trabajan bajo un mismo techo para que tu m\u00e9dico de atenci\u00f3n primaria tenga acceso a expertos formados tanto en cardiolog\u00eda como en enfermedades venosas. El centro est\u00e1 equipado para realizar derivaciones internas siempre que sea necesario, contar con sesiones de colaboraci\u00f3n con m\u00faltiples especialistas y realizar una ecograf\u00eda Doppler carot\u00eddea o cualquier otra prueba preventiva que recomiende tu m\u00e9dico. <\/p>\n<h2>\u00bfPor qu\u00e9 ha pedido mi m\u00e9dico este esc\u00e1ner?<\/h2>\n<p>Tu m\u00e9dico o especialista puede solicitar una prueba Doppler carot\u00eddea en blanco y negro si sospecha que padeces una enfermedad de las arterias car\u00f3tidas. La prueba tambi\u00e9n es una opci\u00f3n si te has quejado de alg\u00fan s\u00edntoma similar a los de un ictus. Adem\u00e1s, si tienes riesgo de sufrir un ictus o una enfermedad cardiaca porque es hereditaria, es posible que tu m\u00e9dico quiera que te hagas un Doppler carot\u00eddeo con regularidad para prevenir un ictus o una enfermedad cardiaca. Los riesgos asociados a un ictus o un infarto de miocardio son:   <\/p>\n<ul class=\"sm\">\n<li>Enfermedad arterial coronaria<\/li>\n<li>Diabetes<\/li>\n<li>Hipertensi\u00f3n o tensi\u00f3n arterial alta<\/li>\n<li>Colesterol alto<\/li>\n<li>Antecedentes familiares de accidentes cerebrovasculares o cardiopat\u00edas<\/li>\n<li>Ser fumador de cigarrillos<\/li>\n<li>Un estilo de vida sedentario que no incluye ejercicio regular<\/li>\n<li>Tener sobrepeso<\/li>\n<li>Si has tenido un accidente isqu\u00e9mico transitorio (AIT) o un ictus leve recientemente<\/li>\n<\/ul>\n<h2>\u00bfQu\u00e9 puedo esperar durante un Doppler carot\u00eddeo?<\/h2>\n<p>La prueba Doppler carot\u00eddea es indolora y no entra\u00f1a riesgos. No necesitas preparativos m\u00e1s all\u00e1 de llevar una camisa que te permita el acceso al cuello. No puedes llevar joyas que puedan estorbar el d\u00eda de la prueba. Si tu m\u00e9dico tiene instrucciones especiales, lo sabr\u00e1s antes de venir a hacerte la prueba. La ecograf\u00eda Doppler carot\u00eddea es una prueba sencilla y directa. Sus pasos incluyen:     <\/p>\n<ol>\n<li>Te pedir\u00e1n que te tumbes boca arriba en una camilla.<\/li>\n<li>Un ecografista realiza la prueba, utilizando una varita similar al dispositivo port\u00e1til de ecograf\u00eda que se utiliza en las mujeres embarazadas para captar im\u00e1genes de su feto.<\/li>\n<li>El t\u00e9cnico te aplica un gel especial en la piel de la zona objetivo, normalmente en el cuello o cerca de \u00e9l. El gel ayuda a captar una imagen m\u00e1s n\u00edtida. <\/li>\n<li>El ecografista mueve la varita por tu piel mientras tu m\u00e9dico observa c\u00f3mo aparece una imagen en blanco y negro en un monitor de ordenador.<\/li>\n<\/ol>\n<p>El ecografista realiza la prueba, pero no est\u00e1 cualificado para interpretar los resultados. Los resultados grabados de la prueba se env\u00edan a un radi\u00f3logo, que s\u00ed est\u00e1 capacitado para interpretar los resultados de la ecograf\u00eda Doppler para tu m\u00e9dico. El ecografista suele negarse a responder a tus preguntas, a menos que preguntes sobre la anatom\u00eda que aparece en la pantalla. Reserva cualquier otra pregunta para el m\u00e9dico que solicit\u00f3 la prueba. En poco tiempo, tendr\u00e1s noticias de tu m\u00e9dico para una cita de seguimiento para revisar los resultados.    <\/p>\n<h2>\u00bfQu\u00e9 sigue a una prueba Doppler carot\u00eddea?<\/h2>\n<p>Una vez hayas comentado los resultados con tu m\u00e9dico de referencia, es posible que necesites una prueba de seguimiento, como un ecocardiograma o un Doppler venoso. Si los resultados del Doppler carot\u00eddeo no est\u00e1n claros o si tu m\u00e9dico necesita m\u00e1s informaci\u00f3n, es posible que tengas que repetir el Doppler carot\u00eddeo, pero eso es poco habitual. <\/p>\n<\/section>\n","protected":false},"excerpt":{"rendered":"<p>\u00bfQu\u00e9 es una prueba Doppler carot\u00eddea? La prueba Doppler carot\u00eddea es un procedimiento ecogr\u00e1fico que permite a un t\u00e9cnico escuchar el flujo sangu\u00edneo en las arterias de tu cuello. Lo que escuchan es un sonido silbante que indica que tu sangre puede no estar fluyendo con normalidad. Este sonido se llama soplo, que se pronuncia &hellip; <\/p>\n<p class=\"link-more\"><a href=\"https:\/\/www.medexdtc.com\/es\/doppler-carotideo\/\" class=\"more-link\">Continue reading<span class=\"screen-reader-text\"> \u00abDoppler carot\u00eddeo\u00bb<\/span><\/a><\/p>\n","protected":false},"author":3,"featured_media":0,"parent":0,"menu_order":0,"comment_status":"closed","ping_status":"closed","template":"new_inner.php","meta":{"_acf_changed":false,"footnotes":""},"class_list":["post-4355","page","type-page","status-publish","hentry"],"acf":[],"yoast_head":"<!-- This site is optimized with the Yoast SEO plugin v27.5 - https:\/\/yoast.com\/product\/yoast-seo-wordpress\/ -->\n<title>Doppler carot\u00eddeo - Medex Diagnostic and Treatment Center - Queens Medical Center - Medical Clinic in Forest Hills, NY Centro de Diagn\u00f3stico y Tratamiento en Queens<\/title>\n<meta name=\"description\" content=\"El Doppler carot\u00eddeo es una prueba m\u00e1s precisa que se utiliza para detectar una obstrucci\u00f3n en las arterias del cuello, una enfermedad denominada arteriopat\u00eda carot\u00eddea.\" \/>\n<meta name=\"robots\" content=\"index, follow, max-snippet:-1, max-image-preview:large, max-video-preview:-1\" \/>\n<link rel=\"canonical\" href=\"https:\/\/www.medexdtc.com\/es\/doppler-carotideo\/\" \/>\n<meta property=\"og:locale\" content=\"es_ES\" \/>\n<meta property=\"og:type\" content=\"article\" \/>\n<meta property=\"og:title\" content=\"Doppler carot\u00eddeo - Medex Diagnostic and Treatment Center - Queens Medical Center - Medical Clinic in Forest Hills, NY Centro de Diagn\u00f3stico y Tratamiento en Queens\" \/>\n<meta property=\"og:description\" content=\"El Doppler carot\u00eddeo es una prueba m\u00e1s precisa que se utiliza para detectar una obstrucci\u00f3n en las arterias del cuello, una enfermedad denominada arteriopat\u00eda carot\u00eddea.\" \/>\n<meta property=\"og:url\" content=\"https:\/\/www.medexdtc.com\/es\/doppler-carotideo\/\" \/>\n<meta property=\"og:site_name\" content=\"Medex Diagnostic and Treatment Center - Queens Medical Center - Medical Clinic in Forest Hills, NY\" \/>\n<meta property=\"article:publisher\" content=\"https:\/\/www.facebook.com\/medexny\" \/>\n<meta name=\"twitter:card\" content=\"summary_large_image\" \/>\n<meta name=\"twitter:site\" content=\"@DtcMedex\" \/>\n<meta name=\"twitter:label1\" content=\"Tiempo de lectura\" \/>\n\t<meta name=\"twitter:data1\" content=\"4 minutos\" \/>\n<!-- \/ Yoast SEO plugin. -->","yoast_head_json":{"title":"Doppler carot\u00eddeo - Medex Diagnostic and Treatment Center - Queens Medical Center - Medical Clinic in Forest Hills, NY Centro de Diagn\u00f3stico y Tratamiento en Queens","description":"El Doppler carot\u00eddeo es una prueba m\u00e1s precisa que se utiliza para detectar una obstrucci\u00f3n en las arterias del cuello, una enfermedad denominada arteriopat\u00eda carot\u00eddea.","robots":{"index":"index","follow":"follow","max-snippet":"max-snippet:-1","max-image-preview":"max-image-preview:large","max-video-preview":"max-video-preview:-1"},"canonical":"https:\/\/www.medexdtc.com\/es\/doppler-carotideo\/","og_locale":"es_ES","og_type":"article","og_title":"Doppler carot\u00eddeo - Medex Diagnostic and Treatment Center - Queens Medical Center - Medical Clinic in Forest Hills, NY Centro de Diagn\u00f3stico y Tratamiento en Queens","og_description":"El Doppler carot\u00eddeo es una prueba m\u00e1s precisa que se utiliza para detectar una obstrucci\u00f3n en las arterias del cuello, una enfermedad denominada arteriopat\u00eda carot\u00eddea.","og_url":"https:\/\/www.medexdtc.com\/es\/doppler-carotideo\/","og_site_name":"Medex Diagnostic and Treatment Center - Queens Medical Center - Medical Clinic in Forest Hills, NY","article_publisher":"https:\/\/www.facebook.com\/medexny","twitter_card":"summary_large_image","twitter_site":"@DtcMedex","twitter_misc":{"Tiempo de lectura":"4 minutos"},"schema":{"@context":"https:\/\/schema.org","@graph":[{"@type":"WebPage","@id":"https:\/\/www.medexdtc.com\/es\/doppler-carotideo\/","url":"https:\/\/www.medexdtc.com\/es\/doppler-carotideo\/","name":"Doppler carot\u00eddeo - Medex Diagnostic and Treatment Center - Queens Medical Center - Medical Clinic in Forest Hills, NY Centro de Diagn\u00f3stico y Tratamiento en Queens","isPartOf":{"@id":"https:\/\/www.medexdtc.com\/es\/#website"},"datePublished":"2021-01-22T13:24:08+00:00","description":"El Doppler carot\u00eddeo es una prueba m\u00e1s precisa que se utiliza para detectar una obstrucci\u00f3n en las arterias del cuello, una enfermedad denominada arteriopat\u00eda carot\u00eddea.","breadcrumb":{"@id":"https:\/\/www.medexdtc.com\/es\/doppler-carotideo\/#breadcrumb"},"inLanguage":"es","potentialAction":[{"@type":"ReadAction","target":["https:\/\/www.medexdtc.com\/es\/doppler-carotideo\/"]}]},{"@type":"BreadcrumbList","@id":"https:\/\/www.medexdtc.com\/es\/doppler-carotideo\/#breadcrumb","itemListElement":[{"@type":"ListItem","position":1,"name":"Home","item":"https:\/\/www.medexdtc.com\/es\/"},{"@type":"ListItem","position":2,"name":"Doppler carot\u00eddeo"}]},{"@type":"WebSite","@id":"https:\/\/www.medexdtc.com\/es\/#website","url":"https:\/\/www.medexdtc.com\/es\/","name":"Medex DTC","description":"Medex Diagnostic and Treatment Center is a Medical Center in Queens, NY is a dynamic multi-specialty clinic. Physicians delivering high quality individualized care in Forest Hills, Queens, NY.","publisher":{"@id":"https:\/\/www.medexdtc.com\/es\/#organization"},"potentialAction":[{"@type":"SearchAction","target":{"@type":"EntryPoint","urlTemplate":"https:\/\/www.medexdtc.com\/es\/?s={search_term_string}"},"query-input":{"@type":"PropertyValueSpecification","valueRequired":true,"valueName":"search_term_string"}}],"inLanguage":"es"},{"@type":"Organization","@id":"https:\/\/www.medexdtc.com\/es\/#organization","name":"Medex DCT","url":"https:\/\/www.medexdtc.com\/es\/","logo":{"@type":"ImageObject","inLanguage":"es","@id":"https:\/\/www.medexdtc.com\/es\/#\/schema\/logo\/image\/","url":"https:\/\/www.medexdtc.com\/wp-content\/uploads\/2024\/11\/medex-diagnostic-and-treatment-center-in-queens-NY.png","contentUrl":"https:\/\/www.medexdtc.com\/wp-content\/uploads\/2024\/11\/medex-diagnostic-and-treatment-center-in-queens-NY.png","width":226,"height":47,"caption":"Medex DCT"},"image":{"@id":"https:\/\/www.medexdtc.com\/es\/#\/schema\/logo\/image\/"},"sameAs":["https:\/\/www.facebook.com\/medexny","https:\/\/x.com\/DtcMedex","https:\/\/www.instagram.com\/medexdtc\/","https:\/\/www.linkedin.com\/company\/medex-diagnostic-and-treatment-center\/about\/"]}]}},"jetpack_sharing_enabled":true,"_links":{"self":[{"href":"https:\/\/www.medexdtc.com\/es\/wp-json\/wp\/v2\/pages\/4355","targetHints":{"allow":["GET"]}}],"collection":[{"href":"https:\/\/www.medexdtc.com\/es\/wp-json\/wp\/v2\/pages"}],"about":[{"href":"https:\/\/www.medexdtc.com\/es\/wp-json\/wp\/v2\/types\/page"}],"author":[{"embeddable":true,"href":"https:\/\/www.medexdtc.com\/es\/wp-json\/wp\/v2\/users\/3"}],"replies":[{"embeddable":true,"href":"https:\/\/www.medexdtc.com\/es\/wp-json\/wp\/v2\/comments?post=4355"}],"version-history":[{"count":0,"href":"https:\/\/www.medexdtc.com\/es\/wp-json\/wp\/v2\/pages\/4355\/revisions"}],"wp:attachment":[{"href":"https:\/\/www.medexdtc.com\/es\/wp-json\/wp\/v2\/media?parent=4355"}],"curies":[{"name":"wp","href":"https:\/\/api.w.org\/{rel}","templated":true}]}}