{"id":4358,"date":"2021-01-22T18:23:42","date_gmt":"2021-01-22T13:23:42","guid":{"rendered":"https:\/\/www.medexdtc.com\/ecografia-doppler-arterial-en-queens-los-mejores-cardiologos-en-queens\/"},"modified":"2021-01-22T18:23:42","modified_gmt":"2021-01-22T13:23:42","slug":"ecografia-doppler-arterial-en-queens-los-mejores-cardiologos-en-queens","status":"publish","type":"page","link":"https:\/\/www.medexdtc.com\/es\/ecografia-doppler-arterial-en-queens-los-mejores-cardiologos-en-queens\/","title":{"rendered":"Ecograf\u00eda Doppler Arterial en Queens | Los mejores cardi\u00f3logos en Queens"},"content":{"rendered":"<section id=\"treatment-page-content-area-1\" class=\"treatment-page-content-area-one\"><strong data-start=\"3\" data-end=\"34\">La ecograf\u00eda Doppler arterial<\/strong> es una prueba de imagen no invasiva que utiliza <strong data-start=\"76\" data-end=\"91\">ondas sonoras<\/strong> para evaluar el flujo sangu\u00edneo en las <strong data-start=\"120\" data-end=\"132\">arterias<\/strong>. Ayuda a detectar <strong data-start=\"150\" data-end=\"206\">obstrucciones, estrechamientos (estenosis) o mala circulaci\u00f3n<\/strong> causados por afecciones como <strong data-start=\"233\" data-end=\"295\">la arteriopat\u00eda perif\u00e9rica (arteriopat\u00eda perif\u00e9rica), co\u00e1gulos sangu\u00edneos o aneurismas<\/strong>. Hazte una ecograf\u00eda doppler arterial con el <a href=\"https:\/\/www.medexdtc.com\/cardiology\/\">mejor cardi\u00f3logo de Queens<\/a> en el centro de Diagn\u00f3stico y Tratamiento Medex. Las cardiopat\u00edas y enfermedades cardiovasculares se conocen como asesinos silenciosos porque los s\u00edntomas suelen pasarse por alto o ignorarse. Mientras tanto, la enfermedad empeora hasta el punto de que puede llegar a ser mortal. Una revisi\u00f3n anual da a tu m\u00e9dico la oportunidad de descubrir s\u00edntomas que apuntan a \u00e9stas y otras enfermedades. El Doppler arterial es una prueba diagn\u00f3stica que permite a tu m\u00e9dico medir la cantidad de sangre que fluye por tus arterias y la fuerza de ese flujo. Si una o varias de tus arterias se est\u00e1n obstruyendo, esta prueba puede localizar d\u00f3nde, que es el primer paso para el tratamiento. Llama hoy para una consulta.        <\/p>\n<h2>\u00bfQu\u00e9 es el Doppler Arterial?<\/h2>\n<p>La prueba Doppler arterial utiliza ondas sonoras de alta frecuencia para captar im\u00e1genes de tus vasos sangu\u00edneos. Este procedimiento ayuda a tu m\u00e9dico a deducir lo bien que fluye tu sangre por las arterias, y si hay alguna obstrucci\u00f3n. Los co\u00e1gulos sangu\u00edneos plantean un problema de salud, ya que pueden estar causados por una acumulaci\u00f3n de dep\u00f3sitos grasos. Si los trozos de grasa se desprenden, pueden viajar al coraz\u00f3n o al cerebro, lo que puede ser mortal.   <\/p>\n<p>En el <a href=\"https:\/\/www.medexdtc.com\/es\/\">Centro de Diagn\u00f3stico y Tratamiento Medex<\/a> de Queens, Nueva York, la prevenci\u00f3n es la prioridad n\u00famero uno. Una dieta rica en colesterol y un estilo de vida sedentario pueden desencadenar enfermedades prevenibles como <a href=\"https:\/\/www.medexdtc.com\/es\/obesity\/\">la obesidad<\/a>, <a href=\"https:\/\/www.medexdtc.com\/es\/diabetes\/\">la diabetes<\/a> y la <a href=\"https:\/\/www.medexdtc.com\/es\/high-blood-pressure\/\">hipertensi\u00f3n<\/a>, que contribuyen a la acumulaci\u00f3n de dep\u00f3sitos de grasa en los vasos sangu\u00edneos. Este tipo de congesti\u00f3n grasa, denominada placa, provoca el estrechamiento de tus arterias, una afecci\u00f3n conocida por ser un asesino silencioso.  <\/p>\n<h2>\u00bfC\u00f3mo puedo prevenir la obstrucci\u00f3n de las arterias?<\/h2>\n<p>Antes de que tu afecci\u00f3n se convierta en un problema peligroso que requiera <a href=\"https:\/\/www.medexdtc.com\/es\/cirugia-vascular-top-vein-doctor-in-queens-ny\/\">cirug\u00eda vascular<\/a> inmediata, tu <a href=\"https:\/\/www.medexdtc.com\/es\/primary-care\/\">m\u00e9dico de atenci\u00f3n primaria<\/a>, <a href=\"https:\/\/www.medexdtc.com\/es\/medicos-medicina-interna-queens-mejores-internistas\/\">internista <\/a>o <a href=\"https:\/\/www.medexdtc.com\/es\/varicose-veins\/\">especialista en venas<\/a> tiene la oportunidad de detectar las arterias obstruidas y prescribirte un plan de tratamiento que puede salvarte la vida. Se recomienda que los adultos visiten a su m\u00e9dico al menos una vez al a\u00f1o para una revisi\u00f3n. Durante estas revisiones, debes describir cualquier s\u00edntoma que experimentes, como dolor tor\u00e1cico, <a href=\"https:\/\/www.medexdtc.com\/es\/vertigo-dizziness-balance\/\">mareos<\/a> o latidos acelerados.  <\/p>\n<p>El primer paso es llegar a un diagn\u00f3stico preciso. Para determinar qu\u00e9 te ocurre, tu m\u00e9dico realiza un examen f\u00edsico, elabora tu historial m\u00e9dico y, si es necesario, lleva a cabo algunas pruebas para confirmar el diagn\u00f3stico. Si hay indicios suficientes de una obstrucci\u00f3n arterial en tu cuerpo, puede ser necesario someterte a una prueba de imagen, como:  <\/p>\n<ul>\n<li><strong>Doppler arterial.<\/strong>  Esta prueba de imagen proporciona a tu m\u00e9dico una visi\u00f3n de tus arterias principales.<\/li>\n<li><a href=\"https:\/\/www.medexdtc.com\/es\/doppler-venoso\/\"><strong>Doppler venoso<\/strong><\/a><strong>.<\/strong> Esta prueba permite a tu m\u00e9dico examinar las venas de tu cuerpo. Si sufres <a href=\"https:\/\/www.medexdtc.com\/es\/varicose-veins\/\">varices<\/a>, puede que tengas que someterte a esta prueba de imagen. <\/li>\n<li><a href=\"https:\/\/www.medexdtc.com\/es\/doppler-carotideo\/\"><strong>Doppler carot\u00eddeo<\/strong><\/a><strong>.<\/strong> Esta prueba pone al descubierto problemas asociados a tu arteria car\u00f3tida, la arteria principal que lleva la sangre del coraz\u00f3n al cerebro. Los accidentes cerebrovasculares suelen ser consecuencia de un estrechamiento de la arteria car\u00f3tida. <\/li>\n<\/ul>\n<h3><span style=\"color: revert; font-size: revert; font-weight: revert; font-family: -apple-system, BlinkMacSystemFont, 'Segoe UI', Roboto, Oxygen-Sans, Ubuntu, Cantarell, 'Helvetica Neue', sans-serif;\">\u00bfCu\u00e1ndo es necesaria la prueba Doppler arterial?<\/span><\/h3>\n<p>Si presentas s\u00edntomas espec\u00edficos, pueden indicar una afecci\u00f3n m\u00e9dica grave. Una prueba Doppler arterial ayuda a tu m\u00e9dico a aclarar el diagn\u00f3stico. Informa a tu m\u00e9dico si tienes s\u00edntomas que incluyan:  <\/p>\n<ul>\n<li>Dolor tor\u00e1cico<\/li>\n<li>Falta de aliento<\/li>\n<li>Opresi\u00f3n en el pecho, un signo potencial de angina de pecho<\/li>\n<li>Mala circulaci\u00f3n en piernas y pies<\/li>\n<li>Entumecimiento de las piernas o los pies<\/li>\n<li>Sientes las piernas y los pies fr\u00edos al tacto<\/li>\n<li>Palpitaciones<\/li>\n<li>Llagas en los dedos, las piernas o los pies<\/li>\n<li>Piel brillante en las piernas<\/li>\n<li>Calambres con dolor en una o ambas caderas o piernas<\/li>\n<\/ul>\n<p>Estos s\u00edntomas pueden orientar a tu m\u00e9dico hacia un diagn\u00f3stico de <a href=\"https:\/\/www.medexdtc.com\/es\/heart-disease\/\">enfermedad cardiovascular<\/a> arteriosclerosis, causada por la obstrucci\u00f3n de las arterias. Otra afecci\u00f3n revelada por una prueba Doppler arterial es la arteriopat\u00eda perif\u00e9rica. Tambi\u00e9n causada por el estrechamiento de las arterias a causa de la placa, esta enfermedad suele afectar a las arterias de las piernas y los pies. En casos raros, las arterias de la cabeza, los brazos, los ri\u00f1ones y el tubo digestivo tambi\u00e9n pueden mostrar signos de la enfermedad.   <\/p>\n<h2><span style=\"color: revert; font-size: revert; font-weight: revert; font-family: -apple-system, BlinkMacSystemFont, 'Segoe UI', Roboto, Oxygen-Sans, Ubuntu, Cantarell, 'Helvetica Neue', sans-serif;\">\u00bfEn qu\u00e9 consiste el procedimiento de la prueba Doppler arterial?<\/span><\/h2>\n<p>La prueba Doppler arterial es totalmente no invasiva. Se utiliza un peque\u00f1o dispositivo conocido como transductor que emite las ondas sonoras. Cuando las ondas sonoras rebotan en el transductor, se crea una imagen en tiempo real. Durante la exploraci\u00f3n de 60 minutos, los pasos que se realizan incluyen:   <\/p>\n<ol>\n<li>Tu m\u00e9dico determina qu\u00e9 zonas de tu cuerpo deben examinarse.<\/li>\n<li>Para cada uno de ellos, un ecografista cubre primero la zona con un gel que produce im\u00e1genes m\u00e1s claras.<\/li>\n<li>El ecografista coloca el transductor en el lugar para captar im\u00e1genes de tus arterias.<\/li>\n<li>Las im\u00e1genes se graban y se transfieren a un monitor de ordenador para su observaci\u00f3n.<\/li>\n<li>Es posible que el ecografista tenga que captar im\u00e1genes de varios puntos de tu cuerpo para determinar con exactitud d\u00f3nde radica el problema arterial.<\/li>\n<\/ol>\n<p>Mediante el uso de la tecnolog\u00eda Doppler, tu m\u00e9dico puede medir realmente el flujo sangu\u00edneo en tus arterias. La cantidad de sangre bombeada con cada latido da una indicaci\u00f3n clara de si existe alguna obstrucci\u00f3n arterial. Tu m\u00e9dico tambi\u00e9n reconoce las zonas en las que el flujo sangu\u00edneo es notablemente lento.  <\/p>\n<p>La prueba Doppler arterial es totalmente no invasiva. Se utiliza un peque\u00f1o dispositivo conocido como transductor que emite las ondas sonoras. Cuando las ondas sonoras rebotan en el transductor, se crea una imagen en tiempo real. Durante la exploraci\u00f3n de 60 minutos, los pasos que se realizan incluyen:   <\/p>\n<ol>\n<li>Tu m\u00e9dico determina qu\u00e9 zonas de tu cuerpo deben examinarse.<\/li>\n<li>Para cada uno de ellos, un ecografista cubre primero la zona con un gel que produce im\u00e1genes m\u00e1s claras.<\/li>\n<li>El ecografista coloca el transductor en el lugar para captar im\u00e1genes de tus arterias.<\/li>\n<li>Las im\u00e1genes se graban y se transfieren a un monitor de ordenador para su observaci\u00f3n.<\/li>\n<li>Es posible que el ecografista tenga que captar im\u00e1genes de varios puntos de tu cuerpo para determinar con exactitud d\u00f3nde radica el problema arterial.<\/li>\n<\/ol>\n<p>Mediante el uso de la tecnolog\u00eda Doppler, tu m\u00e9dico puede medir realmente el flujo sangu\u00edneo en tus arterias. La cantidad de sangre bombeada con cada latido da una indicaci\u00f3n clara de si existe alguna obstrucci\u00f3n arterial. Tu m\u00e9dico tambi\u00e9n reconoce las zonas en las que el flujo sangu\u00edneo es notablemente lento.  <\/p>\n<h2>\u00bfCu\u00e1les son los beneficios de la prueba Doppler arterial?<\/h2>\n<p>Una prueba Doppler arterial puede detectar:<\/p>\n<ul>\n<li>Estrechamiento de las arterias debido a dep\u00f3sitos grasos<\/li>\n<li>Mala circulaci\u00f3n en las extremidades inferiores, sobre todo en las piernas<\/li>\n<li>Arterias abultadas o aneurismas<\/li>\n<li>Problemas en las v\u00e1lvulas o cavidades card\u00edacas<\/li>\n<li>Cardiopat\u00eda cong\u00e9nita, que es un defecto de nacimiento<\/li>\n<li>Co\u00e1gulos sangu\u00edneos<\/li>\n<\/ul>\n<p>Para <a href=\"https:\/\/www.medexdtc.com\/es\/prevencion-de-cardiopatias-y-accidentes-cerebrovasculares\/\">prevenir la enfermedad cardiaca y el ictus<\/a>, tu m\u00e9dico debe encontrar las arterias obstruidas y administrar el tratamiento adecuado. Puede que incluso tengas que someterte a <a href=\"https:\/\/www.medexdtc.com\/es\/rehabilitacion-cardiaca-en-queens\/\">una rehabilitaci\u00f3n cardiaca<\/a> que implique un cambio de dieta y un aumento del ejercicio f\u00edsico para mantenerte sano. <\/p>\n<p>Si te das cuenta de que no puedes hacer las cosas sencillas que antes pod\u00edas hacer, es posible que tengas una arteria obstruida. Consigue tratamiento lo antes posible <a href=\"https:\/\/www.medexdtc.com\/es\/contacta-con-nosotros\/\">poni\u00e9ndote en contacto con el Centro de Diagn\u00f3stico y Tratamiento Medex<\/a> de Queens. Tu tratamiento comienza con un diagn\u00f3stico preciso, quiz\u00e1 mediante un Doppler arterial.  <\/p>\n<\/section>\n","protected":false},"excerpt":{"rendered":"<p>La ecograf\u00eda Doppler arterial es una prueba de imagen no invasiva que utiliza ondas sonoras para evaluar el flujo sangu\u00edneo en las arterias. Ayuda a detectar obstrucciones, estrechamientos (estenosis) o mala circulaci\u00f3n causados por afecciones como la arteriopat\u00eda perif\u00e9rica (arteriopat\u00eda perif\u00e9rica), co\u00e1gulos sangu\u00edneos o aneurismas. Hazte una ecograf\u00eda doppler arterial con el mejor cardi\u00f3logo de &hellip; <\/p>\n<p class=\"link-more\"><a href=\"https:\/\/www.medexdtc.com\/es\/ecografia-doppler-arterial-en-queens-los-mejores-cardiologos-en-queens\/\" class=\"more-link\">Continue reading<span class=\"screen-reader-text\"> \u00abEcograf\u00eda Doppler Arterial en Queens | Los mejores cardi\u00f3logos en Queens\u00bb<\/span><\/a><\/p>\n","protected":false},"author":3,"featured_media":6643,"parent":0,"menu_order":0,"comment_status":"closed","ping_status":"closed","template":"new_inner.php","meta":{"_acf_changed":false,"footnotes":""},"class_list":["post-4358","page","type-page","status-publish","has-post-thumbnail","hentry"],"acf":[],"yoast_head":"<!-- This site is optimized with the Yoast SEO plugin v27.5 - https:\/\/yoast.com\/product\/yoast-seo-wordpress\/ -->\n<title>Prueba Doppler Arterial | Mejores Cardi\u00f3logos en Forest Hills, Queens, NY<\/title>\n<meta name=\"description\" content=\"Un doppler arterial es una prueba diagn\u00f3stica que permite a tu m\u00e9dico del Centro de Diagn\u00f3stico y Tratamiento Medex de Forest Hills, Queens, NY, medir la cantidad de sangre que fluye por tus arterias y la fuerza de ese flujo.\" \/>\n<meta name=\"robots\" content=\"index, follow, max-snippet:-1, max-image-preview:large, max-video-preview:-1\" \/>\n<link rel=\"canonical\" href=\"https:\/\/www.medexdtc.com\/es\/ecografia-doppler-arterial-en-queens-los-mejores-cardiologos-en-queens\/\" \/>\n<meta property=\"og:locale\" content=\"es_ES\" \/>\n<meta property=\"og:type\" content=\"article\" \/>\n<meta property=\"og:title\" content=\"Prueba Doppler Arterial | Mejores Cardi\u00f3logos en Forest Hills, Queens, NY\" \/>\n<meta property=\"og:description\" content=\"Un doppler arterial es una prueba diagn\u00f3stica que permite a tu m\u00e9dico del Centro de Diagn\u00f3stico y Tratamiento Medex de Forest Hills, Queens, NY, medir la cantidad de sangre que fluye por tus arterias y la fuerza de ese flujo.\" \/>\n<meta property=\"og:url\" content=\"https:\/\/www.medexdtc.com\/es\/ecografia-doppler-arterial-en-queens-los-mejores-cardiologos-en-queens\/\" \/>\n<meta property=\"og:site_name\" content=\"Medex Diagnostic and Treatment Center - Queens Medical Center - Medical Clinic in Forest Hills, NY\" \/>\n<meta property=\"article:publisher\" content=\"https:\/\/www.facebook.com\/medexny\" \/>\n<meta name=\"twitter:card\" content=\"summary_large_image\" \/>\n<meta name=\"twitter:site\" content=\"@DtcMedex\" \/>\n<meta name=\"twitter:label1\" content=\"Tiempo de lectura\" \/>\n\t<meta name=\"twitter:data1\" content=\"7 minutos\" \/>\n<!-- \/ Yoast SEO plugin. -->","yoast_head_json":{"title":"Prueba Doppler Arterial | Mejores Cardi\u00f3logos en Forest Hills, Queens, NY","description":"Un doppler arterial es una prueba diagn\u00f3stica que permite a tu m\u00e9dico del Centro de Diagn\u00f3stico y Tratamiento Medex de Forest Hills, Queens, NY, medir la cantidad de sangre que fluye por tus arterias y la fuerza de ese flujo.","robots":{"index":"index","follow":"follow","max-snippet":"max-snippet:-1","max-image-preview":"max-image-preview:large","max-video-preview":"max-video-preview:-1"},"canonical":"https:\/\/www.medexdtc.com\/es\/ecografia-doppler-arterial-en-queens-los-mejores-cardiologos-en-queens\/","og_locale":"es_ES","og_type":"article","og_title":"Prueba Doppler Arterial | Mejores Cardi\u00f3logos en Forest Hills, Queens, NY","og_description":"Un doppler arterial es una prueba diagn\u00f3stica que permite a tu m\u00e9dico del Centro de Diagn\u00f3stico y Tratamiento Medex de Forest Hills, Queens, NY, medir la cantidad de sangre que fluye por tus arterias y la fuerza de ese flujo.","og_url":"https:\/\/www.medexdtc.com\/es\/ecografia-doppler-arterial-en-queens-los-mejores-cardiologos-en-queens\/","og_site_name":"Medex Diagnostic and Treatment Center - Queens Medical Center - Medical Clinic in Forest Hills, NY","article_publisher":"https:\/\/www.facebook.com\/medexny","twitter_card":"summary_large_image","twitter_site":"@DtcMedex","twitter_misc":{"Tiempo de lectura":"7 minutos"},"schema":{"@context":"https:\/\/schema.org","@graph":[{"@type":"WebPage","@id":"https:\/\/www.medexdtc.com\/es\/ecografia-doppler-arterial-en-queens-los-mejores-cardiologos-en-queens\/","url":"https:\/\/www.medexdtc.com\/es\/ecografia-doppler-arterial-en-queens-los-mejores-cardiologos-en-queens\/","name":"Prueba Doppler Arterial | Mejores Cardi\u00f3logos en Forest Hills, Queens, NY","isPartOf":{"@id":"https:\/\/www.medexdtc.com\/es\/#website"},"primaryImageOfPage":{"@id":"https:\/\/www.medexdtc.com\/es\/ecografia-doppler-arterial-en-queens-los-mejores-cardiologos-en-queens\/#primaryimage"},"image":{"@id":"https:\/\/www.medexdtc.com\/es\/ecografia-doppler-arterial-en-queens-los-mejores-cardiologos-en-queens\/#primaryimage"},"thumbnailUrl":"https:\/\/www.medexdtc.com\/wp-content\/uploads\/2025\/11\/Arterial-Doppler-Ultrasound-in-queens-new-york-min.png","datePublished":"2021-01-22T13:23:42+00:00","description":"Un doppler arterial es una prueba diagn\u00f3stica que permite a tu m\u00e9dico del Centro de Diagn\u00f3stico y Tratamiento Medex de Forest Hills, Queens, NY, medir la cantidad de sangre que fluye por tus arterias y la fuerza de ese flujo.","breadcrumb":{"@id":"https:\/\/www.medexdtc.com\/es\/ecografia-doppler-arterial-en-queens-los-mejores-cardiologos-en-queens\/#breadcrumb"},"inLanguage":"es","potentialAction":[{"@type":"ReadAction","target":["https:\/\/www.medexdtc.com\/es\/ecografia-doppler-arterial-en-queens-los-mejores-cardiologos-en-queens\/"]}]},{"@type":"ImageObject","inLanguage":"es","@id":"https:\/\/www.medexdtc.com\/es\/ecografia-doppler-arterial-en-queens-los-mejores-cardiologos-en-queens\/#primaryimage","url":"https:\/\/www.medexdtc.com\/wp-content\/uploads\/2025\/11\/Arterial-Doppler-Ultrasound-in-queens-new-york-min.png","contentUrl":"https:\/\/www.medexdtc.com\/wp-content\/uploads\/2025\/11\/Arterial-Doppler-Ultrasound-in-queens-new-york-min.png","width":1536,"height":1024,"caption":"an illustration of an Arterial Doppler Ultrasound procedure in Medex DTC Medical Center in Queens, NY"},{"@type":"BreadcrumbList","@id":"https:\/\/www.medexdtc.com\/es\/ecografia-doppler-arterial-en-queens-los-mejores-cardiologos-en-queens\/#breadcrumb","itemListElement":[{"@type":"ListItem","position":1,"name":"Home","item":"https:\/\/www.medexdtc.com\/es\/"},{"@type":"ListItem","position":2,"name":"Ecograf\u00eda Doppler Arterial en Queens | Los mejores cardi\u00f3logos en Queens"}]},{"@type":"WebSite","@id":"https:\/\/www.medexdtc.com\/es\/#website","url":"https:\/\/www.medexdtc.com\/es\/","name":"Medex DTC","description":"Medex Diagnostic and Treatment Center is a Medical Center in Queens, NY is a dynamic multi-specialty clinic. Physicians delivering high quality individualized care in Forest Hills, Queens, NY.","publisher":{"@id":"https:\/\/www.medexdtc.com\/es\/#organization"},"potentialAction":[{"@type":"SearchAction","target":{"@type":"EntryPoint","urlTemplate":"https:\/\/www.medexdtc.com\/es\/?s={search_term_string}"},"query-input":{"@type":"PropertyValueSpecification","valueRequired":true,"valueName":"search_term_string"}}],"inLanguage":"es"},{"@type":"Organization","@id":"https:\/\/www.medexdtc.com\/es\/#organization","name":"Medex DCT","url":"https:\/\/www.medexdtc.com\/es\/","logo":{"@type":"ImageObject","inLanguage":"es","@id":"https:\/\/www.medexdtc.com\/es\/#\/schema\/logo\/image\/","url":"https:\/\/www.medexdtc.com\/wp-content\/uploads\/2024\/11\/medex-diagnostic-and-treatment-center-in-queens-NY.png","contentUrl":"https:\/\/www.medexdtc.com\/wp-content\/uploads\/2024\/11\/medex-diagnostic-and-treatment-center-in-queens-NY.png","width":226,"height":47,"caption":"Medex DCT"},"image":{"@id":"https:\/\/www.medexdtc.com\/es\/#\/schema\/logo\/image\/"},"sameAs":["https:\/\/www.facebook.com\/medexny","https:\/\/x.com\/DtcMedex","https:\/\/www.instagram.com\/medexdtc\/","https:\/\/www.linkedin.com\/company\/medex-diagnostic-and-treatment-center\/about\/"]}]}},"jetpack_sharing_enabled":true,"_links":{"self":[{"href":"https:\/\/www.medexdtc.com\/es\/wp-json\/wp\/v2\/pages\/4358","targetHints":{"allow":["GET"]}}],"collection":[{"href":"https:\/\/www.medexdtc.com\/es\/wp-json\/wp\/v2\/pages"}],"about":[{"href":"https:\/\/www.medexdtc.com\/es\/wp-json\/wp\/v2\/types\/page"}],"author":[{"embeddable":true,"href":"https:\/\/www.medexdtc.com\/es\/wp-json\/wp\/v2\/users\/3"}],"replies":[{"embeddable":true,"href":"https:\/\/www.medexdtc.com\/es\/wp-json\/wp\/v2\/comments?post=4358"}],"version-history":[{"count":0,"href":"https:\/\/www.medexdtc.com\/es\/wp-json\/wp\/v2\/pages\/4358\/revisions"}],"wp:featuredmedia":[{"embeddable":true,"href":"https:\/\/www.medexdtc.com\/es\/wp-json\/wp\/v2\/media\/6643"}],"wp:attachment":[{"href":"https:\/\/www.medexdtc.com\/es\/wp-json\/wp\/v2\/media?parent=4358"}],"curies":[{"name":"wp","href":"https:\/\/api.w.org\/{rel}","templated":true}]}}