{"id":4361,"date":"2021-05-20T15:43:55","date_gmt":"2021-05-20T10:43:55","guid":{"rendered":"https:\/\/www.medexdtc.com\/dr-hamid-moussavian\/"},"modified":"2025-03-03T04:41:46","modified_gmt":"2025-03-02T23:41:46","slug":"dr-hamid-moussavian","status":"publish","type":"page","link":"https:\/\/www.medexdtc.com\/es\/medex-dtc-medicos-de-queens\/dr-hamid-moussavian\/","title":{"rendered":"Dr. Hamid Moussavian"},"content":{"rendered":"<section id=\"about-content-area-1\" class=\"about-content-area-one\">\n<div class=\"sub-container\">\n<div class=\"about-doc-panel\">\n<div class=\"doc-img-left\">\n<div class=\"about-doctor-image\"><img decoding=\"async\" class=\"attachment-post-thumbnail size-post-thumbnail wp-post-image\" src=\"https:\/\/www.medexdtc.com\/wp-content\/uploads\/2020\/09\/Hamid-Moussavian.png\" alt=\"Psiquiatra Hamid Moussavian, M.D.\" width=\"216\" height=\"216\"><\/div>\n<\/div>\n<div class=\"doc-detail-right\">\n<div class=\"about-doctor-reviews\">\u2605\u2605\u2605\u2605\u2605<\/div>\n<div class=\"about-doctor-name\">Dr. Hamid Moussavian<\/div>\n<div class=\"about-doctor-desig\">Psiquiatra Principal<\/div>\n<div class=\"contect-sec\">\n<div>\n<div class=\"about-doct-number\"><a href=\"tel:+1718.275.8900\">718.275.8900<\/a><\/div>\n<div class=\"about-doct-address\">Forest Hills, Queens, NY<\/div>\n<\/div>\n<\/div>\n<p><a class=\"appointment-btn\" href=\"https:\/\/app.nexhealth.com\/appt\/medex-diagnostic-and-treatment-center\/p,19166889,h:y\" target=\"_blank\" rel=\"noopener\">Programa una<strong>cita en<\/strong><br \/>\n<strong><\/strong><\/a><\/p>\n<\/div>\n<\/div>\n<\/div>\n<\/section>\n<section id=\"about-content-area\" class=\"about-content-sec sub-container\">\n<div class=\"about-madex-page-sub-title\"><\/div>\n<div class=\"content-one about-editor-content\">\n<h1>Hamid Moussavian, M.D. Psiquiatra Principal en Forest Hills, Queens, NY<\/h1>\n<p><a href=\"https:\/\/www.medexdtc.com\/es\/psychiatry\/\">Psiquiatra de Queens<\/a> El Dr. Moussavian se licenci\u00f3 en la Universidad de Ciencias M\u00e9dicas de Teher\u00e1n en 1975. Trabaja en Nueva York, NY y en otros 6 lugares y est\u00e1 especializado en Medicina General, Psiquiatr\u00eda y Psiquiatr\u00eda de Adultos, Ni\u00f1os y Adolescentes. El Dr. Moussavian trabaja en <a href=\"https:\/\/www.medexdtc.com\/es\/\">el Centro M\u00e9dico Comunitario de Queens<\/a> y est\u00e1 afiliado al Centro M\u00e9dico Monte Sina\u00ed.  <\/p>\n<\/div>\n<p><!-- \n\n<div class=\"content-two sub-container\">\n\n\n<div class=\"about-title\">Conditions<\/div>\n\n\n\n\n<div class=\"condition-lists\">\n\n\n<ul><\/ul>\n\n\n<\/div>\n\n\n<\/div>\n\n\n\n\n<div class=\"content-two mt-4 sub-container\">\n\n\n<div class=\"about-title\">Treatments<\/div>\n\n\n\n\n<div class=\"condition-lists\">\n\n\n<ul><\/ul>\n\n\n<\/div>\n\n\n<\/div>\n\n\n--><\/p>\n<div class=\"content-three about-editor-content sub-container\">\n<h2 class=\"about-title\">Credenciales<\/h2>\n<h2>Educaci\u00f3n y formaci\u00f3n<\/h2>\n<ul>\n<li>Facultad de Medicina &#8211; Universidad de Teher\u00e1n<\/li>\n<li>Centro M\u00e9dico Monte Sina\u00ed (Psiquiatr\u00eda Infantil y Adolescente)<\/li>\n<li>Universidad de Medicina y Odontolog\u00eda de Nueva Jersey (Psiquiatr\u00eda)<\/li>\n<\/ul>\n<h2>Afecciones y tratamientos<\/h2>\n<ul>\n<li>Problemas en los pies<\/li>\n<li>Problemas en las manos<\/li>\n<li>Problemas de codo<\/li>\n<li>Problemas de espalda<\/li>\n<li>Lesi\u00f3n deportiva<\/li>\n<li>Problemas de rodilla<\/li>\n<li>Problemas de cadera<\/li>\n<li>Evaluaci\u00f3n de la osteoporosis<\/li>\n<li>Ecograf\u00eda<\/li>\n<li>Problema de hombro<\/li>\n<li>Dolor de pies<\/li>\n<li>Artritis<\/li>\n<li>Debilidad muscular \/ Par\u00e1lisis<\/li>\n<li>Estudios de conducci\u00f3n nerviosa (ECN)<\/li>\n<li>Problemas de mu\u00f1eca<\/li>\n<li>Problemas de tobillo<\/li>\n<li>Consulta sobre el tratamiento del dolor<\/li>\n<li>Dolor articular<\/li>\n<li>Inyecci\u00f3n de analg\u00e9sicos<\/li>\n<li>Prescripci\u00f3n de analg\u00e9sicos<\/li>\n<li>Hernia discal<\/li>\n<li>Deformaci\u00f3n del cuello \/ Tort\u00edcolis<\/li>\n<li>Espondilolisis<\/li>\n<li>Deformaci\u00f3n de la columna \/ Escoliosis<\/li>\n<li>Consulta de Medicina F\u00edsica \/ Rehabilitaci\u00f3n<\/li>\n<li>Ejercicio Terap\u00e9utico<\/li>\n<li>Silla de ruedas \/ Muletas<\/li>\n<li>Pr\u00f3tesis<\/li>\n<li>Terapia de movilidad<\/li>\n<li>Ejercicio para reducir el dolor<\/li>\n<li>Terapia Post-ictus \/ Neurolog\u00eda<\/li>\n<li>Ejercicios para trastornos del movimiento<\/li>\n<li>Movilidad postoperatoria (articulaciones y cuerpo)<\/li>\n<li>Movilidad postoperatoria (mano y dedos)<\/li>\n<li>Seguimiento de la Medicina del Dolor<\/li>\n<li>Seguimiento Medicina F\u00edsica \/ Rehabilitaci\u00f3n<\/li>\n<li>Espasticidad<\/li>\n<li>Indemnizaci\u00f3n por accidente laboral \/ Evaluaci\u00f3n de incapacidades<\/li>\n<li>Atenci\u00f3n a amputados<\/li>\n<li>Fibromialgia<\/li>\n<li>Dolor de espalda<\/li>\n<li>Problemas de cuello<\/li>\n<li>Neuropat\u00eda perif\u00e9rica<\/li>\n<li>Faja ortop\u00e9dica<\/li>\n<li>Rehabilitaci\u00f3n psiqui\u00e1trica<\/li>\n<li>Ci\u00e1tica<\/li>\n<li>Traumatismo \/ lesi\u00f3n medular<\/li>\n<li>Electromiograma (EMG)<\/li>\n<li>Evaluaci\u00f3n ecogr\u00e1fica musculoesquel\u00e9tica<\/li>\n<li>Inyecciones articulares guiadas por ecograf\u00eda<\/li>\n<li>Dolor de columna<\/li>\n<\/ul>\n<\/div>\n<\/section>\n","protected":false},"excerpt":{"rendered":"<p>\u2605\u2605\u2605\u2605\u2605 Dr. Hamid Moussavian Psiquiatra Principal 718.275.8900 Forest Hills, Queens, NY Programa unacita en Hamid Moussavian, M.D. Psiquiatra Principal en Forest Hills, Queens, NY Psiquiatra de Queens El Dr. Moussavian se licenci\u00f3 en la Universidad de Ciencias M\u00e9dicas de Teher\u00e1n en 1975. Trabaja en Nueva York, NY y en otros 6 lugares y est\u00e1 especializado &hellip; <\/p>\n<p class=\"link-more\"><a href=\"https:\/\/www.medexdtc.com\/es\/medex-dtc-medicos-de-queens\/dr-hamid-moussavian\/\" class=\"more-link\">Continue reading<span class=\"screen-reader-text\"> \u00abDr. Hamid Moussavian\u00bb<\/span><\/a><\/p>\n","protected":false},"author":3,"featured_media":0,"parent":4364,"menu_order":0,"comment_status":"closed","ping_status":"closed","template":"doctor-full-width.php","meta":{"_acf_changed":false,"footnotes":""},"class_list":["post-4361","page","type-page","status-publish","hentry"],"acf":[],"yoast_head":"<!-- This site is optimized with the Yoast SEO plugin v27.4 - https:\/\/yoast.com\/product\/yoast-seo-wordpress\/ -->\n<title>Hamid Moussavian, M.D. - Psiquiatra en Forest Hills, Queens, NY<\/title>\n<meta name=\"description\" content=\"El Dr. Hamid Moussavian, M.D. es un Psiquiatra Principal en Forest Hills, Queens, NY, se especializa en Pr\u00e1ctica General, Psiquiatr\u00eda y Psiquiatr\u00eda de Adultos, Ni\u00f1os\/Adolescentes.\" \/>\n<meta name=\"robots\" content=\"index, follow, max-snippet:-1, max-image-preview:large, max-video-preview:-1\" \/>\n<link rel=\"canonical\" href=\"https:\/\/www.medexdtc.com\/es\/medex-dtc-medicos-de-queens\/dr-hamid-moussavian\/\" \/>\n<meta property=\"og:locale\" content=\"es_ES\" \/>\n<meta property=\"og:type\" content=\"article\" \/>\n<meta property=\"og:title\" content=\"Hamid Moussavian, M.D. - Psiquiatra en Forest Hills, Queens, NY\" \/>\n<meta property=\"og:description\" content=\"El Dr. Hamid Moussavian, M.D. es un Psiquiatra Principal en Forest Hills, Queens, NY, se especializa en Pr\u00e1ctica General, Psiquiatr\u00eda y Psiquiatr\u00eda de Adultos, Ni\u00f1os\/Adolescentes.\" \/>\n<meta property=\"og:url\" content=\"https:\/\/www.medexdtc.com\/es\/medex-dtc-medicos-de-queens\/dr-hamid-moussavian\/\" \/>\n<meta property=\"og:site_name\" content=\"Medex Diagnostic and Treatment Center - Queens Medical Center - Medical Clinic in Forest Hills, NY\" \/>\n<meta property=\"article:publisher\" content=\"https:\/\/www.facebook.com\/medexny\" \/>\n<meta property=\"article:modified_time\" content=\"2025-03-02T23:41:46+00:00\" \/>\n<meta property=\"og:image\" content=\"https:\/\/www.medexdtc.com\/wp-content\/uploads\/2020\/09\/Hamid-Moussavian.png\" \/>\n<meta name=\"twitter:card\" content=\"summary_large_image\" \/>\n<meta name=\"twitter:site\" content=\"@DtcMedex\" \/>\n<meta name=\"twitter:label1\" content=\"Tiempo de lectura\" \/>\n\t<meta name=\"twitter:data1\" content=\"2 minutos\" \/>\n<!-- \/ Yoast SEO plugin. -->","yoast_head_json":{"title":"Hamid Moussavian, M.D. - Psiquiatra en Forest Hills, Queens, NY","description":"El Dr. Hamid Moussavian, M.D. es un Psiquiatra Principal en Forest Hills, Queens, NY, se especializa en Pr\u00e1ctica General, Psiquiatr\u00eda y Psiquiatr\u00eda de Adultos, Ni\u00f1os\/Adolescentes.","robots":{"index":"index","follow":"follow","max-snippet":"max-snippet:-1","max-image-preview":"max-image-preview:large","max-video-preview":"max-video-preview:-1"},"canonical":"https:\/\/www.medexdtc.com\/es\/medex-dtc-medicos-de-queens\/dr-hamid-moussavian\/","og_locale":"es_ES","og_type":"article","og_title":"Hamid Moussavian, M.D. - Psiquiatra en Forest Hills, Queens, NY","og_description":"El Dr. Hamid Moussavian, M.D. es un Psiquiatra Principal en Forest Hills, Queens, NY, se especializa en Pr\u00e1ctica General, Psiquiatr\u00eda y Psiquiatr\u00eda de Adultos, Ni\u00f1os\/Adolescentes.","og_url":"https:\/\/www.medexdtc.com\/es\/medex-dtc-medicos-de-queens\/dr-hamid-moussavian\/","og_site_name":"Medex Diagnostic and Treatment Center - Queens Medical Center - Medical Clinic in Forest Hills, NY","article_publisher":"https:\/\/www.facebook.com\/medexny","article_modified_time":"2025-03-02T23:41:46+00:00","og_image":[{"url":"https:\/\/www.medexdtc.com\/wp-content\/uploads\/2020\/09\/Hamid-Moussavian.png","type":"","width":"","height":""}],"twitter_card":"summary_large_image","twitter_site":"@DtcMedex","twitter_misc":{"Tiempo de lectura":"2 minutos"},"schema":{"@context":"https:\/\/schema.org","@graph":[{"@type":"WebPage","@id":"https:\/\/www.medexdtc.com\/es\/medex-dtc-medicos-de-queens\/dr-hamid-moussavian\/","url":"https:\/\/www.medexdtc.com\/es\/medex-dtc-medicos-de-queens\/dr-hamid-moussavian\/","name":"Hamid Moussavian, M.D. - Psiquiatra en Forest Hills, Queens, NY","isPartOf":{"@id":"https:\/\/www.medexdtc.com\/es\/#website"},"primaryImageOfPage":{"@id":"https:\/\/www.medexdtc.com\/es\/medex-dtc-medicos-de-queens\/dr-hamid-moussavian\/#primaryimage"},"image":{"@id":"https:\/\/www.medexdtc.com\/es\/medex-dtc-medicos-de-queens\/dr-hamid-moussavian\/#primaryimage"},"thumbnailUrl":"https:\/\/www.medexdtc.com\/wp-content\/uploads\/2020\/09\/Hamid-Moussavian.png","datePublished":"2021-05-20T10:43:55+00:00","dateModified":"2025-03-02T23:41:46+00:00","description":"El Dr. Hamid Moussavian, M.D. es un Psiquiatra Principal en Forest Hills, Queens, NY, se especializa en Pr\u00e1ctica General, Psiquiatr\u00eda y Psiquiatr\u00eda de Adultos, Ni\u00f1os\/Adolescentes.","breadcrumb":{"@id":"https:\/\/www.medexdtc.com\/es\/medex-dtc-medicos-de-queens\/dr-hamid-moussavian\/#breadcrumb"},"inLanguage":"es","potentialAction":[{"@type":"ReadAction","target":["https:\/\/www.medexdtc.com\/es\/medex-dtc-medicos-de-queens\/dr-hamid-moussavian\/"]}]},{"@type":"ImageObject","inLanguage":"es","@id":"https:\/\/www.medexdtc.com\/es\/medex-dtc-medicos-de-queens\/dr-hamid-moussavian\/#primaryimage","url":"https:\/\/www.medexdtc.com\/wp-content\/uploads\/2020\/09\/Hamid-Moussavian.png","contentUrl":"https:\/\/www.medexdtc.com\/wp-content\/uploads\/2020\/09\/Hamid-Moussavian.png"},{"@type":"BreadcrumbList","@id":"https:\/\/www.medexdtc.com\/es\/medex-dtc-medicos-de-queens\/dr-hamid-moussavian\/#breadcrumb","itemListElement":[{"@type":"ListItem","position":1,"name":"Home","item":"https:\/\/www.medexdtc.com\/es\/"},{"@type":"ListItem","position":2,"name":"Medex DTC M\u00e9dicos de Queens","item":"https:\/\/www.medexdtc.com\/es\/medex-dtc-medicos-de-queens\/"},{"@type":"ListItem","position":3,"name":"Dr. Hamid Moussavian"}]},{"@type":"WebSite","@id":"https:\/\/www.medexdtc.com\/es\/#website","url":"https:\/\/www.medexdtc.com\/es\/","name":"Medex DTC","description":"Medex Diagnostic and Treatment Center is a Medical Center in Queens, NY is a dynamic multi-specialty clinic. Physicians delivering high quality individualized care in Forest Hills, Queens, NY.","publisher":{"@id":"https:\/\/www.medexdtc.com\/es\/#organization"},"potentialAction":[{"@type":"SearchAction","target":{"@type":"EntryPoint","urlTemplate":"https:\/\/www.medexdtc.com\/es\/?s={search_term_string}"},"query-input":{"@type":"PropertyValueSpecification","valueRequired":true,"valueName":"search_term_string"}}],"inLanguage":"es"},{"@type":"Organization","@id":"https:\/\/www.medexdtc.com\/es\/#organization","name":"Medex DCT","url":"https:\/\/www.medexdtc.com\/es\/","logo":{"@type":"ImageObject","inLanguage":"es","@id":"https:\/\/www.medexdtc.com\/es\/#\/schema\/logo\/image\/","url":"https:\/\/www.medexdtc.com\/wp-content\/uploads\/2024\/11\/medex-diagnostic-and-treatment-center-in-queens-NY.png","contentUrl":"https:\/\/www.medexdtc.com\/wp-content\/uploads\/2024\/11\/medex-diagnostic-and-treatment-center-in-queens-NY.png","width":226,"height":47,"caption":"Medex DCT"},"image":{"@id":"https:\/\/www.medexdtc.com\/es\/#\/schema\/logo\/image\/"},"sameAs":["https:\/\/www.facebook.com\/medexny","https:\/\/x.com\/DtcMedex","https:\/\/www.instagram.com\/medexdtc\/","https:\/\/www.linkedin.com\/company\/medex-diagnostic-and-treatment-center\/about\/"]}]}},"jetpack_sharing_enabled":true,"_links":{"self":[{"href":"https:\/\/www.medexdtc.com\/es\/wp-json\/wp\/v2\/pages\/4361","targetHints":{"allow":["GET"]}}],"collection":[{"href":"https:\/\/www.medexdtc.com\/es\/wp-json\/wp\/v2\/pages"}],"about":[{"href":"https:\/\/www.medexdtc.com\/es\/wp-json\/wp\/v2\/types\/page"}],"author":[{"embeddable":true,"href":"https:\/\/www.medexdtc.com\/es\/wp-json\/wp\/v2\/users\/3"}],"replies":[{"embeddable":true,"href":"https:\/\/www.medexdtc.com\/es\/wp-json\/wp\/v2\/comments?post=4361"}],"version-history":[{"count":1,"href":"https:\/\/www.medexdtc.com\/es\/wp-json\/wp\/v2\/pages\/4361\/revisions"}],"predecessor-version":[{"id":4365,"href":"https:\/\/www.medexdtc.com\/es\/wp-json\/wp\/v2\/pages\/4361\/revisions\/4365"}],"up":[{"embeddable":true,"href":"https:\/\/www.medexdtc.com\/es\/wp-json\/wp\/v2\/pages\/4364"}],"wp:attachment":[{"href":"https:\/\/www.medexdtc.com\/es\/wp-json\/wp\/v2\/media?parent=4361"}],"curies":[{"name":"wp","href":"https:\/\/api.w.org\/{rel}","templated":true}]}}