{"id":4399,"date":"2021-05-20T15:49:30","date_gmt":"2021-05-20T10:49:30","guid":{"rendered":"https:\/\/www.medexdtc.com\/medex-dtc-medicos-de-queens\/dr-chaim-kaplan\/"},"modified":"2021-05-20T15:49:30","modified_gmt":"2021-05-20T10:49:30","slug":"dr-chaim-kaplan","status":"publish","type":"page","link":"https:\/\/www.medexdtc.com\/es\/medex-dtc-medicos-de-queens\/dr-chaim-kaplan\/","title":{"rendered":"Dr. Chaim Kaplan"},"content":{"rendered":"<section id=\"about-content-area-1\" class=\"about-content-area-one\">\n<div class=\"sub-container\">\n<div class=\"about-doc-panel\">\n<div class=\"doc-img-left\">\n<div class=\"about-doctor-image\"><img decoding=\"async\" class=\"attachment-post-thumbnail size-post-thumbnail wp-post-image\" src=\"https:\/\/www.medexdtc.com\/wp-content\/uploads\/2020\/09\/Dr-Chaim-Kaplan-MD-303563-circle_large__v1__.png\" alt=\"Ginec\u00f3logo Chaim Kaplan, MD\" width=\"216\" height=\"216\"><\/div>\n<\/div>\n<div class=\"doc-detail-right\">\n<div class=\"about-doctor-reviews\">\u2605\u2605\u2605\u2605\u2605<\/div>\n<div class=\"about-doctor-name\">Dr. Chaim Kaplan<\/div>\n<div class=\"about-doctor-desig\">GINEC\u00d3LOGO-OBSTETRA<\/div>\n<div class=\"contect-sec\">\n<div>\n<div class=\"about-doct-number\"><a href=\"tel:+1718.275.8900\">718.275.8900<\/a><\/div>\n<div class=\"about-doct-address\">Forest Hills, Queens, NY<\/div>\n<\/div>\n<\/div>\n<p><a class=\"appointment-btn\" href=\"https:\/\/app.nexhealth.com\/appt\/medex-diagnostic-and-treatment-center\/p,19166853,h:y\" target=\"_blank\" rel=\"noopener\">Programa una<strong>cita en<\/strong><br \/>\n<strong><\/strong><\/a><\/p>\n<\/div>\n<\/div>\n<\/div>\n<\/section>\n<section id=\"about-content-area\" class=\"about-content-sec sub-container\">\n<div class=\"about-madex-page-sub-title\"><\/div>\n<div class=\"content-one about-editor-content\">\n<h1>Chaim Kaplan, MD &#8211; OB-GYN en Forest Hills, Queens, NY<\/h1>\n<p>El Dr. Chaim Kaplan es un dedicado y diligente <a href=\"https:\/\/www.medexdtc.com\/es\/ginecologia-queens-los-mejores-ginecologos-en-forest-hills-queens-ny\/\">ginec\u00f3logo de Queens<\/a> que lleva cerca de 20 a\u00f1os sirviendo a la comunidad. El Dr. Kaplan estudi\u00f3 en el Centro M\u00e9dico Downstate de la Universidad Estatal de Nueva York, donde se licenci\u00f3 en Medicina, y complet\u00f3 su residencia en Obstetricia y Ginecolog\u00eda en el Centro M\u00e9dico Maim\u00f3nides. <\/p>\n<p>El Dr. Kaplan est\u00e1 acreditado por la <a href=\"https:\/\/www.abog.org\/\">Junta Americana de Obstetricia y Ginecolog\u00eda<\/a>. Las pacientes acuden al Dr. Kaplan por diversos motivos, como el examen anual de la mujer, alteraciones hormonales, control del ciclo, planificaci\u00f3n familiar, dolor abdominal y p\u00e9lvico, problemas urinarios, estudio inicial de la infertilidad, salud menop\u00e1usica y muchas otras \u00e1reas de la salud femenina. <\/p>\n<p>La presencia de servicios de ecograf\u00eda in situ en nuestro <a href=\"https:\/\/www.medexdtc.com\/es\/\">centro<\/a> m\u00e9dico permite realizar c\u00f3modamente un diagn\u00f3stico r\u00e1pido y preciso de diversas afecciones m\u00e9dicas. Se presta especial atenci\u00f3n a las medidas preventivas para preservar y mejorar la salud y el bienestar de los pacientes mediante intervenciones no m\u00e9dicas o las opciones de tratamiento menos invasivas disponibles hoy en d\u00eda gracias a los avances de la ciencia moderna de la atenci\u00f3n m\u00e9dica. <\/p>\n<p>El Dr. Kaplan cree firmemente en que sus pacientes son socios en pie de igualdad para conseguir el m\u00e1ximo beneficio del desarrollo de h\u00e1bitos saludables en el \u00e1mbito de la nutrici\u00f3n y la actividad f\u00edsica. El Dr. Kaplan trabaja en equipo con nuestros <a href=\"https:\/\/www.medexdtc.com\/es\/medicos-medicina-interna-queens-mejores-internistas\/\">m\u00e9dicos de medicina interna<\/a>, y es miembro del <a href=\"https:\/\/www.acog.org\/\">Colegio Americano de Obstetricia y Ginecolog\u00eda<\/a>, la <a href=\"https:\/\/apwh.org\/\">Academia de M\u00e9dicos en Curaci\u00f3n de Heridas<\/a> y la Sociedad de M\u00e9dicos Empresarios. <\/p>\n<p>El Dr. Kaplan habla ingl\u00e9s, ruso y hebreo con fluidez, lo que le hace ampliamente accesible a pacientes de diversos or\u00edgenes culturales. Adem\u00e1s, el personal multicultural de la consulta incluye personal que habla divish y uzbeko para adaptarse a la diversidad demogr\u00e1fica propia de nuestra gran ciudad. <\/p>\n<\/div>\n<p><!-- \n\n<div class=\"content-two sub-container\">\n\n\n<div class=\"about-title\">Conditions<\/div>\n\n\n\n\n<div class=\"condition-lists\">\n\n\n<ul><\/ul>\n\n\n<\/div>\n\n\n<\/div>\n\n\n\n\n<div class=\"content-two mt-4 sub-container\">\n\n\n<div class=\"about-title\">Treatments<\/div>\n\n\n\n\n<div class=\"condition-lists\">\n\n\n<ul><\/ul>\n\n\n<\/div>\n\n\n<\/div>\n\n\n--><\/p>\n<div class=\"content-three about-editor-content sub-container\">\n<h2 class=\"about-title\">Credenciales<\/h2>\n<h3>Especialidades<\/h3>\n<ul>\n<li>GINEC\u00d3LOGO-OBSTETRA<\/li>\n<\/ul>\n<h3>Nombres de pr\u00e1cticas<\/h3>\n<p>CENTRO DE DIAGN\u00d3STICO Y TRATAMIENTO MEDEX<\/p>\n<h3>Educaci\u00f3n y formaci\u00f3n<\/h3>\n<ul>\n<li>Facultad de Medicina &#8211; Universidad Estatal de Nueva York<\/li>\n<li>Centro M\u00e9dico Downstate<\/li>\n<li>Doctor en Medicina Centro M\u00e9dico Maim\u00f3nides<\/li>\n<li>Residencia en Obstetricia y Ginecolog\u00eda<\/li>\n<\/ul>\n<h2>Enfermedades y tratamientos<\/h2>\n<ul>\n<li>Acn\u00e9<\/li>\n<li>Consulta gineco-obst\u00e9trica<\/li>\n<li>Anticoncepci\u00f3n<\/li>\n<li>Prueba anual de Papanicolaou \/ Examen ginecol\u00f3gico<\/li>\n<li>Disfunci\u00f3n Sexual \/ Sexo Doloroso \/ Dispareunia<\/li>\n<li>Evaluaci\u00f3n de la osteoporosis<\/li>\n<li>Ecograf\u00eda<\/li>\n<li>Enfermedades de Transmisi\u00f3n Sexual (ETS)<\/li>\n<li>Secreci\u00f3n vaginal \/ Infecci\u00f3n<\/li>\n<li>Consulta sobre la menopausia<\/li>\n<li>Infecci\u00f3n del tracto urinario (ITU)<\/li>\n<li>Incontinencia<\/li>\n<li>Prolapso uterino \/ vaginal<\/li>\n<li>Consulta de p\u00e9rdida de peso<\/li>\n<li>Dolor abdominal<\/li>\n<li>Problemas menstruales<\/li>\n<li>Micci\u00f3n frecuente<\/li>\n<li>Seguimiento de la menopausia<\/li>\n<li>Endometriosis<\/li>\n<li>Consulta de Ginecolog\u00eda<\/li>\n<li>Seguimiento Ginecol\u00f3gico<\/li>\n<li>P\u00f3lipo cervical<\/li>\n<li>Incontinencia urinaria<\/li>\n<li>Estudios urodin\u00e1micos<\/li>\n<li>Sangrado vaginal<\/li>\n<li>Biopsia vulvar<\/li>\n<li>Colposcopia<\/li>\n<li>Biopsia endometrial<\/li>\n<li>Incontinencia fecal<\/li>\n<li>Fibromas<\/li>\n<li>Biopsia ginecol\u00f3gica<\/li>\n<li>C\u00e1ncer ginecol\u00f3gico<\/li>\n<li>Inseminaci\u00f3n Artificial \/ Intrauterina<\/li>\n<li>Sangrado vaginal abundante o irregular<\/li>\n<li>Histerosalpingograf\u00eda<\/li>\n<li>Consulta de infertilidad<\/li>\n<li>Menstruaci\u00f3n irregular<\/li>\n<li>Mastitis \/ Pezones dolorosos con la lactancia materna<\/li>\n<li>Menopausia<\/li>\n<li>Ginecolog\u00eda y Obstetricia<\/li>\n<li>Obesidad \/ Consulta de p\u00e9rdida de peso<\/li>\n<li>Dolor de Vejiga \/ Cistitis Intersticial<\/li>\n<li>Quiste(s) ov\u00e1rico(s)<\/li>\n<li>Menstruaci\u00f3n dolorosa \/ Dismenorrea<\/li>\n<li>Enfermedad Inflamatoria P\u00e9lvica \/ Endometritis<\/li>\n<li>Dolor p\u00e9lvico<\/li>\n<li>Ecograf\u00eda p\u00e9lvica<\/li>\n<li>Hemorragia posmenop\u00e1usica<\/li>\n<li>Visita posparto<\/li>\n<li>Consulta Nutricional Obesidad<\/li>\n<li>Anorgasmia<\/li>\n<li>Detecci\u00f3n del c\u00e1ncer de ovario<\/li>\n<li>Gametr\u00eda<\/li>\n<li>Essure \/ Esterilizaci\u00f3n sin incisi\u00f3n<\/li>\n<li>Extracci\u00f3n del DIU<\/li>\n<li>Procedimiento LEEP (por citolog\u00eda vaginal anormal)<\/li>\n<li>Ablaci\u00f3n endometrial<\/li>\n<li>Histeroscopia<\/li>\n<li>Calambre(s) menstrual(es)<\/li>\n<li>Colocaci\u00f3n del Pesario<\/li>\n<li>Seguimiento del pesario<\/li>\n<li>Per\u00edodos<\/li>\n<\/ul>\n<\/div>\n<\/section>\n","protected":false},"excerpt":{"rendered":"<p>\u2605\u2605\u2605\u2605\u2605 Dr. Chaim Kaplan GINEC\u00d3LOGO-OBSTETRA 718.275.8900 Forest Hills, Queens, NY Programa unacita en Chaim Kaplan, MD &#8211; OB-GYN en Forest Hills, Queens, NY El Dr. Chaim Kaplan es un dedicado y diligente ginec\u00f3logo de Queens que lleva cerca de 20 a\u00f1os sirviendo a la comunidad. El Dr. Kaplan estudi\u00f3 en el Centro M\u00e9dico Downstate de &hellip; <\/p>\n<p class=\"link-more\"><a href=\"https:\/\/www.medexdtc.com\/es\/medex-dtc-medicos-de-queens\/dr-chaim-kaplan\/\" class=\"more-link\">Continue reading<span class=\"screen-reader-text\"> \u00abDr. Chaim Kaplan\u00bb<\/span><\/a><\/p>\n","protected":false},"author":3,"featured_media":0,"parent":4364,"menu_order":0,"comment_status":"closed","ping_status":"closed","template":"doctor-full-width.php","meta":{"_acf_changed":false,"footnotes":""},"class_list":["post-4399","page","type-page","status-publish","hentry"],"acf":[],"yoast_head":"<!-- This site is optimized with the Yoast SEO plugin v27.5 - https:\/\/yoast.com\/product\/yoast-seo-wordpress\/ -->\n<title>Chaim Kaplan, MD - OB-GYN en Forest Hills, Queens, NY<\/title>\n<meta name=\"description\" content=\"Ginec\u00f3logo en Forest Hills, Queens, NY Chaim Kaplan, MD trata trastornos de enfermedades de transmisi\u00f3n sexual, problemas de fertilidad, desequilibrios hormonales.\" \/>\n<meta name=\"robots\" content=\"index, follow, max-snippet:-1, max-image-preview:large, max-video-preview:-1\" \/>\n<link rel=\"canonical\" href=\"https:\/\/www.medexdtc.com\/es\/medex-dtc-medicos-de-queens\/dr-chaim-kaplan\/\" \/>\n<meta property=\"og:locale\" content=\"es_ES\" \/>\n<meta property=\"og:type\" content=\"article\" \/>\n<meta property=\"og:title\" content=\"Chaim Kaplan, MD - OB-GYN en Forest Hills, Queens, NY\" \/>\n<meta property=\"og:description\" content=\"Ginec\u00f3logo en Forest Hills, Queens, NY Chaim Kaplan, MD trata trastornos de enfermedades de transmisi\u00f3n sexual, problemas de fertilidad, desequilibrios hormonales.\" \/>\n<meta property=\"og:url\" content=\"https:\/\/www.medexdtc.com\/es\/medex-dtc-medicos-de-queens\/dr-chaim-kaplan\/\" \/>\n<meta property=\"og:site_name\" content=\"Medex Diagnostic and Treatment Center - Queens Medical Center - Medical Clinic in Forest Hills, NY\" \/>\n<meta property=\"article:publisher\" content=\"https:\/\/www.facebook.com\/medexny\" \/>\n<meta property=\"og:image\" content=\"https:\/\/www.medexdtc.com\/wp-content\/uploads\/2020\/09\/Dr-Chaim-Kaplan-MD-303563-circle_large__v1__.png\" \/>\n<meta name=\"twitter:card\" content=\"summary_large_image\" \/>\n<meta name=\"twitter:site\" content=\"@DtcMedex\" \/>\n<meta name=\"twitter:label1\" content=\"Tiempo de lectura\" \/>\n\t<meta name=\"twitter:data1\" content=\"3 minutos\" \/>\n<!-- \/ Yoast SEO plugin. -->","yoast_head_json":{"title":"Chaim Kaplan, MD - OB-GYN en Forest Hills, Queens, NY","description":"Ginec\u00f3logo en Forest Hills, Queens, NY Chaim Kaplan, MD trata trastornos de enfermedades de transmisi\u00f3n sexual, problemas de fertilidad, desequilibrios hormonales.","robots":{"index":"index","follow":"follow","max-snippet":"max-snippet:-1","max-image-preview":"max-image-preview:large","max-video-preview":"max-video-preview:-1"},"canonical":"https:\/\/www.medexdtc.com\/es\/medex-dtc-medicos-de-queens\/dr-chaim-kaplan\/","og_locale":"es_ES","og_type":"article","og_title":"Chaim Kaplan, MD - OB-GYN en Forest Hills, Queens, NY","og_description":"Ginec\u00f3logo en Forest Hills, Queens, NY Chaim Kaplan, MD trata trastornos de enfermedades de transmisi\u00f3n sexual, problemas de fertilidad, desequilibrios hormonales.","og_url":"https:\/\/www.medexdtc.com\/es\/medex-dtc-medicos-de-queens\/dr-chaim-kaplan\/","og_site_name":"Medex Diagnostic and Treatment Center - Queens Medical Center - Medical Clinic in Forest Hills, NY","article_publisher":"https:\/\/www.facebook.com\/medexny","og_image":[{"url":"https:\/\/www.medexdtc.com\/wp-content\/uploads\/2020\/09\/Dr-Chaim-Kaplan-MD-303563-circle_large__v1__.png","type":"","width":"","height":""}],"twitter_card":"summary_large_image","twitter_site":"@DtcMedex","twitter_misc":{"Tiempo de lectura":"3 minutos"},"schema":{"@context":"https:\/\/schema.org","@graph":[{"@type":"WebPage","@id":"https:\/\/www.medexdtc.com\/es\/medex-dtc-medicos-de-queens\/dr-chaim-kaplan\/","url":"https:\/\/www.medexdtc.com\/es\/medex-dtc-medicos-de-queens\/dr-chaim-kaplan\/","name":"Chaim Kaplan, MD - OB-GYN en Forest Hills, Queens, NY","isPartOf":{"@id":"https:\/\/www.medexdtc.com\/es\/#website"},"primaryImageOfPage":{"@id":"https:\/\/www.medexdtc.com\/es\/medex-dtc-medicos-de-queens\/dr-chaim-kaplan\/#primaryimage"},"image":{"@id":"https:\/\/www.medexdtc.com\/es\/medex-dtc-medicos-de-queens\/dr-chaim-kaplan\/#primaryimage"},"thumbnailUrl":"https:\/\/www.medexdtc.com\/wp-content\/uploads\/2020\/09\/Dr-Chaim-Kaplan-MD-303563-circle_large__v1__.png","datePublished":"2021-05-20T10:49:30+00:00","description":"Ginec\u00f3logo en Forest Hills, Queens, NY Chaim Kaplan, MD trata trastornos de enfermedades de transmisi\u00f3n sexual, problemas de fertilidad, desequilibrios hormonales.","breadcrumb":{"@id":"https:\/\/www.medexdtc.com\/es\/medex-dtc-medicos-de-queens\/dr-chaim-kaplan\/#breadcrumb"},"inLanguage":"es","potentialAction":[{"@type":"ReadAction","target":["https:\/\/www.medexdtc.com\/es\/medex-dtc-medicos-de-queens\/dr-chaim-kaplan\/"]}]},{"@type":"ImageObject","inLanguage":"es","@id":"https:\/\/www.medexdtc.com\/es\/medex-dtc-medicos-de-queens\/dr-chaim-kaplan\/#primaryimage","url":"https:\/\/www.medexdtc.com\/wp-content\/uploads\/2020\/09\/Dr-Chaim-Kaplan-MD-303563-circle_large__v1__.png","contentUrl":"https:\/\/www.medexdtc.com\/wp-content\/uploads\/2020\/09\/Dr-Chaim-Kaplan-MD-303563-circle_large__v1__.png"},{"@type":"BreadcrumbList","@id":"https:\/\/www.medexdtc.com\/es\/medex-dtc-medicos-de-queens\/dr-chaim-kaplan\/#breadcrumb","itemListElement":[{"@type":"ListItem","position":1,"name":"Home","item":"https:\/\/www.medexdtc.com\/es\/"},{"@type":"ListItem","position":2,"name":"Medex DTC M\u00e9dicos de Queens","item":"https:\/\/www.medexdtc.com\/es\/medex-dtc-medicos-de-queens\/"},{"@type":"ListItem","position":3,"name":"Dr. Chaim Kaplan"}]},{"@type":"WebSite","@id":"https:\/\/www.medexdtc.com\/es\/#website","url":"https:\/\/www.medexdtc.com\/es\/","name":"Medex DTC","description":"Medex Diagnostic and Treatment Center is a Medical Center in Queens, NY is a dynamic multi-specialty clinic. Physicians delivering high quality individualized care in Forest Hills, Queens, NY.","publisher":{"@id":"https:\/\/www.medexdtc.com\/es\/#organization"},"potentialAction":[{"@type":"SearchAction","target":{"@type":"EntryPoint","urlTemplate":"https:\/\/www.medexdtc.com\/es\/?s={search_term_string}"},"query-input":{"@type":"PropertyValueSpecification","valueRequired":true,"valueName":"search_term_string"}}],"inLanguage":"es"},{"@type":"Organization","@id":"https:\/\/www.medexdtc.com\/es\/#organization","name":"Medex DCT","url":"https:\/\/www.medexdtc.com\/es\/","logo":{"@type":"ImageObject","inLanguage":"es","@id":"https:\/\/www.medexdtc.com\/es\/#\/schema\/logo\/image\/","url":"https:\/\/www.medexdtc.com\/wp-content\/uploads\/2024\/11\/medex-diagnostic-and-treatment-center-in-queens-NY.png","contentUrl":"https:\/\/www.medexdtc.com\/wp-content\/uploads\/2024\/11\/medex-diagnostic-and-treatment-center-in-queens-NY.png","width":226,"height":47,"caption":"Medex DCT"},"image":{"@id":"https:\/\/www.medexdtc.com\/es\/#\/schema\/logo\/image\/"},"sameAs":["https:\/\/www.facebook.com\/medexny","https:\/\/x.com\/DtcMedex","https:\/\/www.instagram.com\/medexdtc\/","https:\/\/www.linkedin.com\/company\/medex-diagnostic-and-treatment-center\/about\/"]}]}},"jetpack_sharing_enabled":true,"_links":{"self":[{"href":"https:\/\/www.medexdtc.com\/es\/wp-json\/wp\/v2\/pages\/4399","targetHints":{"allow":["GET"]}}],"collection":[{"href":"https:\/\/www.medexdtc.com\/es\/wp-json\/wp\/v2\/pages"}],"about":[{"href":"https:\/\/www.medexdtc.com\/es\/wp-json\/wp\/v2\/types\/page"}],"author":[{"embeddable":true,"href":"https:\/\/www.medexdtc.com\/es\/wp-json\/wp\/v2\/users\/3"}],"replies":[{"embeddable":true,"href":"https:\/\/www.medexdtc.com\/es\/wp-json\/wp\/v2\/comments?post=4399"}],"version-history":[{"count":0,"href":"https:\/\/www.medexdtc.com\/es\/wp-json\/wp\/v2\/pages\/4399\/revisions"}],"up":[{"embeddable":true,"href":"https:\/\/www.medexdtc.com\/es\/wp-json\/wp\/v2\/pages\/4364"}],"wp:attachment":[{"href":"https:\/\/www.medexdtc.com\/es\/wp-json\/wp\/v2\/media?parent=4399"}],"curies":[{"name":"wp","href":"https:\/\/api.w.org\/{rel}","templated":true}]}}