{"id":4400,"date":"2021-05-20T15:57:44","date_gmt":"2021-05-20T10:57:44","guid":{"rendered":"https:\/\/www.medexdtc.com\/medex-dtc-medicos-de-queens\/dr-dmitry-khasak\/"},"modified":"2021-05-20T15:57:44","modified_gmt":"2021-05-20T10:57:44","slug":"dr-dmitry-khasak","status":"publish","type":"page","link":"https:\/\/www.medexdtc.com\/es\/medex-dtc-medicos-de-queens\/dr-dmitry-khasak\/","title":{"rendered":"Dr. Dmitry Khasak"},"content":{"rendered":"<section id=\"about-content-area-1\" class=\"about-content-area-one\">\n<div class=\"sub-container\">\n<div class=\"about-doc-panel\">\n<div class=\"doc-img-left\">\n<div class=\"about-doctor-image\"><img decoding=\"async\" class=\"attachment-post-thumbnail size-post-thumbnail wp-post-image\" src=\"https:\/\/www.medexdtc.com\/wp-content\/uploads\/2020\/08\/Dr-Dmitry-Khasak-MD-10129-circle_large.png\" alt=\"Dr. Dmitry Khasak\" width=\"216\" height=\"216\"><\/div>\n<\/div>\n<div class=\"doc-detail-right\">\n<div class=\"about-doctor-reviews\">\u2605\u2605\u2605\u2605\u2605<\/div>\n<div class=\"about-doctor-name\">Dr. Dmitry Khasak<\/div>\n<div class=\"about-doctor-desig\">Dermat\u00f3logo<\/div>\n<div class=\"contect-sec\">\n<div>\n<div class=\"about-doct-number\"><a href=\"tel:+1718.275.8900\">718.275.8900<\/a><\/div>\n<div class=\"about-doct-address\">Forest Hills, Queens, NY<\/div>\n<\/div>\n<\/div>\n<p><a class=\"appointment-btn\" href=\"https:\/\/app.nexhealth.com\/appt\/medex-diagnostic-and-treatment-center\/p,19166860,h:y\" target=\"_blank\" rel=\"noopener\">Programa una<strong>cita en<\/strong><br \/>\n<strong><\/strong><\/a><\/p>\n<\/div>\n<\/div>\n<\/div>\n<\/section>\n<section id=\"about-content-area\" class=\"about-content-sec sub-container\">\n<div class=\"about-madex-page-sub-title\"><\/div>\n<div class=\"content-one about-editor-content\">\n<h1>Acerca de Dmitry Khasak, MD &#8211; Dermat\u00f3logo en Forest Hills, Queens, NY<\/h1>\n<p>El Dr. Dmitry Khasak es nuestro <a href=\"https:\/\/www.medexdtc.com\/dermatology\/\">dermat\u00f3logo de plantilla en Queens<\/a>, aqu\u00ed en MedEx Diagnostic. Se licenci\u00f3 en Medicina con la distinci\u00f3n de alto honor de la AOA en la Facultad de Medicina de la Universidad de Nueva York. Tras graduarse en el programa de residencia en dermatolog\u00eda de la Escuela de Medicina Mount Sinai, actualmente ocupa all\u00ed el puesto de Instructor Cl\u00ednico. Mientras estudiaba medicina, particip\u00f3 en investigaciones cient\u00edficas en el <a href=\"https:\/\/med.nyu.edu\/departments-institutes\/dermatology\/\">Departamento de Dermatolog\u00eda<\/a> de la NYU, que abarcaron numerosos estudios sobre el cuidado y tratamiento de la psoriasis.   <\/p>\n<p>Durante sus estudios en la Universidad de Brandeis, se gradu\u00f3 magna cum laude con honores en Biolog\u00eda. El Dr. Khasak ofrece su pericia en el tratamiento y diagn\u00f3stico de enfermedades de la piel bas\u00e1ndose en su gran experiencia y conocimientos dermatol\u00f3gicos cl\u00ednicos. Como dermat\u00f3logo de primera categor\u00eda, el Dr. Dmitry Khasak colabora con m\u00e9dicos de m\u00faltiples especialidades, incluidos <a href=\"https:\/\/www.medexdtc.com\/es\/medicos-medicina-interna-queens-mejores-internistas\/\">internistas<\/a> y <a href=\"https:\/\/www.medexdtc.com\/es\/medicos-de-medicina-familiar-en-forest-hills-ny\/\">m\u00e9dicos de familia<\/a> de Queens.  <\/p>\n<p>El Dr. Khasak acepta pacientes en MedEx, <a href=\"https:\/\/www.medexdtc.com\/es\/\">centro m\u00e9dico de Queens<\/a> situado en 111-29 Queens Blvd, Forest Hills, Queens, NY 11375. Haz clic para reservar una cita online con \u00e9l hoy mismo. <\/p>\n<\/div>\n<p><!-- \n\n<div class=\"content-two sub-container\">\n\n\n<div class=\"about-title\">Conditions<\/div>\n\n\n\n\n<div class=\"condition-lists\">\n\n\n<ul><\/ul>\n\n\n<\/div>\n\n\n<\/div>\n\n\n\n\n<div class=\"content-two mt-4 sub-container\">\n\n\n<div class=\"about-title\">Treatments<\/div>\n\n\n\n\n<div class=\"condition-lists\">\n\n\n<ul><\/ul>\n\n\n<\/div>\n\n\n<\/div>\n\n\n--><\/p>\n<div class=\"content-three about-editor-content sub-container\">\n<h2 class=\"about-title\">Credenciales<\/h2>\n<h3>Especialidades<\/h3>\n<p>Dermat\u00f3logo<\/p>\n<h3>Nombres de pr\u00e1cticas<\/h3>\n<p>CENTRO DE DIAGN\u00d3STICO Y TRATAMIENTO MEDEX<\/p>\n<h3>Afiliaciones hospitalarias<\/h3>\n<ul>\n<li>Centro M\u00e9dico de Bayona<\/li>\n<li>Centro M\u00e9dico de Jersey City<\/li>\n<li>Hospital Monte Sina\u00ed<\/li>\n<\/ul>\n<h3>Educaci\u00f3n y formaci\u00f3n<\/h3>\n<ul>\n<li>Facultad de Medicina &#8211; Universidad de Nueva York, Doctor en Medicina<\/li>\n<li>Hospital Presbiteriano de Nueva York, Pr\u00e1cticas en Medicina Interna<\/li>\n<li>Escuela Icahn de Medicina en Mount Sinai, Residencia en Dermatolog\u00eda<\/li>\n<li>Universidad Brandeis (Licenciatura)<\/li>\n<\/ul>\n<h3>Afiliaciones profesionales<\/h3>\n<ul>\n<li>Academia Americana de Dermatolog\u00eda<\/li>\n<\/ul>\n<h2>Afecciones y tratamientos<\/h2>\n<ul>\n<li>Consulta dermatol\u00f3gica<\/li>\n<li>Exploraci\u00f3n anual de la piel<\/li>\n<li>Acn\u00e9<\/li>\n<li>Psoriasis<\/li>\n<li>Tratamiento de relleno<\/li>\n<li>Ca\u00edda del cabello<\/li>\n<li>Cirug\u00eda de Mohs<\/li>\n<li>Eczema<\/li>\n<li>Biopsia<\/li>\n<li>Tratamiento antienvejecimiento<\/li>\n<li>Erupci\u00f3n<\/li>\n<li>Seguimiento dermatol\u00f3gico<\/li>\n<li>Depilaci\u00f3n<\/li>\n<li>Cirug\u00eda dermatol\u00f3gica<\/li>\n<\/ul>\n<\/div>\n<\/section>\n","protected":false},"excerpt":{"rendered":"<p>\u2605\u2605\u2605\u2605\u2605 Dr. Dmitry Khasak Dermat\u00f3logo 718.275.8900 Forest Hills, Queens, NY Programa unacita en Acerca de Dmitry Khasak, MD &#8211; Dermat\u00f3logo en Forest Hills, Queens, NY El Dr. Dmitry Khasak es nuestro dermat\u00f3logo de plantilla en Queens, aqu\u00ed en MedEx Diagnostic. Se licenci\u00f3 en Medicina con la distinci\u00f3n de alto honor de la AOA en la &hellip; <\/p>\n<p class=\"link-more\"><a href=\"https:\/\/www.medexdtc.com\/es\/medex-dtc-medicos-de-queens\/dr-dmitry-khasak\/\" class=\"more-link\">Continue reading<span class=\"screen-reader-text\"> \u00abDr. Dmitry Khasak\u00bb<\/span><\/a><\/p>\n","protected":false},"author":3,"featured_media":0,"parent":4364,"menu_order":1,"comment_status":"closed","ping_status":"closed","template":"doctor-full-width.php","meta":{"_acf_changed":false,"footnotes":""},"class_list":["post-4400","page","type-page","status-publish","hentry"],"acf":[],"yoast_head":"<!-- This site is optimized with the Yoast SEO plugin v27.5 - https:\/\/yoast.com\/product\/yoast-seo-wordpress\/ -->\n<title>Dmitry Khasak, MD - Dermat\u00f3logo en Forest Hills, Queens, NY<\/title>\n<meta name=\"description\" content=\"Dermat\u00f3logo en Forest Hills, Queens, NY Dmitry Khasak, MD trata los trastornos de acn\u00e9, picaz\u00f3n de la piel, erupciones cut\u00e1neas, pie de atleta, verrugas, lunares.\" \/>\n<meta name=\"robots\" content=\"index, follow, max-snippet:-1, max-image-preview:large, max-video-preview:-1\" \/>\n<link rel=\"canonical\" href=\"https:\/\/www.medexdtc.com\/es\/medex-dtc-medicos-de-queens\/dr-dmitry-khasak\/\" \/>\n<meta property=\"og:locale\" content=\"es_ES\" \/>\n<meta property=\"og:type\" content=\"article\" \/>\n<meta property=\"og:title\" content=\"Dmitry Khasak, MD - Dermat\u00f3logo en Forest Hills, Queens, NY\" \/>\n<meta property=\"og:description\" content=\"Dermat\u00f3logo en Forest Hills, Queens, NY Dmitry Khasak, MD trata los trastornos de acn\u00e9, picaz\u00f3n de la piel, erupciones cut\u00e1neas, pie de atleta, verrugas, lunares.\" \/>\n<meta property=\"og:url\" content=\"https:\/\/www.medexdtc.com\/es\/medex-dtc-medicos-de-queens\/dr-dmitry-khasak\/\" \/>\n<meta property=\"og:site_name\" content=\"Medex Diagnostic and Treatment Center - Queens Medical Center - Medical Clinic in Forest Hills, NY\" \/>\n<meta property=\"article:publisher\" content=\"https:\/\/www.facebook.com\/medexny\" \/>\n<meta property=\"og:image\" content=\"https:\/\/www.medexdtc.com\/wp-content\/uploads\/2020\/08\/Dr-Dmitry-Khasak-MD-10129-circle_large.png\" \/>\n<meta name=\"twitter:card\" content=\"summary_large_image\" \/>\n<meta name=\"twitter:site\" content=\"@DtcMedex\" \/>\n<meta name=\"twitter:label1\" content=\"Tiempo de lectura\" \/>\n\t<meta name=\"twitter:data1\" content=\"2 minutos\" \/>\n<!-- \/ Yoast SEO plugin. -->","yoast_head_json":{"title":"Dmitry Khasak, MD - Dermat\u00f3logo en Forest Hills, Queens, NY","description":"Dermat\u00f3logo en Forest Hills, Queens, NY Dmitry Khasak, MD trata los trastornos de acn\u00e9, picaz\u00f3n de la piel, erupciones cut\u00e1neas, pie de atleta, verrugas, lunares.","robots":{"index":"index","follow":"follow","max-snippet":"max-snippet:-1","max-image-preview":"max-image-preview:large","max-video-preview":"max-video-preview:-1"},"canonical":"https:\/\/www.medexdtc.com\/es\/medex-dtc-medicos-de-queens\/dr-dmitry-khasak\/","og_locale":"es_ES","og_type":"article","og_title":"Dmitry Khasak, MD - Dermat\u00f3logo en Forest Hills, Queens, NY","og_description":"Dermat\u00f3logo en Forest Hills, Queens, NY Dmitry Khasak, MD trata los trastornos de acn\u00e9, picaz\u00f3n de la piel, erupciones cut\u00e1neas, pie de atleta, verrugas, lunares.","og_url":"https:\/\/www.medexdtc.com\/es\/medex-dtc-medicos-de-queens\/dr-dmitry-khasak\/","og_site_name":"Medex Diagnostic and Treatment Center - Queens Medical Center - Medical Clinic in Forest Hills, NY","article_publisher":"https:\/\/www.facebook.com\/medexny","og_image":[{"url":"https:\/\/www.medexdtc.com\/wp-content\/uploads\/2020\/08\/Dr-Dmitry-Khasak-MD-10129-circle_large.png","type":"","width":"","height":""}],"twitter_card":"summary_large_image","twitter_site":"@DtcMedex","twitter_misc":{"Tiempo de lectura":"2 minutos"},"schema":{"@context":"https:\/\/schema.org","@graph":[{"@type":"WebPage","@id":"https:\/\/www.medexdtc.com\/es\/medex-dtc-medicos-de-queens\/dr-dmitry-khasak\/","url":"https:\/\/www.medexdtc.com\/es\/medex-dtc-medicos-de-queens\/dr-dmitry-khasak\/","name":"Dmitry Khasak, MD - Dermat\u00f3logo en Forest Hills, Queens, NY","isPartOf":{"@id":"https:\/\/www.medexdtc.com\/es\/#website"},"primaryImageOfPage":{"@id":"https:\/\/www.medexdtc.com\/es\/medex-dtc-medicos-de-queens\/dr-dmitry-khasak\/#primaryimage"},"image":{"@id":"https:\/\/www.medexdtc.com\/es\/medex-dtc-medicos-de-queens\/dr-dmitry-khasak\/#primaryimage"},"thumbnailUrl":"https:\/\/www.medexdtc.com\/wp-content\/uploads\/2020\/08\/Dr-Dmitry-Khasak-MD-10129-circle_large.png","datePublished":"2021-05-20T10:57:44+00:00","description":"Dermat\u00f3logo en Forest Hills, Queens, NY Dmitry Khasak, MD trata los trastornos de acn\u00e9, picaz\u00f3n de la piel, erupciones cut\u00e1neas, pie de atleta, verrugas, lunares.","breadcrumb":{"@id":"https:\/\/www.medexdtc.com\/es\/medex-dtc-medicos-de-queens\/dr-dmitry-khasak\/#breadcrumb"},"inLanguage":"es","potentialAction":[{"@type":"ReadAction","target":["https:\/\/www.medexdtc.com\/es\/medex-dtc-medicos-de-queens\/dr-dmitry-khasak\/"]}]},{"@type":"ImageObject","inLanguage":"es","@id":"https:\/\/www.medexdtc.com\/es\/medex-dtc-medicos-de-queens\/dr-dmitry-khasak\/#primaryimage","url":"https:\/\/www.medexdtc.com\/wp-content\/uploads\/2020\/08\/Dr-Dmitry-Khasak-MD-10129-circle_large.png","contentUrl":"https:\/\/www.medexdtc.com\/wp-content\/uploads\/2020\/08\/Dr-Dmitry-Khasak-MD-10129-circle_large.png"},{"@type":"BreadcrumbList","@id":"https:\/\/www.medexdtc.com\/es\/medex-dtc-medicos-de-queens\/dr-dmitry-khasak\/#breadcrumb","itemListElement":[{"@type":"ListItem","position":1,"name":"Home","item":"https:\/\/www.medexdtc.com\/es\/"},{"@type":"ListItem","position":2,"name":"Medex DTC M\u00e9dicos de Queens","item":"https:\/\/www.medexdtc.com\/es\/medex-dtc-medicos-de-queens\/"},{"@type":"ListItem","position":3,"name":"Dr. Dmitry Khasak"}]},{"@type":"WebSite","@id":"https:\/\/www.medexdtc.com\/es\/#website","url":"https:\/\/www.medexdtc.com\/es\/","name":"Medex DTC","description":"Medex Diagnostic and Treatment Center is a Medical Center in Queens, NY is a dynamic multi-specialty clinic. Physicians delivering high quality individualized care in Forest Hills, Queens, NY.","publisher":{"@id":"https:\/\/www.medexdtc.com\/es\/#organization"},"potentialAction":[{"@type":"SearchAction","target":{"@type":"EntryPoint","urlTemplate":"https:\/\/www.medexdtc.com\/es\/?s={search_term_string}"},"query-input":{"@type":"PropertyValueSpecification","valueRequired":true,"valueName":"search_term_string"}}],"inLanguage":"es"},{"@type":"Organization","@id":"https:\/\/www.medexdtc.com\/es\/#organization","name":"Medex DCT","url":"https:\/\/www.medexdtc.com\/es\/","logo":{"@type":"ImageObject","inLanguage":"es","@id":"https:\/\/www.medexdtc.com\/es\/#\/schema\/logo\/image\/","url":"https:\/\/www.medexdtc.com\/wp-content\/uploads\/2024\/11\/medex-diagnostic-and-treatment-center-in-queens-NY.png","contentUrl":"https:\/\/www.medexdtc.com\/wp-content\/uploads\/2024\/11\/medex-diagnostic-and-treatment-center-in-queens-NY.png","width":226,"height":47,"caption":"Medex DCT"},"image":{"@id":"https:\/\/www.medexdtc.com\/es\/#\/schema\/logo\/image\/"},"sameAs":["https:\/\/www.facebook.com\/medexny","https:\/\/x.com\/DtcMedex","https:\/\/www.instagram.com\/medexdtc\/","https:\/\/www.linkedin.com\/company\/medex-diagnostic-and-treatment-center\/about\/"]}]}},"jetpack_sharing_enabled":true,"_links":{"self":[{"href":"https:\/\/www.medexdtc.com\/es\/wp-json\/wp\/v2\/pages\/4400","targetHints":{"allow":["GET"]}}],"collection":[{"href":"https:\/\/www.medexdtc.com\/es\/wp-json\/wp\/v2\/pages"}],"about":[{"href":"https:\/\/www.medexdtc.com\/es\/wp-json\/wp\/v2\/types\/page"}],"author":[{"embeddable":true,"href":"https:\/\/www.medexdtc.com\/es\/wp-json\/wp\/v2\/users\/3"}],"replies":[{"embeddable":true,"href":"https:\/\/www.medexdtc.com\/es\/wp-json\/wp\/v2\/comments?post=4400"}],"version-history":[{"count":0,"href":"https:\/\/www.medexdtc.com\/es\/wp-json\/wp\/v2\/pages\/4400\/revisions"}],"up":[{"embeddable":true,"href":"https:\/\/www.medexdtc.com\/es\/wp-json\/wp\/v2\/pages\/4364"}],"wp:attachment":[{"href":"https:\/\/www.medexdtc.com\/es\/wp-json\/wp\/v2\/media?parent=4400"}],"curies":[{"name":"wp","href":"https:\/\/api.w.org\/{rel}","templated":true}]}}