{"id":4403,"date":"2021-05-20T15:51:37","date_gmt":"2021-05-20T10:51:37","guid":{"rendered":"https:\/\/www.medexdtc.com\/medex-dtc-medicos-de-queens\/mohammed-islam-md\/"},"modified":"2021-05-20T15:51:37","modified_gmt":"2021-05-20T10:51:37","slug":"mohammed-islam-md","status":"publish","type":"page","link":"https:\/\/www.medexdtc.com\/es\/medex-dtc-medicos-de-queens\/mohammed-islam-md\/","title":{"rendered":"Mohammed Islam, MD"},"content":{"rendered":"<section id=\"about-content-area-1\" class=\"about-content-area-one\">\n<div class=\"sub-container\">\n<div class=\"about-doc-panel\">\n<div class=\"doc-img-left\">\n<div class=\"about-doctor-image\"><img decoding=\"async\" class=\"attachment-post-thumbnail size-post-thumbnail wp-post-image\" src=\"https:\/\/www.medexdtc.com\/wp-content\/uploads\/2020\/08\/mohamad-islam.png\" alt=\"Doctor de Venas Mohammed Islam MD\" width=\"216\" height=\"216\"><\/div>\n<\/div>\n<div class=\"doc-detail-right\">\n<div class=\"about-doctor-reviews\">\u2605\u2605\u2605\u2605\u2605<\/div>\n<div class=\"about-doctor-name\">Mohammed Islam, Doctor en Medicina<\/div>\n<div class=\"about-doctor-desig\">M\u00e9dico de venas<\/div>\n<div class=\"contect-sec\">\n<div>\n<div class=\"about-doct-number\"><a href=\"tel:+1718.275.8900\">718.275.8900<\/a><\/div>\n<div class=\"about-doct-address\">Forest Hills, Queens, NY<\/div>\n<\/div>\n<\/div>\n<p><a class=\"appointment-btn\" href=\"https:\/\/app.nexhealth.com\/appt\/medex-diagnostic-and-treatment-center\/p,44933301,h:y\" target=\"_blank\" rel=\"noopener\">Programa una<strong>cita en<\/strong><br \/>\n<strong><\/strong><\/a><\/p>\n<\/div>\n<\/div>\n<\/div>\n<\/section>\n<section id=\"about-content-area\" class=\"about-content-sec sub-container\">\n<div class=\"about-madex-page-sub-title\"><\/div>\n<div class=\"content-one about-editor-content\">\n<h1>Mohammed Islam, M.D. M\u00e9dico de Venas en Forest Hills, Queens, NY<\/h1>\n<p>Mohammed Islam es un Cirujano General con formaci\u00f3n en Cirug\u00eda Vascular. Adem\u00e1s de la Cirug\u00eda General, incluida la Laparosc\u00f3pica, aporta a\u00f1os de amplia experiencia en Cirug\u00eda Vascular Avanzada\/Cirug\u00eda Endovascular.<\/p>\n<p>Como destacado <a href=\"https:\/\/www.medexdtc.com\/vascular-surgery\/\">m\u00e9dico especialista en venas varicosas de Queens<\/a>, Mohammed Islam trabaj\u00f3 como mentor para formar a muchos j\u00f3venes cirujanos en cirug\u00eda endovascular avanzada.<\/p>\n<p>Mohammed Islam tiene amplia experiencia en cirug\u00eda endovenosa, incluida la ablaci\u00f3n venosa mediante distintas modalidades, como radiofrecuencia, l\u00e1ser endovenoso y Varithena. Estableci\u00f3 el programa OBL en Metro Vascular y, entre otros procedimientos, tiene experiencia en la intervenci\u00f3n venosa profunda, incluida la intervenci\u00f3n iliocava, la ecograf\u00eda intravascular y la intervenci\u00f3n para el s\u00edndrome de congesti\u00f3n p\u00e9lvica. Mohammed Islam puede aportar una dimensi\u00f3n totalmente nueva a una instituci\u00f3n y ser un centro de excelencia en este campo.  <\/p>\n<p>Como mejor especialista en venas de su clase y mejor valorado, el Dr. Islam colabora con otros m\u00e9dicos <a href=\"https:\/\/www.medexdtc.com\/es\/especialidades-medicas\/\">especialistas en venas y m\u00e9dicos de m\u00faltiples especialidades<\/a>, incluidos <a href=\"https:\/\/www.medexdtc.com\/es\/medicos-medicina-interna-queens-mejores-internistas\/\">internistas<\/a> y m\u00e9dicos de atenci\u00f3n primaria. Haz clic para reservar una cita online con \u00e9l hoy mismo. <\/p>\n<\/div>\n<p><!-- \n\n<div class=\"content-two sub-container\">\n\n\n<div class=\"about-title\">Conditions<\/div>\n\n\n\n\n<div class=\"condition-lists\">\n\n\n<ul><\/ul>\n\n\n<\/div>\n\n\n<\/div>\n\n\n\n\n<div class=\"content-two mt-4 sub-container\">\n\n\n<div class=\"about-title\">Treatments<\/div>\n\n\n\n\n<div class=\"condition-lists\">\n\n\n<ul><\/ul>\n\n\n<\/div>\n\n\n<\/div>\n\n\n--><\/p>\n<div class=\"content-three about-editor-content sub-container\">\n<h2 class=\"about-title\">Credenciales<\/h2>\n<h3>Educaci\u00f3n<\/h3>\n<ul>\n<li>Universidad de Chittagong, Facultad de Medicina de Sylhet, Bangladesh 1975-1980<\/li>\n<\/ul>\n<h3>Formaci\u00f3n de postgrado<\/h3>\n<ul>\n<li>Beca de Cirug\u00eda Vascular \/Endovascular<\/li>\n<li>Instituto del Coraz\u00f3n de Arizona, Phoenix, Arizona 1995-1996<\/li>\n<\/ul>\n<h3>Beca de Cirug\u00eda Vascular<\/h3>\n<ul>\n<li>Facultad de Medicina Baylor, Houston, Texas 1994-1995<\/li>\n<\/ul>\n<h3>Licencias\/Certificaciones<\/h3>\n<ul>\n<li>Certificaci\u00f3n de la Junta Americana de Cirug\u00eda<\/li>\n<li>Diplomado por la Junta Americana de Cirug\u00eda<\/li>\n<li>Miembro del Colegio Americano de Cirujanos<\/li>\n<li>Miembro Certificado de la Sociedad Endovascular Internacional<\/li>\n<li>Licencia m\u00e9dica estatal, NuevaYork, Pensilvania<\/li>\n<\/ul>\n<h2>Afecciones y tratamientos<\/h2>\n<ul>\n<li>Varices<\/li>\n<li>Ara\u00f1as vasculares<\/li>\n<li>Insuficiencia venosa<\/li>\n<li>\u00falcera por estasis venosa<\/li>\n<li>Vena facial<\/li>\n<li>Venas de la cara<\/li>\n<li>venas de las manos<\/li>\n<li>Venas del pie<\/li>\n<li>venas del brazo<\/li>\n<li>venas en el brazo<\/li>\n<li>Ablaci\u00f3n L\u00e1ser Endovenosa<\/li>\n<li>Ablaci\u00f3n por radiofrecuencia endovenosa<\/li>\n<li>Venaseal<\/li>\n<li>escleroterapia para las ara\u00f1as vasculares<\/li>\n<li>Escleroterapia para las varices<\/li>\n<\/ul>\n<\/div>\n<\/section>\n","protected":false},"excerpt":{"rendered":"<p>\u2605\u2605\u2605\u2605\u2605 Mohammed Islam, Doctor en Medicina M\u00e9dico de venas 718.275.8900 Forest Hills, Queens, NY Programa unacita en Mohammed Islam, M.D. M\u00e9dico de Venas en Forest Hills, Queens, NY Mohammed Islam es un Cirujano General con formaci\u00f3n en Cirug\u00eda Vascular. Adem\u00e1s de la Cirug\u00eda General, incluida la Laparosc\u00f3pica, aporta a\u00f1os de amplia experiencia en Cirug\u00eda Vascular &hellip; <\/p>\n<p class=\"link-more\"><a href=\"https:\/\/www.medexdtc.com\/es\/medex-dtc-medicos-de-queens\/mohammed-islam-md\/\" class=\"more-link\">Continue reading<span class=\"screen-reader-text\"> \u00abMohammed Islam, MD\u00bb<\/span><\/a><\/p>\n","protected":false},"author":3,"featured_media":5178,"parent":4364,"menu_order":0,"comment_status":"closed","ping_status":"closed","template":"doctor-full-width.php","meta":{"_acf_changed":false,"footnotes":""},"class_list":["post-4403","page","type-page","status-publish","has-post-thumbnail","hentry"],"acf":[],"yoast_head":"<!-- This site is optimized with the Yoast SEO plugin v27.3 - https:\/\/yoast.com\/product\/yoast-seo-wordpress\/ -->\n<title>Mohammed Islam, M.D. - M\u00e9dico de Venas en Forest Hills, Queens, NY<\/title>\n<meta name=\"description\" content=\"M\u00e9dico de las venas en Forest Hills, Queens, NY - Mohammed Islam, M.D. proporciona tratamiento para las venas varicosas, ara\u00f1as vasculares, insuficiencia venosa, \u00falcera por estasis venosa\" \/>\n<meta name=\"robots\" content=\"index, follow, max-snippet:-1, max-image-preview:large, max-video-preview:-1\" \/>\n<link rel=\"canonical\" href=\"https:\/\/www.medexdtc.com\/es\/medex-dtc-medicos-de-queens\/mohammed-islam-md\/\" \/>\n<meta property=\"og:locale\" content=\"es_ES\" \/>\n<meta property=\"og:type\" content=\"article\" \/>\n<meta property=\"og:title\" content=\"Mohammed Islam, M.D. - M\u00e9dico de Venas en Forest Hills, Queens, NY\" \/>\n<meta property=\"og:description\" content=\"M\u00e9dico de las venas en Forest Hills, Queens, NY - Mohammed Islam, M.D. proporciona tratamiento para las venas varicosas, ara\u00f1as vasculares, insuficiencia venosa, \u00falcera por estasis venosa\" \/>\n<meta property=\"og:url\" content=\"https:\/\/www.medexdtc.com\/es\/medex-dtc-medicos-de-queens\/mohammed-islam-md\/\" \/>\n<meta property=\"og:site_name\" content=\"Medex Diagnostic and Treatment Center - Queens Medical Center - Medical Clinic in Forest Hills, NY\" \/>\n<meta property=\"article:publisher\" content=\"https:\/\/www.facebook.com\/medexny\" \/>\n<meta property=\"og:image\" content=\"https:\/\/www.medexdtc.com\/wp-content\/uploads\/2020\/08\/mohamad-islam.png\" \/>\n<meta name=\"twitter:card\" content=\"summary_large_image\" \/>\n<meta name=\"twitter:site\" content=\"@DtcMedex\" \/>\n<meta name=\"twitter:label1\" content=\"Tiempo de lectura\" \/>\n\t<meta name=\"twitter:data1\" content=\"2 minutos\" \/>\n<!-- \/ Yoast SEO plugin. -->","yoast_head_json":{"title":"Mohammed Islam, M.D. - M\u00e9dico de Venas en Forest Hills, Queens, NY","description":"M\u00e9dico de las venas en Forest Hills, Queens, NY - Mohammed Islam, M.D. proporciona tratamiento para las venas varicosas, ara\u00f1as vasculares, insuficiencia venosa, \u00falcera por estasis venosa","robots":{"index":"index","follow":"follow","max-snippet":"max-snippet:-1","max-image-preview":"max-image-preview:large","max-video-preview":"max-video-preview:-1"},"canonical":"https:\/\/www.medexdtc.com\/es\/medex-dtc-medicos-de-queens\/mohammed-islam-md\/","og_locale":"es_ES","og_type":"article","og_title":"Mohammed Islam, M.D. - M\u00e9dico de Venas en Forest Hills, Queens, NY","og_description":"M\u00e9dico de las venas en Forest Hills, Queens, NY - Mohammed Islam, M.D. proporciona tratamiento para las venas varicosas, ara\u00f1as vasculares, insuficiencia venosa, \u00falcera por estasis venosa","og_url":"https:\/\/www.medexdtc.com\/es\/medex-dtc-medicos-de-queens\/mohammed-islam-md\/","og_site_name":"Medex Diagnostic and Treatment Center - Queens Medical Center - Medical Clinic in Forest Hills, NY","article_publisher":"https:\/\/www.facebook.com\/medexny","og_image":[{"url":"https:\/\/www.medexdtc.com\/wp-content\/uploads\/2020\/08\/mohamad-islam.png","type":"","width":"","height":""}],"twitter_card":"summary_large_image","twitter_site":"@DtcMedex","twitter_misc":{"Tiempo de lectura":"2 minutos"},"schema":{"@context":"https:\/\/schema.org","@graph":[{"@type":"WebPage","@id":"https:\/\/www.medexdtc.com\/es\/medex-dtc-medicos-de-queens\/mohammed-islam-md\/","url":"https:\/\/www.medexdtc.com\/es\/medex-dtc-medicos-de-queens\/mohammed-islam-md\/","name":"Mohammed Islam, M.D. - M\u00e9dico de Venas en Forest Hills, Queens, NY","isPartOf":{"@id":"https:\/\/www.medexdtc.com\/es\/#website"},"primaryImageOfPage":{"@id":"https:\/\/www.medexdtc.com\/es\/medex-dtc-medicos-de-queens\/mohammed-islam-md\/#primaryimage"},"image":{"@id":"https:\/\/www.medexdtc.com\/es\/medex-dtc-medicos-de-queens\/mohammed-islam-md\/#primaryimage"},"thumbnailUrl":"https:\/\/www.medexdtc.com\/wp-content\/uploads\/2025\/06\/Mohammed-Islam-M.D.jpg","datePublished":"2021-05-20T10:51:37+00:00","description":"M\u00e9dico de las venas en Forest Hills, Queens, NY - Mohammed Islam, M.D. proporciona tratamiento para las venas varicosas, ara\u00f1as vasculares, insuficiencia venosa, \u00falcera por estasis venosa","breadcrumb":{"@id":"https:\/\/www.medexdtc.com\/es\/medex-dtc-medicos-de-queens\/mohammed-islam-md\/#breadcrumb"},"inLanguage":"es","potentialAction":[{"@type":"ReadAction","target":["https:\/\/www.medexdtc.com\/es\/medex-dtc-medicos-de-queens\/mohammed-islam-md\/"]}]},{"@type":"ImageObject","inLanguage":"es","@id":"https:\/\/www.medexdtc.com\/es\/medex-dtc-medicos-de-queens\/mohammed-islam-md\/#primaryimage","url":"https:\/\/www.medexdtc.com\/wp-content\/uploads\/2025\/06\/Mohammed-Islam-M.D.jpg","contentUrl":"https:\/\/www.medexdtc.com\/wp-content\/uploads\/2025\/06\/Mohammed-Islam-M.D.jpg","width":216,"height":216,"caption":"Mohammed Islam, M.D."},{"@type":"BreadcrumbList","@id":"https:\/\/www.medexdtc.com\/es\/medex-dtc-medicos-de-queens\/mohammed-islam-md\/#breadcrumb","itemListElement":[{"@type":"ListItem","position":1,"name":"Home","item":"https:\/\/www.medexdtc.com\/es\/"},{"@type":"ListItem","position":2,"name":"Medex DTC M\u00e9dicos de Queens","item":"https:\/\/www.medexdtc.com\/es\/medex-dtc-medicos-de-queens\/"},{"@type":"ListItem","position":3,"name":"Mohammed Islam, MD"}]},{"@type":"WebSite","@id":"https:\/\/www.medexdtc.com\/es\/#website","url":"https:\/\/www.medexdtc.com\/es\/","name":"Medex DTC","description":"Medex Diagnostic and Treatment Center is a Medical Center in Queens, NY is a dynamic multi-specialty clinic. Physicians delivering high quality individualized care in Forest Hills, Queens, NY.","publisher":{"@id":"https:\/\/www.medexdtc.com\/es\/#organization"},"potentialAction":[{"@type":"SearchAction","target":{"@type":"EntryPoint","urlTemplate":"https:\/\/www.medexdtc.com\/es\/?s={search_term_string}"},"query-input":{"@type":"PropertyValueSpecification","valueRequired":true,"valueName":"search_term_string"}}],"inLanguage":"es"},{"@type":"Organization","@id":"https:\/\/www.medexdtc.com\/es\/#organization","name":"Medex DCT","url":"https:\/\/www.medexdtc.com\/es\/","logo":{"@type":"ImageObject","inLanguage":"es","@id":"https:\/\/www.medexdtc.com\/es\/#\/schema\/logo\/image\/","url":"https:\/\/www.medexdtc.com\/wp-content\/uploads\/2024\/11\/medex-diagnostic-and-treatment-center-in-queens-NY.png","contentUrl":"https:\/\/www.medexdtc.com\/wp-content\/uploads\/2024\/11\/medex-diagnostic-and-treatment-center-in-queens-NY.png","width":226,"height":47,"caption":"Medex DCT"},"image":{"@id":"https:\/\/www.medexdtc.com\/es\/#\/schema\/logo\/image\/"},"sameAs":["https:\/\/www.facebook.com\/medexny","https:\/\/x.com\/DtcMedex","https:\/\/www.instagram.com\/medexdtc\/","https:\/\/www.linkedin.com\/company\/medex-diagnostic-and-treatment-center\/about\/"]}]}},"jetpack_sharing_enabled":true,"_links":{"self":[{"href":"https:\/\/www.medexdtc.com\/es\/wp-json\/wp\/v2\/pages\/4403","targetHints":{"allow":["GET"]}}],"collection":[{"href":"https:\/\/www.medexdtc.com\/es\/wp-json\/wp\/v2\/pages"}],"about":[{"href":"https:\/\/www.medexdtc.com\/es\/wp-json\/wp\/v2\/types\/page"}],"author":[{"embeddable":true,"href":"https:\/\/www.medexdtc.com\/es\/wp-json\/wp\/v2\/users\/3"}],"replies":[{"embeddable":true,"href":"https:\/\/www.medexdtc.com\/es\/wp-json\/wp\/v2\/comments?post=4403"}],"version-history":[{"count":0,"href":"https:\/\/www.medexdtc.com\/es\/wp-json\/wp\/v2\/pages\/4403\/revisions"}],"up":[{"embeddable":true,"href":"https:\/\/www.medexdtc.com\/es\/wp-json\/wp\/v2\/pages\/4364"}],"wp:featuredmedia":[{"embeddable":true,"href":"https:\/\/www.medexdtc.com\/es\/wp-json\/wp\/v2\/media\/5178"}],"wp:attachment":[{"href":"https:\/\/www.medexdtc.com\/es\/wp-json\/wp\/v2\/media?parent=4403"}],"curies":[{"name":"wp","href":"https:\/\/api.w.org\/{rel}","templated":true}]}}