{"id":4405,"date":"2021-05-20T15:56:00","date_gmt":"2021-05-20T10:56:00","guid":{"rendered":"https:\/\/www.medexdtc.com\/medex-dtc-medicos-de-queens\/dr-david-khasidy\/"},"modified":"2021-05-20T15:56:00","modified_gmt":"2021-05-20T10:56:00","slug":"dr-david-khasidy","status":"publish","type":"page","link":"https:\/\/www.medexdtc.com\/es\/medex-dtc-medicos-de-queens\/dr-david-khasidy\/","title":{"rendered":"Dr. David Khasidy"},"content":{"rendered":"<section>\n<section id=\"about-content-area-1\" class=\"about-content-area-one\">\n<div class=\"sub-container\">\n<div class=\"about-doc-panel\">\n<div class=\"doc-img-left\">\n<div class=\"about-doctor-image\"><img decoding=\"async\" class=\"attachment-post-thumbnail size-post-thumbnail wp-post-image\" src=\"https:\/\/www.medexdtc.com\/wp-content\/uploads\/2020\/08\/Dr-David-Khasidy-MD-9189-circle_large.png\" alt=\"Internista, M\u00e9dico de Atenci\u00f3n Primaria en Queens, David Khasidy, MD\" width=\"216\" height=\"216\"><\/div>\n<\/div>\n<div class=\"doc-detail-right\">\n<div class=\"about-doctor-reviews\">\u2605\u2605\u2605\u2605\u2605<\/div>\n<div class=\"about-doctor-name\">Dr. David Khasidy<\/div>\n<div class=\"about-doctor-desig\">Internista, M\u00e9dico de Atenci\u00f3n Primaria<\/div>\n<div class=\"contect-sec\">\n<div>\n<div class=\"about-doct-number\"><a href=\"tel:+1718.275.8900\">718.275.8900<\/a><\/div>\n<div class=\"about-doct-address\">Forest Hills, Queens, NY<\/div>\n<\/div>\n<\/div>\n<p><a class=\"appointment-btn\" href=\"https:\/\/app.nexhealth.com\/appt\/medex-diagnostic-and-treatment-center\/p,19166871,h:y\" target=\"_blank\" rel=\"noopener\">Programa una<strong>cita en<\/strong><br \/>\n<strong><\/strong><\/a><\/p>\n<\/div>\n<\/div>\n<\/div>\n<\/section>\n<section id=\"about-content-area\" class=\"about-content-sec sub-container\">\n<div class=\"about-madex-page-sub-title\"><\/div>\n<div class=\"content-one about-editor-content\">\n<h1>David Khasidy, MD &#8211; Internista, M\u00e9dico de Atenci\u00f3n Primaria en Forest Hills, Queens, NY<\/h1>\n<p>Para agilizar el proceso, cuando pidas cita con <a href=\"https:\/\/www.medexdtc.com\/es\/primary-care\/\">el m\u00e9dico de atenci\u00f3n primaria en Queens<\/a>, el Dr. Khasidy, indica tu n\u00famero de identificaci\u00f3n del seguro en el apartado de notas. Gracias. El Dr. Khasidy es uno de nuestros m\u00e9dicos de atenci\u00f3n primaria aqu\u00ed en el Centro de Diagn\u00f3stico y Tratamiento Medex. Tiene una gran experiencia en el tratamiento y cuidado de los habitantes de la ciudad de Nueva York. Actualmente acepta nuevos pacientes en nuestro <a href=\"https:\/\/www.medexdtc.com\/es\/\">consultorio m\u00e9dico de Queens<\/a>. Haz clic para concertar una cita con \u00e9l hoy mismo.     <\/p>\n<\/div>\n<p><!-- \n\n<div class=\"content-two sub-container\">\n\n\n<div class=\"about-title\">Conditions<\/div>\n\n\n\n\n<div class=\"condition-lists\">\n\n\n<ul><\/ul>\n\n\n<\/div>\n\n\n<\/div>\n\n\n\n\n<div class=\"content-two mt-4 sub-container\">\n\n\n<div class=\"about-title\">Treatments<\/div>\n\n\n\n\n<div class=\"condition-lists\">\n\n\n<ul><\/ul>\n\n\n<\/div>\n\n\n<\/div>\n\n\n--><\/p>\n<div class=\"content-three about-editor-content sub-container\">\n<h2 class=\"about-title\">Credenciales<\/h2>\n<h3>Especialidades<\/h3>\n<ul>\n<li>Internista<\/li>\n<li>Atenci\u00f3n Primaria<\/li>\n<\/ul>\n<h3>Nombres de pr\u00e1cticas<\/h3>\n<p>CENTRO DE DIAGN\u00d3STICO Y TRATAMIENTO MEDEX<\/p>\n<h3>Educaci\u00f3n y formaci\u00f3n<\/h3>\n<ul>\n<li>Facultad de Medicina de la Universidad Estatal de Medicina de Tiflis<\/li>\n<li>Centro M\u00e9dico Jud\u00edo de Long Island, Residencia en Medicina Interna<\/li>\n<\/ul>\n<h2>Afecciones y tratamientos<\/h2>\n<ul>\n<li>Enfermedad<\/li>\n<li>Examen f\u00edsico anual<\/li>\n<li>Receta \/ Recarga<\/li>\n<li>Chequeo previo al viaje<\/li>\n<li>Consulta General<\/li>\n<li>Acn\u00e9<\/li>\n<li>Psoriasis<\/li>\n<li>Infecci\u00f3n de o\u00eddo<\/li>\n<li>Ronquera \/ Trastorno de la voz<\/li>\n<li>Problemas de audici\u00f3n \/ zumbido de o\u00eddos<\/li>\n<li>Problemas de sinusitis \/ Sinusitis<\/li>\n<li>Vacuna antigripal<\/li>\n<li>Enfermedades de Transmisi\u00f3n Sexual (ETS)<\/li>\n<li>Consulta de alergia<\/li>\n<li>Tos al\u00e9rgica<\/li>\n<li>Eczema<\/li>\n<li>Alergia alimentaria<\/li>\n<li>Adicci\u00f3n \/ Abuso de sustancias<\/li>\n<li>Dolor de pies<\/li>\n<li>Juanete<\/li>\n<li>Artritis<\/li>\n<li>Revisi\u00f3n de colesterol \/ l\u00edpidos<\/li>\n<li>Tensi\u00f3n arterial alta \/ Hipertensi\u00f3n<\/li>\n<li>Asma<\/li>\n<li>Enfisema<\/li>\n<li>Neumon\u00eda<\/li>\n<li>Migra\u00f1a<\/li>\n<li>Consulta previa al viaje<\/li>\n<li>Segunda opini\u00f3n<\/li>\n<li>Consulta sobre diabetes<\/li>\n<li>Dolor de garganta<\/li>\n<li>Revisi\u00f3n Prequir\u00fargica \/ Autorizaci\u00f3n Prequir\u00fargica<\/li>\n<li>Infecci\u00f3n del tracto urinario (ITU)<\/li>\n<li>Taburete negro \/ Melena<\/li>\n<li>Detecci\u00f3n del c\u00e1ncer de colon<\/li>\n<li>Incontinencia<\/li>\n<li>Absceso<\/li>\n<li>Alcoholismo<\/li>\n<li>Micci\u00f3n frecuente<\/li>\n<li>S\u00edndrome del intestino irritable<\/li>\n<li>Seguimiento general<\/li>\n<li>Seguimiento previo al viaje<\/li>\n<li>Seguimiento de la diabetes<\/li>\n<li>Visita anual de bienestar de Medicare<\/li>\n<li>Visita anual de bienestar (para pacientes de Medicare)<\/li>\n<li>Intolerancia alimentaria<\/li>\n<li>Prueba COVID-19<\/li>\n<li>Prueba de anticuerpos COVID-19<\/li>\n<\/ul>\n<\/div>\n<\/section>\n<\/section>\n","protected":false},"excerpt":{"rendered":"<p>\u2605\u2605\u2605\u2605\u2605 Dr. David Khasidy Internista, M\u00e9dico de Atenci\u00f3n Primaria 718.275.8900 Forest Hills, Queens, NY Programa unacita en David Khasidy, MD &#8211; Internista, M\u00e9dico de Atenci\u00f3n Primaria en Forest Hills, Queens, NY Para agilizar el proceso, cuando pidas cita con el m\u00e9dico de atenci\u00f3n primaria en Queens, el Dr. Khasidy, indica tu n\u00famero de identificaci\u00f3n del &hellip; <\/p>\n<p class=\"link-more\"><a href=\"https:\/\/www.medexdtc.com\/es\/medex-dtc-medicos-de-queens\/dr-david-khasidy\/\" class=\"more-link\">Continue reading<span class=\"screen-reader-text\"> \u00abDr. David Khasidy\u00bb<\/span><\/a><\/p>\n","protected":false},"author":3,"featured_media":5190,"parent":4364,"menu_order":0,"comment_status":"closed","ping_status":"closed","template":"doctor-full-width.php","meta":{"_acf_changed":false,"footnotes":""},"class_list":["post-4405","page","type-page","status-publish","has-post-thumbnail","hentry"],"acf":[],"yoast_head":"<!-- This site is optimized with the Yoast SEO plugin v27.5 - https:\/\/yoast.com\/product\/yoast-seo-wordpress\/ -->\n<title>David Khasidy, MD - Internista en Forest Hills, Queens, NY<\/title>\n<meta name=\"description\" content=\"M\u00e9dico de atenci\u00f3n primaria en Forest Hills, Queens, NY Dr.David Khasidy, MD. M\u00e9dicos de atenci\u00f3n primaria cerca de m\u00ed que aceptan nuevos pacientes.\" \/>\n<meta name=\"robots\" content=\"index, follow, max-snippet:-1, max-image-preview:large, max-video-preview:-1\" \/>\n<link rel=\"canonical\" href=\"https:\/\/www.medexdtc.com\/es\/medex-dtc-medicos-de-queens\/dr-david-khasidy\/\" \/>\n<meta property=\"og:locale\" content=\"es_ES\" \/>\n<meta property=\"og:type\" content=\"article\" \/>\n<meta property=\"og:title\" content=\"David Khasidy, MD - Internista en Forest Hills, Queens, NY\" \/>\n<meta property=\"og:description\" content=\"M\u00e9dico de atenci\u00f3n primaria en Forest Hills, Queens, NY Dr.David Khasidy, MD. M\u00e9dicos de atenci\u00f3n primaria cerca de m\u00ed que aceptan nuevos pacientes.\" \/>\n<meta property=\"og:url\" content=\"https:\/\/www.medexdtc.com\/es\/medex-dtc-medicos-de-queens\/dr-david-khasidy\/\" \/>\n<meta property=\"og:site_name\" content=\"Medex Diagnostic and Treatment Center - Queens Medical Center - Medical Clinic in Forest Hills, NY\" \/>\n<meta property=\"article:publisher\" content=\"https:\/\/www.facebook.com\/medexny\" \/>\n<meta property=\"og:image\" content=\"https:\/\/www.medexdtc.com\/wp-content\/uploads\/2020\/08\/Dr-David-Khasidy-MD-9189-circle_large.png\" \/>\n<meta name=\"twitter:card\" content=\"summary_large_image\" \/>\n<meta name=\"twitter:site\" content=\"@DtcMedex\" \/>\n<meta name=\"twitter:label1\" content=\"Tiempo de lectura\" \/>\n\t<meta name=\"twitter:data1\" content=\"2 minutos\" \/>\n<!-- \/ Yoast SEO plugin. -->","yoast_head_json":{"title":"David Khasidy, MD - Internista en Forest Hills, Queens, NY","description":"M\u00e9dico de atenci\u00f3n primaria en Forest Hills, Queens, NY Dr.David Khasidy, MD. M\u00e9dicos de atenci\u00f3n primaria cerca de m\u00ed que aceptan nuevos pacientes.","robots":{"index":"index","follow":"follow","max-snippet":"max-snippet:-1","max-image-preview":"max-image-preview:large","max-video-preview":"max-video-preview:-1"},"canonical":"https:\/\/www.medexdtc.com\/es\/medex-dtc-medicos-de-queens\/dr-david-khasidy\/","og_locale":"es_ES","og_type":"article","og_title":"David Khasidy, MD - Internista en Forest Hills, Queens, NY","og_description":"M\u00e9dico de atenci\u00f3n primaria en Forest Hills, Queens, NY Dr.David Khasidy, MD. M\u00e9dicos de atenci\u00f3n primaria cerca de m\u00ed que aceptan nuevos pacientes.","og_url":"https:\/\/www.medexdtc.com\/es\/medex-dtc-medicos-de-queens\/dr-david-khasidy\/","og_site_name":"Medex Diagnostic and Treatment Center - Queens Medical Center - Medical Clinic in Forest Hills, NY","article_publisher":"https:\/\/www.facebook.com\/medexny","og_image":[{"url":"https:\/\/www.medexdtc.com\/wp-content\/uploads\/2020\/08\/Dr-David-Khasidy-MD-9189-circle_large.png","type":"","width":"","height":""}],"twitter_card":"summary_large_image","twitter_site":"@DtcMedex","twitter_misc":{"Tiempo de lectura":"2 minutos"},"schema":{"@context":"https:\/\/schema.org","@graph":[{"@type":"WebPage","@id":"https:\/\/www.medexdtc.com\/es\/medex-dtc-medicos-de-queens\/dr-david-khasidy\/","url":"https:\/\/www.medexdtc.com\/es\/medex-dtc-medicos-de-queens\/dr-david-khasidy\/","name":"David Khasidy, MD - Internista en Forest Hills, Queens, NY","isPartOf":{"@id":"https:\/\/www.medexdtc.com\/es\/#website"},"primaryImageOfPage":{"@id":"https:\/\/www.medexdtc.com\/es\/medex-dtc-medicos-de-queens\/dr-david-khasidy\/#primaryimage"},"image":{"@id":"https:\/\/www.medexdtc.com\/es\/medex-dtc-medicos-de-queens\/dr-david-khasidy\/#primaryimage"},"thumbnailUrl":"https:\/\/www.medexdtc.com\/wp-content\/uploads\/2025\/06\/David-Khasidy-MD.jpg","datePublished":"2021-05-20T10:56:00+00:00","description":"M\u00e9dico de atenci\u00f3n primaria en Forest Hills, Queens, NY Dr.David Khasidy, MD. M\u00e9dicos de atenci\u00f3n primaria cerca de m\u00ed que aceptan nuevos pacientes.","breadcrumb":{"@id":"https:\/\/www.medexdtc.com\/es\/medex-dtc-medicos-de-queens\/dr-david-khasidy\/#breadcrumb"},"inLanguage":"es","potentialAction":[{"@type":"ReadAction","target":["https:\/\/www.medexdtc.com\/es\/medex-dtc-medicos-de-queens\/dr-david-khasidy\/"]}]},{"@type":"ImageObject","inLanguage":"es","@id":"https:\/\/www.medexdtc.com\/es\/medex-dtc-medicos-de-queens\/dr-david-khasidy\/#primaryimage","url":"https:\/\/www.medexdtc.com\/wp-content\/uploads\/2025\/06\/David-Khasidy-MD.jpg","contentUrl":"https:\/\/www.medexdtc.com\/wp-content\/uploads\/2025\/06\/David-Khasidy-MD.jpg","width":216,"height":216,"caption":"David Khasidy, MD"},{"@type":"BreadcrumbList","@id":"https:\/\/www.medexdtc.com\/es\/medex-dtc-medicos-de-queens\/dr-david-khasidy\/#breadcrumb","itemListElement":[{"@type":"ListItem","position":1,"name":"Home","item":"https:\/\/www.medexdtc.com\/es\/"},{"@type":"ListItem","position":2,"name":"Medex DTC M\u00e9dicos de Queens","item":"https:\/\/www.medexdtc.com\/es\/medex-dtc-medicos-de-queens\/"},{"@type":"ListItem","position":3,"name":"Dr. David Khasidy"}]},{"@type":"WebSite","@id":"https:\/\/www.medexdtc.com\/es\/#website","url":"https:\/\/www.medexdtc.com\/es\/","name":"Medex DTC","description":"Medex Diagnostic and Treatment Center is a Medical Center in Queens, NY is a dynamic multi-specialty clinic. Physicians delivering high quality individualized care in Forest Hills, Queens, NY.","publisher":{"@id":"https:\/\/www.medexdtc.com\/es\/#organization"},"potentialAction":[{"@type":"SearchAction","target":{"@type":"EntryPoint","urlTemplate":"https:\/\/www.medexdtc.com\/es\/?s={search_term_string}"},"query-input":{"@type":"PropertyValueSpecification","valueRequired":true,"valueName":"search_term_string"}}],"inLanguage":"es"},{"@type":"Organization","@id":"https:\/\/www.medexdtc.com\/es\/#organization","name":"Medex DCT","url":"https:\/\/www.medexdtc.com\/es\/","logo":{"@type":"ImageObject","inLanguage":"es","@id":"https:\/\/www.medexdtc.com\/es\/#\/schema\/logo\/image\/","url":"https:\/\/www.medexdtc.com\/wp-content\/uploads\/2024\/11\/medex-diagnostic-and-treatment-center-in-queens-NY.png","contentUrl":"https:\/\/www.medexdtc.com\/wp-content\/uploads\/2024\/11\/medex-diagnostic-and-treatment-center-in-queens-NY.png","width":226,"height":47,"caption":"Medex DCT"},"image":{"@id":"https:\/\/www.medexdtc.com\/es\/#\/schema\/logo\/image\/"},"sameAs":["https:\/\/www.facebook.com\/medexny","https:\/\/x.com\/DtcMedex","https:\/\/www.instagram.com\/medexdtc\/","https:\/\/www.linkedin.com\/company\/medex-diagnostic-and-treatment-center\/about\/"]}]}},"jetpack_sharing_enabled":true,"_links":{"self":[{"href":"https:\/\/www.medexdtc.com\/es\/wp-json\/wp\/v2\/pages\/4405","targetHints":{"allow":["GET"]}}],"collection":[{"href":"https:\/\/www.medexdtc.com\/es\/wp-json\/wp\/v2\/pages"}],"about":[{"href":"https:\/\/www.medexdtc.com\/es\/wp-json\/wp\/v2\/types\/page"}],"author":[{"embeddable":true,"href":"https:\/\/www.medexdtc.com\/es\/wp-json\/wp\/v2\/users\/3"}],"replies":[{"embeddable":true,"href":"https:\/\/www.medexdtc.com\/es\/wp-json\/wp\/v2\/comments?post=4405"}],"version-history":[{"count":0,"href":"https:\/\/www.medexdtc.com\/es\/wp-json\/wp\/v2\/pages\/4405\/revisions"}],"up":[{"embeddable":true,"href":"https:\/\/www.medexdtc.com\/es\/wp-json\/wp\/v2\/pages\/4364"}],"wp:featuredmedia":[{"embeddable":true,"href":"https:\/\/www.medexdtc.com\/es\/wp-json\/wp\/v2\/media\/5190"}],"wp:attachment":[{"href":"https:\/\/www.medexdtc.com\/es\/wp-json\/wp\/v2\/media?parent=4405"}],"curies":[{"name":"wp","href":"https:\/\/api.w.org\/{rel}","templated":true}]}}