{"id":4406,"date":"2021-05-20T16:00:33","date_gmt":"2021-05-20T11:00:33","guid":{"rendered":"https:\/\/www.medexdtc.com\/medex-dtc-medicos-de-queens\/rodrigo-sipalay-pt\/"},"modified":"2021-05-20T16:00:33","modified_gmt":"2021-05-20T11:00:33","slug":"rodrigo-sipalay-pt","status":"publish","type":"page","link":"https:\/\/www.medexdtc.com\/es\/medex-dtc-medicos-de-queens\/rodrigo-sipalay-pt\/","title":{"rendered":"Rodrigo Sipalay, PT"},"content":{"rendered":"<section id=\"about-content-area-1\" class=\"about-content-area-one\">\n<div class=\"sub-container\">\n<div class=\"about-doc-panel\">\n<div class=\"doc-img-left\">\n<div class=\"about-doctor-image\"><img decoding=\"async\" class=\"attachment-post-thumbnail size-post-thumbnail wp-post-image\" src=\"https:\/\/www.medexdtc.com\/wp-content\/uploads\/2020\/08\/Rodrigo-Sipalay-PT-290600-circle_large__v1__.png\" alt=\"Rodrigo Sipalay, PT\" width=\"216\" height=\"216\"><\/div>\n<\/div>\n<div class=\"doc-detail-right\">\n<div class=\"about-doctor-reviews\">\u2605\u2605\u2605\u2605\u2605<\/div>\n<div class=\"about-doctor-name\">Rodrigo Sipalay, PT<\/div>\n<div class=\"about-doctor-desig\">Fisioterapeuta<\/div>\n<div class=\"contect-sec\">\n<div>\n<div class=\"about-doct-number\"><a href=\"tel:+1718.275.8900\">718.275.8900<\/a><\/div>\n<div class=\"about-doct-address\">Forest Hills, Queens, NY<\/div>\n<\/div>\n<\/div>\n<p><a class=\"appointment-btn\" href=\"https:\/\/app.nexhealth.com\/appt\/medex-diagnostic-and-treatment-center\/p,19166918,h:y\" target=\"_blank\" rel=\"noopener\">Programa una<strong>cita en<\/strong><br \/>\n<strong><\/strong><\/a><\/p>\n<\/div>\n<\/div>\n<\/div>\n<\/section>\n<section id=\"about-content-area\" class=\"about-content-sec sub-container\">\n<div class=\"about-madex-page-sub-title\"><\/div>\n<div class=\"content-one about-editor-content\">\n<h1>Rodrigo Sipalay &#8211; Fisioterapeuta en Forest Hills, Queens, NY<\/h1>\n<p>El Sr. Rodrigo Sipalay es un <a href=\"https:\/\/www.medexdtc.com\/es\/physical-therapy\/\">fisioterapeuta dedicado en Queens<\/a>. Complet\u00f3 su licenciatura en fisioterapia en la Southwestern University PHINMA. Le apasiona desarrollar planes de tratamiento especializados para cada persona con el fin de ayudar a cada paciente a alcanzar sus objetivos de tratamiento.  <\/p>\n<p>El Sr. Sipalay est\u00e1 disponible para ex\u00e1menes y consultas en el <a href=\"https:\/\/www.medexdtc.com\/es\/\">centro m\u00e9dico de la comunidad<\/a>, el Centro de Diagn\u00f3stico y Tratamiento Medex. Es famoso por prestar una atenci\u00f3n m\u00e9dica minuciosa para el tratamiento de una serie de afecciones, entre las que se incluyen problemas en los pies, problemas de espalda, espondilolisis y hernias discales. <\/p>\n<p>El Sr. Sipalay entiende que el alivio r\u00e1pido es un aspecto muy valioso de la gesti\u00f3n del dolor y la movilidad, y se asegura de que la recuperaci\u00f3n se produzca r\u00e1pidamente mediante sus h\u00e1biles t\u00e9cnicas terap\u00e9uticas. Cree en proporcionar una atenci\u00f3n m\u00e9dica que se adapte a las necesidades de cada persona. El Sr. Rodrigo Sipalay trabaja codo con codo con el equipo de <a href=\"https:\/\/www.medexdtc.com\/es\/tratamiento-del-dolor-en-queens\/\">m\u00e9dicos especialistas en dolor de Queens<\/a> para proporcionar el mejor alivio del dolor a nuestros pacientes.  <\/p>\n<p><span style=\"color: revert; font-size: revert; font-weight: revert; font-family: -apple-system, BlinkMacSystemFont, 'Segoe UI', Roboto, Oxygen-Sans, Ubuntu, Cantarell, 'Helvetica Neue', sans-serif;\">Credenciales<\/span><\/p>\n<\/div>\n<div class=\"content-three about-editor-content sub-container\">\n<h3>Especialidades<\/h3>\n<ul>\n<li>Fisioterapeuta<\/li>\n<\/ul>\n<h3>Nombres de pr\u00e1cticas<\/h3>\n<ul>\n<li>Centro de Diagn\u00f3stico y Tratamiento Medex<\/li>\n<\/ul>\n<h3>Educaci\u00f3n y formaci\u00f3n<\/h3>\n<ul>\n<li>Universidad Southwestern PHINMA, Licenciatura en Fisioterapia<\/li>\n<\/ul>\n<h2>Afecciones y tratamientos<\/h2>\n<ul>\n<li>Problemas en los pies<\/li>\n<li>Problemas de codo<\/li>\n<li>Problemas de espalda<\/li>\n<li>Lesi\u00f3n deportiva<\/li>\n<li>Problemas de rodilla<\/li>\n<li>Problemas de cadera<\/li>\n<li>Problema de hombro<\/li>\n<li>Dolor de pies<\/li>\n<li>Problemas de mu\u00f1eca<\/li>\n<li>Problemas de tobillo<\/li>\n<li>Hernia discal<\/li>\n<li>Espondilolisis<\/li>\n<li>Deformaci\u00f3n de la columna \/ Escoliosis<\/li>\n<li>Ejercicio Terap\u00e9utico<\/li>\n<li>Consulta de fisioterapia<\/li>\n<li>Terapia de movilidad<\/li>\n<li>Ejercicio para reducir el dolor<\/li>\n<li>Ejercicios para trastornos del movimiento<\/li>\n<li>Movilidad postoperatoria (articulaciones y cuerpo)<\/li>\n<li>Seguimiento de fisioterapia<\/li>\n<li>Dolor de espalda<\/li>\n<li>Problemas de cuello<\/li>\n<li>Rehabilitaci\u00f3n del dolor<\/li>\n<li>Rehabilitaci\u00f3n ortop\u00e9dica<\/li>\n<li>Fisioterapia<\/li>\n<\/ul>\n<\/div>\n<\/section>\n","protected":false},"excerpt":{"rendered":"<p>\u2605\u2605\u2605\u2605\u2605 Rodrigo Sipalay, PT Fisioterapeuta 718.275.8900 Forest Hills, Queens, NY Programa unacita en Rodrigo Sipalay &#8211; Fisioterapeuta en Forest Hills, Queens, NY El Sr. Rodrigo Sipalay es un fisioterapeuta dedicado en Queens. Complet\u00f3 su licenciatura en fisioterapia en la Southwestern University PHINMA. Le apasiona desarrollar planes de tratamiento especializados para cada persona con el fin &hellip; <\/p>\n<p class=\"link-more\"><a href=\"https:\/\/www.medexdtc.com\/es\/medex-dtc-medicos-de-queens\/rodrigo-sipalay-pt\/\" class=\"more-link\">Continue reading<span class=\"screen-reader-text\"> \u00abRodrigo Sipalay, PT\u00bb<\/span><\/a><\/p>\n","protected":false},"author":3,"featured_media":5231,"parent":4364,"menu_order":0,"comment_status":"closed","ping_status":"closed","template":"doctor-full-width.php","meta":{"_acf_changed":false,"footnotes":""},"class_list":["post-4406","page","type-page","status-publish","has-post-thumbnail","hentry"],"acf":[],"yoast_head":"<!-- This site is optimized with the Yoast SEO plugin v27.3 - https:\/\/yoast.com\/product\/yoast-seo-wordpress\/ -->\n<title>Rodrigo Sipalay, PT - Fisioterapeuta en Forest Hills, Queens, NY<\/title>\n<meta name=\"description\" content=\"El Sr. Rodrigo Sipalay es un dedicado fisioterapeuta ubicado en Forest Hills, Queens, NY. Es famoso por proporcionar una atenci\u00f3n m\u00e9dica exhaustiva para el tratamiento de una serie de afecciones, entre las que se incluyen problemas en los pies, problemas de espalda, espondilolisis y hernias discales.\" \/>\n<meta name=\"robots\" content=\"index, follow, max-snippet:-1, max-image-preview:large, max-video-preview:-1\" \/>\n<link rel=\"canonical\" href=\"https:\/\/www.medexdtc.com\/es\/medex-dtc-medicos-de-queens\/rodrigo-sipalay-pt\/\" \/>\n<meta property=\"og:locale\" content=\"es_ES\" \/>\n<meta property=\"og:type\" content=\"article\" \/>\n<meta property=\"og:title\" content=\"Rodrigo Sipalay, PT - Fisioterapeuta en Forest Hills, Queens, NY\" \/>\n<meta property=\"og:description\" content=\"El Sr. Rodrigo Sipalay es un dedicado fisioterapeuta ubicado en Forest Hills, Queens, NY. Es famoso por proporcionar una atenci\u00f3n m\u00e9dica exhaustiva para el tratamiento de una serie de afecciones, entre las que se incluyen problemas en los pies, problemas de espalda, espondilolisis y hernias discales.\" \/>\n<meta property=\"og:url\" content=\"https:\/\/www.medexdtc.com\/es\/medex-dtc-medicos-de-queens\/rodrigo-sipalay-pt\/\" \/>\n<meta property=\"og:site_name\" content=\"Medex Diagnostic and Treatment Center - Queens Medical Center - Medical Clinic in Forest Hills, NY\" \/>\n<meta property=\"article:publisher\" content=\"https:\/\/www.facebook.com\/medexny\" \/>\n<meta property=\"og:image\" content=\"https:\/\/www.medexdtc.com\/wp-content\/uploads\/2020\/08\/Rodrigo-Sipalay-PT-290600-circle_large__v1__.png\" \/>\n<meta name=\"twitter:card\" content=\"summary_large_image\" \/>\n<meta name=\"twitter:site\" content=\"@DtcMedex\" \/>\n<meta name=\"twitter:label1\" content=\"Tiempo de lectura\" \/>\n\t<meta name=\"twitter:data1\" content=\"2 minutos\" \/>\n<!-- \/ Yoast SEO plugin. -->","yoast_head_json":{"title":"Rodrigo Sipalay, PT - Fisioterapeuta en Forest Hills, Queens, NY","description":"El Sr. Rodrigo Sipalay es un dedicado fisioterapeuta ubicado en Forest Hills, Queens, NY. Es famoso por proporcionar una atenci\u00f3n m\u00e9dica exhaustiva para el tratamiento de una serie de afecciones, entre las que se incluyen problemas en los pies, problemas de espalda, espondilolisis y hernias discales.","robots":{"index":"index","follow":"follow","max-snippet":"max-snippet:-1","max-image-preview":"max-image-preview:large","max-video-preview":"max-video-preview:-1"},"canonical":"https:\/\/www.medexdtc.com\/es\/medex-dtc-medicos-de-queens\/rodrigo-sipalay-pt\/","og_locale":"es_ES","og_type":"article","og_title":"Rodrigo Sipalay, PT - Fisioterapeuta en Forest Hills, Queens, NY","og_description":"El Sr. Rodrigo Sipalay es un dedicado fisioterapeuta ubicado en Forest Hills, Queens, NY. Es famoso por proporcionar una atenci\u00f3n m\u00e9dica exhaustiva para el tratamiento de una serie de afecciones, entre las que se incluyen problemas en los pies, problemas de espalda, espondilolisis y hernias discales.","og_url":"https:\/\/www.medexdtc.com\/es\/medex-dtc-medicos-de-queens\/rodrigo-sipalay-pt\/","og_site_name":"Medex Diagnostic and Treatment Center - Queens Medical Center - Medical Clinic in Forest Hills, NY","article_publisher":"https:\/\/www.facebook.com\/medexny","og_image":[{"url":"https:\/\/www.medexdtc.com\/wp-content\/uploads\/2020\/08\/Rodrigo-Sipalay-PT-290600-circle_large__v1__.png","type":"","width":"","height":""}],"twitter_card":"summary_large_image","twitter_site":"@DtcMedex","twitter_misc":{"Tiempo de lectura":"2 minutos"},"schema":{"@context":"https:\/\/schema.org","@graph":[{"@type":"WebPage","@id":"https:\/\/www.medexdtc.com\/es\/medex-dtc-medicos-de-queens\/rodrigo-sipalay-pt\/","url":"https:\/\/www.medexdtc.com\/es\/medex-dtc-medicos-de-queens\/rodrigo-sipalay-pt\/","name":"Rodrigo Sipalay, PT - Fisioterapeuta en Forest Hills, Queens, NY","isPartOf":{"@id":"https:\/\/www.medexdtc.com\/es\/#website"},"primaryImageOfPage":{"@id":"https:\/\/www.medexdtc.com\/es\/medex-dtc-medicos-de-queens\/rodrigo-sipalay-pt\/#primaryimage"},"image":{"@id":"https:\/\/www.medexdtc.com\/es\/medex-dtc-medicos-de-queens\/rodrigo-sipalay-pt\/#primaryimage"},"thumbnailUrl":"https:\/\/www.medexdtc.com\/wp-content\/uploads\/2025\/06\/Rodrigo-Sipalay-PT.jpg","datePublished":"2021-05-20T11:00:33+00:00","description":"El Sr. Rodrigo Sipalay es un dedicado fisioterapeuta ubicado en Forest Hills, Queens, NY. Es famoso por proporcionar una atenci\u00f3n m\u00e9dica exhaustiva para el tratamiento de una serie de afecciones, entre las que se incluyen problemas en los pies, problemas de espalda, espondilolisis y hernias discales.","breadcrumb":{"@id":"https:\/\/www.medexdtc.com\/es\/medex-dtc-medicos-de-queens\/rodrigo-sipalay-pt\/#breadcrumb"},"inLanguage":"es","potentialAction":[{"@type":"ReadAction","target":["https:\/\/www.medexdtc.com\/es\/medex-dtc-medicos-de-queens\/rodrigo-sipalay-pt\/"]}]},{"@type":"ImageObject","inLanguage":"es","@id":"https:\/\/www.medexdtc.com\/es\/medex-dtc-medicos-de-queens\/rodrigo-sipalay-pt\/#primaryimage","url":"https:\/\/www.medexdtc.com\/wp-content\/uploads\/2025\/06\/Rodrigo-Sipalay-PT.jpg","contentUrl":"https:\/\/www.medexdtc.com\/wp-content\/uploads\/2025\/06\/Rodrigo-Sipalay-PT.jpg","width":216,"height":216,"caption":"Rodrigo Sipalay, PT"},{"@type":"BreadcrumbList","@id":"https:\/\/www.medexdtc.com\/es\/medex-dtc-medicos-de-queens\/rodrigo-sipalay-pt\/#breadcrumb","itemListElement":[{"@type":"ListItem","position":1,"name":"Home","item":"https:\/\/www.medexdtc.com\/es\/"},{"@type":"ListItem","position":2,"name":"Medex DTC M\u00e9dicos de Queens","item":"https:\/\/www.medexdtc.com\/es\/medex-dtc-medicos-de-queens\/"},{"@type":"ListItem","position":3,"name":"Rodrigo Sipalay, PT"}]},{"@type":"WebSite","@id":"https:\/\/www.medexdtc.com\/es\/#website","url":"https:\/\/www.medexdtc.com\/es\/","name":"Medex DTC","description":"Medex Diagnostic and Treatment Center is a Medical Center in Queens, NY is a dynamic multi-specialty clinic. Physicians delivering high quality individualized care in Forest Hills, Queens, NY.","publisher":{"@id":"https:\/\/www.medexdtc.com\/es\/#organization"},"potentialAction":[{"@type":"SearchAction","target":{"@type":"EntryPoint","urlTemplate":"https:\/\/www.medexdtc.com\/es\/?s={search_term_string}"},"query-input":{"@type":"PropertyValueSpecification","valueRequired":true,"valueName":"search_term_string"}}],"inLanguage":"es"},{"@type":"Organization","@id":"https:\/\/www.medexdtc.com\/es\/#organization","name":"Medex DCT","url":"https:\/\/www.medexdtc.com\/es\/","logo":{"@type":"ImageObject","inLanguage":"es","@id":"https:\/\/www.medexdtc.com\/es\/#\/schema\/logo\/image\/","url":"https:\/\/www.medexdtc.com\/wp-content\/uploads\/2024\/11\/medex-diagnostic-and-treatment-center-in-queens-NY.png","contentUrl":"https:\/\/www.medexdtc.com\/wp-content\/uploads\/2024\/11\/medex-diagnostic-and-treatment-center-in-queens-NY.png","width":226,"height":47,"caption":"Medex DCT"},"image":{"@id":"https:\/\/www.medexdtc.com\/es\/#\/schema\/logo\/image\/"},"sameAs":["https:\/\/www.facebook.com\/medexny","https:\/\/x.com\/DtcMedex","https:\/\/www.instagram.com\/medexdtc\/","https:\/\/www.linkedin.com\/company\/medex-diagnostic-and-treatment-center\/about\/"]}]}},"jetpack_sharing_enabled":true,"_links":{"self":[{"href":"https:\/\/www.medexdtc.com\/es\/wp-json\/wp\/v2\/pages\/4406","targetHints":{"allow":["GET"]}}],"collection":[{"href":"https:\/\/www.medexdtc.com\/es\/wp-json\/wp\/v2\/pages"}],"about":[{"href":"https:\/\/www.medexdtc.com\/es\/wp-json\/wp\/v2\/types\/page"}],"author":[{"embeddable":true,"href":"https:\/\/www.medexdtc.com\/es\/wp-json\/wp\/v2\/users\/3"}],"replies":[{"embeddable":true,"href":"https:\/\/www.medexdtc.com\/es\/wp-json\/wp\/v2\/comments?post=4406"}],"version-history":[{"count":0,"href":"https:\/\/www.medexdtc.com\/es\/wp-json\/wp\/v2\/pages\/4406\/revisions"}],"up":[{"embeddable":true,"href":"https:\/\/www.medexdtc.com\/es\/wp-json\/wp\/v2\/pages\/4364"}],"wp:featuredmedia":[{"embeddable":true,"href":"https:\/\/www.medexdtc.com\/es\/wp-json\/wp\/v2\/media\/5231"}],"wp:attachment":[{"href":"https:\/\/www.medexdtc.com\/es\/wp-json\/wp\/v2\/media?parent=4406"}],"curies":[{"name":"wp","href":"https:\/\/api.w.org\/{rel}","templated":true}]}}