{"id":4409,"date":"2021-05-20T16:04:03","date_gmt":"2021-05-20T11:04:03","guid":{"rendered":"https:\/\/www.medexdtc.com\/medex-dtc-medicos-de-queens\/aditya-mangla-do-fscai\/"},"modified":"2021-05-20T16:04:03","modified_gmt":"2021-05-20T11:04:03","slug":"aditya-mangla-do-fscai","status":"publish","type":"page","link":"https:\/\/www.medexdtc.com\/es\/medex-dtc-medicos-de-queens\/aditya-mangla-do-fscai\/","title":{"rendered":"Aditya Mangla, DO, FSCAI"},"content":{"rendered":"<section id=\"about-content-area-1\" class=\"about-content-area-one\">\n<div class=\"sub-container\">\n<div class=\"about-doc-panel\">\n<div class=\"doc-img-left\">\n<div class=\"about-doctor-image\"><img decoding=\"async\" class=\"attachment-post-thumbnail size-post-thumbnail wp-post-image\" src=\"https:\/\/www.medexdtc.com\/wp-content\/uploads\/2020\/08\/Dr-Aditya-Mangla-DO-FSCAI-275604-circle_large__v2__.png\" alt=\"Aditya Mangla, DO, FSCAI\" width=\"216\" height=\"216\"><\/div>\n<\/div>\n<div class=\"doc-detail-right\">\n<div class=\"about-doctor-reviews\">\u2605\u2605\u2605\u2605\u2605<\/div>\n<div class=\"about-doctor-name\">Aditya Mangla, DO, FSCAI<\/div>\n<div class=\"about-doctor-desig\">Cardi\u00f3logo Intervencionista, Cardi\u00f3logo<\/div>\n<div class=\"contect-sec\">\n<div>\n<div class=\"about-doct-number\"><a href=\"tel:+1718.275.8900\">718.275.8900<\/a><\/div>\n<div class=\"about-doct-address\">Forest Hills, Queens, NY<\/div>\n<\/div>\n<\/div>\n<p><a class=\"appointment-btn\" href=\"https:\/\/app.nexhealth.com\/appt\/medex-diagnostic-and-treatment-center\/p,19166883,h:y\" target=\"_blank\" rel=\"noopener\">Programa una<strong>cita en<\/strong><br \/>\n<strong><\/strong><\/a><\/p>\n<\/div>\n<\/div>\n<\/div>\n<\/section>\n<section id=\"about-content-area\" class=\"about-content-sec sub-container\">\n<div class=\"about-madex-page-sub-title\"><\/div>\n<div class=\"content-one about-editor-content\">\n<h2>Acerca de Aditya Mangla, DO, FSCAI<\/h2>\n<p><a href=\"https:\/\/www.medexdtc.com\/cardiology\/\">Cardi\u00f3logo cualificado en Queens<\/a>, el Dr. Aditya Mangla se licenci\u00f3 en la Facultad de Medicina Osteop\u00e1tica de Nueva York, donde obtuvo el t\u00edtulo de m\u00e9dico. Tras ello, complet\u00f3 una residencia en <a href=\"https:\/\/www.medexdtc.com\/es\/medicos-medicina-interna-queens-mejores-internistas\/\">medicina interna<\/a> en el Hospital Lenox Hill. Tambi\u00e9n complet\u00f3 dos becas en el mismo instituto, una en cardiolog\u00eda intervencionista y otra en medicina cardiovascular en 2011.  <\/p>\n<p><strong>Adem\u00e1s, participa activamente en actividades acad\u00e9micas y de investigaci\u00f3n. Es Director Asociado del Programa de Becas de Cardiolog\u00eda Intervencionista del Hospital Lenox Hill de Manhattan y Director Asociado del Laboratorio de Cateterismo Cardiaco del Hospital Jamaica de Queens. <\/strong><\/p>\n<p>El Dr. Mangla es un profesional consumado, certificado en enfermedades cardiovasculares y cardiolog\u00eda intervencionista por la <a href=\"https:\/\/www.abim.org\/\">Junta Americana de Medicina Interna<\/a>. Tambi\u00e9n es miembro activo de la <a href=\"https:\/\/scai.org\/\">Sociedad de Angiograf\u00eda e Intervenciones Cardiovasculares<\/a>, del Colegio Americano de M\u00e9dicos, de la Sociedad Americana de Ecocardiograf\u00eda, as\u00ed como de la Sociedad Americana de Medicina Nuclear y TAC Card\u00edaco. Apasionado de la medicina, se mantiene constantemente al d\u00eda de las t\u00e9cnicas m\u00e1s avanzadas disponibles para las enfermedades cardiovasculares y vasculares perif\u00e9ricas.  <\/p>\n<p>Como competente cardi\u00f3logo intervencionista, el Dr. Mangla aporta una amplia experiencia a su funci\u00f3n en el <a href=\"https:\/\/www.medexdtc.com\/es\/\">centro m\u00e9dico mejor valorado de Queens<\/a>, Medex Diagnostic and Treatment Center. Al servicio de los habitantes de Forest Hills, Queens, NY, anima a sus pacientes a llevar estilos de vida saludables, permiti\u00e9ndoles as\u00ed responsabilizarse de su salud cardiaca. Se dedica a su profesi\u00f3n y cree que hay que educar y concienciar a la gente sobre sus problemas de salud.  <\/p>\n<h2>Credenciales<\/h2>\n<h3>Especialidades<\/h3>\n<ul>\n<li>Cardi\u00f3logo<\/li>\n<li>Cardi\u00f3logo Intervencionista<\/li>\n<\/ul>\n<h3>Nombres de pr\u00e1cticas<\/h3>\n<p>Centro de Diagn\u00f3stico y Tratamiento Medex<\/p>\n<h3>Certificaciones de la Junta<\/h3>\n<ul>\n<li>Enfermedades Cardiovasculares (Medicina Interna)<\/li>\n<li>Cardiolog\u00eda Intervencionista (Medicina Interna)<\/li>\n<\/ul>\n<h3>Educaci\u00f3n y formaci\u00f3n<\/h3>\n<ul>\n<li>Facultad de Medicina &#8211; New York College of Osteopathic Medicine, Doctor en Medicina Osteop\u00e1tica<\/li>\n<li>Hospital Lenox Hill, Beca en Cardiolog\u00eda Intervencionista<\/li>\n<li>Hospital Lenox Hill, Beca en Medicina Cardiovascular<\/li>\n<li>Hospital Lenox Hill, Residencia en Medicina Interna<\/li>\n<\/ul>\n<h3>Afiliaciones profesionales<\/h3>\n<p>Sociedad de Angiograf\u00eda e Intervenciones Cardiovasculares<\/p>\n<p>Sociedad Americana de Cardiolog\u00eda Nuclear<\/p>\n<p>Sociedad Americana de Ecocardiograf\u00eda<\/p>\n<p>Colegio Americano de Cardiolog\u00eda<\/p>\n<p>Colegio Americano de M\u00e9dicos<\/p>\n<p>Asociaci\u00f3n M\u00e9dica Americana<\/p>\n<p>Asociaci\u00f3n Americana de Osteopat\u00eda<\/p>\n<h2>Afecciones y tratamientos<\/h2>\n<p>Consulta de Cardiolog\u00eda<\/p>\n<p>Visita de detecci\u00f3n cardiovascular<\/p>\n<p>Doppler carot\u00eddeo<\/p>\n<p>Ecocardiograma<\/p>\n<p>ECG \/ ELECTROCARDIOGRAMA<\/p>\n<p>Monitor Holter<\/p>\n<p>Prueba de esfuerzo nuclear<\/p>\n<p>Prueba de esfuerzo en cinta rodante<\/p>\n<p>Revisi\u00f3n de colesterol \/ l\u00edpidos<\/p>\n<p>Antecedentes familiares de problemas cardiacos<\/p>\n<p>Consulta sobre la endopr\u00f3tesis<\/p>\n<p>Tensi\u00f3n arterial alta \/ Hipertensi\u00f3n<\/p>\n<p>Pruebas de funci\u00f3n pulmonar<\/p>\n<p>Chequeo \/ Prevenci\u00f3n de la apoplej\u00eda<\/p>\n<p>TC &#8211; Coraz\u00f3n (ATC coronaria)<\/p>\n<p>Mareos<\/p>\n<p>Angiograf\u00eda coronaria<\/p>\n<p>Soplo card\u00edaco \/ trastorno valvular<\/p>\n<p>Cardiopat\u00edas cong\u00e9nitas<\/p>\n<p>Problema de ritmo cardiaco \/ Palpitaciones \/ Arritmia<\/p>\n<p>Prueba de esfuerzo<\/p>\n<p>Desmayo \/ S\u00edncope<\/p>\n<p>Consulta de cirug\u00eda de bypass &#8211; CABG<\/p>\n<p>Venas varicosas<\/p>\n<p>Disolver Co\u00e1gulos \/ Trombolisis<\/p>\n<p>Diagn\u00f3stico de arritmias<\/p>\n<p>Fortalecimiento card\u00edaco \/ Recuperaci\u00f3n<\/p>\n<p>Cateterismo card\u00edaco<\/p>\n<p>Seguimiento Cardiol\u00f3gico<\/p>\n<p>Seguimiento del stent<\/p>\n<p>Seguimiento de la cirug\u00eda de bypass &#8211; CABG<\/p>\n<p>Seguimiento del Bypass M\u00ednimamente Invasivo &#8211; OPCAB<\/p>\n<p>TAC de calcio<\/p>\n<p>Mini-ictus \/ Ataque isqu\u00e9mico transitorio<\/p>\n<p>Dolor tor\u00e1cico<\/p>\n<p>Cateterismo card\u00edaco derecho<\/p>\n<p>Insuficiencia card\u00edaca congestiva<\/p>\n<p>Enfermedad arterial coronaria<\/p>\n<p>Endocarditis<\/p>\n<p>Gesti\u00f3n de la anticoagulaci\u00f3n<\/p>\n<p>Enfermedad a\u00f3rtica<\/p>\n<p>Doppler arterial<\/p>\n<p>Cardiopat\u00edas en el embarazo<\/p>\n<p>Problema card\u00edaco<\/p>\n<p>Colesterol alto \/ Problema de l\u00edpidos<\/p>\n<p>Fibrilaci\u00f3n auricular<\/p>\n<p>Angioplastia con bal\u00f3n \/ Stent<\/p>\n<p>Revisi\u00f3n del marcapasos<\/p>\n<p>Derrame peric\u00e1rdico<\/p>\n<p>Pericarditis<\/p>\n<p>Enfermedad vascular perif\u00e9rica<\/p>\n<p>Biopsia card\u00edaca<\/p>\n<p>Tumor card\u00edaco<\/p>\n<p>Urgencias de Cardiolog\u00eda<\/p>\n<p>Cardiomiopat\u00eda<\/p>\n<p>Accidente cerebrovascular<\/p>\n<p>Consulta sobre salud cardiaca<\/p>\n<p>Problemas respiratorios<\/p>\n<p>Aleteo auricular<\/p>\n<p>Taquicardia supraventricular<\/p>\n<p>Aterosclerosis<\/p>\n<p>Valvulopat\u00eda card\u00edaca derecha<\/p>\n<p>Prueba de esfuerzo<\/p>\n<p>Comunicaci\u00f3n interauricular<\/p>\n<p>Preprocedimiento de cateterismo card\u00edaco<\/p>\n<p>Cardiopat\u00eda estructural<\/p>\n<p>Evaluaci\u00f3n de la regurgitaci\u00f3n mitral<\/p>\n<p>Trombosis venosa profunda<\/p>\n<p>Insuficiencia venosa<\/p>\n<p>Insuficiencia cardiaca<\/p>\n<p>Tensi\u00f3n arterial baja \/ Hipotensi\u00f3n<\/p>\n<p>Ataque al coraz\u00f3n \/ Parada cardiaca<\/p>\n<p>Falta de aliento \/ Dificultad para respirar<\/p>\n<p>Taquicardia ventricular<\/p>\n<p>Reparaci\u00f3n de v\u00e1lvulas card\u00edacas \/ Valvuloplastia<\/p>\n<p>Autorizaci\u00f3n preoperatoria cardiaca<\/p>\n<p>Estenosis de la arteria car\u00f3tida<\/p>\n<p>Enfermedad arterial perif\u00e9rica<\/p>\n<p>Hipertensi\u00f3n maligna<\/p>\n<p>Cansancio \/ Fatiga<\/p>\n<p>Seguimiento de la ACTP<\/p>\n<p>Cardiolog\u00eda Segunda opini\u00f3n<\/p>\n<p>Cardiopat\u00eda valvular<\/p>\n<p>ECG \/ Electrocardiograma anormal<\/p>\n<p>Prueba de esfuerzo cardiopulmonar (CPET)<\/p>\n<p>Podemos ayudarte a encontrar m\u00e9dico. Ll\u00e1manos: <a href=\"tel:+17182758900\">(718) 275-8900<\/a>. <\/p>\n<p>Con licencia del estado de Nueva York, Medex es un centro de diagn\u00f3stico y tratamiento del art\u00edculo 28. Nuestros m\u00e9dicos proporcionan atenci\u00f3n integral a pacientes de todas las edades en la zona de Forest Hills, Queens, desde hace m\u00e1s de 15 a\u00f1os. Empieza a recibir atenci\u00f3n experta ahora llamando o concertando una cita en l\u00ednea con uno de los especialistas cualificados.  <\/p>\n<\/div>\n<\/section>\n","protected":false},"excerpt":{"rendered":"<p>\u2605\u2605\u2605\u2605\u2605 Aditya Mangla, DO, FSCAI Cardi\u00f3logo Intervencionista, Cardi\u00f3logo 718.275.8900 Forest Hills, Queens, NY Programa unacita en Acerca de Aditya Mangla, DO, FSCAI Cardi\u00f3logo cualificado en Queens, el Dr. Aditya Mangla se licenci\u00f3 en la Facultad de Medicina Osteop\u00e1tica de Nueva York, donde obtuvo el t\u00edtulo de m\u00e9dico. Tras ello, complet\u00f3 una residencia en medicina interna &hellip; <\/p>\n<p class=\"link-more\"><a href=\"https:\/\/www.medexdtc.com\/es\/medex-dtc-medicos-de-queens\/aditya-mangla-do-fscai\/\" class=\"more-link\">Continue reading<span class=\"screen-reader-text\"> \u00abAditya Mangla, DO, FSCAI\u00bb<\/span><\/a><\/p>\n","protected":false},"author":3,"featured_media":5207,"parent":4364,"menu_order":0,"comment_status":"closed","ping_status":"closed","template":"doctor-full-width.php","meta":{"_acf_changed":false,"footnotes":""},"class_list":["post-4409","page","type-page","status-publish","has-post-thumbnail","hentry"],"acf":[],"yoast_head":"<!-- This site is optimized with the Yoast SEO plugin v27.5 - https:\/\/yoast.com\/product\/yoast-seo-wordpress\/ -->\n<title>Aditya Mangla, DO, FSCAI. - Cardi\u00f3logo en Forest Hills, Queens, NY<\/title>\n<meta name=\"description\" content=\"Cardi\u00f3logo en Forest Hills, Queens, NY Aditya Mangla, DO, FSCAI se especializa en cardiolog\u00eda intervencionista, doppler carot\u00eddeo, ECG\/EKG, etc.\" \/>\n<meta name=\"robots\" content=\"index, follow, max-snippet:-1, max-image-preview:large, max-video-preview:-1\" \/>\n<link rel=\"canonical\" href=\"https:\/\/www.medexdtc.com\/es\/medex-dtc-medicos-de-queens\/aditya-mangla-do-fscai\/\" \/>\n<meta property=\"og:locale\" content=\"es_ES\" \/>\n<meta property=\"og:type\" content=\"article\" \/>\n<meta property=\"og:title\" content=\"Aditya Mangla, DO, FSCAI. - Cardi\u00f3logo en Forest Hills, Queens, NY\" \/>\n<meta property=\"og:description\" content=\"Cardi\u00f3logo en Forest Hills, Queens, NY Aditya Mangla, DO, FSCAI se especializa en cardiolog\u00eda intervencionista, doppler carot\u00eddeo, ECG\/EKG, etc.\" \/>\n<meta property=\"og:url\" content=\"https:\/\/www.medexdtc.com\/es\/medex-dtc-medicos-de-queens\/aditya-mangla-do-fscai\/\" \/>\n<meta property=\"og:site_name\" content=\"Medex Diagnostic and Treatment Center - Queens Medical Center - Medical Clinic in Forest Hills, NY\" \/>\n<meta property=\"article:publisher\" content=\"https:\/\/www.facebook.com\/medexny\" \/>\n<meta property=\"og:image\" content=\"https:\/\/www.medexdtc.com\/wp-content\/uploads\/2020\/08\/Dr-Aditya-Mangla-DO-FSCAI-275604-circle_large__v2__.png\" \/>\n<meta name=\"twitter:card\" content=\"summary_large_image\" \/>\n<meta name=\"twitter:site\" content=\"@DtcMedex\" \/>\n<meta name=\"twitter:label1\" content=\"Tiempo de lectura\" \/>\n\t<meta name=\"twitter:data1\" content=\"4 minutos\" \/>\n<!-- \/ Yoast SEO plugin. -->","yoast_head_json":{"title":"Aditya Mangla, DO, FSCAI. - Cardi\u00f3logo en Forest Hills, Queens, NY","description":"Cardi\u00f3logo en Forest Hills, Queens, NY Aditya Mangla, DO, FSCAI se especializa en cardiolog\u00eda intervencionista, doppler carot\u00eddeo, ECG\/EKG, etc.","robots":{"index":"index","follow":"follow","max-snippet":"max-snippet:-1","max-image-preview":"max-image-preview:large","max-video-preview":"max-video-preview:-1"},"canonical":"https:\/\/www.medexdtc.com\/es\/medex-dtc-medicos-de-queens\/aditya-mangla-do-fscai\/","og_locale":"es_ES","og_type":"article","og_title":"Aditya Mangla, DO, FSCAI. - Cardi\u00f3logo en Forest Hills, Queens, NY","og_description":"Cardi\u00f3logo en Forest Hills, Queens, NY Aditya Mangla, DO, FSCAI se especializa en cardiolog\u00eda intervencionista, doppler carot\u00eddeo, ECG\/EKG, etc.","og_url":"https:\/\/www.medexdtc.com\/es\/medex-dtc-medicos-de-queens\/aditya-mangla-do-fscai\/","og_site_name":"Medex Diagnostic and Treatment Center - Queens Medical Center - Medical Clinic in Forest Hills, NY","article_publisher":"https:\/\/www.facebook.com\/medexny","og_image":[{"url":"https:\/\/www.medexdtc.com\/wp-content\/uploads\/2020\/08\/Dr-Aditya-Mangla-DO-FSCAI-275604-circle_large__v2__.png","type":"","width":"","height":""}],"twitter_card":"summary_large_image","twitter_site":"@DtcMedex","twitter_misc":{"Tiempo de lectura":"4 minutos"},"schema":{"@context":"https:\/\/schema.org","@graph":[{"@type":"WebPage","@id":"https:\/\/www.medexdtc.com\/es\/medex-dtc-medicos-de-queens\/aditya-mangla-do-fscai\/","url":"https:\/\/www.medexdtc.com\/es\/medex-dtc-medicos-de-queens\/aditya-mangla-do-fscai\/","name":"Aditya Mangla, DO, FSCAI. - Cardi\u00f3logo en Forest Hills, Queens, NY","isPartOf":{"@id":"https:\/\/www.medexdtc.com\/es\/#website"},"primaryImageOfPage":{"@id":"https:\/\/www.medexdtc.com\/es\/medex-dtc-medicos-de-queens\/aditya-mangla-do-fscai\/#primaryimage"},"image":{"@id":"https:\/\/www.medexdtc.com\/es\/medex-dtc-medicos-de-queens\/aditya-mangla-do-fscai\/#primaryimage"},"thumbnailUrl":"https:\/\/www.medexdtc.com\/wp-content\/uploads\/2025\/06\/Aditya-Mangla-DO-FSCAI.jpg","datePublished":"2021-05-20T11:04:03+00:00","description":"Cardi\u00f3logo en Forest Hills, Queens, NY Aditya Mangla, DO, FSCAI se especializa en cardiolog\u00eda intervencionista, doppler carot\u00eddeo, ECG\/EKG, etc.","breadcrumb":{"@id":"https:\/\/www.medexdtc.com\/es\/medex-dtc-medicos-de-queens\/aditya-mangla-do-fscai\/#breadcrumb"},"inLanguage":"es","potentialAction":[{"@type":"ReadAction","target":["https:\/\/www.medexdtc.com\/es\/medex-dtc-medicos-de-queens\/aditya-mangla-do-fscai\/"]}]},{"@type":"ImageObject","inLanguage":"es","@id":"https:\/\/www.medexdtc.com\/es\/medex-dtc-medicos-de-queens\/aditya-mangla-do-fscai\/#primaryimage","url":"https:\/\/www.medexdtc.com\/wp-content\/uploads\/2025\/06\/Aditya-Mangla-DO-FSCAI.jpg","contentUrl":"https:\/\/www.medexdtc.com\/wp-content\/uploads\/2025\/06\/Aditya-Mangla-DO-FSCAI.jpg","width":216,"height":216,"caption":"Aditya Mangla, DO, FSCAI"},{"@type":"BreadcrumbList","@id":"https:\/\/www.medexdtc.com\/es\/medex-dtc-medicos-de-queens\/aditya-mangla-do-fscai\/#breadcrumb","itemListElement":[{"@type":"ListItem","position":1,"name":"Home","item":"https:\/\/www.medexdtc.com\/es\/"},{"@type":"ListItem","position":2,"name":"Medex DTC M\u00e9dicos de Queens","item":"https:\/\/www.medexdtc.com\/es\/medex-dtc-medicos-de-queens\/"},{"@type":"ListItem","position":3,"name":"Aditya Mangla, DO, FSCAI"}]},{"@type":"WebSite","@id":"https:\/\/www.medexdtc.com\/es\/#website","url":"https:\/\/www.medexdtc.com\/es\/","name":"Medex DTC","description":"Medex Diagnostic and Treatment Center is a Medical Center in Queens, NY is a dynamic multi-specialty clinic. Physicians delivering high quality individualized care in Forest Hills, Queens, NY.","publisher":{"@id":"https:\/\/www.medexdtc.com\/es\/#organization"},"potentialAction":[{"@type":"SearchAction","target":{"@type":"EntryPoint","urlTemplate":"https:\/\/www.medexdtc.com\/es\/?s={search_term_string}"},"query-input":{"@type":"PropertyValueSpecification","valueRequired":true,"valueName":"search_term_string"}}],"inLanguage":"es"},{"@type":"Organization","@id":"https:\/\/www.medexdtc.com\/es\/#organization","name":"Medex DCT","url":"https:\/\/www.medexdtc.com\/es\/","logo":{"@type":"ImageObject","inLanguage":"es","@id":"https:\/\/www.medexdtc.com\/es\/#\/schema\/logo\/image\/","url":"https:\/\/www.medexdtc.com\/wp-content\/uploads\/2024\/11\/medex-diagnostic-and-treatment-center-in-queens-NY.png","contentUrl":"https:\/\/www.medexdtc.com\/wp-content\/uploads\/2024\/11\/medex-diagnostic-and-treatment-center-in-queens-NY.png","width":226,"height":47,"caption":"Medex DCT"},"image":{"@id":"https:\/\/www.medexdtc.com\/es\/#\/schema\/logo\/image\/"},"sameAs":["https:\/\/www.facebook.com\/medexny","https:\/\/x.com\/DtcMedex","https:\/\/www.instagram.com\/medexdtc\/","https:\/\/www.linkedin.com\/company\/medex-diagnostic-and-treatment-center\/about\/"]}]}},"jetpack_sharing_enabled":true,"_links":{"self":[{"href":"https:\/\/www.medexdtc.com\/es\/wp-json\/wp\/v2\/pages\/4409","targetHints":{"allow":["GET"]}}],"collection":[{"href":"https:\/\/www.medexdtc.com\/es\/wp-json\/wp\/v2\/pages"}],"about":[{"href":"https:\/\/www.medexdtc.com\/es\/wp-json\/wp\/v2\/types\/page"}],"author":[{"embeddable":true,"href":"https:\/\/www.medexdtc.com\/es\/wp-json\/wp\/v2\/users\/3"}],"replies":[{"embeddable":true,"href":"https:\/\/www.medexdtc.com\/es\/wp-json\/wp\/v2\/comments?post=4409"}],"version-history":[{"count":0,"href":"https:\/\/www.medexdtc.com\/es\/wp-json\/wp\/v2\/pages\/4409\/revisions"}],"up":[{"embeddable":true,"href":"https:\/\/www.medexdtc.com\/es\/wp-json\/wp\/v2\/pages\/4364"}],"wp:featuredmedia":[{"embeddable":true,"href":"https:\/\/www.medexdtc.com\/es\/wp-json\/wp\/v2\/media\/5207"}],"wp:attachment":[{"href":"https:\/\/www.medexdtc.com\/es\/wp-json\/wp\/v2\/media?parent=4409"}],"curies":[{"name":"wp","href":"https:\/\/api.w.org\/{rel}","templated":true}]}}