{"id":4412,"date":"2021-05-20T16:02:32","date_gmt":"2021-05-20T11:02:32","guid":{"rendered":"https:\/\/www.medexdtc.com\/medex-dtc-medicos-de-queens\/dr-victor-katz\/"},"modified":"2021-05-20T16:02:32","modified_gmt":"2021-05-20T11:02:32","slug":"dr-victor-katz","status":"publish","type":"page","link":"https:\/\/www.medexdtc.com\/es\/medex-dtc-medicos-de-queens\/dr-victor-katz\/","title":{"rendered":"Dr. Victor Katz"},"content":{"rendered":"<section id=\"about-content-area-1\" class=\"about-content-area-one\">\n<div class=\"sub-container\">\n<div class=\"about-doc-panel\">\n<div class=\"doc-img-left\">\n<div class=\"about-doctor-image\"><img decoding=\"async\" class=\"attachment-post-thumbnail size-post-thumbnail wp-post-image\" src=\"https:\/\/www.medexdtc.com\/wp-content\/uploads\/2020\/08\/Dr-Victor-Katz-MD-280350-circle_large__v1__.png\" alt=\"Cirujano Ortop\u00e9dico en Queens, Victor Katz, MD\" width=\"216\" height=\"216\"><\/div>\n<\/div>\n<div class=\"doc-detail-right\">\n<div class=\"about-doctor-reviews\">\u2605\u2605\u2605\u2605\u2605<\/div>\n<div class=\"about-doctor-name\">Dr. Victor Katz<\/div>\n<div class=\"about-doctor-desig\">Cirujano Ortop\u00e9dico<\/div>\n<div class=\"contect-sec\">\n<div>\n<div class=\"about-doct-number\"><a href=\"tel:+1718.275.8900\">718.275.8900<\/a><\/div>\n<div class=\"about-doct-address\">Forest Hills, Queens, NY<\/div>\n<\/div>\n<\/div>\n<p><a class=\"appointment-btn\" href=\"https:\/\/app.nexhealth.com\/appt\/medex-diagnostic-and-treatment-center\/p,19166856,h:y\" target=\"_blank\" rel=\"noopener\">Programa una<strong>cita en<\/strong><br \/>\n<strong><\/strong><\/a><\/p>\n<\/div>\n<\/div>\n<\/div>\n<\/section>\n<section id=\"about-content-area\" class=\"about-content-sec sub-container\">\n<div class=\"about-madex-page-sub-title\"><\/div>\n<div class=\"content-one about-editor-content\">\n<h1>Acerca de Victor Katz, MD &#8211; Cirujano Ortop\u00e9dico en Forest Hills, Queens, NY<\/h1>\n<p>El Dr. Victor Katz es un <a href=\"https:\/\/www.medexdtc.com\/es\/orthopedics\/\">cirujano ortop\u00e9dico<\/a> experimentado que atiende a los habitantes de Forest Hills, Queens, NY. Forma parte del Centro de Diagn\u00f3stico y Tratamiento Medex, un <a href=\"https:\/\/www.medexdtc.com\/es\/\">centro m\u00e9dico de Queens<\/a>, donde es competente en el tratamiento de una amplia gama de problemas m\u00e9dicos. Habla ingl\u00e9s y ruso con fluidez, lo que le hace accesible a pacientes de diversos or\u00edgenes culturales.  <\/p>\n<p>El Dr. Katz se licenci\u00f3 en Medicina en la Universidad Estatal de Nueva York, Stony Brook. A continuaci\u00f3n, realiz\u00f3 un internado y una residencia en <a href=\"https:\/\/www.medexdtc.com\/es\/tratamiento-del-dolor-en-queens\/\">medicina f\u00edsica y rehabilitaci\u00f3n<\/a> en el Centro M\u00e9dico Jud\u00edo de Long Island. Adem\u00e1s, realiz\u00f3 otro internado en cirug\u00eda general en el Centro M\u00e9dico Cabrini, seguido de una residencia en cirug\u00eda ortop\u00e9dica en los Centros M\u00e9dicos Cat\u00f3licos de San Vicente.  <\/p>\n<p>El Dr. Katz perfeccion\u00f3 sus conocimientos cl\u00ednicos realizando una beca de investigaci\u00f3n en cirug\u00eda de la columna vertebral en el Centro M\u00e9dico Seton. Como <a href=\"https:\/\/www.medexdtc.com\/es\/medex-dtc-medicos-de-queens\/\">m\u00e9dico destacado en Queens<\/a> que trabaja en el Centro de Diagn\u00f3stico y Tratamiento Medex, tambi\u00e9n posee la certificaci\u00f3n de la Junta Americana de Cirug\u00eda Ortop\u00e9dica. Es una persona muy preparada, que responde de buen grado a todas las preocupaciones de los pacientes y les ofrece valiosos consejos que les permiten tomar la decisi\u00f3n correcta.  <\/p>\n<\/div>\n<p><!-- \n\n<div class=\"content-two sub-container\">\n\n\n<div class=\"about-title\">Conditions<\/div>\n\n\n\n\n<div class=\"condition-lists\">\n\n\n<ul><\/ul>\n\n\n<\/div>\n\n\n<\/div>\n\n\n\n\n<div class=\"content-two mt-4 sub-container\">\n\n\n<div class=\"about-title\">Treatments<\/div>\n\n\n\n\n<div class=\"condition-lists\">\n\n\n<ul><\/ul>\n\n\n<\/div>\n\n\n<\/div>\n\n\n--><\/p>\n<div class=\"content-three about-editor-content sub-container\">\n<h2 class=\"about-title\">Credenciales<\/h2>\n<h3>Especialidades<\/h3>\n<ul>\n<li>Cirujano Ortop\u00e9dico<\/li>\n<\/ul>\n<h3>Nombres de pr\u00e1cticas<\/h3>\n<ul>\n<li>Centro de Diagn\u00f3stico y Tratamiento Medex<\/li>\n<\/ul>\n<h3>Certificaciones de la Junta<\/h3>\n<ul>\n<li>Junta Americana de Cirug\u00eda Ortop\u00e9dica<\/li>\n<\/ul>\n<h3>Educaci\u00f3n y formaci\u00f3n<\/h3>\n<ul>\n<li>Facultad de Medicina &#8211; Universidad Estatal de Nueva York, Stony Brook, Doctor en Medicina<\/li>\n<li>Universidad de la Ciudad de Nueva York (Licenciatura)<\/li>\n<li>Centro M\u00e9dico Jud\u00edo de Long Island, Residencia en Medicina F\u00edsica y Rehabilitaci\u00f3n<\/li>\n<li>Centro M\u00e9dico Jud\u00edo de Long Island, Pr\u00e1cticas en Medicina F\u00edsica y Rehabilitaci\u00f3n<\/li>\n<li>Centro M\u00e9dico Cabrini, Pr\u00e1cticas en Cirug\u00eda General<\/li>\n<li>Centros M\u00e9dicos Cat\u00f3licos de San Vicente, Residencia en Cirug\u00eda Ortop\u00e9dica<\/li>\n<li>Centro M\u00e9dico Seton, Beca en Cirug\u00eda de la Columna Vertebral<\/li>\n<\/ul>\n<h2>Afecciones y tratamientos<\/h2>\n<ul>\n<li>Consulta ortop\u00e9dica<\/li>\n<li>Problemas en los pies<\/li>\n<li>Problemas en las manos<\/li>\n<li>Problemas de codo<\/li>\n<li>Lesi\u00f3n deportiva<\/li>\n<li>Problemas de rodilla<\/li>\n<li>Problemas de cadera<\/li>\n<li>Problema de hombro<\/li>\n<li>Juanete<\/li>\n<li>Artritis<\/li>\n<li>Rayos X<\/li>\n<li>Problemas de mu\u00f1eca<\/li>\n<li>Problemas de tobillo<\/li>\n<li>Fractura<\/li>\n<li>Consulta de Ortopedia Pedi\u00e1trica<\/li>\n<li>Deformaci\u00f3n del cuello \/ Tort\u00edcolis<\/li>\n<li>Espondilolisis<\/li>\n<li>Deformaci\u00f3n de la columna \/ Escoliosis<\/li>\n<li>Deformidades del pie<\/li>\n<li>Artroscopia<\/li>\n<li>Seguimiento ortop\u00e9dico<\/li>\n<li>Seguimiento de Ortopedia Pedi\u00e1trica<\/li>\n<li>Indemnizaci\u00f3n por accidente laboral \/ Evaluaci\u00f3n de incapacidades<\/li>\n<li>Enfermedad degenerativa<\/li>\n<li>Traumatolog\u00eda ortop\u00e9dica<\/li>\n<li>Huesos fr\u00e1giles \/ Osteog\u00e9nesis imperfecta<\/li>\n<li>Problemas pedi\u00e1tricos de tobillo<\/li>\n<li>Lesiones pedi\u00e1tricas al nacer<\/li>\n<li>Problema del pie pedi\u00e1trico<\/li>\n<li>Problema de mano pedi\u00e1trico<\/li>\n<li>Aspiraci\u00f3n articular pedi\u00e1trica<\/li>\n<li>Problemas pedi\u00e1tricos de rodilla<\/li>\n<li>Problema pedi\u00e1trico en la pierna<\/li>\n<li>Traumatolog\u00eda ortop\u00e9dica pedi\u00e1trica<\/li>\n<li>Espina b\u00edfida<\/li>\n<li>Inflamaci\u00f3n articular \/ Artritis s\u00e9ptica<\/li>\n<li>Dislocaciones articulares<\/li>\n<li>Segunda opini\u00f3n ortop\u00e9dica<\/li>\n<\/ul>\n<\/div>\n<\/section>\n","protected":false},"excerpt":{"rendered":"<p>\u2605\u2605\u2605\u2605\u2605 Dr. Victor Katz Cirujano Ortop\u00e9dico 718.275.8900 Forest Hills, Queens, NY Programa unacita en Acerca de Victor Katz, MD &#8211; Cirujano Ortop\u00e9dico en Forest Hills, Queens, NY El Dr. Victor Katz es un cirujano ortop\u00e9dico experimentado que atiende a los habitantes de Forest Hills, Queens, NY. Forma parte del Centro de Diagn\u00f3stico y Tratamiento Medex, &hellip; <\/p>\n<p class=\"link-more\"><a href=\"https:\/\/www.medexdtc.com\/es\/medex-dtc-medicos-de-queens\/dr-victor-katz\/\" class=\"more-link\">Continue reading<span class=\"screen-reader-text\"> \u00abDr. Victor Katz\u00bb<\/span><\/a><\/p>\n","protected":false},"author":3,"featured_media":5184,"parent":4364,"menu_order":0,"comment_status":"closed","ping_status":"closed","template":"doctor-full-width.php","meta":{"_acf_changed":false,"footnotes":""},"class_list":["post-4412","page","type-page","status-publish","has-post-thumbnail","hentry"],"acf":[],"yoast_head":"<!-- This site is optimized with the Yoast SEO plugin v27.4 - https:\/\/yoast.com\/product\/yoast-seo-wordpress\/ -->\n<title>Victor Katz, MD - Cirujano Ortop\u00e9dico en Forest Hills, Queens, NY<\/title>\n<meta name=\"description\" content=\"El Dr. Victor Katz, que atiende a los habitantes de Forest Hills, Queens, NY, es un cirujano ortop\u00e9dico experimentado. Es competente en el tratamiento de una amplia gama de afecciones ortop\u00e9dicas, incluidos problemas de los pies, de las manos, lesiones deportivas\" \/>\n<meta name=\"robots\" content=\"index, follow, max-snippet:-1, max-image-preview:large, max-video-preview:-1\" \/>\n<link rel=\"canonical\" href=\"https:\/\/www.medexdtc.com\/es\/medex-dtc-medicos-de-queens\/dr-victor-katz\/\" \/>\n<meta property=\"og:locale\" content=\"es_ES\" \/>\n<meta property=\"og:type\" content=\"article\" \/>\n<meta property=\"og:title\" content=\"Victor Katz, MD - Cirujano Ortop\u00e9dico en Forest Hills, Queens, NY\" \/>\n<meta property=\"og:description\" content=\"El Dr. Victor Katz, que atiende a los habitantes de Forest Hills, Queens, NY, es un cirujano ortop\u00e9dico experimentado. Es competente en el tratamiento de una amplia gama de afecciones ortop\u00e9dicas, incluidos problemas de los pies, de las manos, lesiones deportivas\" \/>\n<meta property=\"og:url\" content=\"https:\/\/www.medexdtc.com\/es\/medex-dtc-medicos-de-queens\/dr-victor-katz\/\" \/>\n<meta property=\"og:site_name\" content=\"Medex Diagnostic and Treatment Center - Queens Medical Center - Medical Clinic in Forest Hills, NY\" \/>\n<meta property=\"article:publisher\" content=\"https:\/\/www.facebook.com\/medexny\" \/>\n<meta property=\"og:image\" content=\"https:\/\/www.medexdtc.com\/wp-content\/uploads\/2020\/08\/Dr-Victor-Katz-MD-280350-circle_large__v1__.png\" \/>\n<meta name=\"twitter:card\" content=\"summary_large_image\" \/>\n<meta name=\"twitter:site\" content=\"@DtcMedex\" \/>\n<meta name=\"twitter:label1\" content=\"Tiempo de lectura\" \/>\n\t<meta name=\"twitter:data1\" content=\"3 minutos\" \/>\n<!-- \/ Yoast SEO plugin. -->","yoast_head_json":{"title":"Victor Katz, MD - Cirujano Ortop\u00e9dico en Forest Hills, Queens, NY","description":"El Dr. Victor Katz, que atiende a los habitantes de Forest Hills, Queens, NY, es un cirujano ortop\u00e9dico experimentado. Es competente en el tratamiento de una amplia gama de afecciones ortop\u00e9dicas, incluidos problemas de los pies, de las manos, lesiones deportivas","robots":{"index":"index","follow":"follow","max-snippet":"max-snippet:-1","max-image-preview":"max-image-preview:large","max-video-preview":"max-video-preview:-1"},"canonical":"https:\/\/www.medexdtc.com\/es\/medex-dtc-medicos-de-queens\/dr-victor-katz\/","og_locale":"es_ES","og_type":"article","og_title":"Victor Katz, MD - Cirujano Ortop\u00e9dico en Forest Hills, Queens, NY","og_description":"El Dr. Victor Katz, que atiende a los habitantes de Forest Hills, Queens, NY, es un cirujano ortop\u00e9dico experimentado. Es competente en el tratamiento de una amplia gama de afecciones ortop\u00e9dicas, incluidos problemas de los pies, de las manos, lesiones deportivas","og_url":"https:\/\/www.medexdtc.com\/es\/medex-dtc-medicos-de-queens\/dr-victor-katz\/","og_site_name":"Medex Diagnostic and Treatment Center - Queens Medical Center - Medical Clinic in Forest Hills, NY","article_publisher":"https:\/\/www.facebook.com\/medexny","og_image":[{"url":"https:\/\/www.medexdtc.com\/wp-content\/uploads\/2020\/08\/Dr-Victor-Katz-MD-280350-circle_large__v1__.png","type":"","width":"","height":""}],"twitter_card":"summary_large_image","twitter_site":"@DtcMedex","twitter_misc":{"Tiempo de lectura":"3 minutos"},"schema":{"@context":"https:\/\/schema.org","@graph":[{"@type":"WebPage","@id":"https:\/\/www.medexdtc.com\/es\/medex-dtc-medicos-de-queens\/dr-victor-katz\/","url":"https:\/\/www.medexdtc.com\/es\/medex-dtc-medicos-de-queens\/dr-victor-katz\/","name":"Victor Katz, MD - Cirujano Ortop\u00e9dico en Forest Hills, Queens, NY","isPartOf":{"@id":"https:\/\/www.medexdtc.com\/es\/#website"},"primaryImageOfPage":{"@id":"https:\/\/www.medexdtc.com\/es\/medex-dtc-medicos-de-queens\/dr-victor-katz\/#primaryimage"},"image":{"@id":"https:\/\/www.medexdtc.com\/es\/medex-dtc-medicos-de-queens\/dr-victor-katz\/#primaryimage"},"thumbnailUrl":"https:\/\/www.medexdtc.com\/wp-content\/uploads\/2025\/06\/Victor-Katz-MD.jpg","datePublished":"2021-05-20T11:02:32+00:00","description":"El Dr. Victor Katz, que atiende a los habitantes de Forest Hills, Queens, NY, es un cirujano ortop\u00e9dico experimentado. Es competente en el tratamiento de una amplia gama de afecciones ortop\u00e9dicas, incluidos problemas de los pies, de las manos, lesiones deportivas","breadcrumb":{"@id":"https:\/\/www.medexdtc.com\/es\/medex-dtc-medicos-de-queens\/dr-victor-katz\/#breadcrumb"},"inLanguage":"es","potentialAction":[{"@type":"ReadAction","target":["https:\/\/www.medexdtc.com\/es\/medex-dtc-medicos-de-queens\/dr-victor-katz\/"]}]},{"@type":"ImageObject","inLanguage":"es","@id":"https:\/\/www.medexdtc.com\/es\/medex-dtc-medicos-de-queens\/dr-victor-katz\/#primaryimage","url":"https:\/\/www.medexdtc.com\/wp-content\/uploads\/2025\/06\/Victor-Katz-MD.jpg","contentUrl":"https:\/\/www.medexdtc.com\/wp-content\/uploads\/2025\/06\/Victor-Katz-MD.jpg","width":216,"height":216,"caption":"Victor Katz, MD"},{"@type":"BreadcrumbList","@id":"https:\/\/www.medexdtc.com\/es\/medex-dtc-medicos-de-queens\/dr-victor-katz\/#breadcrumb","itemListElement":[{"@type":"ListItem","position":1,"name":"Home","item":"https:\/\/www.medexdtc.com\/es\/"},{"@type":"ListItem","position":2,"name":"Medex DTC M\u00e9dicos de Queens","item":"https:\/\/www.medexdtc.com\/es\/medex-dtc-medicos-de-queens\/"},{"@type":"ListItem","position":3,"name":"Dr. Victor Katz"}]},{"@type":"WebSite","@id":"https:\/\/www.medexdtc.com\/es\/#website","url":"https:\/\/www.medexdtc.com\/es\/","name":"Medex DTC","description":"Medex Diagnostic and Treatment Center is a Medical Center in Queens, NY is a dynamic multi-specialty clinic. Physicians delivering high quality individualized care in Forest Hills, Queens, NY.","publisher":{"@id":"https:\/\/www.medexdtc.com\/es\/#organization"},"potentialAction":[{"@type":"SearchAction","target":{"@type":"EntryPoint","urlTemplate":"https:\/\/www.medexdtc.com\/es\/?s={search_term_string}"},"query-input":{"@type":"PropertyValueSpecification","valueRequired":true,"valueName":"search_term_string"}}],"inLanguage":"es"},{"@type":"Organization","@id":"https:\/\/www.medexdtc.com\/es\/#organization","name":"Medex DCT","url":"https:\/\/www.medexdtc.com\/es\/","logo":{"@type":"ImageObject","inLanguage":"es","@id":"https:\/\/www.medexdtc.com\/es\/#\/schema\/logo\/image\/","url":"https:\/\/www.medexdtc.com\/wp-content\/uploads\/2024\/11\/medex-diagnostic-and-treatment-center-in-queens-NY.png","contentUrl":"https:\/\/www.medexdtc.com\/wp-content\/uploads\/2024\/11\/medex-diagnostic-and-treatment-center-in-queens-NY.png","width":226,"height":47,"caption":"Medex DCT"},"image":{"@id":"https:\/\/www.medexdtc.com\/es\/#\/schema\/logo\/image\/"},"sameAs":["https:\/\/www.facebook.com\/medexny","https:\/\/x.com\/DtcMedex","https:\/\/www.instagram.com\/medexdtc\/","https:\/\/www.linkedin.com\/company\/medex-diagnostic-and-treatment-center\/about\/"]}]}},"jetpack_sharing_enabled":true,"_links":{"self":[{"href":"https:\/\/www.medexdtc.com\/es\/wp-json\/wp\/v2\/pages\/4412","targetHints":{"allow":["GET"]}}],"collection":[{"href":"https:\/\/www.medexdtc.com\/es\/wp-json\/wp\/v2\/pages"}],"about":[{"href":"https:\/\/www.medexdtc.com\/es\/wp-json\/wp\/v2\/types\/page"}],"author":[{"embeddable":true,"href":"https:\/\/www.medexdtc.com\/es\/wp-json\/wp\/v2\/users\/3"}],"replies":[{"embeddable":true,"href":"https:\/\/www.medexdtc.com\/es\/wp-json\/wp\/v2\/comments?post=4412"}],"version-history":[{"count":0,"href":"https:\/\/www.medexdtc.com\/es\/wp-json\/wp\/v2\/pages\/4412\/revisions"}],"up":[{"embeddable":true,"href":"https:\/\/www.medexdtc.com\/es\/wp-json\/wp\/v2\/pages\/4364"}],"wp:featuredmedia":[{"embeddable":true,"href":"https:\/\/www.medexdtc.com\/es\/wp-json\/wp\/v2\/media\/5184"}],"wp:attachment":[{"href":"https:\/\/www.medexdtc.com\/es\/wp-json\/wp\/v2\/media?parent=4412"}],"curies":[{"name":"wp","href":"https:\/\/api.w.org\/{rel}","templated":true}]}}