{"id":4413,"date":"2021-05-20T16:06:47","date_gmt":"2021-05-20T11:06:47","guid":{"rendered":"https:\/\/www.medexdtc.com\/medex-dtc-medicos-de-queens\/dr-rajpal-chopra-md\/"},"modified":"2021-05-20T16:06:47","modified_gmt":"2021-05-20T11:06:47","slug":"dr-rajpal-chopra-md","status":"publish","type":"page","link":"https:\/\/www.medexdtc.com\/es\/medex-dtc-medicos-de-queens\/dr-rajpal-chopra-md\/","title":{"rendered":"Dr. Rajpal Chopra, MD"},"content":{"rendered":"<section id=\"about-content-area-1\" class=\"about-content-area-one\">\n<div class=\"sub-container\">\n<div class=\"about-doc-panel\">\n<div class=\"doc-img-left\">\n<div class=\"about-doctor-image\"><img decoding=\"async\" class=\"attachment-post-thumbnail size-post-thumbnail wp-post-image\" src=\"https:\/\/www.medexdtc.com\/wp-content\/uploads\/2020\/08\/Dr-Rajpal-Chopra-MD-260339-circle_large__v2__.png\" alt=\"Dr. Rajpal Chopra, MD\" width=\"216\" height=\"216\"><\/div>\n<\/div>\n<div class=\"doc-detail-right\">\n<div class=\"about-doctor-reviews\">\u2605\u2605\u2605\u2605\u2605<\/div>\n<div class=\"about-doctor-name\">Dr. Rajpal Chopra, MD<\/div>\n<div class=\"about-doctor-desig\">Endocrin\u00f3logo<\/div>\n<div class=\"contect-sec\">\n<div>\n<div class=\"about-doct-number\"><a href=\"tel:+1718.275.8900\">718.275.8900<\/a><\/div>\n<div class=\"about-doct-address\">Forest Hills, Queens, NY<\/div>\n<\/div>\n<\/div>\n<p><a class=\"appointment-btn\" href=\"https:\/\/app.nexhealth.com\/appt\/medex-diagnostic-and-treatment-center\/p,19166827,h:y\" target=\"_blank\" rel=\"noopener\">Programa una<strong>cita en<\/strong><br \/>\n<strong><\/strong><\/a><\/p>\n<\/div>\n<\/div>\n<\/div>\n<\/section>\n<section id=\"about-content-area\" class=\"about-content-sec sub-container\">\n<div class=\"about-madex-page-sub-title\"><\/div>\n<div class=\"content-one about-editor-content\">\n<h1>Dr. Rajpal Chopra, MD Endocrin\u00f3logo en Forest Hills, Queens, NY<\/h1>\n<p>Con sede en Forest Hills, Queens, NY, el Dr. Rajpal Chopra se especializa como endocrin\u00f3logo. Est\u00e1 certificado por la Junta Americana de Medicina Interna, y se centra en endocrinolog\u00eda, diabetes y metabolismo. Adem\u00e1s, presta su experiencia en <a href=\"https:\/\/www.medexdtc.com\/es\/\">la consulta m\u00e9dica<\/a> Medex Diagnostic and Treatment Center.  <\/p>\n<p>El Dr. Chopra asisti\u00f3 al Colegio M\u00e9dico Nacional Topiwala, donde obtuvo la licenciatura en Medicina y la licenciatura en Cirug\u00eda. Hizo la residencia en el Hospital Monte Sina\u00ed, donde tambi\u00e9n complet\u00f3 una beca en endocrinolog\u00eda. <\/p>\n<p>El Dr. Chopra es miembro activo de la Asociaci\u00f3n Americana de Endocrin\u00f3logos Cl\u00ednicos, la Asociaci\u00f3n Americana de Diabetes y el Colegio Americano de M\u00e9dicos. Cree que es mucho mejor proporcionar a los pacientes la atenci\u00f3n \u00f3ptima que necesitan para prevenir la aparici\u00f3n de enfermedades, en lugar de esperar a que surja un problema para tratarlo. <\/p>\n<p>Como <a href=\"https:\/\/www.medexdtc.com\/es\/endocrinology\/\">endocrin\u00f3logo mejor valorado de Queens<\/a>, el Dr. Rajpal Chopra colabora con m\u00e9dicos de m\u00faltiples especialidades, incluidos los <a href=\"https:\/\/www.medexdtc.com\/es\/medicos-medicina-interna-queens-mejores-internistas\/\">mejores internistas<\/a> y <a href=\"https:\/\/www.medexdtc.com\/es\/medicos-de-medicina-familiar-en-forest-hills-ny\/\">m\u00e9dicos de familia<\/a>. Haz clic para reservar hoy mismo una cita online con \u00e9l. <\/p>\n<\/div>\n<p><!-- \n\n<div class=\"content-two sub-container\">\n\n\n<div class=\"about-title\">Conditions<\/div>\n\n\n\n\n<div class=\"condition-lists\">\n\n\n<ul><\/ul>\n\n\n<\/div>\n\n\n<\/div>\n\n\n\n\n<div class=\"content-two mt-4 sub-container\">\n\n\n<div class=\"about-title\">Treatments<\/div>\n\n\n\n\n<div class=\"condition-lists\">\n\n\n<ul><\/ul>\n\n\n<\/div>\n\n\n<\/div>\n\n\n--><\/p>\n<div class=\"content-three about-editor-content sub-container\">\n<h2 class=\"about-title\">Credenciales<\/h2>\n<h3>Especialidades<\/h3>\n<p>Endocrin\u00f3logo<\/p>\n<h3>Nombres de pr\u00e1cticas<\/h3>\n<p>Centro de Diagn\u00f3stico y Tratamiento Medex<\/p>\n<h3>Certificaciones de la Junta<\/h3>\n<ul>\n<li>Junta Americana de Medicina Interna<\/li>\n<li>Endocrinolog\u00eda, Diabetes y Metabolismo (Medicina Interna)<\/li>\n<\/ul>\n<h3>Educaci\u00f3n y formaci\u00f3n<\/h3>\n<ul>\n<li>Facultad de Medicina &#8211; Topiwala National Medical College, Licenciatura en Medicina, Licenciatura en Cirug\u00eda<\/li>\n<li>The Mount Sinai Hospital, Beca en Endocrinolog\u00eda<\/li>\n<li>Hospital Monte Sina\u00ed (Residencia)<\/li>\n<\/ul>\n<h3>Afiliaciones profesionales<\/h3>\n<ul>\n<li>Asociaci\u00f3n Americana de Endocrin\u00f3logos Cl\u00ednicos<\/li>\n<li>Asociaci\u00f3n Americana de Diabetes<\/li>\n<li>Colegio Americano de M\u00e9dicos<\/li>\n<\/ul>\n<h2>Afecciones y tratamientos<\/h2>\n<ul>\n<li>Acn\u00e9<\/li>\n<li>Evaluaci\u00f3n de la osteoporosis<\/li>\n<li>Pie diab\u00e9tico<\/li>\n<li>Consulta de tiroides<\/li>\n<li>Consulta sobre diabetes<\/li>\n<li>Consulta de endocrinolog\u00eda<\/li>\n<li>Problemas suprarrenales<\/li>\n<li>Bocio<\/li>\n<li>Evaluaci\u00f3n tiroidea<\/li>\n<li>Problemas hipofisarios<\/li>\n<li>Consulta de p\u00e9rdida de peso<\/li>\n<li>Seguimiento de la diabetes<\/li>\n<li>Seguimiento endocrinol\u00f3gico<\/li>\n<li>S\u00edndrome de ovario poliqu\u00edstico \/ S\u00edndrome metab\u00f3lico<\/li>\n<li>Seguimiento de la tiroides<\/li>\n<li>Ecograf\u00eda tiroidea<\/li>\n<li>Diabetes tipo 1<\/li>\n<li>Enfermedad de Graves<\/li>\n<li>Colesterol alto \/ Problema de l\u00edpidos<\/li>\n<li>Hipertiroidismo \/ Tiroides hiperactiva<\/li>\n<li>Hipotiroidismo \/ Tiroides hipoactiva<\/li>\n<li>Obesidad \/ Consulta de p\u00e9rdida de peso<\/li>\n<li>Osteoporosis<\/li>\n<li>Consulta Nutricional Obesidad<\/li>\n<li>S\u00edndrome de Cushing<\/li>\n<li>S\u00edndrome de Conn<\/li>\n<li>Hipogonadismo<\/li>\n<li>Control de la glucemia en la diabetes<\/li>\n<li>Cuidado de la diabetes &#8211; Examen ocular<\/li>\n<li>Cuidado de la diabetes &#8211; Control de la enfermedad renal<\/li>\n<li>Diabetes tipo 2<\/li>\n<li>Enfermedad tiroidea<\/li>\n<li>Terapia con bomba de insulina<\/li>\n<li>Medidores continuos de glucosa (MCG)<\/li>\n<li>Hiperlipidemia<\/li>\n<li>Trastornos hormonales<\/li>\n<li>Neuropat\u00eda diab\u00e9tica<\/li>\n<li>Nivel bajo de az\u00facar en sangre \/ Hipoglucemia<\/li>\n<li>Desequilibrio hormonal<\/li>\n<li>Glucemia elevada \/ Hiperglucemia<\/li>\n<li>Desequilibrio metab\u00f3lico<\/li>\n<li>Tiroiditis<\/li>\n<li>Enfermedades tiroideas inducidas por f\u00e1rmacos<\/li>\n<li>Pruebas de la funci\u00f3n tiroidea<\/li>\n<li>Diabetes pancre\u00e1tica<\/li>\n<li>Niveles bajos de cortisol \/ Hipocortisolismo \/ Enfermedad de Addison<\/li>\n<li>Deficiencia de glucocorticoides<\/li>\n<li>Incidentaloma suprarrenal<\/li>\n<li>Hipertensi\u00f3n maligna<\/li>\n<li>Hipertensi\u00f3n Suprarrenal<\/li>\n<li>Paratiroides hiperactiva \/ Hiperparatiroidismo<\/li>\n<li>Paratiroides hipoactiva \/ Hipoparatiroidismo<\/li>\n<li>Hiperplasia paratiroidea<\/li>\n<li>Nivel bajo de calcio \/ Hipocalcemia<\/li>\n<li>Deficiencia de vitamina D<\/li>\n<li>Ausencia de Menstruaci\u00f3n \/ Amenorrea<\/li>\n<li>Neoplasia Endocrina M\u00faltiple (NEM) Tipo 1<\/li>\n<li>Neoplasia Endocrina M\u00faltiple (NEM) Tipo 2<\/li>\n<li>Glucagonoma<\/li>\n<li>VIPoma<\/li>\n<li>Quiste hipofisario<\/li>\n<li>Trastornos tiroideos maternos<\/li>\n<li>Prediabetes<\/li>\n<\/ul>\n<\/div>\n<\/section>\n","protected":false},"excerpt":{"rendered":"<p>\u2605\u2605\u2605\u2605\u2605 Dr. Rajpal Chopra, MD Endocrin\u00f3logo 718.275.8900 Forest Hills, Queens, NY Programa unacita en Dr. Rajpal Chopra, MD Endocrin\u00f3logo en Forest Hills, Queens, NY Con sede en Forest Hills, Queens, NY, el Dr. Rajpal Chopra se especializa como endocrin\u00f3logo. Est\u00e1 certificado por la Junta Americana de Medicina Interna, y se centra en endocrinolog\u00eda, diabetes y &hellip; <\/p>\n<p class=\"link-more\"><a href=\"https:\/\/www.medexdtc.com\/es\/medex-dtc-medicos-de-queens\/dr-rajpal-chopra-md\/\" class=\"more-link\">Continue reading<span class=\"screen-reader-text\"> \u00abDr. Rajpal Chopra, MD\u00bb<\/span><\/a><\/p>\n","protected":false},"author":3,"featured_media":0,"parent":4364,"menu_order":0,"comment_status":"closed","ping_status":"closed","template":"doctor-full-width.php","meta":{"_acf_changed":false,"footnotes":""},"class_list":["post-4413","page","type-page","status-publish","hentry"],"acf":[],"yoast_head":"<!-- This site is optimized with the Yoast SEO plugin v27.5 - https:\/\/yoast.com\/product\/yoast-seo-wordpress\/ -->\n<title>Dr. Rajpal Chopra, MD - Endocrin\u00f3logo en Forest Hills, Queens, NY<\/title>\n<meta name=\"description\" content=\"Con sede en Forest Hills, Queens, NY, el Dr. Rajpal Chopra est\u00e1 especializado como endocrin\u00f3logo. Es experto en el tratamiento de una amplia gama de enfermedades, como diabetes, problemas suprarrenales, obesidad, bocio, etc.\" \/>\n<meta name=\"robots\" content=\"index, follow, max-snippet:-1, max-image-preview:large, max-video-preview:-1\" \/>\n<link rel=\"canonical\" href=\"https:\/\/www.medexdtc.com\/es\/medex-dtc-medicos-de-queens\/dr-rajpal-chopra-md\/\" \/>\n<meta property=\"og:locale\" content=\"es_ES\" \/>\n<meta property=\"og:type\" content=\"article\" \/>\n<meta property=\"og:title\" content=\"Dr. Rajpal Chopra, MD - Endocrin\u00f3logo en Forest Hills, Queens, NY\" \/>\n<meta property=\"og:description\" content=\"Con sede en Forest Hills, Queens, NY, el Dr. Rajpal Chopra est\u00e1 especializado como endocrin\u00f3logo. Es experto en el tratamiento de una amplia gama de enfermedades, como diabetes, problemas suprarrenales, obesidad, bocio, etc.\" \/>\n<meta property=\"og:url\" content=\"https:\/\/www.medexdtc.com\/es\/medex-dtc-medicos-de-queens\/dr-rajpal-chopra-md\/\" \/>\n<meta property=\"og:site_name\" content=\"Medex Diagnostic and Treatment Center - Queens Medical Center - Medical Clinic in Forest Hills, NY\" \/>\n<meta property=\"article:publisher\" content=\"https:\/\/www.facebook.com\/medexny\" \/>\n<meta property=\"og:image\" content=\"https:\/\/www.medexdtc.com\/wp-content\/uploads\/2020\/08\/Dr-Rajpal-Chopra-MD-260339-circle_large__v2__.png\" \/>\n<meta name=\"twitter:card\" content=\"summary_large_image\" \/>\n<meta name=\"twitter:site\" content=\"@DtcMedex\" \/>\n<meta name=\"twitter:label1\" content=\"Tiempo de lectura\" \/>\n\t<meta name=\"twitter:data1\" content=\"3 minutos\" \/>\n<!-- \/ Yoast SEO plugin. -->","yoast_head_json":{"title":"Dr. Rajpal Chopra, MD - Endocrin\u00f3logo en Forest Hills, Queens, NY","description":"Con sede en Forest Hills, Queens, NY, el Dr. Rajpal Chopra est\u00e1 especializado como endocrin\u00f3logo. Es experto en el tratamiento de una amplia gama de enfermedades, como diabetes, problemas suprarrenales, obesidad, bocio, etc.","robots":{"index":"index","follow":"follow","max-snippet":"max-snippet:-1","max-image-preview":"max-image-preview:large","max-video-preview":"max-video-preview:-1"},"canonical":"https:\/\/www.medexdtc.com\/es\/medex-dtc-medicos-de-queens\/dr-rajpal-chopra-md\/","og_locale":"es_ES","og_type":"article","og_title":"Dr. Rajpal Chopra, MD - Endocrin\u00f3logo en Forest Hills, Queens, NY","og_description":"Con sede en Forest Hills, Queens, NY, el Dr. Rajpal Chopra est\u00e1 especializado como endocrin\u00f3logo. Es experto en el tratamiento de una amplia gama de enfermedades, como diabetes, problemas suprarrenales, obesidad, bocio, etc.","og_url":"https:\/\/www.medexdtc.com\/es\/medex-dtc-medicos-de-queens\/dr-rajpal-chopra-md\/","og_site_name":"Medex Diagnostic and Treatment Center - Queens Medical Center - Medical Clinic in Forest Hills, NY","article_publisher":"https:\/\/www.facebook.com\/medexny","og_image":[{"url":"https:\/\/www.medexdtc.com\/wp-content\/uploads\/2020\/08\/Dr-Rajpal-Chopra-MD-260339-circle_large__v2__.png","type":"","width":"","height":""}],"twitter_card":"summary_large_image","twitter_site":"@DtcMedex","twitter_misc":{"Tiempo de lectura":"3 minutos"},"schema":{"@context":"https:\/\/schema.org","@graph":[{"@type":"WebPage","@id":"https:\/\/www.medexdtc.com\/es\/medex-dtc-medicos-de-queens\/dr-rajpal-chopra-md\/","url":"https:\/\/www.medexdtc.com\/es\/medex-dtc-medicos-de-queens\/dr-rajpal-chopra-md\/","name":"Dr. Rajpal Chopra, MD - Endocrin\u00f3logo en Forest Hills, Queens, NY","isPartOf":{"@id":"https:\/\/www.medexdtc.com\/es\/#website"},"primaryImageOfPage":{"@id":"https:\/\/www.medexdtc.com\/es\/medex-dtc-medicos-de-queens\/dr-rajpal-chopra-md\/#primaryimage"},"image":{"@id":"https:\/\/www.medexdtc.com\/es\/medex-dtc-medicos-de-queens\/dr-rajpal-chopra-md\/#primaryimage"},"thumbnailUrl":"https:\/\/www.medexdtc.com\/wp-content\/uploads\/2020\/08\/Dr-Rajpal-Chopra-MD-260339-circle_large__v2__.png","datePublished":"2021-05-20T11:06:47+00:00","description":"Con sede en Forest Hills, Queens, NY, el Dr. Rajpal Chopra est\u00e1 especializado como endocrin\u00f3logo. Es experto en el tratamiento de una amplia gama de enfermedades, como diabetes, problemas suprarrenales, obesidad, bocio, etc.","breadcrumb":{"@id":"https:\/\/www.medexdtc.com\/es\/medex-dtc-medicos-de-queens\/dr-rajpal-chopra-md\/#breadcrumb"},"inLanguage":"es","potentialAction":[{"@type":"ReadAction","target":["https:\/\/www.medexdtc.com\/es\/medex-dtc-medicos-de-queens\/dr-rajpal-chopra-md\/"]}]},{"@type":"ImageObject","inLanguage":"es","@id":"https:\/\/www.medexdtc.com\/es\/medex-dtc-medicos-de-queens\/dr-rajpal-chopra-md\/#primaryimage","url":"https:\/\/www.medexdtc.com\/wp-content\/uploads\/2020\/08\/Dr-Rajpal-Chopra-MD-260339-circle_large__v2__.png","contentUrl":"https:\/\/www.medexdtc.com\/wp-content\/uploads\/2020\/08\/Dr-Rajpal-Chopra-MD-260339-circle_large__v2__.png"},{"@type":"BreadcrumbList","@id":"https:\/\/www.medexdtc.com\/es\/medex-dtc-medicos-de-queens\/dr-rajpal-chopra-md\/#breadcrumb","itemListElement":[{"@type":"ListItem","position":1,"name":"Home","item":"https:\/\/www.medexdtc.com\/es\/"},{"@type":"ListItem","position":2,"name":"Medex DTC M\u00e9dicos de Queens","item":"https:\/\/www.medexdtc.com\/es\/medex-dtc-medicos-de-queens\/"},{"@type":"ListItem","position":3,"name":"Dr. Rajpal Chopra, MD"}]},{"@type":"WebSite","@id":"https:\/\/www.medexdtc.com\/es\/#website","url":"https:\/\/www.medexdtc.com\/es\/","name":"Medex DTC","description":"Medex Diagnostic and Treatment Center is a Medical Center in Queens, NY is a dynamic multi-specialty clinic. Physicians delivering high quality individualized care in Forest Hills, Queens, NY.","publisher":{"@id":"https:\/\/www.medexdtc.com\/es\/#organization"},"potentialAction":[{"@type":"SearchAction","target":{"@type":"EntryPoint","urlTemplate":"https:\/\/www.medexdtc.com\/es\/?s={search_term_string}"},"query-input":{"@type":"PropertyValueSpecification","valueRequired":true,"valueName":"search_term_string"}}],"inLanguage":"es"},{"@type":"Organization","@id":"https:\/\/www.medexdtc.com\/es\/#organization","name":"Medex DCT","url":"https:\/\/www.medexdtc.com\/es\/","logo":{"@type":"ImageObject","inLanguage":"es","@id":"https:\/\/www.medexdtc.com\/es\/#\/schema\/logo\/image\/","url":"https:\/\/www.medexdtc.com\/wp-content\/uploads\/2024\/11\/medex-diagnostic-and-treatment-center-in-queens-NY.png","contentUrl":"https:\/\/www.medexdtc.com\/wp-content\/uploads\/2024\/11\/medex-diagnostic-and-treatment-center-in-queens-NY.png","width":226,"height":47,"caption":"Medex DCT"},"image":{"@id":"https:\/\/www.medexdtc.com\/es\/#\/schema\/logo\/image\/"},"sameAs":["https:\/\/www.facebook.com\/medexny","https:\/\/x.com\/DtcMedex","https:\/\/www.instagram.com\/medexdtc\/","https:\/\/www.linkedin.com\/company\/medex-diagnostic-and-treatment-center\/about\/"]}]}},"jetpack_sharing_enabled":true,"_links":{"self":[{"href":"https:\/\/www.medexdtc.com\/es\/wp-json\/wp\/v2\/pages\/4413","targetHints":{"allow":["GET"]}}],"collection":[{"href":"https:\/\/www.medexdtc.com\/es\/wp-json\/wp\/v2\/pages"}],"about":[{"href":"https:\/\/www.medexdtc.com\/es\/wp-json\/wp\/v2\/types\/page"}],"author":[{"embeddable":true,"href":"https:\/\/www.medexdtc.com\/es\/wp-json\/wp\/v2\/users\/3"}],"replies":[{"embeddable":true,"href":"https:\/\/www.medexdtc.com\/es\/wp-json\/wp\/v2\/comments?post=4413"}],"version-history":[{"count":0,"href":"https:\/\/www.medexdtc.com\/es\/wp-json\/wp\/v2\/pages\/4413\/revisions"}],"up":[{"embeddable":true,"href":"https:\/\/www.medexdtc.com\/es\/wp-json\/wp\/v2\/pages\/4364"}],"wp:attachment":[{"href":"https:\/\/www.medexdtc.com\/es\/wp-json\/wp\/v2\/media?parent=4413"}],"curies":[{"name":"wp","href":"https:\/\/api.w.org\/{rel}","templated":true}]}}