{"id":4418,"date":"2021-07-27T11:57:45","date_gmt":"2021-07-27T06:57:45","guid":{"rendered":"https:\/\/www.medexdtc.com\/medex-dtc-medicos-de-queens\/ramy-elattal-dpm\/"},"modified":"2021-07-27T11:57:45","modified_gmt":"2021-07-27T06:57:45","slug":"ramy-elattal-dpm","status":"publish","type":"page","link":"https:\/\/www.medexdtc.com\/es\/medex-dtc-medicos-de-queens\/ramy-elattal-dpm\/","title":{"rendered":"Ramy Elattal, DPM"},"content":{"rendered":"<section id=\"about-content-area-1\" class=\"about-content-area-one\">\n<div class=\"sub-container\">\n<div class=\"about-doc-panel\">\n<div class=\"doc-img-left\">\n<div class=\"about-doctor-image\"><img decoding=\"async\" class=\"attachment-post-thumbnail size-post-thumbnail wp-post-image\" src=\"https:\/\/www.medexdtc.com\/wp-content\/uploads\/2021\/07\/Dr-Elattal-Picture.png\" alt=\"Ramy Elattal, DPM\" width=\"216\" height=\"216\"><\/div>\n<\/div>\n<div class=\"doc-detail-right\">\n<div class=\"about-doctor-reviews\">\u2605\u2605\u2605\u2605\u2605<\/div>\n<div class=\"about-doctor-name\">Ramy Elattal, DPM<\/div>\n<div class=\"about-doctor-desig\">Pod\u00f3logo<\/div>\n<div class=\"contect-sec\">\n<div>\n<div class=\"about-doct-number\"><a href=\"tel:+1718.275.8900\">718.275.8900<\/a><\/div>\n<div class=\"about-doct-address\">Forest Hills, NY<\/div>\n<\/div>\n<\/div>\n<p><a class=\"appointment-btn\" href=\"https:\/\/app.nexhealth.com\/appt\/medex-diagnostic-and-treatment-center?pid=55125913\" target=\"_blank\" rel=\"noopener\">Programa una<strong>cita en<\/strong><br \/>\n<strong><\/strong><\/a><\/p>\n<\/div>\n<\/div>\n<\/div>\n<\/section>\n<section id=\"about-content-area\" class=\"about-content-sec sub-container\">\n<div class=\"about-madex-page-sub-title\"><\/div>\n<div class=\"content-one about-editor-content\">\n<h1>Ramy Elattal, DPM Pod\u00f3logo en Forest Hills, Queens, NY<\/h1>\n<p>El Dr. Ramy Elattal, especialista del Centro de Diagn\u00f3stico y Tratamiento Medex, es un pod\u00f3logo experto. Los pacientes acuden a \u00e9l por diversos motivos, como pruebas de densidad \u00f3sea, dolor de pies, verrugas y radiograf\u00edas, entre otros. <\/p>\n<p>El Dr. Elattal lleva trabajando con las comunidades de Forest Hills, NY, desde que se doctor\u00f3 en la Universidad de Temple. Est\u00e1 especializado en el tratamiento de abscesos, pie diab\u00e9tico y heridas. <\/p>\n<p>El Dr. Elattal es sensible a las necesidades y preocupaciones individuales de cada paciente, y adapta sus consultas y opciones de tratamiento en consecuencia. Cree que los pacientes merecen el mejor tratamiento y la mayor comodidad posibles. <\/p>\n<\/div>\n<p><!-- \n\n<div class=\"content-two sub-container\">\n\n\n<div class=\"about-title\">Conditions<\/div>\n\n\n\n\n<div class=\"condition-lists\">\n\n\n<ul><\/ul>\n\n\n<\/div>\n\n\n<\/div>\n\n\n\n\n<div class=\"content-two mt-4 sub-container\">\n\n\n<div class=\"about-title\">Treatments<\/div>\n\n\n\n\n<div class=\"condition-lists\">\n\n\n<ul><\/ul>\n\n\n<\/div>\n\n\n<\/div>\n\n\n--><\/p>\n<div class=\"content-three about-editor-content sub-container\">\n<h2 class=\"about-title\">Credenciales<\/h2>\n<h3>Especialidades<\/h3>\n<p>Pod\u00f3logo<\/p>\n<h3>Nombres de pr\u00e1cticas<\/h3>\n<p>Centro de Diagn\u00f3stico y Tratamiento Medex<\/p>\n<h3>Educaci\u00f3n y formaci\u00f3n<\/h3>\n<ul>\n<li>Agosto 2012 &#8211; Mayo 2016 <strong>Temple University School of Podiatric Medicine, Philadelphia, PA<\/strong> Doctorado en Medicina Podol\u00f3gica<\/li>\n<li>Julio 2011 &#8211; Mayo 2012 <strong>Colegio de Medicina Osteop\u00e1tica de Virginia, Blacksburg, VA<\/strong> Programa de Post-Bachillerato en Ciencias Biom\u00e9dicas<\/li>\n<li>Junio 2006 &#8211; Mayo &#8211; 2010 <strong>Universidad Fordham, Bronx, NY<\/strong> Licenciatura en Ciencias Biol\u00f3gicas y Psicolog\u00eda<\/li>\n<\/ul>\n<h2>Afecciones y tratamientos<\/h2>\n<ul>\n<li>Problemas en los pies<\/li>\n<li>Consulta sobre los pies<\/li>\n<li>Infecci\u00f3n del pie<\/li>\n<li>Pie diab\u00e9tico<\/li>\n<li>Dolor de pies<\/li>\n<li>Juanete<\/li>\n<li>Lesiones de tobillo \/ Esguince<\/li>\n<li>Verruga(s)<\/li>\n<li>Problemas de u\u00f1as<\/li>\n<li>Rayos X<\/li>\n<li>Problemas de tobillo<\/li>\n<li>Pie de atleta<\/li>\n<li>Problemas al andar<\/li>\n<li>Lesiones en el pie<\/li>\n<li>Gota<\/li>\n<li>Absceso<\/li>\n<li>\u00dalceras en los pies<\/li>\n<li>Seguimiento del pie<\/li>\n<li>Problema en las u\u00f1as de los pies<\/li>\n<li>Eliminaci\u00f3n de u\u00f1as de los pies<\/li>\n<li>Callos \/ Callosidades<\/li>\n<li>Infecci\u00f3n de tobillo<\/li>\n<li>Fractura de pie<\/li>\n<li>Dolor de tobillo<\/li>\n<li>Tumor \/ Neuroma de pie o tobillo<\/li>\n<li>Dedos en martillo<\/li>\n<li>Dolor de tal\u00f3n<\/li>\n<li>Deformidades pedi\u00e1tricas del pie<\/li>\n<li>Tratamiento de varices<\/li>\n<li>Fascitis plantar<\/li>\n<li>Fractura de tobillo<\/li>\n<\/ul>\n<\/div>\n<\/section>\n","protected":false},"excerpt":{"rendered":"<p>\u2605\u2605\u2605\u2605\u2605 Ramy Elattal, DPM Pod\u00f3logo 718.275.8900 Forest Hills, NY Programa unacita en Ramy Elattal, DPM Pod\u00f3logo en Forest Hills, Queens, NY El Dr. Ramy Elattal, especialista del Centro de Diagn\u00f3stico y Tratamiento Medex, es un pod\u00f3logo experto. Los pacientes acuden a \u00e9l por diversos motivos, como pruebas de densidad \u00f3sea, dolor de pies, verrugas y &hellip; <\/p>\n<p class=\"link-more\"><a href=\"https:\/\/www.medexdtc.com\/es\/medex-dtc-medicos-de-queens\/ramy-elattal-dpm\/\" class=\"more-link\">Continue reading<span class=\"screen-reader-text\"> \u00abRamy Elattal, DPM\u00bb<\/span><\/a><\/p>\n","protected":false},"author":3,"featured_media":5154,"parent":4364,"menu_order":0,"comment_status":"closed","ping_status":"closed","template":"doctor-full-width.php","meta":{"_acf_changed":false,"footnotes":""},"class_list":["post-4418","page","type-page","status-publish","has-post-thumbnail","hentry"],"acf":[],"yoast_head":"<!-- This site is optimized with the Yoast SEO plugin v27.4 - https:\/\/yoast.com\/product\/yoast-seo-wordpress\/ -->\n<title>Ramy Elattal, DPM - Centro M\u00e9dico Multiespecialidad en Queens, NY | Medex<\/title>\n<meta name=\"description\" content=\"El Dr. Ramy Elattal, pod\u00f3logo del Centro de Diagn\u00f3stico y Tratamiento Medex, es un experto. Los pacientes le visitan por diversos motivos, como pruebas de densidad \u00f3sea, dolor de pies, verrugas y radiograf\u00edas.\" \/>\n<meta name=\"robots\" content=\"index, follow, max-snippet:-1, max-image-preview:large, max-video-preview:-1\" \/>\n<link rel=\"canonical\" href=\"https:\/\/www.medexdtc.com\/es\/medex-dtc-medicos-de-queens\/ramy-elattal-dpm\/\" \/>\n<meta property=\"og:locale\" content=\"es_ES\" \/>\n<meta property=\"og:type\" content=\"article\" \/>\n<meta property=\"og:title\" content=\"Ramy Elattal, DPM - Centro M\u00e9dico Multiespecialidad en Queens, NY | Medex\" \/>\n<meta property=\"og:description\" content=\"El Dr. Ramy Elattal, pod\u00f3logo del Centro de Diagn\u00f3stico y Tratamiento Medex, es un experto. Los pacientes le visitan por diversos motivos, como pruebas de densidad \u00f3sea, dolor de pies, verrugas y radiograf\u00edas.\" \/>\n<meta property=\"og:url\" content=\"https:\/\/www.medexdtc.com\/es\/medex-dtc-medicos-de-queens\/ramy-elattal-dpm\/\" \/>\n<meta property=\"og:site_name\" content=\"Medex Diagnostic and Treatment Center - Queens Medical Center - Medical Clinic in Forest Hills, NY\" \/>\n<meta property=\"article:publisher\" content=\"https:\/\/www.facebook.com\/medexny\" \/>\n<meta property=\"og:image\" content=\"https:\/\/www.medexdtc.com\/wp-content\/uploads\/2021\/07\/Dr-Elattal-Picture.png\" \/>\n<meta name=\"twitter:card\" content=\"summary_large_image\" \/>\n<meta name=\"twitter:site\" content=\"@DtcMedex\" \/>\n<meta name=\"twitter:label1\" content=\"Tiempo de lectura\" \/>\n\t<meta name=\"twitter:data1\" content=\"2 minutos\" \/>\n<!-- \/ Yoast SEO plugin. -->","yoast_head_json":{"title":"Ramy Elattal, DPM - Centro M\u00e9dico Multiespecialidad en Queens, NY | Medex","description":"El Dr. Ramy Elattal, pod\u00f3logo del Centro de Diagn\u00f3stico y Tratamiento Medex, es un experto. Los pacientes le visitan por diversos motivos, como pruebas de densidad \u00f3sea, dolor de pies, verrugas y radiograf\u00edas.","robots":{"index":"index","follow":"follow","max-snippet":"max-snippet:-1","max-image-preview":"max-image-preview:large","max-video-preview":"max-video-preview:-1"},"canonical":"https:\/\/www.medexdtc.com\/es\/medex-dtc-medicos-de-queens\/ramy-elattal-dpm\/","og_locale":"es_ES","og_type":"article","og_title":"Ramy Elattal, DPM - Centro M\u00e9dico Multiespecialidad en Queens, NY | Medex","og_description":"El Dr. Ramy Elattal, pod\u00f3logo del Centro de Diagn\u00f3stico y Tratamiento Medex, es un experto. Los pacientes le visitan por diversos motivos, como pruebas de densidad \u00f3sea, dolor de pies, verrugas y radiograf\u00edas.","og_url":"https:\/\/www.medexdtc.com\/es\/medex-dtc-medicos-de-queens\/ramy-elattal-dpm\/","og_site_name":"Medex Diagnostic and Treatment Center - Queens Medical Center - Medical Clinic in Forest Hills, NY","article_publisher":"https:\/\/www.facebook.com\/medexny","og_image":[{"url":"https:\/\/www.medexdtc.com\/wp-content\/uploads\/2021\/07\/Dr-Elattal-Picture.png","type":"","width":"","height":""}],"twitter_card":"summary_large_image","twitter_site":"@DtcMedex","twitter_misc":{"Tiempo de lectura":"2 minutos"},"schema":{"@context":"https:\/\/schema.org","@graph":[{"@type":"WebPage","@id":"https:\/\/www.medexdtc.com\/es\/medex-dtc-medicos-de-queens\/ramy-elattal-dpm\/","url":"https:\/\/www.medexdtc.com\/es\/medex-dtc-medicos-de-queens\/ramy-elattal-dpm\/","name":"Ramy Elattal, DPM - Centro M\u00e9dico Multiespecialidad en Queens, NY | Medex","isPartOf":{"@id":"https:\/\/www.medexdtc.com\/es\/#website"},"primaryImageOfPage":{"@id":"https:\/\/www.medexdtc.com\/es\/medex-dtc-medicos-de-queens\/ramy-elattal-dpm\/#primaryimage"},"image":{"@id":"https:\/\/www.medexdtc.com\/es\/medex-dtc-medicos-de-queens\/ramy-elattal-dpm\/#primaryimage"},"thumbnailUrl":"https:\/\/www.medexdtc.com\/wp-content\/uploads\/2025\/06\/Ramy-Elattal-DPM.jpg","datePublished":"2021-07-27T06:57:45+00:00","description":"El Dr. Ramy Elattal, pod\u00f3logo del Centro de Diagn\u00f3stico y Tratamiento Medex, es un experto. Los pacientes le visitan por diversos motivos, como pruebas de densidad \u00f3sea, dolor de pies, verrugas y radiograf\u00edas.","breadcrumb":{"@id":"https:\/\/www.medexdtc.com\/es\/medex-dtc-medicos-de-queens\/ramy-elattal-dpm\/#breadcrumb"},"inLanguage":"es","potentialAction":[{"@type":"ReadAction","target":["https:\/\/www.medexdtc.com\/es\/medex-dtc-medicos-de-queens\/ramy-elattal-dpm\/"]}]},{"@type":"ImageObject","inLanguage":"es","@id":"https:\/\/www.medexdtc.com\/es\/medex-dtc-medicos-de-queens\/ramy-elattal-dpm\/#primaryimage","url":"https:\/\/www.medexdtc.com\/wp-content\/uploads\/2025\/06\/Ramy-Elattal-DPM.jpg","contentUrl":"https:\/\/www.medexdtc.com\/wp-content\/uploads\/2025\/06\/Ramy-Elattal-DPM.jpg","width":216,"height":216,"caption":"Ramy Elattal, DPM"},{"@type":"BreadcrumbList","@id":"https:\/\/www.medexdtc.com\/es\/medex-dtc-medicos-de-queens\/ramy-elattal-dpm\/#breadcrumb","itemListElement":[{"@type":"ListItem","position":1,"name":"Home","item":"https:\/\/www.medexdtc.com\/es\/"},{"@type":"ListItem","position":2,"name":"Medex DTC M\u00e9dicos de Queens","item":"https:\/\/www.medexdtc.com\/es\/medex-dtc-medicos-de-queens\/"},{"@type":"ListItem","position":3,"name":"Ramy Elattal, DPM"}]},{"@type":"WebSite","@id":"https:\/\/www.medexdtc.com\/es\/#website","url":"https:\/\/www.medexdtc.com\/es\/","name":"Medex DTC","description":"Medex Diagnostic and Treatment Center is a Medical Center in Queens, NY is a dynamic multi-specialty clinic. Physicians delivering high quality individualized care in Forest Hills, Queens, NY.","publisher":{"@id":"https:\/\/www.medexdtc.com\/es\/#organization"},"potentialAction":[{"@type":"SearchAction","target":{"@type":"EntryPoint","urlTemplate":"https:\/\/www.medexdtc.com\/es\/?s={search_term_string}"},"query-input":{"@type":"PropertyValueSpecification","valueRequired":true,"valueName":"search_term_string"}}],"inLanguage":"es"},{"@type":"Organization","@id":"https:\/\/www.medexdtc.com\/es\/#organization","name":"Medex DCT","url":"https:\/\/www.medexdtc.com\/es\/","logo":{"@type":"ImageObject","inLanguage":"es","@id":"https:\/\/www.medexdtc.com\/es\/#\/schema\/logo\/image\/","url":"https:\/\/www.medexdtc.com\/wp-content\/uploads\/2024\/11\/medex-diagnostic-and-treatment-center-in-queens-NY.png","contentUrl":"https:\/\/www.medexdtc.com\/wp-content\/uploads\/2024\/11\/medex-diagnostic-and-treatment-center-in-queens-NY.png","width":226,"height":47,"caption":"Medex DCT"},"image":{"@id":"https:\/\/www.medexdtc.com\/es\/#\/schema\/logo\/image\/"},"sameAs":["https:\/\/www.facebook.com\/medexny","https:\/\/x.com\/DtcMedex","https:\/\/www.instagram.com\/medexdtc\/","https:\/\/www.linkedin.com\/company\/medex-diagnostic-and-treatment-center\/about\/"]}]}},"jetpack_sharing_enabled":true,"_links":{"self":[{"href":"https:\/\/www.medexdtc.com\/es\/wp-json\/wp\/v2\/pages\/4418","targetHints":{"allow":["GET"]}}],"collection":[{"href":"https:\/\/www.medexdtc.com\/es\/wp-json\/wp\/v2\/pages"}],"about":[{"href":"https:\/\/www.medexdtc.com\/es\/wp-json\/wp\/v2\/types\/page"}],"author":[{"embeddable":true,"href":"https:\/\/www.medexdtc.com\/es\/wp-json\/wp\/v2\/users\/3"}],"replies":[{"embeddable":true,"href":"https:\/\/www.medexdtc.com\/es\/wp-json\/wp\/v2\/comments?post=4418"}],"version-history":[{"count":0,"href":"https:\/\/www.medexdtc.com\/es\/wp-json\/wp\/v2\/pages\/4418\/revisions"}],"up":[{"embeddable":true,"href":"https:\/\/www.medexdtc.com\/es\/wp-json\/wp\/v2\/pages\/4364"}],"wp:featuredmedia":[{"embeddable":true,"href":"https:\/\/www.medexdtc.com\/es\/wp-json\/wp\/v2\/media\/5154"}],"wp:attachment":[{"href":"https:\/\/www.medexdtc.com\/es\/wp-json\/wp\/v2\/media?parent=4418"}],"curies":[{"name":"wp","href":"https:\/\/api.w.org\/{rel}","templated":true}]}}