{"id":4428,"date":"2020-11-11T21:38:05","date_gmt":"2020-11-11T16:38:05","guid":{"rendered":"https:\/\/www.medexdtc.com\/psicologia\/"},"modified":"2020-11-11T21:38:05","modified_gmt":"2020-11-11T16:38:05","slug":"psicologia","status":"publish","type":"page","link":"https:\/\/www.medexdtc.com\/es\/psicologia\/","title":{"rendered":"Psicolog\u00eda"},"content":{"rendered":"<section id=\"about-madex-content-area\" class=\"about-madex-content-sec\">\n<div class=\"treatment-boxes about-madex-boxes\"><img fetchpriority=\"high\" decoding=\"async\" class=\"about-madex-images alignnone\" src=\"https:\/\/www.medexdtc.com\/wp-content\/uploads\/2020\/11\/Psychology.jpg\" alt=\"Psic\u00f3logos en Queens\" width=\"585\" height=\"615\"><\/p>\n<div>\n<p class=\"treatment-box-para\">Tu m\u00e9dico desempe\u00f1a un papel importante en tu salud mental y emocional, que tambi\u00e9n puede afectar a tu salud f\u00edsica. A veces denominados terapeutas conversacionales, te ayudamos a tratar una letan\u00eda de problemas, como la depresi\u00f3n, la ansiedad, el trastorno bipolar, el abuso de sustancias y el trastorno de p\u00e1nico. El Centro de Diagn\u00f3stico y Tratamiento Medex es una consulta multidisciplinar disponible para ayudarte a ti y a tu familia. Puedes recibir terapia de conversaci\u00f3n, pruebas diagn\u00f3sticas y asistencia m\u00e9dica, todo en un mismo lugar. Puedes contar con un equipo personalizado que te ayude con cualquier problema de salud mental al que te enfrentes. Los proveedores de cada \u00e1rea de servicio colaboran contigo para elaborar un plan que evite mayores complicaciones. Cura todos los aspectos de tu vida; llama hoy para concertar una cita con uno de nuestros m\u00e9dicos.      <\/p>\n<\/div>\n<\/div>\n<\/section>\n<section id=\"treatment-page-content-area-1\" class=\"treatment-page-content-area-one\">\n<h2>\u00bfC\u00f3mo s\u00e9 si necesito una intervenci\u00f3n?<\/h2>\n<p>La mayor\u00eda de las personas, en alg\u00fan momento de su vida, se encuentran con baches en el camino que les sacuden hasta los huesos. No son necesariamente traumas f\u00edsicos, sino golpes emocionales. La intervenci\u00f3n precoz es tu esperanza de poner remedio a tus problemas antes de que desemboquen en consecuencias m\u00e1s graves. Los traumas emocionales y mentales no tratados pueden llegar a requerir tratamiento m\u00e9dico.   <\/p>\n<p>Hablar con un m\u00e9dico es el primer paso que puedes dar para controlar tu salud mental y emocional. Algunos signos precoces que indican que puedes beneficiarte de un tratamiento son <\/p>\n<ul class=\"sm\">\n<li>No te sientes t\u00fa mismo. No sabes muy bien por qu\u00e9, pero no te sientes bien, y esa sensaci\u00f3n persiste durante d\u00edas o semanas. Hablar con un terapeuta descubre creencias profundamente arraigadas y pensamientos negativos que pueden estar fren\u00e1ndote.  <\/li>\n<li>No haces las cosas que te gustan. Si sol\u00edas hacer ciertas cosas con regularidad, pero has dejado de hacerlas, deber\u00edas consultar a un m\u00e9dico. <\/li>\n<li>Tu apetito ha cambiado. Si comes como un loco, incluso cuando no tienes hambre, o dices que nunca tienes hambre, definitivamente algo va mal. <\/li>\n<li>Tus patrones de sue\u00f1o son diferentes. Si ves que te cuesta mucho levantarte de la cama, que te caes en ella en cuanto llegas a casa o que tienes insomnio, deber\u00edas hablar con un profesional al respecto. <\/li>\n<li>Te duele el cuerpo. Mucha gente no se da cuenta de hasta qu\u00e9 punto la depresi\u00f3n o la ansiedad pueden manifestarse en el cuerpo. El aumento de los dolores de cabeza, el dolor de mand\u00edbula por apretar los dientes, el aumento dr\u00e1stico del reflujo \u00e1cido&#8230; pueden ser indicadores f\u00edsicos que un especialista formado suele reconocer como s\u00edntomas de problemas de salud mental.  <\/li>\n<li>Te est\u00e1s aislando. Si notas que eliges activamente pasar gran parte de tus horas de vigilia solo, habla con un profesional de la salud mental sobre los cambios en tu vida social. <\/li>\n<li>Has empezado a pensar en hacerte da\u00f1o o en hacer da\u00f1o a los dem\u00e1s. Se trata de un hecho grave, y debes buscar ayuda inmediatamente. <\/li>\n<\/ul>\n<h2>\u00bfC\u00f3mo podemos ayudar a tu familia?<\/h2>\n<p>El equipo de especialistas del Centro de Diagn\u00f3stico y Tratamiento Medex presta servicios a toda tu familia. Los servicios incluyen: <\/p>\n<ul class=\"sm\">\n<li>Hay un psic\u00f3logo pedi\u00e1trico disponible para trabajar con tus hijos adolescentes y mayores.<\/li>\n<li>Los expertos en geriatr\u00eda ayudan a los ancianos que experimentan signos de demencia.<\/li>\n<li>Un trabajador social se ocupa de multitud de problemas y din\u00e1micas familiares. Puede resolver problemas en curso. <\/li>\n<li>Es posible que te remitan a un psiquiatra de plantilla para posibles soluciones m\u00e9dicas. Los psiquiatras te eval\u00faan antes de sugerir que puede haber medicamentos para aliviar tus s\u00edntomas. La terapia de conversaci\u00f3n siempre es lo primero.  <\/li>\n<li>Un neur\u00f3logo puede tener que hacer pruebas para ver si hay algo f\u00edsico en el cerebro o en el sistema nervioso relacionado con lo que est\u00e1s experimentando. Un neur\u00f3logo eval\u00faa tu cerebro y tu sistema nervioso . <\/li>\n<\/ul>\n<p>Aunque estamos entrenados para hacer pruebas de trastornos como el trastorno por d\u00e9ficit de atenci\u00f3n con hiperactividad (TDAH) o el autismo, a veces su mayor habilidad reside en la terapia de conversaci\u00f3n. S\u00f3lo hablar\u00e1n contigo durante las primeras sesiones. Eso les ayuda a averiguar qu\u00e9 te ocurre exactamente. Puede ser que t\u00fa o tu familiar est\u00e9is experimentando un problema temporal de salud mental que se resuelva f\u00e1cilmente con terapia.   <\/p>\n<h2>\u00bfQu\u00e9 enfermedades tratamos?<\/h2>\n<p>Nuestros m\u00e9dicos comprenden la relaci\u00f3n entre tu comportamiento, tus elecciones y tus pensamientos. M\u00e1s profundamente, estudian por qu\u00e9 tomas determinadas decisiones y c\u00f3mo pueden influir otras personas en tu comportamiento. En el Centro de Diagn\u00f3stico y Tratamiento Medex, encontrar\u00e1s servicios compasivos y expertos para tratar una amplia gama de afecciones, entre ellas:  <\/p>\n<ul>\n<li>Ansiedad<\/li>\n<li>Depresi\u00f3n<\/li>\n<li>Enfermedad del trastorno bipolar<\/li>\n<li>Personalidad l\u00edmite<\/li>\n<li>Demencia<\/li>\n<li>Abuso de sustancias<\/li>\n<li>Insomnio<\/li>\n<li>Trastorno de p\u00e1nico<\/li>\n<\/ul>\n<p>No es una lista completa, pero incluye los problemas de salud mental m\u00e1s comunes a los que t\u00fa o tu familia podr\u00edais enfrentaros. La ayuda puede venir en forma de trabajador social, especialista en medicina integrativa o psicoterapeuta. <\/p>\n<\/section>\n","protected":false},"excerpt":{"rendered":"<p>Tu m\u00e9dico desempe\u00f1a un papel importante en tu salud mental y emocional, que tambi\u00e9n puede afectar a tu salud f\u00edsica. A veces denominados terapeutas conversacionales, te ayudamos a tratar una letan\u00eda de problemas, como la depresi\u00f3n, la ansiedad, el trastorno bipolar, el abuso de sustancias y el trastorno de p\u00e1nico. El Centro de Diagn\u00f3stico y &hellip; <\/p>\n<p class=\"link-more\"><a href=\"https:\/\/www.medexdtc.com\/es\/psicologia\/\" class=\"more-link\">Continue reading<span class=\"screen-reader-text\"> \u00abPsicolog\u00eda\u00bb<\/span><\/a><\/p>\n","protected":false},"author":3,"featured_media":0,"parent":0,"menu_order":0,"comment_status":"closed","ping_status":"closed","template":"new_inner.php","meta":{"_acf_changed":false,"footnotes":""},"class_list":["post-4428","page","type-page","status-publish","hentry"],"acf":[],"yoast_head":"<!-- This site is optimized with the Yoast SEO plugin v27.5 - https:\/\/yoast.com\/product\/yoast-seo-wordpress\/ -->\n<title>Psicolog\u00eda &amp; Salud Mental - Medex Diagnostic and Treatment Center - Queens Medical Center - Medical Clinic in Forest Hills, NY Centro de Diagn\u00f3stico y Tratamiento<\/title>\n<meta name=\"description\" content=\"Psicolog\u00eda, Salud Mental y Emocional. Terapeutas y Psic\u00f3logos en Forest Hills, Queens NY en Medex Diagnostic and Treatment Center.\" \/>\n<meta name=\"robots\" content=\"index, follow, max-snippet:-1, max-image-preview:large, max-video-preview:-1\" \/>\n<link rel=\"canonical\" href=\"https:\/\/www.medexdtc.com\/es\/psicologia\/\" \/>\n<meta property=\"og:locale\" content=\"es_ES\" \/>\n<meta property=\"og:type\" content=\"article\" \/>\n<meta property=\"og:title\" content=\"Psicolog\u00eda &amp; Salud Mental - Medex Diagnostic and Treatment Center - Queens Medical Center - Medical Clinic in Forest Hills, NY Centro de Diagn\u00f3stico y Tratamiento\" \/>\n<meta property=\"og:description\" content=\"Psicolog\u00eda, Salud Mental y Emocional. Terapeutas y Psic\u00f3logos en Forest Hills, Queens NY en Medex Diagnostic and Treatment Center.\" \/>\n<meta property=\"og:url\" content=\"https:\/\/www.medexdtc.com\/es\/psicologia\/\" \/>\n<meta property=\"og:site_name\" content=\"Medex Diagnostic and Treatment Center - Queens Medical Center - Medical Clinic in Forest Hills, NY\" \/>\n<meta property=\"article:publisher\" content=\"https:\/\/www.facebook.com\/medexny\" \/>\n<meta property=\"og:image\" content=\"https:\/\/www.medexdtc.com\/wp-content\/uploads\/2020\/11\/Psychology.jpg\" \/>\n<meta name=\"twitter:card\" content=\"summary_large_image\" \/>\n<meta name=\"twitter:site\" content=\"@DtcMedex\" \/>\n<meta name=\"twitter:label1\" content=\"Tiempo de lectura\" \/>\n\t<meta name=\"twitter:data1\" content=\"4 minutos\" \/>\n<!-- \/ Yoast SEO plugin. -->","yoast_head_json":{"title":"Psicolog\u00eda & Salud Mental - Medex Diagnostic and Treatment Center - Queens Medical Center - Medical Clinic in Forest Hills, NY Centro de Diagn\u00f3stico y Tratamiento","description":"Psicolog\u00eda, Salud Mental y Emocional. Terapeutas y Psic\u00f3logos en Forest Hills, Queens NY en Medex Diagnostic and Treatment Center.","robots":{"index":"index","follow":"follow","max-snippet":"max-snippet:-1","max-image-preview":"max-image-preview:large","max-video-preview":"max-video-preview:-1"},"canonical":"https:\/\/www.medexdtc.com\/es\/psicologia\/","og_locale":"es_ES","og_type":"article","og_title":"Psicolog\u00eda & Salud Mental - Medex Diagnostic and Treatment Center - Queens Medical Center - Medical Clinic in Forest Hills, NY Centro de Diagn\u00f3stico y Tratamiento","og_description":"Psicolog\u00eda, Salud Mental y Emocional. Terapeutas y Psic\u00f3logos en Forest Hills, Queens NY en Medex Diagnostic and Treatment Center.","og_url":"https:\/\/www.medexdtc.com\/es\/psicologia\/","og_site_name":"Medex Diagnostic and Treatment Center - Queens Medical Center - Medical Clinic in Forest Hills, NY","article_publisher":"https:\/\/www.facebook.com\/medexny","og_image":[{"url":"https:\/\/www.medexdtc.com\/wp-content\/uploads\/2020\/11\/Psychology.jpg","type":"","width":"","height":""}],"twitter_card":"summary_large_image","twitter_site":"@DtcMedex","twitter_misc":{"Tiempo de lectura":"4 minutos"},"schema":{"@context":"https:\/\/schema.org","@graph":[{"@type":"WebPage","@id":"https:\/\/www.medexdtc.com\/es\/psicologia\/","url":"https:\/\/www.medexdtc.com\/es\/psicologia\/","name":"Psicolog\u00eda & Salud Mental - Medex Diagnostic and Treatment Center - Queens Medical Center - Medical Clinic in Forest Hills, NY Centro de Diagn\u00f3stico y Tratamiento","isPartOf":{"@id":"https:\/\/www.medexdtc.com\/es\/#website"},"primaryImageOfPage":{"@id":"https:\/\/www.medexdtc.com\/es\/psicologia\/#primaryimage"},"image":{"@id":"https:\/\/www.medexdtc.com\/es\/psicologia\/#primaryimage"},"thumbnailUrl":"https:\/\/www.medexdtc.com\/wp-content\/uploads\/2020\/11\/Psychology.jpg","datePublished":"2020-11-11T16:38:05+00:00","description":"Psicolog\u00eda, Salud Mental y Emocional. Terapeutas y Psic\u00f3logos en Forest Hills, Queens NY en Medex Diagnostic and Treatment Center.","breadcrumb":{"@id":"https:\/\/www.medexdtc.com\/es\/psicologia\/#breadcrumb"},"inLanguage":"es","potentialAction":[{"@type":"ReadAction","target":["https:\/\/www.medexdtc.com\/es\/psicologia\/"]}]},{"@type":"ImageObject","inLanguage":"es","@id":"https:\/\/www.medexdtc.com\/es\/psicologia\/#primaryimage","url":"https:\/\/www.medexdtc.com\/wp-content\/uploads\/2020\/11\/Psychology.jpg","contentUrl":"https:\/\/www.medexdtc.com\/wp-content\/uploads\/2020\/11\/Psychology.jpg"},{"@type":"BreadcrumbList","@id":"https:\/\/www.medexdtc.com\/es\/psicologia\/#breadcrumb","itemListElement":[{"@type":"ListItem","position":1,"name":"Home","item":"https:\/\/www.medexdtc.com\/es\/"},{"@type":"ListItem","position":2,"name":"Psicolog\u00eda"}]},{"@type":"WebSite","@id":"https:\/\/www.medexdtc.com\/es\/#website","url":"https:\/\/www.medexdtc.com\/es\/","name":"Medex DTC","description":"Medex Diagnostic and Treatment Center is a Medical Center in Queens, NY is a dynamic multi-specialty clinic. Physicians delivering high quality individualized care in Forest Hills, Queens, NY.","publisher":{"@id":"https:\/\/www.medexdtc.com\/es\/#organization"},"potentialAction":[{"@type":"SearchAction","target":{"@type":"EntryPoint","urlTemplate":"https:\/\/www.medexdtc.com\/es\/?s={search_term_string}"},"query-input":{"@type":"PropertyValueSpecification","valueRequired":true,"valueName":"search_term_string"}}],"inLanguage":"es"},{"@type":"Organization","@id":"https:\/\/www.medexdtc.com\/es\/#organization","name":"Medex DCT","url":"https:\/\/www.medexdtc.com\/es\/","logo":{"@type":"ImageObject","inLanguage":"es","@id":"https:\/\/www.medexdtc.com\/es\/#\/schema\/logo\/image\/","url":"https:\/\/www.medexdtc.com\/wp-content\/uploads\/2024\/11\/medex-diagnostic-and-treatment-center-in-queens-NY.png","contentUrl":"https:\/\/www.medexdtc.com\/wp-content\/uploads\/2024\/11\/medex-diagnostic-and-treatment-center-in-queens-NY.png","width":226,"height":47,"caption":"Medex DCT"},"image":{"@id":"https:\/\/www.medexdtc.com\/es\/#\/schema\/logo\/image\/"},"sameAs":["https:\/\/www.facebook.com\/medexny","https:\/\/x.com\/DtcMedex","https:\/\/www.instagram.com\/medexdtc\/","https:\/\/www.linkedin.com\/company\/medex-diagnostic-and-treatment-center\/about\/"]}]}},"jetpack_sharing_enabled":true,"_links":{"self":[{"href":"https:\/\/www.medexdtc.com\/es\/wp-json\/wp\/v2\/pages\/4428","targetHints":{"allow":["GET"]}}],"collection":[{"href":"https:\/\/www.medexdtc.com\/es\/wp-json\/wp\/v2\/pages"}],"about":[{"href":"https:\/\/www.medexdtc.com\/es\/wp-json\/wp\/v2\/types\/page"}],"author":[{"embeddable":true,"href":"https:\/\/www.medexdtc.com\/es\/wp-json\/wp\/v2\/users\/3"}],"replies":[{"embeddable":true,"href":"https:\/\/www.medexdtc.com\/es\/wp-json\/wp\/v2\/comments?post=4428"}],"version-history":[{"count":0,"href":"https:\/\/www.medexdtc.com\/es\/wp-json\/wp\/v2\/pages\/4428\/revisions"}],"wp:attachment":[{"href":"https:\/\/www.medexdtc.com\/es\/wp-json\/wp\/v2\/media?parent=4428"}],"curies":[{"name":"wp","href":"https:\/\/api.w.org\/{rel}","templated":true}]}}